{"id":38922,"date":"2025-12-12T19:01:17","date_gmt":"2025-12-12T18:01:17","guid":{"rendered":"https:\/\/test.ecbeaute.com\/?post_type=product&#038;p=38922"},"modified":"2025-12-12T19:01:19","modified_gmt":"2025-12-12T18:01:19","slug":"cantabria-heliocare-360-spray-invisible-spf-50-200-ml","status":"publish","type":"product","link":"https:\/\/paracherkaoui.ma\/index.php\/produit\/cantabria-heliocare-360-spray-invisible-spf-50-200-ml\/","title":{"rendered":"CANTABRIA HELIOCARE 360 SPRAY INVISIBLE SPF 50+ 200 ML"},"content":{"rendered":"<p>Heliocare 360\u00b0 Invisible Spray SPF 50+ est un spray de photoimmunoprotection \u00e0 spectre complet pour le corps avec un fini invisible et une absorption rapide. Convient \u00e0 tous les types de peau, y compris les peaux sensibles.<br \/>\nLes ingr\u00e9dients cl\u00e9s comprennent une combinaison optimale et stable de filtres UV pour prot\u00e9ger contre les quatre types de rayonnement UVB-UVA-VL-IRA. Fernblock\u00ae+, un puissant antioxydant issu d&rsquo;une foug\u00e8re tropicale originaire d&rsquo;Am\u00e9rique centrale, est capable de neutraliser les radicaux libres et de r\u00e9parer l&rsquo;ADN endommag\u00e9 dans les cellules, gr\u00e2ce \u00e0 ses propri\u00e9t\u00e9s r\u00e9paratrices uniques. Les enzymes de r\u00e9paration des dommages \u00e0 l&rsquo;ADN glycosylases pr\u00e9viennent les dommages cellulaires et renforcent les m\u00e9canismes de r\u00e9paration naturels de la peau. Un syst\u00e8me Bioshield (m\u00e9lanine biomim\u00e9tique) imite les m\u00e9lanocytes et double la force de votre propre m\u00e9lanine. Les vitamines C et E fournissent une puissante activit\u00e9 antioxydante. Le th\u00e9 vert aide \u00e0 neutraliser les radicaux libres nocifs qui peuvent endommager l&rsquo;ADN et provoquer un vieillissement pr\u00e9matur\u00e9, ainsi que le cancer de la peau. R\u00e9sistance \u00e0 l&rsquo;eau et au sable. Hypoallerg\u00e9nique. Test\u00e9 sous contr\u00f4le dermatologique et p\u00e9diatrique.<br \/>\nConseils d&rsquo;utilisation:<br \/>\nAgiter avant utilisation. Distribuer en position verticale en pla\u00e7ant une petite quantit\u00e9 \u00e0 port\u00e9e de main.<br \/>\nRenouvelez l&rsquo;application souvent tout au long de la journ\u00e9e.<\/p>\n","protected":false},"excerpt":{"rendered":"<p>Heliocare 360\u00b0 Invisible Spray SPF 50+ est un spray de photoimmunoprotection \u00e0 spectre complet pour le corps avec un fini<\/p>\n","protected":false},"featured_media":38943,"comment_status":"open","ping_status":"closed","template":"","meta":[],"product_brand":[147],"product_cat":[680],"product_tag":[],"class_list":{"0":"post-38922","1":"product","2":"type-product","3":"status-publish","4":"has-post-thumbnail","6":"product_brand-cantabria","7":"product_cat-spray-solaire","9":"first","10":"instock","11":"sale","12":"shipping-taxable","13":"purchasable","14":"product-type-simple"},"yoast_head":"<!-- This site is optimized with the Yoast SEO plugin v26.6 - https:\/\/yoast.com\/wordpress\/plugins\/seo\/ -->\r\n<title>CANTABRIA HELIOCARE 360 SPRAY INVISIBLE SPF 50+ 200 ML - Paracherkaoui.ma<\/title>\r\n<meta name=\"robots\" content=\"index, follow, max-snippet:-1, max-image-preview:large, max-video-preview:-1\" \/>\r\n<link rel=\"canonical\" href=\"https:\/\/paracherkaoui.ma\/index.php\/produit\/cantabria-heliocare-360-spray-invisible-spf-50-200-ml\/\" \/>\r\n<meta property=\"og:locale\" content=\"fr_FR\" \/>\r\n<meta property=\"og:type\" content=\"article\" \/>\r\n<meta property=\"og:title\" content=\"CANTABRIA HELIOCARE 360 SPRAY INVISIBLE SPF 50+ 200 ML - Paracherkaoui.ma\" \/>\r\n<meta property=\"og:description\" content=\"Heliocare 360\u00b0 Invisible Spray SPF 50+ est un spray de photoimmunoprotection \u00e0 spectre complet pour le corps avec un fini\" \/>\r\n<meta property=\"og:url\" content=\"https:\/\/paracherkaoui.ma\/index.php\/produit\/cantabria-heliocare-360-spray-invisible-spf-50-200-ml\/\" \/>\r\n<meta property=\"og:site_name\" content=\"Paracherkaoui.ma\" \/>\r\n<meta property=\"article:modified_time\" content=\"2025-12-12T18:01:19+00:00\" \/>\r\n<meta property=\"og:image\" content=\"https:\/\/paracherkaoui.ma\/wp-content\/uploads\/2025\/12\/cantabria-cantabria-heliocare-360-spray-invisible-spf-50-200-ml-sprays.jpg\" \/>\r\n\t<meta property=\"og:image:width\" content=\"700\" \/>\r\n\t<meta property=\"og:image:height\" content=\"700\" \/>\r\n\t<meta property=\"og:image:type\" content=\"image\/jpeg\" \/>\r\n<meta name=\"twitter:card\" content=\"summary_large_image\" \/>\r\n<meta name=\"twitter:label1\" content=\"Dur\u00e9e de lecture estim\u00e9e\" \/>\n\t<meta name=\"twitter:data1\" content=\"1 minute\" \/>\r\n<script type=\"application\/ld+json\" class=\"yoast-schema-graph\">{\"@context\":\"https:\/\/schema.org\",\"@graph\":[{\"@type\":\"WebPage\",\"@id\":\"https:\/\/paracherkaoui.ma\/index.php\/produit\/cantabria-heliocare-360-spray-invisible-spf-50-200-ml\/\",\"url\":\"https:\/\/paracherkaoui.ma\/index.php\/produit\/cantabria-heliocare-360-spray-invisible-spf-50-200-ml\/\",\"name\":\"CANTABRIA HELIOCARE 360 SPRAY INVISIBLE SPF 50+ 200 ML - Paracherkaoui.ma\",\"isPartOf\":{\"@id\":\"https:\/\/paracherkaoui.ma\/#website\"},\"primaryImageOfPage\":{\"@id\":\"https:\/\/paracherkaoui.ma\/index.php\/produit\/cantabria-heliocare-360-spray-invisible-spf-50-200-ml\/#primaryimage\"},\"image\":{\"@id\":\"https:\/\/paracherkaoui.ma\/index.php\/produit\/cantabria-heliocare-360-spray-invisible-spf-50-200-ml\/#primaryimage\"},\"thumbnailUrl\":\"https:\/\/paracherkaoui.ma\/wp-content\/uploads\/2025\/12\/cantabria-cantabria-heliocare-360-spray-invisible-spf-50-200-ml-sprays.jpg\",\"datePublished\":\"2025-12-12T18:01:17+00:00\",\"dateModified\":\"2025-12-12T18:01:19+00:00\",\"breadcrumb\":{\"@id\":\"https:\/\/paracherkaoui.ma\/index.php\/produit\/cantabria-heliocare-360-spray-invisible-spf-50-200-ml\/#breadcrumb\"},\"inLanguage\":\"fr-FR\",\"potentialAction\":[{\"@type\":\"ReadAction\",\"target\":[\"https:\/\/paracherkaoui.ma\/index.php\/produit\/cantabria-heliocare-360-spray-invisible-spf-50-200-ml\/\"]}]},{\"@type\":\"ImageObject\",\"inLanguage\":\"fr-FR\",\"@id\":\"https:\/\/paracherkaoui.ma\/index.php\/produit\/cantabria-heliocare-360-spray-invisible-spf-50-200-ml\/#primaryimage\",\"url\":\"https:\/\/paracherkaoui.ma\/wp-content\/uploads\/2025\/12\/cantabria-cantabria-heliocare-360-spray-invisible-spf-50-200-ml-sprays.jpg\",\"contentUrl\":\"https:\/\/paracherkaoui.ma\/wp-content\/uploads\/2025\/12\/cantabria-cantabria-heliocare-360-spray-invisible-spf-50-200-ml-sprays.jpg\",\"width\":700,\"height\":700},{\"@type\":\"BreadcrumbList\",\"@id\":\"https:\/\/paracherkaoui.ma\/index.php\/produit\/cantabria-heliocare-360-spray-invisible-spf-50-200-ml\/#breadcrumb\",\"itemListElement\":[{\"@type\":\"ListItem\",\"position\":1,\"name\":\"Accueil\",\"item\":\"https:\/\/paracherkaoui.ma\/\"},{\"@type\":\"ListItem\",\"position\":2,\"name\":\"Boutique\",\"item\":\"https:\/\/paracherkaoui.ma\/index.php\/boutique\/\"},{\"@type\":\"ListItem\",\"position\":3,\"name\":\"CANTABRIA HELIOCARE 360 SPRAY INVISIBLE SPF 50+ 200 ML\"}]},{\"@type\":\"WebSite\",\"@id\":\"https:\/\/paracherkaoui.ma\/#website\",\"url\":\"https:\/\/paracherkaoui.ma\/\",\"name\":\"Paracherkaoui.ma\",\"description\":\"Achetez en ligne sur Paracherkaoui.ma\",\"potentialAction\":[{\"@type\":\"SearchAction\",\"target\":{\"@type\":\"EntryPoint\",\"urlTemplate\":\"https:\/\/paracherkaoui.ma\/?s={search_term_string}\"},\"query-input\":{\"@type\":\"PropertyValueSpecification\",\"valueRequired\":true,\"valueName\":\"search_term_string\"}}],\"inLanguage\":\"fr-FR\"}]}<\/script>\r\n<!-- \/ Yoast SEO plugin. -->","yoast_head_json":{"title":"CANTABRIA HELIOCARE 360 SPRAY INVISIBLE SPF 50+ 200 ML - Paracherkaoui.ma","robots":{"index":"index","follow":"follow","max-snippet":"max-snippet:-1","max-image-preview":"max-image-preview:large","max-video-preview":"max-video-preview:-1"},"canonical":"https:\/\/paracherkaoui.ma\/index.php\/produit\/cantabria-heliocare-360-spray-invisible-spf-50-200-ml\/","og_locale":"fr_FR","og_type":"article","og_title":"CANTABRIA HELIOCARE 360 SPRAY INVISIBLE SPF 50+ 200 ML - Paracherkaoui.ma","og_description":"Heliocare 360\u00b0 Invisible Spray SPF 50+ est un spray de photoimmunoprotection \u00e0 spectre complet pour le corps avec un fini","og_url":"https:\/\/paracherkaoui.ma\/index.php\/produit\/cantabria-heliocare-360-spray-invisible-spf-50-200-ml\/","og_site_name":"Paracherkaoui.ma","article_modified_time":"2025-12-12T18:01:19+00:00","og_image":[{"width":700,"height":700,"url":"https:\/\/paracherkaoui.ma\/wp-content\/uploads\/2025\/12\/cantabria-cantabria-heliocare-360-spray-invisible-spf-50-200-ml-sprays.jpg","type":"image\/jpeg"}],"twitter_card":"summary_large_image","twitter_misc":{"Dur\u00e9e de lecture estim\u00e9e":"1 minute"},"schema":{"@context":"https:\/\/schema.org","@graph":[{"@type":"WebPage","@id":"https:\/\/paracherkaoui.ma\/index.php\/produit\/cantabria-heliocare-360-spray-invisible-spf-50-200-ml\/","url":"https:\/\/paracherkaoui.ma\/index.php\/produit\/cantabria-heliocare-360-spray-invisible-spf-50-200-ml\/","name":"CANTABRIA HELIOCARE 360 SPRAY INVISIBLE SPF 50+ 200 ML - Paracherkaoui.ma","isPartOf":{"@id":"https:\/\/paracherkaoui.ma\/#website"},"primaryImageOfPage":{"@id":"https:\/\/paracherkaoui.ma\/index.php\/produit\/cantabria-heliocare-360-spray-invisible-spf-50-200-ml\/#primaryimage"},"image":{"@id":"https:\/\/paracherkaoui.ma\/index.php\/produit\/cantabria-heliocare-360-spray-invisible-spf-50-200-ml\/#primaryimage"},"thumbnailUrl":"https:\/\/paracherkaoui.ma\/wp-content\/uploads\/2025\/12\/cantabria-cantabria-heliocare-360-spray-invisible-spf-50-200-ml-sprays.jpg","datePublished":"2025-12-12T18:01:17+00:00","dateModified":"2025-12-12T18:01:19+00:00","breadcrumb":{"@id":"https:\/\/paracherkaoui.ma\/index.php\/produit\/cantabria-heliocare-360-spray-invisible-spf-50-200-ml\/#breadcrumb"},"inLanguage":"fr-FR","potentialAction":[{"@type":"ReadAction","target":["https:\/\/paracherkaoui.ma\/index.php\/produit\/cantabria-heliocare-360-spray-invisible-spf-50-200-ml\/"]}]},{"@type":"ImageObject","inLanguage":"fr-FR","@id":"https:\/\/paracherkaoui.ma\/index.php\/produit\/cantabria-heliocare-360-spray-invisible-spf-50-200-ml\/#primaryimage","url":"https:\/\/paracherkaoui.ma\/wp-content\/uploads\/2025\/12\/cantabria-cantabria-heliocare-360-spray-invisible-spf-50-200-ml-sprays.jpg","contentUrl":"https:\/\/paracherkaoui.ma\/wp-content\/uploads\/2025\/12\/cantabria-cantabria-heliocare-360-spray-invisible-spf-50-200-ml-sprays.jpg","width":700,"height":700},{"@type":"BreadcrumbList","@id":"https:\/\/paracherkaoui.ma\/index.php\/produit\/cantabria-heliocare-360-spray-invisible-spf-50-200-ml\/#breadcrumb","itemListElement":[{"@type":"ListItem","position":1,"name":"Accueil","item":"https:\/\/paracherkaoui.ma\/"},{"@type":"ListItem","position":2,"name":"Boutique","item":"https:\/\/paracherkaoui.ma\/index.php\/boutique\/"},{"@type":"ListItem","position":3,"name":"CANTABRIA HELIOCARE 360 SPRAY INVISIBLE SPF 50+ 200 ML"}]},{"@type":"WebSite","@id":"https:\/\/paracherkaoui.ma\/#website","url":"https:\/\/paracherkaoui.ma\/","name":"Paracherkaoui.ma","description":"Achetez en ligne sur Paracherkaoui.ma","potentialAction":[{"@type":"SearchAction","target":{"@type":"EntryPoint","urlTemplate":"https:\/\/paracherkaoui.ma\/?s={search_term_string}"},"query-input":{"@type":"PropertyValueSpecification","valueRequired":true,"valueName":"search_term_string"}}],"inLanguage":"fr-FR"}]}},"_links":{"self":[{"href":"https:\/\/paracherkaoui.ma\/index.php\/wp-json\/wp\/v2\/product\/38922","targetHints":{"allow":["GET"]}}],"collection":[{"href":"https:\/\/paracherkaoui.ma\/index.php\/wp-json\/wp\/v2\/product"}],"about":[{"href":"https:\/\/paracherkaoui.ma\/index.php\/wp-json\/wp\/v2\/types\/product"}],"replies":[{"embeddable":true,"href":"https:\/\/paracherkaoui.ma\/index.php\/wp-json\/wp\/v2\/comments?post=38922"}],"version-history":[{"count":1,"href":"https:\/\/paracherkaoui.ma\/index.php\/wp-json\/wp\/v2\/product\/38922\/revisions"}],"predecessor-version":[{"id":38944,"href":"https:\/\/paracherkaoui.ma\/index.php\/wp-json\/wp\/v2\/product\/38922\/revisions\/38944"}],"wp:featuredmedia":[{"embeddable":true,"href":"https:\/\/paracherkaoui.ma\/index.php\/wp-json\/wp\/v2\/media\/38943"}],"wp:attachment":[{"href":"https:\/\/paracherkaoui.ma\/index.php\/wp-json\/wp\/v2\/media?parent=38922"}],"wp:term":[{"taxonomy":"product_brand","embeddable":true,"href":"https:\/\/paracherkaoui.ma\/index.php\/wp-json\/wp\/v2\/product_brand?post=38922"},{"taxonomy":"product_cat","embeddable":true,"href":"https:\/\/paracherkaoui.ma\/index.php\/wp-json\/wp\/v2\/product_cat?post=38922"},{"taxonomy":"product_tag","embeddable":true,"href":"https:\/\/paracherkaoui.ma\/index.php\/wp-json\/wp\/v2\/product_tag?post=38922"}],"curies":[{"name":"wp","href":"https:\/\/api.w.org\/{rel}","templated":true}]}}