{"id":38919,"date":"2025-12-12T19:01:17","date_gmt":"2025-12-12T18:01:17","guid":{"rendered":"https:\/\/test.ecbeaute.com\/?post_type=product&#038;p=38919"},"modified":"2025-12-12T19:01:18","modified_gmt":"2025-12-12T18:01:18","slug":"isdin-fotoprotector-spray-transparent-wet-skin-250-ml-3","status":"publish","type":"product","link":"https:\/\/paracherkaoui.ma\/index.php\/produit\/isdin-fotoprotector-spray-transparent-wet-skin-250-ml-3\/","title":{"rendered":"ISDIN FOTOPROTECTOR SPRAY TRANSPARENT WET SKIN 250 ML"},"content":{"rendered":"<p>Fotoprotector ISDIN\u00ae Transparent Spray Wet Skin SPF 50+ est un \u00e9cran solaire sp\u00e9cialement formul\u00e9 pour \u00eatre appliqu\u00e9 tant sur la peau s\u00e8che que sur la peau humide.<br \/>\nPropri\u00e9t\u00e9s :<br \/>\nProt\u00e8ge efficacement des rayons UV.<br \/>\nOffre une agr\u00e9able sensation de fra\u00eecheur.<br \/>\nToucher sec et soyeux.<br \/>\nNe laisse pas de traces blanches.<br \/>\nR\u00e9siste \u00e0 l&rsquo;eau.<\/p>\n","protected":false},"excerpt":{"rendered":"<p>Fotoprotector ISDIN\u00ae Transparent Spray Wet Skin SPF 50+ est un \u00e9cran solaire sp\u00e9cialement formul\u00e9 pour \u00eatre appliqu\u00e9 tant sur la<\/p>\n","protected":false},"featured_media":12829,"comment_status":"open","ping_status":"closed","template":"","meta":[],"product_brand":[135],"product_cat":[680],"product_tag":[],"class_list":{"0":"post-38919","1":"product","2":"type-product","3":"status-publish","4":"has-post-thumbnail","6":"product_brand-isdin","7":"product_cat-spray-solaire","9":"first","10":"instock","11":"sale","12":"shipping-taxable","13":"purchasable","14":"product-type-simple"},"yoast_head":"<!-- This site is optimized with the Yoast SEO plugin v26.6 - https:\/\/yoast.com\/wordpress\/plugins\/seo\/ -->\r\n<title>ISDIN FOTOPROTECTOR SPRAY TRANSPARENT WET SKIN 250 ML - Paracherkaoui.ma<\/title>\r\n<meta name=\"robots\" content=\"index, follow, max-snippet:-1, max-image-preview:large, max-video-preview:-1\" \/>\r\n<link rel=\"canonical\" href=\"https:\/\/paracherkaoui.ma\/index.php\/produit\/isdin-fotoprotector-spray-transparent-wet-skin-250-ml-3\/\" \/>\r\n<meta property=\"og:locale\" content=\"fr_FR\" \/>\r\n<meta property=\"og:type\" content=\"article\" \/>\r\n<meta property=\"og:title\" content=\"ISDIN FOTOPROTECTOR SPRAY TRANSPARENT WET SKIN 250 ML - Paracherkaoui.ma\" \/>\r\n<meta property=\"og:description\" content=\"Fotoprotector ISDIN\u00ae Transparent Spray Wet Skin SPF 50+ est un \u00e9cran solaire sp\u00e9cialement formul\u00e9 pour \u00eatre appliqu\u00e9 tant sur la\" \/>\r\n<meta property=\"og:url\" content=\"https:\/\/paracherkaoui.ma\/index.php\/produit\/isdin-fotoprotector-spray-transparent-wet-skin-250-ml-3\/\" \/>\r\n<meta property=\"og:site_name\" content=\"Paracherkaoui.ma\" \/>\r\n<meta property=\"article:modified_time\" content=\"2025-12-12T18:01:18+00:00\" \/>\r\n<meta property=\"og:image\" content=\"https:\/\/paracherkaoui.ma\/wp-content\/uploads\/2025\/12\/isdin-isdin-fotoprotector-spray-transparent-wet-skin-250-ml-spray-solaire.jpg\" \/>\r\n\t<meta property=\"og:image:width\" content=\"700\" \/>\r\n\t<meta property=\"og:image:height\" content=\"700\" \/>\r\n\t<meta property=\"og:image:type\" content=\"image\/jpeg\" \/>\r\n<meta name=\"twitter:card\" content=\"summary_large_image\" \/>\r\n<script type=\"application\/ld+json\" class=\"yoast-schema-graph\">{\"@context\":\"https:\/\/schema.org\",\"@graph\":[{\"@type\":\"WebPage\",\"@id\":\"https:\/\/paracherkaoui.ma\/index.php\/produit\/isdin-fotoprotector-spray-transparent-wet-skin-250-ml-3\/\",\"url\":\"https:\/\/paracherkaoui.ma\/index.php\/produit\/isdin-fotoprotector-spray-transparent-wet-skin-250-ml-3\/\",\"name\":\"ISDIN FOTOPROTECTOR SPRAY TRANSPARENT WET SKIN 250 ML - Paracherkaoui.ma\",\"isPartOf\":{\"@id\":\"https:\/\/paracherkaoui.ma\/#website\"},\"primaryImageOfPage\":{\"@id\":\"https:\/\/paracherkaoui.ma\/index.php\/produit\/isdin-fotoprotector-spray-transparent-wet-skin-250-ml-3\/#primaryimage\"},\"image\":{\"@id\":\"https:\/\/paracherkaoui.ma\/index.php\/produit\/isdin-fotoprotector-spray-transparent-wet-skin-250-ml-3\/#primaryimage\"},\"thumbnailUrl\":\"https:\/\/paracherkaoui.ma\/wp-content\/uploads\/2025\/12\/isdin-isdin-fotoprotector-spray-transparent-wet-skin-250-ml-spray-solaire.jpg\",\"datePublished\":\"2025-12-12T18:01:17+00:00\",\"dateModified\":\"2025-12-12T18:01:18+00:00\",\"breadcrumb\":{\"@id\":\"https:\/\/paracherkaoui.ma\/index.php\/produit\/isdin-fotoprotector-spray-transparent-wet-skin-250-ml-3\/#breadcrumb\"},\"inLanguage\":\"fr-FR\",\"potentialAction\":[{\"@type\":\"ReadAction\",\"target\":[\"https:\/\/paracherkaoui.ma\/index.php\/produit\/isdin-fotoprotector-spray-transparent-wet-skin-250-ml-3\/\"]}]},{\"@type\":\"ImageObject\",\"inLanguage\":\"fr-FR\",\"@id\":\"https:\/\/paracherkaoui.ma\/index.php\/produit\/isdin-fotoprotector-spray-transparent-wet-skin-250-ml-3\/#primaryimage\",\"url\":\"https:\/\/paracherkaoui.ma\/wp-content\/uploads\/2025\/12\/isdin-isdin-fotoprotector-spray-transparent-wet-skin-250-ml-spray-solaire.jpg\",\"contentUrl\":\"https:\/\/paracherkaoui.ma\/wp-content\/uploads\/2025\/12\/isdin-isdin-fotoprotector-spray-transparent-wet-skin-250-ml-spray-solaire.jpg\",\"width\":700,\"height\":700},{\"@type\":\"BreadcrumbList\",\"@id\":\"https:\/\/paracherkaoui.ma\/index.php\/produit\/isdin-fotoprotector-spray-transparent-wet-skin-250-ml-3\/#breadcrumb\",\"itemListElement\":[{\"@type\":\"ListItem\",\"position\":1,\"name\":\"Accueil\",\"item\":\"https:\/\/paracherkaoui.ma\/\"},{\"@type\":\"ListItem\",\"position\":2,\"name\":\"Boutique\",\"item\":\"https:\/\/paracherkaoui.ma\/index.php\/boutique\/\"},{\"@type\":\"ListItem\",\"position\":3,\"name\":\"ISDIN FOTOPROTECTOR SPRAY TRANSPARENT WET SKIN 250 ML\"}]},{\"@type\":\"WebSite\",\"@id\":\"https:\/\/paracherkaoui.ma\/#website\",\"url\":\"https:\/\/paracherkaoui.ma\/\",\"name\":\"Paracherkaoui.ma\",\"description\":\"Achetez en ligne sur Paracherkaoui.ma\",\"potentialAction\":[{\"@type\":\"SearchAction\",\"target\":{\"@type\":\"EntryPoint\",\"urlTemplate\":\"https:\/\/paracherkaoui.ma\/?s={search_term_string}\"},\"query-input\":{\"@type\":\"PropertyValueSpecification\",\"valueRequired\":true,\"valueName\":\"search_term_string\"}}],\"inLanguage\":\"fr-FR\"}]}<\/script>\r\n<!-- \/ Yoast SEO plugin. -->","yoast_head_json":{"title":"ISDIN FOTOPROTECTOR SPRAY TRANSPARENT WET SKIN 250 ML - Paracherkaoui.ma","robots":{"index":"index","follow":"follow","max-snippet":"max-snippet:-1","max-image-preview":"max-image-preview:large","max-video-preview":"max-video-preview:-1"},"canonical":"https:\/\/paracherkaoui.ma\/index.php\/produit\/isdin-fotoprotector-spray-transparent-wet-skin-250-ml-3\/","og_locale":"fr_FR","og_type":"article","og_title":"ISDIN FOTOPROTECTOR SPRAY TRANSPARENT WET SKIN 250 ML - Paracherkaoui.ma","og_description":"Fotoprotector ISDIN\u00ae Transparent Spray Wet Skin SPF 50+ est un \u00e9cran solaire sp\u00e9cialement formul\u00e9 pour \u00eatre appliqu\u00e9 tant sur la","og_url":"https:\/\/paracherkaoui.ma\/index.php\/produit\/isdin-fotoprotector-spray-transparent-wet-skin-250-ml-3\/","og_site_name":"Paracherkaoui.ma","article_modified_time":"2025-12-12T18:01:18+00:00","og_image":[{"width":700,"height":700,"url":"https:\/\/paracherkaoui.ma\/wp-content\/uploads\/2025\/12\/isdin-isdin-fotoprotector-spray-transparent-wet-skin-250-ml-spray-solaire.jpg","type":"image\/jpeg"}],"twitter_card":"summary_large_image","schema":{"@context":"https:\/\/schema.org","@graph":[{"@type":"WebPage","@id":"https:\/\/paracherkaoui.ma\/index.php\/produit\/isdin-fotoprotector-spray-transparent-wet-skin-250-ml-3\/","url":"https:\/\/paracherkaoui.ma\/index.php\/produit\/isdin-fotoprotector-spray-transparent-wet-skin-250-ml-3\/","name":"ISDIN FOTOPROTECTOR SPRAY TRANSPARENT WET SKIN 250 ML - Paracherkaoui.ma","isPartOf":{"@id":"https:\/\/paracherkaoui.ma\/#website"},"primaryImageOfPage":{"@id":"https:\/\/paracherkaoui.ma\/index.php\/produit\/isdin-fotoprotector-spray-transparent-wet-skin-250-ml-3\/#primaryimage"},"image":{"@id":"https:\/\/paracherkaoui.ma\/index.php\/produit\/isdin-fotoprotector-spray-transparent-wet-skin-250-ml-3\/#primaryimage"},"thumbnailUrl":"https:\/\/paracherkaoui.ma\/wp-content\/uploads\/2025\/12\/isdin-isdin-fotoprotector-spray-transparent-wet-skin-250-ml-spray-solaire.jpg","datePublished":"2025-12-12T18:01:17+00:00","dateModified":"2025-12-12T18:01:18+00:00","breadcrumb":{"@id":"https:\/\/paracherkaoui.ma\/index.php\/produit\/isdin-fotoprotector-spray-transparent-wet-skin-250-ml-3\/#breadcrumb"},"inLanguage":"fr-FR","potentialAction":[{"@type":"ReadAction","target":["https:\/\/paracherkaoui.ma\/index.php\/produit\/isdin-fotoprotector-spray-transparent-wet-skin-250-ml-3\/"]}]},{"@type":"ImageObject","inLanguage":"fr-FR","@id":"https:\/\/paracherkaoui.ma\/index.php\/produit\/isdin-fotoprotector-spray-transparent-wet-skin-250-ml-3\/#primaryimage","url":"https:\/\/paracherkaoui.ma\/wp-content\/uploads\/2025\/12\/isdin-isdin-fotoprotector-spray-transparent-wet-skin-250-ml-spray-solaire.jpg","contentUrl":"https:\/\/paracherkaoui.ma\/wp-content\/uploads\/2025\/12\/isdin-isdin-fotoprotector-spray-transparent-wet-skin-250-ml-spray-solaire.jpg","width":700,"height":700},{"@type":"BreadcrumbList","@id":"https:\/\/paracherkaoui.ma\/index.php\/produit\/isdin-fotoprotector-spray-transparent-wet-skin-250-ml-3\/#breadcrumb","itemListElement":[{"@type":"ListItem","position":1,"name":"Accueil","item":"https:\/\/paracherkaoui.ma\/"},{"@type":"ListItem","position":2,"name":"Boutique","item":"https:\/\/paracherkaoui.ma\/index.php\/boutique\/"},{"@type":"ListItem","position":3,"name":"ISDIN FOTOPROTECTOR SPRAY TRANSPARENT WET SKIN 250 ML"}]},{"@type":"WebSite","@id":"https:\/\/paracherkaoui.ma\/#website","url":"https:\/\/paracherkaoui.ma\/","name":"Paracherkaoui.ma","description":"Achetez en ligne sur Paracherkaoui.ma","potentialAction":[{"@type":"SearchAction","target":{"@type":"EntryPoint","urlTemplate":"https:\/\/paracherkaoui.ma\/?s={search_term_string}"},"query-input":{"@type":"PropertyValueSpecification","valueRequired":true,"valueName":"search_term_string"}}],"inLanguage":"fr-FR"}]}},"_links":{"self":[{"href":"https:\/\/paracherkaoui.ma\/index.php\/wp-json\/wp\/v2\/product\/38919","targetHints":{"allow":["GET"]}}],"collection":[{"href":"https:\/\/paracherkaoui.ma\/index.php\/wp-json\/wp\/v2\/product"}],"about":[{"href":"https:\/\/paracherkaoui.ma\/index.php\/wp-json\/wp\/v2\/types\/product"}],"replies":[{"embeddable":true,"href":"https:\/\/paracherkaoui.ma\/index.php\/wp-json\/wp\/v2\/comments?post=38919"}],"version-history":[{"count":1,"href":"https:\/\/paracherkaoui.ma\/index.php\/wp-json\/wp\/v2\/product\/38919\/revisions"}],"predecessor-version":[{"id":38939,"href":"https:\/\/paracherkaoui.ma\/index.php\/wp-json\/wp\/v2\/product\/38919\/revisions\/38939"}],"wp:featuredmedia":[{"embeddable":true,"href":"https:\/\/paracherkaoui.ma\/index.php\/wp-json\/wp\/v2\/media\/12829"}],"wp:attachment":[{"href":"https:\/\/paracherkaoui.ma\/index.php\/wp-json\/wp\/v2\/media?parent=38919"}],"wp:term":[{"taxonomy":"product_brand","embeddable":true,"href":"https:\/\/paracherkaoui.ma\/index.php\/wp-json\/wp\/v2\/product_brand?post=38919"},{"taxonomy":"product_cat","embeddable":true,"href":"https:\/\/paracherkaoui.ma\/index.php\/wp-json\/wp\/v2\/product_cat?post=38919"},{"taxonomy":"product_tag","embeddable":true,"href":"https:\/\/paracherkaoui.ma\/index.php\/wp-json\/wp\/v2\/product_tag?post=38919"}],"curies":[{"name":"wp","href":"https:\/\/api.w.org\/{rel}","templated":true}]}}