{"id":38855,"date":"2025-12-12T19:01:08","date_gmt":"2025-12-12T18:01:08","guid":{"rendered":"https:\/\/test.ecbeaute.com\/?post_type=product&#038;p=38855"},"modified":"2025-12-12T19:01:14","modified_gmt":"2025-12-12T18:01:14","slug":"uriage-bariesun-huile-seche-spf-30-200ml","status":"publish","type":"product","link":"https:\/\/paracherkaoui.ma\/index.php\/produit\/uriage-bariesun-huile-seche-spf-30-200ml\/","title":{"rendered":"URIAGE BARIESUN HUILE SECHE SPF 30 200ML"},"content":{"rendered":"<p>Uriage, expert de la dermo-cosm\u00e9tique, a formul\u00e9 cette huile s\u00e8che r\u00e9volutionnaire pour une action compl\u00e8te et une efficacit\u00e9 prouv\u00e9e :<br \/>\nProtection Solaire Haute Performance : La force de ce produit r\u00e9side dans sa protection solaire avanc\u00e9e. Il offre une protection moyenne \u00e0 haute SPF30+, garantissant une d\u00e9fense efficace contre les rayons UVA et UVB. Ces rayons sont responsables des coups de soleil, du vieillissement pr\u00e9matur\u00e9 de la peau et des taches pigmentaires. Avec Uriage Bari\u00e9sun Huile S\u00e8che, votre peau est prot\u00e9g\u00e9e de mani\u00e8re fiable, vous permettant de profiter du soleil en toute s\u00e9r\u00e9nit\u00e9.<br \/>\nUne Formule Huile S\u00e8che : Le Confort Absolu ! L&rsquo;un des atouts majeurs de cette huile est sa texture. Sa formule enrichie en huile s\u00e8che nourrit et prot\u00e8ge la peau sans laisser de film gras. C&rsquo;est la solution id\u00e9ale pour celles et ceux qui d\u00e9testent les cr\u00e8mes solaires collantes et qui veulent une peau qui respire. Elle est rapidement absorb\u00e9e, vous laissant une sensation de confort imm\u00e9diat et une peau incroyablement douce.<br \/>\nSublimez Votre Peau : L&rsquo;\u00c9clat Satin\u00e9 ! Cette huile est un v\u00e9ritable soin embellisseur. En plus de sa protection, elle sublime la peau, la laissant douce, lumineuse et d\u00e9licatement satin\u00e9e. Elle met en valeur votre bronzage naissant et laisse un fini soyeux et non collant. C&rsquo;est l&rsquo;accessoire beaut\u00e9 indispensable de votre \u00e9t\u00e9.<br \/>\nPolyvalence et R\u00e9sistance : L&rsquo;Alli\u00e9e de l&rsquo;\u00c9t\u00e9 ! L&rsquo;huile s\u00e8che Uriage Bari\u00e9sun est un produit tout-en-un. Elle est parfaite pour le corps, le visage et m\u00eame les cheveux, qu&rsquo;elle prot\u00e8ge de la s\u00e9cheresse et du soleil. De plus, elle est r\u00e9sistante \u00e0 l\u2019eau et \u00e0 la transpiration, ce qui la rend id\u00e9ale pour les activit\u00e9s nautiques ou les journ\u00e9es chaudes. Son format g\u00e9n\u00e9reux de 200ml en fait un alli\u00e9 de choix pour toutes vos escapades.<br \/>\nConseils d&rsquo;utilisation :<br \/>\nAppliquez l&rsquo;huile environ 20 minutes avant de vous exposer au soleil pour permettre \u00e0 la peau de l&rsquo;absorber et de cr\u00e9er une barri\u00e8re protectrice.<\/p>\n","protected":false},"excerpt":{"rendered":"<p>Uriage, expert de la dermo-cosm\u00e9tique, a formul\u00e9 cette huile s\u00e8che r\u00e9volutionnaire pour une action compl\u00e8te et une efficacit\u00e9 prouv\u00e9e :<\/p>\n","protected":false},"featured_media":38905,"comment_status":"open","ping_status":"closed","template":"","meta":[],"product_brand":[130],"product_cat":[679],"product_tag":[],"class_list":{"0":"post-38855","1":"product","2":"type-product","3":"status-publish","4":"has-post-thumbnail","6":"product_brand-uriage","7":"product_cat-huile-solaire","9":"first","10":"instock","11":"sale","12":"shipping-taxable","13":"purchasable","14":"product-type-simple"},"yoast_head":"<!-- This site is optimized with the Yoast SEO plugin v26.6 - https:\/\/yoast.com\/wordpress\/plugins\/seo\/ -->\r\n<title>URIAGE BARIESUN HUILE SECHE SPF 30 200ML - Paracherkaoui.ma<\/title>\r\n<meta name=\"robots\" content=\"index, follow, max-snippet:-1, max-image-preview:large, max-video-preview:-1\" \/>\r\n<link rel=\"canonical\" href=\"https:\/\/paracherkaoui.ma\/index.php\/produit\/uriage-bariesun-huile-seche-spf-30-200ml\/\" \/>\r\n<meta property=\"og:locale\" content=\"fr_FR\" \/>\r\n<meta property=\"og:type\" content=\"article\" \/>\r\n<meta property=\"og:title\" content=\"URIAGE BARIESUN HUILE SECHE SPF 30 200ML - Paracherkaoui.ma\" \/>\r\n<meta property=\"og:description\" content=\"Uriage, expert de la dermo-cosm\u00e9tique, a formul\u00e9 cette huile s\u00e8che r\u00e9volutionnaire pour une action compl\u00e8te et une efficacit\u00e9 prouv\u00e9e :\" \/>\r\n<meta property=\"og:url\" content=\"https:\/\/paracherkaoui.ma\/index.php\/produit\/uriage-bariesun-huile-seche-spf-30-200ml\/\" \/>\r\n<meta property=\"og:site_name\" content=\"Paracherkaoui.ma\" \/>\r\n<meta property=\"article:modified_time\" content=\"2025-12-12T18:01:14+00:00\" \/>\r\n<meta property=\"og:image\" content=\"https:\/\/paracherkaoui.ma\/wp-content\/uploads\/2025\/12\/uriage-bariesun-huile-seche-spf-30-200ml.jpg\" \/>\r\n\t<meta property=\"og:image:width\" content=\"700\" \/>\r\n\t<meta property=\"og:image:height\" content=\"700\" \/>\r\n\t<meta property=\"og:image:type\" content=\"image\/jpeg\" \/>\r\n<meta name=\"twitter:card\" content=\"summary_large_image\" \/>\r\n<meta name=\"twitter:label1\" content=\"Dur\u00e9e de lecture estim\u00e9e\" \/>\n\t<meta name=\"twitter:data1\" content=\"2 minutes\" \/>\r\n<script type=\"application\/ld+json\" class=\"yoast-schema-graph\">{\"@context\":\"https:\/\/schema.org\",\"@graph\":[{\"@type\":\"WebPage\",\"@id\":\"https:\/\/paracherkaoui.ma\/index.php\/produit\/uriage-bariesun-huile-seche-spf-30-200ml\/\",\"url\":\"https:\/\/paracherkaoui.ma\/index.php\/produit\/uriage-bariesun-huile-seche-spf-30-200ml\/\",\"name\":\"URIAGE BARIESUN HUILE SECHE SPF 30 200ML - Paracherkaoui.ma\",\"isPartOf\":{\"@id\":\"https:\/\/paracherkaoui.ma\/#website\"},\"primaryImageOfPage\":{\"@id\":\"https:\/\/paracherkaoui.ma\/index.php\/produit\/uriage-bariesun-huile-seche-spf-30-200ml\/#primaryimage\"},\"image\":{\"@id\":\"https:\/\/paracherkaoui.ma\/index.php\/produit\/uriage-bariesun-huile-seche-spf-30-200ml\/#primaryimage\"},\"thumbnailUrl\":\"https:\/\/paracherkaoui.ma\/wp-content\/uploads\/2025\/12\/uriage-bariesun-huile-seche-spf-30-200ml.jpg\",\"datePublished\":\"2025-12-12T18:01:08+00:00\",\"dateModified\":\"2025-12-12T18:01:14+00:00\",\"breadcrumb\":{\"@id\":\"https:\/\/paracherkaoui.ma\/index.php\/produit\/uriage-bariesun-huile-seche-spf-30-200ml\/#breadcrumb\"},\"inLanguage\":\"fr-FR\",\"potentialAction\":[{\"@type\":\"ReadAction\",\"target\":[\"https:\/\/paracherkaoui.ma\/index.php\/produit\/uriage-bariesun-huile-seche-spf-30-200ml\/\"]}]},{\"@type\":\"ImageObject\",\"inLanguage\":\"fr-FR\",\"@id\":\"https:\/\/paracherkaoui.ma\/index.php\/produit\/uriage-bariesun-huile-seche-spf-30-200ml\/#primaryimage\",\"url\":\"https:\/\/paracherkaoui.ma\/wp-content\/uploads\/2025\/12\/uriage-bariesun-huile-seche-spf-30-200ml.jpg\",\"contentUrl\":\"https:\/\/paracherkaoui.ma\/wp-content\/uploads\/2025\/12\/uriage-bariesun-huile-seche-spf-30-200ml.jpg\",\"width\":700,\"height\":700},{\"@type\":\"BreadcrumbList\",\"@id\":\"https:\/\/paracherkaoui.ma\/index.php\/produit\/uriage-bariesun-huile-seche-spf-30-200ml\/#breadcrumb\",\"itemListElement\":[{\"@type\":\"ListItem\",\"position\":1,\"name\":\"Accueil\",\"item\":\"https:\/\/paracherkaoui.ma\/\"},{\"@type\":\"ListItem\",\"position\":2,\"name\":\"Boutique\",\"item\":\"https:\/\/paracherkaoui.ma\/index.php\/boutique\/\"},{\"@type\":\"ListItem\",\"position\":3,\"name\":\"URIAGE BARIESUN HUILE SECHE SPF 30 200ML\"}]},{\"@type\":\"WebSite\",\"@id\":\"https:\/\/paracherkaoui.ma\/#website\",\"url\":\"https:\/\/paracherkaoui.ma\/\",\"name\":\"Paracherkaoui.ma\",\"description\":\"Achetez en ligne sur Paracherkaoui.ma\",\"potentialAction\":[{\"@type\":\"SearchAction\",\"target\":{\"@type\":\"EntryPoint\",\"urlTemplate\":\"https:\/\/paracherkaoui.ma\/?s={search_term_string}\"},\"query-input\":{\"@type\":\"PropertyValueSpecification\",\"valueRequired\":true,\"valueName\":\"search_term_string\"}}],\"inLanguage\":\"fr-FR\"}]}<\/script>\r\n<!-- \/ Yoast SEO plugin. -->","yoast_head_json":{"title":"URIAGE BARIESUN HUILE SECHE SPF 30 200ML - Paracherkaoui.ma","robots":{"index":"index","follow":"follow","max-snippet":"max-snippet:-1","max-image-preview":"max-image-preview:large","max-video-preview":"max-video-preview:-1"},"canonical":"https:\/\/paracherkaoui.ma\/index.php\/produit\/uriage-bariesun-huile-seche-spf-30-200ml\/","og_locale":"fr_FR","og_type":"article","og_title":"URIAGE BARIESUN HUILE SECHE SPF 30 200ML - Paracherkaoui.ma","og_description":"Uriage, expert de la dermo-cosm\u00e9tique, a formul\u00e9 cette huile s\u00e8che r\u00e9volutionnaire pour une action compl\u00e8te et une efficacit\u00e9 prouv\u00e9e :","og_url":"https:\/\/paracherkaoui.ma\/index.php\/produit\/uriage-bariesun-huile-seche-spf-30-200ml\/","og_site_name":"Paracherkaoui.ma","article_modified_time":"2025-12-12T18:01:14+00:00","og_image":[{"width":700,"height":700,"url":"https:\/\/paracherkaoui.ma\/wp-content\/uploads\/2025\/12\/uriage-bariesun-huile-seche-spf-30-200ml.jpg","type":"image\/jpeg"}],"twitter_card":"summary_large_image","twitter_misc":{"Dur\u00e9e de lecture estim\u00e9e":"2 minutes"},"schema":{"@context":"https:\/\/schema.org","@graph":[{"@type":"WebPage","@id":"https:\/\/paracherkaoui.ma\/index.php\/produit\/uriage-bariesun-huile-seche-spf-30-200ml\/","url":"https:\/\/paracherkaoui.ma\/index.php\/produit\/uriage-bariesun-huile-seche-spf-30-200ml\/","name":"URIAGE BARIESUN HUILE SECHE SPF 30 200ML - Paracherkaoui.ma","isPartOf":{"@id":"https:\/\/paracherkaoui.ma\/#website"},"primaryImageOfPage":{"@id":"https:\/\/paracherkaoui.ma\/index.php\/produit\/uriage-bariesun-huile-seche-spf-30-200ml\/#primaryimage"},"image":{"@id":"https:\/\/paracherkaoui.ma\/index.php\/produit\/uriage-bariesun-huile-seche-spf-30-200ml\/#primaryimage"},"thumbnailUrl":"https:\/\/paracherkaoui.ma\/wp-content\/uploads\/2025\/12\/uriage-bariesun-huile-seche-spf-30-200ml.jpg","datePublished":"2025-12-12T18:01:08+00:00","dateModified":"2025-12-12T18:01:14+00:00","breadcrumb":{"@id":"https:\/\/paracherkaoui.ma\/index.php\/produit\/uriage-bariesun-huile-seche-spf-30-200ml\/#breadcrumb"},"inLanguage":"fr-FR","potentialAction":[{"@type":"ReadAction","target":["https:\/\/paracherkaoui.ma\/index.php\/produit\/uriage-bariesun-huile-seche-spf-30-200ml\/"]}]},{"@type":"ImageObject","inLanguage":"fr-FR","@id":"https:\/\/paracherkaoui.ma\/index.php\/produit\/uriage-bariesun-huile-seche-spf-30-200ml\/#primaryimage","url":"https:\/\/paracherkaoui.ma\/wp-content\/uploads\/2025\/12\/uriage-bariesun-huile-seche-spf-30-200ml.jpg","contentUrl":"https:\/\/paracherkaoui.ma\/wp-content\/uploads\/2025\/12\/uriage-bariesun-huile-seche-spf-30-200ml.jpg","width":700,"height":700},{"@type":"BreadcrumbList","@id":"https:\/\/paracherkaoui.ma\/index.php\/produit\/uriage-bariesun-huile-seche-spf-30-200ml\/#breadcrumb","itemListElement":[{"@type":"ListItem","position":1,"name":"Accueil","item":"https:\/\/paracherkaoui.ma\/"},{"@type":"ListItem","position":2,"name":"Boutique","item":"https:\/\/paracherkaoui.ma\/index.php\/boutique\/"},{"@type":"ListItem","position":3,"name":"URIAGE BARIESUN HUILE SECHE SPF 30 200ML"}]},{"@type":"WebSite","@id":"https:\/\/paracherkaoui.ma\/#website","url":"https:\/\/paracherkaoui.ma\/","name":"Paracherkaoui.ma","description":"Achetez en ligne sur Paracherkaoui.ma","potentialAction":[{"@type":"SearchAction","target":{"@type":"EntryPoint","urlTemplate":"https:\/\/paracherkaoui.ma\/?s={search_term_string}"},"query-input":{"@type":"PropertyValueSpecification","valueRequired":true,"valueName":"search_term_string"}}],"inLanguage":"fr-FR"}]}},"_links":{"self":[{"href":"https:\/\/paracherkaoui.ma\/index.php\/wp-json\/wp\/v2\/product\/38855","targetHints":{"allow":["GET"]}}],"collection":[{"href":"https:\/\/paracherkaoui.ma\/index.php\/wp-json\/wp\/v2\/product"}],"about":[{"href":"https:\/\/paracherkaoui.ma\/index.php\/wp-json\/wp\/v2\/types\/product"}],"replies":[{"embeddable":true,"href":"https:\/\/paracherkaoui.ma\/index.php\/wp-json\/wp\/v2\/comments?post=38855"}],"version-history":[{"count":1,"href":"https:\/\/paracherkaoui.ma\/index.php\/wp-json\/wp\/v2\/product\/38855\/revisions"}],"predecessor-version":[{"id":38906,"href":"https:\/\/paracherkaoui.ma\/index.php\/wp-json\/wp\/v2\/product\/38855\/revisions\/38906"}],"wp:featuredmedia":[{"embeddable":true,"href":"https:\/\/paracherkaoui.ma\/index.php\/wp-json\/wp\/v2\/media\/38905"}],"wp:attachment":[{"href":"https:\/\/paracherkaoui.ma\/index.php\/wp-json\/wp\/v2\/media?parent=38855"}],"wp:term":[{"taxonomy":"product_brand","embeddable":true,"href":"https:\/\/paracherkaoui.ma\/index.php\/wp-json\/wp\/v2\/product_brand?post=38855"},{"taxonomy":"product_cat","embeddable":true,"href":"https:\/\/paracherkaoui.ma\/index.php\/wp-json\/wp\/v2\/product_cat?post=38855"},{"taxonomy":"product_tag","embeddable":true,"href":"https:\/\/paracherkaoui.ma\/index.php\/wp-json\/wp\/v2\/product_tag?post=38855"}],"curies":[{"name":"wp","href":"https:\/\/api.w.org\/{rel}","templated":true}]}}