{"id":38853,"date":"2025-12-12T19:01:08","date_gmt":"2025-12-12T18:01:08","guid":{"rendered":"https:\/\/test.ecbeaute.com\/?post_type=product&#038;p=38853"},"modified":"2025-12-12T19:01:13","modified_gmt":"2025-12-12T18:01:13","slug":"luxeol-huile-solaire-corps-spf-30-150-ml","status":"publish","type":"product","link":"https:\/\/paracherkaoui.ma\/index.php\/produit\/luxeol-huile-solaire-corps-spf-30-150-ml\/","title":{"rendered":"LUXEOL HUILE SOLAIRE CORPS SPF 30 150 ML"},"content":{"rendered":"<p>Vous souhaitez acc\u00e9l\u00e9rer votre bronzage tout en vous prot\u00e9geant du soleil ?<br \/>\nD\u00e9couvrez l&rsquo;Huile Solaire Corps SPF 30 Lux\u00e9ol.<br \/>\nHaute protection SPF 30<br \/>\nAcc\u00e9l\u00e8re le bronzage<br \/>\nTest\u00e9 sous contr\u00f4le dermatologique<br \/>\nConseils d&rsquo;utilisation<br \/>\nAppliquez g\u00e9n\u00e9reusement sur l\u2019ensemble du corps avant de vous exposer au<br \/>\nsoleil. Renouvelez fr\u00e9quemment l\u2019application pour maintenir la protection,<br \/>\nsurtout apr\u00e8s avoir transpir\u00e9, avoir nag\u00e9 ou vous \u00eatre essuy\u00e9.<\/p>\n","protected":false},"excerpt":{"rendered":"<p>Vous souhaitez acc\u00e9l\u00e9rer votre bronzage tout en vous prot\u00e9geant du soleil ? D\u00e9couvrez l&rsquo;Huile Solaire Corps SPF 30 Lux\u00e9ol. Haute<\/p>\n","protected":false},"featured_media":38901,"comment_status":"open","ping_status":"closed","template":"","meta":[],"product_brand":[146],"product_cat":[679],"product_tag":[],"class_list":{"0":"post-38853","1":"product","2":"type-product","3":"status-publish","4":"has-post-thumbnail","6":"product_brand-luxeol","7":"product_cat-huile-solaire","9":"first","10":"instock","11":"sale","12":"shipping-taxable","13":"purchasable","14":"product-type-simple"},"yoast_head":"<!-- This site is optimized with the Yoast SEO plugin v26.6 - https:\/\/yoast.com\/wordpress\/plugins\/seo\/ -->\r\n<title>LUXEOL HUILE SOLAIRE CORPS SPF 30 150 ML - Paracherkaoui.ma<\/title>\r\n<meta name=\"robots\" content=\"index, follow, max-snippet:-1, max-image-preview:large, max-video-preview:-1\" \/>\r\n<link rel=\"canonical\" href=\"https:\/\/paracherkaoui.ma\/index.php\/produit\/luxeol-huile-solaire-corps-spf-30-150-ml\/\" \/>\r\n<meta property=\"og:locale\" content=\"fr_FR\" \/>\r\n<meta property=\"og:type\" content=\"article\" \/>\r\n<meta property=\"og:title\" content=\"LUXEOL HUILE SOLAIRE CORPS SPF 30 150 ML - Paracherkaoui.ma\" \/>\r\n<meta property=\"og:description\" content=\"Vous souhaitez acc\u00e9l\u00e9rer votre bronzage tout en vous prot\u00e9geant du soleil ? D\u00e9couvrez l&rsquo;Huile Solaire Corps SPF 30 Lux\u00e9ol. Haute\" \/>\r\n<meta property=\"og:url\" content=\"https:\/\/paracherkaoui.ma\/index.php\/produit\/luxeol-huile-solaire-corps-spf-30-150-ml\/\" \/>\r\n<meta property=\"og:site_name\" content=\"Paracherkaoui.ma\" \/>\r\n<meta property=\"article:modified_time\" content=\"2025-12-12T18:01:13+00:00\" \/>\r\n<meta property=\"og:image\" content=\"https:\/\/paracherkaoui.ma\/wp-content\/uploads\/2025\/12\/luxeol-luxeol-huile-solaire-corps-spf-30-150-ml-huiles.jpg\" \/>\r\n\t<meta property=\"og:image:width\" content=\"700\" \/>\r\n\t<meta property=\"og:image:height\" content=\"700\" \/>\r\n\t<meta property=\"og:image:type\" content=\"image\/jpeg\" \/>\r\n<meta name=\"twitter:card\" content=\"summary_large_image\" \/>\r\n<script type=\"application\/ld+json\" class=\"yoast-schema-graph\">{\"@context\":\"https:\/\/schema.org\",\"@graph\":[{\"@type\":\"WebPage\",\"@id\":\"https:\/\/paracherkaoui.ma\/index.php\/produit\/luxeol-huile-solaire-corps-spf-30-150-ml\/\",\"url\":\"https:\/\/paracherkaoui.ma\/index.php\/produit\/luxeol-huile-solaire-corps-spf-30-150-ml\/\",\"name\":\"LUXEOL HUILE SOLAIRE CORPS SPF 30 150 ML - Paracherkaoui.ma\",\"isPartOf\":{\"@id\":\"https:\/\/paracherkaoui.ma\/#website\"},\"primaryImageOfPage\":{\"@id\":\"https:\/\/paracherkaoui.ma\/index.php\/produit\/luxeol-huile-solaire-corps-spf-30-150-ml\/#primaryimage\"},\"image\":{\"@id\":\"https:\/\/paracherkaoui.ma\/index.php\/produit\/luxeol-huile-solaire-corps-spf-30-150-ml\/#primaryimage\"},\"thumbnailUrl\":\"https:\/\/paracherkaoui.ma\/wp-content\/uploads\/2025\/12\/luxeol-luxeol-huile-solaire-corps-spf-30-150-ml-huiles.jpg\",\"datePublished\":\"2025-12-12T18:01:08+00:00\",\"dateModified\":\"2025-12-12T18:01:13+00:00\",\"breadcrumb\":{\"@id\":\"https:\/\/paracherkaoui.ma\/index.php\/produit\/luxeol-huile-solaire-corps-spf-30-150-ml\/#breadcrumb\"},\"inLanguage\":\"fr-FR\",\"potentialAction\":[{\"@type\":\"ReadAction\",\"target\":[\"https:\/\/paracherkaoui.ma\/index.php\/produit\/luxeol-huile-solaire-corps-spf-30-150-ml\/\"]}]},{\"@type\":\"ImageObject\",\"inLanguage\":\"fr-FR\",\"@id\":\"https:\/\/paracherkaoui.ma\/index.php\/produit\/luxeol-huile-solaire-corps-spf-30-150-ml\/#primaryimage\",\"url\":\"https:\/\/paracherkaoui.ma\/wp-content\/uploads\/2025\/12\/luxeol-luxeol-huile-solaire-corps-spf-30-150-ml-huiles.jpg\",\"contentUrl\":\"https:\/\/paracherkaoui.ma\/wp-content\/uploads\/2025\/12\/luxeol-luxeol-huile-solaire-corps-spf-30-150-ml-huiles.jpg\",\"width\":700,\"height\":700},{\"@type\":\"BreadcrumbList\",\"@id\":\"https:\/\/paracherkaoui.ma\/index.php\/produit\/luxeol-huile-solaire-corps-spf-30-150-ml\/#breadcrumb\",\"itemListElement\":[{\"@type\":\"ListItem\",\"position\":1,\"name\":\"Accueil\",\"item\":\"https:\/\/paracherkaoui.ma\/\"},{\"@type\":\"ListItem\",\"position\":2,\"name\":\"Boutique\",\"item\":\"https:\/\/paracherkaoui.ma\/index.php\/boutique\/\"},{\"@type\":\"ListItem\",\"position\":3,\"name\":\"LUXEOL HUILE SOLAIRE CORPS SPF 30 150 ML\"}]},{\"@type\":\"WebSite\",\"@id\":\"https:\/\/paracherkaoui.ma\/#website\",\"url\":\"https:\/\/paracherkaoui.ma\/\",\"name\":\"Paracherkaoui.ma\",\"description\":\"Achetez en ligne sur Paracherkaoui.ma\",\"potentialAction\":[{\"@type\":\"SearchAction\",\"target\":{\"@type\":\"EntryPoint\",\"urlTemplate\":\"https:\/\/paracherkaoui.ma\/?s={search_term_string}\"},\"query-input\":{\"@type\":\"PropertyValueSpecification\",\"valueRequired\":true,\"valueName\":\"search_term_string\"}}],\"inLanguage\":\"fr-FR\"}]}<\/script>\r\n<!-- \/ Yoast SEO plugin. -->","yoast_head_json":{"title":"LUXEOL HUILE SOLAIRE CORPS SPF 30 150 ML - Paracherkaoui.ma","robots":{"index":"index","follow":"follow","max-snippet":"max-snippet:-1","max-image-preview":"max-image-preview:large","max-video-preview":"max-video-preview:-1"},"canonical":"https:\/\/paracherkaoui.ma\/index.php\/produit\/luxeol-huile-solaire-corps-spf-30-150-ml\/","og_locale":"fr_FR","og_type":"article","og_title":"LUXEOL HUILE SOLAIRE CORPS SPF 30 150 ML - Paracherkaoui.ma","og_description":"Vous souhaitez acc\u00e9l\u00e9rer votre bronzage tout en vous prot\u00e9geant du soleil ? D\u00e9couvrez l&rsquo;Huile Solaire Corps SPF 30 Lux\u00e9ol. Haute","og_url":"https:\/\/paracherkaoui.ma\/index.php\/produit\/luxeol-huile-solaire-corps-spf-30-150-ml\/","og_site_name":"Paracherkaoui.ma","article_modified_time":"2025-12-12T18:01:13+00:00","og_image":[{"width":700,"height":700,"url":"https:\/\/paracherkaoui.ma\/wp-content\/uploads\/2025\/12\/luxeol-luxeol-huile-solaire-corps-spf-30-150-ml-huiles.jpg","type":"image\/jpeg"}],"twitter_card":"summary_large_image","schema":{"@context":"https:\/\/schema.org","@graph":[{"@type":"WebPage","@id":"https:\/\/paracherkaoui.ma\/index.php\/produit\/luxeol-huile-solaire-corps-spf-30-150-ml\/","url":"https:\/\/paracherkaoui.ma\/index.php\/produit\/luxeol-huile-solaire-corps-spf-30-150-ml\/","name":"LUXEOL HUILE SOLAIRE CORPS SPF 30 150 ML - Paracherkaoui.ma","isPartOf":{"@id":"https:\/\/paracherkaoui.ma\/#website"},"primaryImageOfPage":{"@id":"https:\/\/paracherkaoui.ma\/index.php\/produit\/luxeol-huile-solaire-corps-spf-30-150-ml\/#primaryimage"},"image":{"@id":"https:\/\/paracherkaoui.ma\/index.php\/produit\/luxeol-huile-solaire-corps-spf-30-150-ml\/#primaryimage"},"thumbnailUrl":"https:\/\/paracherkaoui.ma\/wp-content\/uploads\/2025\/12\/luxeol-luxeol-huile-solaire-corps-spf-30-150-ml-huiles.jpg","datePublished":"2025-12-12T18:01:08+00:00","dateModified":"2025-12-12T18:01:13+00:00","breadcrumb":{"@id":"https:\/\/paracherkaoui.ma\/index.php\/produit\/luxeol-huile-solaire-corps-spf-30-150-ml\/#breadcrumb"},"inLanguage":"fr-FR","potentialAction":[{"@type":"ReadAction","target":["https:\/\/paracherkaoui.ma\/index.php\/produit\/luxeol-huile-solaire-corps-spf-30-150-ml\/"]}]},{"@type":"ImageObject","inLanguage":"fr-FR","@id":"https:\/\/paracherkaoui.ma\/index.php\/produit\/luxeol-huile-solaire-corps-spf-30-150-ml\/#primaryimage","url":"https:\/\/paracherkaoui.ma\/wp-content\/uploads\/2025\/12\/luxeol-luxeol-huile-solaire-corps-spf-30-150-ml-huiles.jpg","contentUrl":"https:\/\/paracherkaoui.ma\/wp-content\/uploads\/2025\/12\/luxeol-luxeol-huile-solaire-corps-spf-30-150-ml-huiles.jpg","width":700,"height":700},{"@type":"BreadcrumbList","@id":"https:\/\/paracherkaoui.ma\/index.php\/produit\/luxeol-huile-solaire-corps-spf-30-150-ml\/#breadcrumb","itemListElement":[{"@type":"ListItem","position":1,"name":"Accueil","item":"https:\/\/paracherkaoui.ma\/"},{"@type":"ListItem","position":2,"name":"Boutique","item":"https:\/\/paracherkaoui.ma\/index.php\/boutique\/"},{"@type":"ListItem","position":3,"name":"LUXEOL HUILE SOLAIRE CORPS SPF 30 150 ML"}]},{"@type":"WebSite","@id":"https:\/\/paracherkaoui.ma\/#website","url":"https:\/\/paracherkaoui.ma\/","name":"Paracherkaoui.ma","description":"Achetez en ligne sur Paracherkaoui.ma","potentialAction":[{"@type":"SearchAction","target":{"@type":"EntryPoint","urlTemplate":"https:\/\/paracherkaoui.ma\/?s={search_term_string}"},"query-input":{"@type":"PropertyValueSpecification","valueRequired":true,"valueName":"search_term_string"}}],"inLanguage":"fr-FR"}]}},"_links":{"self":[{"href":"https:\/\/paracherkaoui.ma\/index.php\/wp-json\/wp\/v2\/product\/38853","targetHints":{"allow":["GET"]}}],"collection":[{"href":"https:\/\/paracherkaoui.ma\/index.php\/wp-json\/wp\/v2\/product"}],"about":[{"href":"https:\/\/paracherkaoui.ma\/index.php\/wp-json\/wp\/v2\/types\/product"}],"replies":[{"embeddable":true,"href":"https:\/\/paracherkaoui.ma\/index.php\/wp-json\/wp\/v2\/comments?post=38853"}],"version-history":[{"count":1,"href":"https:\/\/paracherkaoui.ma\/index.php\/wp-json\/wp\/v2\/product\/38853\/revisions"}],"predecessor-version":[{"id":38902,"href":"https:\/\/paracherkaoui.ma\/index.php\/wp-json\/wp\/v2\/product\/38853\/revisions\/38902"}],"wp:featuredmedia":[{"embeddable":true,"href":"https:\/\/paracherkaoui.ma\/index.php\/wp-json\/wp\/v2\/media\/38901"}],"wp:attachment":[{"href":"https:\/\/paracherkaoui.ma\/index.php\/wp-json\/wp\/v2\/media?parent=38853"}],"wp:term":[{"taxonomy":"product_brand","embeddable":true,"href":"https:\/\/paracherkaoui.ma\/index.php\/wp-json\/wp\/v2\/product_brand?post=38853"},{"taxonomy":"product_cat","embeddable":true,"href":"https:\/\/paracherkaoui.ma\/index.php\/wp-json\/wp\/v2\/product_cat?post=38853"},{"taxonomy":"product_tag","embeddable":true,"href":"https:\/\/paracherkaoui.ma\/index.php\/wp-json\/wp\/v2\/product_tag?post=38853"}],"curies":[{"name":"wp","href":"https:\/\/api.w.org\/{rel}","templated":true}]}}