{"id":38845,"date":"2025-12-12T19:01:08","date_gmt":"2025-12-12T18:01:08","guid":{"rendered":"https:\/\/test.ecbeaute.com\/?post_type=product&#038;p=38845"},"modified":"2025-12-12T19:01:11","modified_gmt":"2025-12-12T18:01:11","slug":"hei-poa-soins-trad-multi-usage-pur-monoi-tahiti-parfum-coco-100ml","status":"publish","type":"product","link":"https:\/\/paracherkaoui.ma\/index.php\/produit\/hei-poa-soins-trad-multi-usage-pur-monoi-tahiti-parfum-coco-100ml\/","title":{"rendered":"HEI POA SOINS TRAD MULTI USAGE PUR MONOI TAHITI-PARFUM COCO 100ML"},"content":{"rendered":"<p>Laissez-vous emporter par les notes gourmandes et exotiques du Pur Mono\u00ef de Tahiti AO parfum Coco, Obtenu par la mac\u00e9ration de fleurs fra\u00eeches de Tiar\u00e9 dans l\u2019huile de Coprah, le Mono\u00ef est le secret de beaut\u00e9 des Polyn\u00e9siennes.<br \/>\nModes d\u2019emploi:<br \/>\nSoin multi-usages, il est utilis\u00e9 pour hydrater*, nourrir, adoucir et r\u00e9parer la peau et les cheveux.<\/p>\n","protected":false},"excerpt":{"rendered":"<p>Laissez-vous emporter par les notes gourmandes et exotiques du Pur Mono\u00ef de Tahiti AO parfum Coco, Obtenu par la mac\u00e9ration<\/p>\n","protected":false},"featured_media":38885,"comment_status":"open","ping_status":"closed","template":"","meta":[],"product_brand":[274],"product_cat":[679],"product_tag":[],"class_list":{"0":"post-38845","1":"product","2":"type-product","3":"status-publish","4":"has-post-thumbnail","6":"product_brand-hei-poa","7":"product_cat-huile-solaire","9":"first","10":"instock","11":"sale","12":"shipping-taxable","13":"purchasable","14":"product-type-simple"},"yoast_head":"<!-- This site is optimized with the Yoast SEO plugin v26.6 - https:\/\/yoast.com\/wordpress\/plugins\/seo\/ -->\r\n<title>HEI POA SOINS TRAD MULTI USAGE PUR MONOI TAHITI-PARFUM COCO 100ML - Paracherkaoui.ma<\/title>\r\n<meta name=\"robots\" content=\"index, follow, max-snippet:-1, max-image-preview:large, max-video-preview:-1\" \/>\r\n<link rel=\"canonical\" href=\"https:\/\/paracherkaoui.ma\/index.php\/produit\/hei-poa-soins-trad-multi-usage-pur-monoi-tahiti-parfum-coco-100ml\/\" \/>\r\n<meta property=\"og:locale\" content=\"fr_FR\" \/>\r\n<meta property=\"og:type\" content=\"article\" \/>\r\n<meta property=\"og:title\" content=\"HEI POA SOINS TRAD MULTI USAGE PUR MONOI TAHITI-PARFUM COCO 100ML - Paracherkaoui.ma\" \/>\r\n<meta property=\"og:description\" content=\"Laissez-vous emporter par les notes gourmandes et exotiques du Pur Mono\u00ef de Tahiti AO parfum Coco, Obtenu par la mac\u00e9ration\" \/>\r\n<meta property=\"og:url\" content=\"https:\/\/paracherkaoui.ma\/index.php\/produit\/hei-poa-soins-trad-multi-usage-pur-monoi-tahiti-parfum-coco-100ml\/\" \/>\r\n<meta property=\"og:site_name\" content=\"Paracherkaoui.ma\" \/>\r\n<meta property=\"article:modified_time\" content=\"2025-12-12T18:01:11+00:00\" \/>\r\n<meta property=\"og:image\" content=\"https:\/\/paracherkaoui.ma\/wp-content\/uploads\/2025\/12\/hei-poa-hei-poa-soins-trad-multi-usage-pur-monoi-tahiti-parfum-coco-100ml-solaires.jpg\" \/>\r\n\t<meta property=\"og:image:width\" content=\"700\" \/>\r\n\t<meta property=\"og:image:height\" content=\"700\" \/>\r\n\t<meta property=\"og:image:type\" content=\"image\/jpeg\" \/>\r\n<meta name=\"twitter:card\" content=\"summary_large_image\" \/>\r\n<script type=\"application\/ld+json\" class=\"yoast-schema-graph\">{\"@context\":\"https:\/\/schema.org\",\"@graph\":[{\"@type\":\"WebPage\",\"@id\":\"https:\/\/paracherkaoui.ma\/index.php\/produit\/hei-poa-soins-trad-multi-usage-pur-monoi-tahiti-parfum-coco-100ml\/\",\"url\":\"https:\/\/paracherkaoui.ma\/index.php\/produit\/hei-poa-soins-trad-multi-usage-pur-monoi-tahiti-parfum-coco-100ml\/\",\"name\":\"HEI POA SOINS TRAD MULTI USAGE PUR MONOI TAHITI-PARFUM COCO 100ML - Paracherkaoui.ma\",\"isPartOf\":{\"@id\":\"https:\/\/paracherkaoui.ma\/#website\"},\"primaryImageOfPage\":{\"@id\":\"https:\/\/paracherkaoui.ma\/index.php\/produit\/hei-poa-soins-trad-multi-usage-pur-monoi-tahiti-parfum-coco-100ml\/#primaryimage\"},\"image\":{\"@id\":\"https:\/\/paracherkaoui.ma\/index.php\/produit\/hei-poa-soins-trad-multi-usage-pur-monoi-tahiti-parfum-coco-100ml\/#primaryimage\"},\"thumbnailUrl\":\"https:\/\/paracherkaoui.ma\/wp-content\/uploads\/2025\/12\/hei-poa-hei-poa-soins-trad-multi-usage-pur-monoi-tahiti-parfum-coco-100ml-solaires.jpg\",\"datePublished\":\"2025-12-12T18:01:08+00:00\",\"dateModified\":\"2025-12-12T18:01:11+00:00\",\"breadcrumb\":{\"@id\":\"https:\/\/paracherkaoui.ma\/index.php\/produit\/hei-poa-soins-trad-multi-usage-pur-monoi-tahiti-parfum-coco-100ml\/#breadcrumb\"},\"inLanguage\":\"fr-FR\",\"potentialAction\":[{\"@type\":\"ReadAction\",\"target\":[\"https:\/\/paracherkaoui.ma\/index.php\/produit\/hei-poa-soins-trad-multi-usage-pur-monoi-tahiti-parfum-coco-100ml\/\"]}]},{\"@type\":\"ImageObject\",\"inLanguage\":\"fr-FR\",\"@id\":\"https:\/\/paracherkaoui.ma\/index.php\/produit\/hei-poa-soins-trad-multi-usage-pur-monoi-tahiti-parfum-coco-100ml\/#primaryimage\",\"url\":\"https:\/\/paracherkaoui.ma\/wp-content\/uploads\/2025\/12\/hei-poa-hei-poa-soins-trad-multi-usage-pur-monoi-tahiti-parfum-coco-100ml-solaires.jpg\",\"contentUrl\":\"https:\/\/paracherkaoui.ma\/wp-content\/uploads\/2025\/12\/hei-poa-hei-poa-soins-trad-multi-usage-pur-monoi-tahiti-parfum-coco-100ml-solaires.jpg\",\"width\":700,\"height\":700},{\"@type\":\"BreadcrumbList\",\"@id\":\"https:\/\/paracherkaoui.ma\/index.php\/produit\/hei-poa-soins-trad-multi-usage-pur-monoi-tahiti-parfum-coco-100ml\/#breadcrumb\",\"itemListElement\":[{\"@type\":\"ListItem\",\"position\":1,\"name\":\"Accueil\",\"item\":\"https:\/\/paracherkaoui.ma\/\"},{\"@type\":\"ListItem\",\"position\":2,\"name\":\"Boutique\",\"item\":\"https:\/\/paracherkaoui.ma\/index.php\/boutique\/\"},{\"@type\":\"ListItem\",\"position\":3,\"name\":\"HEI POA SOINS TRAD MULTI USAGE PUR MONOI TAHITI-PARFUM COCO 100ML\"}]},{\"@type\":\"WebSite\",\"@id\":\"https:\/\/paracherkaoui.ma\/#website\",\"url\":\"https:\/\/paracherkaoui.ma\/\",\"name\":\"Paracherkaoui.ma\",\"description\":\"Achetez en ligne sur Paracherkaoui.ma\",\"potentialAction\":[{\"@type\":\"SearchAction\",\"target\":{\"@type\":\"EntryPoint\",\"urlTemplate\":\"https:\/\/paracherkaoui.ma\/?s={search_term_string}\"},\"query-input\":{\"@type\":\"PropertyValueSpecification\",\"valueRequired\":true,\"valueName\":\"search_term_string\"}}],\"inLanguage\":\"fr-FR\"}]}<\/script>\r\n<!-- \/ Yoast SEO plugin. -->","yoast_head_json":{"title":"HEI POA SOINS TRAD MULTI USAGE PUR MONOI TAHITI-PARFUM COCO 100ML - Paracherkaoui.ma","robots":{"index":"index","follow":"follow","max-snippet":"max-snippet:-1","max-image-preview":"max-image-preview:large","max-video-preview":"max-video-preview:-1"},"canonical":"https:\/\/paracherkaoui.ma\/index.php\/produit\/hei-poa-soins-trad-multi-usage-pur-monoi-tahiti-parfum-coco-100ml\/","og_locale":"fr_FR","og_type":"article","og_title":"HEI POA SOINS TRAD MULTI USAGE PUR MONOI TAHITI-PARFUM COCO 100ML - Paracherkaoui.ma","og_description":"Laissez-vous emporter par les notes gourmandes et exotiques du Pur Mono\u00ef de Tahiti AO parfum Coco, Obtenu par la mac\u00e9ration","og_url":"https:\/\/paracherkaoui.ma\/index.php\/produit\/hei-poa-soins-trad-multi-usage-pur-monoi-tahiti-parfum-coco-100ml\/","og_site_name":"Paracherkaoui.ma","article_modified_time":"2025-12-12T18:01:11+00:00","og_image":[{"width":700,"height":700,"url":"https:\/\/paracherkaoui.ma\/wp-content\/uploads\/2025\/12\/hei-poa-hei-poa-soins-trad-multi-usage-pur-monoi-tahiti-parfum-coco-100ml-solaires.jpg","type":"image\/jpeg"}],"twitter_card":"summary_large_image","schema":{"@context":"https:\/\/schema.org","@graph":[{"@type":"WebPage","@id":"https:\/\/paracherkaoui.ma\/index.php\/produit\/hei-poa-soins-trad-multi-usage-pur-monoi-tahiti-parfum-coco-100ml\/","url":"https:\/\/paracherkaoui.ma\/index.php\/produit\/hei-poa-soins-trad-multi-usage-pur-monoi-tahiti-parfum-coco-100ml\/","name":"HEI POA SOINS TRAD MULTI USAGE PUR MONOI TAHITI-PARFUM COCO 100ML - Paracherkaoui.ma","isPartOf":{"@id":"https:\/\/paracherkaoui.ma\/#website"},"primaryImageOfPage":{"@id":"https:\/\/paracherkaoui.ma\/index.php\/produit\/hei-poa-soins-trad-multi-usage-pur-monoi-tahiti-parfum-coco-100ml\/#primaryimage"},"image":{"@id":"https:\/\/paracherkaoui.ma\/index.php\/produit\/hei-poa-soins-trad-multi-usage-pur-monoi-tahiti-parfum-coco-100ml\/#primaryimage"},"thumbnailUrl":"https:\/\/paracherkaoui.ma\/wp-content\/uploads\/2025\/12\/hei-poa-hei-poa-soins-trad-multi-usage-pur-monoi-tahiti-parfum-coco-100ml-solaires.jpg","datePublished":"2025-12-12T18:01:08+00:00","dateModified":"2025-12-12T18:01:11+00:00","breadcrumb":{"@id":"https:\/\/paracherkaoui.ma\/index.php\/produit\/hei-poa-soins-trad-multi-usage-pur-monoi-tahiti-parfum-coco-100ml\/#breadcrumb"},"inLanguage":"fr-FR","potentialAction":[{"@type":"ReadAction","target":["https:\/\/paracherkaoui.ma\/index.php\/produit\/hei-poa-soins-trad-multi-usage-pur-monoi-tahiti-parfum-coco-100ml\/"]}]},{"@type":"ImageObject","inLanguage":"fr-FR","@id":"https:\/\/paracherkaoui.ma\/index.php\/produit\/hei-poa-soins-trad-multi-usage-pur-monoi-tahiti-parfum-coco-100ml\/#primaryimage","url":"https:\/\/paracherkaoui.ma\/wp-content\/uploads\/2025\/12\/hei-poa-hei-poa-soins-trad-multi-usage-pur-monoi-tahiti-parfum-coco-100ml-solaires.jpg","contentUrl":"https:\/\/paracherkaoui.ma\/wp-content\/uploads\/2025\/12\/hei-poa-hei-poa-soins-trad-multi-usage-pur-monoi-tahiti-parfum-coco-100ml-solaires.jpg","width":700,"height":700},{"@type":"BreadcrumbList","@id":"https:\/\/paracherkaoui.ma\/index.php\/produit\/hei-poa-soins-trad-multi-usage-pur-monoi-tahiti-parfum-coco-100ml\/#breadcrumb","itemListElement":[{"@type":"ListItem","position":1,"name":"Accueil","item":"https:\/\/paracherkaoui.ma\/"},{"@type":"ListItem","position":2,"name":"Boutique","item":"https:\/\/paracherkaoui.ma\/index.php\/boutique\/"},{"@type":"ListItem","position":3,"name":"HEI POA SOINS TRAD MULTI USAGE PUR MONOI TAHITI-PARFUM COCO 100ML"}]},{"@type":"WebSite","@id":"https:\/\/paracherkaoui.ma\/#website","url":"https:\/\/paracherkaoui.ma\/","name":"Paracherkaoui.ma","description":"Achetez en ligne sur Paracherkaoui.ma","potentialAction":[{"@type":"SearchAction","target":{"@type":"EntryPoint","urlTemplate":"https:\/\/paracherkaoui.ma\/?s={search_term_string}"},"query-input":{"@type":"PropertyValueSpecification","valueRequired":true,"valueName":"search_term_string"}}],"inLanguage":"fr-FR"}]}},"_links":{"self":[{"href":"https:\/\/paracherkaoui.ma\/index.php\/wp-json\/wp\/v2\/product\/38845","targetHints":{"allow":["GET"]}}],"collection":[{"href":"https:\/\/paracherkaoui.ma\/index.php\/wp-json\/wp\/v2\/product"}],"about":[{"href":"https:\/\/paracherkaoui.ma\/index.php\/wp-json\/wp\/v2\/types\/product"}],"replies":[{"embeddable":true,"href":"https:\/\/paracherkaoui.ma\/index.php\/wp-json\/wp\/v2\/comments?post=38845"}],"version-history":[{"count":1,"href":"https:\/\/paracherkaoui.ma\/index.php\/wp-json\/wp\/v2\/product\/38845\/revisions"}],"predecessor-version":[{"id":38886,"href":"https:\/\/paracherkaoui.ma\/index.php\/wp-json\/wp\/v2\/product\/38845\/revisions\/38886"}],"wp:featuredmedia":[{"embeddable":true,"href":"https:\/\/paracherkaoui.ma\/index.php\/wp-json\/wp\/v2\/media\/38885"}],"wp:attachment":[{"href":"https:\/\/paracherkaoui.ma\/index.php\/wp-json\/wp\/v2\/media?parent=38845"}],"wp:term":[{"taxonomy":"product_brand","embeddable":true,"href":"https:\/\/paracherkaoui.ma\/index.php\/wp-json\/wp\/v2\/product_brand?post=38845"},{"taxonomy":"product_cat","embeddable":true,"href":"https:\/\/paracherkaoui.ma\/index.php\/wp-json\/wp\/v2\/product_cat?post=38845"},{"taxonomy":"product_tag","embeddable":true,"href":"https:\/\/paracherkaoui.ma\/index.php\/wp-json\/wp\/v2\/product_tag?post=38845"}],"curies":[{"name":"wp","href":"https:\/\/api.w.org\/{rel}","templated":true}]}}