{"id":38832,"date":"2025-12-12T19:01:07","date_gmt":"2025-12-12T18:01:07","guid":{"rendered":"https:\/\/test.ecbeaute.com\/?post_type=product&#038;p=38832"},"modified":"2025-12-12T19:01:09","modified_gmt":"2025-12-12T18:01:09","slug":"nuxe-sun-huile-bronzante-faible-protection-spf10-150-ml","status":"publish","type":"product","link":"https:\/\/paracherkaoui.ma\/index.php\/produit\/nuxe-sun-huile-bronzante-faible-protection-spf10-150-ml\/","title":{"rendered":"NUXE SUN HUILE BRONZANTE FAIBLE PROTECTION SPF10 150 ML"},"content":{"rendered":"<p>Conseils d\u2019utilisation :<br \/>\nAvant l\u2019exposition, appliquez g\u00e9n\u00e9reusement le produit. Renouvelez fr\u00e9quemment surtout apr\u00e8s avoir nag\u00e9 ou s\u2019\u00eatre essuy\u00e9. Si vous n\u2019appliquez pas suffisamment de produit, le niveau de protection solaire sera consid\u00e9rablement r\u00e9duit. Pr\u00e9cautions : l\u2019abus de soleil est dangereux. Evitez le soleil en milieu de journ\u00e9e. Un produit solaire ne vous procure pas 100% de protection. Ne pas vaporiser directement sur le visage. R\u00e9siste \u00e0 l\u2019eau. Photostable. Sans alcool. Non com\u00e9dog\u00e8ne. BREVET D\u00c9POS\u00c9 (FR)<\/p>\n","protected":false},"excerpt":{"rendered":"<p>Conseils d\u2019utilisation : Avant l\u2019exposition, appliquez g\u00e9n\u00e9reusement le produit. Renouvelez fr\u00e9quemment surtout apr\u00e8s avoir nag\u00e9 ou s\u2019\u00eatre essuy\u00e9. Si vous<\/p>\n","protected":false},"featured_media":38862,"comment_status":"open","ping_status":"closed","template":"","meta":[],"product_brand":[230],"product_cat":[679],"product_tag":[],"class_list":{"0":"post-38832","1":"product","2":"type-product","3":"status-publish","4":"has-post-thumbnail","6":"product_brand-nuxe","7":"product_cat-huile-solaire","9":"first","10":"instock","11":"sale","12":"shipping-taxable","13":"purchasable","14":"product-type-simple"},"yoast_head":"<!-- This site is optimized with the Yoast SEO plugin v26.6 - https:\/\/yoast.com\/wordpress\/plugins\/seo\/ -->\r\n<title>NUXE SUN HUILE BRONZANTE FAIBLE PROTECTION SPF10 150 ML - Paracherkaoui.ma<\/title>\r\n<meta name=\"robots\" content=\"index, follow, max-snippet:-1, max-image-preview:large, max-video-preview:-1\" \/>\r\n<link rel=\"canonical\" href=\"https:\/\/paracherkaoui.ma\/index.php\/produit\/nuxe-sun-huile-bronzante-faible-protection-spf10-150-ml\/\" \/>\r\n<meta property=\"og:locale\" content=\"fr_FR\" \/>\r\n<meta property=\"og:type\" content=\"article\" \/>\r\n<meta property=\"og:title\" content=\"NUXE SUN HUILE BRONZANTE FAIBLE PROTECTION SPF10 150 ML - Paracherkaoui.ma\" \/>\r\n<meta property=\"og:description\" content=\"Conseils d\u2019utilisation : Avant l\u2019exposition, appliquez g\u00e9n\u00e9reusement le produit. Renouvelez fr\u00e9quemment surtout apr\u00e8s avoir nag\u00e9 ou s\u2019\u00eatre essuy\u00e9. Si vous\" \/>\r\n<meta property=\"og:url\" content=\"https:\/\/paracherkaoui.ma\/index.php\/produit\/nuxe-sun-huile-bronzante-faible-protection-spf10-150-ml\/\" \/>\r\n<meta property=\"og:site_name\" content=\"Paracherkaoui.ma\" \/>\r\n<meta property=\"article:modified_time\" content=\"2025-12-12T18:01:09+00:00\" \/>\r\n<meta property=\"og:image\" content=\"https:\/\/paracherkaoui.ma\/wp-content\/uploads\/2025\/12\/nuxe-nuxe-sun-huile-bronzante-faible-protection-spf10-150-ml-bronzage.jpg\" \/>\r\n\t<meta property=\"og:image:width\" content=\"700\" \/>\r\n\t<meta property=\"og:image:height\" content=\"700\" \/>\r\n\t<meta property=\"og:image:type\" content=\"image\/jpeg\" \/>\r\n<meta name=\"twitter:card\" content=\"summary_large_image\" \/>\r\n<script type=\"application\/ld+json\" class=\"yoast-schema-graph\">{\"@context\":\"https:\/\/schema.org\",\"@graph\":[{\"@type\":\"WebPage\",\"@id\":\"https:\/\/paracherkaoui.ma\/index.php\/produit\/nuxe-sun-huile-bronzante-faible-protection-spf10-150-ml\/\",\"url\":\"https:\/\/paracherkaoui.ma\/index.php\/produit\/nuxe-sun-huile-bronzante-faible-protection-spf10-150-ml\/\",\"name\":\"NUXE SUN HUILE BRONZANTE FAIBLE PROTECTION SPF10 150 ML - Paracherkaoui.ma\",\"isPartOf\":{\"@id\":\"https:\/\/paracherkaoui.ma\/#website\"},\"primaryImageOfPage\":{\"@id\":\"https:\/\/paracherkaoui.ma\/index.php\/produit\/nuxe-sun-huile-bronzante-faible-protection-spf10-150-ml\/#primaryimage\"},\"image\":{\"@id\":\"https:\/\/paracherkaoui.ma\/index.php\/produit\/nuxe-sun-huile-bronzante-faible-protection-spf10-150-ml\/#primaryimage\"},\"thumbnailUrl\":\"https:\/\/paracherkaoui.ma\/wp-content\/uploads\/2025\/12\/nuxe-nuxe-sun-huile-bronzante-faible-protection-spf10-150-ml-bronzage.jpg\",\"datePublished\":\"2025-12-12T18:01:07+00:00\",\"dateModified\":\"2025-12-12T18:01:09+00:00\",\"breadcrumb\":{\"@id\":\"https:\/\/paracherkaoui.ma\/index.php\/produit\/nuxe-sun-huile-bronzante-faible-protection-spf10-150-ml\/#breadcrumb\"},\"inLanguage\":\"fr-FR\",\"potentialAction\":[{\"@type\":\"ReadAction\",\"target\":[\"https:\/\/paracherkaoui.ma\/index.php\/produit\/nuxe-sun-huile-bronzante-faible-protection-spf10-150-ml\/\"]}]},{\"@type\":\"ImageObject\",\"inLanguage\":\"fr-FR\",\"@id\":\"https:\/\/paracherkaoui.ma\/index.php\/produit\/nuxe-sun-huile-bronzante-faible-protection-spf10-150-ml\/#primaryimage\",\"url\":\"https:\/\/paracherkaoui.ma\/wp-content\/uploads\/2025\/12\/nuxe-nuxe-sun-huile-bronzante-faible-protection-spf10-150-ml-bronzage.jpg\",\"contentUrl\":\"https:\/\/paracherkaoui.ma\/wp-content\/uploads\/2025\/12\/nuxe-nuxe-sun-huile-bronzante-faible-protection-spf10-150-ml-bronzage.jpg\",\"width\":700,\"height\":700},{\"@type\":\"BreadcrumbList\",\"@id\":\"https:\/\/paracherkaoui.ma\/index.php\/produit\/nuxe-sun-huile-bronzante-faible-protection-spf10-150-ml\/#breadcrumb\",\"itemListElement\":[{\"@type\":\"ListItem\",\"position\":1,\"name\":\"Accueil\",\"item\":\"https:\/\/paracherkaoui.ma\/\"},{\"@type\":\"ListItem\",\"position\":2,\"name\":\"Boutique\",\"item\":\"https:\/\/paracherkaoui.ma\/index.php\/boutique\/\"},{\"@type\":\"ListItem\",\"position\":3,\"name\":\"NUXE SUN HUILE BRONZANTE FAIBLE PROTECTION SPF10 150 ML\"}]},{\"@type\":\"WebSite\",\"@id\":\"https:\/\/paracherkaoui.ma\/#website\",\"url\":\"https:\/\/paracherkaoui.ma\/\",\"name\":\"Paracherkaoui.ma\",\"description\":\"Achetez en ligne sur Paracherkaoui.ma\",\"potentialAction\":[{\"@type\":\"SearchAction\",\"target\":{\"@type\":\"EntryPoint\",\"urlTemplate\":\"https:\/\/paracherkaoui.ma\/?s={search_term_string}\"},\"query-input\":{\"@type\":\"PropertyValueSpecification\",\"valueRequired\":true,\"valueName\":\"search_term_string\"}}],\"inLanguage\":\"fr-FR\"}]}<\/script>\r\n<!-- \/ Yoast SEO plugin. -->","yoast_head_json":{"title":"NUXE SUN HUILE BRONZANTE FAIBLE PROTECTION SPF10 150 ML - Paracherkaoui.ma","robots":{"index":"index","follow":"follow","max-snippet":"max-snippet:-1","max-image-preview":"max-image-preview:large","max-video-preview":"max-video-preview:-1"},"canonical":"https:\/\/paracherkaoui.ma\/index.php\/produit\/nuxe-sun-huile-bronzante-faible-protection-spf10-150-ml\/","og_locale":"fr_FR","og_type":"article","og_title":"NUXE SUN HUILE BRONZANTE FAIBLE PROTECTION SPF10 150 ML - Paracherkaoui.ma","og_description":"Conseils d\u2019utilisation : Avant l\u2019exposition, appliquez g\u00e9n\u00e9reusement le produit. Renouvelez fr\u00e9quemment surtout apr\u00e8s avoir nag\u00e9 ou s\u2019\u00eatre essuy\u00e9. Si vous","og_url":"https:\/\/paracherkaoui.ma\/index.php\/produit\/nuxe-sun-huile-bronzante-faible-protection-spf10-150-ml\/","og_site_name":"Paracherkaoui.ma","article_modified_time":"2025-12-12T18:01:09+00:00","og_image":[{"width":700,"height":700,"url":"https:\/\/paracherkaoui.ma\/wp-content\/uploads\/2025\/12\/nuxe-nuxe-sun-huile-bronzante-faible-protection-spf10-150-ml-bronzage.jpg","type":"image\/jpeg"}],"twitter_card":"summary_large_image","schema":{"@context":"https:\/\/schema.org","@graph":[{"@type":"WebPage","@id":"https:\/\/paracherkaoui.ma\/index.php\/produit\/nuxe-sun-huile-bronzante-faible-protection-spf10-150-ml\/","url":"https:\/\/paracherkaoui.ma\/index.php\/produit\/nuxe-sun-huile-bronzante-faible-protection-spf10-150-ml\/","name":"NUXE SUN HUILE BRONZANTE FAIBLE PROTECTION SPF10 150 ML - Paracherkaoui.ma","isPartOf":{"@id":"https:\/\/paracherkaoui.ma\/#website"},"primaryImageOfPage":{"@id":"https:\/\/paracherkaoui.ma\/index.php\/produit\/nuxe-sun-huile-bronzante-faible-protection-spf10-150-ml\/#primaryimage"},"image":{"@id":"https:\/\/paracherkaoui.ma\/index.php\/produit\/nuxe-sun-huile-bronzante-faible-protection-spf10-150-ml\/#primaryimage"},"thumbnailUrl":"https:\/\/paracherkaoui.ma\/wp-content\/uploads\/2025\/12\/nuxe-nuxe-sun-huile-bronzante-faible-protection-spf10-150-ml-bronzage.jpg","datePublished":"2025-12-12T18:01:07+00:00","dateModified":"2025-12-12T18:01:09+00:00","breadcrumb":{"@id":"https:\/\/paracherkaoui.ma\/index.php\/produit\/nuxe-sun-huile-bronzante-faible-protection-spf10-150-ml\/#breadcrumb"},"inLanguage":"fr-FR","potentialAction":[{"@type":"ReadAction","target":["https:\/\/paracherkaoui.ma\/index.php\/produit\/nuxe-sun-huile-bronzante-faible-protection-spf10-150-ml\/"]}]},{"@type":"ImageObject","inLanguage":"fr-FR","@id":"https:\/\/paracherkaoui.ma\/index.php\/produit\/nuxe-sun-huile-bronzante-faible-protection-spf10-150-ml\/#primaryimage","url":"https:\/\/paracherkaoui.ma\/wp-content\/uploads\/2025\/12\/nuxe-nuxe-sun-huile-bronzante-faible-protection-spf10-150-ml-bronzage.jpg","contentUrl":"https:\/\/paracherkaoui.ma\/wp-content\/uploads\/2025\/12\/nuxe-nuxe-sun-huile-bronzante-faible-protection-spf10-150-ml-bronzage.jpg","width":700,"height":700},{"@type":"BreadcrumbList","@id":"https:\/\/paracherkaoui.ma\/index.php\/produit\/nuxe-sun-huile-bronzante-faible-protection-spf10-150-ml\/#breadcrumb","itemListElement":[{"@type":"ListItem","position":1,"name":"Accueil","item":"https:\/\/paracherkaoui.ma\/"},{"@type":"ListItem","position":2,"name":"Boutique","item":"https:\/\/paracherkaoui.ma\/index.php\/boutique\/"},{"@type":"ListItem","position":3,"name":"NUXE SUN HUILE BRONZANTE FAIBLE PROTECTION SPF10 150 ML"}]},{"@type":"WebSite","@id":"https:\/\/paracherkaoui.ma\/#website","url":"https:\/\/paracherkaoui.ma\/","name":"Paracherkaoui.ma","description":"Achetez en ligne sur Paracherkaoui.ma","potentialAction":[{"@type":"SearchAction","target":{"@type":"EntryPoint","urlTemplate":"https:\/\/paracherkaoui.ma\/?s={search_term_string}"},"query-input":{"@type":"PropertyValueSpecification","valueRequired":true,"valueName":"search_term_string"}}],"inLanguage":"fr-FR"}]}},"_links":{"self":[{"href":"https:\/\/paracherkaoui.ma\/index.php\/wp-json\/wp\/v2\/product\/38832","targetHints":{"allow":["GET"]}}],"collection":[{"href":"https:\/\/paracherkaoui.ma\/index.php\/wp-json\/wp\/v2\/product"}],"about":[{"href":"https:\/\/paracherkaoui.ma\/index.php\/wp-json\/wp\/v2\/types\/product"}],"replies":[{"embeddable":true,"href":"https:\/\/paracherkaoui.ma\/index.php\/wp-json\/wp\/v2\/comments?post=38832"}],"version-history":[{"count":1,"href":"https:\/\/paracherkaoui.ma\/index.php\/wp-json\/wp\/v2\/product\/38832\/revisions"}],"predecessor-version":[{"id":38863,"href":"https:\/\/paracherkaoui.ma\/index.php\/wp-json\/wp\/v2\/product\/38832\/revisions\/38863"}],"wp:featuredmedia":[{"embeddable":true,"href":"https:\/\/paracherkaoui.ma\/index.php\/wp-json\/wp\/v2\/media\/38862"}],"wp:attachment":[{"href":"https:\/\/paracherkaoui.ma\/index.php\/wp-json\/wp\/v2\/media?parent=38832"}],"wp:term":[{"taxonomy":"product_brand","embeddable":true,"href":"https:\/\/paracherkaoui.ma\/index.php\/wp-json\/wp\/v2\/product_brand?post=38832"},{"taxonomy":"product_cat","embeddable":true,"href":"https:\/\/paracherkaoui.ma\/index.php\/wp-json\/wp\/v2\/product_cat?post=38832"},{"taxonomy":"product_tag","embeddable":true,"href":"https:\/\/paracherkaoui.ma\/index.php\/wp-json\/wp\/v2\/product_tag?post=38832"}],"curies":[{"name":"wp","href":"https:\/\/api.w.org\/{rel}","templated":true}]}}