{"id":38777,"date":"2025-12-12T19:01:00","date_gmt":"2025-12-12T18:01:00","guid":{"rendered":"https:\/\/test.ecbeaute.com\/?post_type=product&#038;p=38777"},"modified":"2025-12-12T19:01:05","modified_gmt":"2025-12-12T18:01:05","slug":"dermedic-sunbrella-fluide-ultra-leger-spf50-peaux-hyper-reactive-40ml-2","status":"publish","type":"product","link":"https:\/\/paracherkaoui.ma\/index.php\/produit\/dermedic-sunbrella-fluide-ultra-leger-spf50-peaux-hyper-reactive-40ml-2\/","title":{"rendered":"DERMEDIC SUNBRELLA FLUIDE ULTRA LEGER SPF50+ PEAUX HYPER REACTIVE 40ML"},"content":{"rendered":"<p>Dermedic, sp\u00e9cialiste des soins dermo-cosm\u00e9tiques, a formul\u00e9 ce fluide innovant pour une action compl\u00e8te et une efficacit\u00e9 prouv\u00e9e :<br \/>\nTr\u00e8s Haute Protection SPF50+ et Respect des Peaux Sensibles : La force de ce produit r\u00e9side dans son bouclier ultra-performant. Le fluide Sunbrella offre un tr\u00e8s haut niveau de protection SPF 50+, garantissant une d\u00e9fense efficace contre le spectre complet des rayons du soleil. C&rsquo;est la protection id\u00e9ale pour les peaux sensibles ou couperos\u00e9es qui sont particuli\u00e8rement r\u00e9actives aux UV.<br \/>\nUne Formule \u00e0 Base d&rsquo;Eau, Hydratante et Invisible : L&rsquo;un des atouts majeurs de ce fluide est sa texture r\u00e9volutionnaire. Sa base d&rsquo;eau thermale et de glyc\u00e9rine offre une hydratation intense sans alourdir la peau. Il est rapidement absorb\u00e9 et ne laisse pas de film blanc sur la peau, pour un confort imm\u00e9diat et un fini totalement invisible. C&rsquo;est la solution parfaite pour celles et ceux qui d\u00e9testent la sensation collante des cr\u00e8mes solaires et qui veulent un produit qui se fait oublier.<br \/>\nRenforcement Cibl\u00e9e des Capillaires : Un Bienfait Anti-Rougeurs ! Ce fluide est bien plus qu&rsquo;une simple protection solaire. Il est enrichi d&rsquo;un complexe d&rsquo;extraits v\u00e9g\u00e9taux d&rsquo;arnica, d\u2019hamam\u00e9lis, de marron d\u2019Inde, de lierre et de vigne. Ces actifs sont r\u00e9put\u00e9s pour favoriser l&rsquo;\u00e9tanch\u00e9it\u00e9 et le renforcement des capillaires. En utilisant ce fluide, vous agissez directement pour r\u00e9duire les rougeurs et am\u00e9liorer la r\u00e9sistance de votre peau, pour un teint plus uniforme et apais\u00e9.<br \/>\nUn Geste Simple pour un Confort au Quotidien : Avec sa formule douce et son fini invisible, ce fluide devient une \u00e9tape agr\u00e9able de votre routine beaut\u00e9. Son flacon pratique vous permet de l&#8217;emporter partout et d&rsquo;appliquer la juste dose pour une protection optimale. Il est id\u00e9al pour une utilisation quotidienne et sous le maquillage.<br \/>\nAvec le DERMEDIC SUNBRELLA Fluide Ultra-L\u00e9ger SPF50+, offrez \u00e0 votre peau sensible le soin qu&rsquo;elle m\u00e9rite. Dites adieu aux irritations et aux r\u00e9sidus blancs, et bonjour \u00e0 une protection haute performance, un confort optimal et un teint apais\u00e9 et radieux.<br \/>\nConseils d&rsquo;utilisation :<br \/>\nAppliquez le fluide g\u00e9n\u00e9reusement et uniform\u00e9ment sur la peau environ 20 minutes avant de vous exposer au soleil.<\/p>\n","protected":false},"excerpt":{"rendered":"<p>Dermedic, sp\u00e9cialiste des soins dermo-cosm\u00e9tiques, a formul\u00e9 ce fluide innovant pour une action compl\u00e8te et une efficacit\u00e9 prouv\u00e9e : Tr\u00e8s<\/p>\n","protected":false},"featured_media":38459,"comment_status":"open","ping_status":"closed","template":"","meta":[],"product_brand":[299],"product_cat":[678],"product_tag":[],"class_list":{"0":"post-38777","1":"product","2":"type-product","3":"status-publish","4":"has-post-thumbnail","6":"product_brand-dermedic","7":"product_cat-gels-solaire","9":"first","10":"instock","11":"sale","12":"shipping-taxable","13":"purchasable","14":"product-type-simple"},"yoast_head":"<!-- This site is optimized with the Yoast SEO plugin v26.6 - https:\/\/yoast.com\/wordpress\/plugins\/seo\/ -->\r\n<title>DERMEDIC SUNBRELLA FLUIDE ULTRA LEGER SPF50+ PEAUX HYPER REACTIVE 40ML - Paracherkaoui.ma<\/title>\r\n<meta name=\"robots\" content=\"index, follow, max-snippet:-1, max-image-preview:large, max-video-preview:-1\" \/>\r\n<link rel=\"canonical\" href=\"https:\/\/paracherkaoui.ma\/index.php\/produit\/dermedic-sunbrella-fluide-ultra-leger-spf50-peaux-hyper-reactive-40ml-2\/\" \/>\r\n<meta property=\"og:locale\" content=\"fr_FR\" \/>\r\n<meta property=\"og:type\" content=\"article\" \/>\r\n<meta property=\"og:title\" content=\"DERMEDIC SUNBRELLA FLUIDE ULTRA LEGER SPF50+ PEAUX HYPER REACTIVE 40ML - Paracherkaoui.ma\" \/>\r\n<meta property=\"og:description\" content=\"Dermedic, sp\u00e9cialiste des soins dermo-cosm\u00e9tiques, a formul\u00e9 ce fluide innovant pour une action compl\u00e8te et une efficacit\u00e9 prouv\u00e9e : Tr\u00e8s\" \/>\r\n<meta property=\"og:url\" content=\"https:\/\/paracherkaoui.ma\/index.php\/produit\/dermedic-sunbrella-fluide-ultra-leger-spf50-peaux-hyper-reactive-40ml-2\/\" \/>\r\n<meta property=\"og:site_name\" content=\"Paracherkaoui.ma\" \/>\r\n<meta property=\"article:modified_time\" content=\"2025-12-12T18:01:05+00:00\" \/>\r\n<meta property=\"og:image\" content=\"https:\/\/paracherkaoui.ma\/wp-content\/uploads\/2025\/12\/dermedic-sunbrella-fluide-ultra-leger-spf50-peaux-hyper-reactive-40ml.jpg\" \/>\r\n\t<meta property=\"og:image:width\" content=\"700\" \/>\r\n\t<meta property=\"og:image:height\" content=\"700\" \/>\r\n\t<meta property=\"og:image:type\" content=\"image\/jpeg\" \/>\r\n<meta name=\"twitter:card\" content=\"summary_large_image\" \/>\r\n<meta name=\"twitter:label1\" content=\"Dur\u00e9e de lecture estim\u00e9e\" \/>\n\t<meta name=\"twitter:data1\" content=\"2 minutes\" \/>\r\n<script type=\"application\/ld+json\" class=\"yoast-schema-graph\">{\"@context\":\"https:\/\/schema.org\",\"@graph\":[{\"@type\":\"WebPage\",\"@id\":\"https:\/\/paracherkaoui.ma\/index.php\/produit\/dermedic-sunbrella-fluide-ultra-leger-spf50-peaux-hyper-reactive-40ml-2\/\",\"url\":\"https:\/\/paracherkaoui.ma\/index.php\/produit\/dermedic-sunbrella-fluide-ultra-leger-spf50-peaux-hyper-reactive-40ml-2\/\",\"name\":\"DERMEDIC SUNBRELLA FLUIDE ULTRA LEGER SPF50+ PEAUX HYPER REACTIVE 40ML - Paracherkaoui.ma\",\"isPartOf\":{\"@id\":\"https:\/\/paracherkaoui.ma\/#website\"},\"primaryImageOfPage\":{\"@id\":\"https:\/\/paracherkaoui.ma\/index.php\/produit\/dermedic-sunbrella-fluide-ultra-leger-spf50-peaux-hyper-reactive-40ml-2\/#primaryimage\"},\"image\":{\"@id\":\"https:\/\/paracherkaoui.ma\/index.php\/produit\/dermedic-sunbrella-fluide-ultra-leger-spf50-peaux-hyper-reactive-40ml-2\/#primaryimage\"},\"thumbnailUrl\":\"https:\/\/paracherkaoui.ma\/wp-content\/uploads\/2025\/12\/dermedic-sunbrella-fluide-ultra-leger-spf50-peaux-hyper-reactive-40ml.jpg\",\"datePublished\":\"2025-12-12T18:01:00+00:00\",\"dateModified\":\"2025-12-12T18:01:05+00:00\",\"breadcrumb\":{\"@id\":\"https:\/\/paracherkaoui.ma\/index.php\/produit\/dermedic-sunbrella-fluide-ultra-leger-spf50-peaux-hyper-reactive-40ml-2\/#breadcrumb\"},\"inLanguage\":\"fr-FR\",\"potentialAction\":[{\"@type\":\"ReadAction\",\"target\":[\"https:\/\/paracherkaoui.ma\/index.php\/produit\/dermedic-sunbrella-fluide-ultra-leger-spf50-peaux-hyper-reactive-40ml-2\/\"]}]},{\"@type\":\"ImageObject\",\"inLanguage\":\"fr-FR\",\"@id\":\"https:\/\/paracherkaoui.ma\/index.php\/produit\/dermedic-sunbrella-fluide-ultra-leger-spf50-peaux-hyper-reactive-40ml-2\/#primaryimage\",\"url\":\"https:\/\/paracherkaoui.ma\/wp-content\/uploads\/2025\/12\/dermedic-sunbrella-fluide-ultra-leger-spf50-peaux-hyper-reactive-40ml.jpg\",\"contentUrl\":\"https:\/\/paracherkaoui.ma\/wp-content\/uploads\/2025\/12\/dermedic-sunbrella-fluide-ultra-leger-spf50-peaux-hyper-reactive-40ml.jpg\",\"width\":700,\"height\":700},{\"@type\":\"BreadcrumbList\",\"@id\":\"https:\/\/paracherkaoui.ma\/index.php\/produit\/dermedic-sunbrella-fluide-ultra-leger-spf50-peaux-hyper-reactive-40ml-2\/#breadcrumb\",\"itemListElement\":[{\"@type\":\"ListItem\",\"position\":1,\"name\":\"Accueil\",\"item\":\"https:\/\/paracherkaoui.ma\/\"},{\"@type\":\"ListItem\",\"position\":2,\"name\":\"Boutique\",\"item\":\"https:\/\/paracherkaoui.ma\/index.php\/boutique\/\"},{\"@type\":\"ListItem\",\"position\":3,\"name\":\"DERMEDIC SUNBRELLA FLUIDE ULTRA LEGER SPF50+ PEAUX HYPER REACTIVE 40ML\"}]},{\"@type\":\"WebSite\",\"@id\":\"https:\/\/paracherkaoui.ma\/#website\",\"url\":\"https:\/\/paracherkaoui.ma\/\",\"name\":\"Paracherkaoui.ma\",\"description\":\"Achetez en ligne sur Paracherkaoui.ma\",\"potentialAction\":[{\"@type\":\"SearchAction\",\"target\":{\"@type\":\"EntryPoint\",\"urlTemplate\":\"https:\/\/paracherkaoui.ma\/?s={search_term_string}\"},\"query-input\":{\"@type\":\"PropertyValueSpecification\",\"valueRequired\":true,\"valueName\":\"search_term_string\"}}],\"inLanguage\":\"fr-FR\"}]}<\/script>\r\n<!-- \/ Yoast SEO plugin. -->","yoast_head_json":{"title":"DERMEDIC SUNBRELLA FLUIDE ULTRA LEGER SPF50+ PEAUX HYPER REACTIVE 40ML - Paracherkaoui.ma","robots":{"index":"index","follow":"follow","max-snippet":"max-snippet:-1","max-image-preview":"max-image-preview:large","max-video-preview":"max-video-preview:-1"},"canonical":"https:\/\/paracherkaoui.ma\/index.php\/produit\/dermedic-sunbrella-fluide-ultra-leger-spf50-peaux-hyper-reactive-40ml-2\/","og_locale":"fr_FR","og_type":"article","og_title":"DERMEDIC SUNBRELLA FLUIDE ULTRA LEGER SPF50+ PEAUX HYPER REACTIVE 40ML - Paracherkaoui.ma","og_description":"Dermedic, sp\u00e9cialiste des soins dermo-cosm\u00e9tiques, a formul\u00e9 ce fluide innovant pour une action compl\u00e8te et une efficacit\u00e9 prouv\u00e9e : Tr\u00e8s","og_url":"https:\/\/paracherkaoui.ma\/index.php\/produit\/dermedic-sunbrella-fluide-ultra-leger-spf50-peaux-hyper-reactive-40ml-2\/","og_site_name":"Paracherkaoui.ma","article_modified_time":"2025-12-12T18:01:05+00:00","og_image":[{"width":700,"height":700,"url":"https:\/\/paracherkaoui.ma\/wp-content\/uploads\/2025\/12\/dermedic-sunbrella-fluide-ultra-leger-spf50-peaux-hyper-reactive-40ml.jpg","type":"image\/jpeg"}],"twitter_card":"summary_large_image","twitter_misc":{"Dur\u00e9e de lecture estim\u00e9e":"2 minutes"},"schema":{"@context":"https:\/\/schema.org","@graph":[{"@type":"WebPage","@id":"https:\/\/paracherkaoui.ma\/index.php\/produit\/dermedic-sunbrella-fluide-ultra-leger-spf50-peaux-hyper-reactive-40ml-2\/","url":"https:\/\/paracherkaoui.ma\/index.php\/produit\/dermedic-sunbrella-fluide-ultra-leger-spf50-peaux-hyper-reactive-40ml-2\/","name":"DERMEDIC SUNBRELLA FLUIDE ULTRA LEGER SPF50+ PEAUX HYPER REACTIVE 40ML - Paracherkaoui.ma","isPartOf":{"@id":"https:\/\/paracherkaoui.ma\/#website"},"primaryImageOfPage":{"@id":"https:\/\/paracherkaoui.ma\/index.php\/produit\/dermedic-sunbrella-fluide-ultra-leger-spf50-peaux-hyper-reactive-40ml-2\/#primaryimage"},"image":{"@id":"https:\/\/paracherkaoui.ma\/index.php\/produit\/dermedic-sunbrella-fluide-ultra-leger-spf50-peaux-hyper-reactive-40ml-2\/#primaryimage"},"thumbnailUrl":"https:\/\/paracherkaoui.ma\/wp-content\/uploads\/2025\/12\/dermedic-sunbrella-fluide-ultra-leger-spf50-peaux-hyper-reactive-40ml.jpg","datePublished":"2025-12-12T18:01:00+00:00","dateModified":"2025-12-12T18:01:05+00:00","breadcrumb":{"@id":"https:\/\/paracherkaoui.ma\/index.php\/produit\/dermedic-sunbrella-fluide-ultra-leger-spf50-peaux-hyper-reactive-40ml-2\/#breadcrumb"},"inLanguage":"fr-FR","potentialAction":[{"@type":"ReadAction","target":["https:\/\/paracherkaoui.ma\/index.php\/produit\/dermedic-sunbrella-fluide-ultra-leger-spf50-peaux-hyper-reactive-40ml-2\/"]}]},{"@type":"ImageObject","inLanguage":"fr-FR","@id":"https:\/\/paracherkaoui.ma\/index.php\/produit\/dermedic-sunbrella-fluide-ultra-leger-spf50-peaux-hyper-reactive-40ml-2\/#primaryimage","url":"https:\/\/paracherkaoui.ma\/wp-content\/uploads\/2025\/12\/dermedic-sunbrella-fluide-ultra-leger-spf50-peaux-hyper-reactive-40ml.jpg","contentUrl":"https:\/\/paracherkaoui.ma\/wp-content\/uploads\/2025\/12\/dermedic-sunbrella-fluide-ultra-leger-spf50-peaux-hyper-reactive-40ml.jpg","width":700,"height":700},{"@type":"BreadcrumbList","@id":"https:\/\/paracherkaoui.ma\/index.php\/produit\/dermedic-sunbrella-fluide-ultra-leger-spf50-peaux-hyper-reactive-40ml-2\/#breadcrumb","itemListElement":[{"@type":"ListItem","position":1,"name":"Accueil","item":"https:\/\/paracherkaoui.ma\/"},{"@type":"ListItem","position":2,"name":"Boutique","item":"https:\/\/paracherkaoui.ma\/index.php\/boutique\/"},{"@type":"ListItem","position":3,"name":"DERMEDIC SUNBRELLA FLUIDE ULTRA LEGER SPF50+ PEAUX HYPER REACTIVE 40ML"}]},{"@type":"WebSite","@id":"https:\/\/paracherkaoui.ma\/#website","url":"https:\/\/paracherkaoui.ma\/","name":"Paracherkaoui.ma","description":"Achetez en ligne sur Paracherkaoui.ma","potentialAction":[{"@type":"SearchAction","target":{"@type":"EntryPoint","urlTemplate":"https:\/\/paracherkaoui.ma\/?s={search_term_string}"},"query-input":{"@type":"PropertyValueSpecification","valueRequired":true,"valueName":"search_term_string"}}],"inLanguage":"fr-FR"}]}},"_links":{"self":[{"href":"https:\/\/paracherkaoui.ma\/index.php\/wp-json\/wp\/v2\/product\/38777","targetHints":{"allow":["GET"]}}],"collection":[{"href":"https:\/\/paracherkaoui.ma\/index.php\/wp-json\/wp\/v2\/product"}],"about":[{"href":"https:\/\/paracherkaoui.ma\/index.php\/wp-json\/wp\/v2\/types\/product"}],"replies":[{"embeddable":true,"href":"https:\/\/paracherkaoui.ma\/index.php\/wp-json\/wp\/v2\/comments?post=38777"}],"version-history":[{"count":1,"href":"https:\/\/paracherkaoui.ma\/index.php\/wp-json\/wp\/v2\/product\/38777\/revisions"}],"predecessor-version":[{"id":38819,"href":"https:\/\/paracherkaoui.ma\/index.php\/wp-json\/wp\/v2\/product\/38777\/revisions\/38819"}],"wp:featuredmedia":[{"embeddable":true,"href":"https:\/\/paracherkaoui.ma\/index.php\/wp-json\/wp\/v2\/media\/38459"}],"wp:attachment":[{"href":"https:\/\/paracherkaoui.ma\/index.php\/wp-json\/wp\/v2\/media?parent=38777"}],"wp:term":[{"taxonomy":"product_brand","embeddable":true,"href":"https:\/\/paracherkaoui.ma\/index.php\/wp-json\/wp\/v2\/product_brand?post=38777"},{"taxonomy":"product_cat","embeddable":true,"href":"https:\/\/paracherkaoui.ma\/index.php\/wp-json\/wp\/v2\/product_cat?post=38777"},{"taxonomy":"product_tag","embeddable":true,"href":"https:\/\/paracherkaoui.ma\/index.php\/wp-json\/wp\/v2\/product_tag?post=38777"}],"curies":[{"name":"wp","href":"https:\/\/api.w.org\/{rel}","templated":true}]}}