{"id":38775,"date":"2025-12-12T19:01:00","date_gmt":"2025-12-12T18:01:00","guid":{"rendered":"https:\/\/test.ecbeaute.com\/?post_type=product&#038;p=38775"},"modified":"2025-12-12T19:01:04","modified_gmt":"2025-12-12T18:01:04","slug":"australian-gold-instant-bronzer-spray-gel-spf30-ecran-solaire-100ml","status":"publish","type":"product","link":"https:\/\/paracherkaoui.ma\/index.php\/produit\/australian-gold-instant-bronzer-spray-gel-spf30-ecran-solaire-100ml\/","title":{"rendered":"AUSTRALIAN GOLD INSTANT BRONZER SPRAY GEL SPF30 ECRAN SOLAIRE 100ML"},"content":{"rendered":"<p>Ce Gel Spray SPF 30 avec Bronzant est une v\u00e9ritable prouesse de la protection solaire combin\u00e9e \u00e0 l&rsquo;esth\u00e9tique. Il est con\u00e7u pour trois actions simultan\u00e9es : il prot\u00e8ge, hydrate intens\u00e9ment votre peau et l&rsquo;apaise, tout en lui donnant un bronzage \u00e9clatant en un clin d&rsquo;\u0153il. Plus besoin de choisir entre protection et h\u00e2le dor\u00e9, vous avez les deux !<br \/>\nAvec un SPF 30, ce gel spray prot\u00e8ge id\u00e9alement votre peau contre les rayons U.V.A et U.V.B. Les UVA sont responsables du vieillissement cutan\u00e9 pr\u00e9matur\u00e9 (rides, taches) et des r\u00e9actions allergiques, tandis que les UVB sont la cause principale des coups de soleil. Ce large spectre de protection vous assure une d\u00e9fense robuste, essentielle pour pr\u00e9server la sant\u00e9 et la jeunesse de votre \u00e9piderme, m\u00eame sous un soleil intense.<br \/>\nMais la magie op\u00e8re aussi gr\u00e2ce \u00e0 ses agents bronzants. Le gel contient des agents bronzants naturels au caramel, ce qui signifie que vous obtiendrez un h\u00e2le dor\u00e9 rapidement et en profondeur ! Le caramel d\u00e9pose une teinte l\u00e9g\u00e8re et dor\u00e9e sur votre peau d\u00e8s l&rsquo;application, vous donnant un effet bronz\u00e9 instantan\u00e9, tandis que votre bronzage naturel se d\u00e9veloppe en dessous. C&rsquo;est le secret pour un \u00ab\u00a0coup de soleil\u00a0\u00bb contr\u00f4l\u00e9 et sans les dommages r\u00e9els. Le formidable r\u00e9sultat de bronzage est visible et durable.<br \/>\nConseils d&rsquo;utilisation :<br \/>\nAppliquez g\u00e9n\u00e9reusement le gel spray sur toutes les zones de votre peau expos\u00e9es au soleil, au minimum 20 minutes avant toute exposition. Cela permet au produit de bien adh\u00e9rer et d&rsquo;activer ses agents bronzants.<\/p>\n","protected":false},"excerpt":{"rendered":"<p>Ce Gel Spray SPF 30 avec Bronzant est une v\u00e9ritable prouesse de la protection solaire combin\u00e9e \u00e0 l&rsquo;esth\u00e9tique. Il est<\/p>\n","protected":false},"featured_media":38815,"comment_status":"open","ping_status":"closed","template":"","meta":[],"product_brand":[542],"product_cat":[678],"product_tag":[],"class_list":{"0":"post-38775","1":"product","2":"type-product","3":"status-publish","4":"has-post-thumbnail","6":"product_brand-australian-gold","7":"product_cat-gels-solaire","9":"first","10":"instock","11":"shipping-taxable","12":"purchasable","13":"product-type-simple"},"yoast_head":"<!-- This site is optimized with the Yoast SEO plugin v26.6 - https:\/\/yoast.com\/wordpress\/plugins\/seo\/ -->\r\n<title>AUSTRALIAN GOLD INSTANT BRONZER SPRAY GEL SPF30 ECRAN SOLAIRE 100ML - Paracherkaoui.ma<\/title>\r\n<meta name=\"robots\" content=\"index, follow, max-snippet:-1, max-image-preview:large, max-video-preview:-1\" \/>\r\n<link rel=\"canonical\" href=\"https:\/\/paracherkaoui.ma\/index.php\/produit\/australian-gold-instant-bronzer-spray-gel-spf30-ecran-solaire-100ml\/\" \/>\r\n<meta property=\"og:locale\" content=\"fr_FR\" \/>\r\n<meta property=\"og:type\" content=\"article\" \/>\r\n<meta property=\"og:title\" content=\"AUSTRALIAN GOLD INSTANT BRONZER SPRAY GEL SPF30 ECRAN SOLAIRE 100ML - Paracherkaoui.ma\" \/>\r\n<meta property=\"og:description\" content=\"Ce Gel Spray SPF 30 avec Bronzant est une v\u00e9ritable prouesse de la protection solaire combin\u00e9e \u00e0 l&rsquo;esth\u00e9tique. Il est\" \/>\r\n<meta property=\"og:url\" content=\"https:\/\/paracherkaoui.ma\/index.php\/produit\/australian-gold-instant-bronzer-spray-gel-spf30-ecran-solaire-100ml\/\" \/>\r\n<meta property=\"og:site_name\" content=\"Paracherkaoui.ma\" \/>\r\n<meta property=\"article:modified_time\" content=\"2025-12-12T18:01:04+00:00\" \/>\r\n<meta property=\"og:image\" content=\"https:\/\/paracherkaoui.ma\/wp-content\/uploads\/2025\/12\/australian-gold-instant-bronzer-spray-gel-spf30-ecran-solaire-100ml.jpg\" \/>\r\n\t<meta property=\"og:image:width\" content=\"700\" \/>\r\n\t<meta property=\"og:image:height\" content=\"700\" \/>\r\n\t<meta property=\"og:image:type\" content=\"image\/jpeg\" \/>\r\n<meta name=\"twitter:card\" content=\"summary_large_image\" \/>\r\n<meta name=\"twitter:label1\" content=\"Dur\u00e9e de lecture estim\u00e9e\" \/>\n\t<meta name=\"twitter:data1\" content=\"1 minute\" \/>\r\n<script type=\"application\/ld+json\" class=\"yoast-schema-graph\">{\"@context\":\"https:\/\/schema.org\",\"@graph\":[{\"@type\":\"WebPage\",\"@id\":\"https:\/\/paracherkaoui.ma\/index.php\/produit\/australian-gold-instant-bronzer-spray-gel-spf30-ecran-solaire-100ml\/\",\"url\":\"https:\/\/paracherkaoui.ma\/index.php\/produit\/australian-gold-instant-bronzer-spray-gel-spf30-ecran-solaire-100ml\/\",\"name\":\"AUSTRALIAN GOLD INSTANT BRONZER SPRAY GEL SPF30 ECRAN SOLAIRE 100ML - Paracherkaoui.ma\",\"isPartOf\":{\"@id\":\"https:\/\/paracherkaoui.ma\/#website\"},\"primaryImageOfPage\":{\"@id\":\"https:\/\/paracherkaoui.ma\/index.php\/produit\/australian-gold-instant-bronzer-spray-gel-spf30-ecran-solaire-100ml\/#primaryimage\"},\"image\":{\"@id\":\"https:\/\/paracherkaoui.ma\/index.php\/produit\/australian-gold-instant-bronzer-spray-gel-spf30-ecran-solaire-100ml\/#primaryimage\"},\"thumbnailUrl\":\"https:\/\/paracherkaoui.ma\/wp-content\/uploads\/2025\/12\/australian-gold-instant-bronzer-spray-gel-spf30-ecran-solaire-100ml.jpg\",\"datePublished\":\"2025-12-12T18:01:00+00:00\",\"dateModified\":\"2025-12-12T18:01:04+00:00\",\"breadcrumb\":{\"@id\":\"https:\/\/paracherkaoui.ma\/index.php\/produit\/australian-gold-instant-bronzer-spray-gel-spf30-ecran-solaire-100ml\/#breadcrumb\"},\"inLanguage\":\"fr-FR\",\"potentialAction\":[{\"@type\":\"ReadAction\",\"target\":[\"https:\/\/paracherkaoui.ma\/index.php\/produit\/australian-gold-instant-bronzer-spray-gel-spf30-ecran-solaire-100ml\/\"]}]},{\"@type\":\"ImageObject\",\"inLanguage\":\"fr-FR\",\"@id\":\"https:\/\/paracherkaoui.ma\/index.php\/produit\/australian-gold-instant-bronzer-spray-gel-spf30-ecran-solaire-100ml\/#primaryimage\",\"url\":\"https:\/\/paracherkaoui.ma\/wp-content\/uploads\/2025\/12\/australian-gold-instant-bronzer-spray-gel-spf30-ecran-solaire-100ml.jpg\",\"contentUrl\":\"https:\/\/paracherkaoui.ma\/wp-content\/uploads\/2025\/12\/australian-gold-instant-bronzer-spray-gel-spf30-ecran-solaire-100ml.jpg\",\"width\":700,\"height\":700},{\"@type\":\"BreadcrumbList\",\"@id\":\"https:\/\/paracherkaoui.ma\/index.php\/produit\/australian-gold-instant-bronzer-spray-gel-spf30-ecran-solaire-100ml\/#breadcrumb\",\"itemListElement\":[{\"@type\":\"ListItem\",\"position\":1,\"name\":\"Accueil\",\"item\":\"https:\/\/paracherkaoui.ma\/\"},{\"@type\":\"ListItem\",\"position\":2,\"name\":\"Boutique\",\"item\":\"https:\/\/paracherkaoui.ma\/index.php\/boutique\/\"},{\"@type\":\"ListItem\",\"position\":3,\"name\":\"AUSTRALIAN GOLD INSTANT BRONZER SPRAY GEL SPF30 ECRAN SOLAIRE 100ML\"}]},{\"@type\":\"WebSite\",\"@id\":\"https:\/\/paracherkaoui.ma\/#website\",\"url\":\"https:\/\/paracherkaoui.ma\/\",\"name\":\"Paracherkaoui.ma\",\"description\":\"Achetez en ligne sur Paracherkaoui.ma\",\"potentialAction\":[{\"@type\":\"SearchAction\",\"target\":{\"@type\":\"EntryPoint\",\"urlTemplate\":\"https:\/\/paracherkaoui.ma\/?s={search_term_string}\"},\"query-input\":{\"@type\":\"PropertyValueSpecification\",\"valueRequired\":true,\"valueName\":\"search_term_string\"}}],\"inLanguage\":\"fr-FR\"}]}<\/script>\r\n<!-- \/ Yoast SEO plugin. -->","yoast_head_json":{"title":"AUSTRALIAN GOLD INSTANT BRONZER SPRAY GEL SPF30 ECRAN SOLAIRE 100ML - Paracherkaoui.ma","robots":{"index":"index","follow":"follow","max-snippet":"max-snippet:-1","max-image-preview":"max-image-preview:large","max-video-preview":"max-video-preview:-1"},"canonical":"https:\/\/paracherkaoui.ma\/index.php\/produit\/australian-gold-instant-bronzer-spray-gel-spf30-ecran-solaire-100ml\/","og_locale":"fr_FR","og_type":"article","og_title":"AUSTRALIAN GOLD INSTANT BRONZER SPRAY GEL SPF30 ECRAN SOLAIRE 100ML - Paracherkaoui.ma","og_description":"Ce Gel Spray SPF 30 avec Bronzant est une v\u00e9ritable prouesse de la protection solaire combin\u00e9e \u00e0 l&rsquo;esth\u00e9tique. Il est","og_url":"https:\/\/paracherkaoui.ma\/index.php\/produit\/australian-gold-instant-bronzer-spray-gel-spf30-ecran-solaire-100ml\/","og_site_name":"Paracherkaoui.ma","article_modified_time":"2025-12-12T18:01:04+00:00","og_image":[{"width":700,"height":700,"url":"https:\/\/paracherkaoui.ma\/wp-content\/uploads\/2025\/12\/australian-gold-instant-bronzer-spray-gel-spf30-ecran-solaire-100ml.jpg","type":"image\/jpeg"}],"twitter_card":"summary_large_image","twitter_misc":{"Dur\u00e9e de lecture estim\u00e9e":"1 minute"},"schema":{"@context":"https:\/\/schema.org","@graph":[{"@type":"WebPage","@id":"https:\/\/paracherkaoui.ma\/index.php\/produit\/australian-gold-instant-bronzer-spray-gel-spf30-ecran-solaire-100ml\/","url":"https:\/\/paracherkaoui.ma\/index.php\/produit\/australian-gold-instant-bronzer-spray-gel-spf30-ecran-solaire-100ml\/","name":"AUSTRALIAN GOLD INSTANT BRONZER SPRAY GEL SPF30 ECRAN SOLAIRE 100ML - Paracherkaoui.ma","isPartOf":{"@id":"https:\/\/paracherkaoui.ma\/#website"},"primaryImageOfPage":{"@id":"https:\/\/paracherkaoui.ma\/index.php\/produit\/australian-gold-instant-bronzer-spray-gel-spf30-ecran-solaire-100ml\/#primaryimage"},"image":{"@id":"https:\/\/paracherkaoui.ma\/index.php\/produit\/australian-gold-instant-bronzer-spray-gel-spf30-ecran-solaire-100ml\/#primaryimage"},"thumbnailUrl":"https:\/\/paracherkaoui.ma\/wp-content\/uploads\/2025\/12\/australian-gold-instant-bronzer-spray-gel-spf30-ecran-solaire-100ml.jpg","datePublished":"2025-12-12T18:01:00+00:00","dateModified":"2025-12-12T18:01:04+00:00","breadcrumb":{"@id":"https:\/\/paracherkaoui.ma\/index.php\/produit\/australian-gold-instant-bronzer-spray-gel-spf30-ecran-solaire-100ml\/#breadcrumb"},"inLanguage":"fr-FR","potentialAction":[{"@type":"ReadAction","target":["https:\/\/paracherkaoui.ma\/index.php\/produit\/australian-gold-instant-bronzer-spray-gel-spf30-ecran-solaire-100ml\/"]}]},{"@type":"ImageObject","inLanguage":"fr-FR","@id":"https:\/\/paracherkaoui.ma\/index.php\/produit\/australian-gold-instant-bronzer-spray-gel-spf30-ecran-solaire-100ml\/#primaryimage","url":"https:\/\/paracherkaoui.ma\/wp-content\/uploads\/2025\/12\/australian-gold-instant-bronzer-spray-gel-spf30-ecran-solaire-100ml.jpg","contentUrl":"https:\/\/paracherkaoui.ma\/wp-content\/uploads\/2025\/12\/australian-gold-instant-bronzer-spray-gel-spf30-ecran-solaire-100ml.jpg","width":700,"height":700},{"@type":"BreadcrumbList","@id":"https:\/\/paracherkaoui.ma\/index.php\/produit\/australian-gold-instant-bronzer-spray-gel-spf30-ecran-solaire-100ml\/#breadcrumb","itemListElement":[{"@type":"ListItem","position":1,"name":"Accueil","item":"https:\/\/paracherkaoui.ma\/"},{"@type":"ListItem","position":2,"name":"Boutique","item":"https:\/\/paracherkaoui.ma\/index.php\/boutique\/"},{"@type":"ListItem","position":3,"name":"AUSTRALIAN GOLD INSTANT BRONZER SPRAY GEL SPF30 ECRAN SOLAIRE 100ML"}]},{"@type":"WebSite","@id":"https:\/\/paracherkaoui.ma\/#website","url":"https:\/\/paracherkaoui.ma\/","name":"Paracherkaoui.ma","description":"Achetez en ligne sur Paracherkaoui.ma","potentialAction":[{"@type":"SearchAction","target":{"@type":"EntryPoint","urlTemplate":"https:\/\/paracherkaoui.ma\/?s={search_term_string}"},"query-input":{"@type":"PropertyValueSpecification","valueRequired":true,"valueName":"search_term_string"}}],"inLanguage":"fr-FR"}]}},"_links":{"self":[{"href":"https:\/\/paracherkaoui.ma\/index.php\/wp-json\/wp\/v2\/product\/38775","targetHints":{"allow":["GET"]}}],"collection":[{"href":"https:\/\/paracherkaoui.ma\/index.php\/wp-json\/wp\/v2\/product"}],"about":[{"href":"https:\/\/paracherkaoui.ma\/index.php\/wp-json\/wp\/v2\/types\/product"}],"replies":[{"embeddable":true,"href":"https:\/\/paracherkaoui.ma\/index.php\/wp-json\/wp\/v2\/comments?post=38775"}],"version-history":[{"count":1,"href":"https:\/\/paracherkaoui.ma\/index.php\/wp-json\/wp\/v2\/product\/38775\/revisions"}],"predecessor-version":[{"id":38816,"href":"https:\/\/paracherkaoui.ma\/index.php\/wp-json\/wp\/v2\/product\/38775\/revisions\/38816"}],"wp:featuredmedia":[{"embeddable":true,"href":"https:\/\/paracherkaoui.ma\/index.php\/wp-json\/wp\/v2\/media\/38815"}],"wp:attachment":[{"href":"https:\/\/paracherkaoui.ma\/index.php\/wp-json\/wp\/v2\/media?parent=38775"}],"wp:term":[{"taxonomy":"product_brand","embeddable":true,"href":"https:\/\/paracherkaoui.ma\/index.php\/wp-json\/wp\/v2\/product_brand?post=38775"},{"taxonomy":"product_cat","embeddable":true,"href":"https:\/\/paracherkaoui.ma\/index.php\/wp-json\/wp\/v2\/product_cat?post=38775"},{"taxonomy":"product_tag","embeddable":true,"href":"https:\/\/paracherkaoui.ma\/index.php\/wp-json\/wp\/v2\/product_tag?post=38775"}],"curies":[{"name":"wp","href":"https:\/\/api.w.org\/{rel}","templated":true}]}}