{"id":38770,"date":"2025-12-12T19:01:00","date_gmt":"2025-12-12T18:01:00","guid":{"rendered":"https:\/\/test.ecbeaute.com\/?post_type=product&#038;p=38770"},"modified":"2025-12-12T19:01:04","modified_gmt":"2025-12-12T18:01:04","slug":"system-360-wonder-velvet-gel-solaire-invisible-spf-50-tous-types-de-peaux-50-ml","status":"publish","type":"product","link":"https:\/\/paracherkaoui.ma\/index.php\/produit\/system-360-wonder-velvet-gel-solaire-invisible-spf-50-tous-types-de-peaux-50-ml\/","title":{"rendered":"SYSTEM 360 WONDER VELVET GEL SOLAIRE INVISIBLE SPF 50 TOUS TYPES DE PEAUX 50 ML"},"content":{"rendered":"<p>System360 Wonder Velvet Sunscreen SPF 50 : La Protection Solaire Invisible R\u00e9invent\u00e9e<br \/>\nD\u00e9couvrez System360 Wonder Velvet Sunscreen SPF 50, un gel solaire invisible qui allie innovation et efficacit\u00e9 pour une protection solaire optimale. Ce soin r\u00e9volutionnaire est con\u00e7u pour tous les types de peaux et offre une d\u00e9fense compl\u00e8te contre les rayons UVA et UVB, tout en garantissant un confort exceptionnel.<br \/>\nUne Protection Solaire Performante et Invisible<br \/>\nLa magie de Wonder Velvet Sunscreen r\u00e9side dans sa formule ultra-l\u00e9g\u00e8re et transparente. Contrairement aux \u00e9crans solaires traditionnels, ce gel ne laisse aucune trace blanche ni sensation collante. Il fusionne instantan\u00e9ment avec votre peau pour un fini naturel et velout\u00e9, id\u00e9al pour un usage quotidien.<br \/>\nUn Fini Parfait pour Tous les Types de Peaux<br \/>\nSa texture unique convient \u00e0 toutes les carnations, assurant une application homog\u00e8ne sans r\u00e9sidu. Qu\u2019il s\u2019agisse de peau s\u00e8che, grasse ou sensible, Wonder Velvet Sunscreen prot\u00e8ge efficacement tout en sublimant votre teint.<br \/>\nEn plus de sa haute protection SPF 50, ce gel solaire invisible est votre alli\u00e9 pour pr\u00e9server la jeunesse de votre peau face aux agressions ext\u00e9rieures. L\u00e9ger et imperceptible, il est parfait pour les journ\u00e9es actives et les maquillages impeccables.<br \/>\nConseils d\u2019utilisation :<br \/>\nApplication quotidienne : Appliquez g\u00e9n\u00e9reusement sur une peau propre et s\u00e8che, 20 minutes avant toute exposition au soleil.<br \/>\nRenouvellement : R\u00e9appliquez toutes les 2 heures, notamment apr\u00e8s avoir transpir\u00e9, nag\u00e9 ou utilis\u00e9 une serviette.<br \/>\nPour toutes les activit\u00e9s : Id\u00e9al pour une utilisation sous le maquillage gr\u00e2ce \u00e0 son fini invisible et non gras.<br \/>\nComposition :<br \/>\nVITAMINE E :\u00a0Un antioxydant tr\u00e8s fort qui prot\u00e8ge contre les dommages des radicaux libres.<br \/>\nBISABOLOL :\u00a0Propri\u00e9t\u00e9s apaisantes et anti-inflammatoires, id\u00e9al pour les peaux sensibles.<br \/>\nFILTRES SOLAIRES ORGANIQUES :\u00a0Protection efficace contre les UVA\/UVB, doux pour la peau.<\/p>\n","protected":false},"excerpt":{"rendered":"<p>System360 Wonder Velvet Sunscreen SPF 50 : La Protection Solaire Invisible R\u00e9invent\u00e9e D\u00e9couvrez System360 Wonder Velvet Sunscreen SPF 50, un<\/p>\n","protected":false},"featured_media":38809,"comment_status":"open","ping_status":"closed","template":"","meta":[],"product_brand":[357],"product_cat":[678],"product_tag":[],"class_list":{"0":"post-38770","1":"product","2":"type-product","3":"status-publish","4":"has-post-thumbnail","6":"product_brand-system-360","7":"product_cat-gels-solaire","9":"first","10":"instock","11":"sale","12":"shipping-taxable","13":"purchasable","14":"product-type-simple"},"yoast_head":"<!-- This site is optimized with the Yoast SEO plugin v26.6 - https:\/\/yoast.com\/wordpress\/plugins\/seo\/ -->\r\n<title>SYSTEM 360 WONDER VELVET GEL SOLAIRE INVISIBLE SPF 50 TOUS TYPES DE PEAUX 50 ML - Paracherkaoui.ma<\/title>\r\n<meta name=\"robots\" content=\"index, follow, max-snippet:-1, max-image-preview:large, max-video-preview:-1\" \/>\r\n<link rel=\"canonical\" href=\"https:\/\/paracherkaoui.ma\/index.php\/produit\/system-360-wonder-velvet-gel-solaire-invisible-spf-50-tous-types-de-peaux-50-ml\/\" \/>\r\n<meta property=\"og:locale\" content=\"fr_FR\" \/>\r\n<meta property=\"og:type\" content=\"article\" \/>\r\n<meta property=\"og:title\" content=\"SYSTEM 360 WONDER VELVET GEL SOLAIRE INVISIBLE SPF 50 TOUS TYPES DE PEAUX 50 ML - Paracherkaoui.ma\" \/>\r\n<meta property=\"og:description\" content=\"System360 Wonder Velvet Sunscreen SPF 50 : La Protection Solaire Invisible R\u00e9invent\u00e9e D\u00e9couvrez System360 Wonder Velvet Sunscreen SPF 50, un\" \/>\r\n<meta property=\"og:url\" content=\"https:\/\/paracherkaoui.ma\/index.php\/produit\/system-360-wonder-velvet-gel-solaire-invisible-spf-50-tous-types-de-peaux-50-ml\/\" \/>\r\n<meta property=\"og:site_name\" content=\"Paracherkaoui.ma\" \/>\r\n<meta property=\"article:modified_time\" content=\"2025-12-12T18:01:04+00:00\" \/>\r\n<meta property=\"og:image\" content=\"https:\/\/paracherkaoui.ma\/wp-content\/uploads\/2025\/12\/system-360-system-360-wonder-velvet-gel-solaire-invisible-spf-50-tous-types-de-peaux-50-ml-gels-solaire.jpg\" \/>\r\n\t<meta property=\"og:image:width\" content=\"700\" \/>\r\n\t<meta property=\"og:image:height\" content=\"700\" \/>\r\n\t<meta property=\"og:image:type\" content=\"image\/jpeg\" \/>\r\n<meta name=\"twitter:card\" content=\"summary_large_image\" \/>\r\n<meta name=\"twitter:label1\" content=\"Dur\u00e9e de lecture estim\u00e9e\" \/>\n\t<meta name=\"twitter:data1\" content=\"2 minutes\" \/>\r\n<script type=\"application\/ld+json\" class=\"yoast-schema-graph\">{\"@context\":\"https:\/\/schema.org\",\"@graph\":[{\"@type\":\"WebPage\",\"@id\":\"https:\/\/paracherkaoui.ma\/index.php\/produit\/system-360-wonder-velvet-gel-solaire-invisible-spf-50-tous-types-de-peaux-50-ml\/\",\"url\":\"https:\/\/paracherkaoui.ma\/index.php\/produit\/system-360-wonder-velvet-gel-solaire-invisible-spf-50-tous-types-de-peaux-50-ml\/\",\"name\":\"SYSTEM 360 WONDER VELVET GEL SOLAIRE INVISIBLE SPF 50 TOUS TYPES DE PEAUX 50 ML - Paracherkaoui.ma\",\"isPartOf\":{\"@id\":\"https:\/\/paracherkaoui.ma\/#website\"},\"primaryImageOfPage\":{\"@id\":\"https:\/\/paracherkaoui.ma\/index.php\/produit\/system-360-wonder-velvet-gel-solaire-invisible-spf-50-tous-types-de-peaux-50-ml\/#primaryimage\"},\"image\":{\"@id\":\"https:\/\/paracherkaoui.ma\/index.php\/produit\/system-360-wonder-velvet-gel-solaire-invisible-spf-50-tous-types-de-peaux-50-ml\/#primaryimage\"},\"thumbnailUrl\":\"https:\/\/paracherkaoui.ma\/wp-content\/uploads\/2025\/12\/system-360-system-360-wonder-velvet-gel-solaire-invisible-spf-50-tous-types-de-peaux-50-ml-gels-solaire.jpg\",\"datePublished\":\"2025-12-12T18:01:00+00:00\",\"dateModified\":\"2025-12-12T18:01:04+00:00\",\"breadcrumb\":{\"@id\":\"https:\/\/paracherkaoui.ma\/index.php\/produit\/system-360-wonder-velvet-gel-solaire-invisible-spf-50-tous-types-de-peaux-50-ml\/#breadcrumb\"},\"inLanguage\":\"fr-FR\",\"potentialAction\":[{\"@type\":\"ReadAction\",\"target\":[\"https:\/\/paracherkaoui.ma\/index.php\/produit\/system-360-wonder-velvet-gel-solaire-invisible-spf-50-tous-types-de-peaux-50-ml\/\"]}]},{\"@type\":\"ImageObject\",\"inLanguage\":\"fr-FR\",\"@id\":\"https:\/\/paracherkaoui.ma\/index.php\/produit\/system-360-wonder-velvet-gel-solaire-invisible-spf-50-tous-types-de-peaux-50-ml\/#primaryimage\",\"url\":\"https:\/\/paracherkaoui.ma\/wp-content\/uploads\/2025\/12\/system-360-system-360-wonder-velvet-gel-solaire-invisible-spf-50-tous-types-de-peaux-50-ml-gels-solaire.jpg\",\"contentUrl\":\"https:\/\/paracherkaoui.ma\/wp-content\/uploads\/2025\/12\/system-360-system-360-wonder-velvet-gel-solaire-invisible-spf-50-tous-types-de-peaux-50-ml-gels-solaire.jpg\",\"width\":700,\"height\":700},{\"@type\":\"BreadcrumbList\",\"@id\":\"https:\/\/paracherkaoui.ma\/index.php\/produit\/system-360-wonder-velvet-gel-solaire-invisible-spf-50-tous-types-de-peaux-50-ml\/#breadcrumb\",\"itemListElement\":[{\"@type\":\"ListItem\",\"position\":1,\"name\":\"Accueil\",\"item\":\"https:\/\/paracherkaoui.ma\/\"},{\"@type\":\"ListItem\",\"position\":2,\"name\":\"Boutique\",\"item\":\"https:\/\/paracherkaoui.ma\/index.php\/boutique\/\"},{\"@type\":\"ListItem\",\"position\":3,\"name\":\"SYSTEM 360 WONDER VELVET GEL SOLAIRE INVISIBLE SPF 50 TOUS TYPES DE PEAUX 50 ML\"}]},{\"@type\":\"WebSite\",\"@id\":\"https:\/\/paracherkaoui.ma\/#website\",\"url\":\"https:\/\/paracherkaoui.ma\/\",\"name\":\"Paracherkaoui.ma\",\"description\":\"Achetez en ligne sur Paracherkaoui.ma\",\"potentialAction\":[{\"@type\":\"SearchAction\",\"target\":{\"@type\":\"EntryPoint\",\"urlTemplate\":\"https:\/\/paracherkaoui.ma\/?s={search_term_string}\"},\"query-input\":{\"@type\":\"PropertyValueSpecification\",\"valueRequired\":true,\"valueName\":\"search_term_string\"}}],\"inLanguage\":\"fr-FR\"}]}<\/script>\r\n<!-- \/ Yoast SEO plugin. -->","yoast_head_json":{"title":"SYSTEM 360 WONDER VELVET GEL SOLAIRE INVISIBLE SPF 50 TOUS TYPES DE PEAUX 50 ML - Paracherkaoui.ma","robots":{"index":"index","follow":"follow","max-snippet":"max-snippet:-1","max-image-preview":"max-image-preview:large","max-video-preview":"max-video-preview:-1"},"canonical":"https:\/\/paracherkaoui.ma\/index.php\/produit\/system-360-wonder-velvet-gel-solaire-invisible-spf-50-tous-types-de-peaux-50-ml\/","og_locale":"fr_FR","og_type":"article","og_title":"SYSTEM 360 WONDER VELVET GEL SOLAIRE INVISIBLE SPF 50 TOUS TYPES DE PEAUX 50 ML - Paracherkaoui.ma","og_description":"System360 Wonder Velvet Sunscreen SPF 50 : La Protection Solaire Invisible R\u00e9invent\u00e9e D\u00e9couvrez System360 Wonder Velvet Sunscreen SPF 50, un","og_url":"https:\/\/paracherkaoui.ma\/index.php\/produit\/system-360-wonder-velvet-gel-solaire-invisible-spf-50-tous-types-de-peaux-50-ml\/","og_site_name":"Paracherkaoui.ma","article_modified_time":"2025-12-12T18:01:04+00:00","og_image":[{"width":700,"height":700,"url":"https:\/\/paracherkaoui.ma\/wp-content\/uploads\/2025\/12\/system-360-system-360-wonder-velvet-gel-solaire-invisible-spf-50-tous-types-de-peaux-50-ml-gels-solaire.jpg","type":"image\/jpeg"}],"twitter_card":"summary_large_image","twitter_misc":{"Dur\u00e9e de lecture estim\u00e9e":"2 minutes"},"schema":{"@context":"https:\/\/schema.org","@graph":[{"@type":"WebPage","@id":"https:\/\/paracherkaoui.ma\/index.php\/produit\/system-360-wonder-velvet-gel-solaire-invisible-spf-50-tous-types-de-peaux-50-ml\/","url":"https:\/\/paracherkaoui.ma\/index.php\/produit\/system-360-wonder-velvet-gel-solaire-invisible-spf-50-tous-types-de-peaux-50-ml\/","name":"SYSTEM 360 WONDER VELVET GEL SOLAIRE INVISIBLE SPF 50 TOUS TYPES DE PEAUX 50 ML - Paracherkaoui.ma","isPartOf":{"@id":"https:\/\/paracherkaoui.ma\/#website"},"primaryImageOfPage":{"@id":"https:\/\/paracherkaoui.ma\/index.php\/produit\/system-360-wonder-velvet-gel-solaire-invisible-spf-50-tous-types-de-peaux-50-ml\/#primaryimage"},"image":{"@id":"https:\/\/paracherkaoui.ma\/index.php\/produit\/system-360-wonder-velvet-gel-solaire-invisible-spf-50-tous-types-de-peaux-50-ml\/#primaryimage"},"thumbnailUrl":"https:\/\/paracherkaoui.ma\/wp-content\/uploads\/2025\/12\/system-360-system-360-wonder-velvet-gel-solaire-invisible-spf-50-tous-types-de-peaux-50-ml-gels-solaire.jpg","datePublished":"2025-12-12T18:01:00+00:00","dateModified":"2025-12-12T18:01:04+00:00","breadcrumb":{"@id":"https:\/\/paracherkaoui.ma\/index.php\/produit\/system-360-wonder-velvet-gel-solaire-invisible-spf-50-tous-types-de-peaux-50-ml\/#breadcrumb"},"inLanguage":"fr-FR","potentialAction":[{"@type":"ReadAction","target":["https:\/\/paracherkaoui.ma\/index.php\/produit\/system-360-wonder-velvet-gel-solaire-invisible-spf-50-tous-types-de-peaux-50-ml\/"]}]},{"@type":"ImageObject","inLanguage":"fr-FR","@id":"https:\/\/paracherkaoui.ma\/index.php\/produit\/system-360-wonder-velvet-gel-solaire-invisible-spf-50-tous-types-de-peaux-50-ml\/#primaryimage","url":"https:\/\/paracherkaoui.ma\/wp-content\/uploads\/2025\/12\/system-360-system-360-wonder-velvet-gel-solaire-invisible-spf-50-tous-types-de-peaux-50-ml-gels-solaire.jpg","contentUrl":"https:\/\/paracherkaoui.ma\/wp-content\/uploads\/2025\/12\/system-360-system-360-wonder-velvet-gel-solaire-invisible-spf-50-tous-types-de-peaux-50-ml-gels-solaire.jpg","width":700,"height":700},{"@type":"BreadcrumbList","@id":"https:\/\/paracherkaoui.ma\/index.php\/produit\/system-360-wonder-velvet-gel-solaire-invisible-spf-50-tous-types-de-peaux-50-ml\/#breadcrumb","itemListElement":[{"@type":"ListItem","position":1,"name":"Accueil","item":"https:\/\/paracherkaoui.ma\/"},{"@type":"ListItem","position":2,"name":"Boutique","item":"https:\/\/paracherkaoui.ma\/index.php\/boutique\/"},{"@type":"ListItem","position":3,"name":"SYSTEM 360 WONDER VELVET GEL SOLAIRE INVISIBLE SPF 50 TOUS TYPES DE PEAUX 50 ML"}]},{"@type":"WebSite","@id":"https:\/\/paracherkaoui.ma\/#website","url":"https:\/\/paracherkaoui.ma\/","name":"Paracherkaoui.ma","description":"Achetez en ligne sur Paracherkaoui.ma","potentialAction":[{"@type":"SearchAction","target":{"@type":"EntryPoint","urlTemplate":"https:\/\/paracherkaoui.ma\/?s={search_term_string}"},"query-input":{"@type":"PropertyValueSpecification","valueRequired":true,"valueName":"search_term_string"}}],"inLanguage":"fr-FR"}]}},"_links":{"self":[{"href":"https:\/\/paracherkaoui.ma\/index.php\/wp-json\/wp\/v2\/product\/38770","targetHints":{"allow":["GET"]}}],"collection":[{"href":"https:\/\/paracherkaoui.ma\/index.php\/wp-json\/wp\/v2\/product"}],"about":[{"href":"https:\/\/paracherkaoui.ma\/index.php\/wp-json\/wp\/v2\/types\/product"}],"replies":[{"embeddable":true,"href":"https:\/\/paracherkaoui.ma\/index.php\/wp-json\/wp\/v2\/comments?post=38770"}],"version-history":[{"count":1,"href":"https:\/\/paracherkaoui.ma\/index.php\/wp-json\/wp\/v2\/product\/38770\/revisions"}],"predecessor-version":[{"id":38810,"href":"https:\/\/paracherkaoui.ma\/index.php\/wp-json\/wp\/v2\/product\/38770\/revisions\/38810"}],"wp:featuredmedia":[{"embeddable":true,"href":"https:\/\/paracherkaoui.ma\/index.php\/wp-json\/wp\/v2\/media\/38809"}],"wp:attachment":[{"href":"https:\/\/paracherkaoui.ma\/index.php\/wp-json\/wp\/v2\/media?parent=38770"}],"wp:term":[{"taxonomy":"product_brand","embeddable":true,"href":"https:\/\/paracherkaoui.ma\/index.php\/wp-json\/wp\/v2\/product_brand?post=38770"},{"taxonomy":"product_cat","embeddable":true,"href":"https:\/\/paracherkaoui.ma\/index.php\/wp-json\/wp\/v2\/product_cat?post=38770"},{"taxonomy":"product_tag","embeddable":true,"href":"https:\/\/paracherkaoui.ma\/index.php\/wp-json\/wp\/v2\/product_tag?post=38770"}],"curies":[{"name":"wp","href":"https:\/\/api.w.org\/{rel}","templated":true}]}}