{"id":38768,"date":"2025-12-12T19:01:00","date_gmt":"2025-12-12T18:01:00","guid":{"rendered":"https:\/\/test.ecbeaute.com\/?post_type=product&#038;p=38768"},"modified":"2025-12-12T19:01:03","modified_gmt":"2025-12-12T18:01:03","slug":"isispharma-uveblock-fluide-teinte-spf-50-claire-40-ml-2","status":"publish","type":"product","link":"https:\/\/paracherkaoui.ma\/index.php\/produit\/isispharma-uveblock-fluide-teinte-spf-50-claire-40-ml-2\/","title":{"rendered":"ISISPHARMA UVEBLOCK FLUIDE TEINTE SPF 50+ CLAIRE 40 ML"},"content":{"rendered":"<p>Fluide tr\u00e8s haute protection<br \/>\nUVEBLOCK\u00ae SPF 50+ Fluide offre une tr\u00e8s haute protection UVA\/UVB \u00e0 large spectre et lutte contre les dommages cellulaires induits par les infrarouges.<br \/>\nFormule tr\u00e8s haute tol\u00e9rance d\u00e9velopp\u00e9e sp\u00e9cifiquement pour les peaux sensibles.<br \/>\n\u2022 [COMPLEXE SUNSTRESS PROTECT] Prot\u00e8ge des UVA\/UVB et des dommages cellulaires induits par les infrarouges \/ Stimule les syst\u00e8mes naturels de d\u00e9fense et de r\u00e9g\u00e9n\u00e9ration cutan\u00e9e.<\/p>\n<p>La gamme de soins solaires dermatologiques UVEBLOCK\u00ae assure une protection globale gr\u00e2ce \u00e0 une combinaison optimale de filtres et deux actifs sp\u00e9cifiques permettant de lutter contre les dommages cellulaires induits par les UVA, UVB et infrarouges. Elle offre des formules tr\u00e8s haute tol\u00e9rance pour toute la famille, respectueuses des peaux sensibles et des textures en parfaite affinit\u00e9 avec chaque type de peau.<\/p>\n","protected":false},"excerpt":{"rendered":"<p>Fluide tr\u00e8s haute protection UVEBLOCK\u00ae SPF 50+ Fluide offre une tr\u00e8s haute protection UVA\/UVB \u00e0 large spectre et lutte contre<\/p>\n","protected":false},"featured_media":37814,"comment_status":"open","ping_status":"closed","template":"","meta":[],"product_brand":[321],"product_cat":[678],"product_tag":[],"class_list":{"0":"post-38768","1":"product","2":"type-product","3":"status-publish","4":"has-post-thumbnail","6":"product_brand-isispharma","7":"product_cat-gels-solaire","9":"first","10":"instock","11":"sale","12":"shipping-taxable","13":"purchasable","14":"product-type-simple"},"yoast_head":"<!-- This site is optimized with the Yoast SEO plugin v26.6 - https:\/\/yoast.com\/wordpress\/plugins\/seo\/ -->\r\n<title>ISISPHARMA UVEBLOCK FLUIDE TEINTE SPF 50+ CLAIRE 40 ML - Paracherkaoui.ma<\/title>\r\n<meta name=\"robots\" content=\"index, follow, max-snippet:-1, max-image-preview:large, max-video-preview:-1\" \/>\r\n<link rel=\"canonical\" href=\"https:\/\/paracherkaoui.ma\/index.php\/produit\/isispharma-uveblock-fluide-teinte-spf-50-claire-40-ml-2\/\" \/>\r\n<meta property=\"og:locale\" content=\"fr_FR\" \/>\r\n<meta property=\"og:type\" content=\"article\" \/>\r\n<meta property=\"og:title\" content=\"ISISPHARMA UVEBLOCK FLUIDE TEINTE SPF 50+ CLAIRE 40 ML - Paracherkaoui.ma\" \/>\r\n<meta property=\"og:description\" content=\"Fluide tr\u00e8s haute protection UVEBLOCK\u00ae SPF 50+ Fluide offre une tr\u00e8s haute protection UVA\/UVB \u00e0 large spectre et lutte contre\" \/>\r\n<meta property=\"og:url\" content=\"https:\/\/paracherkaoui.ma\/index.php\/produit\/isispharma-uveblock-fluide-teinte-spf-50-claire-40-ml-2\/\" \/>\r\n<meta property=\"og:site_name\" content=\"Paracherkaoui.ma\" \/>\r\n<meta property=\"article:modified_time\" content=\"2025-12-12T18:01:03+00:00\" \/>\r\n<meta property=\"og:image\" content=\"https:\/\/paracherkaoui.ma\/wp-content\/uploads\/2025\/12\/isispharma-uveblock-fluide-teinte-spf-50-claire-40-ml.jpg\" \/>\r\n\t<meta property=\"og:image:width\" content=\"700\" \/>\r\n\t<meta property=\"og:image:height\" content=\"700\" \/>\r\n\t<meta property=\"og:image:type\" content=\"image\/jpeg\" \/>\r\n<meta name=\"twitter:card\" content=\"summary_large_image\" \/>\r\n<meta name=\"twitter:label1\" content=\"Dur\u00e9e de lecture estim\u00e9e\" \/>\n\t<meta name=\"twitter:data1\" content=\"1 minute\" \/>\r\n<script type=\"application\/ld+json\" class=\"yoast-schema-graph\">{\"@context\":\"https:\/\/schema.org\",\"@graph\":[{\"@type\":\"WebPage\",\"@id\":\"https:\/\/paracherkaoui.ma\/index.php\/produit\/isispharma-uveblock-fluide-teinte-spf-50-claire-40-ml-2\/\",\"url\":\"https:\/\/paracherkaoui.ma\/index.php\/produit\/isispharma-uveblock-fluide-teinte-spf-50-claire-40-ml-2\/\",\"name\":\"ISISPHARMA UVEBLOCK FLUIDE TEINTE SPF 50+ CLAIRE 40 ML - Paracherkaoui.ma\",\"isPartOf\":{\"@id\":\"https:\/\/paracherkaoui.ma\/#website\"},\"primaryImageOfPage\":{\"@id\":\"https:\/\/paracherkaoui.ma\/index.php\/produit\/isispharma-uveblock-fluide-teinte-spf-50-claire-40-ml-2\/#primaryimage\"},\"image\":{\"@id\":\"https:\/\/paracherkaoui.ma\/index.php\/produit\/isispharma-uveblock-fluide-teinte-spf-50-claire-40-ml-2\/#primaryimage\"},\"thumbnailUrl\":\"https:\/\/paracherkaoui.ma\/wp-content\/uploads\/2025\/12\/isispharma-uveblock-fluide-teinte-spf-50-claire-40-ml.jpg\",\"datePublished\":\"2025-12-12T18:01:00+00:00\",\"dateModified\":\"2025-12-12T18:01:03+00:00\",\"breadcrumb\":{\"@id\":\"https:\/\/paracherkaoui.ma\/index.php\/produit\/isispharma-uveblock-fluide-teinte-spf-50-claire-40-ml-2\/#breadcrumb\"},\"inLanguage\":\"fr-FR\",\"potentialAction\":[{\"@type\":\"ReadAction\",\"target\":[\"https:\/\/paracherkaoui.ma\/index.php\/produit\/isispharma-uveblock-fluide-teinte-spf-50-claire-40-ml-2\/\"]}]},{\"@type\":\"ImageObject\",\"inLanguage\":\"fr-FR\",\"@id\":\"https:\/\/paracherkaoui.ma\/index.php\/produit\/isispharma-uveblock-fluide-teinte-spf-50-claire-40-ml-2\/#primaryimage\",\"url\":\"https:\/\/paracherkaoui.ma\/wp-content\/uploads\/2025\/12\/isispharma-uveblock-fluide-teinte-spf-50-claire-40-ml.jpg\",\"contentUrl\":\"https:\/\/paracherkaoui.ma\/wp-content\/uploads\/2025\/12\/isispharma-uveblock-fluide-teinte-spf-50-claire-40-ml.jpg\",\"width\":700,\"height\":700},{\"@type\":\"BreadcrumbList\",\"@id\":\"https:\/\/paracherkaoui.ma\/index.php\/produit\/isispharma-uveblock-fluide-teinte-spf-50-claire-40-ml-2\/#breadcrumb\",\"itemListElement\":[{\"@type\":\"ListItem\",\"position\":1,\"name\":\"Accueil\",\"item\":\"https:\/\/paracherkaoui.ma\/\"},{\"@type\":\"ListItem\",\"position\":2,\"name\":\"Boutique\",\"item\":\"https:\/\/paracherkaoui.ma\/index.php\/boutique\/\"},{\"@type\":\"ListItem\",\"position\":3,\"name\":\"ISISPHARMA UVEBLOCK FLUIDE TEINTE SPF 50+ CLAIRE 40 ML\"}]},{\"@type\":\"WebSite\",\"@id\":\"https:\/\/paracherkaoui.ma\/#website\",\"url\":\"https:\/\/paracherkaoui.ma\/\",\"name\":\"Paracherkaoui.ma\",\"description\":\"Achetez en ligne sur Paracherkaoui.ma\",\"potentialAction\":[{\"@type\":\"SearchAction\",\"target\":{\"@type\":\"EntryPoint\",\"urlTemplate\":\"https:\/\/paracherkaoui.ma\/?s={search_term_string}\"},\"query-input\":{\"@type\":\"PropertyValueSpecification\",\"valueRequired\":true,\"valueName\":\"search_term_string\"}}],\"inLanguage\":\"fr-FR\"}]}<\/script>\r\n<!-- \/ Yoast SEO plugin. -->","yoast_head_json":{"title":"ISISPHARMA UVEBLOCK FLUIDE TEINTE SPF 50+ CLAIRE 40 ML - Paracherkaoui.ma","robots":{"index":"index","follow":"follow","max-snippet":"max-snippet:-1","max-image-preview":"max-image-preview:large","max-video-preview":"max-video-preview:-1"},"canonical":"https:\/\/paracherkaoui.ma\/index.php\/produit\/isispharma-uveblock-fluide-teinte-spf-50-claire-40-ml-2\/","og_locale":"fr_FR","og_type":"article","og_title":"ISISPHARMA UVEBLOCK FLUIDE TEINTE SPF 50+ CLAIRE 40 ML - Paracherkaoui.ma","og_description":"Fluide tr\u00e8s haute protection UVEBLOCK\u00ae SPF 50+ Fluide offre une tr\u00e8s haute protection UVA\/UVB \u00e0 large spectre et lutte contre","og_url":"https:\/\/paracherkaoui.ma\/index.php\/produit\/isispharma-uveblock-fluide-teinte-spf-50-claire-40-ml-2\/","og_site_name":"Paracherkaoui.ma","article_modified_time":"2025-12-12T18:01:03+00:00","og_image":[{"width":700,"height":700,"url":"https:\/\/paracherkaoui.ma\/wp-content\/uploads\/2025\/12\/isispharma-uveblock-fluide-teinte-spf-50-claire-40-ml.jpg","type":"image\/jpeg"}],"twitter_card":"summary_large_image","twitter_misc":{"Dur\u00e9e de lecture estim\u00e9e":"1 minute"},"schema":{"@context":"https:\/\/schema.org","@graph":[{"@type":"WebPage","@id":"https:\/\/paracherkaoui.ma\/index.php\/produit\/isispharma-uveblock-fluide-teinte-spf-50-claire-40-ml-2\/","url":"https:\/\/paracherkaoui.ma\/index.php\/produit\/isispharma-uveblock-fluide-teinte-spf-50-claire-40-ml-2\/","name":"ISISPHARMA UVEBLOCK FLUIDE TEINTE SPF 50+ CLAIRE 40 ML - Paracherkaoui.ma","isPartOf":{"@id":"https:\/\/paracherkaoui.ma\/#website"},"primaryImageOfPage":{"@id":"https:\/\/paracherkaoui.ma\/index.php\/produit\/isispharma-uveblock-fluide-teinte-spf-50-claire-40-ml-2\/#primaryimage"},"image":{"@id":"https:\/\/paracherkaoui.ma\/index.php\/produit\/isispharma-uveblock-fluide-teinte-spf-50-claire-40-ml-2\/#primaryimage"},"thumbnailUrl":"https:\/\/paracherkaoui.ma\/wp-content\/uploads\/2025\/12\/isispharma-uveblock-fluide-teinte-spf-50-claire-40-ml.jpg","datePublished":"2025-12-12T18:01:00+00:00","dateModified":"2025-12-12T18:01:03+00:00","breadcrumb":{"@id":"https:\/\/paracherkaoui.ma\/index.php\/produit\/isispharma-uveblock-fluide-teinte-spf-50-claire-40-ml-2\/#breadcrumb"},"inLanguage":"fr-FR","potentialAction":[{"@type":"ReadAction","target":["https:\/\/paracherkaoui.ma\/index.php\/produit\/isispharma-uveblock-fluide-teinte-spf-50-claire-40-ml-2\/"]}]},{"@type":"ImageObject","inLanguage":"fr-FR","@id":"https:\/\/paracherkaoui.ma\/index.php\/produit\/isispharma-uveblock-fluide-teinte-spf-50-claire-40-ml-2\/#primaryimage","url":"https:\/\/paracherkaoui.ma\/wp-content\/uploads\/2025\/12\/isispharma-uveblock-fluide-teinte-spf-50-claire-40-ml.jpg","contentUrl":"https:\/\/paracherkaoui.ma\/wp-content\/uploads\/2025\/12\/isispharma-uveblock-fluide-teinte-spf-50-claire-40-ml.jpg","width":700,"height":700},{"@type":"BreadcrumbList","@id":"https:\/\/paracherkaoui.ma\/index.php\/produit\/isispharma-uveblock-fluide-teinte-spf-50-claire-40-ml-2\/#breadcrumb","itemListElement":[{"@type":"ListItem","position":1,"name":"Accueil","item":"https:\/\/paracherkaoui.ma\/"},{"@type":"ListItem","position":2,"name":"Boutique","item":"https:\/\/paracherkaoui.ma\/index.php\/boutique\/"},{"@type":"ListItem","position":3,"name":"ISISPHARMA UVEBLOCK FLUIDE TEINTE SPF 50+ CLAIRE 40 ML"}]},{"@type":"WebSite","@id":"https:\/\/paracherkaoui.ma\/#website","url":"https:\/\/paracherkaoui.ma\/","name":"Paracherkaoui.ma","description":"Achetez en ligne sur Paracherkaoui.ma","potentialAction":[{"@type":"SearchAction","target":{"@type":"EntryPoint","urlTemplate":"https:\/\/paracherkaoui.ma\/?s={search_term_string}"},"query-input":{"@type":"PropertyValueSpecification","valueRequired":true,"valueName":"search_term_string"}}],"inLanguage":"fr-FR"}]}},"_links":{"self":[{"href":"https:\/\/paracherkaoui.ma\/index.php\/wp-json\/wp\/v2\/product\/38768","targetHints":{"allow":["GET"]}}],"collection":[{"href":"https:\/\/paracherkaoui.ma\/index.php\/wp-json\/wp\/v2\/product"}],"about":[{"href":"https:\/\/paracherkaoui.ma\/index.php\/wp-json\/wp\/v2\/types\/product"}],"replies":[{"embeddable":true,"href":"https:\/\/paracherkaoui.ma\/index.php\/wp-json\/wp\/v2\/comments?post=38768"}],"version-history":[{"count":1,"href":"https:\/\/paracherkaoui.ma\/index.php\/wp-json\/wp\/v2\/product\/38768\/revisions"}],"predecessor-version":[{"id":38807,"href":"https:\/\/paracherkaoui.ma\/index.php\/wp-json\/wp\/v2\/product\/38768\/revisions\/38807"}],"wp:featuredmedia":[{"embeddable":true,"href":"https:\/\/paracherkaoui.ma\/index.php\/wp-json\/wp\/v2\/media\/37814"}],"wp:attachment":[{"href":"https:\/\/paracherkaoui.ma\/index.php\/wp-json\/wp\/v2\/media?parent=38768"}],"wp:term":[{"taxonomy":"product_brand","embeddable":true,"href":"https:\/\/paracherkaoui.ma\/index.php\/wp-json\/wp\/v2\/product_brand?post=38768"},{"taxonomy":"product_cat","embeddable":true,"href":"https:\/\/paracherkaoui.ma\/index.php\/wp-json\/wp\/v2\/product_cat?post=38768"},{"taxonomy":"product_tag","embeddable":true,"href":"https:\/\/paracherkaoui.ma\/index.php\/wp-json\/wp\/v2\/product_tag?post=38768"}],"curies":[{"name":"wp","href":"https:\/\/api.w.org\/{rel}","templated":true}]}}