{"id":38765,"date":"2025-12-12T19:01:00","date_gmt":"2025-12-12T18:01:00","guid":{"rendered":"https:\/\/test.ecbeaute.com\/?post_type=product&#038;p=38765"},"modified":"2025-12-12T19:01:03","modified_gmt":"2025-12-12T18:01:03","slug":"bella-aurora-ultra-mat-photoprotecteur-anti-taches-spf-50-50-ml-2","status":"publish","type":"product","link":"https:\/\/paracherkaoui.ma\/index.php\/produit\/bella-aurora-ultra-mat-photoprotecteur-anti-taches-spf-50-50-ml-2\/","title":{"rendered":"BELLA AURORA ULTRA MAT PHOTOPROTECTEUR ANTI TACHES SPF 50 50 ML"},"content":{"rendered":"<p>D\u00e9couvrez la cr\u00e8me solaire Ultra-Mat SPF 50 de Bella Aurora, con\u00e7ue sp\u00e9cialement pour les peaux mixtes \u00e0 grasses. Cette protection solaire de pointe offre un bouclier contre les rayons UVA, UVB, infrarouges (IR) et la lumi\u00e8re bleue (HEV), responsables du vieillissement pr\u00e9matur\u00e9 et de l\u2019apparition de taches pigmentaires. Enrichie en niacinamide, cette cr\u00e8me r\u00e9duit les taches brunes existantes et emp\u00eache leur r\u00e9apparition, tout en r\u00e9gulant l\u2019exc\u00e8s de s\u00e9bum pour un fini mat impeccable.<br \/>\nGr\u00e2ce \u00e0 sa texture gel l\u00e9g\u00e8re et \u00e0 absorption rapide, la peau est instantan\u00e9ment matifi\u00e9e, sans effet gras. Cette protection solaire agit aussi en anti-\u00e2ge avec des antioxydants puissants, du collag\u00e8ne et de l\u2019\u00e9lastine qui raffermissent la peau et luttent contre les signes du temps. Adapt\u00e9e pour une utilisation quotidienne, elle prot\u00e8ge efficacement tout en laissant une sensation de fra\u00eecheur et de confort. Avec son SPF 50, elle est id\u00e9ale pour les peaux expos\u00e9es aux conditions intenses, garantissant une d\u00e9fense optimale tout au long de la journ\u00e9e.<br \/>\nConseils d&rsquo;utilisation:<br \/>\nAppliquer g\u00e9n\u00e9reusement sur le visage, le cou et le d\u00e9collet\u00e9 comme derni\u00e8re \u00e9tape de la routine de soin.<\/p>\n","protected":false},"excerpt":{"rendered":"<p>D\u00e9couvrez la cr\u00e8me solaire Ultra-Mat SPF 50 de Bella Aurora, con\u00e7ue sp\u00e9cialement pour les peaux mixtes \u00e0 grasses. Cette protection<\/p>\n","protected":false},"featured_media":37583,"comment_status":"open","ping_status":"closed","template":"","meta":[],"product_brand":[359],"product_cat":[678],"product_tag":[],"class_list":{"0":"post-38765","1":"product","2":"type-product","3":"status-publish","4":"has-post-thumbnail","6":"product_brand-bella-aurora","7":"product_cat-gels-solaire","9":"first","10":"instock","11":"sale","12":"shipping-taxable","13":"purchasable","14":"product-type-simple"},"yoast_head":"<!-- This site is optimized with the Yoast SEO plugin v26.6 - https:\/\/yoast.com\/wordpress\/plugins\/seo\/ -->\r\n<title>BELLA AURORA ULTRA MAT PHOTOPROTECTEUR ANTI TACHES SPF 50 50 ML - Paracherkaoui.ma<\/title>\r\n<meta name=\"robots\" content=\"index, follow, max-snippet:-1, max-image-preview:large, max-video-preview:-1\" \/>\r\n<link rel=\"canonical\" href=\"https:\/\/paracherkaoui.ma\/index.php\/produit\/bella-aurora-ultra-mat-photoprotecteur-anti-taches-spf-50-50-ml-2\/\" \/>\r\n<meta property=\"og:locale\" content=\"fr_FR\" \/>\r\n<meta property=\"og:type\" content=\"article\" \/>\r\n<meta property=\"og:title\" content=\"BELLA AURORA ULTRA MAT PHOTOPROTECTEUR ANTI TACHES SPF 50 50 ML - Paracherkaoui.ma\" \/>\r\n<meta property=\"og:description\" content=\"D\u00e9couvrez la cr\u00e8me solaire Ultra-Mat SPF 50 de Bella Aurora, con\u00e7ue sp\u00e9cialement pour les peaux mixtes \u00e0 grasses. Cette protection\" \/>\r\n<meta property=\"og:url\" content=\"https:\/\/paracherkaoui.ma\/index.php\/produit\/bella-aurora-ultra-mat-photoprotecteur-anti-taches-spf-50-50-ml-2\/\" \/>\r\n<meta property=\"og:site_name\" content=\"Paracherkaoui.ma\" \/>\r\n<meta property=\"article:modified_time\" content=\"2025-12-12T18:01:03+00:00\" \/>\r\n<meta property=\"og:image\" content=\"https:\/\/paracherkaoui.ma\/wp-content\/uploads\/2025\/12\/bella-aurora-ultra-mat-photoprotecteur-anti-taches-spf-50-50-ml.jpg\" \/>\r\n\t<meta property=\"og:image:width\" content=\"700\" \/>\r\n\t<meta property=\"og:image:height\" content=\"700\" \/>\r\n\t<meta property=\"og:image:type\" content=\"image\/jpeg\" \/>\r\n<meta name=\"twitter:card\" content=\"summary_large_image\" \/>\r\n<meta name=\"twitter:label1\" content=\"Dur\u00e9e de lecture estim\u00e9e\" \/>\n\t<meta name=\"twitter:data1\" content=\"1 minute\" \/>\r\n<script type=\"application\/ld+json\" class=\"yoast-schema-graph\">{\"@context\":\"https:\/\/schema.org\",\"@graph\":[{\"@type\":\"WebPage\",\"@id\":\"https:\/\/paracherkaoui.ma\/index.php\/produit\/bella-aurora-ultra-mat-photoprotecteur-anti-taches-spf-50-50-ml-2\/\",\"url\":\"https:\/\/paracherkaoui.ma\/index.php\/produit\/bella-aurora-ultra-mat-photoprotecteur-anti-taches-spf-50-50-ml-2\/\",\"name\":\"BELLA AURORA ULTRA MAT PHOTOPROTECTEUR ANTI TACHES SPF 50 50 ML - Paracherkaoui.ma\",\"isPartOf\":{\"@id\":\"https:\/\/paracherkaoui.ma\/#website\"},\"primaryImageOfPage\":{\"@id\":\"https:\/\/paracherkaoui.ma\/index.php\/produit\/bella-aurora-ultra-mat-photoprotecteur-anti-taches-spf-50-50-ml-2\/#primaryimage\"},\"image\":{\"@id\":\"https:\/\/paracherkaoui.ma\/index.php\/produit\/bella-aurora-ultra-mat-photoprotecteur-anti-taches-spf-50-50-ml-2\/#primaryimage\"},\"thumbnailUrl\":\"https:\/\/paracherkaoui.ma\/wp-content\/uploads\/2025\/12\/bella-aurora-ultra-mat-photoprotecteur-anti-taches-spf-50-50-ml.jpg\",\"datePublished\":\"2025-12-12T18:01:00+00:00\",\"dateModified\":\"2025-12-12T18:01:03+00:00\",\"breadcrumb\":{\"@id\":\"https:\/\/paracherkaoui.ma\/index.php\/produit\/bella-aurora-ultra-mat-photoprotecteur-anti-taches-spf-50-50-ml-2\/#breadcrumb\"},\"inLanguage\":\"fr-FR\",\"potentialAction\":[{\"@type\":\"ReadAction\",\"target\":[\"https:\/\/paracherkaoui.ma\/index.php\/produit\/bella-aurora-ultra-mat-photoprotecteur-anti-taches-spf-50-50-ml-2\/\"]}]},{\"@type\":\"ImageObject\",\"inLanguage\":\"fr-FR\",\"@id\":\"https:\/\/paracherkaoui.ma\/index.php\/produit\/bella-aurora-ultra-mat-photoprotecteur-anti-taches-spf-50-50-ml-2\/#primaryimage\",\"url\":\"https:\/\/paracherkaoui.ma\/wp-content\/uploads\/2025\/12\/bella-aurora-ultra-mat-photoprotecteur-anti-taches-spf-50-50-ml.jpg\",\"contentUrl\":\"https:\/\/paracherkaoui.ma\/wp-content\/uploads\/2025\/12\/bella-aurora-ultra-mat-photoprotecteur-anti-taches-spf-50-50-ml.jpg\",\"width\":700,\"height\":700},{\"@type\":\"BreadcrumbList\",\"@id\":\"https:\/\/paracherkaoui.ma\/index.php\/produit\/bella-aurora-ultra-mat-photoprotecteur-anti-taches-spf-50-50-ml-2\/#breadcrumb\",\"itemListElement\":[{\"@type\":\"ListItem\",\"position\":1,\"name\":\"Accueil\",\"item\":\"https:\/\/paracherkaoui.ma\/\"},{\"@type\":\"ListItem\",\"position\":2,\"name\":\"Boutique\",\"item\":\"https:\/\/paracherkaoui.ma\/index.php\/boutique\/\"},{\"@type\":\"ListItem\",\"position\":3,\"name\":\"BELLA AURORA ULTRA MAT PHOTOPROTECTEUR ANTI TACHES SPF 50 50 ML\"}]},{\"@type\":\"WebSite\",\"@id\":\"https:\/\/paracherkaoui.ma\/#website\",\"url\":\"https:\/\/paracherkaoui.ma\/\",\"name\":\"Paracherkaoui.ma\",\"description\":\"Achetez en ligne sur Paracherkaoui.ma\",\"potentialAction\":[{\"@type\":\"SearchAction\",\"target\":{\"@type\":\"EntryPoint\",\"urlTemplate\":\"https:\/\/paracherkaoui.ma\/?s={search_term_string}\"},\"query-input\":{\"@type\":\"PropertyValueSpecification\",\"valueRequired\":true,\"valueName\":\"search_term_string\"}}],\"inLanguage\":\"fr-FR\"}]}<\/script>\r\n<!-- \/ Yoast SEO plugin. -->","yoast_head_json":{"title":"BELLA AURORA ULTRA MAT PHOTOPROTECTEUR ANTI TACHES SPF 50 50 ML - Paracherkaoui.ma","robots":{"index":"index","follow":"follow","max-snippet":"max-snippet:-1","max-image-preview":"max-image-preview:large","max-video-preview":"max-video-preview:-1"},"canonical":"https:\/\/paracherkaoui.ma\/index.php\/produit\/bella-aurora-ultra-mat-photoprotecteur-anti-taches-spf-50-50-ml-2\/","og_locale":"fr_FR","og_type":"article","og_title":"BELLA AURORA ULTRA MAT PHOTOPROTECTEUR ANTI TACHES SPF 50 50 ML - Paracherkaoui.ma","og_description":"D\u00e9couvrez la cr\u00e8me solaire Ultra-Mat SPF 50 de Bella Aurora, con\u00e7ue sp\u00e9cialement pour les peaux mixtes \u00e0 grasses. Cette protection","og_url":"https:\/\/paracherkaoui.ma\/index.php\/produit\/bella-aurora-ultra-mat-photoprotecteur-anti-taches-spf-50-50-ml-2\/","og_site_name":"Paracherkaoui.ma","article_modified_time":"2025-12-12T18:01:03+00:00","og_image":[{"width":700,"height":700,"url":"https:\/\/paracherkaoui.ma\/wp-content\/uploads\/2025\/12\/bella-aurora-ultra-mat-photoprotecteur-anti-taches-spf-50-50-ml.jpg","type":"image\/jpeg"}],"twitter_card":"summary_large_image","twitter_misc":{"Dur\u00e9e de lecture estim\u00e9e":"1 minute"},"schema":{"@context":"https:\/\/schema.org","@graph":[{"@type":"WebPage","@id":"https:\/\/paracherkaoui.ma\/index.php\/produit\/bella-aurora-ultra-mat-photoprotecteur-anti-taches-spf-50-50-ml-2\/","url":"https:\/\/paracherkaoui.ma\/index.php\/produit\/bella-aurora-ultra-mat-photoprotecteur-anti-taches-spf-50-50-ml-2\/","name":"BELLA AURORA ULTRA MAT PHOTOPROTECTEUR ANTI TACHES SPF 50 50 ML - Paracherkaoui.ma","isPartOf":{"@id":"https:\/\/paracherkaoui.ma\/#website"},"primaryImageOfPage":{"@id":"https:\/\/paracherkaoui.ma\/index.php\/produit\/bella-aurora-ultra-mat-photoprotecteur-anti-taches-spf-50-50-ml-2\/#primaryimage"},"image":{"@id":"https:\/\/paracherkaoui.ma\/index.php\/produit\/bella-aurora-ultra-mat-photoprotecteur-anti-taches-spf-50-50-ml-2\/#primaryimage"},"thumbnailUrl":"https:\/\/paracherkaoui.ma\/wp-content\/uploads\/2025\/12\/bella-aurora-ultra-mat-photoprotecteur-anti-taches-spf-50-50-ml.jpg","datePublished":"2025-12-12T18:01:00+00:00","dateModified":"2025-12-12T18:01:03+00:00","breadcrumb":{"@id":"https:\/\/paracherkaoui.ma\/index.php\/produit\/bella-aurora-ultra-mat-photoprotecteur-anti-taches-spf-50-50-ml-2\/#breadcrumb"},"inLanguage":"fr-FR","potentialAction":[{"@type":"ReadAction","target":["https:\/\/paracherkaoui.ma\/index.php\/produit\/bella-aurora-ultra-mat-photoprotecteur-anti-taches-spf-50-50-ml-2\/"]}]},{"@type":"ImageObject","inLanguage":"fr-FR","@id":"https:\/\/paracherkaoui.ma\/index.php\/produit\/bella-aurora-ultra-mat-photoprotecteur-anti-taches-spf-50-50-ml-2\/#primaryimage","url":"https:\/\/paracherkaoui.ma\/wp-content\/uploads\/2025\/12\/bella-aurora-ultra-mat-photoprotecteur-anti-taches-spf-50-50-ml.jpg","contentUrl":"https:\/\/paracherkaoui.ma\/wp-content\/uploads\/2025\/12\/bella-aurora-ultra-mat-photoprotecteur-anti-taches-spf-50-50-ml.jpg","width":700,"height":700},{"@type":"BreadcrumbList","@id":"https:\/\/paracherkaoui.ma\/index.php\/produit\/bella-aurora-ultra-mat-photoprotecteur-anti-taches-spf-50-50-ml-2\/#breadcrumb","itemListElement":[{"@type":"ListItem","position":1,"name":"Accueil","item":"https:\/\/paracherkaoui.ma\/"},{"@type":"ListItem","position":2,"name":"Boutique","item":"https:\/\/paracherkaoui.ma\/index.php\/boutique\/"},{"@type":"ListItem","position":3,"name":"BELLA AURORA ULTRA MAT PHOTOPROTECTEUR ANTI TACHES SPF 50 50 ML"}]},{"@type":"WebSite","@id":"https:\/\/paracherkaoui.ma\/#website","url":"https:\/\/paracherkaoui.ma\/","name":"Paracherkaoui.ma","description":"Achetez en ligne sur Paracherkaoui.ma","potentialAction":[{"@type":"SearchAction","target":{"@type":"EntryPoint","urlTemplate":"https:\/\/paracherkaoui.ma\/?s={search_term_string}"},"query-input":{"@type":"PropertyValueSpecification","valueRequired":true,"valueName":"search_term_string"}}],"inLanguage":"fr-FR"}]}},"_links":{"self":[{"href":"https:\/\/paracherkaoui.ma\/index.php\/wp-json\/wp\/v2\/product\/38765","targetHints":{"allow":["GET"]}}],"collection":[{"href":"https:\/\/paracherkaoui.ma\/index.php\/wp-json\/wp\/v2\/product"}],"about":[{"href":"https:\/\/paracherkaoui.ma\/index.php\/wp-json\/wp\/v2\/types\/product"}],"replies":[{"embeddable":true,"href":"https:\/\/paracherkaoui.ma\/index.php\/wp-json\/wp\/v2\/comments?post=38765"}],"version-history":[{"count":1,"href":"https:\/\/paracherkaoui.ma\/index.php\/wp-json\/wp\/v2\/product\/38765\/revisions"}],"predecessor-version":[{"id":38803,"href":"https:\/\/paracherkaoui.ma\/index.php\/wp-json\/wp\/v2\/product\/38765\/revisions\/38803"}],"wp:featuredmedia":[{"embeddable":true,"href":"https:\/\/paracherkaoui.ma\/index.php\/wp-json\/wp\/v2\/media\/37583"}],"wp:attachment":[{"href":"https:\/\/paracherkaoui.ma\/index.php\/wp-json\/wp\/v2\/media?parent=38765"}],"wp:term":[{"taxonomy":"product_brand","embeddable":true,"href":"https:\/\/paracherkaoui.ma\/index.php\/wp-json\/wp\/v2\/product_brand?post=38765"},{"taxonomy":"product_cat","embeddable":true,"href":"https:\/\/paracherkaoui.ma\/index.php\/wp-json\/wp\/v2\/product_cat?post=38765"},{"taxonomy":"product_tag","embeddable":true,"href":"https:\/\/paracherkaoui.ma\/index.php\/wp-json\/wp\/v2\/product_tag?post=38765"}],"curies":[{"name":"wp","href":"https:\/\/api.w.org\/{rel}","templated":true}]}}