{"id":38698,"date":"2025-12-12T19:00:49","date_gmt":"2025-12-12T18:00:49","guid":{"rendered":"https:\/\/test.ecbeaute.com\/?post_type=product&#038;p=38698"},"modified":"2025-12-12T19:00:58","modified_gmt":"2025-12-12T18:00:58","slug":"isdin-foto-ultra-100-spot-prevent-spf-50-fusion-fluid-50-ml-3","status":"publish","type":"product","link":"https:\/\/paracherkaoui.ma\/index.php\/produit\/isdin-foto-ultra-100-spot-prevent-spf-50-fusion-fluid-50-ml-3\/","title":{"rendered":"ISDIN FOTO ULTRA 100 SPOT PREVENT SPF 50+ FUSION FLUID 50 ML"},"content":{"rendered":"<p>Gr\u00e2ce \u00e0 une protection UVA trois fois sup\u00e9rieure au minimum requis par un SPF 50+, il est id\u00e9al pour les personnes sujettes aux taches solaires, notamment :<br \/>\nFemmes enceintes ou personnes sujettes aux taches brunes<br \/>\nPeaux sous traitement photosensibilisant<br \/>\nAvant et apr\u00e8s des proc\u00e9dures esth\u00e9tiques ou dermatologiques<br \/>\nSa formule innovante int\u00e8gre de l\u2019acide hyaluronique pour am\u00e9liorer l\u2019\u00e9lasticit\u00e9 de la peau et att\u00e9nuer les rides, ainsi que de l\u2019allanto\u00efne, reconnue pour favoriser la r\u00e9g\u00e9n\u00e9ration cutan\u00e9e. Son Fusion Fluid fond instantan\u00e9ment sur la peau, offrant une application fluide, l\u00e9g\u00e8re et invisible.<br \/>\nPourquoi choisir Isdin FotoUltra 100 Spot Prevent ?<br \/>\nProtection UVA renforc\u00e9e contre le vieillissement pr\u00e9matur\u00e9 et les taches brunes<br \/>\nAction hydratante et r\u00e9g\u00e9n\u00e9rante gr\u00e2ce \u00e0 l\u2019acide hyaluronique et l\u2019allanto\u00efne<br \/>\nTexture ultra-l\u00e9g\u00e8re, id\u00e9ale pour un usage quotidien sous le maquillage<br \/>\nR\u00e9sistant \u00e0 l\u2019eau, parfait pour les journ\u00e9es ensoleill\u00e9es<br \/>\nComposition<br \/>\nAqua (eau), adipate de dibutyle, cyclopentasiloxane, octocryl\u00e8ne, alcool d\u00e9natur\u00e9, dioxyde de titane, butyl m\u00e9thoxydibenzoylm\u00e9thane, cyclohexasiloxane, bis-\u00e9thylhexyloxyph\u00e9nol m\u00e9thoxyph\u00e9nyl triazine, butyl\u00e8ne glycol, Peg-30 dipolyhydroxyst\u00e9arate, Nylon-12, Peg-10 dim\u00e9thicone, chlorure de sodium, ph\u00e9noxy\u00e9thanol, silice, dim\u00e9thicone, disteardimonium hectorite, panth\u00e9nol, ac\u00e9tate de tocoph\u00e9ryle, allanto\u00efne, st\u00e9arate de glyc\u00e9ryle, parfum (parfum), EDTA disodique, \u00e9thylhexylglyc\u00e9rine, hyaluronate de sodium, dim\u00e9thiconol, Peg-8, tocoph\u00e9rol, palmitate d&rsquo;ascorbyle, acide ascorbique, acide citrique.<br \/>\nConseils d&rsquo;utilisation<br \/>\nAgitez avant emploi<br \/>\nAppliquez g\u00e9n\u00e9reusement sur une peau propre et s\u00e8che, 30 minutes avant l\u2019exposition au soleil.<br \/>\nRenouvelez l\u2019application toutes les deux heures, et apr\u00e8s avoir transpir\u00e9, nag\u00e9 ou vous \u00eatre essuy\u00e9.<br \/>\n\u00c9vitez le contact avec les yeux et les muqueuses. En cas de contact, rincez abondamment \u00e0 l\u2019eau.<br \/>\nNe pas exposer les b\u00e9b\u00e9s et jeunes enfants directement au soleil.<br \/>\nUne quantit\u00e9 insuffisante r\u00e9duit l\u2019efficacit\u00e9 protectrice du produit. Compl\u00e9tez votre routine avec des accessoires de protection (chapeau, lunettes de soleil) et \u00e9vitez les expositions prolong\u00e9es.<\/p>\n","protected":false},"excerpt":{"rendered":"<p>Gr\u00e2ce \u00e0 une protection UVA trois fois sup\u00e9rieure au minimum requis par un SPF 50+, il est id\u00e9al pour les<\/p>\n","protected":false},"featured_media":12862,"comment_status":"open","ping_status":"closed","template":"","meta":[],"product_brand":[135],"product_cat":[678],"product_tag":[],"class_list":{"0":"post-38698","1":"product","2":"type-product","3":"status-publish","4":"has-post-thumbnail","6":"product_brand-isdin","7":"product_cat-gels-solaire","9":"first","10":"instock","11":"sale","12":"shipping-taxable","13":"purchasable","14":"product-type-simple"},"yoast_head":"<!-- This site is optimized with the Yoast SEO plugin v26.6 - https:\/\/yoast.com\/wordpress\/plugins\/seo\/ -->\r\n<title>ISDIN FOTO ULTRA 100 SPOT PREVENT SPF 50+ FUSION FLUID 50 ML - Paracherkaoui.ma<\/title>\r\n<meta name=\"robots\" content=\"index, follow, max-snippet:-1, max-image-preview:large, max-video-preview:-1\" \/>\r\n<link rel=\"canonical\" href=\"https:\/\/paracherkaoui.ma\/index.php\/produit\/isdin-foto-ultra-100-spot-prevent-spf-50-fusion-fluid-50-ml-3\/\" \/>\r\n<meta property=\"og:locale\" content=\"fr_FR\" \/>\r\n<meta property=\"og:type\" content=\"article\" \/>\r\n<meta property=\"og:title\" content=\"ISDIN FOTO ULTRA 100 SPOT PREVENT SPF 50+ FUSION FLUID 50 ML - Paracherkaoui.ma\" \/>\r\n<meta property=\"og:description\" content=\"Gr\u00e2ce \u00e0 une protection UVA trois fois sup\u00e9rieure au minimum requis par un SPF 50+, il est id\u00e9al pour les\" \/>\r\n<meta property=\"og:url\" content=\"https:\/\/paracherkaoui.ma\/index.php\/produit\/isdin-foto-ultra-100-spot-prevent-spf-50-fusion-fluid-50-ml-3\/\" \/>\r\n<meta property=\"og:site_name\" content=\"Paracherkaoui.ma\" \/>\r\n<meta property=\"article:modified_time\" content=\"2025-12-12T18:00:58+00:00\" \/>\r\n<meta property=\"og:image\" content=\"https:\/\/paracherkaoui.ma\/wp-content\/uploads\/2025\/12\/isdin-foto-ultra-100-spot-prevent-spf-50-fusion-fluid-50-ml.jpg\" \/>\r\n\t<meta property=\"og:image:width\" content=\"700\" \/>\r\n\t<meta property=\"og:image:height\" content=\"700\" \/>\r\n\t<meta property=\"og:image:type\" content=\"image\/jpeg\" \/>\r\n<meta name=\"twitter:card\" content=\"summary_large_image\" \/>\r\n<meta name=\"twitter:label1\" content=\"Dur\u00e9e de lecture estim\u00e9e\" \/>\n\t<meta name=\"twitter:data1\" content=\"2 minutes\" \/>\r\n<script type=\"application\/ld+json\" class=\"yoast-schema-graph\">{\"@context\":\"https:\/\/schema.org\",\"@graph\":[{\"@type\":\"WebPage\",\"@id\":\"https:\/\/paracherkaoui.ma\/index.php\/produit\/isdin-foto-ultra-100-spot-prevent-spf-50-fusion-fluid-50-ml-3\/\",\"url\":\"https:\/\/paracherkaoui.ma\/index.php\/produit\/isdin-foto-ultra-100-spot-prevent-spf-50-fusion-fluid-50-ml-3\/\",\"name\":\"ISDIN FOTO ULTRA 100 SPOT PREVENT SPF 50+ FUSION FLUID 50 ML - Paracherkaoui.ma\",\"isPartOf\":{\"@id\":\"https:\/\/paracherkaoui.ma\/#website\"},\"primaryImageOfPage\":{\"@id\":\"https:\/\/paracherkaoui.ma\/index.php\/produit\/isdin-foto-ultra-100-spot-prevent-spf-50-fusion-fluid-50-ml-3\/#primaryimage\"},\"image\":{\"@id\":\"https:\/\/paracherkaoui.ma\/index.php\/produit\/isdin-foto-ultra-100-spot-prevent-spf-50-fusion-fluid-50-ml-3\/#primaryimage\"},\"thumbnailUrl\":\"https:\/\/paracherkaoui.ma\/wp-content\/uploads\/2025\/12\/isdin-foto-ultra-100-spot-prevent-spf-50-fusion-fluid-50-ml.jpg\",\"datePublished\":\"2025-12-12T18:00:49+00:00\",\"dateModified\":\"2025-12-12T18:00:58+00:00\",\"breadcrumb\":{\"@id\":\"https:\/\/paracherkaoui.ma\/index.php\/produit\/isdin-foto-ultra-100-spot-prevent-spf-50-fusion-fluid-50-ml-3\/#breadcrumb\"},\"inLanguage\":\"fr-FR\",\"potentialAction\":[{\"@type\":\"ReadAction\",\"target\":[\"https:\/\/paracherkaoui.ma\/index.php\/produit\/isdin-foto-ultra-100-spot-prevent-spf-50-fusion-fluid-50-ml-3\/\"]}]},{\"@type\":\"ImageObject\",\"inLanguage\":\"fr-FR\",\"@id\":\"https:\/\/paracherkaoui.ma\/index.php\/produit\/isdin-foto-ultra-100-spot-prevent-spf-50-fusion-fluid-50-ml-3\/#primaryimage\",\"url\":\"https:\/\/paracherkaoui.ma\/wp-content\/uploads\/2025\/12\/isdin-foto-ultra-100-spot-prevent-spf-50-fusion-fluid-50-ml.jpg\",\"contentUrl\":\"https:\/\/paracherkaoui.ma\/wp-content\/uploads\/2025\/12\/isdin-foto-ultra-100-spot-prevent-spf-50-fusion-fluid-50-ml.jpg\",\"width\":700,\"height\":700},{\"@type\":\"BreadcrumbList\",\"@id\":\"https:\/\/paracherkaoui.ma\/index.php\/produit\/isdin-foto-ultra-100-spot-prevent-spf-50-fusion-fluid-50-ml-3\/#breadcrumb\",\"itemListElement\":[{\"@type\":\"ListItem\",\"position\":1,\"name\":\"Accueil\",\"item\":\"https:\/\/paracherkaoui.ma\/\"},{\"@type\":\"ListItem\",\"position\":2,\"name\":\"Boutique\",\"item\":\"https:\/\/paracherkaoui.ma\/index.php\/boutique\/\"},{\"@type\":\"ListItem\",\"position\":3,\"name\":\"ISDIN FOTO ULTRA 100 SPOT PREVENT SPF 50+ FUSION FLUID 50 ML\"}]},{\"@type\":\"WebSite\",\"@id\":\"https:\/\/paracherkaoui.ma\/#website\",\"url\":\"https:\/\/paracherkaoui.ma\/\",\"name\":\"Paracherkaoui.ma\",\"description\":\"Achetez en ligne sur Paracherkaoui.ma\",\"potentialAction\":[{\"@type\":\"SearchAction\",\"target\":{\"@type\":\"EntryPoint\",\"urlTemplate\":\"https:\/\/paracherkaoui.ma\/?s={search_term_string}\"},\"query-input\":{\"@type\":\"PropertyValueSpecification\",\"valueRequired\":true,\"valueName\":\"search_term_string\"}}],\"inLanguage\":\"fr-FR\"}]}<\/script>\r\n<!-- \/ Yoast SEO plugin. -->","yoast_head_json":{"title":"ISDIN FOTO ULTRA 100 SPOT PREVENT SPF 50+ FUSION FLUID 50 ML - Paracherkaoui.ma","robots":{"index":"index","follow":"follow","max-snippet":"max-snippet:-1","max-image-preview":"max-image-preview:large","max-video-preview":"max-video-preview:-1"},"canonical":"https:\/\/paracherkaoui.ma\/index.php\/produit\/isdin-foto-ultra-100-spot-prevent-spf-50-fusion-fluid-50-ml-3\/","og_locale":"fr_FR","og_type":"article","og_title":"ISDIN FOTO ULTRA 100 SPOT PREVENT SPF 50+ FUSION FLUID 50 ML - Paracherkaoui.ma","og_description":"Gr\u00e2ce \u00e0 une protection UVA trois fois sup\u00e9rieure au minimum requis par un SPF 50+, il est id\u00e9al pour les","og_url":"https:\/\/paracherkaoui.ma\/index.php\/produit\/isdin-foto-ultra-100-spot-prevent-spf-50-fusion-fluid-50-ml-3\/","og_site_name":"Paracherkaoui.ma","article_modified_time":"2025-12-12T18:00:58+00:00","og_image":[{"width":700,"height":700,"url":"https:\/\/paracherkaoui.ma\/wp-content\/uploads\/2025\/12\/isdin-foto-ultra-100-spot-prevent-spf-50-fusion-fluid-50-ml.jpg","type":"image\/jpeg"}],"twitter_card":"summary_large_image","twitter_misc":{"Dur\u00e9e de lecture estim\u00e9e":"2 minutes"},"schema":{"@context":"https:\/\/schema.org","@graph":[{"@type":"WebPage","@id":"https:\/\/paracherkaoui.ma\/index.php\/produit\/isdin-foto-ultra-100-spot-prevent-spf-50-fusion-fluid-50-ml-3\/","url":"https:\/\/paracherkaoui.ma\/index.php\/produit\/isdin-foto-ultra-100-spot-prevent-spf-50-fusion-fluid-50-ml-3\/","name":"ISDIN FOTO ULTRA 100 SPOT PREVENT SPF 50+ FUSION FLUID 50 ML - Paracherkaoui.ma","isPartOf":{"@id":"https:\/\/paracherkaoui.ma\/#website"},"primaryImageOfPage":{"@id":"https:\/\/paracherkaoui.ma\/index.php\/produit\/isdin-foto-ultra-100-spot-prevent-spf-50-fusion-fluid-50-ml-3\/#primaryimage"},"image":{"@id":"https:\/\/paracherkaoui.ma\/index.php\/produit\/isdin-foto-ultra-100-spot-prevent-spf-50-fusion-fluid-50-ml-3\/#primaryimage"},"thumbnailUrl":"https:\/\/paracherkaoui.ma\/wp-content\/uploads\/2025\/12\/isdin-foto-ultra-100-spot-prevent-spf-50-fusion-fluid-50-ml.jpg","datePublished":"2025-12-12T18:00:49+00:00","dateModified":"2025-12-12T18:00:58+00:00","breadcrumb":{"@id":"https:\/\/paracherkaoui.ma\/index.php\/produit\/isdin-foto-ultra-100-spot-prevent-spf-50-fusion-fluid-50-ml-3\/#breadcrumb"},"inLanguage":"fr-FR","potentialAction":[{"@type":"ReadAction","target":["https:\/\/paracherkaoui.ma\/index.php\/produit\/isdin-foto-ultra-100-spot-prevent-spf-50-fusion-fluid-50-ml-3\/"]}]},{"@type":"ImageObject","inLanguage":"fr-FR","@id":"https:\/\/paracherkaoui.ma\/index.php\/produit\/isdin-foto-ultra-100-spot-prevent-spf-50-fusion-fluid-50-ml-3\/#primaryimage","url":"https:\/\/paracherkaoui.ma\/wp-content\/uploads\/2025\/12\/isdin-foto-ultra-100-spot-prevent-spf-50-fusion-fluid-50-ml.jpg","contentUrl":"https:\/\/paracherkaoui.ma\/wp-content\/uploads\/2025\/12\/isdin-foto-ultra-100-spot-prevent-spf-50-fusion-fluid-50-ml.jpg","width":700,"height":700},{"@type":"BreadcrumbList","@id":"https:\/\/paracherkaoui.ma\/index.php\/produit\/isdin-foto-ultra-100-spot-prevent-spf-50-fusion-fluid-50-ml-3\/#breadcrumb","itemListElement":[{"@type":"ListItem","position":1,"name":"Accueil","item":"https:\/\/paracherkaoui.ma\/"},{"@type":"ListItem","position":2,"name":"Boutique","item":"https:\/\/paracherkaoui.ma\/index.php\/boutique\/"},{"@type":"ListItem","position":3,"name":"ISDIN FOTO ULTRA 100 SPOT PREVENT SPF 50+ FUSION FLUID 50 ML"}]},{"@type":"WebSite","@id":"https:\/\/paracherkaoui.ma\/#website","url":"https:\/\/paracherkaoui.ma\/","name":"Paracherkaoui.ma","description":"Achetez en ligne sur Paracherkaoui.ma","potentialAction":[{"@type":"SearchAction","target":{"@type":"EntryPoint","urlTemplate":"https:\/\/paracherkaoui.ma\/?s={search_term_string}"},"query-input":{"@type":"PropertyValueSpecification","valueRequired":true,"valueName":"search_term_string"}}],"inLanguage":"fr-FR"}]}},"_links":{"self":[{"href":"https:\/\/paracherkaoui.ma\/index.php\/wp-json\/wp\/v2\/product\/38698","targetHints":{"allow":["GET"]}}],"collection":[{"href":"https:\/\/paracherkaoui.ma\/index.php\/wp-json\/wp\/v2\/product"}],"about":[{"href":"https:\/\/paracherkaoui.ma\/index.php\/wp-json\/wp\/v2\/types\/product"}],"replies":[{"embeddable":true,"href":"https:\/\/paracherkaoui.ma\/index.php\/wp-json\/wp\/v2\/comments?post=38698"}],"version-history":[{"count":1,"href":"https:\/\/paracherkaoui.ma\/index.php\/wp-json\/wp\/v2\/product\/38698\/revisions"}],"predecessor-version":[{"id":38754,"href":"https:\/\/paracherkaoui.ma\/index.php\/wp-json\/wp\/v2\/product\/38698\/revisions\/38754"}],"wp:featuredmedia":[{"embeddable":true,"href":"https:\/\/paracherkaoui.ma\/index.php\/wp-json\/wp\/v2\/media\/12862"}],"wp:attachment":[{"href":"https:\/\/paracherkaoui.ma\/index.php\/wp-json\/wp\/v2\/media?parent=38698"}],"wp:term":[{"taxonomy":"product_brand","embeddable":true,"href":"https:\/\/paracherkaoui.ma\/index.php\/wp-json\/wp\/v2\/product_brand?post=38698"},{"taxonomy":"product_cat","embeddable":true,"href":"https:\/\/paracherkaoui.ma\/index.php\/wp-json\/wp\/v2\/product_cat?post=38698"},{"taxonomy":"product_tag","embeddable":true,"href":"https:\/\/paracherkaoui.ma\/index.php\/wp-json\/wp\/v2\/product_tag?post=38698"}],"curies":[{"name":"wp","href":"https:\/\/api.w.org\/{rel}","templated":true}]}}