{"id":38695,"date":"2025-12-12T19:00:48","date_gmt":"2025-12-12T18:00:48","guid":{"rendered":"https:\/\/test.ecbeaute.com\/?post_type=product&#038;p=38695"},"modified":"2025-12-12T19:00:58","modified_gmt":"2025-12-12T18:00:58","slug":"niacinaz-ecransolaire-niacisun-invisible-spf-50-50-ml","status":"publish","type":"product","link":"https:\/\/paracherkaoui.ma\/index.php\/produit\/niacinaz-ecransolaire-niacisun-invisible-spf-50-50-ml\/","title":{"rendered":"NIACINAZ ECRANSOLAIRE NIACISUN INVISIBLE SPF 50+ 50 ML"},"content":{"rendered":"<p>Sa texture invisible, non grasse et sans traces blanches, en fait l\u2019alli\u00e9 id\u00e9al pour toutes les carnations, m\u00eame les plus fonc\u00e9es. Il p\u00e9n\u00e8tre rapidement, ne bouche pas les pores (non com\u00e9dog\u00e8ne) et r\u00e9siste \u00e0 l\u2019eau, vous assurant une protection continue m\u00eame en \u00e9t\u00e9 ou pendant vos activit\u00e9s en plein air.<br \/>\nRiche en niacinamide, cet \u00e9cran solaire aide \u00e0 :<br \/>\nR\u00e9duire les rides et ridules<br \/>\nAffiner le grain de peau<br \/>\nUnifier le teint<br \/>\nLutter contre la d\u00e9shydratation et les inflammations li\u00e9es \u00e0 l\u2019acn\u00e9<br \/>\nLes antioxydants qu\u2019il contient agissent comme un bouclier contre les radicaux libres, responsables du vieillissement pr\u00e9matur\u00e9. R\u00e9sultat ? Une peau visiblement plus lisse, \u00e9clatante et prot\u00e9g\u00e9e.<br \/>\nConseils d&rsquo;utilisation<br \/>\nAppliquer une quantit\u00e9 g\u00e9n\u00e9reuse (\u00bd \u00e0 1 cuill\u00e8re \u00e0 caf\u00e9) sur le visage et le cou 15 \u00e0 30 minutes avant l&rsquo;exposition.<br \/>\nRenouveler l&rsquo;application toutes les 2 heures, ou apr\u00e8s baignade, transpiration ou usage de serviette.<br \/>\n\u00c0 utiliser quotidiennement m\u00eame par temps couvert pour une pr\u00e9vention anti-\u00e2ge renforc\u00e9e.<\/p>\n","protected":false},"excerpt":{"rendered":"<p>Sa texture invisible, non grasse et sans traces blanches, en fait l\u2019alli\u00e9 id\u00e9al pour toutes les carnations, m\u00eame les plus<\/p>\n","protected":false},"featured_media":38749,"comment_status":"open","ping_status":"closed","template":"","meta":[],"product_brand":[442],"product_cat":[666],"product_tag":[],"class_list":{"0":"post-38695","1":"product","2":"type-product","3":"status-publish","4":"has-post-thumbnail","6":"product_brand-niacinaz","7":"product_cat-cremes-solaires","9":"first","10":"instock","11":"sale","12":"shipping-taxable","13":"purchasable","14":"product-type-simple"},"yoast_head":"<!-- This site is optimized with the Yoast SEO plugin v26.6 - https:\/\/yoast.com\/wordpress\/plugins\/seo\/ -->\r\n<title>NIACINAZ ECRANSOLAIRE NIACISUN INVISIBLE SPF 50+ 50 ML - Paracherkaoui.ma<\/title>\r\n<meta name=\"robots\" content=\"index, follow, max-snippet:-1, max-image-preview:large, max-video-preview:-1\" \/>\r\n<link rel=\"canonical\" href=\"https:\/\/paracherkaoui.ma\/index.php\/produit\/niacinaz-ecransolaire-niacisun-invisible-spf-50-50-ml\/\" \/>\r\n<meta property=\"og:locale\" content=\"fr_FR\" \/>\r\n<meta property=\"og:type\" content=\"article\" \/>\r\n<meta property=\"og:title\" content=\"NIACINAZ ECRANSOLAIRE NIACISUN INVISIBLE SPF 50+ 50 ML - Paracherkaoui.ma\" \/>\r\n<meta property=\"og:description\" content=\"Sa texture invisible, non grasse et sans traces blanches, en fait l\u2019alli\u00e9 id\u00e9al pour toutes les carnations, m\u00eame les plus\" \/>\r\n<meta property=\"og:url\" content=\"https:\/\/paracherkaoui.ma\/index.php\/produit\/niacinaz-ecransolaire-niacisun-invisible-spf-50-50-ml\/\" \/>\r\n<meta property=\"og:site_name\" content=\"Paracherkaoui.ma\" \/>\r\n<meta property=\"article:modified_time\" content=\"2025-12-12T18:00:58+00:00\" \/>\r\n<meta property=\"og:image\" content=\"https:\/\/paracherkaoui.ma\/wp-content\/uploads\/2025\/12\/niacinaz-niacinaz-ecransolaire-niacisun-invisible-spf-50-50-ml-cremes-solaires.jpg\" \/>\r\n\t<meta property=\"og:image:width\" content=\"700\" \/>\r\n\t<meta property=\"og:image:height\" content=\"700\" \/>\r\n\t<meta property=\"og:image:type\" content=\"image\/jpeg\" \/>\r\n<meta name=\"twitter:card\" content=\"summary_large_image\" \/>\r\n<meta name=\"twitter:label1\" content=\"Dur\u00e9e de lecture estim\u00e9e\" \/>\n\t<meta name=\"twitter:data1\" content=\"1 minute\" \/>\r\n<script type=\"application\/ld+json\" class=\"yoast-schema-graph\">{\"@context\":\"https:\/\/schema.org\",\"@graph\":[{\"@type\":\"WebPage\",\"@id\":\"https:\/\/paracherkaoui.ma\/index.php\/produit\/niacinaz-ecransolaire-niacisun-invisible-spf-50-50-ml\/\",\"url\":\"https:\/\/paracherkaoui.ma\/index.php\/produit\/niacinaz-ecransolaire-niacisun-invisible-spf-50-50-ml\/\",\"name\":\"NIACINAZ ECRANSOLAIRE NIACISUN INVISIBLE SPF 50+ 50 ML - Paracherkaoui.ma\",\"isPartOf\":{\"@id\":\"https:\/\/paracherkaoui.ma\/#website\"},\"primaryImageOfPage\":{\"@id\":\"https:\/\/paracherkaoui.ma\/index.php\/produit\/niacinaz-ecransolaire-niacisun-invisible-spf-50-50-ml\/#primaryimage\"},\"image\":{\"@id\":\"https:\/\/paracherkaoui.ma\/index.php\/produit\/niacinaz-ecransolaire-niacisun-invisible-spf-50-50-ml\/#primaryimage\"},\"thumbnailUrl\":\"https:\/\/paracherkaoui.ma\/wp-content\/uploads\/2025\/12\/niacinaz-niacinaz-ecransolaire-niacisun-invisible-spf-50-50-ml-cremes-solaires.jpg\",\"datePublished\":\"2025-12-12T18:00:48+00:00\",\"dateModified\":\"2025-12-12T18:00:58+00:00\",\"breadcrumb\":{\"@id\":\"https:\/\/paracherkaoui.ma\/index.php\/produit\/niacinaz-ecransolaire-niacisun-invisible-spf-50-50-ml\/#breadcrumb\"},\"inLanguage\":\"fr-FR\",\"potentialAction\":[{\"@type\":\"ReadAction\",\"target\":[\"https:\/\/paracherkaoui.ma\/index.php\/produit\/niacinaz-ecransolaire-niacisun-invisible-spf-50-50-ml\/\"]}]},{\"@type\":\"ImageObject\",\"inLanguage\":\"fr-FR\",\"@id\":\"https:\/\/paracherkaoui.ma\/index.php\/produit\/niacinaz-ecransolaire-niacisun-invisible-spf-50-50-ml\/#primaryimage\",\"url\":\"https:\/\/paracherkaoui.ma\/wp-content\/uploads\/2025\/12\/niacinaz-niacinaz-ecransolaire-niacisun-invisible-spf-50-50-ml-cremes-solaires.jpg\",\"contentUrl\":\"https:\/\/paracherkaoui.ma\/wp-content\/uploads\/2025\/12\/niacinaz-niacinaz-ecransolaire-niacisun-invisible-spf-50-50-ml-cremes-solaires.jpg\",\"width\":700,\"height\":700},{\"@type\":\"BreadcrumbList\",\"@id\":\"https:\/\/paracherkaoui.ma\/index.php\/produit\/niacinaz-ecransolaire-niacisun-invisible-spf-50-50-ml\/#breadcrumb\",\"itemListElement\":[{\"@type\":\"ListItem\",\"position\":1,\"name\":\"Accueil\",\"item\":\"https:\/\/paracherkaoui.ma\/\"},{\"@type\":\"ListItem\",\"position\":2,\"name\":\"Boutique\",\"item\":\"https:\/\/paracherkaoui.ma\/index.php\/boutique\/\"},{\"@type\":\"ListItem\",\"position\":3,\"name\":\"NIACINAZ ECRANSOLAIRE NIACISUN INVISIBLE SPF 50+ 50 ML\"}]},{\"@type\":\"WebSite\",\"@id\":\"https:\/\/paracherkaoui.ma\/#website\",\"url\":\"https:\/\/paracherkaoui.ma\/\",\"name\":\"Paracherkaoui.ma\",\"description\":\"Achetez en ligne sur Paracherkaoui.ma\",\"potentialAction\":[{\"@type\":\"SearchAction\",\"target\":{\"@type\":\"EntryPoint\",\"urlTemplate\":\"https:\/\/paracherkaoui.ma\/?s={search_term_string}\"},\"query-input\":{\"@type\":\"PropertyValueSpecification\",\"valueRequired\":true,\"valueName\":\"search_term_string\"}}],\"inLanguage\":\"fr-FR\"}]}<\/script>\r\n<!-- \/ Yoast SEO plugin. -->","yoast_head_json":{"title":"NIACINAZ ECRANSOLAIRE NIACISUN INVISIBLE SPF 50+ 50 ML - Paracherkaoui.ma","robots":{"index":"index","follow":"follow","max-snippet":"max-snippet:-1","max-image-preview":"max-image-preview:large","max-video-preview":"max-video-preview:-1"},"canonical":"https:\/\/paracherkaoui.ma\/index.php\/produit\/niacinaz-ecransolaire-niacisun-invisible-spf-50-50-ml\/","og_locale":"fr_FR","og_type":"article","og_title":"NIACINAZ ECRANSOLAIRE NIACISUN INVISIBLE SPF 50+ 50 ML - Paracherkaoui.ma","og_description":"Sa texture invisible, non grasse et sans traces blanches, en fait l\u2019alli\u00e9 id\u00e9al pour toutes les carnations, m\u00eame les plus","og_url":"https:\/\/paracherkaoui.ma\/index.php\/produit\/niacinaz-ecransolaire-niacisun-invisible-spf-50-50-ml\/","og_site_name":"Paracherkaoui.ma","article_modified_time":"2025-12-12T18:00:58+00:00","og_image":[{"width":700,"height":700,"url":"https:\/\/paracherkaoui.ma\/wp-content\/uploads\/2025\/12\/niacinaz-niacinaz-ecransolaire-niacisun-invisible-spf-50-50-ml-cremes-solaires.jpg","type":"image\/jpeg"}],"twitter_card":"summary_large_image","twitter_misc":{"Dur\u00e9e de lecture estim\u00e9e":"1 minute"},"schema":{"@context":"https:\/\/schema.org","@graph":[{"@type":"WebPage","@id":"https:\/\/paracherkaoui.ma\/index.php\/produit\/niacinaz-ecransolaire-niacisun-invisible-spf-50-50-ml\/","url":"https:\/\/paracherkaoui.ma\/index.php\/produit\/niacinaz-ecransolaire-niacisun-invisible-spf-50-50-ml\/","name":"NIACINAZ ECRANSOLAIRE NIACISUN INVISIBLE SPF 50+ 50 ML - Paracherkaoui.ma","isPartOf":{"@id":"https:\/\/paracherkaoui.ma\/#website"},"primaryImageOfPage":{"@id":"https:\/\/paracherkaoui.ma\/index.php\/produit\/niacinaz-ecransolaire-niacisun-invisible-spf-50-50-ml\/#primaryimage"},"image":{"@id":"https:\/\/paracherkaoui.ma\/index.php\/produit\/niacinaz-ecransolaire-niacisun-invisible-spf-50-50-ml\/#primaryimage"},"thumbnailUrl":"https:\/\/paracherkaoui.ma\/wp-content\/uploads\/2025\/12\/niacinaz-niacinaz-ecransolaire-niacisun-invisible-spf-50-50-ml-cremes-solaires.jpg","datePublished":"2025-12-12T18:00:48+00:00","dateModified":"2025-12-12T18:00:58+00:00","breadcrumb":{"@id":"https:\/\/paracherkaoui.ma\/index.php\/produit\/niacinaz-ecransolaire-niacisun-invisible-spf-50-50-ml\/#breadcrumb"},"inLanguage":"fr-FR","potentialAction":[{"@type":"ReadAction","target":["https:\/\/paracherkaoui.ma\/index.php\/produit\/niacinaz-ecransolaire-niacisun-invisible-spf-50-50-ml\/"]}]},{"@type":"ImageObject","inLanguage":"fr-FR","@id":"https:\/\/paracherkaoui.ma\/index.php\/produit\/niacinaz-ecransolaire-niacisun-invisible-spf-50-50-ml\/#primaryimage","url":"https:\/\/paracherkaoui.ma\/wp-content\/uploads\/2025\/12\/niacinaz-niacinaz-ecransolaire-niacisun-invisible-spf-50-50-ml-cremes-solaires.jpg","contentUrl":"https:\/\/paracherkaoui.ma\/wp-content\/uploads\/2025\/12\/niacinaz-niacinaz-ecransolaire-niacisun-invisible-spf-50-50-ml-cremes-solaires.jpg","width":700,"height":700},{"@type":"BreadcrumbList","@id":"https:\/\/paracherkaoui.ma\/index.php\/produit\/niacinaz-ecransolaire-niacisun-invisible-spf-50-50-ml\/#breadcrumb","itemListElement":[{"@type":"ListItem","position":1,"name":"Accueil","item":"https:\/\/paracherkaoui.ma\/"},{"@type":"ListItem","position":2,"name":"Boutique","item":"https:\/\/paracherkaoui.ma\/index.php\/boutique\/"},{"@type":"ListItem","position":3,"name":"NIACINAZ ECRANSOLAIRE NIACISUN INVISIBLE SPF 50+ 50 ML"}]},{"@type":"WebSite","@id":"https:\/\/paracherkaoui.ma\/#website","url":"https:\/\/paracherkaoui.ma\/","name":"Paracherkaoui.ma","description":"Achetez en ligne sur Paracherkaoui.ma","potentialAction":[{"@type":"SearchAction","target":{"@type":"EntryPoint","urlTemplate":"https:\/\/paracherkaoui.ma\/?s={search_term_string}"},"query-input":{"@type":"PropertyValueSpecification","valueRequired":true,"valueName":"search_term_string"}}],"inLanguage":"fr-FR"}]}},"_links":{"self":[{"href":"https:\/\/paracherkaoui.ma\/index.php\/wp-json\/wp\/v2\/product\/38695","targetHints":{"allow":["GET"]}}],"collection":[{"href":"https:\/\/paracherkaoui.ma\/index.php\/wp-json\/wp\/v2\/product"}],"about":[{"href":"https:\/\/paracherkaoui.ma\/index.php\/wp-json\/wp\/v2\/types\/product"}],"replies":[{"embeddable":true,"href":"https:\/\/paracherkaoui.ma\/index.php\/wp-json\/wp\/v2\/comments?post=38695"}],"version-history":[{"count":1,"href":"https:\/\/paracherkaoui.ma\/index.php\/wp-json\/wp\/v2\/product\/38695\/revisions"}],"predecessor-version":[{"id":38750,"href":"https:\/\/paracherkaoui.ma\/index.php\/wp-json\/wp\/v2\/product\/38695\/revisions\/38750"}],"wp:featuredmedia":[{"embeddable":true,"href":"https:\/\/paracherkaoui.ma\/index.php\/wp-json\/wp\/v2\/media\/38749"}],"wp:attachment":[{"href":"https:\/\/paracherkaoui.ma\/index.php\/wp-json\/wp\/v2\/media?parent=38695"}],"wp:term":[{"taxonomy":"product_brand","embeddable":true,"href":"https:\/\/paracherkaoui.ma\/index.php\/wp-json\/wp\/v2\/product_brand?post=38695"},{"taxonomy":"product_cat","embeddable":true,"href":"https:\/\/paracherkaoui.ma\/index.php\/wp-json\/wp\/v2\/product_cat?post=38695"},{"taxonomy":"product_tag","embeddable":true,"href":"https:\/\/paracherkaoui.ma\/index.php\/wp-json\/wp\/v2\/product_tag?post=38695"}],"curies":[{"name":"wp","href":"https:\/\/api.w.org\/{rel}","templated":true}]}}