{"id":38693,"date":"2025-12-12T19:00:48","date_gmt":"2025-12-12T18:00:48","guid":{"rendered":"https:\/\/test.ecbeaute.com\/?post_type=product&#038;p=38693"},"modified":"2025-12-12T19:00:58","modified_gmt":"2025-12-12T18:00:58","slug":"ecladerm-luxe-protect-glow-ecran-solaire-spf50-fluide-invisible-50ml","status":"publish","type":"product","link":"https:\/\/paracherkaoui.ma\/index.php\/produit\/ecladerm-luxe-protect-glow-ecran-solaire-spf50-fluide-invisible-50ml\/","title":{"rendered":"ECLADERM LUXE PROTECT GLOW ECRAN SOLAIRE SPF50 + FLUIDE INVISIBLE 50ML"},"content":{"rendered":"<p>Le secret de sa performance r\u00e9side dans sa formulation avanc\u00e9e : \u00ab\u00a0Liquid Glow Protection\u00a0\u00bb. Cette cr\u00e8me solaire offre une tr\u00e8s haute protection contre les rayons UVA et UVB (SPF50+), vous assurant une d\u00e9fense imparable contre les coups de soleil, le photovieillissement et les dommages cellulaires. Que vous soyez en ville, \u00e0 la plage, ou simplement sous le soleil, votre peau est en s\u00e9curit\u00e9.<br \/>\nCe fluide invisible est une prouesse technologique : sa formule l\u00e9g\u00e8re est adapt\u00e9e \u00e0 tous les types de peau, m\u00eame les plus sensibles. Finis les \u00e9crans solaires \u00e9pais et collants qui laissent des traces blanches ! ECLADERM LUXE PROTECT GLOW s&rsquo;applique avec une facilit\u00e9 d\u00e9concertante, p\u00e9n\u00e9trant instantan\u00e9ment pour un fini totalement invisible et un confort in\u00e9gal\u00e9. Vous ne la sentirez pas, mais votre peau sera parfaitement prot\u00e9g\u00e9e.<br \/>\nMais ses bienfaits vont bien au-del\u00e0 de la simple protection. Cette formule est riche en antioxydants, des boucliers naturels qui combattent les radicaux libres g\u00e9n\u00e9r\u00e9s par le soleil et la pollution. En prot\u00e9geant votre peau du stress oxydatif, elle aide \u00e0 pr\u00e9venir le vieillissement pr\u00e9matur\u00e9 (rides, ridules) et l&rsquo;apparition des taches pigmentaires, pour une peau qui conserve sa jeunesse et son uniformit\u00e9.<br \/>\nMalgr\u00e9 sa texture fluide, elle laisse la peau hydrat\u00e9e et prot\u00e9g\u00e9e toute la journ\u00e9e. Sa formule est judicieusement riche en lipides et en eau, ce qui la rend \u00e9galement adapt\u00e9e aux jours de pluie o\u00f9 l&rsquo;hydratation et une protection l\u00e9g\u00e8re mais efficace restent n\u00e9cessaires. Sa particularit\u00e9 d&rsquo;\u00eatre r\u00e9sistante \u00e0 l&rsquo;eau vous assure une protection continue m\u00eame pendant la baignade ou en cas de transpiration.<br \/>\nConseils d&rsquo;utilisation :<br \/>\nAppliquez l&rsquo;\u00e9cran solaire chaque matin comme derni\u00e8re \u00e9tape de votre routine de soin du visage, avant l&rsquo;exposition au soleil.<\/p>\n","protected":false},"excerpt":{"rendered":"<p>Le secret de sa performance r\u00e9side dans sa formulation avanc\u00e9e : \u00ab\u00a0Liquid Glow Protection\u00a0\u00bb. Cette cr\u00e8me solaire offre une tr\u00e8s<\/p>\n","protected":false},"featured_media":38745,"comment_status":"open","ping_status":"closed","template":"","meta":[],"product_brand":[392],"product_cat":[666],"product_tag":[],"class_list":{"0":"post-38693","1":"product","2":"type-product","3":"status-publish","4":"has-post-thumbnail","6":"product_brand-ecladerm","7":"product_cat-cremes-solaires","9":"first","10":"instock","11":"sale","12":"shipping-taxable","13":"purchasable","14":"product-type-simple"},"yoast_head":"<!-- This site is optimized with the Yoast SEO plugin v26.6 - https:\/\/yoast.com\/wordpress\/plugins\/seo\/ -->\r\n<title>ECLADERM LUXE PROTECT GLOW ECRAN SOLAIRE SPF50 + FLUIDE INVISIBLE 50ML - Paracherkaoui.ma<\/title>\r\n<meta name=\"robots\" content=\"index, follow, max-snippet:-1, max-image-preview:large, max-video-preview:-1\" \/>\r\n<link rel=\"canonical\" href=\"https:\/\/paracherkaoui.ma\/index.php\/produit\/ecladerm-luxe-protect-glow-ecran-solaire-spf50-fluide-invisible-50ml\/\" \/>\r\n<meta property=\"og:locale\" content=\"fr_FR\" \/>\r\n<meta property=\"og:type\" content=\"article\" \/>\r\n<meta property=\"og:title\" content=\"ECLADERM LUXE PROTECT GLOW ECRAN SOLAIRE SPF50 + FLUIDE INVISIBLE 50ML - Paracherkaoui.ma\" \/>\r\n<meta property=\"og:description\" content=\"Le secret de sa performance r\u00e9side dans sa formulation avanc\u00e9e : \u00ab\u00a0Liquid Glow Protection\u00a0\u00bb. Cette cr\u00e8me solaire offre une tr\u00e8s\" \/>\r\n<meta property=\"og:url\" content=\"https:\/\/paracherkaoui.ma\/index.php\/produit\/ecladerm-luxe-protect-glow-ecran-solaire-spf50-fluide-invisible-50ml\/\" \/>\r\n<meta property=\"og:site_name\" content=\"Paracherkaoui.ma\" \/>\r\n<meta property=\"article:modified_time\" content=\"2025-12-12T18:00:58+00:00\" \/>\r\n<meta property=\"og:image\" content=\"https:\/\/paracherkaoui.ma\/wp-content\/uploads\/2025\/12\/ecladerm-ecladerm-luxe-protect-glow-ecran-solaire-spf50-fluide-invisible-50ml-cremes-solaires.jpg\" \/>\r\n\t<meta property=\"og:image:width\" content=\"700\" \/>\r\n\t<meta property=\"og:image:height\" content=\"700\" \/>\r\n\t<meta property=\"og:image:type\" content=\"image\/jpeg\" \/>\r\n<meta name=\"twitter:card\" content=\"summary_large_image\" \/>\r\n<meta name=\"twitter:label1\" content=\"Dur\u00e9e de lecture estim\u00e9e\" \/>\n\t<meta name=\"twitter:data1\" content=\"2 minutes\" \/>\r\n<script type=\"application\/ld+json\" class=\"yoast-schema-graph\">{\"@context\":\"https:\/\/schema.org\",\"@graph\":[{\"@type\":\"WebPage\",\"@id\":\"https:\/\/paracherkaoui.ma\/index.php\/produit\/ecladerm-luxe-protect-glow-ecran-solaire-spf50-fluide-invisible-50ml\/\",\"url\":\"https:\/\/paracherkaoui.ma\/index.php\/produit\/ecladerm-luxe-protect-glow-ecran-solaire-spf50-fluide-invisible-50ml\/\",\"name\":\"ECLADERM LUXE PROTECT GLOW ECRAN SOLAIRE SPF50 + FLUIDE INVISIBLE 50ML - Paracherkaoui.ma\",\"isPartOf\":{\"@id\":\"https:\/\/paracherkaoui.ma\/#website\"},\"primaryImageOfPage\":{\"@id\":\"https:\/\/paracherkaoui.ma\/index.php\/produit\/ecladerm-luxe-protect-glow-ecran-solaire-spf50-fluide-invisible-50ml\/#primaryimage\"},\"image\":{\"@id\":\"https:\/\/paracherkaoui.ma\/index.php\/produit\/ecladerm-luxe-protect-glow-ecran-solaire-spf50-fluide-invisible-50ml\/#primaryimage\"},\"thumbnailUrl\":\"https:\/\/paracherkaoui.ma\/wp-content\/uploads\/2025\/12\/ecladerm-ecladerm-luxe-protect-glow-ecran-solaire-spf50-fluide-invisible-50ml-cremes-solaires.jpg\",\"datePublished\":\"2025-12-12T18:00:48+00:00\",\"dateModified\":\"2025-12-12T18:00:58+00:00\",\"breadcrumb\":{\"@id\":\"https:\/\/paracherkaoui.ma\/index.php\/produit\/ecladerm-luxe-protect-glow-ecran-solaire-spf50-fluide-invisible-50ml\/#breadcrumb\"},\"inLanguage\":\"fr-FR\",\"potentialAction\":[{\"@type\":\"ReadAction\",\"target\":[\"https:\/\/paracherkaoui.ma\/index.php\/produit\/ecladerm-luxe-protect-glow-ecran-solaire-spf50-fluide-invisible-50ml\/\"]}]},{\"@type\":\"ImageObject\",\"inLanguage\":\"fr-FR\",\"@id\":\"https:\/\/paracherkaoui.ma\/index.php\/produit\/ecladerm-luxe-protect-glow-ecran-solaire-spf50-fluide-invisible-50ml\/#primaryimage\",\"url\":\"https:\/\/paracherkaoui.ma\/wp-content\/uploads\/2025\/12\/ecladerm-ecladerm-luxe-protect-glow-ecran-solaire-spf50-fluide-invisible-50ml-cremes-solaires.jpg\",\"contentUrl\":\"https:\/\/paracherkaoui.ma\/wp-content\/uploads\/2025\/12\/ecladerm-ecladerm-luxe-protect-glow-ecran-solaire-spf50-fluide-invisible-50ml-cremes-solaires.jpg\",\"width\":700,\"height\":700},{\"@type\":\"BreadcrumbList\",\"@id\":\"https:\/\/paracherkaoui.ma\/index.php\/produit\/ecladerm-luxe-protect-glow-ecran-solaire-spf50-fluide-invisible-50ml\/#breadcrumb\",\"itemListElement\":[{\"@type\":\"ListItem\",\"position\":1,\"name\":\"Accueil\",\"item\":\"https:\/\/paracherkaoui.ma\/\"},{\"@type\":\"ListItem\",\"position\":2,\"name\":\"Boutique\",\"item\":\"https:\/\/paracherkaoui.ma\/index.php\/boutique\/\"},{\"@type\":\"ListItem\",\"position\":3,\"name\":\"ECLADERM LUXE PROTECT GLOW ECRAN SOLAIRE SPF50 + FLUIDE INVISIBLE 50ML\"}]},{\"@type\":\"WebSite\",\"@id\":\"https:\/\/paracherkaoui.ma\/#website\",\"url\":\"https:\/\/paracherkaoui.ma\/\",\"name\":\"Paracherkaoui.ma\",\"description\":\"Achetez en ligne sur Paracherkaoui.ma\",\"potentialAction\":[{\"@type\":\"SearchAction\",\"target\":{\"@type\":\"EntryPoint\",\"urlTemplate\":\"https:\/\/paracherkaoui.ma\/?s={search_term_string}\"},\"query-input\":{\"@type\":\"PropertyValueSpecification\",\"valueRequired\":true,\"valueName\":\"search_term_string\"}}],\"inLanguage\":\"fr-FR\"}]}<\/script>\r\n<!-- \/ Yoast SEO plugin. -->","yoast_head_json":{"title":"ECLADERM LUXE PROTECT GLOW ECRAN SOLAIRE SPF50 + FLUIDE INVISIBLE 50ML - Paracherkaoui.ma","robots":{"index":"index","follow":"follow","max-snippet":"max-snippet:-1","max-image-preview":"max-image-preview:large","max-video-preview":"max-video-preview:-1"},"canonical":"https:\/\/paracherkaoui.ma\/index.php\/produit\/ecladerm-luxe-protect-glow-ecran-solaire-spf50-fluide-invisible-50ml\/","og_locale":"fr_FR","og_type":"article","og_title":"ECLADERM LUXE PROTECT GLOW ECRAN SOLAIRE SPF50 + FLUIDE INVISIBLE 50ML - Paracherkaoui.ma","og_description":"Le secret de sa performance r\u00e9side dans sa formulation avanc\u00e9e : \u00ab\u00a0Liquid Glow Protection\u00a0\u00bb. Cette cr\u00e8me solaire offre une tr\u00e8s","og_url":"https:\/\/paracherkaoui.ma\/index.php\/produit\/ecladerm-luxe-protect-glow-ecran-solaire-spf50-fluide-invisible-50ml\/","og_site_name":"Paracherkaoui.ma","article_modified_time":"2025-12-12T18:00:58+00:00","og_image":[{"width":700,"height":700,"url":"https:\/\/paracherkaoui.ma\/wp-content\/uploads\/2025\/12\/ecladerm-ecladerm-luxe-protect-glow-ecran-solaire-spf50-fluide-invisible-50ml-cremes-solaires.jpg","type":"image\/jpeg"}],"twitter_card":"summary_large_image","twitter_misc":{"Dur\u00e9e de lecture estim\u00e9e":"2 minutes"},"schema":{"@context":"https:\/\/schema.org","@graph":[{"@type":"WebPage","@id":"https:\/\/paracherkaoui.ma\/index.php\/produit\/ecladerm-luxe-protect-glow-ecran-solaire-spf50-fluide-invisible-50ml\/","url":"https:\/\/paracherkaoui.ma\/index.php\/produit\/ecladerm-luxe-protect-glow-ecran-solaire-spf50-fluide-invisible-50ml\/","name":"ECLADERM LUXE PROTECT GLOW ECRAN SOLAIRE SPF50 + FLUIDE INVISIBLE 50ML - Paracherkaoui.ma","isPartOf":{"@id":"https:\/\/paracherkaoui.ma\/#website"},"primaryImageOfPage":{"@id":"https:\/\/paracherkaoui.ma\/index.php\/produit\/ecladerm-luxe-protect-glow-ecran-solaire-spf50-fluide-invisible-50ml\/#primaryimage"},"image":{"@id":"https:\/\/paracherkaoui.ma\/index.php\/produit\/ecladerm-luxe-protect-glow-ecran-solaire-spf50-fluide-invisible-50ml\/#primaryimage"},"thumbnailUrl":"https:\/\/paracherkaoui.ma\/wp-content\/uploads\/2025\/12\/ecladerm-ecladerm-luxe-protect-glow-ecran-solaire-spf50-fluide-invisible-50ml-cremes-solaires.jpg","datePublished":"2025-12-12T18:00:48+00:00","dateModified":"2025-12-12T18:00:58+00:00","breadcrumb":{"@id":"https:\/\/paracherkaoui.ma\/index.php\/produit\/ecladerm-luxe-protect-glow-ecran-solaire-spf50-fluide-invisible-50ml\/#breadcrumb"},"inLanguage":"fr-FR","potentialAction":[{"@type":"ReadAction","target":["https:\/\/paracherkaoui.ma\/index.php\/produit\/ecladerm-luxe-protect-glow-ecran-solaire-spf50-fluide-invisible-50ml\/"]}]},{"@type":"ImageObject","inLanguage":"fr-FR","@id":"https:\/\/paracherkaoui.ma\/index.php\/produit\/ecladerm-luxe-protect-glow-ecran-solaire-spf50-fluide-invisible-50ml\/#primaryimage","url":"https:\/\/paracherkaoui.ma\/wp-content\/uploads\/2025\/12\/ecladerm-ecladerm-luxe-protect-glow-ecran-solaire-spf50-fluide-invisible-50ml-cremes-solaires.jpg","contentUrl":"https:\/\/paracherkaoui.ma\/wp-content\/uploads\/2025\/12\/ecladerm-ecladerm-luxe-protect-glow-ecran-solaire-spf50-fluide-invisible-50ml-cremes-solaires.jpg","width":700,"height":700},{"@type":"BreadcrumbList","@id":"https:\/\/paracherkaoui.ma\/index.php\/produit\/ecladerm-luxe-protect-glow-ecran-solaire-spf50-fluide-invisible-50ml\/#breadcrumb","itemListElement":[{"@type":"ListItem","position":1,"name":"Accueil","item":"https:\/\/paracherkaoui.ma\/"},{"@type":"ListItem","position":2,"name":"Boutique","item":"https:\/\/paracherkaoui.ma\/index.php\/boutique\/"},{"@type":"ListItem","position":3,"name":"ECLADERM LUXE PROTECT GLOW ECRAN SOLAIRE SPF50 + FLUIDE INVISIBLE 50ML"}]},{"@type":"WebSite","@id":"https:\/\/paracherkaoui.ma\/#website","url":"https:\/\/paracherkaoui.ma\/","name":"Paracherkaoui.ma","description":"Achetez en ligne sur Paracherkaoui.ma","potentialAction":[{"@type":"SearchAction","target":{"@type":"EntryPoint","urlTemplate":"https:\/\/paracherkaoui.ma\/?s={search_term_string}"},"query-input":{"@type":"PropertyValueSpecification","valueRequired":true,"valueName":"search_term_string"}}],"inLanguage":"fr-FR"}]}},"_links":{"self":[{"href":"https:\/\/paracherkaoui.ma\/index.php\/wp-json\/wp\/v2\/product\/38693","targetHints":{"allow":["GET"]}}],"collection":[{"href":"https:\/\/paracherkaoui.ma\/index.php\/wp-json\/wp\/v2\/product"}],"about":[{"href":"https:\/\/paracherkaoui.ma\/index.php\/wp-json\/wp\/v2\/types\/product"}],"replies":[{"embeddable":true,"href":"https:\/\/paracherkaoui.ma\/index.php\/wp-json\/wp\/v2\/comments?post=38693"}],"version-history":[{"count":1,"href":"https:\/\/paracherkaoui.ma\/index.php\/wp-json\/wp\/v2\/product\/38693\/revisions"}],"predecessor-version":[{"id":38746,"href":"https:\/\/paracherkaoui.ma\/index.php\/wp-json\/wp\/v2\/product\/38693\/revisions\/38746"}],"wp:featuredmedia":[{"embeddable":true,"href":"https:\/\/paracherkaoui.ma\/index.php\/wp-json\/wp\/v2\/media\/38745"}],"wp:attachment":[{"href":"https:\/\/paracherkaoui.ma\/index.php\/wp-json\/wp\/v2\/media?parent=38693"}],"wp:term":[{"taxonomy":"product_brand","embeddable":true,"href":"https:\/\/paracherkaoui.ma\/index.php\/wp-json\/wp\/v2\/product_brand?post=38693"},{"taxonomy":"product_cat","embeddable":true,"href":"https:\/\/paracherkaoui.ma\/index.php\/wp-json\/wp\/v2\/product_cat?post=38693"},{"taxonomy":"product_tag","embeddable":true,"href":"https:\/\/paracherkaoui.ma\/index.php\/wp-json\/wp\/v2\/product_tag?post=38693"}],"curies":[{"name":"wp","href":"https:\/\/api.w.org\/{rel}","templated":true}]}}