{"id":38691,"date":"2025-12-12T19:00:48","date_gmt":"2025-12-12T18:00:48","guid":{"rendered":"https:\/\/test.ecbeaute.com\/?post_type=product&#038;p=38691"},"modified":"2025-12-12T19:00:57","modified_gmt":"2025-12-12T18:00:57","slug":"nuxe-sun-spf50-lait-solaire-fondant-150-ml","status":"publish","type":"product","link":"https:\/\/paracherkaoui.ma\/index.php\/produit\/nuxe-sun-spf50-lait-solaire-fondant-150-ml\/","title":{"rendered":"NUXE SUN SPF50+ LAIT SOLAIRE FONDANT 150 ML"},"content":{"rendered":"<p>Enrichi en extraits de riz et de romarin, ce soin solaire agit \u00e9galement comme un puissant anti-\u00e2ge cellulaire, contribuant \u00e0 pr\u00e9venir le photo-vieillissement cutan\u00e9 pr\u00e9matur\u00e9. Sa texture fondante et non-collante p\u00e9n\u00e8tre rapidement, sans laisser de film blanc, pour une peau confortable, douce et intens\u00e9ment hydrat\u00e9e (+107% d&rsquo;hydratation imm\u00e9diate\u207d\u00b3\u207e). Il est r\u00e9sistant \u00e0 l\u2019eau, non-com\u00e9dog\u00e8ne, et convient \u00e0 toutes les carnations et types de peau, m\u00eame les plus sensibles.<br \/>\nSon parfum d&rsquo;\u00e9vasion aux notes envo\u00fbtantes de fleur de tiar\u00e9, orange douce et vanille transforme chaque application en un moment de pur plaisir, rappelant les vacances au soleil.<br \/>\nConseils d&rsquo;utilisation<br \/>\nAppliquez g\u00e9n\u00e9reusement avant l&rsquo;exposition au soleil. Une quantit\u00e9 insuffisante r\u00e9duit fortement la protection.<br \/>\nPour le visage, pr\u00e9levez une noisette dans la main et appliquez en \u00e9vitant le contour des yeux.<br \/>\nPour le corps, appliquez directement sur la peau en massant soigneusement.<br \/>\nRenouvelez fr\u00e9quemment, notamment apr\u00e8s la baignade, s\u2019\u00eatre essuy\u00e9 ou avoir transpir\u00e9.<br \/>\n\u00c9vitez l\u2019exposition solaire intense en milieu de journ\u00e9e, m\u00eame avec protection.<br \/>\nComposition<br \/>\nAqua\/Water, Diethylamino Hydroxybenzoyl Hexyl Benzoate, Diisopropyl Sebacate, Dibutyl Adipate, Ethylhexyl Triazone, Glycerin, Isopropyl Lauroyl Sarcosinate, Phenylbenzimidazole Sulfonic Acid, Glyceryl Stearate, Methylpropanediol, Bis-Ethylhexyloxyphenol Methoxyphenyl Triazine, Cetearyl Alcohol, Hydrogenated Castor Oil\/Sebacic Acid Copolymer, Parfum\/Fragrance, Potassium Cetyl Phosphate, Arginine, Microcrystalline Cellulose, Dextrin Myristate, Lauroyl Lysine, Acrylates\/C12-22 Alkyl Methacrylate Copolymer, Hydroxyacetophenone, Helianthus Annuus (Sunflower) Seed Oil, Ethylhexylglycerin, 1,2-Hexanediol, Caprylyl Glycol, Sodium Gluconate, Sodium Hydroxide, Sphingomonas Ferment Extract, Cellulose Gum, Coco-Glucoside, Inositol, Disodium Lauryl Sulfosuccinate, Ethyl Ferulate, Tropolone, Rosmarinus Officinalis (Rosemary) Leaf Extract, Tocopherol, Tetramethyl Acetyloctahydronaphthalenes, Linalool, Citrus Aurantium Peel Oil, Limonene, Citronellol, Geraniol<\/p>\n","protected":false},"excerpt":{"rendered":"<p>Enrichi en extraits de riz et de romarin, ce soin solaire agit \u00e9galement comme un puissant anti-\u00e2ge cellulaire, contribuant \u00e0<\/p>\n","protected":false},"featured_media":38741,"comment_status":"open","ping_status":"closed","template":"","meta":[],"product_brand":[230],"product_cat":[666],"product_tag":[],"class_list":{"0":"post-38691","1":"product","2":"type-product","3":"status-publish","4":"has-post-thumbnail","6":"product_brand-nuxe","7":"product_cat-cremes-solaires","9":"first","10":"instock","11":"sale","12":"shipping-taxable","13":"purchasable","14":"product-type-simple"},"yoast_head":"<!-- This site is optimized with the Yoast SEO plugin v26.6 - https:\/\/yoast.com\/wordpress\/plugins\/seo\/ -->\r\n<title>NUXE SUN SPF50+ LAIT SOLAIRE FONDANT 150 ML - Paracherkaoui.ma<\/title>\r\n<meta name=\"robots\" content=\"index, follow, max-snippet:-1, max-image-preview:large, max-video-preview:-1\" \/>\r\n<link rel=\"canonical\" href=\"https:\/\/paracherkaoui.ma\/index.php\/produit\/nuxe-sun-spf50-lait-solaire-fondant-150-ml\/\" \/>\r\n<meta property=\"og:locale\" content=\"fr_FR\" \/>\r\n<meta property=\"og:type\" content=\"article\" \/>\r\n<meta property=\"og:title\" content=\"NUXE SUN SPF50+ LAIT SOLAIRE FONDANT 150 ML - Paracherkaoui.ma\" \/>\r\n<meta property=\"og:description\" content=\"Enrichi en extraits de riz et de romarin, ce soin solaire agit \u00e9galement comme un puissant anti-\u00e2ge cellulaire, contribuant \u00e0\" \/>\r\n<meta property=\"og:url\" content=\"https:\/\/paracherkaoui.ma\/index.php\/produit\/nuxe-sun-spf50-lait-solaire-fondant-150-ml\/\" \/>\r\n<meta property=\"og:site_name\" content=\"Paracherkaoui.ma\" \/>\r\n<meta property=\"article:modified_time\" content=\"2025-12-12T18:00:57+00:00\" \/>\r\n<meta property=\"og:image\" content=\"https:\/\/paracherkaoui.ma\/wp-content\/uploads\/2025\/12\/nuxe-nuxe-sun-spf50-lait-solaire-fondant-150-ml-cremes-solaires.jpg\" \/>\r\n\t<meta property=\"og:image:width\" content=\"700\" \/>\r\n\t<meta property=\"og:image:height\" content=\"700\" \/>\r\n\t<meta property=\"og:image:type\" content=\"image\/jpeg\" \/>\r\n<meta name=\"twitter:card\" content=\"summary_large_image\" \/>\r\n<meta name=\"twitter:label1\" content=\"Dur\u00e9e de lecture estim\u00e9e\" \/>\n\t<meta name=\"twitter:data1\" content=\"1 minute\" \/>\r\n<script type=\"application\/ld+json\" class=\"yoast-schema-graph\">{\"@context\":\"https:\/\/schema.org\",\"@graph\":[{\"@type\":\"WebPage\",\"@id\":\"https:\/\/paracherkaoui.ma\/index.php\/produit\/nuxe-sun-spf50-lait-solaire-fondant-150-ml\/\",\"url\":\"https:\/\/paracherkaoui.ma\/index.php\/produit\/nuxe-sun-spf50-lait-solaire-fondant-150-ml\/\",\"name\":\"NUXE SUN SPF50+ LAIT SOLAIRE FONDANT 150 ML - Paracherkaoui.ma\",\"isPartOf\":{\"@id\":\"https:\/\/paracherkaoui.ma\/#website\"},\"primaryImageOfPage\":{\"@id\":\"https:\/\/paracherkaoui.ma\/index.php\/produit\/nuxe-sun-spf50-lait-solaire-fondant-150-ml\/#primaryimage\"},\"image\":{\"@id\":\"https:\/\/paracherkaoui.ma\/index.php\/produit\/nuxe-sun-spf50-lait-solaire-fondant-150-ml\/#primaryimage\"},\"thumbnailUrl\":\"https:\/\/paracherkaoui.ma\/wp-content\/uploads\/2025\/12\/nuxe-nuxe-sun-spf50-lait-solaire-fondant-150-ml-cremes-solaires.jpg\",\"datePublished\":\"2025-12-12T18:00:48+00:00\",\"dateModified\":\"2025-12-12T18:00:57+00:00\",\"breadcrumb\":{\"@id\":\"https:\/\/paracherkaoui.ma\/index.php\/produit\/nuxe-sun-spf50-lait-solaire-fondant-150-ml\/#breadcrumb\"},\"inLanguage\":\"fr-FR\",\"potentialAction\":[{\"@type\":\"ReadAction\",\"target\":[\"https:\/\/paracherkaoui.ma\/index.php\/produit\/nuxe-sun-spf50-lait-solaire-fondant-150-ml\/\"]}]},{\"@type\":\"ImageObject\",\"inLanguage\":\"fr-FR\",\"@id\":\"https:\/\/paracherkaoui.ma\/index.php\/produit\/nuxe-sun-spf50-lait-solaire-fondant-150-ml\/#primaryimage\",\"url\":\"https:\/\/paracherkaoui.ma\/wp-content\/uploads\/2025\/12\/nuxe-nuxe-sun-spf50-lait-solaire-fondant-150-ml-cremes-solaires.jpg\",\"contentUrl\":\"https:\/\/paracherkaoui.ma\/wp-content\/uploads\/2025\/12\/nuxe-nuxe-sun-spf50-lait-solaire-fondant-150-ml-cremes-solaires.jpg\",\"width\":700,\"height\":700},{\"@type\":\"BreadcrumbList\",\"@id\":\"https:\/\/paracherkaoui.ma\/index.php\/produit\/nuxe-sun-spf50-lait-solaire-fondant-150-ml\/#breadcrumb\",\"itemListElement\":[{\"@type\":\"ListItem\",\"position\":1,\"name\":\"Accueil\",\"item\":\"https:\/\/paracherkaoui.ma\/\"},{\"@type\":\"ListItem\",\"position\":2,\"name\":\"Boutique\",\"item\":\"https:\/\/paracherkaoui.ma\/index.php\/boutique\/\"},{\"@type\":\"ListItem\",\"position\":3,\"name\":\"NUXE SUN SPF50+ LAIT SOLAIRE FONDANT 150 ML\"}]},{\"@type\":\"WebSite\",\"@id\":\"https:\/\/paracherkaoui.ma\/#website\",\"url\":\"https:\/\/paracherkaoui.ma\/\",\"name\":\"Paracherkaoui.ma\",\"description\":\"Achetez en ligne sur Paracherkaoui.ma\",\"potentialAction\":[{\"@type\":\"SearchAction\",\"target\":{\"@type\":\"EntryPoint\",\"urlTemplate\":\"https:\/\/paracherkaoui.ma\/?s={search_term_string}\"},\"query-input\":{\"@type\":\"PropertyValueSpecification\",\"valueRequired\":true,\"valueName\":\"search_term_string\"}}],\"inLanguage\":\"fr-FR\"}]}<\/script>\r\n<!-- \/ Yoast SEO plugin. -->","yoast_head_json":{"title":"NUXE SUN SPF50+ LAIT SOLAIRE FONDANT 150 ML - Paracherkaoui.ma","robots":{"index":"index","follow":"follow","max-snippet":"max-snippet:-1","max-image-preview":"max-image-preview:large","max-video-preview":"max-video-preview:-1"},"canonical":"https:\/\/paracherkaoui.ma\/index.php\/produit\/nuxe-sun-spf50-lait-solaire-fondant-150-ml\/","og_locale":"fr_FR","og_type":"article","og_title":"NUXE SUN SPF50+ LAIT SOLAIRE FONDANT 150 ML - Paracherkaoui.ma","og_description":"Enrichi en extraits de riz et de romarin, ce soin solaire agit \u00e9galement comme un puissant anti-\u00e2ge cellulaire, contribuant \u00e0","og_url":"https:\/\/paracherkaoui.ma\/index.php\/produit\/nuxe-sun-spf50-lait-solaire-fondant-150-ml\/","og_site_name":"Paracherkaoui.ma","article_modified_time":"2025-12-12T18:00:57+00:00","og_image":[{"width":700,"height":700,"url":"https:\/\/paracherkaoui.ma\/wp-content\/uploads\/2025\/12\/nuxe-nuxe-sun-spf50-lait-solaire-fondant-150-ml-cremes-solaires.jpg","type":"image\/jpeg"}],"twitter_card":"summary_large_image","twitter_misc":{"Dur\u00e9e de lecture estim\u00e9e":"1 minute"},"schema":{"@context":"https:\/\/schema.org","@graph":[{"@type":"WebPage","@id":"https:\/\/paracherkaoui.ma\/index.php\/produit\/nuxe-sun-spf50-lait-solaire-fondant-150-ml\/","url":"https:\/\/paracherkaoui.ma\/index.php\/produit\/nuxe-sun-spf50-lait-solaire-fondant-150-ml\/","name":"NUXE SUN SPF50+ LAIT SOLAIRE FONDANT 150 ML - Paracherkaoui.ma","isPartOf":{"@id":"https:\/\/paracherkaoui.ma\/#website"},"primaryImageOfPage":{"@id":"https:\/\/paracherkaoui.ma\/index.php\/produit\/nuxe-sun-spf50-lait-solaire-fondant-150-ml\/#primaryimage"},"image":{"@id":"https:\/\/paracherkaoui.ma\/index.php\/produit\/nuxe-sun-spf50-lait-solaire-fondant-150-ml\/#primaryimage"},"thumbnailUrl":"https:\/\/paracherkaoui.ma\/wp-content\/uploads\/2025\/12\/nuxe-nuxe-sun-spf50-lait-solaire-fondant-150-ml-cremes-solaires.jpg","datePublished":"2025-12-12T18:00:48+00:00","dateModified":"2025-12-12T18:00:57+00:00","breadcrumb":{"@id":"https:\/\/paracherkaoui.ma\/index.php\/produit\/nuxe-sun-spf50-lait-solaire-fondant-150-ml\/#breadcrumb"},"inLanguage":"fr-FR","potentialAction":[{"@type":"ReadAction","target":["https:\/\/paracherkaoui.ma\/index.php\/produit\/nuxe-sun-spf50-lait-solaire-fondant-150-ml\/"]}]},{"@type":"ImageObject","inLanguage":"fr-FR","@id":"https:\/\/paracherkaoui.ma\/index.php\/produit\/nuxe-sun-spf50-lait-solaire-fondant-150-ml\/#primaryimage","url":"https:\/\/paracherkaoui.ma\/wp-content\/uploads\/2025\/12\/nuxe-nuxe-sun-spf50-lait-solaire-fondant-150-ml-cremes-solaires.jpg","contentUrl":"https:\/\/paracherkaoui.ma\/wp-content\/uploads\/2025\/12\/nuxe-nuxe-sun-spf50-lait-solaire-fondant-150-ml-cremes-solaires.jpg","width":700,"height":700},{"@type":"BreadcrumbList","@id":"https:\/\/paracherkaoui.ma\/index.php\/produit\/nuxe-sun-spf50-lait-solaire-fondant-150-ml\/#breadcrumb","itemListElement":[{"@type":"ListItem","position":1,"name":"Accueil","item":"https:\/\/paracherkaoui.ma\/"},{"@type":"ListItem","position":2,"name":"Boutique","item":"https:\/\/paracherkaoui.ma\/index.php\/boutique\/"},{"@type":"ListItem","position":3,"name":"NUXE SUN SPF50+ LAIT SOLAIRE FONDANT 150 ML"}]},{"@type":"WebSite","@id":"https:\/\/paracherkaoui.ma\/#website","url":"https:\/\/paracherkaoui.ma\/","name":"Paracherkaoui.ma","description":"Achetez en ligne sur Paracherkaoui.ma","potentialAction":[{"@type":"SearchAction","target":{"@type":"EntryPoint","urlTemplate":"https:\/\/paracherkaoui.ma\/?s={search_term_string}"},"query-input":{"@type":"PropertyValueSpecification","valueRequired":true,"valueName":"search_term_string"}}],"inLanguage":"fr-FR"}]}},"_links":{"self":[{"href":"https:\/\/paracherkaoui.ma\/index.php\/wp-json\/wp\/v2\/product\/38691","targetHints":{"allow":["GET"]}}],"collection":[{"href":"https:\/\/paracherkaoui.ma\/index.php\/wp-json\/wp\/v2\/product"}],"about":[{"href":"https:\/\/paracherkaoui.ma\/index.php\/wp-json\/wp\/v2\/types\/product"}],"replies":[{"embeddable":true,"href":"https:\/\/paracherkaoui.ma\/index.php\/wp-json\/wp\/v2\/comments?post=38691"}],"version-history":[{"count":1,"href":"https:\/\/paracherkaoui.ma\/index.php\/wp-json\/wp\/v2\/product\/38691\/revisions"}],"predecessor-version":[{"id":38742,"href":"https:\/\/paracherkaoui.ma\/index.php\/wp-json\/wp\/v2\/product\/38691\/revisions\/38742"}],"wp:featuredmedia":[{"embeddable":true,"href":"https:\/\/paracherkaoui.ma\/index.php\/wp-json\/wp\/v2\/media\/38741"}],"wp:attachment":[{"href":"https:\/\/paracherkaoui.ma\/index.php\/wp-json\/wp\/v2\/media?parent=38691"}],"wp:term":[{"taxonomy":"product_brand","embeddable":true,"href":"https:\/\/paracherkaoui.ma\/index.php\/wp-json\/wp\/v2\/product_brand?post=38691"},{"taxonomy":"product_cat","embeddable":true,"href":"https:\/\/paracherkaoui.ma\/index.php\/wp-json\/wp\/v2\/product_cat?post=38691"},{"taxonomy":"product_tag","embeddable":true,"href":"https:\/\/paracherkaoui.ma\/index.php\/wp-json\/wp\/v2\/product_tag?post=38691"}],"curies":[{"name":"wp","href":"https:\/\/api.w.org\/{rel}","templated":true}]}}