{"id":38689,"date":"2025-12-12T19:00:48","date_gmt":"2025-12-12T18:00:48","guid":{"rendered":"https:\/\/test.ecbeaute.com\/?post_type=product&#038;p=38689"},"modified":"2025-12-12T19:00:57","modified_gmt":"2025-12-12T18:00:57","slug":"avene-solaire-sunsimed-tres-haute-protection-peaux-sensibles-uva-uvb-80-ml-2","status":"publish","type":"product","link":"https:\/\/paracherkaoui.ma\/index.php\/produit\/avene-solaire-sunsimed-tres-haute-protection-peaux-sensibles-uva-uvb-80-ml-2\/","title":{"rendered":"AVENE SOLAIRE SUNSIMED TRES HAUTE PROTECTION PEAUX SENSIBLES UVA\/UVB 80 ML"},"content":{"rendered":"<p>L&rsquo;efficacit\u00e9 d\u00e9montr\u00e9e de SunsiMed Dispositif M\u00e9dical lutte contre les effets d\u00e9l\u00e9t\u00e8res du soleil. Il s&rsquo;utilise en pr\u00e9vention des k\u00e9ratoses actiniques, des cancers cutan\u00e9s (hors m\u00e9lanomes) et du photovieillissement cutan\u00e9. Gr\u00e2ce \u00e0 son complexe protecteur exclusif issu de la Recherche Pierre Fabre, SunsiMed, Dispositif M\u00e9dical de classe I, prot\u00e8ge la peau au quotidien face au rayonnement solaire. SunsiMed Dispositif M\u00e9dical, une tr\u00e8s haute protection solaire con\u00e7ue comme une r\u00e9ponse compl\u00e8te adapt\u00e9e aux peaux \u00e0 risque face \u00e0 l&rsquo;exposition solaire.Conseils d&rsquo;utilisation : appliquez, chaque matin, uniform\u00e9ment, sur le visage et les zones du corps expos\u00e9es au soleil au cours de la journ\u00e9e. Pour les doses recommand\u00e9es*, consultez attentivement la notice. Renouvelez l&rsquo;application en cas d&rsquo;exposition prolong\u00e9e, de forte transpiration ou de contact avec l&rsquo;eau. \u00c9vitez le contact direct avec le soleil en utilisant une protection vestimentaire (chapeau, lunettes, tee-shirt\u2026).Ce dispositif est un produit de sant\u00e9 r\u00e9glement\u00e9 qui porte, au titre de cette r\u00e9glementation, le marquage CE. Il ne s&rsquo;applique pas sur les muqueuses ni sur une peau l\u00e9s\u00e9e.Demander conseil \u00e0 votre pharmacien.Lire attentivement les instructions figurant sur l&rsquo;\u00e9tiquetage avant utilisation.Fabricant : Pierre Fabre Medical DeviceMars 2017*Attention, le niveau de protection peut \u00eatre diminu\u00e9 si vous utilisez une quantit\u00e9 moindre.<br \/>\nLes bienfaits :<br \/>\n\u2022 PHOTOPROTECTEUR : des filtres UVB-UVA photostables qui luttent contre les effets nocifs du rayonnement solaire.<br \/>\n\u2022 PR\u00c9VENTION des k\u00e9ratoses actiniques et des cancers cutan\u00e9s (hors m\u00e9lanomes).<br \/>\nConseils d&rsquo;utilisation:<br \/>\nAppliquez chaque matin sur le visage et les zones du corps expos\u00e9es au soleil. Renouvelez l&rsquo;application en cas d&rsquo;exposition prolong\u00e9e, de forte transpiration ou de contact avec l&rsquo;eau.<\/p>\n","protected":false},"excerpt":{"rendered":"<p>L&rsquo;efficacit\u00e9 d\u00e9montr\u00e9e de SunsiMed Dispositif M\u00e9dical lutte contre les effets d\u00e9l\u00e9t\u00e8res du soleil. Il s&rsquo;utilise en pr\u00e9vention des k\u00e9ratoses actiniques,<\/p>\n","protected":false},"featured_media":13175,"comment_status":"open","ping_status":"closed","template":"","meta":[],"product_brand":[136],"product_cat":[666],"product_tag":[],"class_list":{"0":"post-38689","1":"product","2":"type-product","3":"status-publish","4":"has-post-thumbnail","6":"product_brand-avene","7":"product_cat-cremes-solaires","9":"first","10":"instock","11":"sale","12":"shipping-taxable","13":"purchasable","14":"product-type-simple"},"yoast_head":"<!-- This site is optimized with the Yoast SEO plugin v26.6 - https:\/\/yoast.com\/wordpress\/plugins\/seo\/ -->\r\n<title>AVENE SOLAIRE SUNSIMED TRES HAUTE PROTECTION PEAUX SENSIBLES UVA\/UVB 80 ML - Paracherkaoui.ma<\/title>\r\n<meta name=\"robots\" content=\"index, follow, max-snippet:-1, max-image-preview:large, max-video-preview:-1\" \/>\r\n<link rel=\"canonical\" href=\"https:\/\/paracherkaoui.ma\/index.php\/produit\/avene-solaire-sunsimed-tres-haute-protection-peaux-sensibles-uva-uvb-80-ml-2\/\" \/>\r\n<meta property=\"og:locale\" content=\"fr_FR\" \/>\r\n<meta property=\"og:type\" content=\"article\" \/>\r\n<meta property=\"og:title\" content=\"AVENE SOLAIRE SUNSIMED TRES HAUTE PROTECTION PEAUX SENSIBLES UVA\/UVB 80 ML - Paracherkaoui.ma\" \/>\r\n<meta property=\"og:description\" content=\"L&rsquo;efficacit\u00e9 d\u00e9montr\u00e9e de SunsiMed Dispositif M\u00e9dical lutte contre les effets d\u00e9l\u00e9t\u00e8res du soleil. Il s&rsquo;utilise en pr\u00e9vention des k\u00e9ratoses actiniques,\" \/>\r\n<meta property=\"og:url\" content=\"https:\/\/paracherkaoui.ma\/index.php\/produit\/avene-solaire-sunsimed-tres-haute-protection-peaux-sensibles-uva-uvb-80-ml-2\/\" \/>\r\n<meta property=\"og:site_name\" content=\"Paracherkaoui.ma\" \/>\r\n<meta property=\"article:modified_time\" content=\"2025-12-12T18:00:57+00:00\" \/>\r\n<meta property=\"og:image\" content=\"https:\/\/paracherkaoui.ma\/wp-content\/uploads\/2025\/12\/avene-avene-solaire-sunsimed-tres-haute-protection-peaux-sensibles-uva-uvb-80-ml-cremes.jpg\" \/>\r\n\t<meta property=\"og:image:width\" content=\"700\" \/>\r\n\t<meta property=\"og:image:height\" content=\"700\" \/>\r\n\t<meta property=\"og:image:type\" content=\"image\/jpeg\" \/>\r\n<meta name=\"twitter:card\" content=\"summary_large_image\" \/>\r\n<meta name=\"twitter:label1\" content=\"Dur\u00e9e de lecture estim\u00e9e\" \/>\n\t<meta name=\"twitter:data1\" content=\"1 minute\" \/>\r\n<script type=\"application\/ld+json\" class=\"yoast-schema-graph\">{\"@context\":\"https:\/\/schema.org\",\"@graph\":[{\"@type\":\"WebPage\",\"@id\":\"https:\/\/paracherkaoui.ma\/index.php\/produit\/avene-solaire-sunsimed-tres-haute-protection-peaux-sensibles-uva-uvb-80-ml-2\/\",\"url\":\"https:\/\/paracherkaoui.ma\/index.php\/produit\/avene-solaire-sunsimed-tres-haute-protection-peaux-sensibles-uva-uvb-80-ml-2\/\",\"name\":\"AVENE SOLAIRE SUNSIMED TRES HAUTE PROTECTION PEAUX SENSIBLES UVA\/UVB 80 ML - Paracherkaoui.ma\",\"isPartOf\":{\"@id\":\"https:\/\/paracherkaoui.ma\/#website\"},\"primaryImageOfPage\":{\"@id\":\"https:\/\/paracherkaoui.ma\/index.php\/produit\/avene-solaire-sunsimed-tres-haute-protection-peaux-sensibles-uva-uvb-80-ml-2\/#primaryimage\"},\"image\":{\"@id\":\"https:\/\/paracherkaoui.ma\/index.php\/produit\/avene-solaire-sunsimed-tres-haute-protection-peaux-sensibles-uva-uvb-80-ml-2\/#primaryimage\"},\"thumbnailUrl\":\"https:\/\/paracherkaoui.ma\/wp-content\/uploads\/2025\/12\/avene-avene-solaire-sunsimed-tres-haute-protection-peaux-sensibles-uva-uvb-80-ml-cremes.jpg\",\"datePublished\":\"2025-12-12T18:00:48+00:00\",\"dateModified\":\"2025-12-12T18:00:57+00:00\",\"breadcrumb\":{\"@id\":\"https:\/\/paracherkaoui.ma\/index.php\/produit\/avene-solaire-sunsimed-tres-haute-protection-peaux-sensibles-uva-uvb-80-ml-2\/#breadcrumb\"},\"inLanguage\":\"fr-FR\",\"potentialAction\":[{\"@type\":\"ReadAction\",\"target\":[\"https:\/\/paracherkaoui.ma\/index.php\/produit\/avene-solaire-sunsimed-tres-haute-protection-peaux-sensibles-uva-uvb-80-ml-2\/\"]}]},{\"@type\":\"ImageObject\",\"inLanguage\":\"fr-FR\",\"@id\":\"https:\/\/paracherkaoui.ma\/index.php\/produit\/avene-solaire-sunsimed-tres-haute-protection-peaux-sensibles-uva-uvb-80-ml-2\/#primaryimage\",\"url\":\"https:\/\/paracherkaoui.ma\/wp-content\/uploads\/2025\/12\/avene-avene-solaire-sunsimed-tres-haute-protection-peaux-sensibles-uva-uvb-80-ml-cremes.jpg\",\"contentUrl\":\"https:\/\/paracherkaoui.ma\/wp-content\/uploads\/2025\/12\/avene-avene-solaire-sunsimed-tres-haute-protection-peaux-sensibles-uva-uvb-80-ml-cremes.jpg\",\"width\":700,\"height\":700},{\"@type\":\"BreadcrumbList\",\"@id\":\"https:\/\/paracherkaoui.ma\/index.php\/produit\/avene-solaire-sunsimed-tres-haute-protection-peaux-sensibles-uva-uvb-80-ml-2\/#breadcrumb\",\"itemListElement\":[{\"@type\":\"ListItem\",\"position\":1,\"name\":\"Accueil\",\"item\":\"https:\/\/paracherkaoui.ma\/\"},{\"@type\":\"ListItem\",\"position\":2,\"name\":\"Boutique\",\"item\":\"https:\/\/paracherkaoui.ma\/index.php\/boutique\/\"},{\"@type\":\"ListItem\",\"position\":3,\"name\":\"AVENE SOLAIRE SUNSIMED TRES HAUTE PROTECTION PEAUX SENSIBLES UVA\/UVB 80 ML\"}]},{\"@type\":\"WebSite\",\"@id\":\"https:\/\/paracherkaoui.ma\/#website\",\"url\":\"https:\/\/paracherkaoui.ma\/\",\"name\":\"Paracherkaoui.ma\",\"description\":\"Achetez en ligne sur Paracherkaoui.ma\",\"potentialAction\":[{\"@type\":\"SearchAction\",\"target\":{\"@type\":\"EntryPoint\",\"urlTemplate\":\"https:\/\/paracherkaoui.ma\/?s={search_term_string}\"},\"query-input\":{\"@type\":\"PropertyValueSpecification\",\"valueRequired\":true,\"valueName\":\"search_term_string\"}}],\"inLanguage\":\"fr-FR\"}]}<\/script>\r\n<!-- \/ Yoast SEO plugin. -->","yoast_head_json":{"title":"AVENE SOLAIRE SUNSIMED TRES HAUTE PROTECTION PEAUX SENSIBLES UVA\/UVB 80 ML - Paracherkaoui.ma","robots":{"index":"index","follow":"follow","max-snippet":"max-snippet:-1","max-image-preview":"max-image-preview:large","max-video-preview":"max-video-preview:-1"},"canonical":"https:\/\/paracherkaoui.ma\/index.php\/produit\/avene-solaire-sunsimed-tres-haute-protection-peaux-sensibles-uva-uvb-80-ml-2\/","og_locale":"fr_FR","og_type":"article","og_title":"AVENE SOLAIRE SUNSIMED TRES HAUTE PROTECTION PEAUX SENSIBLES UVA\/UVB 80 ML - Paracherkaoui.ma","og_description":"L&rsquo;efficacit\u00e9 d\u00e9montr\u00e9e de SunsiMed Dispositif M\u00e9dical lutte contre les effets d\u00e9l\u00e9t\u00e8res du soleil. Il s&rsquo;utilise en pr\u00e9vention des k\u00e9ratoses actiniques,","og_url":"https:\/\/paracherkaoui.ma\/index.php\/produit\/avene-solaire-sunsimed-tres-haute-protection-peaux-sensibles-uva-uvb-80-ml-2\/","og_site_name":"Paracherkaoui.ma","article_modified_time":"2025-12-12T18:00:57+00:00","og_image":[{"width":700,"height":700,"url":"https:\/\/paracherkaoui.ma\/wp-content\/uploads\/2025\/12\/avene-avene-solaire-sunsimed-tres-haute-protection-peaux-sensibles-uva-uvb-80-ml-cremes.jpg","type":"image\/jpeg"}],"twitter_card":"summary_large_image","twitter_misc":{"Dur\u00e9e de lecture estim\u00e9e":"1 minute"},"schema":{"@context":"https:\/\/schema.org","@graph":[{"@type":"WebPage","@id":"https:\/\/paracherkaoui.ma\/index.php\/produit\/avene-solaire-sunsimed-tres-haute-protection-peaux-sensibles-uva-uvb-80-ml-2\/","url":"https:\/\/paracherkaoui.ma\/index.php\/produit\/avene-solaire-sunsimed-tres-haute-protection-peaux-sensibles-uva-uvb-80-ml-2\/","name":"AVENE SOLAIRE SUNSIMED TRES HAUTE PROTECTION PEAUX SENSIBLES UVA\/UVB 80 ML - Paracherkaoui.ma","isPartOf":{"@id":"https:\/\/paracherkaoui.ma\/#website"},"primaryImageOfPage":{"@id":"https:\/\/paracherkaoui.ma\/index.php\/produit\/avene-solaire-sunsimed-tres-haute-protection-peaux-sensibles-uva-uvb-80-ml-2\/#primaryimage"},"image":{"@id":"https:\/\/paracherkaoui.ma\/index.php\/produit\/avene-solaire-sunsimed-tres-haute-protection-peaux-sensibles-uva-uvb-80-ml-2\/#primaryimage"},"thumbnailUrl":"https:\/\/paracherkaoui.ma\/wp-content\/uploads\/2025\/12\/avene-avene-solaire-sunsimed-tres-haute-protection-peaux-sensibles-uva-uvb-80-ml-cremes.jpg","datePublished":"2025-12-12T18:00:48+00:00","dateModified":"2025-12-12T18:00:57+00:00","breadcrumb":{"@id":"https:\/\/paracherkaoui.ma\/index.php\/produit\/avene-solaire-sunsimed-tres-haute-protection-peaux-sensibles-uva-uvb-80-ml-2\/#breadcrumb"},"inLanguage":"fr-FR","potentialAction":[{"@type":"ReadAction","target":["https:\/\/paracherkaoui.ma\/index.php\/produit\/avene-solaire-sunsimed-tres-haute-protection-peaux-sensibles-uva-uvb-80-ml-2\/"]}]},{"@type":"ImageObject","inLanguage":"fr-FR","@id":"https:\/\/paracherkaoui.ma\/index.php\/produit\/avene-solaire-sunsimed-tres-haute-protection-peaux-sensibles-uva-uvb-80-ml-2\/#primaryimage","url":"https:\/\/paracherkaoui.ma\/wp-content\/uploads\/2025\/12\/avene-avene-solaire-sunsimed-tres-haute-protection-peaux-sensibles-uva-uvb-80-ml-cremes.jpg","contentUrl":"https:\/\/paracherkaoui.ma\/wp-content\/uploads\/2025\/12\/avene-avene-solaire-sunsimed-tres-haute-protection-peaux-sensibles-uva-uvb-80-ml-cremes.jpg","width":700,"height":700},{"@type":"BreadcrumbList","@id":"https:\/\/paracherkaoui.ma\/index.php\/produit\/avene-solaire-sunsimed-tres-haute-protection-peaux-sensibles-uva-uvb-80-ml-2\/#breadcrumb","itemListElement":[{"@type":"ListItem","position":1,"name":"Accueil","item":"https:\/\/paracherkaoui.ma\/"},{"@type":"ListItem","position":2,"name":"Boutique","item":"https:\/\/paracherkaoui.ma\/index.php\/boutique\/"},{"@type":"ListItem","position":3,"name":"AVENE SOLAIRE SUNSIMED TRES HAUTE PROTECTION PEAUX SENSIBLES UVA\/UVB 80 ML"}]},{"@type":"WebSite","@id":"https:\/\/paracherkaoui.ma\/#website","url":"https:\/\/paracherkaoui.ma\/","name":"Paracherkaoui.ma","description":"Achetez en ligne sur Paracherkaoui.ma","potentialAction":[{"@type":"SearchAction","target":{"@type":"EntryPoint","urlTemplate":"https:\/\/paracherkaoui.ma\/?s={search_term_string}"},"query-input":{"@type":"PropertyValueSpecification","valueRequired":true,"valueName":"search_term_string"}}],"inLanguage":"fr-FR"}]}},"_links":{"self":[{"href":"https:\/\/paracherkaoui.ma\/index.php\/wp-json\/wp\/v2\/product\/38689","targetHints":{"allow":["GET"]}}],"collection":[{"href":"https:\/\/paracherkaoui.ma\/index.php\/wp-json\/wp\/v2\/product"}],"about":[{"href":"https:\/\/paracherkaoui.ma\/index.php\/wp-json\/wp\/v2\/types\/product"}],"replies":[{"embeddable":true,"href":"https:\/\/paracherkaoui.ma\/index.php\/wp-json\/wp\/v2\/comments?post=38689"}],"version-history":[{"count":1,"href":"https:\/\/paracherkaoui.ma\/index.php\/wp-json\/wp\/v2\/product\/38689\/revisions"}],"predecessor-version":[{"id":38738,"href":"https:\/\/paracherkaoui.ma\/index.php\/wp-json\/wp\/v2\/product\/38689\/revisions\/38738"}],"wp:featuredmedia":[{"embeddable":true,"href":"https:\/\/paracherkaoui.ma\/index.php\/wp-json\/wp\/v2\/media\/13175"}],"wp:attachment":[{"href":"https:\/\/paracherkaoui.ma\/index.php\/wp-json\/wp\/v2\/media?parent=38689"}],"wp:term":[{"taxonomy":"product_brand","embeddable":true,"href":"https:\/\/paracherkaoui.ma\/index.php\/wp-json\/wp\/v2\/product_brand?post=38689"},{"taxonomy":"product_cat","embeddable":true,"href":"https:\/\/paracherkaoui.ma\/index.php\/wp-json\/wp\/v2\/product_cat?post=38689"},{"taxonomy":"product_tag","embeddable":true,"href":"https:\/\/paracherkaoui.ma\/index.php\/wp-json\/wp\/v2\/product_tag?post=38689"}],"curies":[{"name":"wp","href":"https:\/\/api.w.org\/{rel}","templated":true}]}}