{"id":38676,"date":"2025-12-12T19:00:47","date_gmt":"2025-12-12T18:00:47","guid":{"rendered":"https:\/\/test.ecbeaute.com\/?post_type=product&#038;p=38676"},"modified":"2025-12-12T19:00:52","modified_gmt":"2025-12-12T18:00:52","slug":"epiderma-ecran-solaire-anti-tache-spf-50","status":"publish","type":"product","link":"https:\/\/paracherkaoui.ma\/index.php\/produit\/epiderma-ecran-solaire-anti-tache-spf-50\/","title":{"rendered":"EPIDERMA ECRAN SOLAIRE ANTI TACHE SPF 50"},"content":{"rendered":"<p>Combine \u00e0 la fois\u00a0:<br \/>\n+ Des actifs \u00e9claircissants cutan\u00e9s\u00a0: Provitamine B5 &#8211;> vitamine B5 &#8211;> stimule la production du collag\u00e8ne &#8211;> contribue \u00e0 la r\u00e9g\u00e9n\u00e9ration cellulaire &#8211;> Aide \u00e0 la cicatrisation \u00e9pidermique &#8211;> permet de r\u00e9duire la perte en eau.<br \/>\nL\u2019action du Dermawhite agit sur les principaux m\u00e9canismes biologiques qui sont \u00e0 l\u2019origine de la pigmentation de la peau.<br \/>\nLes vitamines C et B3, lib\u00e9r\u00e9es progressivement pour une action longue dur\u00e9e, permettent de r\u00e9duire l\u2019hyperpigmentation cutan\u00e9e.<br \/>\nUne protection solaire large spectre UVA \u2013 UVB longue dur\u00e9e.<br \/>\nEpiderma \u00e9cran solaire prot\u00e8ge des rayonnements solaires pour pr\u00e9venir toute nouvelle pigmentation.<\/p>\n<p>-Sans parab\u00e8ne<br \/>\n-Sans parfum<br \/>\n-Sans colorant.<\/p>\n","protected":false},"excerpt":{"rendered":"<p>Combine \u00e0 la fois\u00a0: + Des actifs \u00e9claircissants cutan\u00e9s\u00a0: Provitamine B5 &#8211;> vitamine B5 &#8211;> stimule la production du collag\u00e8ne<\/p>\n","protected":false},"featured_media":38713,"comment_status":"open","ping_status":"closed","template":"","meta":[],"product_brand":[676],"product_cat":[666],"product_tag":[],"class_list":{"0":"post-38676","1":"product","2":"type-product","3":"status-publish","4":"has-post-thumbnail","6":"product_brand-epiderma","7":"product_cat-cremes-solaires","9":"first","10":"instock","11":"sale","12":"shipping-taxable","13":"purchasable","14":"product-type-simple"},"yoast_head":"<!-- This site is optimized with the Yoast SEO plugin v26.6 - https:\/\/yoast.com\/wordpress\/plugins\/seo\/ -->\r\n<title>EPIDERMA ECRAN SOLAIRE ANTI TACHE SPF 50 - Paracherkaoui.ma<\/title>\r\n<meta name=\"robots\" content=\"index, follow, max-snippet:-1, max-image-preview:large, max-video-preview:-1\" \/>\r\n<link rel=\"canonical\" href=\"https:\/\/paracherkaoui.ma\/index.php\/produit\/epiderma-ecran-solaire-anti-tache-spf-50\/\" \/>\r\n<meta property=\"og:locale\" content=\"fr_FR\" \/>\r\n<meta property=\"og:type\" content=\"article\" \/>\r\n<meta property=\"og:title\" content=\"EPIDERMA ECRAN SOLAIRE ANTI TACHE SPF 50 - Paracherkaoui.ma\" \/>\r\n<meta property=\"og:description\" content=\"Combine \u00e0 la fois\u00a0: + Des actifs \u00e9claircissants cutan\u00e9s\u00a0: Provitamine B5 &#8211;&gt; vitamine B5 &#8211;&gt; stimule la production du collag\u00e8ne\" \/>\r\n<meta property=\"og:url\" content=\"https:\/\/paracherkaoui.ma\/index.php\/produit\/epiderma-ecran-solaire-anti-tache-spf-50\/\" \/>\r\n<meta property=\"og:site_name\" content=\"Paracherkaoui.ma\" \/>\r\n<meta property=\"article:modified_time\" content=\"2025-12-12T18:00:52+00:00\" \/>\r\n<meta property=\"og:image\" content=\"https:\/\/paracherkaoui.ma\/wp-content\/uploads\/2025\/12\/epiderma-ecran-solaire-anti-tache-spf-50-solaires.jpg\" \/>\r\n\t<meta property=\"og:image:width\" content=\"700\" \/>\r\n\t<meta property=\"og:image:height\" content=\"700\" \/>\r\n\t<meta property=\"og:image:type\" content=\"image\/jpeg\" \/>\r\n<meta name=\"twitter:card\" content=\"summary_large_image\" \/>\r\n<meta name=\"twitter:label1\" content=\"Dur\u00e9e de lecture estim\u00e9e\" \/>\n\t<meta name=\"twitter:data1\" content=\"1 minute\" \/>\r\n<script type=\"application\/ld+json\" class=\"yoast-schema-graph\">{\"@context\":\"https:\/\/schema.org\",\"@graph\":[{\"@type\":\"WebPage\",\"@id\":\"https:\/\/paracherkaoui.ma\/index.php\/produit\/epiderma-ecran-solaire-anti-tache-spf-50\/\",\"url\":\"https:\/\/paracherkaoui.ma\/index.php\/produit\/epiderma-ecran-solaire-anti-tache-spf-50\/\",\"name\":\"EPIDERMA ECRAN SOLAIRE ANTI TACHE SPF 50 - Paracherkaoui.ma\",\"isPartOf\":{\"@id\":\"https:\/\/paracherkaoui.ma\/#website\"},\"primaryImageOfPage\":{\"@id\":\"https:\/\/paracherkaoui.ma\/index.php\/produit\/epiderma-ecran-solaire-anti-tache-spf-50\/#primaryimage\"},\"image\":{\"@id\":\"https:\/\/paracherkaoui.ma\/index.php\/produit\/epiderma-ecran-solaire-anti-tache-spf-50\/#primaryimage\"},\"thumbnailUrl\":\"https:\/\/paracherkaoui.ma\/wp-content\/uploads\/2025\/12\/epiderma-ecran-solaire-anti-tache-spf-50-solaires.jpg\",\"datePublished\":\"2025-12-12T18:00:47+00:00\",\"dateModified\":\"2025-12-12T18:00:52+00:00\",\"breadcrumb\":{\"@id\":\"https:\/\/paracherkaoui.ma\/index.php\/produit\/epiderma-ecran-solaire-anti-tache-spf-50\/#breadcrumb\"},\"inLanguage\":\"fr-FR\",\"potentialAction\":[{\"@type\":\"ReadAction\",\"target\":[\"https:\/\/paracherkaoui.ma\/index.php\/produit\/epiderma-ecran-solaire-anti-tache-spf-50\/\"]}]},{\"@type\":\"ImageObject\",\"inLanguage\":\"fr-FR\",\"@id\":\"https:\/\/paracherkaoui.ma\/index.php\/produit\/epiderma-ecran-solaire-anti-tache-spf-50\/#primaryimage\",\"url\":\"https:\/\/paracherkaoui.ma\/wp-content\/uploads\/2025\/12\/epiderma-ecran-solaire-anti-tache-spf-50-solaires.jpg\",\"contentUrl\":\"https:\/\/paracherkaoui.ma\/wp-content\/uploads\/2025\/12\/epiderma-ecran-solaire-anti-tache-spf-50-solaires.jpg\",\"width\":700,\"height\":700},{\"@type\":\"BreadcrumbList\",\"@id\":\"https:\/\/paracherkaoui.ma\/index.php\/produit\/epiderma-ecran-solaire-anti-tache-spf-50\/#breadcrumb\",\"itemListElement\":[{\"@type\":\"ListItem\",\"position\":1,\"name\":\"Accueil\",\"item\":\"https:\/\/paracherkaoui.ma\/\"},{\"@type\":\"ListItem\",\"position\":2,\"name\":\"Boutique\",\"item\":\"https:\/\/paracherkaoui.ma\/index.php\/boutique\/\"},{\"@type\":\"ListItem\",\"position\":3,\"name\":\"EPIDERMA ECRAN SOLAIRE ANTI TACHE SPF 50\"}]},{\"@type\":\"WebSite\",\"@id\":\"https:\/\/paracherkaoui.ma\/#website\",\"url\":\"https:\/\/paracherkaoui.ma\/\",\"name\":\"Paracherkaoui.ma\",\"description\":\"Achetez en ligne sur Paracherkaoui.ma\",\"potentialAction\":[{\"@type\":\"SearchAction\",\"target\":{\"@type\":\"EntryPoint\",\"urlTemplate\":\"https:\/\/paracherkaoui.ma\/?s={search_term_string}\"},\"query-input\":{\"@type\":\"PropertyValueSpecification\",\"valueRequired\":true,\"valueName\":\"search_term_string\"}}],\"inLanguage\":\"fr-FR\"}]}<\/script>\r\n<!-- \/ Yoast SEO plugin. -->","yoast_head_json":{"title":"EPIDERMA ECRAN SOLAIRE ANTI TACHE SPF 50 - Paracherkaoui.ma","robots":{"index":"index","follow":"follow","max-snippet":"max-snippet:-1","max-image-preview":"max-image-preview:large","max-video-preview":"max-video-preview:-1"},"canonical":"https:\/\/paracherkaoui.ma\/index.php\/produit\/epiderma-ecran-solaire-anti-tache-spf-50\/","og_locale":"fr_FR","og_type":"article","og_title":"EPIDERMA ECRAN SOLAIRE ANTI TACHE SPF 50 - Paracherkaoui.ma","og_description":"Combine \u00e0 la fois\u00a0: + Des actifs \u00e9claircissants cutan\u00e9s\u00a0: Provitamine B5 &#8211;> vitamine B5 &#8211;> stimule la production du collag\u00e8ne","og_url":"https:\/\/paracherkaoui.ma\/index.php\/produit\/epiderma-ecran-solaire-anti-tache-spf-50\/","og_site_name":"Paracherkaoui.ma","article_modified_time":"2025-12-12T18:00:52+00:00","og_image":[{"width":700,"height":700,"url":"https:\/\/paracherkaoui.ma\/wp-content\/uploads\/2025\/12\/epiderma-ecran-solaire-anti-tache-spf-50-solaires.jpg","type":"image\/jpeg"}],"twitter_card":"summary_large_image","twitter_misc":{"Dur\u00e9e de lecture estim\u00e9e":"1 minute"},"schema":{"@context":"https:\/\/schema.org","@graph":[{"@type":"WebPage","@id":"https:\/\/paracherkaoui.ma\/index.php\/produit\/epiderma-ecran-solaire-anti-tache-spf-50\/","url":"https:\/\/paracherkaoui.ma\/index.php\/produit\/epiderma-ecran-solaire-anti-tache-spf-50\/","name":"EPIDERMA ECRAN SOLAIRE ANTI TACHE SPF 50 - Paracherkaoui.ma","isPartOf":{"@id":"https:\/\/paracherkaoui.ma\/#website"},"primaryImageOfPage":{"@id":"https:\/\/paracherkaoui.ma\/index.php\/produit\/epiderma-ecran-solaire-anti-tache-spf-50\/#primaryimage"},"image":{"@id":"https:\/\/paracherkaoui.ma\/index.php\/produit\/epiderma-ecran-solaire-anti-tache-spf-50\/#primaryimage"},"thumbnailUrl":"https:\/\/paracherkaoui.ma\/wp-content\/uploads\/2025\/12\/epiderma-ecran-solaire-anti-tache-spf-50-solaires.jpg","datePublished":"2025-12-12T18:00:47+00:00","dateModified":"2025-12-12T18:00:52+00:00","breadcrumb":{"@id":"https:\/\/paracherkaoui.ma\/index.php\/produit\/epiderma-ecran-solaire-anti-tache-spf-50\/#breadcrumb"},"inLanguage":"fr-FR","potentialAction":[{"@type":"ReadAction","target":["https:\/\/paracherkaoui.ma\/index.php\/produit\/epiderma-ecran-solaire-anti-tache-spf-50\/"]}]},{"@type":"ImageObject","inLanguage":"fr-FR","@id":"https:\/\/paracherkaoui.ma\/index.php\/produit\/epiderma-ecran-solaire-anti-tache-spf-50\/#primaryimage","url":"https:\/\/paracherkaoui.ma\/wp-content\/uploads\/2025\/12\/epiderma-ecran-solaire-anti-tache-spf-50-solaires.jpg","contentUrl":"https:\/\/paracherkaoui.ma\/wp-content\/uploads\/2025\/12\/epiderma-ecran-solaire-anti-tache-spf-50-solaires.jpg","width":700,"height":700},{"@type":"BreadcrumbList","@id":"https:\/\/paracherkaoui.ma\/index.php\/produit\/epiderma-ecran-solaire-anti-tache-spf-50\/#breadcrumb","itemListElement":[{"@type":"ListItem","position":1,"name":"Accueil","item":"https:\/\/paracherkaoui.ma\/"},{"@type":"ListItem","position":2,"name":"Boutique","item":"https:\/\/paracherkaoui.ma\/index.php\/boutique\/"},{"@type":"ListItem","position":3,"name":"EPIDERMA ECRAN SOLAIRE ANTI TACHE SPF 50"}]},{"@type":"WebSite","@id":"https:\/\/paracherkaoui.ma\/#website","url":"https:\/\/paracherkaoui.ma\/","name":"Paracherkaoui.ma","description":"Achetez en ligne sur Paracherkaoui.ma","potentialAction":[{"@type":"SearchAction","target":{"@type":"EntryPoint","urlTemplate":"https:\/\/paracherkaoui.ma\/?s={search_term_string}"},"query-input":{"@type":"PropertyValueSpecification","valueRequired":true,"valueName":"search_term_string"}}],"inLanguage":"fr-FR"}]}},"_links":{"self":[{"href":"https:\/\/paracherkaoui.ma\/index.php\/wp-json\/wp\/v2\/product\/38676","targetHints":{"allow":["GET"]}}],"collection":[{"href":"https:\/\/paracherkaoui.ma\/index.php\/wp-json\/wp\/v2\/product"}],"about":[{"href":"https:\/\/paracherkaoui.ma\/index.php\/wp-json\/wp\/v2\/types\/product"}],"replies":[{"embeddable":true,"href":"https:\/\/paracherkaoui.ma\/index.php\/wp-json\/wp\/v2\/comments?post=38676"}],"version-history":[{"count":1,"href":"https:\/\/paracherkaoui.ma\/index.php\/wp-json\/wp\/v2\/product\/38676\/revisions"}],"predecessor-version":[{"id":38714,"href":"https:\/\/paracherkaoui.ma\/index.php\/wp-json\/wp\/v2\/product\/38676\/revisions\/38714"}],"wp:featuredmedia":[{"embeddable":true,"href":"https:\/\/paracherkaoui.ma\/index.php\/wp-json\/wp\/v2\/media\/38713"}],"wp:attachment":[{"href":"https:\/\/paracherkaoui.ma\/index.php\/wp-json\/wp\/v2\/media?parent=38676"}],"wp:term":[{"taxonomy":"product_brand","embeddable":true,"href":"https:\/\/paracherkaoui.ma\/index.php\/wp-json\/wp\/v2\/product_brand?post=38676"},{"taxonomy":"product_cat","embeddable":true,"href":"https:\/\/paracherkaoui.ma\/index.php\/wp-json\/wp\/v2\/product_cat?post=38676"},{"taxonomy":"product_tag","embeddable":true,"href":"https:\/\/paracherkaoui.ma\/index.php\/wp-json\/wp\/v2\/product_tag?post=38676"}],"curies":[{"name":"wp","href":"https:\/\/api.w.org\/{rel}","templated":true}]}}