{"id":38675,"date":"2025-12-12T19:00:47","date_gmt":"2025-12-12T18:00:47","guid":{"rendered":"https:\/\/test.ecbeaute.com\/?post_type=product&#038;p=38675"},"modified":"2025-12-12T19:00:51","modified_gmt":"2025-12-12T18:00:51","slug":"epiderma-ecran-solaire-invisible-spf50","status":"publish","type":"product","link":"https:\/\/paracherkaoui.ma\/index.php\/produit\/epiderma-ecran-solaire-invisible-spf50\/","title":{"rendered":"EPIDERMA ECRAN SOLAIRE INVISIBLE SPF50+"},"content":{"rendered":"<p>EPIDERMA ECRAN SOLAIRE Combine \u00e0 la fois :<br \/>\n&#8211; Des actifs \u00e9claircissants cutan\u00e9s : L&rsquo;action du Dermawhite agit sur les principaux m\u00e9canismes biologiques qui sont \u00e0 l&rsquo;origine de la pigmentation de la peau. Les vitamines C et B3, lib\u00e9r\u00e9es progressivement pour une action longue dur\u00e9e, permettent de r\u00e9duire l\u2019hyperpigmentation cutan\u00e9e.<br \/>\n&#8211; une protection solaire large spectre UVA &#8211; UVB longue dur\u00e9e. Epiderma \u00e9cran solaire prot\u00e8ge des rayonnements solaires pour pr\u00e9venir toute nouvelle pigmentation.<br \/>\nINDICATIONS :<br \/>\n&#8211; Masque de grossesse.<br \/>\n&#8211; Hyperpigmentation due au soleil ou \u00e0 l&rsquo;\u00e2ge (Taches, Vitiligo&#8230;).<br \/>\n&#8211; Cicatrices r\u00e9centes.<br \/>\n&#8211;\u00a0 \u00a0Peaux intol\u00e9rantes au soleil.<br \/>\nMODE D&rsquo;UTILISATION :<br \/>\nAppliquer EPIDERMA ECRAN SOLAIRE cr\u00e8me sur le visage et le cou parfaitement nettoy\u00e9s.<\/p>\n","protected":false},"excerpt":{"rendered":"<p>EPIDERMA ECRAN SOLAIRE Combine \u00e0 la fois : &#8211; Des actifs \u00e9claircissants cutan\u00e9s : L&rsquo;action du Dermawhite agit sur les<\/p>\n","protected":false},"featured_media":38711,"comment_status":"open","ping_status":"closed","template":"","meta":[],"product_brand":[676],"product_cat":[666],"product_tag":[],"class_list":{"0":"post-38675","1":"product","2":"type-product","3":"status-publish","4":"has-post-thumbnail","6":"product_brand-epiderma","7":"product_cat-cremes-solaires","9":"first","10":"instock","11":"sale","12":"shipping-taxable","13":"purchasable","14":"product-type-simple"},"yoast_head":"<!-- This site is optimized with the Yoast SEO plugin v26.6 - https:\/\/yoast.com\/wordpress\/plugins\/seo\/ -->\r\n<title>EPIDERMA ECRAN SOLAIRE INVISIBLE SPF50+ - Paracherkaoui.ma<\/title>\r\n<meta name=\"robots\" content=\"index, follow, max-snippet:-1, max-image-preview:large, max-video-preview:-1\" \/>\r\n<link rel=\"canonical\" href=\"https:\/\/paracherkaoui.ma\/index.php\/produit\/epiderma-ecran-solaire-invisible-spf50\/\" \/>\r\n<meta property=\"og:locale\" content=\"fr_FR\" \/>\r\n<meta property=\"og:type\" content=\"article\" \/>\r\n<meta property=\"og:title\" content=\"EPIDERMA ECRAN SOLAIRE INVISIBLE SPF50+ - Paracherkaoui.ma\" \/>\r\n<meta property=\"og:description\" content=\"EPIDERMA ECRAN SOLAIRE Combine \u00e0 la fois : &#8211; Des actifs \u00e9claircissants cutan\u00e9s : L&rsquo;action du Dermawhite agit sur les\" \/>\r\n<meta property=\"og:url\" content=\"https:\/\/paracherkaoui.ma\/index.php\/produit\/epiderma-ecran-solaire-invisible-spf50\/\" \/>\r\n<meta property=\"og:site_name\" content=\"Paracherkaoui.ma\" \/>\r\n<meta property=\"article:modified_time\" content=\"2025-12-12T18:00:51+00:00\" \/>\r\n<meta property=\"og:image\" content=\"https:\/\/paracherkaoui.ma\/wp-content\/uploads\/2025\/12\/epiderma-epiderma-ecran-solaire-invisible-spf50-cremes.jpg\" \/>\r\n\t<meta property=\"og:image:width\" content=\"700\" \/>\r\n\t<meta property=\"og:image:height\" content=\"700\" \/>\r\n\t<meta property=\"og:image:type\" content=\"image\/jpeg\" \/>\r\n<meta name=\"twitter:card\" content=\"summary_large_image\" \/>\r\n<meta name=\"twitter:label1\" content=\"Dur\u00e9e de lecture estim\u00e9e\" \/>\n\t<meta name=\"twitter:data1\" content=\"1 minute\" \/>\r\n<script type=\"application\/ld+json\" class=\"yoast-schema-graph\">{\"@context\":\"https:\/\/schema.org\",\"@graph\":[{\"@type\":\"WebPage\",\"@id\":\"https:\/\/paracherkaoui.ma\/index.php\/produit\/epiderma-ecran-solaire-invisible-spf50\/\",\"url\":\"https:\/\/paracherkaoui.ma\/index.php\/produit\/epiderma-ecran-solaire-invisible-spf50\/\",\"name\":\"EPIDERMA ECRAN SOLAIRE INVISIBLE SPF50+ - Paracherkaoui.ma\",\"isPartOf\":{\"@id\":\"https:\/\/paracherkaoui.ma\/#website\"},\"primaryImageOfPage\":{\"@id\":\"https:\/\/paracherkaoui.ma\/index.php\/produit\/epiderma-ecran-solaire-invisible-spf50\/#primaryimage\"},\"image\":{\"@id\":\"https:\/\/paracherkaoui.ma\/index.php\/produit\/epiderma-ecran-solaire-invisible-spf50\/#primaryimage\"},\"thumbnailUrl\":\"https:\/\/paracherkaoui.ma\/wp-content\/uploads\/2025\/12\/epiderma-epiderma-ecran-solaire-invisible-spf50-cremes.jpg\",\"datePublished\":\"2025-12-12T18:00:47+00:00\",\"dateModified\":\"2025-12-12T18:00:51+00:00\",\"breadcrumb\":{\"@id\":\"https:\/\/paracherkaoui.ma\/index.php\/produit\/epiderma-ecran-solaire-invisible-spf50\/#breadcrumb\"},\"inLanguage\":\"fr-FR\",\"potentialAction\":[{\"@type\":\"ReadAction\",\"target\":[\"https:\/\/paracherkaoui.ma\/index.php\/produit\/epiderma-ecran-solaire-invisible-spf50\/\"]}]},{\"@type\":\"ImageObject\",\"inLanguage\":\"fr-FR\",\"@id\":\"https:\/\/paracherkaoui.ma\/index.php\/produit\/epiderma-ecran-solaire-invisible-spf50\/#primaryimage\",\"url\":\"https:\/\/paracherkaoui.ma\/wp-content\/uploads\/2025\/12\/epiderma-epiderma-ecran-solaire-invisible-spf50-cremes.jpg\",\"contentUrl\":\"https:\/\/paracherkaoui.ma\/wp-content\/uploads\/2025\/12\/epiderma-epiderma-ecran-solaire-invisible-spf50-cremes.jpg\",\"width\":700,\"height\":700},{\"@type\":\"BreadcrumbList\",\"@id\":\"https:\/\/paracherkaoui.ma\/index.php\/produit\/epiderma-ecran-solaire-invisible-spf50\/#breadcrumb\",\"itemListElement\":[{\"@type\":\"ListItem\",\"position\":1,\"name\":\"Accueil\",\"item\":\"https:\/\/paracherkaoui.ma\/\"},{\"@type\":\"ListItem\",\"position\":2,\"name\":\"Boutique\",\"item\":\"https:\/\/paracherkaoui.ma\/index.php\/boutique\/\"},{\"@type\":\"ListItem\",\"position\":3,\"name\":\"EPIDERMA ECRAN SOLAIRE INVISIBLE SPF50+\"}]},{\"@type\":\"WebSite\",\"@id\":\"https:\/\/paracherkaoui.ma\/#website\",\"url\":\"https:\/\/paracherkaoui.ma\/\",\"name\":\"Paracherkaoui.ma\",\"description\":\"Achetez en ligne sur Paracherkaoui.ma\",\"potentialAction\":[{\"@type\":\"SearchAction\",\"target\":{\"@type\":\"EntryPoint\",\"urlTemplate\":\"https:\/\/paracherkaoui.ma\/?s={search_term_string}\"},\"query-input\":{\"@type\":\"PropertyValueSpecification\",\"valueRequired\":true,\"valueName\":\"search_term_string\"}}],\"inLanguage\":\"fr-FR\"}]}<\/script>\r\n<!-- \/ Yoast SEO plugin. -->","yoast_head_json":{"title":"EPIDERMA ECRAN SOLAIRE INVISIBLE SPF50+ - Paracherkaoui.ma","robots":{"index":"index","follow":"follow","max-snippet":"max-snippet:-1","max-image-preview":"max-image-preview:large","max-video-preview":"max-video-preview:-1"},"canonical":"https:\/\/paracherkaoui.ma\/index.php\/produit\/epiderma-ecran-solaire-invisible-spf50\/","og_locale":"fr_FR","og_type":"article","og_title":"EPIDERMA ECRAN SOLAIRE INVISIBLE SPF50+ - Paracherkaoui.ma","og_description":"EPIDERMA ECRAN SOLAIRE Combine \u00e0 la fois : &#8211; Des actifs \u00e9claircissants cutan\u00e9s : L&rsquo;action du Dermawhite agit sur les","og_url":"https:\/\/paracherkaoui.ma\/index.php\/produit\/epiderma-ecran-solaire-invisible-spf50\/","og_site_name":"Paracherkaoui.ma","article_modified_time":"2025-12-12T18:00:51+00:00","og_image":[{"width":700,"height":700,"url":"https:\/\/paracherkaoui.ma\/wp-content\/uploads\/2025\/12\/epiderma-epiderma-ecran-solaire-invisible-spf50-cremes.jpg","type":"image\/jpeg"}],"twitter_card":"summary_large_image","twitter_misc":{"Dur\u00e9e de lecture estim\u00e9e":"1 minute"},"schema":{"@context":"https:\/\/schema.org","@graph":[{"@type":"WebPage","@id":"https:\/\/paracherkaoui.ma\/index.php\/produit\/epiderma-ecran-solaire-invisible-spf50\/","url":"https:\/\/paracherkaoui.ma\/index.php\/produit\/epiderma-ecran-solaire-invisible-spf50\/","name":"EPIDERMA ECRAN SOLAIRE INVISIBLE SPF50+ - Paracherkaoui.ma","isPartOf":{"@id":"https:\/\/paracherkaoui.ma\/#website"},"primaryImageOfPage":{"@id":"https:\/\/paracherkaoui.ma\/index.php\/produit\/epiderma-ecran-solaire-invisible-spf50\/#primaryimage"},"image":{"@id":"https:\/\/paracherkaoui.ma\/index.php\/produit\/epiderma-ecran-solaire-invisible-spf50\/#primaryimage"},"thumbnailUrl":"https:\/\/paracherkaoui.ma\/wp-content\/uploads\/2025\/12\/epiderma-epiderma-ecran-solaire-invisible-spf50-cremes.jpg","datePublished":"2025-12-12T18:00:47+00:00","dateModified":"2025-12-12T18:00:51+00:00","breadcrumb":{"@id":"https:\/\/paracherkaoui.ma\/index.php\/produit\/epiderma-ecran-solaire-invisible-spf50\/#breadcrumb"},"inLanguage":"fr-FR","potentialAction":[{"@type":"ReadAction","target":["https:\/\/paracherkaoui.ma\/index.php\/produit\/epiderma-ecran-solaire-invisible-spf50\/"]}]},{"@type":"ImageObject","inLanguage":"fr-FR","@id":"https:\/\/paracherkaoui.ma\/index.php\/produit\/epiderma-ecran-solaire-invisible-spf50\/#primaryimage","url":"https:\/\/paracherkaoui.ma\/wp-content\/uploads\/2025\/12\/epiderma-epiderma-ecran-solaire-invisible-spf50-cremes.jpg","contentUrl":"https:\/\/paracherkaoui.ma\/wp-content\/uploads\/2025\/12\/epiderma-epiderma-ecran-solaire-invisible-spf50-cremes.jpg","width":700,"height":700},{"@type":"BreadcrumbList","@id":"https:\/\/paracherkaoui.ma\/index.php\/produit\/epiderma-ecran-solaire-invisible-spf50\/#breadcrumb","itemListElement":[{"@type":"ListItem","position":1,"name":"Accueil","item":"https:\/\/paracherkaoui.ma\/"},{"@type":"ListItem","position":2,"name":"Boutique","item":"https:\/\/paracherkaoui.ma\/index.php\/boutique\/"},{"@type":"ListItem","position":3,"name":"EPIDERMA ECRAN SOLAIRE INVISIBLE SPF50+"}]},{"@type":"WebSite","@id":"https:\/\/paracherkaoui.ma\/#website","url":"https:\/\/paracherkaoui.ma\/","name":"Paracherkaoui.ma","description":"Achetez en ligne sur Paracherkaoui.ma","potentialAction":[{"@type":"SearchAction","target":{"@type":"EntryPoint","urlTemplate":"https:\/\/paracherkaoui.ma\/?s={search_term_string}"},"query-input":{"@type":"PropertyValueSpecification","valueRequired":true,"valueName":"search_term_string"}}],"inLanguage":"fr-FR"}]}},"_links":{"self":[{"href":"https:\/\/paracherkaoui.ma\/index.php\/wp-json\/wp\/v2\/product\/38675","targetHints":{"allow":["GET"]}}],"collection":[{"href":"https:\/\/paracherkaoui.ma\/index.php\/wp-json\/wp\/v2\/product"}],"about":[{"href":"https:\/\/paracherkaoui.ma\/index.php\/wp-json\/wp\/v2\/types\/product"}],"replies":[{"embeddable":true,"href":"https:\/\/paracherkaoui.ma\/index.php\/wp-json\/wp\/v2\/comments?post=38675"}],"version-history":[{"count":1,"href":"https:\/\/paracherkaoui.ma\/index.php\/wp-json\/wp\/v2\/product\/38675\/revisions"}],"predecessor-version":[{"id":38712,"href":"https:\/\/paracherkaoui.ma\/index.php\/wp-json\/wp\/v2\/product\/38675\/revisions\/38712"}],"wp:featuredmedia":[{"embeddable":true,"href":"https:\/\/paracherkaoui.ma\/index.php\/wp-json\/wp\/v2\/media\/38711"}],"wp:attachment":[{"href":"https:\/\/paracherkaoui.ma\/index.php\/wp-json\/wp\/v2\/media?parent=38675"}],"wp:term":[{"taxonomy":"product_brand","embeddable":true,"href":"https:\/\/paracherkaoui.ma\/index.php\/wp-json\/wp\/v2\/product_brand?post=38675"},{"taxonomy":"product_cat","embeddable":true,"href":"https:\/\/paracherkaoui.ma\/index.php\/wp-json\/wp\/v2\/product_cat?post=38675"},{"taxonomy":"product_tag","embeddable":true,"href":"https:\/\/paracherkaoui.ma\/index.php\/wp-json\/wp\/v2\/product_tag?post=38675"}],"curies":[{"name":"wp","href":"https:\/\/api.w.org\/{rel}","templated":true}]}}