{"id":38672,"date":"2025-12-12T19:00:47","date_gmt":"2025-12-12T18:00:47","guid":{"rendered":"https:\/\/test.ecbeaute.com\/?post_type=product&#038;p=38672"},"modified":"2025-12-12T19:00:50","modified_gmt":"2025-12-12T18:00:50","slug":"puriaderm-purisun-creme-solaire-teintee-claire-spf50-50-ml","status":"publish","type":"product","link":"https:\/\/paracherkaoui.ma\/index.php\/produit\/puriaderm-purisun-creme-solaire-teintee-claire-spf50-50-ml\/","title":{"rendered":"PURIADERM PURISUN CREME SOLAIRE TEINTEE CLAIRE SPF50+ 50 ML"},"content":{"rendered":"<p>Puriaderm Purisun cr\u00e8me Solaire Teint\u00e9e Claire SPF50+ (50ml)<\/p>\n<p>Procure une tr\u00e8s haute protection \u00e0 large spectre contre les UVA-UVB<\/p>\n<p>Aide \u00e0 pr\u00e9venir l\u2019irritation caus\u00e9e par les infrarouges<\/p>\n<p>Aide \u00e0 lutter contre le vieillissement cutan\u00e9 pr\u00e9matur\u00e9<\/p>\n<p>CONSEILS D&rsquo;UTILISATION :<\/p>\n<p>Appliquer g\u00e9n\u00e9reusement 15 mn avant chaque exposition au soleil. R\u00e9appliquer de nouveau toutes les 2 heures ou apr\u00e8s la baignade, apr\u00e8s avoir transpir\u00e9 abondamment ou apr\u00e8s s\u2019\u00eatre lav\u00e9.<\/p>\n","protected":false},"excerpt":{"rendered":"<p>Puriaderm Purisun cr\u00e8me Solaire Teint\u00e9e Claire SPF50+ (50ml) Procure une tr\u00e8s haute protection \u00e0 large spectre contre les UVA-UVB Aide<\/p>\n","protected":false},"featured_media":38705,"comment_status":"open","ping_status":"closed","template":"","meta":[],"product_brand":[262],"product_cat":[666],"product_tag":[],"class_list":{"0":"post-38672","1":"product","2":"type-product","3":"status-publish","4":"has-post-thumbnail","6":"product_brand-puriaderm","7":"product_cat-cremes-solaires","9":"first","10":"instock","11":"sale","12":"shipping-taxable","13":"purchasable","14":"product-type-simple"},"yoast_head":"<!-- This site is optimized with the Yoast SEO plugin v26.6 - https:\/\/yoast.com\/wordpress\/plugins\/seo\/ -->\r\n<title>PURIADERM PURISUN CREME SOLAIRE TEINTEE CLAIRE SPF50+ 50 ML - Paracherkaoui.ma<\/title>\r\n<meta name=\"robots\" content=\"index, follow, max-snippet:-1, max-image-preview:large, max-video-preview:-1\" \/>\r\n<link rel=\"canonical\" href=\"https:\/\/paracherkaoui.ma\/index.php\/produit\/puriaderm-purisun-creme-solaire-teintee-claire-spf50-50-ml\/\" \/>\r\n<meta property=\"og:locale\" content=\"fr_FR\" \/>\r\n<meta property=\"og:type\" content=\"article\" \/>\r\n<meta property=\"og:title\" content=\"PURIADERM PURISUN CREME SOLAIRE TEINTEE CLAIRE SPF50+ 50 ML - Paracherkaoui.ma\" \/>\r\n<meta property=\"og:description\" content=\"Puriaderm Purisun cr\u00e8me Solaire Teint\u00e9e Claire SPF50+ (50ml) Procure une tr\u00e8s haute protection \u00e0 large spectre contre les UVA-UVB Aide\" \/>\r\n<meta property=\"og:url\" content=\"https:\/\/paracherkaoui.ma\/index.php\/produit\/puriaderm-purisun-creme-solaire-teintee-claire-spf50-50-ml\/\" \/>\r\n<meta property=\"og:site_name\" content=\"Paracherkaoui.ma\" \/>\r\n<meta property=\"article:modified_time\" content=\"2025-12-12T18:00:50+00:00\" \/>\r\n<meta property=\"og:image\" content=\"https:\/\/paracherkaoui.ma\/wp-content\/uploads\/2025\/12\/puriaderm-puriaderm-purisun-creme-solaire-teintee-claire-spf50-50-ml-cremes.jpg\" \/>\r\n\t<meta property=\"og:image:width\" content=\"700\" \/>\r\n\t<meta property=\"og:image:height\" content=\"700\" \/>\r\n\t<meta property=\"og:image:type\" content=\"image\/jpeg\" \/>\r\n<meta name=\"twitter:card\" content=\"summary_large_image\" \/>\r\n<script type=\"application\/ld+json\" class=\"yoast-schema-graph\">{\"@context\":\"https:\/\/schema.org\",\"@graph\":[{\"@type\":\"WebPage\",\"@id\":\"https:\/\/paracherkaoui.ma\/index.php\/produit\/puriaderm-purisun-creme-solaire-teintee-claire-spf50-50-ml\/\",\"url\":\"https:\/\/paracherkaoui.ma\/index.php\/produit\/puriaderm-purisun-creme-solaire-teintee-claire-spf50-50-ml\/\",\"name\":\"PURIADERM PURISUN CREME SOLAIRE TEINTEE CLAIRE SPF50+ 50 ML - Paracherkaoui.ma\",\"isPartOf\":{\"@id\":\"https:\/\/paracherkaoui.ma\/#website\"},\"primaryImageOfPage\":{\"@id\":\"https:\/\/paracherkaoui.ma\/index.php\/produit\/puriaderm-purisun-creme-solaire-teintee-claire-spf50-50-ml\/#primaryimage\"},\"image\":{\"@id\":\"https:\/\/paracherkaoui.ma\/index.php\/produit\/puriaderm-purisun-creme-solaire-teintee-claire-spf50-50-ml\/#primaryimage\"},\"thumbnailUrl\":\"https:\/\/paracherkaoui.ma\/wp-content\/uploads\/2025\/12\/puriaderm-puriaderm-purisun-creme-solaire-teintee-claire-spf50-50-ml-cremes.jpg\",\"datePublished\":\"2025-12-12T18:00:47+00:00\",\"dateModified\":\"2025-12-12T18:00:50+00:00\",\"breadcrumb\":{\"@id\":\"https:\/\/paracherkaoui.ma\/index.php\/produit\/puriaderm-purisun-creme-solaire-teintee-claire-spf50-50-ml\/#breadcrumb\"},\"inLanguage\":\"fr-FR\",\"potentialAction\":[{\"@type\":\"ReadAction\",\"target\":[\"https:\/\/paracherkaoui.ma\/index.php\/produit\/puriaderm-purisun-creme-solaire-teintee-claire-spf50-50-ml\/\"]}]},{\"@type\":\"ImageObject\",\"inLanguage\":\"fr-FR\",\"@id\":\"https:\/\/paracherkaoui.ma\/index.php\/produit\/puriaderm-purisun-creme-solaire-teintee-claire-spf50-50-ml\/#primaryimage\",\"url\":\"https:\/\/paracherkaoui.ma\/wp-content\/uploads\/2025\/12\/puriaderm-puriaderm-purisun-creme-solaire-teintee-claire-spf50-50-ml-cremes.jpg\",\"contentUrl\":\"https:\/\/paracherkaoui.ma\/wp-content\/uploads\/2025\/12\/puriaderm-puriaderm-purisun-creme-solaire-teintee-claire-spf50-50-ml-cremes.jpg\",\"width\":700,\"height\":700},{\"@type\":\"BreadcrumbList\",\"@id\":\"https:\/\/paracherkaoui.ma\/index.php\/produit\/puriaderm-purisun-creme-solaire-teintee-claire-spf50-50-ml\/#breadcrumb\",\"itemListElement\":[{\"@type\":\"ListItem\",\"position\":1,\"name\":\"Accueil\",\"item\":\"https:\/\/paracherkaoui.ma\/\"},{\"@type\":\"ListItem\",\"position\":2,\"name\":\"Boutique\",\"item\":\"https:\/\/paracherkaoui.ma\/index.php\/boutique\/\"},{\"@type\":\"ListItem\",\"position\":3,\"name\":\"PURIADERM PURISUN CREME SOLAIRE TEINTEE CLAIRE SPF50+ 50 ML\"}]},{\"@type\":\"WebSite\",\"@id\":\"https:\/\/paracherkaoui.ma\/#website\",\"url\":\"https:\/\/paracherkaoui.ma\/\",\"name\":\"Paracherkaoui.ma\",\"description\":\"Achetez en ligne sur Paracherkaoui.ma\",\"potentialAction\":[{\"@type\":\"SearchAction\",\"target\":{\"@type\":\"EntryPoint\",\"urlTemplate\":\"https:\/\/paracherkaoui.ma\/?s={search_term_string}\"},\"query-input\":{\"@type\":\"PropertyValueSpecification\",\"valueRequired\":true,\"valueName\":\"search_term_string\"}}],\"inLanguage\":\"fr-FR\"}]}<\/script>\r\n<!-- \/ Yoast SEO plugin. -->","yoast_head_json":{"title":"PURIADERM PURISUN CREME SOLAIRE TEINTEE CLAIRE SPF50+ 50 ML - Paracherkaoui.ma","robots":{"index":"index","follow":"follow","max-snippet":"max-snippet:-1","max-image-preview":"max-image-preview:large","max-video-preview":"max-video-preview:-1"},"canonical":"https:\/\/paracherkaoui.ma\/index.php\/produit\/puriaderm-purisun-creme-solaire-teintee-claire-spf50-50-ml\/","og_locale":"fr_FR","og_type":"article","og_title":"PURIADERM PURISUN CREME SOLAIRE TEINTEE CLAIRE SPF50+ 50 ML - Paracherkaoui.ma","og_description":"Puriaderm Purisun cr\u00e8me Solaire Teint\u00e9e Claire SPF50+ (50ml) Procure une tr\u00e8s haute protection \u00e0 large spectre contre les UVA-UVB Aide","og_url":"https:\/\/paracherkaoui.ma\/index.php\/produit\/puriaderm-purisun-creme-solaire-teintee-claire-spf50-50-ml\/","og_site_name":"Paracherkaoui.ma","article_modified_time":"2025-12-12T18:00:50+00:00","og_image":[{"width":700,"height":700,"url":"https:\/\/paracherkaoui.ma\/wp-content\/uploads\/2025\/12\/puriaderm-puriaderm-purisun-creme-solaire-teintee-claire-spf50-50-ml-cremes.jpg","type":"image\/jpeg"}],"twitter_card":"summary_large_image","schema":{"@context":"https:\/\/schema.org","@graph":[{"@type":"WebPage","@id":"https:\/\/paracherkaoui.ma\/index.php\/produit\/puriaderm-purisun-creme-solaire-teintee-claire-spf50-50-ml\/","url":"https:\/\/paracherkaoui.ma\/index.php\/produit\/puriaderm-purisun-creme-solaire-teintee-claire-spf50-50-ml\/","name":"PURIADERM PURISUN CREME SOLAIRE TEINTEE CLAIRE SPF50+ 50 ML - Paracherkaoui.ma","isPartOf":{"@id":"https:\/\/paracherkaoui.ma\/#website"},"primaryImageOfPage":{"@id":"https:\/\/paracherkaoui.ma\/index.php\/produit\/puriaderm-purisun-creme-solaire-teintee-claire-spf50-50-ml\/#primaryimage"},"image":{"@id":"https:\/\/paracherkaoui.ma\/index.php\/produit\/puriaderm-purisun-creme-solaire-teintee-claire-spf50-50-ml\/#primaryimage"},"thumbnailUrl":"https:\/\/paracherkaoui.ma\/wp-content\/uploads\/2025\/12\/puriaderm-puriaderm-purisun-creme-solaire-teintee-claire-spf50-50-ml-cremes.jpg","datePublished":"2025-12-12T18:00:47+00:00","dateModified":"2025-12-12T18:00:50+00:00","breadcrumb":{"@id":"https:\/\/paracherkaoui.ma\/index.php\/produit\/puriaderm-purisun-creme-solaire-teintee-claire-spf50-50-ml\/#breadcrumb"},"inLanguage":"fr-FR","potentialAction":[{"@type":"ReadAction","target":["https:\/\/paracherkaoui.ma\/index.php\/produit\/puriaderm-purisun-creme-solaire-teintee-claire-spf50-50-ml\/"]}]},{"@type":"ImageObject","inLanguage":"fr-FR","@id":"https:\/\/paracherkaoui.ma\/index.php\/produit\/puriaderm-purisun-creme-solaire-teintee-claire-spf50-50-ml\/#primaryimage","url":"https:\/\/paracherkaoui.ma\/wp-content\/uploads\/2025\/12\/puriaderm-puriaderm-purisun-creme-solaire-teintee-claire-spf50-50-ml-cremes.jpg","contentUrl":"https:\/\/paracherkaoui.ma\/wp-content\/uploads\/2025\/12\/puriaderm-puriaderm-purisun-creme-solaire-teintee-claire-spf50-50-ml-cremes.jpg","width":700,"height":700},{"@type":"BreadcrumbList","@id":"https:\/\/paracherkaoui.ma\/index.php\/produit\/puriaderm-purisun-creme-solaire-teintee-claire-spf50-50-ml\/#breadcrumb","itemListElement":[{"@type":"ListItem","position":1,"name":"Accueil","item":"https:\/\/paracherkaoui.ma\/"},{"@type":"ListItem","position":2,"name":"Boutique","item":"https:\/\/paracherkaoui.ma\/index.php\/boutique\/"},{"@type":"ListItem","position":3,"name":"PURIADERM PURISUN CREME SOLAIRE TEINTEE CLAIRE SPF50+ 50 ML"}]},{"@type":"WebSite","@id":"https:\/\/paracherkaoui.ma\/#website","url":"https:\/\/paracherkaoui.ma\/","name":"Paracherkaoui.ma","description":"Achetez en ligne sur Paracherkaoui.ma","potentialAction":[{"@type":"SearchAction","target":{"@type":"EntryPoint","urlTemplate":"https:\/\/paracherkaoui.ma\/?s={search_term_string}"},"query-input":{"@type":"PropertyValueSpecification","valueRequired":true,"valueName":"search_term_string"}}],"inLanguage":"fr-FR"}]}},"_links":{"self":[{"href":"https:\/\/paracherkaoui.ma\/index.php\/wp-json\/wp\/v2\/product\/38672","targetHints":{"allow":["GET"]}}],"collection":[{"href":"https:\/\/paracherkaoui.ma\/index.php\/wp-json\/wp\/v2\/product"}],"about":[{"href":"https:\/\/paracherkaoui.ma\/index.php\/wp-json\/wp\/v2\/types\/product"}],"replies":[{"embeddable":true,"href":"https:\/\/paracherkaoui.ma\/index.php\/wp-json\/wp\/v2\/comments?post=38672"}],"version-history":[{"count":1,"href":"https:\/\/paracherkaoui.ma\/index.php\/wp-json\/wp\/v2\/product\/38672\/revisions"}],"predecessor-version":[{"id":38706,"href":"https:\/\/paracherkaoui.ma\/index.php\/wp-json\/wp\/v2\/product\/38672\/revisions\/38706"}],"wp:featuredmedia":[{"embeddable":true,"href":"https:\/\/paracherkaoui.ma\/index.php\/wp-json\/wp\/v2\/media\/38705"}],"wp:attachment":[{"href":"https:\/\/paracherkaoui.ma\/index.php\/wp-json\/wp\/v2\/media?parent=38672"}],"wp:term":[{"taxonomy":"product_brand","embeddable":true,"href":"https:\/\/paracherkaoui.ma\/index.php\/wp-json\/wp\/v2\/product_brand?post=38672"},{"taxonomy":"product_cat","embeddable":true,"href":"https:\/\/paracherkaoui.ma\/index.php\/wp-json\/wp\/v2\/product_cat?post=38672"},{"taxonomy":"product_tag","embeddable":true,"href":"https:\/\/paracherkaoui.ma\/index.php\/wp-json\/wp\/v2\/product_tag?post=38672"}],"curies":[{"name":"wp","href":"https:\/\/api.w.org\/{rel}","templated":true}]}}