{"id":38607,"date":"2025-12-12T19:00:40","date_gmt":"2025-12-12T18:00:40","guid":{"rendered":"https:\/\/test.ecbeaute.com\/?post_type=product&#038;p=38607"},"modified":"2025-12-12T19:00:46","modified_gmt":"2025-12-12T18:00:46","slug":"ultrasun-anti-pigmentation-spf-50-et-anti-taches-50-ml","status":"publish","type":"product","link":"https:\/\/paracherkaoui.ma\/index.php\/produit\/ultrasun-anti-pigmentation-spf-50-et-anti-taches-50-ml\/","title":{"rendered":"ULTRASUN ANTI PIGMENTATION SPF 50+ ET ANTI TACHES 50 ML"},"content":{"rendered":"<p>Formulation avanc\u00e9e combinant une protection lamellaire \u00e0 large spectre SPF 50+ avec GSP pour une protection contre les infrarouges, pigments sp\u00e9cifiques et dioxyde de titane pour une protection contre la lumi\u00e8re bleue, mais aussi ecto\u00efne et composants innovants contre la pigmentation. R\u00e9tablit un niveau d\u2019hydratation optimal, r\u00e9duit l\u2019apparence de vieillissement li\u00e9e au soleil (rides, ridules, pores \u00e9largis). Donne une texture \u00e0 absorption incroyablement rapide, l\u00e9g\u00e8re et non grasse. Id\u00e9ale pour les peaux sensibles qui ont une tendance \u00e0 la pigmentation (protection solaire et soin hydratant du visage, du cou et du d\u00e9collet\u00e9).<br \/>\nConseils d&rsquo;utilisation:<br \/>\nAppliquer sur peau propre et s\u00e8che<\/p>\n","protected":false},"excerpt":{"rendered":"<p>Formulation avanc\u00e9e combinant une protection lamellaire \u00e0 large spectre SPF 50+ avec GSP pour une protection contre les infrarouges, pigments<\/p>\n","protected":false},"featured_media":38658,"comment_status":"open","ping_status":"closed","template":"","meta":[],"product_brand":[614],"product_cat":[666],"product_tag":[],"class_list":{"0":"post-38607","1":"product","2":"type-product","3":"status-publish","4":"has-post-thumbnail","6":"product_brand-ultrasun","7":"product_cat-cremes-solaires","9":"first","10":"instock","11":"sale","12":"shipping-taxable","13":"purchasable","14":"product-type-simple"},"yoast_head":"<!-- This site is optimized with the Yoast SEO plugin v26.6 - https:\/\/yoast.com\/wordpress\/plugins\/seo\/ -->\r\n<title>ULTRASUN ANTI PIGMENTATION SPF 50+ ET ANTI TACHES 50 ML - Paracherkaoui.ma<\/title>\r\n<meta name=\"robots\" content=\"index, follow, max-snippet:-1, max-image-preview:large, max-video-preview:-1\" \/>\r\n<link rel=\"canonical\" href=\"https:\/\/paracherkaoui.ma\/index.php\/produit\/ultrasun-anti-pigmentation-spf-50-et-anti-taches-50-ml\/\" \/>\r\n<meta property=\"og:locale\" content=\"fr_FR\" \/>\r\n<meta property=\"og:type\" content=\"article\" \/>\r\n<meta property=\"og:title\" content=\"ULTRASUN ANTI PIGMENTATION SPF 50+ ET ANTI TACHES 50 ML - Paracherkaoui.ma\" \/>\r\n<meta property=\"og:description\" content=\"Formulation avanc\u00e9e combinant une protection lamellaire \u00e0 large spectre SPF 50+ avec GSP pour une protection contre les infrarouges, pigments\" \/>\r\n<meta property=\"og:url\" content=\"https:\/\/paracherkaoui.ma\/index.php\/produit\/ultrasun-anti-pigmentation-spf-50-et-anti-taches-50-ml\/\" \/>\r\n<meta property=\"og:site_name\" content=\"Paracherkaoui.ma\" \/>\r\n<meta property=\"article:modified_time\" content=\"2025-12-12T18:00:46+00:00\" \/>\r\n<meta property=\"og:image\" content=\"https:\/\/paracherkaoui.ma\/wp-content\/uploads\/2025\/12\/ultrasun-ultrasun-anti-pigmentation-spf-50-et-anti-taches-50-ml-cremes.jpg\" \/>\r\n\t<meta property=\"og:image:width\" content=\"700\" \/>\r\n\t<meta property=\"og:image:height\" content=\"700\" \/>\r\n\t<meta property=\"og:image:type\" content=\"image\/jpeg\" \/>\r\n<meta name=\"twitter:card\" content=\"summary_large_image\" \/>\r\n<meta name=\"twitter:label1\" content=\"Dur\u00e9e de lecture estim\u00e9e\" \/>\n\t<meta name=\"twitter:data1\" content=\"1 minute\" \/>\r\n<script type=\"application\/ld+json\" class=\"yoast-schema-graph\">{\"@context\":\"https:\/\/schema.org\",\"@graph\":[{\"@type\":\"WebPage\",\"@id\":\"https:\/\/paracherkaoui.ma\/index.php\/produit\/ultrasun-anti-pigmentation-spf-50-et-anti-taches-50-ml\/\",\"url\":\"https:\/\/paracherkaoui.ma\/index.php\/produit\/ultrasun-anti-pigmentation-spf-50-et-anti-taches-50-ml\/\",\"name\":\"ULTRASUN ANTI PIGMENTATION SPF 50+ ET ANTI TACHES 50 ML - Paracherkaoui.ma\",\"isPartOf\":{\"@id\":\"https:\/\/paracherkaoui.ma\/#website\"},\"primaryImageOfPage\":{\"@id\":\"https:\/\/paracherkaoui.ma\/index.php\/produit\/ultrasun-anti-pigmentation-spf-50-et-anti-taches-50-ml\/#primaryimage\"},\"image\":{\"@id\":\"https:\/\/paracherkaoui.ma\/index.php\/produit\/ultrasun-anti-pigmentation-spf-50-et-anti-taches-50-ml\/#primaryimage\"},\"thumbnailUrl\":\"https:\/\/paracherkaoui.ma\/wp-content\/uploads\/2025\/12\/ultrasun-ultrasun-anti-pigmentation-spf-50-et-anti-taches-50-ml-cremes.jpg\",\"datePublished\":\"2025-12-12T18:00:40+00:00\",\"dateModified\":\"2025-12-12T18:00:46+00:00\",\"breadcrumb\":{\"@id\":\"https:\/\/paracherkaoui.ma\/index.php\/produit\/ultrasun-anti-pigmentation-spf-50-et-anti-taches-50-ml\/#breadcrumb\"},\"inLanguage\":\"fr-FR\",\"potentialAction\":[{\"@type\":\"ReadAction\",\"target\":[\"https:\/\/paracherkaoui.ma\/index.php\/produit\/ultrasun-anti-pigmentation-spf-50-et-anti-taches-50-ml\/\"]}]},{\"@type\":\"ImageObject\",\"inLanguage\":\"fr-FR\",\"@id\":\"https:\/\/paracherkaoui.ma\/index.php\/produit\/ultrasun-anti-pigmentation-spf-50-et-anti-taches-50-ml\/#primaryimage\",\"url\":\"https:\/\/paracherkaoui.ma\/wp-content\/uploads\/2025\/12\/ultrasun-ultrasun-anti-pigmentation-spf-50-et-anti-taches-50-ml-cremes.jpg\",\"contentUrl\":\"https:\/\/paracherkaoui.ma\/wp-content\/uploads\/2025\/12\/ultrasun-ultrasun-anti-pigmentation-spf-50-et-anti-taches-50-ml-cremes.jpg\",\"width\":700,\"height\":700},{\"@type\":\"BreadcrumbList\",\"@id\":\"https:\/\/paracherkaoui.ma\/index.php\/produit\/ultrasun-anti-pigmentation-spf-50-et-anti-taches-50-ml\/#breadcrumb\",\"itemListElement\":[{\"@type\":\"ListItem\",\"position\":1,\"name\":\"Accueil\",\"item\":\"https:\/\/paracherkaoui.ma\/\"},{\"@type\":\"ListItem\",\"position\":2,\"name\":\"Boutique\",\"item\":\"https:\/\/paracherkaoui.ma\/index.php\/boutique\/\"},{\"@type\":\"ListItem\",\"position\":3,\"name\":\"ULTRASUN ANTI PIGMENTATION SPF 50+ ET ANTI TACHES 50 ML\"}]},{\"@type\":\"WebSite\",\"@id\":\"https:\/\/paracherkaoui.ma\/#website\",\"url\":\"https:\/\/paracherkaoui.ma\/\",\"name\":\"Paracherkaoui.ma\",\"description\":\"Achetez en ligne sur Paracherkaoui.ma\",\"potentialAction\":[{\"@type\":\"SearchAction\",\"target\":{\"@type\":\"EntryPoint\",\"urlTemplate\":\"https:\/\/paracherkaoui.ma\/?s={search_term_string}\"},\"query-input\":{\"@type\":\"PropertyValueSpecification\",\"valueRequired\":true,\"valueName\":\"search_term_string\"}}],\"inLanguage\":\"fr-FR\"}]}<\/script>\r\n<!-- \/ Yoast SEO plugin. -->","yoast_head_json":{"title":"ULTRASUN ANTI PIGMENTATION SPF 50+ ET ANTI TACHES 50 ML - Paracherkaoui.ma","robots":{"index":"index","follow":"follow","max-snippet":"max-snippet:-1","max-image-preview":"max-image-preview:large","max-video-preview":"max-video-preview:-1"},"canonical":"https:\/\/paracherkaoui.ma\/index.php\/produit\/ultrasun-anti-pigmentation-spf-50-et-anti-taches-50-ml\/","og_locale":"fr_FR","og_type":"article","og_title":"ULTRASUN ANTI PIGMENTATION SPF 50+ ET ANTI TACHES 50 ML - Paracherkaoui.ma","og_description":"Formulation avanc\u00e9e combinant une protection lamellaire \u00e0 large spectre SPF 50+ avec GSP pour une protection contre les infrarouges, pigments","og_url":"https:\/\/paracherkaoui.ma\/index.php\/produit\/ultrasun-anti-pigmentation-spf-50-et-anti-taches-50-ml\/","og_site_name":"Paracherkaoui.ma","article_modified_time":"2025-12-12T18:00:46+00:00","og_image":[{"width":700,"height":700,"url":"https:\/\/paracherkaoui.ma\/wp-content\/uploads\/2025\/12\/ultrasun-ultrasun-anti-pigmentation-spf-50-et-anti-taches-50-ml-cremes.jpg","type":"image\/jpeg"}],"twitter_card":"summary_large_image","twitter_misc":{"Dur\u00e9e de lecture estim\u00e9e":"1 minute"},"schema":{"@context":"https:\/\/schema.org","@graph":[{"@type":"WebPage","@id":"https:\/\/paracherkaoui.ma\/index.php\/produit\/ultrasun-anti-pigmentation-spf-50-et-anti-taches-50-ml\/","url":"https:\/\/paracherkaoui.ma\/index.php\/produit\/ultrasun-anti-pigmentation-spf-50-et-anti-taches-50-ml\/","name":"ULTRASUN ANTI PIGMENTATION SPF 50+ ET ANTI TACHES 50 ML - Paracherkaoui.ma","isPartOf":{"@id":"https:\/\/paracherkaoui.ma\/#website"},"primaryImageOfPage":{"@id":"https:\/\/paracherkaoui.ma\/index.php\/produit\/ultrasun-anti-pigmentation-spf-50-et-anti-taches-50-ml\/#primaryimage"},"image":{"@id":"https:\/\/paracherkaoui.ma\/index.php\/produit\/ultrasun-anti-pigmentation-spf-50-et-anti-taches-50-ml\/#primaryimage"},"thumbnailUrl":"https:\/\/paracherkaoui.ma\/wp-content\/uploads\/2025\/12\/ultrasun-ultrasun-anti-pigmentation-spf-50-et-anti-taches-50-ml-cremes.jpg","datePublished":"2025-12-12T18:00:40+00:00","dateModified":"2025-12-12T18:00:46+00:00","breadcrumb":{"@id":"https:\/\/paracherkaoui.ma\/index.php\/produit\/ultrasun-anti-pigmentation-spf-50-et-anti-taches-50-ml\/#breadcrumb"},"inLanguage":"fr-FR","potentialAction":[{"@type":"ReadAction","target":["https:\/\/paracherkaoui.ma\/index.php\/produit\/ultrasun-anti-pigmentation-spf-50-et-anti-taches-50-ml\/"]}]},{"@type":"ImageObject","inLanguage":"fr-FR","@id":"https:\/\/paracherkaoui.ma\/index.php\/produit\/ultrasun-anti-pigmentation-spf-50-et-anti-taches-50-ml\/#primaryimage","url":"https:\/\/paracherkaoui.ma\/wp-content\/uploads\/2025\/12\/ultrasun-ultrasun-anti-pigmentation-spf-50-et-anti-taches-50-ml-cremes.jpg","contentUrl":"https:\/\/paracherkaoui.ma\/wp-content\/uploads\/2025\/12\/ultrasun-ultrasun-anti-pigmentation-spf-50-et-anti-taches-50-ml-cremes.jpg","width":700,"height":700},{"@type":"BreadcrumbList","@id":"https:\/\/paracherkaoui.ma\/index.php\/produit\/ultrasun-anti-pigmentation-spf-50-et-anti-taches-50-ml\/#breadcrumb","itemListElement":[{"@type":"ListItem","position":1,"name":"Accueil","item":"https:\/\/paracherkaoui.ma\/"},{"@type":"ListItem","position":2,"name":"Boutique","item":"https:\/\/paracherkaoui.ma\/index.php\/boutique\/"},{"@type":"ListItem","position":3,"name":"ULTRASUN ANTI PIGMENTATION SPF 50+ ET ANTI TACHES 50 ML"}]},{"@type":"WebSite","@id":"https:\/\/paracherkaoui.ma\/#website","url":"https:\/\/paracherkaoui.ma\/","name":"Paracherkaoui.ma","description":"Achetez en ligne sur Paracherkaoui.ma","potentialAction":[{"@type":"SearchAction","target":{"@type":"EntryPoint","urlTemplate":"https:\/\/paracherkaoui.ma\/?s={search_term_string}"},"query-input":{"@type":"PropertyValueSpecification","valueRequired":true,"valueName":"search_term_string"}}],"inLanguage":"fr-FR"}]}},"_links":{"self":[{"href":"https:\/\/paracherkaoui.ma\/index.php\/wp-json\/wp\/v2\/product\/38607","targetHints":{"allow":["GET"]}}],"collection":[{"href":"https:\/\/paracherkaoui.ma\/index.php\/wp-json\/wp\/v2\/product"}],"about":[{"href":"https:\/\/paracherkaoui.ma\/index.php\/wp-json\/wp\/v2\/types\/product"}],"replies":[{"embeddable":true,"href":"https:\/\/paracherkaoui.ma\/index.php\/wp-json\/wp\/v2\/comments?post=38607"}],"version-history":[{"count":1,"href":"https:\/\/paracherkaoui.ma\/index.php\/wp-json\/wp\/v2\/product\/38607\/revisions"}],"predecessor-version":[{"id":38659,"href":"https:\/\/paracherkaoui.ma\/index.php\/wp-json\/wp\/v2\/product\/38607\/revisions\/38659"}],"wp:featuredmedia":[{"embeddable":true,"href":"https:\/\/paracherkaoui.ma\/index.php\/wp-json\/wp\/v2\/media\/38658"}],"wp:attachment":[{"href":"https:\/\/paracherkaoui.ma\/index.php\/wp-json\/wp\/v2\/media?parent=38607"}],"wp:term":[{"taxonomy":"product_brand","embeddable":true,"href":"https:\/\/paracherkaoui.ma\/index.php\/wp-json\/wp\/v2\/product_brand?post=38607"},{"taxonomy":"product_cat","embeddable":true,"href":"https:\/\/paracherkaoui.ma\/index.php\/wp-json\/wp\/v2\/product_cat?post=38607"},{"taxonomy":"product_tag","embeddable":true,"href":"https:\/\/paracherkaoui.ma\/index.php\/wp-json\/wp\/v2\/product_tag?post=38607"}],"curies":[{"name":"wp","href":"https:\/\/api.w.org\/{rel}","templated":true}]}}