{"id":38600,"date":"2025-12-12T19:00:40","date_gmt":"2025-12-12T18:00:40","guid":{"rendered":"https:\/\/test.ecbeaute.com\/?post_type=product&#038;p=38600"},"modified":"2025-12-12T19:00:44","modified_gmt":"2025-12-12T18:00:44","slug":"dermaceutic-sun-ceutic-50creme-solaire-teintee-age-defense-universal-shade-50ml","status":"publish","type":"product","link":"https:\/\/paracherkaoui.ma\/index.php\/produit\/dermaceutic-sun-ceutic-50creme-solaire-teintee-age-defense-universal-shade-50ml\/","title":{"rendered":"DERMACEUTIC SUN CEUTIC 50+CREME SOLAIRE TEINTEE AGE DEFENSE UNIVERSAL SHADE 50ML"},"content":{"rendered":"<p>DESCRIPTION :<br \/>\nFournit une tr\u00e8s haute protection pour la peau expos\u00e9e aux rayons UV et aide \u00e0 pr\u00e9venir le vieillissement pr\u00e9matur\u00e9 de la peau.<br \/>\nLa peau est prot\u00e9g\u00e9e des signes visibles de photo vieillissement: taches, ridules, d\u00e9shydratation.<br \/>\nINGR\u00c9DIENTS ACTIFS :<br \/>\nes puissants filtres UVA \/ UVB certifi\u00e9s au SPF 50+ offrent une tr\u00e8s haute protection. La peau est parfaitement prot\u00e9g\u00e9e par des filtres de micro-min\u00e9raux dispers\u00e9s, pour un confort sup\u00e9rieur et une finition transparente.Cette formule unique contient \u00e9galement un puissant stimulateur de cellules souches et un acide hyaluronique qui renforcent les propri\u00e9t\u00e9s anti-\u00e2ge.<br \/>\nOxyde de zinc et dioxyde de titane<br \/>\nCes filtres min\u00e9raux constituent une barri\u00e8re physique stable contre les rayons UVB et UVA.<br \/>\nAcide hyaluronique<br \/>\nV\u00e9ritable \u00ab\u00e9ponge mol\u00e9culaire\u00bb, l&rsquo;acide hyaluronique a le pouvoir de retenir jusqu&rsquo;\u00e0 400 fois son poids en eau. HA procure une hydratation et rend la peau plus souple.<br \/>\nAloe vera<br \/>\nApaise la peau, r\u00e9duit l&rsquo;inflammation et stimule la production de collag\u00e8ne pour lutter contre le vieillissement cutan\u00e9.<br \/>\nStimulateur de cellules souches<br \/>\nCe complexe acc\u00e9l\u00e8re la restauration de l&rsquo;\u00e9piderme en att\u00e9nuant l&rsquo;apparence des rides.<br \/>\nCONSEILS D&rsquo;UTILISATION :<br \/>\nAppliquez g\u00e9n\u00e9reusement sur les zones expos\u00e9es au soleil au moins 10 minutes avant l&rsquo;exposition. R\u00e9p\u00e9tez l&rsquo;application fr\u00e9quemment et renouvelez toujours l&rsquo;application apr\u00e8s une exposition \u00e0 l&rsquo;eau.<\/p>\n","protected":false},"excerpt":{"rendered":"<p>DESCRIPTION : Fournit une tr\u00e8s haute protection pour la peau expos\u00e9e aux rayons UV et aide \u00e0 pr\u00e9venir le vieillissement<\/p>\n","protected":false},"featured_media":38646,"comment_status":"open","ping_status":"closed","template":"","meta":[],"product_brand":[366],"product_cat":[666],"product_tag":[],"class_list":{"0":"post-38600","1":"product","2":"type-product","3":"status-publish","4":"has-post-thumbnail","6":"product_brand-dermaceutic","7":"product_cat-cremes-solaires","9":"first","10":"instock","11":"sale","12":"shipping-taxable","13":"purchasable","14":"product-type-simple"},"yoast_head":"<!-- This site is optimized with the Yoast SEO plugin v26.6 - https:\/\/yoast.com\/wordpress\/plugins\/seo\/ -->\r\n<title>DERMACEUTIC SUN CEUTIC 50+CREME SOLAIRE TEINTEE AGE DEFENSE UNIVERSAL SHADE 50ML - Paracherkaoui.ma<\/title>\r\n<meta name=\"robots\" content=\"index, follow, max-snippet:-1, max-image-preview:large, max-video-preview:-1\" \/>\r\n<link rel=\"canonical\" href=\"https:\/\/paracherkaoui.ma\/index.php\/produit\/dermaceutic-sun-ceutic-50creme-solaire-teintee-age-defense-universal-shade-50ml\/\" \/>\r\n<meta property=\"og:locale\" content=\"fr_FR\" \/>\r\n<meta property=\"og:type\" content=\"article\" \/>\r\n<meta property=\"og:title\" content=\"DERMACEUTIC SUN CEUTIC 50+CREME SOLAIRE TEINTEE AGE DEFENSE UNIVERSAL SHADE 50ML - Paracherkaoui.ma\" \/>\r\n<meta property=\"og:description\" content=\"DESCRIPTION : Fournit une tr\u00e8s haute protection pour la peau expos\u00e9e aux rayons UV et aide \u00e0 pr\u00e9venir le vieillissement\" \/>\r\n<meta property=\"og:url\" content=\"https:\/\/paracherkaoui.ma\/index.php\/produit\/dermaceutic-sun-ceutic-50creme-solaire-teintee-age-defense-universal-shade-50ml\/\" \/>\r\n<meta property=\"og:site_name\" content=\"Paracherkaoui.ma\" \/>\r\n<meta property=\"article:modified_time\" content=\"2025-12-12T18:00:44+00:00\" \/>\r\n<meta property=\"og:image\" content=\"https:\/\/paracherkaoui.ma\/wp-content\/uploads\/2025\/12\/dermaceutic-sun-ceutic-50creme-solaire-teintee-age-defense-universal-shade-50ml.jpg\" \/>\r\n\t<meta property=\"og:image:width\" content=\"700\" \/>\r\n\t<meta property=\"og:image:height\" content=\"700\" \/>\r\n\t<meta property=\"og:image:type\" content=\"image\/jpeg\" \/>\r\n<meta name=\"twitter:card\" content=\"summary_large_image\" \/>\r\n<meta name=\"twitter:label1\" content=\"Dur\u00e9e de lecture estim\u00e9e\" \/>\n\t<meta name=\"twitter:data1\" content=\"1 minute\" \/>\r\n<script type=\"application\/ld+json\" class=\"yoast-schema-graph\">{\"@context\":\"https:\/\/schema.org\",\"@graph\":[{\"@type\":\"WebPage\",\"@id\":\"https:\/\/paracherkaoui.ma\/index.php\/produit\/dermaceutic-sun-ceutic-50creme-solaire-teintee-age-defense-universal-shade-50ml\/\",\"url\":\"https:\/\/paracherkaoui.ma\/index.php\/produit\/dermaceutic-sun-ceutic-50creme-solaire-teintee-age-defense-universal-shade-50ml\/\",\"name\":\"DERMACEUTIC SUN CEUTIC 50+CREME SOLAIRE TEINTEE AGE DEFENSE UNIVERSAL SHADE 50ML - Paracherkaoui.ma\",\"isPartOf\":{\"@id\":\"https:\/\/paracherkaoui.ma\/#website\"},\"primaryImageOfPage\":{\"@id\":\"https:\/\/paracherkaoui.ma\/index.php\/produit\/dermaceutic-sun-ceutic-50creme-solaire-teintee-age-defense-universal-shade-50ml\/#primaryimage\"},\"image\":{\"@id\":\"https:\/\/paracherkaoui.ma\/index.php\/produit\/dermaceutic-sun-ceutic-50creme-solaire-teintee-age-defense-universal-shade-50ml\/#primaryimage\"},\"thumbnailUrl\":\"https:\/\/paracherkaoui.ma\/wp-content\/uploads\/2025\/12\/dermaceutic-sun-ceutic-50creme-solaire-teintee-age-defense-universal-shade-50ml.jpg\",\"datePublished\":\"2025-12-12T18:00:40+00:00\",\"dateModified\":\"2025-12-12T18:00:44+00:00\",\"breadcrumb\":{\"@id\":\"https:\/\/paracherkaoui.ma\/index.php\/produit\/dermaceutic-sun-ceutic-50creme-solaire-teintee-age-defense-universal-shade-50ml\/#breadcrumb\"},\"inLanguage\":\"fr-FR\",\"potentialAction\":[{\"@type\":\"ReadAction\",\"target\":[\"https:\/\/paracherkaoui.ma\/index.php\/produit\/dermaceutic-sun-ceutic-50creme-solaire-teintee-age-defense-universal-shade-50ml\/\"]}]},{\"@type\":\"ImageObject\",\"inLanguage\":\"fr-FR\",\"@id\":\"https:\/\/paracherkaoui.ma\/index.php\/produit\/dermaceutic-sun-ceutic-50creme-solaire-teintee-age-defense-universal-shade-50ml\/#primaryimage\",\"url\":\"https:\/\/paracherkaoui.ma\/wp-content\/uploads\/2025\/12\/dermaceutic-sun-ceutic-50creme-solaire-teintee-age-defense-universal-shade-50ml.jpg\",\"contentUrl\":\"https:\/\/paracherkaoui.ma\/wp-content\/uploads\/2025\/12\/dermaceutic-sun-ceutic-50creme-solaire-teintee-age-defense-universal-shade-50ml.jpg\",\"width\":700,\"height\":700},{\"@type\":\"BreadcrumbList\",\"@id\":\"https:\/\/paracherkaoui.ma\/index.php\/produit\/dermaceutic-sun-ceutic-50creme-solaire-teintee-age-defense-universal-shade-50ml\/#breadcrumb\",\"itemListElement\":[{\"@type\":\"ListItem\",\"position\":1,\"name\":\"Accueil\",\"item\":\"https:\/\/paracherkaoui.ma\/\"},{\"@type\":\"ListItem\",\"position\":2,\"name\":\"Boutique\",\"item\":\"https:\/\/paracherkaoui.ma\/index.php\/boutique\/\"},{\"@type\":\"ListItem\",\"position\":3,\"name\":\"DERMACEUTIC SUN CEUTIC 50+CREME SOLAIRE TEINTEE AGE DEFENSE UNIVERSAL SHADE 50ML\"}]},{\"@type\":\"WebSite\",\"@id\":\"https:\/\/paracherkaoui.ma\/#website\",\"url\":\"https:\/\/paracherkaoui.ma\/\",\"name\":\"Paracherkaoui.ma\",\"description\":\"Achetez en ligne sur Paracherkaoui.ma\",\"potentialAction\":[{\"@type\":\"SearchAction\",\"target\":{\"@type\":\"EntryPoint\",\"urlTemplate\":\"https:\/\/paracherkaoui.ma\/?s={search_term_string}\"},\"query-input\":{\"@type\":\"PropertyValueSpecification\",\"valueRequired\":true,\"valueName\":\"search_term_string\"}}],\"inLanguage\":\"fr-FR\"}]}<\/script>\r\n<!-- \/ Yoast SEO plugin. -->","yoast_head_json":{"title":"DERMACEUTIC SUN CEUTIC 50+CREME SOLAIRE TEINTEE AGE DEFENSE UNIVERSAL SHADE 50ML - Paracherkaoui.ma","robots":{"index":"index","follow":"follow","max-snippet":"max-snippet:-1","max-image-preview":"max-image-preview:large","max-video-preview":"max-video-preview:-1"},"canonical":"https:\/\/paracherkaoui.ma\/index.php\/produit\/dermaceutic-sun-ceutic-50creme-solaire-teintee-age-defense-universal-shade-50ml\/","og_locale":"fr_FR","og_type":"article","og_title":"DERMACEUTIC SUN CEUTIC 50+CREME SOLAIRE TEINTEE AGE DEFENSE UNIVERSAL SHADE 50ML - Paracherkaoui.ma","og_description":"DESCRIPTION : Fournit une tr\u00e8s haute protection pour la peau expos\u00e9e aux rayons UV et aide \u00e0 pr\u00e9venir le vieillissement","og_url":"https:\/\/paracherkaoui.ma\/index.php\/produit\/dermaceutic-sun-ceutic-50creme-solaire-teintee-age-defense-universal-shade-50ml\/","og_site_name":"Paracherkaoui.ma","article_modified_time":"2025-12-12T18:00:44+00:00","og_image":[{"width":700,"height":700,"url":"https:\/\/paracherkaoui.ma\/wp-content\/uploads\/2025\/12\/dermaceutic-sun-ceutic-50creme-solaire-teintee-age-defense-universal-shade-50ml.jpg","type":"image\/jpeg"}],"twitter_card":"summary_large_image","twitter_misc":{"Dur\u00e9e de lecture estim\u00e9e":"1 minute"},"schema":{"@context":"https:\/\/schema.org","@graph":[{"@type":"WebPage","@id":"https:\/\/paracherkaoui.ma\/index.php\/produit\/dermaceutic-sun-ceutic-50creme-solaire-teintee-age-defense-universal-shade-50ml\/","url":"https:\/\/paracherkaoui.ma\/index.php\/produit\/dermaceutic-sun-ceutic-50creme-solaire-teintee-age-defense-universal-shade-50ml\/","name":"DERMACEUTIC SUN CEUTIC 50+CREME SOLAIRE TEINTEE AGE DEFENSE UNIVERSAL SHADE 50ML - Paracherkaoui.ma","isPartOf":{"@id":"https:\/\/paracherkaoui.ma\/#website"},"primaryImageOfPage":{"@id":"https:\/\/paracherkaoui.ma\/index.php\/produit\/dermaceutic-sun-ceutic-50creme-solaire-teintee-age-defense-universal-shade-50ml\/#primaryimage"},"image":{"@id":"https:\/\/paracherkaoui.ma\/index.php\/produit\/dermaceutic-sun-ceutic-50creme-solaire-teintee-age-defense-universal-shade-50ml\/#primaryimage"},"thumbnailUrl":"https:\/\/paracherkaoui.ma\/wp-content\/uploads\/2025\/12\/dermaceutic-sun-ceutic-50creme-solaire-teintee-age-defense-universal-shade-50ml.jpg","datePublished":"2025-12-12T18:00:40+00:00","dateModified":"2025-12-12T18:00:44+00:00","breadcrumb":{"@id":"https:\/\/paracherkaoui.ma\/index.php\/produit\/dermaceutic-sun-ceutic-50creme-solaire-teintee-age-defense-universal-shade-50ml\/#breadcrumb"},"inLanguage":"fr-FR","potentialAction":[{"@type":"ReadAction","target":["https:\/\/paracherkaoui.ma\/index.php\/produit\/dermaceutic-sun-ceutic-50creme-solaire-teintee-age-defense-universal-shade-50ml\/"]}]},{"@type":"ImageObject","inLanguage":"fr-FR","@id":"https:\/\/paracherkaoui.ma\/index.php\/produit\/dermaceutic-sun-ceutic-50creme-solaire-teintee-age-defense-universal-shade-50ml\/#primaryimage","url":"https:\/\/paracherkaoui.ma\/wp-content\/uploads\/2025\/12\/dermaceutic-sun-ceutic-50creme-solaire-teintee-age-defense-universal-shade-50ml.jpg","contentUrl":"https:\/\/paracherkaoui.ma\/wp-content\/uploads\/2025\/12\/dermaceutic-sun-ceutic-50creme-solaire-teintee-age-defense-universal-shade-50ml.jpg","width":700,"height":700},{"@type":"BreadcrumbList","@id":"https:\/\/paracherkaoui.ma\/index.php\/produit\/dermaceutic-sun-ceutic-50creme-solaire-teintee-age-defense-universal-shade-50ml\/#breadcrumb","itemListElement":[{"@type":"ListItem","position":1,"name":"Accueil","item":"https:\/\/paracherkaoui.ma\/"},{"@type":"ListItem","position":2,"name":"Boutique","item":"https:\/\/paracherkaoui.ma\/index.php\/boutique\/"},{"@type":"ListItem","position":3,"name":"DERMACEUTIC SUN CEUTIC 50+CREME SOLAIRE TEINTEE AGE DEFENSE UNIVERSAL SHADE 50ML"}]},{"@type":"WebSite","@id":"https:\/\/paracherkaoui.ma\/#website","url":"https:\/\/paracherkaoui.ma\/","name":"Paracherkaoui.ma","description":"Achetez en ligne sur Paracherkaoui.ma","potentialAction":[{"@type":"SearchAction","target":{"@type":"EntryPoint","urlTemplate":"https:\/\/paracherkaoui.ma\/?s={search_term_string}"},"query-input":{"@type":"PropertyValueSpecification","valueRequired":true,"valueName":"search_term_string"}}],"inLanguage":"fr-FR"}]}},"_links":{"self":[{"href":"https:\/\/paracherkaoui.ma\/index.php\/wp-json\/wp\/v2\/product\/38600","targetHints":{"allow":["GET"]}}],"collection":[{"href":"https:\/\/paracherkaoui.ma\/index.php\/wp-json\/wp\/v2\/product"}],"about":[{"href":"https:\/\/paracherkaoui.ma\/index.php\/wp-json\/wp\/v2\/types\/product"}],"replies":[{"embeddable":true,"href":"https:\/\/paracherkaoui.ma\/index.php\/wp-json\/wp\/v2\/comments?post=38600"}],"version-history":[{"count":1,"href":"https:\/\/paracherkaoui.ma\/index.php\/wp-json\/wp\/v2\/product\/38600\/revisions"}],"predecessor-version":[{"id":38647,"href":"https:\/\/paracherkaoui.ma\/index.php\/wp-json\/wp\/v2\/product\/38600\/revisions\/38647"}],"wp:featuredmedia":[{"embeddable":true,"href":"https:\/\/paracherkaoui.ma\/index.php\/wp-json\/wp\/v2\/media\/38646"}],"wp:attachment":[{"href":"https:\/\/paracherkaoui.ma\/index.php\/wp-json\/wp\/v2\/media?parent=38600"}],"wp:term":[{"taxonomy":"product_brand","embeddable":true,"href":"https:\/\/paracherkaoui.ma\/index.php\/wp-json\/wp\/v2\/product_brand?post=38600"},{"taxonomy":"product_cat","embeddable":true,"href":"https:\/\/paracherkaoui.ma\/index.php\/wp-json\/wp\/v2\/product_cat?post=38600"},{"taxonomy":"product_tag","embeddable":true,"href":"https:\/\/paracherkaoui.ma\/index.php\/wp-json\/wp\/v2\/product_tag?post=38600"}],"curies":[{"name":"wp","href":"https:\/\/api.w.org\/{rel}","templated":true}]}}