{"id":38599,"date":"2025-12-12T19:00:40","date_gmt":"2025-12-12T18:00:40","guid":{"rendered":"https:\/\/test.ecbeaute.com\/?post_type=product&#038;p=38599"},"modified":"2025-12-12T19:00:44","modified_gmt":"2025-12-12T18:00:44","slug":"ultrasun-face-gel-ecran-solaire-spf50-40-ml","status":"publish","type":"product","link":"https:\/\/paracherkaoui.ma\/index.php\/produit\/ultrasun-face-gel-ecran-solaire-spf50-40-ml\/","title":{"rendered":"ULTRASUN FACE GEL ECRAN SOLAIRE SPF50+ 40 ML"},"content":{"rendered":"<p>Ultrasun Face Very High SPF 50+ Anti-Ageing Formula offre une protection optimale, en particulier en cas de conditions extr\u00eames n\u00e9cessitant une tr\u00e8s haute protection solaire. Sa formule sp\u00e9ciale aux liposomes hydrate la peau et aide \u00e0 r\u00e9duire les signes du vieillissement, offrant ainsi une protection solaire id\u00e9ale pendant les mois d\u2019\u00e9t\u00e9 et pour de fantastiques vacances \u00e0 l\u2019\u00e9tranger<\/p>\n","protected":false},"excerpt":{"rendered":"<p>Ultrasun Face Very High SPF 50+ Anti-Ageing Formula offre une protection optimale, en particulier en cas de conditions extr\u00eames n\u00e9cessitant<\/p>\n","protected":false},"featured_media":38644,"comment_status":"open","ping_status":"closed","template":"","meta":[],"product_brand":[614],"product_cat":[666],"product_tag":[],"class_list":{"0":"post-38599","1":"product","2":"type-product","3":"status-publish","4":"has-post-thumbnail","6":"product_brand-ultrasun","7":"product_cat-cremes-solaires","9":"first","10":"instock","11":"sale","12":"shipping-taxable","13":"purchasable","14":"product-type-simple"},"yoast_head":"<!-- This site is optimized with the Yoast SEO plugin v26.6 - https:\/\/yoast.com\/wordpress\/plugins\/seo\/ -->\r\n<title>ULTRASUN FACE GEL ECRAN SOLAIRE SPF50+ 40 ML - Paracherkaoui.ma<\/title>\r\n<meta name=\"robots\" content=\"index, follow, max-snippet:-1, max-image-preview:large, max-video-preview:-1\" \/>\r\n<link rel=\"canonical\" href=\"https:\/\/paracherkaoui.ma\/index.php\/produit\/ultrasun-face-gel-ecran-solaire-spf50-40-ml\/\" \/>\r\n<meta property=\"og:locale\" content=\"fr_FR\" \/>\r\n<meta property=\"og:type\" content=\"article\" \/>\r\n<meta property=\"og:title\" content=\"ULTRASUN FACE GEL ECRAN SOLAIRE SPF50+ 40 ML - Paracherkaoui.ma\" \/>\r\n<meta property=\"og:description\" content=\"Ultrasun Face Very High SPF 50+ Anti-Ageing Formula offre une protection optimale, en particulier en cas de conditions extr\u00eames n\u00e9cessitant\" \/>\r\n<meta property=\"og:url\" content=\"https:\/\/paracherkaoui.ma\/index.php\/produit\/ultrasun-face-gel-ecran-solaire-spf50-40-ml\/\" \/>\r\n<meta property=\"og:site_name\" content=\"Paracherkaoui.ma\" \/>\r\n<meta property=\"article:modified_time\" content=\"2025-12-12T18:00:44+00:00\" \/>\r\n<meta property=\"og:image\" content=\"https:\/\/paracherkaoui.ma\/wp-content\/uploads\/2025\/12\/ultrasun-ultrasun-face-gel-ecran-solaire-spf50-40-ml-cremes.jpg\" \/>\r\n\t<meta property=\"og:image:width\" content=\"700\" \/>\r\n\t<meta property=\"og:image:height\" content=\"700\" \/>\r\n\t<meta property=\"og:image:type\" content=\"image\/jpeg\" \/>\r\n<meta name=\"twitter:card\" content=\"summary_large_image\" \/>\r\n<script type=\"application\/ld+json\" class=\"yoast-schema-graph\">{\"@context\":\"https:\/\/schema.org\",\"@graph\":[{\"@type\":\"WebPage\",\"@id\":\"https:\/\/paracherkaoui.ma\/index.php\/produit\/ultrasun-face-gel-ecran-solaire-spf50-40-ml\/\",\"url\":\"https:\/\/paracherkaoui.ma\/index.php\/produit\/ultrasun-face-gel-ecran-solaire-spf50-40-ml\/\",\"name\":\"ULTRASUN FACE GEL ECRAN SOLAIRE SPF50+ 40 ML - Paracherkaoui.ma\",\"isPartOf\":{\"@id\":\"https:\/\/paracherkaoui.ma\/#website\"},\"primaryImageOfPage\":{\"@id\":\"https:\/\/paracherkaoui.ma\/index.php\/produit\/ultrasun-face-gel-ecran-solaire-spf50-40-ml\/#primaryimage\"},\"image\":{\"@id\":\"https:\/\/paracherkaoui.ma\/index.php\/produit\/ultrasun-face-gel-ecran-solaire-spf50-40-ml\/#primaryimage\"},\"thumbnailUrl\":\"https:\/\/paracherkaoui.ma\/wp-content\/uploads\/2025\/12\/ultrasun-ultrasun-face-gel-ecran-solaire-spf50-40-ml-cremes.jpg\",\"datePublished\":\"2025-12-12T18:00:40+00:00\",\"dateModified\":\"2025-12-12T18:00:44+00:00\",\"breadcrumb\":{\"@id\":\"https:\/\/paracherkaoui.ma\/index.php\/produit\/ultrasun-face-gel-ecran-solaire-spf50-40-ml\/#breadcrumb\"},\"inLanguage\":\"fr-FR\",\"potentialAction\":[{\"@type\":\"ReadAction\",\"target\":[\"https:\/\/paracherkaoui.ma\/index.php\/produit\/ultrasun-face-gel-ecran-solaire-spf50-40-ml\/\"]}]},{\"@type\":\"ImageObject\",\"inLanguage\":\"fr-FR\",\"@id\":\"https:\/\/paracherkaoui.ma\/index.php\/produit\/ultrasun-face-gel-ecran-solaire-spf50-40-ml\/#primaryimage\",\"url\":\"https:\/\/paracherkaoui.ma\/wp-content\/uploads\/2025\/12\/ultrasun-ultrasun-face-gel-ecran-solaire-spf50-40-ml-cremes.jpg\",\"contentUrl\":\"https:\/\/paracherkaoui.ma\/wp-content\/uploads\/2025\/12\/ultrasun-ultrasun-face-gel-ecran-solaire-spf50-40-ml-cremes.jpg\",\"width\":700,\"height\":700},{\"@type\":\"BreadcrumbList\",\"@id\":\"https:\/\/paracherkaoui.ma\/index.php\/produit\/ultrasun-face-gel-ecran-solaire-spf50-40-ml\/#breadcrumb\",\"itemListElement\":[{\"@type\":\"ListItem\",\"position\":1,\"name\":\"Accueil\",\"item\":\"https:\/\/paracherkaoui.ma\/\"},{\"@type\":\"ListItem\",\"position\":2,\"name\":\"Boutique\",\"item\":\"https:\/\/paracherkaoui.ma\/index.php\/boutique\/\"},{\"@type\":\"ListItem\",\"position\":3,\"name\":\"ULTRASUN FACE GEL ECRAN SOLAIRE SPF50+ 40 ML\"}]},{\"@type\":\"WebSite\",\"@id\":\"https:\/\/paracherkaoui.ma\/#website\",\"url\":\"https:\/\/paracherkaoui.ma\/\",\"name\":\"Paracherkaoui.ma\",\"description\":\"Achetez en ligne sur Paracherkaoui.ma\",\"potentialAction\":[{\"@type\":\"SearchAction\",\"target\":{\"@type\":\"EntryPoint\",\"urlTemplate\":\"https:\/\/paracherkaoui.ma\/?s={search_term_string}\"},\"query-input\":{\"@type\":\"PropertyValueSpecification\",\"valueRequired\":true,\"valueName\":\"search_term_string\"}}],\"inLanguage\":\"fr-FR\"}]}<\/script>\r\n<!-- \/ Yoast SEO plugin. -->","yoast_head_json":{"title":"ULTRASUN FACE GEL ECRAN SOLAIRE SPF50+ 40 ML - Paracherkaoui.ma","robots":{"index":"index","follow":"follow","max-snippet":"max-snippet:-1","max-image-preview":"max-image-preview:large","max-video-preview":"max-video-preview:-1"},"canonical":"https:\/\/paracherkaoui.ma\/index.php\/produit\/ultrasun-face-gel-ecran-solaire-spf50-40-ml\/","og_locale":"fr_FR","og_type":"article","og_title":"ULTRASUN FACE GEL ECRAN SOLAIRE SPF50+ 40 ML - Paracherkaoui.ma","og_description":"Ultrasun Face Very High SPF 50+ Anti-Ageing Formula offre une protection optimale, en particulier en cas de conditions extr\u00eames n\u00e9cessitant","og_url":"https:\/\/paracherkaoui.ma\/index.php\/produit\/ultrasun-face-gel-ecran-solaire-spf50-40-ml\/","og_site_name":"Paracherkaoui.ma","article_modified_time":"2025-12-12T18:00:44+00:00","og_image":[{"width":700,"height":700,"url":"https:\/\/paracherkaoui.ma\/wp-content\/uploads\/2025\/12\/ultrasun-ultrasun-face-gel-ecran-solaire-spf50-40-ml-cremes.jpg","type":"image\/jpeg"}],"twitter_card":"summary_large_image","schema":{"@context":"https:\/\/schema.org","@graph":[{"@type":"WebPage","@id":"https:\/\/paracherkaoui.ma\/index.php\/produit\/ultrasun-face-gel-ecran-solaire-spf50-40-ml\/","url":"https:\/\/paracherkaoui.ma\/index.php\/produit\/ultrasun-face-gel-ecran-solaire-spf50-40-ml\/","name":"ULTRASUN FACE GEL ECRAN SOLAIRE SPF50+ 40 ML - Paracherkaoui.ma","isPartOf":{"@id":"https:\/\/paracherkaoui.ma\/#website"},"primaryImageOfPage":{"@id":"https:\/\/paracherkaoui.ma\/index.php\/produit\/ultrasun-face-gel-ecran-solaire-spf50-40-ml\/#primaryimage"},"image":{"@id":"https:\/\/paracherkaoui.ma\/index.php\/produit\/ultrasun-face-gel-ecran-solaire-spf50-40-ml\/#primaryimage"},"thumbnailUrl":"https:\/\/paracherkaoui.ma\/wp-content\/uploads\/2025\/12\/ultrasun-ultrasun-face-gel-ecran-solaire-spf50-40-ml-cremes.jpg","datePublished":"2025-12-12T18:00:40+00:00","dateModified":"2025-12-12T18:00:44+00:00","breadcrumb":{"@id":"https:\/\/paracherkaoui.ma\/index.php\/produit\/ultrasun-face-gel-ecran-solaire-spf50-40-ml\/#breadcrumb"},"inLanguage":"fr-FR","potentialAction":[{"@type":"ReadAction","target":["https:\/\/paracherkaoui.ma\/index.php\/produit\/ultrasun-face-gel-ecran-solaire-spf50-40-ml\/"]}]},{"@type":"ImageObject","inLanguage":"fr-FR","@id":"https:\/\/paracherkaoui.ma\/index.php\/produit\/ultrasun-face-gel-ecran-solaire-spf50-40-ml\/#primaryimage","url":"https:\/\/paracherkaoui.ma\/wp-content\/uploads\/2025\/12\/ultrasun-ultrasun-face-gel-ecran-solaire-spf50-40-ml-cremes.jpg","contentUrl":"https:\/\/paracherkaoui.ma\/wp-content\/uploads\/2025\/12\/ultrasun-ultrasun-face-gel-ecran-solaire-spf50-40-ml-cremes.jpg","width":700,"height":700},{"@type":"BreadcrumbList","@id":"https:\/\/paracherkaoui.ma\/index.php\/produit\/ultrasun-face-gel-ecran-solaire-spf50-40-ml\/#breadcrumb","itemListElement":[{"@type":"ListItem","position":1,"name":"Accueil","item":"https:\/\/paracherkaoui.ma\/"},{"@type":"ListItem","position":2,"name":"Boutique","item":"https:\/\/paracherkaoui.ma\/index.php\/boutique\/"},{"@type":"ListItem","position":3,"name":"ULTRASUN FACE GEL ECRAN SOLAIRE SPF50+ 40 ML"}]},{"@type":"WebSite","@id":"https:\/\/paracherkaoui.ma\/#website","url":"https:\/\/paracherkaoui.ma\/","name":"Paracherkaoui.ma","description":"Achetez en ligne sur Paracherkaoui.ma","potentialAction":[{"@type":"SearchAction","target":{"@type":"EntryPoint","urlTemplate":"https:\/\/paracherkaoui.ma\/?s={search_term_string}"},"query-input":{"@type":"PropertyValueSpecification","valueRequired":true,"valueName":"search_term_string"}}],"inLanguage":"fr-FR"}]}},"_links":{"self":[{"href":"https:\/\/paracherkaoui.ma\/index.php\/wp-json\/wp\/v2\/product\/38599","targetHints":{"allow":["GET"]}}],"collection":[{"href":"https:\/\/paracherkaoui.ma\/index.php\/wp-json\/wp\/v2\/product"}],"about":[{"href":"https:\/\/paracherkaoui.ma\/index.php\/wp-json\/wp\/v2\/types\/product"}],"replies":[{"embeddable":true,"href":"https:\/\/paracherkaoui.ma\/index.php\/wp-json\/wp\/v2\/comments?post=38599"}],"version-history":[{"count":1,"href":"https:\/\/paracherkaoui.ma\/index.php\/wp-json\/wp\/v2\/product\/38599\/revisions"}],"predecessor-version":[{"id":38645,"href":"https:\/\/paracherkaoui.ma\/index.php\/wp-json\/wp\/v2\/product\/38599\/revisions\/38645"}],"wp:featuredmedia":[{"embeddable":true,"href":"https:\/\/paracherkaoui.ma\/index.php\/wp-json\/wp\/v2\/media\/38644"}],"wp:attachment":[{"href":"https:\/\/paracherkaoui.ma\/index.php\/wp-json\/wp\/v2\/media?parent=38599"}],"wp:term":[{"taxonomy":"product_brand","embeddable":true,"href":"https:\/\/paracherkaoui.ma\/index.php\/wp-json\/wp\/v2\/product_brand?post=38599"},{"taxonomy":"product_cat","embeddable":true,"href":"https:\/\/paracherkaoui.ma\/index.php\/wp-json\/wp\/v2\/product_cat?post=38599"},{"taxonomy":"product_tag","embeddable":true,"href":"https:\/\/paracherkaoui.ma\/index.php\/wp-json\/wp\/v2\/product_tag?post=38599"}],"curies":[{"name":"wp","href":"https:\/\/api.w.org\/{rel}","templated":true}]}}