{"id":38596,"date":"2025-12-12T19:00:40","date_gmt":"2025-12-12T18:00:40","guid":{"rendered":"https:\/\/test.ecbeaute.com\/?post_type=product&#038;p=38596"},"modified":"2025-12-12T19:00:44","modified_gmt":"2025-12-12T18:00:44","slug":"innoaesthetics-sun-defence-oily-skin-spf-50","status":"publish","type":"product","link":"https:\/\/paracherkaoui.ma\/index.php\/produit\/innoaesthetics-sun-defence-oily-skin-spf-50\/","title":{"rendered":"INNOAESTHETICS SUN DEFENCE OILY SKIN SPF 50+"},"content":{"rendered":"<p>Cr\u00e8me solaire sans huile \u00e0 large spectre pour les peaux grasses qui prot\u00e8ge non seulement des dommages caus\u00e9s par les UVA et les UVB, mais aide \u00e9galement \u00e0 r\u00e9guler la production de s\u00e9bum.<br \/>\nConseils d&rsquo;utilisation:<br \/>\nApply on clean and dry skin 30 minutes before sun exposure. Re-apply regularly to ensure maximum protection.<\/p>\n","protected":false},"excerpt":{"rendered":"<p>Cr\u00e8me solaire sans huile \u00e0 large spectre pour les peaux grasses qui prot\u00e8ge non seulement des dommages caus\u00e9s par les<\/p>\n","protected":false},"featured_media":38638,"comment_status":"open","ping_status":"closed","template":"","meta":[],"product_brand":[407],"product_cat":[666],"product_tag":[],"class_list":{"0":"post-38596","1":"product","2":"type-product","3":"status-publish","4":"has-post-thumbnail","6":"product_brand-innoaesthetics","7":"product_cat-cremes-solaires","9":"first","10":"instock","11":"sale","12":"shipping-taxable","13":"purchasable","14":"product-type-simple"},"yoast_head":"<!-- This site is optimized with the Yoast SEO plugin v26.6 - https:\/\/yoast.com\/wordpress\/plugins\/seo\/ -->\r\n<title>INNOAESTHETICS SUN DEFENCE OILY SKIN SPF 50+ - Paracherkaoui.ma<\/title>\r\n<meta name=\"robots\" content=\"index, follow, max-snippet:-1, max-image-preview:large, max-video-preview:-1\" \/>\r\n<link rel=\"canonical\" href=\"https:\/\/paracherkaoui.ma\/index.php\/produit\/innoaesthetics-sun-defence-oily-skin-spf-50\/\" \/>\r\n<meta property=\"og:locale\" content=\"fr_FR\" \/>\r\n<meta property=\"og:type\" content=\"article\" \/>\r\n<meta property=\"og:title\" content=\"INNOAESTHETICS SUN DEFENCE OILY SKIN SPF 50+ - Paracherkaoui.ma\" \/>\r\n<meta property=\"og:description\" content=\"Cr\u00e8me solaire sans huile \u00e0 large spectre pour les peaux grasses qui prot\u00e8ge non seulement des dommages caus\u00e9s par les\" \/>\r\n<meta property=\"og:url\" content=\"https:\/\/paracherkaoui.ma\/index.php\/produit\/innoaesthetics-sun-defence-oily-skin-spf-50\/\" \/>\r\n<meta property=\"og:site_name\" content=\"Paracherkaoui.ma\" \/>\r\n<meta property=\"article:modified_time\" content=\"2025-12-12T18:00:44+00:00\" \/>\r\n<meta property=\"og:image\" content=\"https:\/\/paracherkaoui.ma\/wp-content\/uploads\/2025\/12\/innoaesthetics-innoaesthetics-sun-defence-oily-skin-spf-50-cremes-solaires.jpg\" \/>\r\n\t<meta property=\"og:image:width\" content=\"700\" \/>\r\n\t<meta property=\"og:image:height\" content=\"700\" \/>\r\n\t<meta property=\"og:image:type\" content=\"image\/jpeg\" \/>\r\n<meta name=\"twitter:card\" content=\"summary_large_image\" \/>\r\n<script type=\"application\/ld+json\" class=\"yoast-schema-graph\">{\"@context\":\"https:\/\/schema.org\",\"@graph\":[{\"@type\":\"WebPage\",\"@id\":\"https:\/\/paracherkaoui.ma\/index.php\/produit\/innoaesthetics-sun-defence-oily-skin-spf-50\/\",\"url\":\"https:\/\/paracherkaoui.ma\/index.php\/produit\/innoaesthetics-sun-defence-oily-skin-spf-50\/\",\"name\":\"INNOAESTHETICS SUN DEFENCE OILY SKIN SPF 50+ - Paracherkaoui.ma\",\"isPartOf\":{\"@id\":\"https:\/\/paracherkaoui.ma\/#website\"},\"primaryImageOfPage\":{\"@id\":\"https:\/\/paracherkaoui.ma\/index.php\/produit\/innoaesthetics-sun-defence-oily-skin-spf-50\/#primaryimage\"},\"image\":{\"@id\":\"https:\/\/paracherkaoui.ma\/index.php\/produit\/innoaesthetics-sun-defence-oily-skin-spf-50\/#primaryimage\"},\"thumbnailUrl\":\"https:\/\/paracherkaoui.ma\/wp-content\/uploads\/2025\/12\/innoaesthetics-innoaesthetics-sun-defence-oily-skin-spf-50-cremes-solaires.jpg\",\"datePublished\":\"2025-12-12T18:00:40+00:00\",\"dateModified\":\"2025-12-12T18:00:44+00:00\",\"breadcrumb\":{\"@id\":\"https:\/\/paracherkaoui.ma\/index.php\/produit\/innoaesthetics-sun-defence-oily-skin-spf-50\/#breadcrumb\"},\"inLanguage\":\"fr-FR\",\"potentialAction\":[{\"@type\":\"ReadAction\",\"target\":[\"https:\/\/paracherkaoui.ma\/index.php\/produit\/innoaesthetics-sun-defence-oily-skin-spf-50\/\"]}]},{\"@type\":\"ImageObject\",\"inLanguage\":\"fr-FR\",\"@id\":\"https:\/\/paracherkaoui.ma\/index.php\/produit\/innoaesthetics-sun-defence-oily-skin-spf-50\/#primaryimage\",\"url\":\"https:\/\/paracherkaoui.ma\/wp-content\/uploads\/2025\/12\/innoaesthetics-innoaesthetics-sun-defence-oily-skin-spf-50-cremes-solaires.jpg\",\"contentUrl\":\"https:\/\/paracherkaoui.ma\/wp-content\/uploads\/2025\/12\/innoaesthetics-innoaesthetics-sun-defence-oily-skin-spf-50-cremes-solaires.jpg\",\"width\":700,\"height\":700},{\"@type\":\"BreadcrumbList\",\"@id\":\"https:\/\/paracherkaoui.ma\/index.php\/produit\/innoaesthetics-sun-defence-oily-skin-spf-50\/#breadcrumb\",\"itemListElement\":[{\"@type\":\"ListItem\",\"position\":1,\"name\":\"Accueil\",\"item\":\"https:\/\/paracherkaoui.ma\/\"},{\"@type\":\"ListItem\",\"position\":2,\"name\":\"Boutique\",\"item\":\"https:\/\/paracherkaoui.ma\/index.php\/boutique\/\"},{\"@type\":\"ListItem\",\"position\":3,\"name\":\"INNOAESTHETICS SUN DEFENCE OILY SKIN SPF 50+\"}]},{\"@type\":\"WebSite\",\"@id\":\"https:\/\/paracherkaoui.ma\/#website\",\"url\":\"https:\/\/paracherkaoui.ma\/\",\"name\":\"Paracherkaoui.ma\",\"description\":\"Achetez en ligne sur Paracherkaoui.ma\",\"potentialAction\":[{\"@type\":\"SearchAction\",\"target\":{\"@type\":\"EntryPoint\",\"urlTemplate\":\"https:\/\/paracherkaoui.ma\/?s={search_term_string}\"},\"query-input\":{\"@type\":\"PropertyValueSpecification\",\"valueRequired\":true,\"valueName\":\"search_term_string\"}}],\"inLanguage\":\"fr-FR\"}]}<\/script>\r\n<!-- \/ Yoast SEO plugin. -->","yoast_head_json":{"title":"INNOAESTHETICS SUN DEFENCE OILY SKIN SPF 50+ - Paracherkaoui.ma","robots":{"index":"index","follow":"follow","max-snippet":"max-snippet:-1","max-image-preview":"max-image-preview:large","max-video-preview":"max-video-preview:-1"},"canonical":"https:\/\/paracherkaoui.ma\/index.php\/produit\/innoaesthetics-sun-defence-oily-skin-spf-50\/","og_locale":"fr_FR","og_type":"article","og_title":"INNOAESTHETICS SUN DEFENCE OILY SKIN SPF 50+ - Paracherkaoui.ma","og_description":"Cr\u00e8me solaire sans huile \u00e0 large spectre pour les peaux grasses qui prot\u00e8ge non seulement des dommages caus\u00e9s par les","og_url":"https:\/\/paracherkaoui.ma\/index.php\/produit\/innoaesthetics-sun-defence-oily-skin-spf-50\/","og_site_name":"Paracherkaoui.ma","article_modified_time":"2025-12-12T18:00:44+00:00","og_image":[{"width":700,"height":700,"url":"https:\/\/paracherkaoui.ma\/wp-content\/uploads\/2025\/12\/innoaesthetics-innoaesthetics-sun-defence-oily-skin-spf-50-cremes-solaires.jpg","type":"image\/jpeg"}],"twitter_card":"summary_large_image","schema":{"@context":"https:\/\/schema.org","@graph":[{"@type":"WebPage","@id":"https:\/\/paracherkaoui.ma\/index.php\/produit\/innoaesthetics-sun-defence-oily-skin-spf-50\/","url":"https:\/\/paracherkaoui.ma\/index.php\/produit\/innoaesthetics-sun-defence-oily-skin-spf-50\/","name":"INNOAESTHETICS SUN DEFENCE OILY SKIN SPF 50+ - Paracherkaoui.ma","isPartOf":{"@id":"https:\/\/paracherkaoui.ma\/#website"},"primaryImageOfPage":{"@id":"https:\/\/paracherkaoui.ma\/index.php\/produit\/innoaesthetics-sun-defence-oily-skin-spf-50\/#primaryimage"},"image":{"@id":"https:\/\/paracherkaoui.ma\/index.php\/produit\/innoaesthetics-sun-defence-oily-skin-spf-50\/#primaryimage"},"thumbnailUrl":"https:\/\/paracherkaoui.ma\/wp-content\/uploads\/2025\/12\/innoaesthetics-innoaesthetics-sun-defence-oily-skin-spf-50-cremes-solaires.jpg","datePublished":"2025-12-12T18:00:40+00:00","dateModified":"2025-12-12T18:00:44+00:00","breadcrumb":{"@id":"https:\/\/paracherkaoui.ma\/index.php\/produit\/innoaesthetics-sun-defence-oily-skin-spf-50\/#breadcrumb"},"inLanguage":"fr-FR","potentialAction":[{"@type":"ReadAction","target":["https:\/\/paracherkaoui.ma\/index.php\/produit\/innoaesthetics-sun-defence-oily-skin-spf-50\/"]}]},{"@type":"ImageObject","inLanguage":"fr-FR","@id":"https:\/\/paracherkaoui.ma\/index.php\/produit\/innoaesthetics-sun-defence-oily-skin-spf-50\/#primaryimage","url":"https:\/\/paracherkaoui.ma\/wp-content\/uploads\/2025\/12\/innoaesthetics-innoaesthetics-sun-defence-oily-skin-spf-50-cremes-solaires.jpg","contentUrl":"https:\/\/paracherkaoui.ma\/wp-content\/uploads\/2025\/12\/innoaesthetics-innoaesthetics-sun-defence-oily-skin-spf-50-cremes-solaires.jpg","width":700,"height":700},{"@type":"BreadcrumbList","@id":"https:\/\/paracherkaoui.ma\/index.php\/produit\/innoaesthetics-sun-defence-oily-skin-spf-50\/#breadcrumb","itemListElement":[{"@type":"ListItem","position":1,"name":"Accueil","item":"https:\/\/paracherkaoui.ma\/"},{"@type":"ListItem","position":2,"name":"Boutique","item":"https:\/\/paracherkaoui.ma\/index.php\/boutique\/"},{"@type":"ListItem","position":3,"name":"INNOAESTHETICS SUN DEFENCE OILY SKIN SPF 50+"}]},{"@type":"WebSite","@id":"https:\/\/paracherkaoui.ma\/#website","url":"https:\/\/paracherkaoui.ma\/","name":"Paracherkaoui.ma","description":"Achetez en ligne sur Paracherkaoui.ma","potentialAction":[{"@type":"SearchAction","target":{"@type":"EntryPoint","urlTemplate":"https:\/\/paracherkaoui.ma\/?s={search_term_string}"},"query-input":{"@type":"PropertyValueSpecification","valueRequired":true,"valueName":"search_term_string"}}],"inLanguage":"fr-FR"}]}},"_links":{"self":[{"href":"https:\/\/paracherkaoui.ma\/index.php\/wp-json\/wp\/v2\/product\/38596","targetHints":{"allow":["GET"]}}],"collection":[{"href":"https:\/\/paracherkaoui.ma\/index.php\/wp-json\/wp\/v2\/product"}],"about":[{"href":"https:\/\/paracherkaoui.ma\/index.php\/wp-json\/wp\/v2\/types\/product"}],"replies":[{"embeddable":true,"href":"https:\/\/paracherkaoui.ma\/index.php\/wp-json\/wp\/v2\/comments?post=38596"}],"version-history":[{"count":1,"href":"https:\/\/paracherkaoui.ma\/index.php\/wp-json\/wp\/v2\/product\/38596\/revisions"}],"predecessor-version":[{"id":38639,"href":"https:\/\/paracherkaoui.ma\/index.php\/wp-json\/wp\/v2\/product\/38596\/revisions\/38639"}],"wp:featuredmedia":[{"embeddable":true,"href":"https:\/\/paracherkaoui.ma\/index.php\/wp-json\/wp\/v2\/media\/38638"}],"wp:attachment":[{"href":"https:\/\/paracherkaoui.ma\/index.php\/wp-json\/wp\/v2\/media?parent=38596"}],"wp:term":[{"taxonomy":"product_brand","embeddable":true,"href":"https:\/\/paracherkaoui.ma\/index.php\/wp-json\/wp\/v2\/product_brand?post=38596"},{"taxonomy":"product_cat","embeddable":true,"href":"https:\/\/paracherkaoui.ma\/index.php\/wp-json\/wp\/v2\/product_cat?post=38596"},{"taxonomy":"product_tag","embeddable":true,"href":"https:\/\/paracherkaoui.ma\/index.php\/wp-json\/wp\/v2\/product_tag?post=38596"}],"curies":[{"name":"wp","href":"https:\/\/api.w.org\/{rel}","templated":true}]}}