{"id":38593,"date":"2025-12-12T19:00:39","date_gmt":"2025-12-12T18:00:39","guid":{"rendered":"https:\/\/test.ecbeaute.com\/?post_type=product&#038;p=38593"},"modified":"2025-12-12T19:00:43","modified_gmt":"2025-12-12T18:00:43","slug":"nuhanciam-fluide-photoprotecteur-50-ml-spf-50","status":"publish","type":"product","link":"https:\/\/paracherkaoui.ma\/index.php\/produit\/nuhanciam-fluide-photoprotecteur-50-ml-spf-50\/","title":{"rendered":"Nuhanciam fluide photoprotecteur 50 ml SPF 50"},"content":{"rendered":"<p>Description:<br \/>\nCe soin est indispensable en cas d\u2019exposition \u00e0 la lumi\u00e8re solaire. La texture l\u00e9g\u00e8re et non grasse ne laisse qu\u2019un toucher velout\u00e9, doux, mat. Elle a \u00e9t\u00e9 con\u00e7ue pour permettre le maquillage. Ce soin est indispensable en cas d\u2019exposition \u00e0 la lumi\u00e8re solaire<br \/>\nPrincipes actifs :<br \/>\nPour assurer la photo protection, ce fluide b\u00e9n\u00e9ficie d\u2019une formulation ing\u00e9nieuse pour agir \u00e0 la surface de la peau.Il associe une combinaison id\u00e9ale de filtres photostables couvrant un tr\u00e8s large spectre \u2013 assurant une protection UVA et UVB contre les taches (pigmentaire, m\u00e9lasme = masque de grossesse) \u2013 et de la vitamine E, puissant anti-oxydant qui va prot\u00e9ger la peau des dommages cutan\u00e9s \u00e0 long terme.<br \/>\nConseils d\u2019application :<br \/>\nSur le soin du jour, appliquer quelques touches du Fluide Photo Protecteur sur le front, les pommettes, le nez, le menton, et aussi toute partie expos\u00e9e \u00e0 la lumi\u00e8re quotidienne, cou, d\u00e9collet\u00e9, mains. Proc\u00e9der en l\u00e9gers massages et terminer par de petits tapotements effectu\u00e9s avec la pulpe de vos doigts: Attendre une minute et proc\u00e9der, si souhait\u00e9 au maquillage. En cas de fort ensoleillement, renouveler fr\u00e9quemment l\u2019application du Fluide Photo Protecteur, en particulier si vous avez transpir\u00e9.<\/p>\n","protected":false},"excerpt":{"rendered":"<p>Description: Ce soin est indispensable en cas d\u2019exposition \u00e0 la lumi\u00e8re solaire. La texture l\u00e9g\u00e8re et non grasse ne laisse<\/p>\n","protected":false},"featured_media":38632,"comment_status":"open","ping_status":"closed","template":"","meta":[],"product_brand":[311],"product_cat":[666],"product_tag":[],"class_list":{"0":"post-38593","1":"product","2":"type-product","3":"status-publish","4":"has-post-thumbnail","6":"product_brand-nuhanciam","7":"product_cat-cremes-solaires","9":"first","10":"instock","11":"sale","12":"shipping-taxable","13":"purchasable","14":"product-type-simple"},"yoast_head":"<!-- This site is optimized with the Yoast SEO plugin v26.6 - https:\/\/yoast.com\/wordpress\/plugins\/seo\/ -->\r\n<title>Nuhanciam fluide photoprotecteur 50 ml SPF 50 - Paracherkaoui.ma<\/title>\r\n<meta name=\"robots\" content=\"index, follow, max-snippet:-1, max-image-preview:large, max-video-preview:-1\" \/>\r\n<link rel=\"canonical\" href=\"https:\/\/paracherkaoui.ma\/index.php\/produit\/nuhanciam-fluide-photoprotecteur-50-ml-spf-50\/\" \/>\r\n<meta property=\"og:locale\" content=\"fr_FR\" \/>\r\n<meta property=\"og:type\" content=\"article\" \/>\r\n<meta property=\"og:title\" content=\"Nuhanciam fluide photoprotecteur 50 ml SPF 50 - Paracherkaoui.ma\" \/>\r\n<meta property=\"og:description\" content=\"Description: Ce soin est indispensable en cas d\u2019exposition \u00e0 la lumi\u00e8re solaire. La texture l\u00e9g\u00e8re et non grasse ne laisse\" \/>\r\n<meta property=\"og:url\" content=\"https:\/\/paracherkaoui.ma\/index.php\/produit\/nuhanciam-fluide-photoprotecteur-50-ml-spf-50\/\" \/>\r\n<meta property=\"og:site_name\" content=\"Paracherkaoui.ma\" \/>\r\n<meta property=\"article:modified_time\" content=\"2025-12-12T18:00:43+00:00\" \/>\r\n<meta property=\"og:image\" content=\"https:\/\/paracherkaoui.ma\/wp-content\/uploads\/2025\/12\/nuhanciam-nuhanciam-fluide-photoprotecteur-50-ml-spf-50-creme-fluide.jpg\" \/>\r\n\t<meta property=\"og:image:width\" content=\"700\" \/>\r\n\t<meta property=\"og:image:height\" content=\"700\" \/>\r\n\t<meta property=\"og:image:type\" content=\"image\/jpeg\" \/>\r\n<meta name=\"twitter:card\" content=\"summary_large_image\" \/>\r\n<meta name=\"twitter:label1\" content=\"Dur\u00e9e de lecture estim\u00e9e\" \/>\n\t<meta name=\"twitter:data1\" content=\"1 minute\" \/>\r\n<script type=\"application\/ld+json\" class=\"yoast-schema-graph\">{\"@context\":\"https:\/\/schema.org\",\"@graph\":[{\"@type\":\"WebPage\",\"@id\":\"https:\/\/paracherkaoui.ma\/index.php\/produit\/nuhanciam-fluide-photoprotecteur-50-ml-spf-50\/\",\"url\":\"https:\/\/paracherkaoui.ma\/index.php\/produit\/nuhanciam-fluide-photoprotecteur-50-ml-spf-50\/\",\"name\":\"Nuhanciam fluide photoprotecteur 50 ml SPF 50 - Paracherkaoui.ma\",\"isPartOf\":{\"@id\":\"https:\/\/paracherkaoui.ma\/#website\"},\"primaryImageOfPage\":{\"@id\":\"https:\/\/paracherkaoui.ma\/index.php\/produit\/nuhanciam-fluide-photoprotecteur-50-ml-spf-50\/#primaryimage\"},\"image\":{\"@id\":\"https:\/\/paracherkaoui.ma\/index.php\/produit\/nuhanciam-fluide-photoprotecteur-50-ml-spf-50\/#primaryimage\"},\"thumbnailUrl\":\"https:\/\/paracherkaoui.ma\/wp-content\/uploads\/2025\/12\/nuhanciam-nuhanciam-fluide-photoprotecteur-50-ml-spf-50-creme-fluide.jpg\",\"datePublished\":\"2025-12-12T18:00:39+00:00\",\"dateModified\":\"2025-12-12T18:00:43+00:00\",\"breadcrumb\":{\"@id\":\"https:\/\/paracherkaoui.ma\/index.php\/produit\/nuhanciam-fluide-photoprotecteur-50-ml-spf-50\/#breadcrumb\"},\"inLanguage\":\"fr-FR\",\"potentialAction\":[{\"@type\":\"ReadAction\",\"target\":[\"https:\/\/paracherkaoui.ma\/index.php\/produit\/nuhanciam-fluide-photoprotecteur-50-ml-spf-50\/\"]}]},{\"@type\":\"ImageObject\",\"inLanguage\":\"fr-FR\",\"@id\":\"https:\/\/paracherkaoui.ma\/index.php\/produit\/nuhanciam-fluide-photoprotecteur-50-ml-spf-50\/#primaryimage\",\"url\":\"https:\/\/paracherkaoui.ma\/wp-content\/uploads\/2025\/12\/nuhanciam-nuhanciam-fluide-photoprotecteur-50-ml-spf-50-creme-fluide.jpg\",\"contentUrl\":\"https:\/\/paracherkaoui.ma\/wp-content\/uploads\/2025\/12\/nuhanciam-nuhanciam-fluide-photoprotecteur-50-ml-spf-50-creme-fluide.jpg\",\"width\":700,\"height\":700},{\"@type\":\"BreadcrumbList\",\"@id\":\"https:\/\/paracherkaoui.ma\/index.php\/produit\/nuhanciam-fluide-photoprotecteur-50-ml-spf-50\/#breadcrumb\",\"itemListElement\":[{\"@type\":\"ListItem\",\"position\":1,\"name\":\"Accueil\",\"item\":\"https:\/\/paracherkaoui.ma\/\"},{\"@type\":\"ListItem\",\"position\":2,\"name\":\"Boutique\",\"item\":\"https:\/\/paracherkaoui.ma\/index.php\/boutique\/\"},{\"@type\":\"ListItem\",\"position\":3,\"name\":\"Nuhanciam fluide photoprotecteur 50 ml SPF 50\"}]},{\"@type\":\"WebSite\",\"@id\":\"https:\/\/paracherkaoui.ma\/#website\",\"url\":\"https:\/\/paracherkaoui.ma\/\",\"name\":\"Paracherkaoui.ma\",\"description\":\"Achetez en ligne sur Paracherkaoui.ma\",\"potentialAction\":[{\"@type\":\"SearchAction\",\"target\":{\"@type\":\"EntryPoint\",\"urlTemplate\":\"https:\/\/paracherkaoui.ma\/?s={search_term_string}\"},\"query-input\":{\"@type\":\"PropertyValueSpecification\",\"valueRequired\":true,\"valueName\":\"search_term_string\"}}],\"inLanguage\":\"fr-FR\"}]}<\/script>\r\n<!-- \/ Yoast SEO plugin. -->","yoast_head_json":{"title":"Nuhanciam fluide photoprotecteur 50 ml SPF 50 - Paracherkaoui.ma","robots":{"index":"index","follow":"follow","max-snippet":"max-snippet:-1","max-image-preview":"max-image-preview:large","max-video-preview":"max-video-preview:-1"},"canonical":"https:\/\/paracherkaoui.ma\/index.php\/produit\/nuhanciam-fluide-photoprotecteur-50-ml-spf-50\/","og_locale":"fr_FR","og_type":"article","og_title":"Nuhanciam fluide photoprotecteur 50 ml SPF 50 - Paracherkaoui.ma","og_description":"Description: Ce soin est indispensable en cas d\u2019exposition \u00e0 la lumi\u00e8re solaire. La texture l\u00e9g\u00e8re et non grasse ne laisse","og_url":"https:\/\/paracherkaoui.ma\/index.php\/produit\/nuhanciam-fluide-photoprotecteur-50-ml-spf-50\/","og_site_name":"Paracherkaoui.ma","article_modified_time":"2025-12-12T18:00:43+00:00","og_image":[{"width":700,"height":700,"url":"https:\/\/paracherkaoui.ma\/wp-content\/uploads\/2025\/12\/nuhanciam-nuhanciam-fluide-photoprotecteur-50-ml-spf-50-creme-fluide.jpg","type":"image\/jpeg"}],"twitter_card":"summary_large_image","twitter_misc":{"Dur\u00e9e de lecture estim\u00e9e":"1 minute"},"schema":{"@context":"https:\/\/schema.org","@graph":[{"@type":"WebPage","@id":"https:\/\/paracherkaoui.ma\/index.php\/produit\/nuhanciam-fluide-photoprotecteur-50-ml-spf-50\/","url":"https:\/\/paracherkaoui.ma\/index.php\/produit\/nuhanciam-fluide-photoprotecteur-50-ml-spf-50\/","name":"Nuhanciam fluide photoprotecteur 50 ml SPF 50 - Paracherkaoui.ma","isPartOf":{"@id":"https:\/\/paracherkaoui.ma\/#website"},"primaryImageOfPage":{"@id":"https:\/\/paracherkaoui.ma\/index.php\/produit\/nuhanciam-fluide-photoprotecteur-50-ml-spf-50\/#primaryimage"},"image":{"@id":"https:\/\/paracherkaoui.ma\/index.php\/produit\/nuhanciam-fluide-photoprotecteur-50-ml-spf-50\/#primaryimage"},"thumbnailUrl":"https:\/\/paracherkaoui.ma\/wp-content\/uploads\/2025\/12\/nuhanciam-nuhanciam-fluide-photoprotecteur-50-ml-spf-50-creme-fluide.jpg","datePublished":"2025-12-12T18:00:39+00:00","dateModified":"2025-12-12T18:00:43+00:00","breadcrumb":{"@id":"https:\/\/paracherkaoui.ma\/index.php\/produit\/nuhanciam-fluide-photoprotecteur-50-ml-spf-50\/#breadcrumb"},"inLanguage":"fr-FR","potentialAction":[{"@type":"ReadAction","target":["https:\/\/paracherkaoui.ma\/index.php\/produit\/nuhanciam-fluide-photoprotecteur-50-ml-spf-50\/"]}]},{"@type":"ImageObject","inLanguage":"fr-FR","@id":"https:\/\/paracherkaoui.ma\/index.php\/produit\/nuhanciam-fluide-photoprotecteur-50-ml-spf-50\/#primaryimage","url":"https:\/\/paracherkaoui.ma\/wp-content\/uploads\/2025\/12\/nuhanciam-nuhanciam-fluide-photoprotecteur-50-ml-spf-50-creme-fluide.jpg","contentUrl":"https:\/\/paracherkaoui.ma\/wp-content\/uploads\/2025\/12\/nuhanciam-nuhanciam-fluide-photoprotecteur-50-ml-spf-50-creme-fluide.jpg","width":700,"height":700},{"@type":"BreadcrumbList","@id":"https:\/\/paracherkaoui.ma\/index.php\/produit\/nuhanciam-fluide-photoprotecteur-50-ml-spf-50\/#breadcrumb","itemListElement":[{"@type":"ListItem","position":1,"name":"Accueil","item":"https:\/\/paracherkaoui.ma\/"},{"@type":"ListItem","position":2,"name":"Boutique","item":"https:\/\/paracherkaoui.ma\/index.php\/boutique\/"},{"@type":"ListItem","position":3,"name":"Nuhanciam fluide photoprotecteur 50 ml SPF 50"}]},{"@type":"WebSite","@id":"https:\/\/paracherkaoui.ma\/#website","url":"https:\/\/paracherkaoui.ma\/","name":"Paracherkaoui.ma","description":"Achetez en ligne sur Paracherkaoui.ma","potentialAction":[{"@type":"SearchAction","target":{"@type":"EntryPoint","urlTemplate":"https:\/\/paracherkaoui.ma\/?s={search_term_string}"},"query-input":{"@type":"PropertyValueSpecification","valueRequired":true,"valueName":"search_term_string"}}],"inLanguage":"fr-FR"}]}},"_links":{"self":[{"href":"https:\/\/paracherkaoui.ma\/index.php\/wp-json\/wp\/v2\/product\/38593","targetHints":{"allow":["GET"]}}],"collection":[{"href":"https:\/\/paracherkaoui.ma\/index.php\/wp-json\/wp\/v2\/product"}],"about":[{"href":"https:\/\/paracherkaoui.ma\/index.php\/wp-json\/wp\/v2\/types\/product"}],"replies":[{"embeddable":true,"href":"https:\/\/paracherkaoui.ma\/index.php\/wp-json\/wp\/v2\/comments?post=38593"}],"version-history":[{"count":1,"href":"https:\/\/paracherkaoui.ma\/index.php\/wp-json\/wp\/v2\/product\/38593\/revisions"}],"predecessor-version":[{"id":38633,"href":"https:\/\/paracherkaoui.ma\/index.php\/wp-json\/wp\/v2\/product\/38593\/revisions\/38633"}],"wp:featuredmedia":[{"embeddable":true,"href":"https:\/\/paracherkaoui.ma\/index.php\/wp-json\/wp\/v2\/media\/38632"}],"wp:attachment":[{"href":"https:\/\/paracherkaoui.ma\/index.php\/wp-json\/wp\/v2\/media?parent=38593"}],"wp:term":[{"taxonomy":"product_brand","embeddable":true,"href":"https:\/\/paracherkaoui.ma\/index.php\/wp-json\/wp\/v2\/product_brand?post=38593"},{"taxonomy":"product_cat","embeddable":true,"href":"https:\/\/paracherkaoui.ma\/index.php\/wp-json\/wp\/v2\/product_cat?post=38593"},{"taxonomy":"product_tag","embeddable":true,"href":"https:\/\/paracherkaoui.ma\/index.php\/wp-json\/wp\/v2\/product_tag?post=38593"}],"curies":[{"name":"wp","href":"https:\/\/api.w.org\/{rel}","templated":true}]}}