{"id":38583,"date":"2025-12-12T19:00:39","date_gmt":"2025-12-12T18:00:39","guid":{"rendered":"https:\/\/test.ecbeaute.com\/?post_type=product&#038;p=38583"},"modified":"2025-12-12T19:00:41","modified_gmt":"2025-12-12T18:00:41","slug":"biarritz-algamaris-creme-solaire-visage-spf30-certifiee-bio","status":"publish","type":"product","link":"https:\/\/paracherkaoui.ma\/index.php\/produit\/biarritz-algamaris-creme-solaire-visage-spf30-certifiee-bio\/","title":{"rendered":"BIARRITZ ALGAMARIS CREME SOLAIRE VISAGE SPF30 CERTIFIEE BIO"},"content":{"rendered":"<p>Description:<br \/>\nLa cr\u00e8me solaire visage SPF30 assure une haute protection solaire naturelle. Ses \u00e9crans min\u00e9raux haute tol\u00e9rance prot\u00e8gent votre peau des rayonnements UVA et UVB. Alga-Gorria, extrait brevet\u00e9 d\u2019algue rouge \u00e0 la puissante action antioxydante, pr\u00e9serve les cellules cutan\u00e9es des effets n\u00e9fastes des radicaux libres, dont le vieillissement pr\u00e9matur\u00e9. La formule non grasse de la cr\u00e8me offre de v\u00e9ritables propri\u00e9t\u00e9s hydratantes et matifiantes en apportant \u00e0 la peau confort et douceur.L\u2019indice SPF30 convient aux peaux tr\u00e8s claires, sensibles ou intol\u00e9rantes au soleil (toujours sujettes aux coups de soleil) et \u00e0 tous les phototypes expos\u00e9s \u00e0 un ensoleillement intense.Sa formule certifi\u00e9e bio* est compos\u00e9e d\u2019ingr\u00e9dients d\u2019origine naturelle. Elle est parfaitement adapt\u00e9e \u00e0 la pratique sportive, m\u00eame extr\u00eame : elle est r\u00e9sistante \u00e0 l\u2019eau et donc \u00e0 la transpiration. Ainsi, le produit ne coule pas dans les yeux et ne cr\u00e9e pas d\u2019irritation. Elle apporte une protection efficace lors de toutes activit\u00e9s ext\u00e9rieures, m\u00eame aquatiques.<\/p>\n","protected":false},"excerpt":{"rendered":"<p>Description: La cr\u00e8me solaire visage SPF30 assure une haute protection solaire naturelle. Ses \u00e9crans min\u00e9raux haute tol\u00e9rance prot\u00e8gent votre peau<\/p>\n","protected":false},"featured_media":38613,"comment_status":"open","ping_status":"closed","template":"","meta":[],"product_brand":[295],"product_cat":[666],"product_tag":[],"class_list":{"0":"post-38583","1":"product","2":"type-product","3":"status-publish","4":"has-post-thumbnail","6":"product_brand-biarritz","7":"product_cat-cremes-solaires","9":"first","10":"instock","11":"shipping-taxable","12":"purchasable","13":"product-type-simple"},"yoast_head":"<!-- This site is optimized with the Yoast SEO plugin v26.6 - https:\/\/yoast.com\/wordpress\/plugins\/seo\/ -->\r\n<title>BIARRITZ ALGAMARIS CREME SOLAIRE VISAGE SPF30 CERTIFIEE BIO - Paracherkaoui.ma<\/title>\r\n<meta name=\"robots\" content=\"index, follow, max-snippet:-1, max-image-preview:large, max-video-preview:-1\" \/>\r\n<link rel=\"canonical\" href=\"https:\/\/paracherkaoui.ma\/index.php\/produit\/biarritz-algamaris-creme-solaire-visage-spf30-certifiee-bio\/\" \/>\r\n<meta property=\"og:locale\" content=\"fr_FR\" \/>\r\n<meta property=\"og:type\" content=\"article\" \/>\r\n<meta property=\"og:title\" content=\"BIARRITZ ALGAMARIS CREME SOLAIRE VISAGE SPF30 CERTIFIEE BIO - Paracherkaoui.ma\" \/>\r\n<meta property=\"og:description\" content=\"Description: La cr\u00e8me solaire visage SPF30 assure une haute protection solaire naturelle. Ses \u00e9crans min\u00e9raux haute tol\u00e9rance prot\u00e8gent votre peau\" \/>\r\n<meta property=\"og:url\" content=\"https:\/\/paracherkaoui.ma\/index.php\/produit\/biarritz-algamaris-creme-solaire-visage-spf30-certifiee-bio\/\" \/>\r\n<meta property=\"og:site_name\" content=\"Paracherkaoui.ma\" \/>\r\n<meta property=\"article:modified_time\" content=\"2025-12-12T18:00:41+00:00\" \/>\r\n<meta property=\"og:image\" content=\"https:\/\/paracherkaoui.ma\/wp-content\/uploads\/2025\/12\/biarritz-algamaris-creme-solaire-visage-spf30-certifiee-bio.jpg\" \/>\r\n\t<meta property=\"og:image:width\" content=\"700\" \/>\r\n\t<meta property=\"og:image:height\" content=\"700\" \/>\r\n\t<meta property=\"og:image:type\" content=\"image\/jpeg\" \/>\r\n<meta name=\"twitter:card\" content=\"summary_large_image\" \/>\r\n<meta name=\"twitter:label1\" content=\"Dur\u00e9e de lecture estim\u00e9e\" \/>\n\t<meta name=\"twitter:data1\" content=\"1 minute\" \/>\r\n<script type=\"application\/ld+json\" class=\"yoast-schema-graph\">{\"@context\":\"https:\/\/schema.org\",\"@graph\":[{\"@type\":\"WebPage\",\"@id\":\"https:\/\/paracherkaoui.ma\/index.php\/produit\/biarritz-algamaris-creme-solaire-visage-spf30-certifiee-bio\/\",\"url\":\"https:\/\/paracherkaoui.ma\/index.php\/produit\/biarritz-algamaris-creme-solaire-visage-spf30-certifiee-bio\/\",\"name\":\"BIARRITZ ALGAMARIS CREME SOLAIRE VISAGE SPF30 CERTIFIEE BIO - Paracherkaoui.ma\",\"isPartOf\":{\"@id\":\"https:\/\/paracherkaoui.ma\/#website\"},\"primaryImageOfPage\":{\"@id\":\"https:\/\/paracherkaoui.ma\/index.php\/produit\/biarritz-algamaris-creme-solaire-visage-spf30-certifiee-bio\/#primaryimage\"},\"image\":{\"@id\":\"https:\/\/paracherkaoui.ma\/index.php\/produit\/biarritz-algamaris-creme-solaire-visage-spf30-certifiee-bio\/#primaryimage\"},\"thumbnailUrl\":\"https:\/\/paracherkaoui.ma\/wp-content\/uploads\/2025\/12\/biarritz-algamaris-creme-solaire-visage-spf30-certifiee-bio.jpg\",\"datePublished\":\"2025-12-12T18:00:39+00:00\",\"dateModified\":\"2025-12-12T18:00:41+00:00\",\"breadcrumb\":{\"@id\":\"https:\/\/paracherkaoui.ma\/index.php\/produit\/biarritz-algamaris-creme-solaire-visage-spf30-certifiee-bio\/#breadcrumb\"},\"inLanguage\":\"fr-FR\",\"potentialAction\":[{\"@type\":\"ReadAction\",\"target\":[\"https:\/\/paracherkaoui.ma\/index.php\/produit\/biarritz-algamaris-creme-solaire-visage-spf30-certifiee-bio\/\"]}]},{\"@type\":\"ImageObject\",\"inLanguage\":\"fr-FR\",\"@id\":\"https:\/\/paracherkaoui.ma\/index.php\/produit\/biarritz-algamaris-creme-solaire-visage-spf30-certifiee-bio\/#primaryimage\",\"url\":\"https:\/\/paracherkaoui.ma\/wp-content\/uploads\/2025\/12\/biarritz-algamaris-creme-solaire-visage-spf30-certifiee-bio.jpg\",\"contentUrl\":\"https:\/\/paracherkaoui.ma\/wp-content\/uploads\/2025\/12\/biarritz-algamaris-creme-solaire-visage-spf30-certifiee-bio.jpg\",\"width\":700,\"height\":700},{\"@type\":\"BreadcrumbList\",\"@id\":\"https:\/\/paracherkaoui.ma\/index.php\/produit\/biarritz-algamaris-creme-solaire-visage-spf30-certifiee-bio\/#breadcrumb\",\"itemListElement\":[{\"@type\":\"ListItem\",\"position\":1,\"name\":\"Accueil\",\"item\":\"https:\/\/paracherkaoui.ma\/\"},{\"@type\":\"ListItem\",\"position\":2,\"name\":\"Boutique\",\"item\":\"https:\/\/paracherkaoui.ma\/index.php\/boutique\/\"},{\"@type\":\"ListItem\",\"position\":3,\"name\":\"BIARRITZ ALGAMARIS CREME SOLAIRE VISAGE SPF30 CERTIFIEE BIO\"}]},{\"@type\":\"WebSite\",\"@id\":\"https:\/\/paracherkaoui.ma\/#website\",\"url\":\"https:\/\/paracherkaoui.ma\/\",\"name\":\"Paracherkaoui.ma\",\"description\":\"Achetez en ligne sur Paracherkaoui.ma\",\"potentialAction\":[{\"@type\":\"SearchAction\",\"target\":{\"@type\":\"EntryPoint\",\"urlTemplate\":\"https:\/\/paracherkaoui.ma\/?s={search_term_string}\"},\"query-input\":{\"@type\":\"PropertyValueSpecification\",\"valueRequired\":true,\"valueName\":\"search_term_string\"}}],\"inLanguage\":\"fr-FR\"}]}<\/script>\r\n<!-- \/ Yoast SEO plugin. -->","yoast_head_json":{"title":"BIARRITZ ALGAMARIS CREME SOLAIRE VISAGE SPF30 CERTIFIEE BIO - Paracherkaoui.ma","robots":{"index":"index","follow":"follow","max-snippet":"max-snippet:-1","max-image-preview":"max-image-preview:large","max-video-preview":"max-video-preview:-1"},"canonical":"https:\/\/paracherkaoui.ma\/index.php\/produit\/biarritz-algamaris-creme-solaire-visage-spf30-certifiee-bio\/","og_locale":"fr_FR","og_type":"article","og_title":"BIARRITZ ALGAMARIS CREME SOLAIRE VISAGE SPF30 CERTIFIEE BIO - Paracherkaoui.ma","og_description":"Description: La cr\u00e8me solaire visage SPF30 assure une haute protection solaire naturelle. Ses \u00e9crans min\u00e9raux haute tol\u00e9rance prot\u00e8gent votre peau","og_url":"https:\/\/paracherkaoui.ma\/index.php\/produit\/biarritz-algamaris-creme-solaire-visage-spf30-certifiee-bio\/","og_site_name":"Paracherkaoui.ma","article_modified_time":"2025-12-12T18:00:41+00:00","og_image":[{"width":700,"height":700,"url":"https:\/\/paracherkaoui.ma\/wp-content\/uploads\/2025\/12\/biarritz-algamaris-creme-solaire-visage-spf30-certifiee-bio.jpg","type":"image\/jpeg"}],"twitter_card":"summary_large_image","twitter_misc":{"Dur\u00e9e de lecture estim\u00e9e":"1 minute"},"schema":{"@context":"https:\/\/schema.org","@graph":[{"@type":"WebPage","@id":"https:\/\/paracherkaoui.ma\/index.php\/produit\/biarritz-algamaris-creme-solaire-visage-spf30-certifiee-bio\/","url":"https:\/\/paracherkaoui.ma\/index.php\/produit\/biarritz-algamaris-creme-solaire-visage-spf30-certifiee-bio\/","name":"BIARRITZ ALGAMARIS CREME SOLAIRE VISAGE SPF30 CERTIFIEE BIO - Paracherkaoui.ma","isPartOf":{"@id":"https:\/\/paracherkaoui.ma\/#website"},"primaryImageOfPage":{"@id":"https:\/\/paracherkaoui.ma\/index.php\/produit\/biarritz-algamaris-creme-solaire-visage-spf30-certifiee-bio\/#primaryimage"},"image":{"@id":"https:\/\/paracherkaoui.ma\/index.php\/produit\/biarritz-algamaris-creme-solaire-visage-spf30-certifiee-bio\/#primaryimage"},"thumbnailUrl":"https:\/\/paracherkaoui.ma\/wp-content\/uploads\/2025\/12\/biarritz-algamaris-creme-solaire-visage-spf30-certifiee-bio.jpg","datePublished":"2025-12-12T18:00:39+00:00","dateModified":"2025-12-12T18:00:41+00:00","breadcrumb":{"@id":"https:\/\/paracherkaoui.ma\/index.php\/produit\/biarritz-algamaris-creme-solaire-visage-spf30-certifiee-bio\/#breadcrumb"},"inLanguage":"fr-FR","potentialAction":[{"@type":"ReadAction","target":["https:\/\/paracherkaoui.ma\/index.php\/produit\/biarritz-algamaris-creme-solaire-visage-spf30-certifiee-bio\/"]}]},{"@type":"ImageObject","inLanguage":"fr-FR","@id":"https:\/\/paracherkaoui.ma\/index.php\/produit\/biarritz-algamaris-creme-solaire-visage-spf30-certifiee-bio\/#primaryimage","url":"https:\/\/paracherkaoui.ma\/wp-content\/uploads\/2025\/12\/biarritz-algamaris-creme-solaire-visage-spf30-certifiee-bio.jpg","contentUrl":"https:\/\/paracherkaoui.ma\/wp-content\/uploads\/2025\/12\/biarritz-algamaris-creme-solaire-visage-spf30-certifiee-bio.jpg","width":700,"height":700},{"@type":"BreadcrumbList","@id":"https:\/\/paracherkaoui.ma\/index.php\/produit\/biarritz-algamaris-creme-solaire-visage-spf30-certifiee-bio\/#breadcrumb","itemListElement":[{"@type":"ListItem","position":1,"name":"Accueil","item":"https:\/\/paracherkaoui.ma\/"},{"@type":"ListItem","position":2,"name":"Boutique","item":"https:\/\/paracherkaoui.ma\/index.php\/boutique\/"},{"@type":"ListItem","position":3,"name":"BIARRITZ ALGAMARIS CREME SOLAIRE VISAGE SPF30 CERTIFIEE BIO"}]},{"@type":"WebSite","@id":"https:\/\/paracherkaoui.ma\/#website","url":"https:\/\/paracherkaoui.ma\/","name":"Paracherkaoui.ma","description":"Achetez en ligne sur Paracherkaoui.ma","potentialAction":[{"@type":"SearchAction","target":{"@type":"EntryPoint","urlTemplate":"https:\/\/paracherkaoui.ma\/?s={search_term_string}"},"query-input":{"@type":"PropertyValueSpecification","valueRequired":true,"valueName":"search_term_string"}}],"inLanguage":"fr-FR"}]}},"_links":{"self":[{"href":"https:\/\/paracherkaoui.ma\/index.php\/wp-json\/wp\/v2\/product\/38583","targetHints":{"allow":["GET"]}}],"collection":[{"href":"https:\/\/paracherkaoui.ma\/index.php\/wp-json\/wp\/v2\/product"}],"about":[{"href":"https:\/\/paracherkaoui.ma\/index.php\/wp-json\/wp\/v2\/types\/product"}],"replies":[{"embeddable":true,"href":"https:\/\/paracherkaoui.ma\/index.php\/wp-json\/wp\/v2\/comments?post=38583"}],"version-history":[{"count":1,"href":"https:\/\/paracherkaoui.ma\/index.php\/wp-json\/wp\/v2\/product\/38583\/revisions"}],"predecessor-version":[{"id":38614,"href":"https:\/\/paracherkaoui.ma\/index.php\/wp-json\/wp\/v2\/product\/38583\/revisions\/38614"}],"wp:featuredmedia":[{"embeddable":true,"href":"https:\/\/paracherkaoui.ma\/index.php\/wp-json\/wp\/v2\/media\/38613"}],"wp:attachment":[{"href":"https:\/\/paracherkaoui.ma\/index.php\/wp-json\/wp\/v2\/media?parent=38583"}],"wp:term":[{"taxonomy":"product_brand","embeddable":true,"href":"https:\/\/paracherkaoui.ma\/index.php\/wp-json\/wp\/v2\/product_brand?post=38583"},{"taxonomy":"product_cat","embeddable":true,"href":"https:\/\/paracherkaoui.ma\/index.php\/wp-json\/wp\/v2\/product_cat?post=38583"},{"taxonomy":"product_tag","embeddable":true,"href":"https:\/\/paracherkaoui.ma\/index.php\/wp-json\/wp\/v2\/product_tag?post=38583"}],"curies":[{"name":"wp","href":"https:\/\/api.w.org\/{rel}","templated":true}]}}