{"id":38432,"date":"2025-12-12T19:00:20","date_gmt":"2025-12-12T18:00:20","guid":{"rendered":"https:\/\/test.ecbeaute.com\/?post_type=product&#038;p=38432"},"modified":"2025-12-12T19:00:27","modified_gmt":"2025-12-12T18:00:27","slug":"hc-paris-df-creme-solaire-spf-50","status":"publish","type":"product","link":"https:\/\/paracherkaoui.ma\/index.php\/produit\/hc-paris-df-creme-solaire-spf-50\/","title":{"rendered":"HC PARIS DF CREME SOLAIRE SPF 50+"},"content":{"rendered":"<p>Enrichie en vitamine E, reconnue pour ses propri\u00e9t\u00e9s hydratantes* et anti\u2013radicalaires, la peau est prot\u00e9g\u00e9e des agressions ext\u00e9rieures et lui permet de conserver souplesse et douceur. La pr\u00e9sence de l\u2019Extrait d\u2019Immortelle bleue dans la Cr\u00e8me solaire DF apporte des effets anti-radicalaires et anti oxydantes pr\u00e9servant le capital soleil de votre peau.<br \/>\nLa formule unique de DF Soin Solaire Cr\u00e8me, contenant des antioxydants tr\u00e8s puissants et un syst\u00e8me filtrant \u00e0 large spectre, va aider aussi \u00e0 lutter contre le vieillissement pr\u00e9matur\u00e9 de la peau et \u00e0 limiter l\u2019apparition des taches brunes et donc pr\u00e9server le capital jeunesse.<br \/>\nSa texture fluide est rapidement absorb\u00e9e sans laisser de film gras ou collant, ni de traces blanches. (* hydratation des couches sup\u00e9rieures de l\u2019\u00e9piderme)<br \/>\nConseils d&rsquo;utilisation:<br \/>\nAppliquer une dose suffisante et homog\u00e8ne sur le visage et zones fragiles apr\u00e8s votre soin de jour et avant exposition au soleil. En r\u00e9duisant cette quantit\u00e9, vous diminuerez nettement le niveau de protection. Renouvelez fr\u00e9quemment l\u2019application pour maintenir la protection, surtout apr\u00e8s avoir transpir\u00e9, avoir nag\u00e9 ou vous \u00eatre essuy\u00e9.<\/p>\n","protected":false},"excerpt":{"rendered":"<p>Enrichie en vitamine E, reconnue pour ses propri\u00e9t\u00e9s hydratantes* et anti\u2013radicalaires, la peau est prot\u00e9g\u00e9e des agressions ext\u00e9rieures et lui<\/p>\n","protected":false},"featured_media":38486,"comment_status":"open","ping_status":"closed","template":"","meta":[],"product_brand":[674],"product_cat":[666],"product_tag":[],"class_list":{"0":"post-38432","1":"product","2":"type-product","3":"status-publish","4":"has-post-thumbnail","6":"product_brand-hc-paris","7":"product_cat-cremes-solaires","9":"first","10":"instock","11":"sale","12":"shipping-taxable","13":"purchasable","14":"product-type-simple"},"yoast_head":"<!-- This site is optimized with the Yoast SEO plugin v26.6 - https:\/\/yoast.com\/wordpress\/plugins\/seo\/ -->\r\n<title>HC PARIS DF CREME SOLAIRE SPF 50+ - Paracherkaoui.ma<\/title>\r\n<meta name=\"robots\" content=\"index, follow, max-snippet:-1, max-image-preview:large, max-video-preview:-1\" \/>\r\n<link rel=\"canonical\" href=\"https:\/\/paracherkaoui.ma\/index.php\/produit\/hc-paris-df-creme-solaire-spf-50\/\" \/>\r\n<meta property=\"og:locale\" content=\"fr_FR\" \/>\r\n<meta property=\"og:type\" content=\"article\" \/>\r\n<meta property=\"og:title\" content=\"HC PARIS DF CREME SOLAIRE SPF 50+ - Paracherkaoui.ma\" \/>\r\n<meta property=\"og:description\" content=\"Enrichie en vitamine E, reconnue pour ses propri\u00e9t\u00e9s hydratantes* et anti\u2013radicalaires, la peau est prot\u00e9g\u00e9e des agressions ext\u00e9rieures et lui\" \/>\r\n<meta property=\"og:url\" content=\"https:\/\/paracherkaoui.ma\/index.php\/produit\/hc-paris-df-creme-solaire-spf-50\/\" \/>\r\n<meta property=\"og:site_name\" content=\"Paracherkaoui.ma\" \/>\r\n<meta property=\"article:modified_time\" content=\"2025-12-12T18:00:27+00:00\" \/>\r\n<meta property=\"og:image\" content=\"https:\/\/paracherkaoui.ma\/wp-content\/uploads\/2025\/12\/hc-paris-hc-paris-df-creme-solaire-spf-50-cremes.jpg\" \/>\r\n\t<meta property=\"og:image:width\" content=\"700\" \/>\r\n\t<meta property=\"og:image:height\" content=\"700\" \/>\r\n\t<meta property=\"og:image:type\" content=\"image\/jpeg\" \/>\r\n<meta name=\"twitter:card\" content=\"summary_large_image\" \/>\r\n<meta name=\"twitter:label1\" content=\"Dur\u00e9e de lecture estim\u00e9e\" \/>\n\t<meta name=\"twitter:data1\" content=\"1 minute\" \/>\r\n<script type=\"application\/ld+json\" class=\"yoast-schema-graph\">{\"@context\":\"https:\/\/schema.org\",\"@graph\":[{\"@type\":\"WebPage\",\"@id\":\"https:\/\/paracherkaoui.ma\/index.php\/produit\/hc-paris-df-creme-solaire-spf-50\/\",\"url\":\"https:\/\/paracherkaoui.ma\/index.php\/produit\/hc-paris-df-creme-solaire-spf-50\/\",\"name\":\"HC PARIS DF CREME SOLAIRE SPF 50+ - Paracherkaoui.ma\",\"isPartOf\":{\"@id\":\"https:\/\/paracherkaoui.ma\/#website\"},\"primaryImageOfPage\":{\"@id\":\"https:\/\/paracherkaoui.ma\/index.php\/produit\/hc-paris-df-creme-solaire-spf-50\/#primaryimage\"},\"image\":{\"@id\":\"https:\/\/paracherkaoui.ma\/index.php\/produit\/hc-paris-df-creme-solaire-spf-50\/#primaryimage\"},\"thumbnailUrl\":\"https:\/\/paracherkaoui.ma\/wp-content\/uploads\/2025\/12\/hc-paris-hc-paris-df-creme-solaire-spf-50-cremes.jpg\",\"datePublished\":\"2025-12-12T18:00:20+00:00\",\"dateModified\":\"2025-12-12T18:00:27+00:00\",\"breadcrumb\":{\"@id\":\"https:\/\/paracherkaoui.ma\/index.php\/produit\/hc-paris-df-creme-solaire-spf-50\/#breadcrumb\"},\"inLanguage\":\"fr-FR\",\"potentialAction\":[{\"@type\":\"ReadAction\",\"target\":[\"https:\/\/paracherkaoui.ma\/index.php\/produit\/hc-paris-df-creme-solaire-spf-50\/\"]}]},{\"@type\":\"ImageObject\",\"inLanguage\":\"fr-FR\",\"@id\":\"https:\/\/paracherkaoui.ma\/index.php\/produit\/hc-paris-df-creme-solaire-spf-50\/#primaryimage\",\"url\":\"https:\/\/paracherkaoui.ma\/wp-content\/uploads\/2025\/12\/hc-paris-hc-paris-df-creme-solaire-spf-50-cremes.jpg\",\"contentUrl\":\"https:\/\/paracherkaoui.ma\/wp-content\/uploads\/2025\/12\/hc-paris-hc-paris-df-creme-solaire-spf-50-cremes.jpg\",\"width\":700,\"height\":700},{\"@type\":\"BreadcrumbList\",\"@id\":\"https:\/\/paracherkaoui.ma\/index.php\/produit\/hc-paris-df-creme-solaire-spf-50\/#breadcrumb\",\"itemListElement\":[{\"@type\":\"ListItem\",\"position\":1,\"name\":\"Accueil\",\"item\":\"https:\/\/paracherkaoui.ma\/\"},{\"@type\":\"ListItem\",\"position\":2,\"name\":\"Boutique\",\"item\":\"https:\/\/paracherkaoui.ma\/index.php\/boutique\/\"},{\"@type\":\"ListItem\",\"position\":3,\"name\":\"HC PARIS DF CREME SOLAIRE SPF 50+\"}]},{\"@type\":\"WebSite\",\"@id\":\"https:\/\/paracherkaoui.ma\/#website\",\"url\":\"https:\/\/paracherkaoui.ma\/\",\"name\":\"Paracherkaoui.ma\",\"description\":\"Achetez en ligne sur Paracherkaoui.ma\",\"potentialAction\":[{\"@type\":\"SearchAction\",\"target\":{\"@type\":\"EntryPoint\",\"urlTemplate\":\"https:\/\/paracherkaoui.ma\/?s={search_term_string}\"},\"query-input\":{\"@type\":\"PropertyValueSpecification\",\"valueRequired\":true,\"valueName\":\"search_term_string\"}}],\"inLanguage\":\"fr-FR\"}]}<\/script>\r\n<!-- \/ Yoast SEO plugin. -->","yoast_head_json":{"title":"HC PARIS DF CREME SOLAIRE SPF 50+ - Paracherkaoui.ma","robots":{"index":"index","follow":"follow","max-snippet":"max-snippet:-1","max-image-preview":"max-image-preview:large","max-video-preview":"max-video-preview:-1"},"canonical":"https:\/\/paracherkaoui.ma\/index.php\/produit\/hc-paris-df-creme-solaire-spf-50\/","og_locale":"fr_FR","og_type":"article","og_title":"HC PARIS DF CREME SOLAIRE SPF 50+ - Paracherkaoui.ma","og_description":"Enrichie en vitamine E, reconnue pour ses propri\u00e9t\u00e9s hydratantes* et anti\u2013radicalaires, la peau est prot\u00e9g\u00e9e des agressions ext\u00e9rieures et lui","og_url":"https:\/\/paracherkaoui.ma\/index.php\/produit\/hc-paris-df-creme-solaire-spf-50\/","og_site_name":"Paracherkaoui.ma","article_modified_time":"2025-12-12T18:00:27+00:00","og_image":[{"width":700,"height":700,"url":"https:\/\/paracherkaoui.ma\/wp-content\/uploads\/2025\/12\/hc-paris-hc-paris-df-creme-solaire-spf-50-cremes.jpg","type":"image\/jpeg"}],"twitter_card":"summary_large_image","twitter_misc":{"Dur\u00e9e de lecture estim\u00e9e":"1 minute"},"schema":{"@context":"https:\/\/schema.org","@graph":[{"@type":"WebPage","@id":"https:\/\/paracherkaoui.ma\/index.php\/produit\/hc-paris-df-creme-solaire-spf-50\/","url":"https:\/\/paracherkaoui.ma\/index.php\/produit\/hc-paris-df-creme-solaire-spf-50\/","name":"HC PARIS DF CREME SOLAIRE SPF 50+ - Paracherkaoui.ma","isPartOf":{"@id":"https:\/\/paracherkaoui.ma\/#website"},"primaryImageOfPage":{"@id":"https:\/\/paracherkaoui.ma\/index.php\/produit\/hc-paris-df-creme-solaire-spf-50\/#primaryimage"},"image":{"@id":"https:\/\/paracherkaoui.ma\/index.php\/produit\/hc-paris-df-creme-solaire-spf-50\/#primaryimage"},"thumbnailUrl":"https:\/\/paracherkaoui.ma\/wp-content\/uploads\/2025\/12\/hc-paris-hc-paris-df-creme-solaire-spf-50-cremes.jpg","datePublished":"2025-12-12T18:00:20+00:00","dateModified":"2025-12-12T18:00:27+00:00","breadcrumb":{"@id":"https:\/\/paracherkaoui.ma\/index.php\/produit\/hc-paris-df-creme-solaire-spf-50\/#breadcrumb"},"inLanguage":"fr-FR","potentialAction":[{"@type":"ReadAction","target":["https:\/\/paracherkaoui.ma\/index.php\/produit\/hc-paris-df-creme-solaire-spf-50\/"]}]},{"@type":"ImageObject","inLanguage":"fr-FR","@id":"https:\/\/paracherkaoui.ma\/index.php\/produit\/hc-paris-df-creme-solaire-spf-50\/#primaryimage","url":"https:\/\/paracherkaoui.ma\/wp-content\/uploads\/2025\/12\/hc-paris-hc-paris-df-creme-solaire-spf-50-cremes.jpg","contentUrl":"https:\/\/paracherkaoui.ma\/wp-content\/uploads\/2025\/12\/hc-paris-hc-paris-df-creme-solaire-spf-50-cremes.jpg","width":700,"height":700},{"@type":"BreadcrumbList","@id":"https:\/\/paracherkaoui.ma\/index.php\/produit\/hc-paris-df-creme-solaire-spf-50\/#breadcrumb","itemListElement":[{"@type":"ListItem","position":1,"name":"Accueil","item":"https:\/\/paracherkaoui.ma\/"},{"@type":"ListItem","position":2,"name":"Boutique","item":"https:\/\/paracherkaoui.ma\/index.php\/boutique\/"},{"@type":"ListItem","position":3,"name":"HC PARIS DF CREME SOLAIRE SPF 50+"}]},{"@type":"WebSite","@id":"https:\/\/paracherkaoui.ma\/#website","url":"https:\/\/paracherkaoui.ma\/","name":"Paracherkaoui.ma","description":"Achetez en ligne sur Paracherkaoui.ma","potentialAction":[{"@type":"SearchAction","target":{"@type":"EntryPoint","urlTemplate":"https:\/\/paracherkaoui.ma\/?s={search_term_string}"},"query-input":{"@type":"PropertyValueSpecification","valueRequired":true,"valueName":"search_term_string"}}],"inLanguage":"fr-FR"}]}},"_links":{"self":[{"href":"https:\/\/paracherkaoui.ma\/index.php\/wp-json\/wp\/v2\/product\/38432","targetHints":{"allow":["GET"]}}],"collection":[{"href":"https:\/\/paracherkaoui.ma\/index.php\/wp-json\/wp\/v2\/product"}],"about":[{"href":"https:\/\/paracherkaoui.ma\/index.php\/wp-json\/wp\/v2\/types\/product"}],"replies":[{"embeddable":true,"href":"https:\/\/paracherkaoui.ma\/index.php\/wp-json\/wp\/v2\/comments?post=38432"}],"version-history":[{"count":1,"href":"https:\/\/paracherkaoui.ma\/index.php\/wp-json\/wp\/v2\/product\/38432\/revisions"}],"predecessor-version":[{"id":38487,"href":"https:\/\/paracherkaoui.ma\/index.php\/wp-json\/wp\/v2\/product\/38432\/revisions\/38487"}],"wp:featuredmedia":[{"embeddable":true,"href":"https:\/\/paracherkaoui.ma\/index.php\/wp-json\/wp\/v2\/media\/38486"}],"wp:attachment":[{"href":"https:\/\/paracherkaoui.ma\/index.php\/wp-json\/wp\/v2\/media?parent=38432"}],"wp:term":[{"taxonomy":"product_brand","embeddable":true,"href":"https:\/\/paracherkaoui.ma\/index.php\/wp-json\/wp\/v2\/product_brand?post=38432"},{"taxonomy":"product_cat","embeddable":true,"href":"https:\/\/paracherkaoui.ma\/index.php\/wp-json\/wp\/v2\/product_cat?post=38432"},{"taxonomy":"product_tag","embeddable":true,"href":"https:\/\/paracherkaoui.ma\/index.php\/wp-json\/wp\/v2\/product_tag?post=38432"}],"curies":[{"name":"wp","href":"https:\/\/api.w.org\/{rel}","templated":true}]}}