{"id":38419,"date":"2025-12-12T19:00:19","date_gmt":"2025-12-12T18:00:19","guid":{"rendered":"https:\/\/test.ecbeaute.com\/?post_type=product&#038;p=38419"},"modified":"2025-12-12T19:00:24","modified_gmt":"2025-12-12T18:00:24","slug":"curaskin-uvrestore-spf50-creme-cicatrisante-et-protectrice-50ml","status":"publish","type":"product","link":"https:\/\/paracherkaoui.ma\/index.php\/produit\/curaskin-uvrestore-spf50-creme-cicatrisante-et-protectrice-50ml\/","title":{"rendered":"CURASKIN UVRESTORE SPF50+ CREME CICATRISANTE ET PROTECTRICE 50ML"},"content":{"rendered":"<p>Curaskin, expert en dermo-cosm\u00e9tique, a formul\u00e9 cette cr\u00e8me pour une action compl\u00e8te et une efficacit\u00e9 prouv\u00e9e :<br \/>\nTr\u00e8s Haute Protection SPF50+ : Un Bouclier contre les Dangers du Soleil ! La force de ce produit r\u00e9side dans son bouclier ultra-performant. La cr\u00e8me UVRESTORE offre une tr\u00e8s haute protection SPF 50+, garantissant une d\u00e9fense efficace contre le spectre complet des rayons UVA\/UVB. C&rsquo;est la protection id\u00e9ale pour les peaux les plus vuln\u00e9rables, pour pr\u00e9venir les dommages solaires et prot\u00e9ger les zones fragiles, comme les cicatrices ou les zones post-op\u00e9ratoires.<br \/>\nPouvoir R\u00e9parateur et Apaisant : Le Soin au C\u0153ur de la Protection ! Ce n&rsquo;est pas une simple cr\u00e8me solaire, c&rsquo;est un soin \u00e0 part enti\u00e8re. Sa formule est enrichie en madecassoside et en extrait de Centella Asiatica, deux actifs reconnus pour leurs propri\u00e9t\u00e9s r\u00e9paratrices, apaisantes et cicatrisantes. Ces ingr\u00e9dients puissants agissent pour soutenir la r\u00e9g\u00e9n\u00e9ration cutan\u00e9e, r\u00e9duire les rougeurs et l&rsquo;inflammation, et aider la peau \u00e0 se reconstruire. Elle est donc id\u00e9ale pour les peaux sensibles, irrit\u00e9es, en post-traitement ou sujettes aux rougeurs.<br \/>\nTexture Agr\u00e9able et Adapt\u00e9e aux Besoins Sp\u00e9cifiques : L&rsquo;un des atouts majeurs de cette cr\u00e8me est sa texture douce et l\u00e9g\u00e8re qui p\u00e9n\u00e8tre facilement sans laisser de film gras. Elle est con\u00e7ue pour \u00eatre utilis\u00e9e sur le visage et les zones localis\u00e9es qui n\u00e9cessitent une attention particuli\u00e8re. Son fini non collant et son application facile en font un produit agr\u00e9able \u00e0 utiliser au quotidien, m\u00eame sous le maquillage.<br \/>\nCon\u00e7ue pour les Peaux les Plus Fragiles : La cr\u00e8me UVRESTORE est un soin polyvalent, con\u00e7u pour un large \u00e9ventail de besoins. Que votre peau soit fragilis\u00e9e par une exposition excessive au soleil, par des peelings, des traitements au laser ou par une irritation chronique, ce produit est la solution id\u00e9ale pour la prot\u00e9ger et l&rsquo;aider \u00e0 retrouver son \u00e9quilibre.<br \/>\nConseils d&rsquo;utilisation :<br \/>\nAppliquez la cr\u00e8me g\u00e9n\u00e9reusement et uniform\u00e9ment sur la peau environ 20 minutes avant de vous exposer au soleil.<\/p>\n","protected":false},"excerpt":{"rendered":"<p>Curaskin, expert en dermo-cosm\u00e9tique, a formul\u00e9 cette cr\u00e8me pour une action compl\u00e8te et une efficacit\u00e9 prouv\u00e9e : Tr\u00e8s Haute Protection<\/p>\n","protected":false},"featured_media":38461,"comment_status":"open","ping_status":"closed","template":"","meta":[],"product_brand":[363],"product_cat":[666],"product_tag":[],"class_list":{"0":"post-38419","1":"product","2":"type-product","3":"status-publish","4":"has-post-thumbnail","6":"product_brand-curaskin","7":"product_cat-cremes-solaires","9":"first","10":"instock","11":"sale","12":"shipping-taxable","13":"purchasable","14":"product-type-simple"},"yoast_head":"<!-- This site is optimized with the Yoast SEO plugin v26.6 - https:\/\/yoast.com\/wordpress\/plugins\/seo\/ -->\r\n<title>CURASKIN UVRESTORE SPF50+ CREME CICATRISANTE ET PROTECTRICE 50ML - Paracherkaoui.ma<\/title>\r\n<meta name=\"robots\" content=\"index, follow, max-snippet:-1, max-image-preview:large, max-video-preview:-1\" \/>\r\n<link rel=\"canonical\" href=\"https:\/\/paracherkaoui.ma\/index.php\/produit\/curaskin-uvrestore-spf50-creme-cicatrisante-et-protectrice-50ml\/\" \/>\r\n<meta property=\"og:locale\" content=\"fr_FR\" \/>\r\n<meta property=\"og:type\" content=\"article\" \/>\r\n<meta property=\"og:title\" content=\"CURASKIN UVRESTORE SPF50+ CREME CICATRISANTE ET PROTECTRICE 50ML - Paracherkaoui.ma\" \/>\r\n<meta property=\"og:description\" content=\"Curaskin, expert en dermo-cosm\u00e9tique, a formul\u00e9 cette cr\u00e8me pour une action compl\u00e8te et une efficacit\u00e9 prouv\u00e9e : Tr\u00e8s Haute Protection\" \/>\r\n<meta property=\"og:url\" content=\"https:\/\/paracherkaoui.ma\/index.php\/produit\/curaskin-uvrestore-spf50-creme-cicatrisante-et-protectrice-50ml\/\" \/>\r\n<meta property=\"og:site_name\" content=\"Paracherkaoui.ma\" \/>\r\n<meta property=\"article:modified_time\" content=\"2025-12-12T18:00:24+00:00\" \/>\r\n<meta property=\"og:image\" content=\"https:\/\/paracherkaoui.ma\/wp-content\/uploads\/2025\/12\/curaskin-uvrestore-spf50-creme-cicatrisante-et-protectrice-50ml.jpg\" \/>\r\n\t<meta property=\"og:image:width\" content=\"700\" \/>\r\n\t<meta property=\"og:image:height\" content=\"700\" \/>\r\n\t<meta property=\"og:image:type\" content=\"image\/jpeg\" \/>\r\n<meta name=\"twitter:card\" content=\"summary_large_image\" \/>\r\n<meta name=\"twitter:label1\" content=\"Dur\u00e9e de lecture estim\u00e9e\" \/>\n\t<meta name=\"twitter:data1\" content=\"2 minutes\" \/>\r\n<script type=\"application\/ld+json\" class=\"yoast-schema-graph\">{\"@context\":\"https:\/\/schema.org\",\"@graph\":[{\"@type\":\"WebPage\",\"@id\":\"https:\/\/paracherkaoui.ma\/index.php\/produit\/curaskin-uvrestore-spf50-creme-cicatrisante-et-protectrice-50ml\/\",\"url\":\"https:\/\/paracherkaoui.ma\/index.php\/produit\/curaskin-uvrestore-spf50-creme-cicatrisante-et-protectrice-50ml\/\",\"name\":\"CURASKIN UVRESTORE SPF50+ CREME CICATRISANTE ET PROTECTRICE 50ML - Paracherkaoui.ma\",\"isPartOf\":{\"@id\":\"https:\/\/paracherkaoui.ma\/#website\"},\"primaryImageOfPage\":{\"@id\":\"https:\/\/paracherkaoui.ma\/index.php\/produit\/curaskin-uvrestore-spf50-creme-cicatrisante-et-protectrice-50ml\/#primaryimage\"},\"image\":{\"@id\":\"https:\/\/paracherkaoui.ma\/index.php\/produit\/curaskin-uvrestore-spf50-creme-cicatrisante-et-protectrice-50ml\/#primaryimage\"},\"thumbnailUrl\":\"https:\/\/paracherkaoui.ma\/wp-content\/uploads\/2025\/12\/curaskin-uvrestore-spf50-creme-cicatrisante-et-protectrice-50ml.jpg\",\"datePublished\":\"2025-12-12T18:00:19+00:00\",\"dateModified\":\"2025-12-12T18:00:24+00:00\",\"breadcrumb\":{\"@id\":\"https:\/\/paracherkaoui.ma\/index.php\/produit\/curaskin-uvrestore-spf50-creme-cicatrisante-et-protectrice-50ml\/#breadcrumb\"},\"inLanguage\":\"fr-FR\",\"potentialAction\":[{\"@type\":\"ReadAction\",\"target\":[\"https:\/\/paracherkaoui.ma\/index.php\/produit\/curaskin-uvrestore-spf50-creme-cicatrisante-et-protectrice-50ml\/\"]}]},{\"@type\":\"ImageObject\",\"inLanguage\":\"fr-FR\",\"@id\":\"https:\/\/paracherkaoui.ma\/index.php\/produit\/curaskin-uvrestore-spf50-creme-cicatrisante-et-protectrice-50ml\/#primaryimage\",\"url\":\"https:\/\/paracherkaoui.ma\/wp-content\/uploads\/2025\/12\/curaskin-uvrestore-spf50-creme-cicatrisante-et-protectrice-50ml.jpg\",\"contentUrl\":\"https:\/\/paracherkaoui.ma\/wp-content\/uploads\/2025\/12\/curaskin-uvrestore-spf50-creme-cicatrisante-et-protectrice-50ml.jpg\",\"width\":700,\"height\":700},{\"@type\":\"BreadcrumbList\",\"@id\":\"https:\/\/paracherkaoui.ma\/index.php\/produit\/curaskin-uvrestore-spf50-creme-cicatrisante-et-protectrice-50ml\/#breadcrumb\",\"itemListElement\":[{\"@type\":\"ListItem\",\"position\":1,\"name\":\"Accueil\",\"item\":\"https:\/\/paracherkaoui.ma\/\"},{\"@type\":\"ListItem\",\"position\":2,\"name\":\"Boutique\",\"item\":\"https:\/\/paracherkaoui.ma\/index.php\/boutique\/\"},{\"@type\":\"ListItem\",\"position\":3,\"name\":\"CURASKIN UVRESTORE SPF50+ CREME CICATRISANTE ET PROTECTRICE 50ML\"}]},{\"@type\":\"WebSite\",\"@id\":\"https:\/\/paracherkaoui.ma\/#website\",\"url\":\"https:\/\/paracherkaoui.ma\/\",\"name\":\"Paracherkaoui.ma\",\"description\":\"Achetez en ligne sur Paracherkaoui.ma\",\"potentialAction\":[{\"@type\":\"SearchAction\",\"target\":{\"@type\":\"EntryPoint\",\"urlTemplate\":\"https:\/\/paracherkaoui.ma\/?s={search_term_string}\"},\"query-input\":{\"@type\":\"PropertyValueSpecification\",\"valueRequired\":true,\"valueName\":\"search_term_string\"}}],\"inLanguage\":\"fr-FR\"}]}<\/script>\r\n<!-- \/ Yoast SEO plugin. -->","yoast_head_json":{"title":"CURASKIN UVRESTORE SPF50+ CREME CICATRISANTE ET PROTECTRICE 50ML - Paracherkaoui.ma","robots":{"index":"index","follow":"follow","max-snippet":"max-snippet:-1","max-image-preview":"max-image-preview:large","max-video-preview":"max-video-preview:-1"},"canonical":"https:\/\/paracherkaoui.ma\/index.php\/produit\/curaskin-uvrestore-spf50-creme-cicatrisante-et-protectrice-50ml\/","og_locale":"fr_FR","og_type":"article","og_title":"CURASKIN UVRESTORE SPF50+ CREME CICATRISANTE ET PROTECTRICE 50ML - Paracherkaoui.ma","og_description":"Curaskin, expert en dermo-cosm\u00e9tique, a formul\u00e9 cette cr\u00e8me pour une action compl\u00e8te et une efficacit\u00e9 prouv\u00e9e : Tr\u00e8s Haute Protection","og_url":"https:\/\/paracherkaoui.ma\/index.php\/produit\/curaskin-uvrestore-spf50-creme-cicatrisante-et-protectrice-50ml\/","og_site_name":"Paracherkaoui.ma","article_modified_time":"2025-12-12T18:00:24+00:00","og_image":[{"width":700,"height":700,"url":"https:\/\/paracherkaoui.ma\/wp-content\/uploads\/2025\/12\/curaskin-uvrestore-spf50-creme-cicatrisante-et-protectrice-50ml.jpg","type":"image\/jpeg"}],"twitter_card":"summary_large_image","twitter_misc":{"Dur\u00e9e de lecture estim\u00e9e":"2 minutes"},"schema":{"@context":"https:\/\/schema.org","@graph":[{"@type":"WebPage","@id":"https:\/\/paracherkaoui.ma\/index.php\/produit\/curaskin-uvrestore-spf50-creme-cicatrisante-et-protectrice-50ml\/","url":"https:\/\/paracherkaoui.ma\/index.php\/produit\/curaskin-uvrestore-spf50-creme-cicatrisante-et-protectrice-50ml\/","name":"CURASKIN UVRESTORE SPF50+ CREME CICATRISANTE ET PROTECTRICE 50ML - Paracherkaoui.ma","isPartOf":{"@id":"https:\/\/paracherkaoui.ma\/#website"},"primaryImageOfPage":{"@id":"https:\/\/paracherkaoui.ma\/index.php\/produit\/curaskin-uvrestore-spf50-creme-cicatrisante-et-protectrice-50ml\/#primaryimage"},"image":{"@id":"https:\/\/paracherkaoui.ma\/index.php\/produit\/curaskin-uvrestore-spf50-creme-cicatrisante-et-protectrice-50ml\/#primaryimage"},"thumbnailUrl":"https:\/\/paracherkaoui.ma\/wp-content\/uploads\/2025\/12\/curaskin-uvrestore-spf50-creme-cicatrisante-et-protectrice-50ml.jpg","datePublished":"2025-12-12T18:00:19+00:00","dateModified":"2025-12-12T18:00:24+00:00","breadcrumb":{"@id":"https:\/\/paracherkaoui.ma\/index.php\/produit\/curaskin-uvrestore-spf50-creme-cicatrisante-et-protectrice-50ml\/#breadcrumb"},"inLanguage":"fr-FR","potentialAction":[{"@type":"ReadAction","target":["https:\/\/paracherkaoui.ma\/index.php\/produit\/curaskin-uvrestore-spf50-creme-cicatrisante-et-protectrice-50ml\/"]}]},{"@type":"ImageObject","inLanguage":"fr-FR","@id":"https:\/\/paracherkaoui.ma\/index.php\/produit\/curaskin-uvrestore-spf50-creme-cicatrisante-et-protectrice-50ml\/#primaryimage","url":"https:\/\/paracherkaoui.ma\/wp-content\/uploads\/2025\/12\/curaskin-uvrestore-spf50-creme-cicatrisante-et-protectrice-50ml.jpg","contentUrl":"https:\/\/paracherkaoui.ma\/wp-content\/uploads\/2025\/12\/curaskin-uvrestore-spf50-creme-cicatrisante-et-protectrice-50ml.jpg","width":700,"height":700},{"@type":"BreadcrumbList","@id":"https:\/\/paracherkaoui.ma\/index.php\/produit\/curaskin-uvrestore-spf50-creme-cicatrisante-et-protectrice-50ml\/#breadcrumb","itemListElement":[{"@type":"ListItem","position":1,"name":"Accueil","item":"https:\/\/paracherkaoui.ma\/"},{"@type":"ListItem","position":2,"name":"Boutique","item":"https:\/\/paracherkaoui.ma\/index.php\/boutique\/"},{"@type":"ListItem","position":3,"name":"CURASKIN UVRESTORE SPF50+ CREME CICATRISANTE ET PROTECTRICE 50ML"}]},{"@type":"WebSite","@id":"https:\/\/paracherkaoui.ma\/#website","url":"https:\/\/paracherkaoui.ma\/","name":"Paracherkaoui.ma","description":"Achetez en ligne sur Paracherkaoui.ma","potentialAction":[{"@type":"SearchAction","target":{"@type":"EntryPoint","urlTemplate":"https:\/\/paracherkaoui.ma\/?s={search_term_string}"},"query-input":{"@type":"PropertyValueSpecification","valueRequired":true,"valueName":"search_term_string"}}],"inLanguage":"fr-FR"}]}},"_links":{"self":[{"href":"https:\/\/paracherkaoui.ma\/index.php\/wp-json\/wp\/v2\/product\/38419","targetHints":{"allow":["GET"]}}],"collection":[{"href":"https:\/\/paracherkaoui.ma\/index.php\/wp-json\/wp\/v2\/product"}],"about":[{"href":"https:\/\/paracherkaoui.ma\/index.php\/wp-json\/wp\/v2\/types\/product"}],"replies":[{"embeddable":true,"href":"https:\/\/paracherkaoui.ma\/index.php\/wp-json\/wp\/v2\/comments?post=38419"}],"version-history":[{"count":1,"href":"https:\/\/paracherkaoui.ma\/index.php\/wp-json\/wp\/v2\/product\/38419\/revisions"}],"predecessor-version":[{"id":38462,"href":"https:\/\/paracherkaoui.ma\/index.php\/wp-json\/wp\/v2\/product\/38419\/revisions\/38462"}],"wp:featuredmedia":[{"embeddable":true,"href":"https:\/\/paracherkaoui.ma\/index.php\/wp-json\/wp\/v2\/media\/38461"}],"wp:attachment":[{"href":"https:\/\/paracherkaoui.ma\/index.php\/wp-json\/wp\/v2\/media?parent=38419"}],"wp:term":[{"taxonomy":"product_brand","embeddable":true,"href":"https:\/\/paracherkaoui.ma\/index.php\/wp-json\/wp\/v2\/product_brand?post=38419"},{"taxonomy":"product_cat","embeddable":true,"href":"https:\/\/paracherkaoui.ma\/index.php\/wp-json\/wp\/v2\/product_cat?post=38419"},{"taxonomy":"product_tag","embeddable":true,"href":"https:\/\/paracherkaoui.ma\/index.php\/wp-json\/wp\/v2\/product_tag?post=38419"}],"curies":[{"name":"wp","href":"https:\/\/api.w.org\/{rel}","templated":true}]}}