{"id":38413,"date":"2025-12-12T19:00:19","date_gmt":"2025-12-12T18:00:19","guid":{"rendered":"https:\/\/test.ecbeaute.com\/?post_type=product&#038;p=38413"},"modified":"2025-12-12T19:00:22","modified_gmt":"2025-12-12T18:00:22","slug":"australian-gold-ecran-solaire-ultimate-hydratation-spf50-100ml","status":"publish","type":"product","link":"https:\/\/paracherkaoui.ma\/index.php\/produit\/australian-gold-ecran-solaire-ultimate-hydratation-spf50-100ml\/","title":{"rendered":"AUSTRALIAN GOLD ECRAN SOLAIRE ULTIMATE HYDRATATION SPF50 100ML"},"content":{"rendered":"<p>L&rsquo;exposition solaire, si elle est agr\u00e9able, expose \u00e9galement notre peau \u00e0 des risques majeurs : coups de soleil, taches pigmentaires, perte d&rsquo;\u00e9lasticit\u00e9 et vieillissement pr\u00e9matur\u00e9. L&rsquo;\u00c9cran Solaire Australian Gold Ultimate Hydration SPF50 est con\u00e7u pour contrer ces effets n\u00e9fastes avec une efficacit\u00e9 redoutable. Ce produit solaire de pointe cr\u00e9e un \u00e9cran efficace qui prot\u00e8ge la peau des rayons UV (UVA et UVB), emp\u00eachant ainsi l\u2019apparition des coups de soleil douloureux et des taches pigmentaires disgracieuses.<br \/>\nMais ce produit va bien au-del\u00e0 de la simple protection. Il agit \u00e9galement en profondeur pour pr\u00e9server la jeunesse de votre peau. Il pr\u00e9vient la perte d\u2019\u00e9lasticit\u00e9, la perte de collag\u00e8ne et les autres sympt\u00f4mes du vieillissement cutan\u00e9 qui peuvent \u00eatre acc\u00e9l\u00e9r\u00e9s par le soleil. En bloquant les rayons UVA, principaux responsables du photo-vieillissement, il aide votre peau \u00e0 conserver sa fermet\u00e9, sa souplesse et son aspect jeune plus longtemps. Et l&rsquo;avantage le plus crucial : il r\u00e9duit consid\u00e9rablement le risque de cancer de la peau, un b\u00e9n\u00e9fice essentiel pour la sant\u00e9 \u00e0 long terme de votre \u00e9piderme.<br \/>\nCe qui distingue cet \u00e9cran solaire :<br \/>\nR\u00e9sistance \u00e0 l&rsquo;eau : Sa formule r\u00e9siste \u00e0 l\u2019eau, le rendant id\u00e9al pour les baignades et les activit\u00e9s aquatiques. Vous pouvez profiter de la plage ou de la piscine en toute tranquillit\u00e9, sachant que votre protection reste efficace.<br \/>\nProtection large spectre : Il prot\u00e8ge la peau contre les rayons UVA et UVB, vous offrant une d\u00e9fense compl\u00e8te contre les deux types de rayons UV les plus nocifs.<br \/>\nHydratation essentielle : Au-del\u00e0 de la protection, il apporte \u00e0 la peau l\u2019hydratation dont elle a besoin. Une peau bien hydrat\u00e9e est une peau plus forte, plus r\u00e9sistante et moins sujette aux dommages. Fini la sensation de peau s\u00e8che et tiraillement apr\u00e8s l&rsquo;exposition !<br \/>\nAction pr\u00e9ventive anti-\u00e2ge : Il agit pr\u00e9ventivement contre le vieillissement de la peau, en aidant \u00e0 maintenir son int\u00e9grit\u00e9 cellulaire et sa vitalit\u00e9. C&rsquo;est un investissement dans la jeunesse future de votre peau.<br \/>\nConseils d&rsquo;utilisation :<br \/>\nAppliquez sur la peau juste avant de vous exposer au soleil. Appliquez les solaires en quantit\u00e9s suffisantes et \u00e0 plusieurs reprises. Ne restez pas trop longtemps au soleil, m\u00eame si vous avez utilis\u00e9 les solaires.<\/p>\n","protected":false},"excerpt":{"rendered":"<p>L&rsquo;exposition solaire, si elle est agr\u00e9able, expose \u00e9galement notre peau \u00e0 des risques majeurs : coups de soleil, taches pigmentaires,<\/p>\n","protected":false},"featured_media":38449,"comment_status":"open","ping_status":"closed","template":"","meta":[],"product_brand":[542],"product_cat":[666],"product_tag":[],"class_list":{"0":"post-38413","1":"product","2":"type-product","3":"status-publish","4":"has-post-thumbnail","6":"product_brand-australian-gold","7":"product_cat-cremes-solaires","9":"first","10":"instock","11":"shipping-taxable","12":"purchasable","13":"product-type-simple"},"yoast_head":"<!-- This site is optimized with the Yoast SEO plugin v26.6 - https:\/\/yoast.com\/wordpress\/plugins\/seo\/ -->\r\n<title>AUSTRALIAN GOLD ECRAN SOLAIRE ULTIMATE HYDRATATION SPF50 100ML - Paracherkaoui.ma<\/title>\r\n<meta name=\"robots\" content=\"index, follow, max-snippet:-1, max-image-preview:large, max-video-preview:-1\" \/>\r\n<link rel=\"canonical\" href=\"https:\/\/paracherkaoui.ma\/index.php\/produit\/australian-gold-ecran-solaire-ultimate-hydratation-spf50-100ml\/\" \/>\r\n<meta property=\"og:locale\" content=\"fr_FR\" \/>\r\n<meta property=\"og:type\" content=\"article\" \/>\r\n<meta property=\"og:title\" content=\"AUSTRALIAN GOLD ECRAN SOLAIRE ULTIMATE HYDRATATION SPF50 100ML - Paracherkaoui.ma\" \/>\r\n<meta property=\"og:description\" content=\"L&rsquo;exposition solaire, si elle est agr\u00e9able, expose \u00e9galement notre peau \u00e0 des risques majeurs : coups de soleil, taches pigmentaires,\" \/>\r\n<meta property=\"og:url\" content=\"https:\/\/paracherkaoui.ma\/index.php\/produit\/australian-gold-ecran-solaire-ultimate-hydratation-spf50-100ml\/\" \/>\r\n<meta property=\"og:site_name\" content=\"Paracherkaoui.ma\" \/>\r\n<meta property=\"article:modified_time\" content=\"2025-12-12T18:00:22+00:00\" \/>\r\n<meta property=\"og:image\" content=\"https:\/\/paracherkaoui.ma\/wp-content\/uploads\/2025\/12\/australian-gold-ecran-solaire-ultimate-hydratation-spf50-100ml.jpg\" \/>\r\n\t<meta property=\"og:image:width\" content=\"700\" \/>\r\n\t<meta property=\"og:image:height\" content=\"700\" \/>\r\n\t<meta property=\"og:image:type\" content=\"image\/jpeg\" \/>\r\n<meta name=\"twitter:card\" content=\"summary_large_image\" \/>\r\n<meta name=\"twitter:label1\" content=\"Dur\u00e9e de lecture estim\u00e9e\" \/>\n\t<meta name=\"twitter:data1\" content=\"2 minutes\" \/>\r\n<script type=\"application\/ld+json\" class=\"yoast-schema-graph\">{\"@context\":\"https:\/\/schema.org\",\"@graph\":[{\"@type\":\"WebPage\",\"@id\":\"https:\/\/paracherkaoui.ma\/index.php\/produit\/australian-gold-ecran-solaire-ultimate-hydratation-spf50-100ml\/\",\"url\":\"https:\/\/paracherkaoui.ma\/index.php\/produit\/australian-gold-ecran-solaire-ultimate-hydratation-spf50-100ml\/\",\"name\":\"AUSTRALIAN GOLD ECRAN SOLAIRE ULTIMATE HYDRATATION SPF50 100ML - Paracherkaoui.ma\",\"isPartOf\":{\"@id\":\"https:\/\/paracherkaoui.ma\/#website\"},\"primaryImageOfPage\":{\"@id\":\"https:\/\/paracherkaoui.ma\/index.php\/produit\/australian-gold-ecran-solaire-ultimate-hydratation-spf50-100ml\/#primaryimage\"},\"image\":{\"@id\":\"https:\/\/paracherkaoui.ma\/index.php\/produit\/australian-gold-ecran-solaire-ultimate-hydratation-spf50-100ml\/#primaryimage\"},\"thumbnailUrl\":\"https:\/\/paracherkaoui.ma\/wp-content\/uploads\/2025\/12\/australian-gold-ecran-solaire-ultimate-hydratation-spf50-100ml.jpg\",\"datePublished\":\"2025-12-12T18:00:19+00:00\",\"dateModified\":\"2025-12-12T18:00:22+00:00\",\"breadcrumb\":{\"@id\":\"https:\/\/paracherkaoui.ma\/index.php\/produit\/australian-gold-ecran-solaire-ultimate-hydratation-spf50-100ml\/#breadcrumb\"},\"inLanguage\":\"fr-FR\",\"potentialAction\":[{\"@type\":\"ReadAction\",\"target\":[\"https:\/\/paracherkaoui.ma\/index.php\/produit\/australian-gold-ecran-solaire-ultimate-hydratation-spf50-100ml\/\"]}]},{\"@type\":\"ImageObject\",\"inLanguage\":\"fr-FR\",\"@id\":\"https:\/\/paracherkaoui.ma\/index.php\/produit\/australian-gold-ecran-solaire-ultimate-hydratation-spf50-100ml\/#primaryimage\",\"url\":\"https:\/\/paracherkaoui.ma\/wp-content\/uploads\/2025\/12\/australian-gold-ecran-solaire-ultimate-hydratation-spf50-100ml.jpg\",\"contentUrl\":\"https:\/\/paracherkaoui.ma\/wp-content\/uploads\/2025\/12\/australian-gold-ecran-solaire-ultimate-hydratation-spf50-100ml.jpg\",\"width\":700,\"height\":700},{\"@type\":\"BreadcrumbList\",\"@id\":\"https:\/\/paracherkaoui.ma\/index.php\/produit\/australian-gold-ecran-solaire-ultimate-hydratation-spf50-100ml\/#breadcrumb\",\"itemListElement\":[{\"@type\":\"ListItem\",\"position\":1,\"name\":\"Accueil\",\"item\":\"https:\/\/paracherkaoui.ma\/\"},{\"@type\":\"ListItem\",\"position\":2,\"name\":\"Boutique\",\"item\":\"https:\/\/paracherkaoui.ma\/index.php\/boutique\/\"},{\"@type\":\"ListItem\",\"position\":3,\"name\":\"AUSTRALIAN GOLD ECRAN SOLAIRE ULTIMATE HYDRATATION SPF50 100ML\"}]},{\"@type\":\"WebSite\",\"@id\":\"https:\/\/paracherkaoui.ma\/#website\",\"url\":\"https:\/\/paracherkaoui.ma\/\",\"name\":\"Paracherkaoui.ma\",\"description\":\"Achetez en ligne sur Paracherkaoui.ma\",\"potentialAction\":[{\"@type\":\"SearchAction\",\"target\":{\"@type\":\"EntryPoint\",\"urlTemplate\":\"https:\/\/paracherkaoui.ma\/?s={search_term_string}\"},\"query-input\":{\"@type\":\"PropertyValueSpecification\",\"valueRequired\":true,\"valueName\":\"search_term_string\"}}],\"inLanguage\":\"fr-FR\"}]}<\/script>\r\n<!-- \/ Yoast SEO plugin. -->","yoast_head_json":{"title":"AUSTRALIAN GOLD ECRAN SOLAIRE ULTIMATE HYDRATATION SPF50 100ML - Paracherkaoui.ma","robots":{"index":"index","follow":"follow","max-snippet":"max-snippet:-1","max-image-preview":"max-image-preview:large","max-video-preview":"max-video-preview:-1"},"canonical":"https:\/\/paracherkaoui.ma\/index.php\/produit\/australian-gold-ecran-solaire-ultimate-hydratation-spf50-100ml\/","og_locale":"fr_FR","og_type":"article","og_title":"AUSTRALIAN GOLD ECRAN SOLAIRE ULTIMATE HYDRATATION SPF50 100ML - Paracherkaoui.ma","og_description":"L&rsquo;exposition solaire, si elle est agr\u00e9able, expose \u00e9galement notre peau \u00e0 des risques majeurs : coups de soleil, taches pigmentaires,","og_url":"https:\/\/paracherkaoui.ma\/index.php\/produit\/australian-gold-ecran-solaire-ultimate-hydratation-spf50-100ml\/","og_site_name":"Paracherkaoui.ma","article_modified_time":"2025-12-12T18:00:22+00:00","og_image":[{"width":700,"height":700,"url":"https:\/\/paracherkaoui.ma\/wp-content\/uploads\/2025\/12\/australian-gold-ecran-solaire-ultimate-hydratation-spf50-100ml.jpg","type":"image\/jpeg"}],"twitter_card":"summary_large_image","twitter_misc":{"Dur\u00e9e de lecture estim\u00e9e":"2 minutes"},"schema":{"@context":"https:\/\/schema.org","@graph":[{"@type":"WebPage","@id":"https:\/\/paracherkaoui.ma\/index.php\/produit\/australian-gold-ecran-solaire-ultimate-hydratation-spf50-100ml\/","url":"https:\/\/paracherkaoui.ma\/index.php\/produit\/australian-gold-ecran-solaire-ultimate-hydratation-spf50-100ml\/","name":"AUSTRALIAN GOLD ECRAN SOLAIRE ULTIMATE HYDRATATION SPF50 100ML - Paracherkaoui.ma","isPartOf":{"@id":"https:\/\/paracherkaoui.ma\/#website"},"primaryImageOfPage":{"@id":"https:\/\/paracherkaoui.ma\/index.php\/produit\/australian-gold-ecran-solaire-ultimate-hydratation-spf50-100ml\/#primaryimage"},"image":{"@id":"https:\/\/paracherkaoui.ma\/index.php\/produit\/australian-gold-ecran-solaire-ultimate-hydratation-spf50-100ml\/#primaryimage"},"thumbnailUrl":"https:\/\/paracherkaoui.ma\/wp-content\/uploads\/2025\/12\/australian-gold-ecran-solaire-ultimate-hydratation-spf50-100ml.jpg","datePublished":"2025-12-12T18:00:19+00:00","dateModified":"2025-12-12T18:00:22+00:00","breadcrumb":{"@id":"https:\/\/paracherkaoui.ma\/index.php\/produit\/australian-gold-ecran-solaire-ultimate-hydratation-spf50-100ml\/#breadcrumb"},"inLanguage":"fr-FR","potentialAction":[{"@type":"ReadAction","target":["https:\/\/paracherkaoui.ma\/index.php\/produit\/australian-gold-ecran-solaire-ultimate-hydratation-spf50-100ml\/"]}]},{"@type":"ImageObject","inLanguage":"fr-FR","@id":"https:\/\/paracherkaoui.ma\/index.php\/produit\/australian-gold-ecran-solaire-ultimate-hydratation-spf50-100ml\/#primaryimage","url":"https:\/\/paracherkaoui.ma\/wp-content\/uploads\/2025\/12\/australian-gold-ecran-solaire-ultimate-hydratation-spf50-100ml.jpg","contentUrl":"https:\/\/paracherkaoui.ma\/wp-content\/uploads\/2025\/12\/australian-gold-ecran-solaire-ultimate-hydratation-spf50-100ml.jpg","width":700,"height":700},{"@type":"BreadcrumbList","@id":"https:\/\/paracherkaoui.ma\/index.php\/produit\/australian-gold-ecran-solaire-ultimate-hydratation-spf50-100ml\/#breadcrumb","itemListElement":[{"@type":"ListItem","position":1,"name":"Accueil","item":"https:\/\/paracherkaoui.ma\/"},{"@type":"ListItem","position":2,"name":"Boutique","item":"https:\/\/paracherkaoui.ma\/index.php\/boutique\/"},{"@type":"ListItem","position":3,"name":"AUSTRALIAN GOLD ECRAN SOLAIRE ULTIMATE HYDRATATION SPF50 100ML"}]},{"@type":"WebSite","@id":"https:\/\/paracherkaoui.ma\/#website","url":"https:\/\/paracherkaoui.ma\/","name":"Paracherkaoui.ma","description":"Achetez en ligne sur Paracherkaoui.ma","potentialAction":[{"@type":"SearchAction","target":{"@type":"EntryPoint","urlTemplate":"https:\/\/paracherkaoui.ma\/?s={search_term_string}"},"query-input":{"@type":"PropertyValueSpecification","valueRequired":true,"valueName":"search_term_string"}}],"inLanguage":"fr-FR"}]}},"_links":{"self":[{"href":"https:\/\/paracherkaoui.ma\/index.php\/wp-json\/wp\/v2\/product\/38413","targetHints":{"allow":["GET"]}}],"collection":[{"href":"https:\/\/paracherkaoui.ma\/index.php\/wp-json\/wp\/v2\/product"}],"about":[{"href":"https:\/\/paracherkaoui.ma\/index.php\/wp-json\/wp\/v2\/types\/product"}],"replies":[{"embeddable":true,"href":"https:\/\/paracherkaoui.ma\/index.php\/wp-json\/wp\/v2\/comments?post=38413"}],"version-history":[{"count":1,"href":"https:\/\/paracherkaoui.ma\/index.php\/wp-json\/wp\/v2\/product\/38413\/revisions"}],"predecessor-version":[{"id":38450,"href":"https:\/\/paracherkaoui.ma\/index.php\/wp-json\/wp\/v2\/product\/38413\/revisions\/38450"}],"wp:featuredmedia":[{"embeddable":true,"href":"https:\/\/paracherkaoui.ma\/index.php\/wp-json\/wp\/v2\/media\/38449"}],"wp:attachment":[{"href":"https:\/\/paracherkaoui.ma\/index.php\/wp-json\/wp\/v2\/media?parent=38413"}],"wp:term":[{"taxonomy":"product_brand","embeddable":true,"href":"https:\/\/paracherkaoui.ma\/index.php\/wp-json\/wp\/v2\/product_brand?post=38413"},{"taxonomy":"product_cat","embeddable":true,"href":"https:\/\/paracherkaoui.ma\/index.php\/wp-json\/wp\/v2\/product_cat?post=38413"},{"taxonomy":"product_tag","embeddable":true,"href":"https:\/\/paracherkaoui.ma\/index.php\/wp-json\/wp\/v2\/product_tag?post=38413"}],"curies":[{"name":"wp","href":"https:\/\/api.w.org\/{rel}","templated":true}]}}