{"id":38412,"date":"2025-12-12T19:00:19","date_gmt":"2025-12-12T18:00:19","guid":{"rendered":"https:\/\/test.ecbeaute.com\/?post_type=product&#038;p=38412"},"modified":"2025-12-12T19:00:22","modified_gmt":"2025-12-12T18:00:22","slug":"bioderma-photoderm-fluide-max-spf100-invisible-40ml","status":"publish","type":"product","link":"https:\/\/paracherkaoui.ma\/index.php\/produit\/bioderma-photoderm-fluide-max-spf100-invisible-40ml\/","title":{"rendered":"BIODERMA PHOTODERM FLUIDE MAX SPF100 INVISIBLE 40ML"},"content":{"rendered":"<p>La protection solaire est un geste essentiel, mais pour certaines peaux, elle est vitale. Le BIODERMA Photoderm Fluide MAX SPF100 Invisible est sp\u00e9cifiquement con\u00e7u pour ces exigences extr\u00eames. C&rsquo;est la photoprotection maximale pour les peaux intol\u00e9rantes \u00e0 tous les types d\u2019ensoleillement, celles qui r\u00e9agissent au moindre rayon, les peaux tr\u00e8s claires ponctu\u00e9es de taches de rousseurs qui br\u00fblent facilement, et toutes les peaux soumises \u00e0 un ensoleillement maximum, comme en haute montagne, sous les tropiques, ou lors d&rsquo;activit\u00e9s en plein air prolong\u00e9es.<br \/>\nLe c\u0153ur de son efficacit\u00e9 r\u00e9side dans son syst\u00e8me filtrant de PHOTODERM MAX SPF100 Fluide solaire, qui garantit une protection homog\u00e8ne et constante contre les UVA et les UVB. Cette performance est in\u00e9gal\u00e9e. Son action \u00ab anti-UVA Extr\u00eame \u00bb est cruciale car les UVA sont les principaux responsables du vieillissement cutan\u00e9 pr\u00e9matur\u00e9 (rides, taches, perte d&rsquo;\u00e9lasticit\u00e9) et des intol\u00e9rances solaires (lucite estivale b\u00e9nigne, \u00e9ruptions). Avec Photoderm MAX SPF100, vous b\u00e9n\u00e9ficiez d&rsquo;une d\u00e9fense renforc\u00e9e qui va bien au-del\u00e0 des standards habituels.<br \/>\nParall\u00e8lement, son efficacit\u00e9 anti-UVB maximale assure une protection en toute s\u00e9curit\u00e9 contre les coups de soleil, ces br\u00fblures douloureuses qui repr\u00e9sentent un danger potentiel \u00e0 long terme pour la peau en cas de r\u00e9p\u00e9tition. Vous pouvez profiter du soleil avec la certitude que votre peau est \u00e0 l&rsquo;abri des rougeurs et des dommages cellulaires profonds.<br \/>\nAu-del\u00e0 de sa performance protectrice, ce fluide solaire offre un confort d&rsquo;utilisation exceptionnel. Sa texture l\u00e9g\u00e8re et fluide s&rsquo;applique facilement et p\u00e9n\u00e8tre rapidement, laissant un fini invisible sur la peau, sans traces blanches ni sensation grasse. De plus, il est non com\u00e9dog\u00e8ne, ce qui signifie qu&rsquo;il n&rsquo;obstrue pas les pores et convient m\u00eame aux peaux \u00e0 tendance acn\u00e9ique. Sans parfum, il minimise les risques d&rsquo;allergies et d&rsquo;irritations, offrant une excellente tol\u00e9rance m\u00eame pour les peaux les plus sensibles et r\u00e9actives.<br \/>\nConseils d&rsquo;utilisation :<br \/>\nAppliquez g\u00e9n\u00e9reusement la cr\u00e8me solaire sur toutes les zones expos\u00e9es de votre corps et de votre visage, au minimum 20 minutes avant toute exposition au soleil.<\/p>\n","protected":false},"excerpt":{"rendered":"<p>La protection solaire est un geste essentiel, mais pour certaines peaux, elle est vitale. Le BIODERMA Photoderm Fluide MAX SPF100<\/p>\n","protected":false},"featured_media":38447,"comment_status":"open","ping_status":"closed","template":"","meta":[],"product_brand":[137],"product_cat":[666],"product_tag":[],"class_list":{"0":"post-38412","1":"product","2":"type-product","3":"status-publish","4":"has-post-thumbnail","6":"product_brand-bioderma","7":"product_cat-cremes-solaires","9":"first","10":"instock","11":"sale","12":"shipping-taxable","13":"purchasable","14":"product-type-simple"},"yoast_head":"<!-- This site is optimized with the Yoast SEO plugin v26.6 - https:\/\/yoast.com\/wordpress\/plugins\/seo\/ -->\r\n<title>BIODERMA PHOTODERM FLUIDE MAX SPF100 INVISIBLE 40ML - Paracherkaoui.ma<\/title>\r\n<meta name=\"robots\" content=\"index, follow, max-snippet:-1, max-image-preview:large, max-video-preview:-1\" \/>\r\n<link rel=\"canonical\" href=\"https:\/\/paracherkaoui.ma\/index.php\/produit\/bioderma-photoderm-fluide-max-spf100-invisible-40ml\/\" \/>\r\n<meta property=\"og:locale\" content=\"fr_FR\" \/>\r\n<meta property=\"og:type\" content=\"article\" \/>\r\n<meta property=\"og:title\" content=\"BIODERMA PHOTODERM FLUIDE MAX SPF100 INVISIBLE 40ML - Paracherkaoui.ma\" \/>\r\n<meta property=\"og:description\" content=\"La protection solaire est un geste essentiel, mais pour certaines peaux, elle est vitale. Le BIODERMA Photoderm Fluide MAX SPF100\" \/>\r\n<meta property=\"og:url\" content=\"https:\/\/paracherkaoui.ma\/index.php\/produit\/bioderma-photoderm-fluide-max-spf100-invisible-40ml\/\" \/>\r\n<meta property=\"og:site_name\" content=\"Paracherkaoui.ma\" \/>\r\n<meta property=\"article:modified_time\" content=\"2025-12-12T18:00:22+00:00\" \/>\r\n<meta property=\"og:image\" content=\"https:\/\/paracherkaoui.ma\/wp-content\/uploads\/2025\/12\/bioderma-photoderm-fluide-max-spf100-invisible-40ml.jpg\" \/>\r\n\t<meta property=\"og:image:width\" content=\"700\" \/>\r\n\t<meta property=\"og:image:height\" content=\"700\" \/>\r\n\t<meta property=\"og:image:type\" content=\"image\/jpeg\" \/>\r\n<meta name=\"twitter:card\" content=\"summary_large_image\" \/>\r\n<meta name=\"twitter:label1\" content=\"Dur\u00e9e de lecture estim\u00e9e\" \/>\n\t<meta name=\"twitter:data1\" content=\"2 minutes\" \/>\r\n<script type=\"application\/ld+json\" class=\"yoast-schema-graph\">{\"@context\":\"https:\/\/schema.org\",\"@graph\":[{\"@type\":\"WebPage\",\"@id\":\"https:\/\/paracherkaoui.ma\/index.php\/produit\/bioderma-photoderm-fluide-max-spf100-invisible-40ml\/\",\"url\":\"https:\/\/paracherkaoui.ma\/index.php\/produit\/bioderma-photoderm-fluide-max-spf100-invisible-40ml\/\",\"name\":\"BIODERMA PHOTODERM FLUIDE MAX SPF100 INVISIBLE 40ML - Paracherkaoui.ma\",\"isPartOf\":{\"@id\":\"https:\/\/paracherkaoui.ma\/#website\"},\"primaryImageOfPage\":{\"@id\":\"https:\/\/paracherkaoui.ma\/index.php\/produit\/bioderma-photoderm-fluide-max-spf100-invisible-40ml\/#primaryimage\"},\"image\":{\"@id\":\"https:\/\/paracherkaoui.ma\/index.php\/produit\/bioderma-photoderm-fluide-max-spf100-invisible-40ml\/#primaryimage\"},\"thumbnailUrl\":\"https:\/\/paracherkaoui.ma\/wp-content\/uploads\/2025\/12\/bioderma-photoderm-fluide-max-spf100-invisible-40ml.jpg\",\"datePublished\":\"2025-12-12T18:00:19+00:00\",\"dateModified\":\"2025-12-12T18:00:22+00:00\",\"breadcrumb\":{\"@id\":\"https:\/\/paracherkaoui.ma\/index.php\/produit\/bioderma-photoderm-fluide-max-spf100-invisible-40ml\/#breadcrumb\"},\"inLanguage\":\"fr-FR\",\"potentialAction\":[{\"@type\":\"ReadAction\",\"target\":[\"https:\/\/paracherkaoui.ma\/index.php\/produit\/bioderma-photoderm-fluide-max-spf100-invisible-40ml\/\"]}]},{\"@type\":\"ImageObject\",\"inLanguage\":\"fr-FR\",\"@id\":\"https:\/\/paracherkaoui.ma\/index.php\/produit\/bioderma-photoderm-fluide-max-spf100-invisible-40ml\/#primaryimage\",\"url\":\"https:\/\/paracherkaoui.ma\/wp-content\/uploads\/2025\/12\/bioderma-photoderm-fluide-max-spf100-invisible-40ml.jpg\",\"contentUrl\":\"https:\/\/paracherkaoui.ma\/wp-content\/uploads\/2025\/12\/bioderma-photoderm-fluide-max-spf100-invisible-40ml.jpg\",\"width\":700,\"height\":700},{\"@type\":\"BreadcrumbList\",\"@id\":\"https:\/\/paracherkaoui.ma\/index.php\/produit\/bioderma-photoderm-fluide-max-spf100-invisible-40ml\/#breadcrumb\",\"itemListElement\":[{\"@type\":\"ListItem\",\"position\":1,\"name\":\"Accueil\",\"item\":\"https:\/\/paracherkaoui.ma\/\"},{\"@type\":\"ListItem\",\"position\":2,\"name\":\"Boutique\",\"item\":\"https:\/\/paracherkaoui.ma\/index.php\/boutique\/\"},{\"@type\":\"ListItem\",\"position\":3,\"name\":\"BIODERMA PHOTODERM FLUIDE MAX SPF100 INVISIBLE 40ML\"}]},{\"@type\":\"WebSite\",\"@id\":\"https:\/\/paracherkaoui.ma\/#website\",\"url\":\"https:\/\/paracherkaoui.ma\/\",\"name\":\"Paracherkaoui.ma\",\"description\":\"Achetez en ligne sur Paracherkaoui.ma\",\"potentialAction\":[{\"@type\":\"SearchAction\",\"target\":{\"@type\":\"EntryPoint\",\"urlTemplate\":\"https:\/\/paracherkaoui.ma\/?s={search_term_string}\"},\"query-input\":{\"@type\":\"PropertyValueSpecification\",\"valueRequired\":true,\"valueName\":\"search_term_string\"}}],\"inLanguage\":\"fr-FR\"}]}<\/script>\r\n<!-- \/ Yoast SEO plugin. -->","yoast_head_json":{"title":"BIODERMA PHOTODERM FLUIDE MAX SPF100 INVISIBLE 40ML - Paracherkaoui.ma","robots":{"index":"index","follow":"follow","max-snippet":"max-snippet:-1","max-image-preview":"max-image-preview:large","max-video-preview":"max-video-preview:-1"},"canonical":"https:\/\/paracherkaoui.ma\/index.php\/produit\/bioderma-photoderm-fluide-max-spf100-invisible-40ml\/","og_locale":"fr_FR","og_type":"article","og_title":"BIODERMA PHOTODERM FLUIDE MAX SPF100 INVISIBLE 40ML - Paracherkaoui.ma","og_description":"La protection solaire est un geste essentiel, mais pour certaines peaux, elle est vitale. Le BIODERMA Photoderm Fluide MAX SPF100","og_url":"https:\/\/paracherkaoui.ma\/index.php\/produit\/bioderma-photoderm-fluide-max-spf100-invisible-40ml\/","og_site_name":"Paracherkaoui.ma","article_modified_time":"2025-12-12T18:00:22+00:00","og_image":[{"width":700,"height":700,"url":"https:\/\/paracherkaoui.ma\/wp-content\/uploads\/2025\/12\/bioderma-photoderm-fluide-max-spf100-invisible-40ml.jpg","type":"image\/jpeg"}],"twitter_card":"summary_large_image","twitter_misc":{"Dur\u00e9e de lecture estim\u00e9e":"2 minutes"},"schema":{"@context":"https:\/\/schema.org","@graph":[{"@type":"WebPage","@id":"https:\/\/paracherkaoui.ma\/index.php\/produit\/bioderma-photoderm-fluide-max-spf100-invisible-40ml\/","url":"https:\/\/paracherkaoui.ma\/index.php\/produit\/bioderma-photoderm-fluide-max-spf100-invisible-40ml\/","name":"BIODERMA PHOTODERM FLUIDE MAX SPF100 INVISIBLE 40ML - Paracherkaoui.ma","isPartOf":{"@id":"https:\/\/paracherkaoui.ma\/#website"},"primaryImageOfPage":{"@id":"https:\/\/paracherkaoui.ma\/index.php\/produit\/bioderma-photoderm-fluide-max-spf100-invisible-40ml\/#primaryimage"},"image":{"@id":"https:\/\/paracherkaoui.ma\/index.php\/produit\/bioderma-photoderm-fluide-max-spf100-invisible-40ml\/#primaryimage"},"thumbnailUrl":"https:\/\/paracherkaoui.ma\/wp-content\/uploads\/2025\/12\/bioderma-photoderm-fluide-max-spf100-invisible-40ml.jpg","datePublished":"2025-12-12T18:00:19+00:00","dateModified":"2025-12-12T18:00:22+00:00","breadcrumb":{"@id":"https:\/\/paracherkaoui.ma\/index.php\/produit\/bioderma-photoderm-fluide-max-spf100-invisible-40ml\/#breadcrumb"},"inLanguage":"fr-FR","potentialAction":[{"@type":"ReadAction","target":["https:\/\/paracherkaoui.ma\/index.php\/produit\/bioderma-photoderm-fluide-max-spf100-invisible-40ml\/"]}]},{"@type":"ImageObject","inLanguage":"fr-FR","@id":"https:\/\/paracherkaoui.ma\/index.php\/produit\/bioderma-photoderm-fluide-max-spf100-invisible-40ml\/#primaryimage","url":"https:\/\/paracherkaoui.ma\/wp-content\/uploads\/2025\/12\/bioderma-photoderm-fluide-max-spf100-invisible-40ml.jpg","contentUrl":"https:\/\/paracherkaoui.ma\/wp-content\/uploads\/2025\/12\/bioderma-photoderm-fluide-max-spf100-invisible-40ml.jpg","width":700,"height":700},{"@type":"BreadcrumbList","@id":"https:\/\/paracherkaoui.ma\/index.php\/produit\/bioderma-photoderm-fluide-max-spf100-invisible-40ml\/#breadcrumb","itemListElement":[{"@type":"ListItem","position":1,"name":"Accueil","item":"https:\/\/paracherkaoui.ma\/"},{"@type":"ListItem","position":2,"name":"Boutique","item":"https:\/\/paracherkaoui.ma\/index.php\/boutique\/"},{"@type":"ListItem","position":3,"name":"BIODERMA PHOTODERM FLUIDE MAX SPF100 INVISIBLE 40ML"}]},{"@type":"WebSite","@id":"https:\/\/paracherkaoui.ma\/#website","url":"https:\/\/paracherkaoui.ma\/","name":"Paracherkaoui.ma","description":"Achetez en ligne sur Paracherkaoui.ma","potentialAction":[{"@type":"SearchAction","target":{"@type":"EntryPoint","urlTemplate":"https:\/\/paracherkaoui.ma\/?s={search_term_string}"},"query-input":{"@type":"PropertyValueSpecification","valueRequired":true,"valueName":"search_term_string"}}],"inLanguage":"fr-FR"}]}},"_links":{"self":[{"href":"https:\/\/paracherkaoui.ma\/index.php\/wp-json\/wp\/v2\/product\/38412","targetHints":{"allow":["GET"]}}],"collection":[{"href":"https:\/\/paracherkaoui.ma\/index.php\/wp-json\/wp\/v2\/product"}],"about":[{"href":"https:\/\/paracherkaoui.ma\/index.php\/wp-json\/wp\/v2\/types\/product"}],"replies":[{"embeddable":true,"href":"https:\/\/paracherkaoui.ma\/index.php\/wp-json\/wp\/v2\/comments?post=38412"}],"version-history":[{"count":1,"href":"https:\/\/paracherkaoui.ma\/index.php\/wp-json\/wp\/v2\/product\/38412\/revisions"}],"predecessor-version":[{"id":38448,"href":"https:\/\/paracherkaoui.ma\/index.php\/wp-json\/wp\/v2\/product\/38412\/revisions\/38448"}],"wp:featuredmedia":[{"embeddable":true,"href":"https:\/\/paracherkaoui.ma\/index.php\/wp-json\/wp\/v2\/media\/38447"}],"wp:attachment":[{"href":"https:\/\/paracherkaoui.ma\/index.php\/wp-json\/wp\/v2\/media?parent=38412"}],"wp:term":[{"taxonomy":"product_brand","embeddable":true,"href":"https:\/\/paracherkaoui.ma\/index.php\/wp-json\/wp\/v2\/product_brand?post=38412"},{"taxonomy":"product_cat","embeddable":true,"href":"https:\/\/paracherkaoui.ma\/index.php\/wp-json\/wp\/v2\/product_cat?post=38412"},{"taxonomy":"product_tag","embeddable":true,"href":"https:\/\/paracherkaoui.ma\/index.php\/wp-json\/wp\/v2\/product_tag?post=38412"}],"curies":[{"name":"wp","href":"https:\/\/api.w.org\/{rel}","templated":true}]}}