{"id":38409,"date":"2025-12-12T19:00:18","date_gmt":"2025-12-12T18:00:18","guid":{"rendered":"https:\/\/test.ecbeaute.com\/?post_type=product&#038;p=38409"},"modified":"2025-12-12T19:00:21","modified_gmt":"2025-12-12T18:00:21","slug":"nuhanciam-creme-solaire-teintee-clair-spf-50-50ml","status":"publish","type":"product","link":"https:\/\/paracherkaoui.ma\/index.php\/produit\/nuhanciam-creme-solaire-teintee-clair-spf-50-50ml\/","title":{"rendered":"NUHANCIAM CREME SOLAIRE TEINTEE CLAIR SPF 50+ 50ML"},"content":{"rendered":"<p>La Cr\u00e8me Teint\u00e9e claire SPF 50+ de NUHANCIAM est une innovation majeure dans le monde de la protection solaire. Sa formule associe le meilleur de la nature et de la science, avec 70% d\u2019ingr\u00e9dients d\u2019origine naturelle et 4 filtres solaires de derni\u00e8re g\u00e9n\u00e9ration. Cette combinaison garantit une tr\u00e8s haute protection contre les UVA et UVB, essentielle pour pr\u00e9venir les coups de soleil, le vieillissement pr\u00e9matur\u00e9 et les dommages cutan\u00e9s \u00e0 long terme. Mieux encore, son indice UVA est 1,7 fois sup\u00e9rieur aux exigences europ\u00e9ennes, vous offrant une tranquillit\u00e9 d&rsquo;esprit in\u00e9gal\u00e9e face aux rayons responsables du photovieillissement.<br \/>\nMais l\u00e0 o\u00f9 cette cr\u00e8me teint\u00e9e se distingue vraiment, c&rsquo;est par sa capacit\u00e9 \u00e0 sublimer votre peau. Sa texture l\u00e9g\u00e8re et imperceptible est un pur plaisir \u00e0 appliquer. Elle p\u00e9n\u00e8tre rapidement, se fondant avec votre carnation pour un fini absolument impeccable. Fini l&rsquo;effet \u00ab\u00a0masque\u00a0\u00bb ou les couches lourdes ! Elle est con\u00e7ue pour ne laisser aucun effet blanc, ni aucune brillance ind\u00e9sirable, et surtout, aucun r\u00e9sidu d\u00e9sagr\u00e9able. Le r\u00e9sultat : un teint naturellement unifi\u00e9, avec une couvrance l\u00e9g\u00e8re qui estompe les petites imperfections tout en laissant transpara\u00eetre la beaut\u00e9 naturelle de votre peau.<br \/>\nAu-del\u00e0 de ses performances cosm\u00e9tiques, Nuhanciam s&rsquo;engage activement pour la plan\u00e8te. Cette cr\u00e8me solaire est formul\u00e9e pour limiter l\u2019impact sur le milieu\/environnement marin. Vous pouvez ainsi prot\u00e9ger efficacement votre peau sans culpabilit\u00e9, sachant que vous contribuez \u00e0 la pr\u00e9servation des \u00e9cosyst\u00e8mes marins fragiles, notamment les coraux.<br \/>\nConseils d&rsquo;utilisation :<br \/>\nAppliquez la cr\u00e8me chaque matin, comme derni\u00e8re \u00e9tape de votre routine de soin et avant toute exposition au soleil. Elle peut remplacer votre fond de teint l\u00e9ger si vous d\u00e9sirez une couvrance minimale.<br \/>\nComposition :<br \/>\nAQUA (WATER), DIISOPROPYL SEBACATE, DIETHYLAMINO HYDROXYBENZOYL HEXYL BENZOATE, C12-15 ALKYL BENZOATE, PHENYLBENZIMIDAZOLE SULFONIC ACID, POLYGLYCERYL-6 STEARATE, ETHYLHEXYL TRIAZONE, CI 77891 (TITANIUM DIOXIDE), BIS-ETHYLHEXYLOXYPHENOL METHOXYPHENYL TRIAZINE, ARGININE, PROPANEDIOL, CAPRYLOYL GLYCERIN\/SEBACIC ACID COPOLYMER, PENTYLENE GLYCOL, CETEARYL ALCOHOL, HYDROXYETHYL ACRYLATE\/SODIUM ACRYLOYLDIMETHYL TAURATE COPOLYMER, HYDROXYACETOPHENONE, CI 77492 (IRON OXIDE), POLYGLYCERYL-6 BEHENATE, 1,2-HEXANEDIOL, CAPRYLYL GLYCOL, XANTHAN GUM, SILICA, CI 77491 (IRON OXIDE), ALUMINUM HYDROXIDE, TOCOPHEROL, POLYSORBATE 60, SORBITAN ISOSTEARATE, GLYCINE SOJA (SOYBEAN) OIL, CI 77499 (IRON OXIDE).<\/p>\n","protected":false},"excerpt":{"rendered":"<p>La Cr\u00e8me Teint\u00e9e claire SPF 50+ de NUHANCIAM est une innovation majeure dans le monde de la protection solaire. Sa<\/p>\n","protected":false},"featured_media":38441,"comment_status":"open","ping_status":"closed","template":"","meta":[],"product_brand":[311],"product_cat":[666],"product_tag":[],"class_list":{"0":"post-38409","1":"product","2":"type-product","3":"status-publish","4":"has-post-thumbnail","6":"product_brand-nuhanciam","7":"product_cat-cremes-solaires","9":"first","10":"instock","11":"sale","12":"shipping-taxable","13":"purchasable","14":"product-type-simple"},"yoast_head":"<!-- This site is optimized with the Yoast SEO plugin v26.6 - https:\/\/yoast.com\/wordpress\/plugins\/seo\/ -->\r\n<title>NUHANCIAM CREME SOLAIRE TEINTEE CLAIR SPF 50+ 50ML - Paracherkaoui.ma<\/title>\r\n<meta name=\"robots\" content=\"index, follow, max-snippet:-1, max-image-preview:large, max-video-preview:-1\" \/>\r\n<link rel=\"canonical\" href=\"https:\/\/paracherkaoui.ma\/index.php\/produit\/nuhanciam-creme-solaire-teintee-clair-spf-50-50ml\/\" \/>\r\n<meta property=\"og:locale\" content=\"fr_FR\" \/>\r\n<meta property=\"og:type\" content=\"article\" \/>\r\n<meta property=\"og:title\" content=\"NUHANCIAM CREME SOLAIRE TEINTEE CLAIR SPF 50+ 50ML - Paracherkaoui.ma\" \/>\r\n<meta property=\"og:description\" content=\"La Cr\u00e8me Teint\u00e9e claire SPF 50+ de NUHANCIAM est une innovation majeure dans le monde de la protection solaire. Sa\" \/>\r\n<meta property=\"og:url\" content=\"https:\/\/paracherkaoui.ma\/index.php\/produit\/nuhanciam-creme-solaire-teintee-clair-spf-50-50ml\/\" \/>\r\n<meta property=\"og:site_name\" content=\"Paracherkaoui.ma\" \/>\r\n<meta property=\"article:modified_time\" content=\"2025-12-12T18:00:21+00:00\" \/>\r\n<meta property=\"og:image\" content=\"https:\/\/paracherkaoui.ma\/wp-content\/uploads\/2025\/12\/nuhanciam-creme-solaire-teintee-clair-spf-50-50ml.jpg\" \/>\r\n\t<meta property=\"og:image:width\" content=\"700\" \/>\r\n\t<meta property=\"og:image:height\" content=\"700\" \/>\r\n\t<meta property=\"og:image:type\" content=\"image\/jpeg\" \/>\r\n<meta name=\"twitter:card\" content=\"summary_large_image\" \/>\r\n<meta name=\"twitter:label1\" content=\"Dur\u00e9e de lecture estim\u00e9e\" \/>\n\t<meta name=\"twitter:data1\" content=\"2 minutes\" \/>\r\n<script type=\"application\/ld+json\" class=\"yoast-schema-graph\">{\"@context\":\"https:\/\/schema.org\",\"@graph\":[{\"@type\":\"WebPage\",\"@id\":\"https:\/\/paracherkaoui.ma\/index.php\/produit\/nuhanciam-creme-solaire-teintee-clair-spf-50-50ml\/\",\"url\":\"https:\/\/paracherkaoui.ma\/index.php\/produit\/nuhanciam-creme-solaire-teintee-clair-spf-50-50ml\/\",\"name\":\"NUHANCIAM CREME SOLAIRE TEINTEE CLAIR SPF 50+ 50ML - Paracherkaoui.ma\",\"isPartOf\":{\"@id\":\"https:\/\/paracherkaoui.ma\/#website\"},\"primaryImageOfPage\":{\"@id\":\"https:\/\/paracherkaoui.ma\/index.php\/produit\/nuhanciam-creme-solaire-teintee-clair-spf-50-50ml\/#primaryimage\"},\"image\":{\"@id\":\"https:\/\/paracherkaoui.ma\/index.php\/produit\/nuhanciam-creme-solaire-teintee-clair-spf-50-50ml\/#primaryimage\"},\"thumbnailUrl\":\"https:\/\/paracherkaoui.ma\/wp-content\/uploads\/2025\/12\/nuhanciam-creme-solaire-teintee-clair-spf-50-50ml.jpg\",\"datePublished\":\"2025-12-12T18:00:18+00:00\",\"dateModified\":\"2025-12-12T18:00:21+00:00\",\"breadcrumb\":{\"@id\":\"https:\/\/paracherkaoui.ma\/index.php\/produit\/nuhanciam-creme-solaire-teintee-clair-spf-50-50ml\/#breadcrumb\"},\"inLanguage\":\"fr-FR\",\"potentialAction\":[{\"@type\":\"ReadAction\",\"target\":[\"https:\/\/paracherkaoui.ma\/index.php\/produit\/nuhanciam-creme-solaire-teintee-clair-spf-50-50ml\/\"]}]},{\"@type\":\"ImageObject\",\"inLanguage\":\"fr-FR\",\"@id\":\"https:\/\/paracherkaoui.ma\/index.php\/produit\/nuhanciam-creme-solaire-teintee-clair-spf-50-50ml\/#primaryimage\",\"url\":\"https:\/\/paracherkaoui.ma\/wp-content\/uploads\/2025\/12\/nuhanciam-creme-solaire-teintee-clair-spf-50-50ml.jpg\",\"contentUrl\":\"https:\/\/paracherkaoui.ma\/wp-content\/uploads\/2025\/12\/nuhanciam-creme-solaire-teintee-clair-spf-50-50ml.jpg\",\"width\":700,\"height\":700},{\"@type\":\"BreadcrumbList\",\"@id\":\"https:\/\/paracherkaoui.ma\/index.php\/produit\/nuhanciam-creme-solaire-teintee-clair-spf-50-50ml\/#breadcrumb\",\"itemListElement\":[{\"@type\":\"ListItem\",\"position\":1,\"name\":\"Accueil\",\"item\":\"https:\/\/paracherkaoui.ma\/\"},{\"@type\":\"ListItem\",\"position\":2,\"name\":\"Boutique\",\"item\":\"https:\/\/paracherkaoui.ma\/index.php\/boutique\/\"},{\"@type\":\"ListItem\",\"position\":3,\"name\":\"NUHANCIAM CREME SOLAIRE TEINTEE CLAIR SPF 50+ 50ML\"}]},{\"@type\":\"WebSite\",\"@id\":\"https:\/\/paracherkaoui.ma\/#website\",\"url\":\"https:\/\/paracherkaoui.ma\/\",\"name\":\"Paracherkaoui.ma\",\"description\":\"Achetez en ligne sur Paracherkaoui.ma\",\"potentialAction\":[{\"@type\":\"SearchAction\",\"target\":{\"@type\":\"EntryPoint\",\"urlTemplate\":\"https:\/\/paracherkaoui.ma\/?s={search_term_string}\"},\"query-input\":{\"@type\":\"PropertyValueSpecification\",\"valueRequired\":true,\"valueName\":\"search_term_string\"}}],\"inLanguage\":\"fr-FR\"}]}<\/script>\r\n<!-- \/ Yoast SEO plugin. -->","yoast_head_json":{"title":"NUHANCIAM CREME SOLAIRE TEINTEE CLAIR SPF 50+ 50ML - Paracherkaoui.ma","robots":{"index":"index","follow":"follow","max-snippet":"max-snippet:-1","max-image-preview":"max-image-preview:large","max-video-preview":"max-video-preview:-1"},"canonical":"https:\/\/paracherkaoui.ma\/index.php\/produit\/nuhanciam-creme-solaire-teintee-clair-spf-50-50ml\/","og_locale":"fr_FR","og_type":"article","og_title":"NUHANCIAM CREME SOLAIRE TEINTEE CLAIR SPF 50+ 50ML - Paracherkaoui.ma","og_description":"La Cr\u00e8me Teint\u00e9e claire SPF 50+ de NUHANCIAM est une innovation majeure dans le monde de la protection solaire. Sa","og_url":"https:\/\/paracherkaoui.ma\/index.php\/produit\/nuhanciam-creme-solaire-teintee-clair-spf-50-50ml\/","og_site_name":"Paracherkaoui.ma","article_modified_time":"2025-12-12T18:00:21+00:00","og_image":[{"width":700,"height":700,"url":"https:\/\/paracherkaoui.ma\/wp-content\/uploads\/2025\/12\/nuhanciam-creme-solaire-teintee-clair-spf-50-50ml.jpg","type":"image\/jpeg"}],"twitter_card":"summary_large_image","twitter_misc":{"Dur\u00e9e de lecture estim\u00e9e":"2 minutes"},"schema":{"@context":"https:\/\/schema.org","@graph":[{"@type":"WebPage","@id":"https:\/\/paracherkaoui.ma\/index.php\/produit\/nuhanciam-creme-solaire-teintee-clair-spf-50-50ml\/","url":"https:\/\/paracherkaoui.ma\/index.php\/produit\/nuhanciam-creme-solaire-teintee-clair-spf-50-50ml\/","name":"NUHANCIAM CREME SOLAIRE TEINTEE CLAIR SPF 50+ 50ML - Paracherkaoui.ma","isPartOf":{"@id":"https:\/\/paracherkaoui.ma\/#website"},"primaryImageOfPage":{"@id":"https:\/\/paracherkaoui.ma\/index.php\/produit\/nuhanciam-creme-solaire-teintee-clair-spf-50-50ml\/#primaryimage"},"image":{"@id":"https:\/\/paracherkaoui.ma\/index.php\/produit\/nuhanciam-creme-solaire-teintee-clair-spf-50-50ml\/#primaryimage"},"thumbnailUrl":"https:\/\/paracherkaoui.ma\/wp-content\/uploads\/2025\/12\/nuhanciam-creme-solaire-teintee-clair-spf-50-50ml.jpg","datePublished":"2025-12-12T18:00:18+00:00","dateModified":"2025-12-12T18:00:21+00:00","breadcrumb":{"@id":"https:\/\/paracherkaoui.ma\/index.php\/produit\/nuhanciam-creme-solaire-teintee-clair-spf-50-50ml\/#breadcrumb"},"inLanguage":"fr-FR","potentialAction":[{"@type":"ReadAction","target":["https:\/\/paracherkaoui.ma\/index.php\/produit\/nuhanciam-creme-solaire-teintee-clair-spf-50-50ml\/"]}]},{"@type":"ImageObject","inLanguage":"fr-FR","@id":"https:\/\/paracherkaoui.ma\/index.php\/produit\/nuhanciam-creme-solaire-teintee-clair-spf-50-50ml\/#primaryimage","url":"https:\/\/paracherkaoui.ma\/wp-content\/uploads\/2025\/12\/nuhanciam-creme-solaire-teintee-clair-spf-50-50ml.jpg","contentUrl":"https:\/\/paracherkaoui.ma\/wp-content\/uploads\/2025\/12\/nuhanciam-creme-solaire-teintee-clair-spf-50-50ml.jpg","width":700,"height":700},{"@type":"BreadcrumbList","@id":"https:\/\/paracherkaoui.ma\/index.php\/produit\/nuhanciam-creme-solaire-teintee-clair-spf-50-50ml\/#breadcrumb","itemListElement":[{"@type":"ListItem","position":1,"name":"Accueil","item":"https:\/\/paracherkaoui.ma\/"},{"@type":"ListItem","position":2,"name":"Boutique","item":"https:\/\/paracherkaoui.ma\/index.php\/boutique\/"},{"@type":"ListItem","position":3,"name":"NUHANCIAM CREME SOLAIRE TEINTEE CLAIR SPF 50+ 50ML"}]},{"@type":"WebSite","@id":"https:\/\/paracherkaoui.ma\/#website","url":"https:\/\/paracherkaoui.ma\/","name":"Paracherkaoui.ma","description":"Achetez en ligne sur Paracherkaoui.ma","potentialAction":[{"@type":"SearchAction","target":{"@type":"EntryPoint","urlTemplate":"https:\/\/paracherkaoui.ma\/?s={search_term_string}"},"query-input":{"@type":"PropertyValueSpecification","valueRequired":true,"valueName":"search_term_string"}}],"inLanguage":"fr-FR"}]}},"_links":{"self":[{"href":"https:\/\/paracherkaoui.ma\/index.php\/wp-json\/wp\/v2\/product\/38409","targetHints":{"allow":["GET"]}}],"collection":[{"href":"https:\/\/paracherkaoui.ma\/index.php\/wp-json\/wp\/v2\/product"}],"about":[{"href":"https:\/\/paracherkaoui.ma\/index.php\/wp-json\/wp\/v2\/types\/product"}],"replies":[{"embeddable":true,"href":"https:\/\/paracherkaoui.ma\/index.php\/wp-json\/wp\/v2\/comments?post=38409"}],"version-history":[{"count":1,"href":"https:\/\/paracherkaoui.ma\/index.php\/wp-json\/wp\/v2\/product\/38409\/revisions"}],"predecessor-version":[{"id":38442,"href":"https:\/\/paracherkaoui.ma\/index.php\/wp-json\/wp\/v2\/product\/38409\/revisions\/38442"}],"wp:featuredmedia":[{"embeddable":true,"href":"https:\/\/paracherkaoui.ma\/index.php\/wp-json\/wp\/v2\/media\/38441"}],"wp:attachment":[{"href":"https:\/\/paracherkaoui.ma\/index.php\/wp-json\/wp\/v2\/media?parent=38409"}],"wp:term":[{"taxonomy":"product_brand","embeddable":true,"href":"https:\/\/paracherkaoui.ma\/index.php\/wp-json\/wp\/v2\/product_brand?post=38409"},{"taxonomy":"product_cat","embeddable":true,"href":"https:\/\/paracherkaoui.ma\/index.php\/wp-json\/wp\/v2\/product_cat?post=38409"},{"taxonomy":"product_tag","embeddable":true,"href":"https:\/\/paracherkaoui.ma\/index.php\/wp-json\/wp\/v2\/product_tag?post=38409"}],"curies":[{"name":"wp","href":"https:\/\/api.w.org\/{rel}","templated":true}]}}