{"id":38363,"date":"2025-12-12T18:59:58","date_gmt":"2025-12-12T17:59:58","guid":{"rendered":"https:\/\/test.ecbeaute.com\/?post_type=product&#038;p=38363"},"modified":"2025-12-12T19:00:03","modified_gmt":"2025-12-12T18:00:03","slug":"niacinaz-ecran-solaire-spf50-niacisun-family-uva-uvb-pa-200ml","status":"publish","type":"product","link":"https:\/\/paracherkaoui.ma\/index.php\/produit\/niacinaz-ecran-solaire-spf50-niacisun-family-uva-uvb-pa-200ml\/","title":{"rendered":"NIACINAZ ECRAN SOLAIRE SPF50+ NIACISUN FAMILY UVA UVB PA++++ 200ML"},"content":{"rendered":"<p>Imaginez une cr\u00e8me solaire qui va bien au-del\u00e0 de la simple protection. Cet \u00e9cran solaire b\u00e9n\u00e9ficie d&rsquo;un indice de protection tr\u00e8s \u00e9lev\u00e9 (SPF50+ et PA++++), vous offrant une d\u00e9fense robuste contre les rayons UVA et UVB, responsables des dommages cutan\u00e9s. Formul\u00e9 \u00e0 base de filtres chimiques \u00e0 large spectre, il assure une couverture compl\u00e8te, agissant comme une barri\u00e8re invisible contre les agressions solaires. Et le meilleur ? Sa texture innovante s&rsquo;applique sans laisser de traces blanches, pour un fini naturel et impeccable sur toutes les carnations.<br \/>\nMais la magie de Niacinaz ne s&rsquo;arr\u00eate pas l\u00e0. Cette cr\u00e8me solaire est un v\u00e9ritable soin multifonction. Elle contient de la niacinamide (vitamine B3), un actif puissant reconnu pour ses multiples bienfaits. La niacinamide contribue \u00e0 att\u00e9nuer les rides et ridules, pour une peau visiblement plus lisse et plus jeune. Elle aide \u00e9galement \u00e0 affiner les pores, am\u00e9liorant la texture de la peau et r\u00e9duisant l&rsquo;apparence des imperfections. De plus, elle lutte efficacement contre la d\u00e9shydratation et les inflammations acn\u00e9iques, apaisant la peau et favorisant un teint plus clair et uniforme.<br \/>\nEnrichie d&rsquo;ingr\u00e9dients qui hydratent et nourrissent la peau, cette cr\u00e8me solaire est un soin complet qui prot\u00e8ge, r\u00e9pare et embellit. Elle aide \u00e0 illuminer et \u00e0 unifier le teint, r\u00e9duisant les irr\u00e9gularit\u00e9s pigmentaires et r\u00e9v\u00e9lant un \u00e9clat sain. Avec l&rsquo;\u00c9cran Solaire Niacinaz, prot\u00e9gez votre peau du soleil tout en lui offrant les bienfaits d&rsquo;un soin anti-\u00e2ge et perfecteur de teint. C&rsquo;est le geste essentiel pour une peau rayonnante de sant\u00e9 et de beaut\u00e9, m\u00eame sous le soleil.<br \/>\nConseils d&rsquo;utilisation :<br \/>\nAppliquez l&rsquo;\u00e9cran solaire g\u00e9n\u00e9reusement sur toutes les zones expos\u00e9es de votre corps et de votre visage au moins 20 \u00e0 30 minutes avant chaque exposition au soleil. C&rsquo;est le temps n\u00e9cessaire pour que les filtres chimiques se stabilisent et forment une barri\u00e8re protectrice efficace.<\/p>\n","protected":false},"excerpt":{"rendered":"<p>Imaginez une cr\u00e8me solaire qui va bien au-del\u00e0 de la simple protection. Cet \u00e9cran solaire b\u00e9n\u00e9ficie d&rsquo;un indice de protection<\/p>\n","protected":false},"featured_media":38399,"comment_status":"open","ping_status":"closed","template":"","meta":[],"product_brand":[442],"product_cat":[666],"product_tag":[],"class_list":{"0":"post-38363","1":"product","2":"type-product","3":"status-publish","4":"has-post-thumbnail","6":"product_brand-niacinaz","7":"product_cat-cremes-solaires","9":"first","10":"instock","11":"sale","12":"shipping-taxable","13":"purchasable","14":"product-type-simple"},"yoast_head":"<!-- This site is optimized with the Yoast SEO plugin v26.6 - https:\/\/yoast.com\/wordpress\/plugins\/seo\/ -->\r\n<title>NIACINAZ ECRAN SOLAIRE SPF50+ NIACISUN FAMILY UVA UVB PA++++ 200ML - Paracherkaoui.ma<\/title>\r\n<meta name=\"robots\" content=\"index, follow, max-snippet:-1, max-image-preview:large, max-video-preview:-1\" \/>\r\n<link rel=\"canonical\" href=\"https:\/\/paracherkaoui.ma\/index.php\/produit\/niacinaz-ecran-solaire-spf50-niacisun-family-uva-uvb-pa-200ml\/\" \/>\r\n<meta property=\"og:locale\" content=\"fr_FR\" \/>\r\n<meta property=\"og:type\" content=\"article\" \/>\r\n<meta property=\"og:title\" content=\"NIACINAZ ECRAN SOLAIRE SPF50+ NIACISUN FAMILY UVA UVB PA++++ 200ML - Paracherkaoui.ma\" \/>\r\n<meta property=\"og:description\" content=\"Imaginez une cr\u00e8me solaire qui va bien au-del\u00e0 de la simple protection. Cet \u00e9cran solaire b\u00e9n\u00e9ficie d&rsquo;un indice de protection\" \/>\r\n<meta property=\"og:url\" content=\"https:\/\/paracherkaoui.ma\/index.php\/produit\/niacinaz-ecran-solaire-spf50-niacisun-family-uva-uvb-pa-200ml\/\" \/>\r\n<meta property=\"og:site_name\" content=\"Paracherkaoui.ma\" \/>\r\n<meta property=\"article:modified_time\" content=\"2025-12-12T18:00:03+00:00\" \/>\r\n<meta property=\"og:image\" content=\"https:\/\/paracherkaoui.ma\/wp-content\/uploads\/2025\/12\/niacinaz-ecran-solaire-spf50-niacisun-family-uva-uvb-pa-200ml.jpg\" \/>\r\n\t<meta property=\"og:image:width\" content=\"700\" \/>\r\n\t<meta property=\"og:image:height\" content=\"700\" \/>\r\n\t<meta property=\"og:image:type\" content=\"image\/jpeg\" \/>\r\n<meta name=\"twitter:card\" content=\"summary_large_image\" \/>\r\n<meta name=\"twitter:label1\" content=\"Dur\u00e9e de lecture estim\u00e9e\" \/>\n\t<meta name=\"twitter:data1\" content=\"2 minutes\" \/>\r\n<script type=\"application\/ld+json\" class=\"yoast-schema-graph\">{\"@context\":\"https:\/\/schema.org\",\"@graph\":[{\"@type\":\"WebPage\",\"@id\":\"https:\/\/paracherkaoui.ma\/index.php\/produit\/niacinaz-ecran-solaire-spf50-niacisun-family-uva-uvb-pa-200ml\/\",\"url\":\"https:\/\/paracherkaoui.ma\/index.php\/produit\/niacinaz-ecran-solaire-spf50-niacisun-family-uva-uvb-pa-200ml\/\",\"name\":\"NIACINAZ ECRAN SOLAIRE SPF50+ NIACISUN FAMILY UVA UVB PA++++ 200ML - Paracherkaoui.ma\",\"isPartOf\":{\"@id\":\"https:\/\/paracherkaoui.ma\/#website\"},\"primaryImageOfPage\":{\"@id\":\"https:\/\/paracherkaoui.ma\/index.php\/produit\/niacinaz-ecran-solaire-spf50-niacisun-family-uva-uvb-pa-200ml\/#primaryimage\"},\"image\":{\"@id\":\"https:\/\/paracherkaoui.ma\/index.php\/produit\/niacinaz-ecran-solaire-spf50-niacisun-family-uva-uvb-pa-200ml\/#primaryimage\"},\"thumbnailUrl\":\"https:\/\/paracherkaoui.ma\/wp-content\/uploads\/2025\/12\/niacinaz-ecran-solaire-spf50-niacisun-family-uva-uvb-pa-200ml.jpg\",\"datePublished\":\"2025-12-12T17:59:58+00:00\",\"dateModified\":\"2025-12-12T18:00:03+00:00\",\"breadcrumb\":{\"@id\":\"https:\/\/paracherkaoui.ma\/index.php\/produit\/niacinaz-ecran-solaire-spf50-niacisun-family-uva-uvb-pa-200ml\/#breadcrumb\"},\"inLanguage\":\"fr-FR\",\"potentialAction\":[{\"@type\":\"ReadAction\",\"target\":[\"https:\/\/paracherkaoui.ma\/index.php\/produit\/niacinaz-ecran-solaire-spf50-niacisun-family-uva-uvb-pa-200ml\/\"]}]},{\"@type\":\"ImageObject\",\"inLanguage\":\"fr-FR\",\"@id\":\"https:\/\/paracherkaoui.ma\/index.php\/produit\/niacinaz-ecran-solaire-spf50-niacisun-family-uva-uvb-pa-200ml\/#primaryimage\",\"url\":\"https:\/\/paracherkaoui.ma\/wp-content\/uploads\/2025\/12\/niacinaz-ecran-solaire-spf50-niacisun-family-uva-uvb-pa-200ml.jpg\",\"contentUrl\":\"https:\/\/paracherkaoui.ma\/wp-content\/uploads\/2025\/12\/niacinaz-ecran-solaire-spf50-niacisun-family-uva-uvb-pa-200ml.jpg\",\"width\":700,\"height\":700},{\"@type\":\"BreadcrumbList\",\"@id\":\"https:\/\/paracherkaoui.ma\/index.php\/produit\/niacinaz-ecran-solaire-spf50-niacisun-family-uva-uvb-pa-200ml\/#breadcrumb\",\"itemListElement\":[{\"@type\":\"ListItem\",\"position\":1,\"name\":\"Accueil\",\"item\":\"https:\/\/paracherkaoui.ma\/\"},{\"@type\":\"ListItem\",\"position\":2,\"name\":\"Boutique\",\"item\":\"https:\/\/paracherkaoui.ma\/index.php\/boutique\/\"},{\"@type\":\"ListItem\",\"position\":3,\"name\":\"NIACINAZ ECRAN SOLAIRE SPF50+ NIACISUN FAMILY UVA UVB PA++++ 200ML\"}]},{\"@type\":\"WebSite\",\"@id\":\"https:\/\/paracherkaoui.ma\/#website\",\"url\":\"https:\/\/paracherkaoui.ma\/\",\"name\":\"Paracherkaoui.ma\",\"description\":\"Achetez en ligne sur Paracherkaoui.ma\",\"potentialAction\":[{\"@type\":\"SearchAction\",\"target\":{\"@type\":\"EntryPoint\",\"urlTemplate\":\"https:\/\/paracherkaoui.ma\/?s={search_term_string}\"},\"query-input\":{\"@type\":\"PropertyValueSpecification\",\"valueRequired\":true,\"valueName\":\"search_term_string\"}}],\"inLanguage\":\"fr-FR\"}]}<\/script>\r\n<!-- \/ Yoast SEO plugin. -->","yoast_head_json":{"title":"NIACINAZ ECRAN SOLAIRE SPF50+ NIACISUN FAMILY UVA UVB PA++++ 200ML - Paracherkaoui.ma","robots":{"index":"index","follow":"follow","max-snippet":"max-snippet:-1","max-image-preview":"max-image-preview:large","max-video-preview":"max-video-preview:-1"},"canonical":"https:\/\/paracherkaoui.ma\/index.php\/produit\/niacinaz-ecran-solaire-spf50-niacisun-family-uva-uvb-pa-200ml\/","og_locale":"fr_FR","og_type":"article","og_title":"NIACINAZ ECRAN SOLAIRE SPF50+ NIACISUN FAMILY UVA UVB PA++++ 200ML - Paracherkaoui.ma","og_description":"Imaginez une cr\u00e8me solaire qui va bien au-del\u00e0 de la simple protection. Cet \u00e9cran solaire b\u00e9n\u00e9ficie d&rsquo;un indice de protection","og_url":"https:\/\/paracherkaoui.ma\/index.php\/produit\/niacinaz-ecran-solaire-spf50-niacisun-family-uva-uvb-pa-200ml\/","og_site_name":"Paracherkaoui.ma","article_modified_time":"2025-12-12T18:00:03+00:00","og_image":[{"width":700,"height":700,"url":"https:\/\/paracherkaoui.ma\/wp-content\/uploads\/2025\/12\/niacinaz-ecran-solaire-spf50-niacisun-family-uva-uvb-pa-200ml.jpg","type":"image\/jpeg"}],"twitter_card":"summary_large_image","twitter_misc":{"Dur\u00e9e de lecture estim\u00e9e":"2 minutes"},"schema":{"@context":"https:\/\/schema.org","@graph":[{"@type":"WebPage","@id":"https:\/\/paracherkaoui.ma\/index.php\/produit\/niacinaz-ecran-solaire-spf50-niacisun-family-uva-uvb-pa-200ml\/","url":"https:\/\/paracherkaoui.ma\/index.php\/produit\/niacinaz-ecran-solaire-spf50-niacisun-family-uva-uvb-pa-200ml\/","name":"NIACINAZ ECRAN SOLAIRE SPF50+ NIACISUN FAMILY UVA UVB PA++++ 200ML - Paracherkaoui.ma","isPartOf":{"@id":"https:\/\/paracherkaoui.ma\/#website"},"primaryImageOfPage":{"@id":"https:\/\/paracherkaoui.ma\/index.php\/produit\/niacinaz-ecran-solaire-spf50-niacisun-family-uva-uvb-pa-200ml\/#primaryimage"},"image":{"@id":"https:\/\/paracherkaoui.ma\/index.php\/produit\/niacinaz-ecran-solaire-spf50-niacisun-family-uva-uvb-pa-200ml\/#primaryimage"},"thumbnailUrl":"https:\/\/paracherkaoui.ma\/wp-content\/uploads\/2025\/12\/niacinaz-ecran-solaire-spf50-niacisun-family-uva-uvb-pa-200ml.jpg","datePublished":"2025-12-12T17:59:58+00:00","dateModified":"2025-12-12T18:00:03+00:00","breadcrumb":{"@id":"https:\/\/paracherkaoui.ma\/index.php\/produit\/niacinaz-ecran-solaire-spf50-niacisun-family-uva-uvb-pa-200ml\/#breadcrumb"},"inLanguage":"fr-FR","potentialAction":[{"@type":"ReadAction","target":["https:\/\/paracherkaoui.ma\/index.php\/produit\/niacinaz-ecran-solaire-spf50-niacisun-family-uva-uvb-pa-200ml\/"]}]},{"@type":"ImageObject","inLanguage":"fr-FR","@id":"https:\/\/paracherkaoui.ma\/index.php\/produit\/niacinaz-ecran-solaire-spf50-niacisun-family-uva-uvb-pa-200ml\/#primaryimage","url":"https:\/\/paracherkaoui.ma\/wp-content\/uploads\/2025\/12\/niacinaz-ecran-solaire-spf50-niacisun-family-uva-uvb-pa-200ml.jpg","contentUrl":"https:\/\/paracherkaoui.ma\/wp-content\/uploads\/2025\/12\/niacinaz-ecran-solaire-spf50-niacisun-family-uva-uvb-pa-200ml.jpg","width":700,"height":700},{"@type":"BreadcrumbList","@id":"https:\/\/paracherkaoui.ma\/index.php\/produit\/niacinaz-ecran-solaire-spf50-niacisun-family-uva-uvb-pa-200ml\/#breadcrumb","itemListElement":[{"@type":"ListItem","position":1,"name":"Accueil","item":"https:\/\/paracherkaoui.ma\/"},{"@type":"ListItem","position":2,"name":"Boutique","item":"https:\/\/paracherkaoui.ma\/index.php\/boutique\/"},{"@type":"ListItem","position":3,"name":"NIACINAZ ECRAN SOLAIRE SPF50+ NIACISUN FAMILY UVA UVB PA++++ 200ML"}]},{"@type":"WebSite","@id":"https:\/\/paracherkaoui.ma\/#website","url":"https:\/\/paracherkaoui.ma\/","name":"Paracherkaoui.ma","description":"Achetez en ligne sur Paracherkaoui.ma","potentialAction":[{"@type":"SearchAction","target":{"@type":"EntryPoint","urlTemplate":"https:\/\/paracherkaoui.ma\/?s={search_term_string}"},"query-input":{"@type":"PropertyValueSpecification","valueRequired":true,"valueName":"search_term_string"}}],"inLanguage":"fr-FR"}]}},"_links":{"self":[{"href":"https:\/\/paracherkaoui.ma\/index.php\/wp-json\/wp\/v2\/product\/38363","targetHints":{"allow":["GET"]}}],"collection":[{"href":"https:\/\/paracherkaoui.ma\/index.php\/wp-json\/wp\/v2\/product"}],"about":[{"href":"https:\/\/paracherkaoui.ma\/index.php\/wp-json\/wp\/v2\/types\/product"}],"replies":[{"embeddable":true,"href":"https:\/\/paracherkaoui.ma\/index.php\/wp-json\/wp\/v2\/comments?post=38363"}],"version-history":[{"count":1,"href":"https:\/\/paracherkaoui.ma\/index.php\/wp-json\/wp\/v2\/product\/38363\/revisions"}],"predecessor-version":[{"id":38400,"href":"https:\/\/paracherkaoui.ma\/index.php\/wp-json\/wp\/v2\/product\/38363\/revisions\/38400"}],"wp:featuredmedia":[{"embeddable":true,"href":"https:\/\/paracherkaoui.ma\/index.php\/wp-json\/wp\/v2\/media\/38399"}],"wp:attachment":[{"href":"https:\/\/paracherkaoui.ma\/index.php\/wp-json\/wp\/v2\/media?parent=38363"}],"wp:term":[{"taxonomy":"product_brand","embeddable":true,"href":"https:\/\/paracherkaoui.ma\/index.php\/wp-json\/wp\/v2\/product_brand?post=38363"},{"taxonomy":"product_cat","embeddable":true,"href":"https:\/\/paracherkaoui.ma\/index.php\/wp-json\/wp\/v2\/product_cat?post=38363"},{"taxonomy":"product_tag","embeddable":true,"href":"https:\/\/paracherkaoui.ma\/index.php\/wp-json\/wp\/v2\/product_tag?post=38363"}],"curies":[{"name":"wp","href":"https:\/\/api.w.org\/{rel}","templated":true}]}}