{"id":38362,"date":"2025-12-12T18:59:58","date_gmt":"2025-12-12T17:59:58","guid":{"rendered":"https:\/\/test.ecbeaute.com\/?post_type=product&#038;p=38362"},"modified":"2025-12-12T19:00:03","modified_gmt":"2025-12-12T18:00:03","slug":"skining-invisble-ecran-solaire-spf-50-fluide-peaux-grasses-50-ml","status":"publish","type":"product","link":"https:\/\/paracherkaoui.ma\/index.php\/produit\/skining-invisble-ecran-solaire-spf-50-fluide-peaux-grasses-50-ml\/","title":{"rendered":"SKINING INVISBLE ECRAN SOLAIRE SPF 50+ FLUIDE PEAUX GRASSES 50 ML"},"content":{"rendered":"<p>Ce soin solaire innovant agit comme un bouclier anti-UV gr\u00e2ce \u00e0 son indice SPF 50+, prot\u00e9geant efficacement la peau contre les rayons UVA et UVB, responsables du vieillissement cutan\u00e9 pr\u00e9matur\u00e9, des taches pigmentaires et des coups de soleil. En plus de sa fonction protectrice, il offre un effet camouflant naturel qui floute les imperfections tout en unifiant le teint, donnant \u00e0 la peau une brillance saine et ma\u00eetris\u00e9e.<br \/>\nAdapt\u00e9 aux peaux grasses, il ne laisse aucun fini gras ou collant. Au contraire, il offre une texture fluide invisible qui p\u00e9n\u00e8tre rapidement, laissant la peau douce, \u00e9clatante et prot\u00e9g\u00e9e toute la journ\u00e9e. L\u2019absence de filtres chimiques irritants en fait un alli\u00e9 de choix pour les peaux sensibles ou sujettes aux r\u00e9actions cutan\u00e9es.<br \/>\nConseils d&rsquo;utilisation<br \/>\nAppliquer g\u00e9n\u00e9reusement le produit sur le visage et les zones expos\u00e9es 15 \u00e0 20 minutes avant l\u2019exposition au soleil.<br \/>\nRenouveler l\u2019application toutes les 2 heures, surtout apr\u00e8s avoir transpir\u00e9, nag\u00e9 ou s\u2019\u00eatre essuy\u00e9.<br \/>\n\u00c9viter le contact avec les yeux.<br \/>\nEn compl\u00e9ment, porter un chapeau, des lunettes de soleil et \u00e9viter l\u2019exposition entre 12h et 16h.<\/p>\n","protected":false},"excerpt":{"rendered":"<p>Ce soin solaire innovant agit comme un bouclier anti-UV gr\u00e2ce \u00e0 son indice SPF 50+, prot\u00e9geant efficacement la peau contre<\/p>\n","protected":false},"featured_media":38397,"comment_status":"open","ping_status":"closed","template":"","meta":[],"product_brand":[448],"product_cat":[666],"product_tag":[],"class_list":{"0":"post-38362","1":"product","2":"type-product","3":"status-publish","4":"has-post-thumbnail","6":"product_brand-skining","7":"product_cat-cremes-solaires","9":"first","10":"instock","11":"sale","12":"shipping-taxable","13":"purchasable","14":"product-type-simple"},"yoast_head":"<!-- This site is optimized with the Yoast SEO plugin v26.6 - https:\/\/yoast.com\/wordpress\/plugins\/seo\/ -->\r\n<title>SKINING INVISBLE ECRAN SOLAIRE SPF 50+ FLUIDE PEAUX GRASSES 50 ML - Paracherkaoui.ma<\/title>\r\n<meta name=\"robots\" content=\"index, follow, max-snippet:-1, max-image-preview:large, max-video-preview:-1\" \/>\r\n<link rel=\"canonical\" href=\"https:\/\/paracherkaoui.ma\/index.php\/produit\/skining-invisble-ecran-solaire-spf-50-fluide-peaux-grasses-50-ml\/\" \/>\r\n<meta property=\"og:locale\" content=\"fr_FR\" \/>\r\n<meta property=\"og:type\" content=\"article\" \/>\r\n<meta property=\"og:title\" content=\"SKINING INVISBLE ECRAN SOLAIRE SPF 50+ FLUIDE PEAUX GRASSES 50 ML - Paracherkaoui.ma\" \/>\r\n<meta property=\"og:description\" content=\"Ce soin solaire innovant agit comme un bouclier anti-UV gr\u00e2ce \u00e0 son indice SPF 50+, prot\u00e9geant efficacement la peau contre\" \/>\r\n<meta property=\"og:url\" content=\"https:\/\/paracherkaoui.ma\/index.php\/produit\/skining-invisble-ecran-solaire-spf-50-fluide-peaux-grasses-50-ml\/\" \/>\r\n<meta property=\"og:site_name\" content=\"Paracherkaoui.ma\" \/>\r\n<meta property=\"article:modified_time\" content=\"2025-12-12T18:00:03+00:00\" \/>\r\n<meta property=\"og:image\" content=\"https:\/\/paracherkaoui.ma\/wp-content\/uploads\/2025\/12\/skining-skining-invisble-ecran-solaire-spf-50-fluide-peaux-grasses-50-ml-cremes-solaires.jpg\" \/>\r\n\t<meta property=\"og:image:width\" content=\"700\" \/>\r\n\t<meta property=\"og:image:height\" content=\"700\" \/>\r\n\t<meta property=\"og:image:type\" content=\"image\/jpeg\" \/>\r\n<meta name=\"twitter:card\" content=\"summary_large_image\" \/>\r\n<meta name=\"twitter:label1\" content=\"Dur\u00e9e de lecture estim\u00e9e\" \/>\n\t<meta name=\"twitter:data1\" content=\"1 minute\" \/>\r\n<script type=\"application\/ld+json\" class=\"yoast-schema-graph\">{\"@context\":\"https:\/\/schema.org\",\"@graph\":[{\"@type\":\"WebPage\",\"@id\":\"https:\/\/paracherkaoui.ma\/index.php\/produit\/skining-invisble-ecran-solaire-spf-50-fluide-peaux-grasses-50-ml\/\",\"url\":\"https:\/\/paracherkaoui.ma\/index.php\/produit\/skining-invisble-ecran-solaire-spf-50-fluide-peaux-grasses-50-ml\/\",\"name\":\"SKINING INVISBLE ECRAN SOLAIRE SPF 50+ FLUIDE PEAUX GRASSES 50 ML - Paracherkaoui.ma\",\"isPartOf\":{\"@id\":\"https:\/\/paracherkaoui.ma\/#website\"},\"primaryImageOfPage\":{\"@id\":\"https:\/\/paracherkaoui.ma\/index.php\/produit\/skining-invisble-ecran-solaire-spf-50-fluide-peaux-grasses-50-ml\/#primaryimage\"},\"image\":{\"@id\":\"https:\/\/paracherkaoui.ma\/index.php\/produit\/skining-invisble-ecran-solaire-spf-50-fluide-peaux-grasses-50-ml\/#primaryimage\"},\"thumbnailUrl\":\"https:\/\/paracherkaoui.ma\/wp-content\/uploads\/2025\/12\/skining-skining-invisble-ecran-solaire-spf-50-fluide-peaux-grasses-50-ml-cremes-solaires.jpg\",\"datePublished\":\"2025-12-12T17:59:58+00:00\",\"dateModified\":\"2025-12-12T18:00:03+00:00\",\"breadcrumb\":{\"@id\":\"https:\/\/paracherkaoui.ma\/index.php\/produit\/skining-invisble-ecran-solaire-spf-50-fluide-peaux-grasses-50-ml\/#breadcrumb\"},\"inLanguage\":\"fr-FR\",\"potentialAction\":[{\"@type\":\"ReadAction\",\"target\":[\"https:\/\/paracherkaoui.ma\/index.php\/produit\/skining-invisble-ecran-solaire-spf-50-fluide-peaux-grasses-50-ml\/\"]}]},{\"@type\":\"ImageObject\",\"inLanguage\":\"fr-FR\",\"@id\":\"https:\/\/paracherkaoui.ma\/index.php\/produit\/skining-invisble-ecran-solaire-spf-50-fluide-peaux-grasses-50-ml\/#primaryimage\",\"url\":\"https:\/\/paracherkaoui.ma\/wp-content\/uploads\/2025\/12\/skining-skining-invisble-ecran-solaire-spf-50-fluide-peaux-grasses-50-ml-cremes-solaires.jpg\",\"contentUrl\":\"https:\/\/paracherkaoui.ma\/wp-content\/uploads\/2025\/12\/skining-skining-invisble-ecran-solaire-spf-50-fluide-peaux-grasses-50-ml-cremes-solaires.jpg\",\"width\":700,\"height\":700},{\"@type\":\"BreadcrumbList\",\"@id\":\"https:\/\/paracherkaoui.ma\/index.php\/produit\/skining-invisble-ecran-solaire-spf-50-fluide-peaux-grasses-50-ml\/#breadcrumb\",\"itemListElement\":[{\"@type\":\"ListItem\",\"position\":1,\"name\":\"Accueil\",\"item\":\"https:\/\/paracherkaoui.ma\/\"},{\"@type\":\"ListItem\",\"position\":2,\"name\":\"Boutique\",\"item\":\"https:\/\/paracherkaoui.ma\/index.php\/boutique\/\"},{\"@type\":\"ListItem\",\"position\":3,\"name\":\"SKINING INVISBLE ECRAN SOLAIRE SPF 50+ FLUIDE PEAUX GRASSES 50 ML\"}]},{\"@type\":\"WebSite\",\"@id\":\"https:\/\/paracherkaoui.ma\/#website\",\"url\":\"https:\/\/paracherkaoui.ma\/\",\"name\":\"Paracherkaoui.ma\",\"description\":\"Achetez en ligne sur Paracherkaoui.ma\",\"potentialAction\":[{\"@type\":\"SearchAction\",\"target\":{\"@type\":\"EntryPoint\",\"urlTemplate\":\"https:\/\/paracherkaoui.ma\/?s={search_term_string}\"},\"query-input\":{\"@type\":\"PropertyValueSpecification\",\"valueRequired\":true,\"valueName\":\"search_term_string\"}}],\"inLanguage\":\"fr-FR\"}]}<\/script>\r\n<!-- \/ Yoast SEO plugin. -->","yoast_head_json":{"title":"SKINING INVISBLE ECRAN SOLAIRE SPF 50+ FLUIDE PEAUX GRASSES 50 ML - Paracherkaoui.ma","robots":{"index":"index","follow":"follow","max-snippet":"max-snippet:-1","max-image-preview":"max-image-preview:large","max-video-preview":"max-video-preview:-1"},"canonical":"https:\/\/paracherkaoui.ma\/index.php\/produit\/skining-invisble-ecran-solaire-spf-50-fluide-peaux-grasses-50-ml\/","og_locale":"fr_FR","og_type":"article","og_title":"SKINING INVISBLE ECRAN SOLAIRE SPF 50+ FLUIDE PEAUX GRASSES 50 ML - Paracherkaoui.ma","og_description":"Ce soin solaire innovant agit comme un bouclier anti-UV gr\u00e2ce \u00e0 son indice SPF 50+, prot\u00e9geant efficacement la peau contre","og_url":"https:\/\/paracherkaoui.ma\/index.php\/produit\/skining-invisble-ecran-solaire-spf-50-fluide-peaux-grasses-50-ml\/","og_site_name":"Paracherkaoui.ma","article_modified_time":"2025-12-12T18:00:03+00:00","og_image":[{"width":700,"height":700,"url":"https:\/\/paracherkaoui.ma\/wp-content\/uploads\/2025\/12\/skining-skining-invisble-ecran-solaire-spf-50-fluide-peaux-grasses-50-ml-cremes-solaires.jpg","type":"image\/jpeg"}],"twitter_card":"summary_large_image","twitter_misc":{"Dur\u00e9e de lecture estim\u00e9e":"1 minute"},"schema":{"@context":"https:\/\/schema.org","@graph":[{"@type":"WebPage","@id":"https:\/\/paracherkaoui.ma\/index.php\/produit\/skining-invisble-ecran-solaire-spf-50-fluide-peaux-grasses-50-ml\/","url":"https:\/\/paracherkaoui.ma\/index.php\/produit\/skining-invisble-ecran-solaire-spf-50-fluide-peaux-grasses-50-ml\/","name":"SKINING INVISBLE ECRAN SOLAIRE SPF 50+ FLUIDE PEAUX GRASSES 50 ML - Paracherkaoui.ma","isPartOf":{"@id":"https:\/\/paracherkaoui.ma\/#website"},"primaryImageOfPage":{"@id":"https:\/\/paracherkaoui.ma\/index.php\/produit\/skining-invisble-ecran-solaire-spf-50-fluide-peaux-grasses-50-ml\/#primaryimage"},"image":{"@id":"https:\/\/paracherkaoui.ma\/index.php\/produit\/skining-invisble-ecran-solaire-spf-50-fluide-peaux-grasses-50-ml\/#primaryimage"},"thumbnailUrl":"https:\/\/paracherkaoui.ma\/wp-content\/uploads\/2025\/12\/skining-skining-invisble-ecran-solaire-spf-50-fluide-peaux-grasses-50-ml-cremes-solaires.jpg","datePublished":"2025-12-12T17:59:58+00:00","dateModified":"2025-12-12T18:00:03+00:00","breadcrumb":{"@id":"https:\/\/paracherkaoui.ma\/index.php\/produit\/skining-invisble-ecran-solaire-spf-50-fluide-peaux-grasses-50-ml\/#breadcrumb"},"inLanguage":"fr-FR","potentialAction":[{"@type":"ReadAction","target":["https:\/\/paracherkaoui.ma\/index.php\/produit\/skining-invisble-ecran-solaire-spf-50-fluide-peaux-grasses-50-ml\/"]}]},{"@type":"ImageObject","inLanguage":"fr-FR","@id":"https:\/\/paracherkaoui.ma\/index.php\/produit\/skining-invisble-ecran-solaire-spf-50-fluide-peaux-grasses-50-ml\/#primaryimage","url":"https:\/\/paracherkaoui.ma\/wp-content\/uploads\/2025\/12\/skining-skining-invisble-ecran-solaire-spf-50-fluide-peaux-grasses-50-ml-cremes-solaires.jpg","contentUrl":"https:\/\/paracherkaoui.ma\/wp-content\/uploads\/2025\/12\/skining-skining-invisble-ecran-solaire-spf-50-fluide-peaux-grasses-50-ml-cremes-solaires.jpg","width":700,"height":700},{"@type":"BreadcrumbList","@id":"https:\/\/paracherkaoui.ma\/index.php\/produit\/skining-invisble-ecran-solaire-spf-50-fluide-peaux-grasses-50-ml\/#breadcrumb","itemListElement":[{"@type":"ListItem","position":1,"name":"Accueil","item":"https:\/\/paracherkaoui.ma\/"},{"@type":"ListItem","position":2,"name":"Boutique","item":"https:\/\/paracherkaoui.ma\/index.php\/boutique\/"},{"@type":"ListItem","position":3,"name":"SKINING INVISBLE ECRAN SOLAIRE SPF 50+ FLUIDE PEAUX GRASSES 50 ML"}]},{"@type":"WebSite","@id":"https:\/\/paracherkaoui.ma\/#website","url":"https:\/\/paracherkaoui.ma\/","name":"Paracherkaoui.ma","description":"Achetez en ligne sur Paracherkaoui.ma","potentialAction":[{"@type":"SearchAction","target":{"@type":"EntryPoint","urlTemplate":"https:\/\/paracherkaoui.ma\/?s={search_term_string}"},"query-input":{"@type":"PropertyValueSpecification","valueRequired":true,"valueName":"search_term_string"}}],"inLanguage":"fr-FR"}]}},"_links":{"self":[{"href":"https:\/\/paracherkaoui.ma\/index.php\/wp-json\/wp\/v2\/product\/38362","targetHints":{"allow":["GET"]}}],"collection":[{"href":"https:\/\/paracherkaoui.ma\/index.php\/wp-json\/wp\/v2\/product"}],"about":[{"href":"https:\/\/paracherkaoui.ma\/index.php\/wp-json\/wp\/v2\/types\/product"}],"replies":[{"embeddable":true,"href":"https:\/\/paracherkaoui.ma\/index.php\/wp-json\/wp\/v2\/comments?post=38362"}],"version-history":[{"count":1,"href":"https:\/\/paracherkaoui.ma\/index.php\/wp-json\/wp\/v2\/product\/38362\/revisions"}],"predecessor-version":[{"id":38398,"href":"https:\/\/paracherkaoui.ma\/index.php\/wp-json\/wp\/v2\/product\/38362\/revisions\/38398"}],"wp:featuredmedia":[{"embeddable":true,"href":"https:\/\/paracherkaoui.ma\/index.php\/wp-json\/wp\/v2\/media\/38397"}],"wp:attachment":[{"href":"https:\/\/paracherkaoui.ma\/index.php\/wp-json\/wp\/v2\/media?parent=38362"}],"wp:term":[{"taxonomy":"product_brand","embeddable":true,"href":"https:\/\/paracherkaoui.ma\/index.php\/wp-json\/wp\/v2\/product_brand?post=38362"},{"taxonomy":"product_cat","embeddable":true,"href":"https:\/\/paracherkaoui.ma\/index.php\/wp-json\/wp\/v2\/product_cat?post=38362"},{"taxonomy":"product_tag","embeddable":true,"href":"https:\/\/paracherkaoui.ma\/index.php\/wp-json\/wp\/v2\/product_tag?post=38362"}],"curies":[{"name":"wp","href":"https:\/\/api.w.org\/{rel}","templated":true}]}}