{"id":38355,"date":"2025-12-12T18:59:58","date_gmt":"2025-12-12T17:59:58","guid":{"rendered":"https:\/\/test.ecbeaute.com\/?post_type=product&#038;p=38355"},"modified":"2025-12-12T19:00:00","modified_gmt":"2025-12-12T18:00:00","slug":"biotherm-waterlover-creme-protection-spf-50jeunesse-50-ml","status":"publish","type":"product","link":"https:\/\/paracherkaoui.ma\/index.php\/produit\/biotherm-waterlover-creme-protection-spf-50jeunesse-50-ml\/","title":{"rendered":"BIOTHERM WATERLOVER CREME PROTECTION SPF 50+JEUNESSE 50 ML"},"content":{"rendered":"<p>Con\u00e7ue pour offrir une tr\u00e8s haute protection, cette formule innovante est cliniquement prouv\u00e9e pour d\u00e9fendre votre peau contre les effets n\u00e9fastes des UVA et UVB. Les UVA sont responsables du vieillissement cutan\u00e9, des rides et des taches pigmentaires, tandis que les UVB causent les coups de soleil et peuvent endommager l&rsquo;ADN des cellules. Avec un SPF 50+, vous b\u00e9n\u00e9ficiez d&rsquo;une barri\u00e8re quasi imp\u00e9n\u00e9trable, essentielle pour toutes les expositions, qu&rsquo;elles soient quotidiennes ou intenses.<br \/>\nMais la Waterlover Cr\u00e8me Protection n&rsquo;est pas qu&rsquo;une simple cr\u00e8me solaire. Biotherm a int\u00e9gr\u00e9 au c\u0153ur de sa formule des actifs puissants pour une action anti-\u00e2ge cibl\u00e9e :<br \/>\nLa Niacinamide (Vitamine B3) est un ingr\u00e9dient multifonctionnel reconnu pour ses nombreux bienfaits. Elle aide \u00e0 renforcer la barri\u00e8re cutan\u00e9e, \u00e0 r\u00e9duire les rougeurs, \u00e0 am\u00e9liorer l&rsquo;\u00e9lasticit\u00e9 de la peau et, surtout, \u00e0 pr\u00e9venir l&rsquo;apparition des taches pigmentaires caus\u00e9es par le soleil.<br \/>\nLes fractions de probiotiques de Plancton de Vie\u2122 sont l&rsquo;ingr\u00e9dient signature et exclusif de Biotherm. Ce micro-organisme unique est un puissant r\u00e9g\u00e9n\u00e9rant cutan\u00e9 qui stimule les m\u00e9canismes de d\u00e9fense naturels de la peau. Il aide \u00e0 r\u00e9parer les dommages cellulaires et \u00e0 revitaliser l&rsquo;\u00e9piderme, rendant la peau plus r\u00e9sistante face aux agressions environnementales et au stress oxydatif.<br \/>\nLa combinaison experte de la Niacinamide et des fractions de probiotiques de Plancton de Vie\u2122 travaille en synergie pour pr\u00e9venir les signes pr\u00e9matur\u00e9s de l&rsquo;\u00e2ge dus \u00e0 une exposition aux UV, tels que l&rsquo;apparition des taches et des rides. Vous prot\u00e9gez non seulement votre peau des coups de soleil, mais vous agissez aussi activement pour maintenir sa jeunesse, sa fermet\u00e9 et son uniformit\u00e9 sur le long terme.<br \/>\nConseils d&rsquo;utilisation :<br \/>\nAppliquez la cr\u00e8me solaire chaque matin comme derni\u00e8re \u00e9tape de votre routine de soin visage, ou avant toute exposition au soleil.<br \/>\nComposition :<br \/>\nAQUA \/ WATER \/ EAU \u2022 GLYCERIN \u2022 ISOPROPYL PALMITATE \u2022 BIS-ETHYLHEXYLOXYPHENOL METHOXYPHENYL TRIAZINE \u2022 ETHYLHEXYL SALICYLATE \u2022 PENTYLENE GLYCOL \u2022 BUTYL METHOXYDIBENZOYLMETHANE \u2022 ALCOHOL DENAT. \u2022 ETHYLHEXYL TRIAZONE \u2022 ZEA MAYS STARCH \/ CORN STARCH \u2022 POTASSIUM CETYL PHOSPHATE \u2022 NIACINAMIDE \u2022 PARFUM \/ FRAGRANCE \u2022 DIISOPROPYL SEBACATE \u2022 ORYZA SATIVA CERA \/ RICE BRAN WAX \u2022 STEARIC ACID \u2022 PALMITIC ACID \u2022 GLYCERYL STEARATE \u2022 PEG-100 STEARATE \u2022 TRIETHANOLAMINE \u2022 CAPRYLYL GLYCOL \u2022 ACRYLATES\/C10-30 ALKYL ACRYLATE CROSSPOLYMER \u2022 DROMETRIZOLE TRISILOXANE \u2022 TRISODIUM ETHYLENEDIAMINE DISUCCINATE \u2022 TOCOPHEROL \u2022 XANTHAN GUM \u2022 BUTYROSPERMUM PARKII BUTTER \/ SHEA BUTTER \u2022 MYRISTIC ACID \u2022 VITREOSCILLA FERMENT \u2022 CITRIC ACID<\/p>\n","protected":false},"excerpt":{"rendered":"<p>Con\u00e7ue pour offrir une tr\u00e8s haute protection, cette formule innovante est cliniquement prouv\u00e9e pour d\u00e9fendre votre peau contre les effets<\/p>\n","protected":false},"featured_media":38383,"comment_status":"open","ping_status":"closed","template":"","meta":[],"product_brand":[391],"product_cat":[666],"product_tag":[],"class_list":{"0":"post-38355","1":"product","2":"type-product","3":"status-publish","4":"has-post-thumbnail","6":"product_brand-biotherm","7":"product_cat-cremes-solaires","9":"first","10":"instock","11":"shipping-taxable","12":"purchasable","13":"product-type-simple"},"yoast_head":"<!-- This site is optimized with the Yoast SEO plugin v26.6 - https:\/\/yoast.com\/wordpress\/plugins\/seo\/ -->\r\n<title>BIOTHERM WATERLOVER CREME PROTECTION SPF 50+JEUNESSE 50 ML - Paracherkaoui.ma<\/title>\r\n<meta name=\"robots\" content=\"index, follow, max-snippet:-1, max-image-preview:large, max-video-preview:-1\" \/>\r\n<link rel=\"canonical\" href=\"https:\/\/paracherkaoui.ma\/index.php\/produit\/biotherm-waterlover-creme-protection-spf-50jeunesse-50-ml\/\" \/>\r\n<meta property=\"og:locale\" content=\"fr_FR\" \/>\r\n<meta property=\"og:type\" content=\"article\" \/>\r\n<meta property=\"og:title\" content=\"BIOTHERM WATERLOVER CREME PROTECTION SPF 50+JEUNESSE 50 ML - Paracherkaoui.ma\" \/>\r\n<meta property=\"og:description\" content=\"Con\u00e7ue pour offrir une tr\u00e8s haute protection, cette formule innovante est cliniquement prouv\u00e9e pour d\u00e9fendre votre peau contre les effets\" \/>\r\n<meta property=\"og:url\" content=\"https:\/\/paracherkaoui.ma\/index.php\/produit\/biotherm-waterlover-creme-protection-spf-50jeunesse-50-ml\/\" \/>\r\n<meta property=\"og:site_name\" content=\"Paracherkaoui.ma\" \/>\r\n<meta property=\"article:modified_time\" content=\"2025-12-12T18:00:00+00:00\" \/>\r\n<meta property=\"og:image\" content=\"https:\/\/paracherkaoui.ma\/wp-content\/uploads\/2025\/12\/biotherm-biotherm-waterlover-creme-protection-spf-50-jeunesse-50-ml-cremes-solaires.jpg\" \/>\r\n\t<meta property=\"og:image:width\" content=\"700\" \/>\r\n\t<meta property=\"og:image:height\" content=\"700\" \/>\r\n\t<meta property=\"og:image:type\" content=\"image\/jpeg\" \/>\r\n<meta name=\"twitter:card\" content=\"summary_large_image\" \/>\r\n<meta name=\"twitter:label1\" content=\"Dur\u00e9e de lecture estim\u00e9e\" \/>\n\t<meta name=\"twitter:data1\" content=\"2 minutes\" \/>\r\n<script type=\"application\/ld+json\" class=\"yoast-schema-graph\">{\"@context\":\"https:\/\/schema.org\",\"@graph\":[{\"@type\":\"WebPage\",\"@id\":\"https:\/\/paracherkaoui.ma\/index.php\/produit\/biotherm-waterlover-creme-protection-spf-50jeunesse-50-ml\/\",\"url\":\"https:\/\/paracherkaoui.ma\/index.php\/produit\/biotherm-waterlover-creme-protection-spf-50jeunesse-50-ml\/\",\"name\":\"BIOTHERM WATERLOVER CREME PROTECTION SPF 50+JEUNESSE 50 ML - Paracherkaoui.ma\",\"isPartOf\":{\"@id\":\"https:\/\/paracherkaoui.ma\/#website\"},\"primaryImageOfPage\":{\"@id\":\"https:\/\/paracherkaoui.ma\/index.php\/produit\/biotherm-waterlover-creme-protection-spf-50jeunesse-50-ml\/#primaryimage\"},\"image\":{\"@id\":\"https:\/\/paracherkaoui.ma\/index.php\/produit\/biotherm-waterlover-creme-protection-spf-50jeunesse-50-ml\/#primaryimage\"},\"thumbnailUrl\":\"https:\/\/paracherkaoui.ma\/wp-content\/uploads\/2025\/12\/biotherm-biotherm-waterlover-creme-protection-spf-50-jeunesse-50-ml-cremes-solaires.jpg\",\"datePublished\":\"2025-12-12T17:59:58+00:00\",\"dateModified\":\"2025-12-12T18:00:00+00:00\",\"breadcrumb\":{\"@id\":\"https:\/\/paracherkaoui.ma\/index.php\/produit\/biotherm-waterlover-creme-protection-spf-50jeunesse-50-ml\/#breadcrumb\"},\"inLanguage\":\"fr-FR\",\"potentialAction\":[{\"@type\":\"ReadAction\",\"target\":[\"https:\/\/paracherkaoui.ma\/index.php\/produit\/biotherm-waterlover-creme-protection-spf-50jeunesse-50-ml\/\"]}]},{\"@type\":\"ImageObject\",\"inLanguage\":\"fr-FR\",\"@id\":\"https:\/\/paracherkaoui.ma\/index.php\/produit\/biotherm-waterlover-creme-protection-spf-50jeunesse-50-ml\/#primaryimage\",\"url\":\"https:\/\/paracherkaoui.ma\/wp-content\/uploads\/2025\/12\/biotherm-biotherm-waterlover-creme-protection-spf-50-jeunesse-50-ml-cremes-solaires.jpg\",\"contentUrl\":\"https:\/\/paracherkaoui.ma\/wp-content\/uploads\/2025\/12\/biotherm-biotherm-waterlover-creme-protection-spf-50-jeunesse-50-ml-cremes-solaires.jpg\",\"width\":700,\"height\":700},{\"@type\":\"BreadcrumbList\",\"@id\":\"https:\/\/paracherkaoui.ma\/index.php\/produit\/biotherm-waterlover-creme-protection-spf-50jeunesse-50-ml\/#breadcrumb\",\"itemListElement\":[{\"@type\":\"ListItem\",\"position\":1,\"name\":\"Accueil\",\"item\":\"https:\/\/paracherkaoui.ma\/\"},{\"@type\":\"ListItem\",\"position\":2,\"name\":\"Boutique\",\"item\":\"https:\/\/paracherkaoui.ma\/index.php\/boutique\/\"},{\"@type\":\"ListItem\",\"position\":3,\"name\":\"BIOTHERM WATERLOVER CREME PROTECTION SPF 50+JEUNESSE 50 ML\"}]},{\"@type\":\"WebSite\",\"@id\":\"https:\/\/paracherkaoui.ma\/#website\",\"url\":\"https:\/\/paracherkaoui.ma\/\",\"name\":\"Paracherkaoui.ma\",\"description\":\"Achetez en ligne sur Paracherkaoui.ma\",\"potentialAction\":[{\"@type\":\"SearchAction\",\"target\":{\"@type\":\"EntryPoint\",\"urlTemplate\":\"https:\/\/paracherkaoui.ma\/?s={search_term_string}\"},\"query-input\":{\"@type\":\"PropertyValueSpecification\",\"valueRequired\":true,\"valueName\":\"search_term_string\"}}],\"inLanguage\":\"fr-FR\"}]}<\/script>\r\n<!-- \/ Yoast SEO plugin. -->","yoast_head_json":{"title":"BIOTHERM WATERLOVER CREME PROTECTION SPF 50+JEUNESSE 50 ML - Paracherkaoui.ma","robots":{"index":"index","follow":"follow","max-snippet":"max-snippet:-1","max-image-preview":"max-image-preview:large","max-video-preview":"max-video-preview:-1"},"canonical":"https:\/\/paracherkaoui.ma\/index.php\/produit\/biotherm-waterlover-creme-protection-spf-50jeunesse-50-ml\/","og_locale":"fr_FR","og_type":"article","og_title":"BIOTHERM WATERLOVER CREME PROTECTION SPF 50+JEUNESSE 50 ML - Paracherkaoui.ma","og_description":"Con\u00e7ue pour offrir une tr\u00e8s haute protection, cette formule innovante est cliniquement prouv\u00e9e pour d\u00e9fendre votre peau contre les effets","og_url":"https:\/\/paracherkaoui.ma\/index.php\/produit\/biotherm-waterlover-creme-protection-spf-50jeunesse-50-ml\/","og_site_name":"Paracherkaoui.ma","article_modified_time":"2025-12-12T18:00:00+00:00","og_image":[{"width":700,"height":700,"url":"https:\/\/paracherkaoui.ma\/wp-content\/uploads\/2025\/12\/biotherm-biotherm-waterlover-creme-protection-spf-50-jeunesse-50-ml-cremes-solaires.jpg","type":"image\/jpeg"}],"twitter_card":"summary_large_image","twitter_misc":{"Dur\u00e9e de lecture estim\u00e9e":"2 minutes"},"schema":{"@context":"https:\/\/schema.org","@graph":[{"@type":"WebPage","@id":"https:\/\/paracherkaoui.ma\/index.php\/produit\/biotherm-waterlover-creme-protection-spf-50jeunesse-50-ml\/","url":"https:\/\/paracherkaoui.ma\/index.php\/produit\/biotherm-waterlover-creme-protection-spf-50jeunesse-50-ml\/","name":"BIOTHERM WATERLOVER CREME PROTECTION SPF 50+JEUNESSE 50 ML - Paracherkaoui.ma","isPartOf":{"@id":"https:\/\/paracherkaoui.ma\/#website"},"primaryImageOfPage":{"@id":"https:\/\/paracherkaoui.ma\/index.php\/produit\/biotherm-waterlover-creme-protection-spf-50jeunesse-50-ml\/#primaryimage"},"image":{"@id":"https:\/\/paracherkaoui.ma\/index.php\/produit\/biotherm-waterlover-creme-protection-spf-50jeunesse-50-ml\/#primaryimage"},"thumbnailUrl":"https:\/\/paracherkaoui.ma\/wp-content\/uploads\/2025\/12\/biotherm-biotherm-waterlover-creme-protection-spf-50-jeunesse-50-ml-cremes-solaires.jpg","datePublished":"2025-12-12T17:59:58+00:00","dateModified":"2025-12-12T18:00:00+00:00","breadcrumb":{"@id":"https:\/\/paracherkaoui.ma\/index.php\/produit\/biotherm-waterlover-creme-protection-spf-50jeunesse-50-ml\/#breadcrumb"},"inLanguage":"fr-FR","potentialAction":[{"@type":"ReadAction","target":["https:\/\/paracherkaoui.ma\/index.php\/produit\/biotherm-waterlover-creme-protection-spf-50jeunesse-50-ml\/"]}]},{"@type":"ImageObject","inLanguage":"fr-FR","@id":"https:\/\/paracherkaoui.ma\/index.php\/produit\/biotherm-waterlover-creme-protection-spf-50jeunesse-50-ml\/#primaryimage","url":"https:\/\/paracherkaoui.ma\/wp-content\/uploads\/2025\/12\/biotherm-biotherm-waterlover-creme-protection-spf-50-jeunesse-50-ml-cremes-solaires.jpg","contentUrl":"https:\/\/paracherkaoui.ma\/wp-content\/uploads\/2025\/12\/biotherm-biotherm-waterlover-creme-protection-spf-50-jeunesse-50-ml-cremes-solaires.jpg","width":700,"height":700},{"@type":"BreadcrumbList","@id":"https:\/\/paracherkaoui.ma\/index.php\/produit\/biotherm-waterlover-creme-protection-spf-50jeunesse-50-ml\/#breadcrumb","itemListElement":[{"@type":"ListItem","position":1,"name":"Accueil","item":"https:\/\/paracherkaoui.ma\/"},{"@type":"ListItem","position":2,"name":"Boutique","item":"https:\/\/paracherkaoui.ma\/index.php\/boutique\/"},{"@type":"ListItem","position":3,"name":"BIOTHERM WATERLOVER CREME PROTECTION SPF 50+JEUNESSE 50 ML"}]},{"@type":"WebSite","@id":"https:\/\/paracherkaoui.ma\/#website","url":"https:\/\/paracherkaoui.ma\/","name":"Paracherkaoui.ma","description":"Achetez en ligne sur Paracherkaoui.ma","potentialAction":[{"@type":"SearchAction","target":{"@type":"EntryPoint","urlTemplate":"https:\/\/paracherkaoui.ma\/?s={search_term_string}"},"query-input":{"@type":"PropertyValueSpecification","valueRequired":true,"valueName":"search_term_string"}}],"inLanguage":"fr-FR"}]}},"_links":{"self":[{"href":"https:\/\/paracherkaoui.ma\/index.php\/wp-json\/wp\/v2\/product\/38355","targetHints":{"allow":["GET"]}}],"collection":[{"href":"https:\/\/paracherkaoui.ma\/index.php\/wp-json\/wp\/v2\/product"}],"about":[{"href":"https:\/\/paracherkaoui.ma\/index.php\/wp-json\/wp\/v2\/types\/product"}],"replies":[{"embeddable":true,"href":"https:\/\/paracherkaoui.ma\/index.php\/wp-json\/wp\/v2\/comments?post=38355"}],"version-history":[{"count":1,"href":"https:\/\/paracherkaoui.ma\/index.php\/wp-json\/wp\/v2\/product\/38355\/revisions"}],"predecessor-version":[{"id":38384,"href":"https:\/\/paracherkaoui.ma\/index.php\/wp-json\/wp\/v2\/product\/38355\/revisions\/38384"}],"wp:featuredmedia":[{"embeddable":true,"href":"https:\/\/paracherkaoui.ma\/index.php\/wp-json\/wp\/v2\/media\/38383"}],"wp:attachment":[{"href":"https:\/\/paracherkaoui.ma\/index.php\/wp-json\/wp\/v2\/media?parent=38355"}],"wp:term":[{"taxonomy":"product_brand","embeddable":true,"href":"https:\/\/paracherkaoui.ma\/index.php\/wp-json\/wp\/v2\/product_brand?post=38355"},{"taxonomy":"product_cat","embeddable":true,"href":"https:\/\/paracherkaoui.ma\/index.php\/wp-json\/wp\/v2\/product_cat?post=38355"},{"taxonomy":"product_tag","embeddable":true,"href":"https:\/\/paracherkaoui.ma\/index.php\/wp-json\/wp\/v2\/product_tag?post=38355"}],"curies":[{"name":"wp","href":"https:\/\/api.w.org\/{rel}","templated":true}]}}