{"id":38354,"date":"2025-12-12T18:59:58","date_gmt":"2025-12-12T17:59:58","guid":{"rendered":"https:\/\/test.ecbeaute.com\/?post_type=product&#038;p=38354"},"modified":"2025-12-12T19:00:00","modified_gmt":"2025-12-12T18:00:00","slug":"uriage-bariesun-spf50-stick-solaire-mineral-18-g","status":"publish","type":"product","link":"https:\/\/paracherkaoui.ma\/index.php\/produit\/uriage-bariesun-spf50-stick-solaire-mineral-18-g\/","title":{"rendered":"URIAGE BARIESUN SPF50+ STICK SOLAIRE MINERAL 18 G"},"content":{"rendered":"<p>Ce stick solaire min\u00e9ral est enrichi en dioxyde de titane [nano] et oxyde de zinc [nano], deux filtres 100 % min\u00e9raux qui refl\u00e8tent les rayons UV comme un bouclier, sans p\u00e9n\u00e9trer la peau. Il convient parfaitement aux zones localis\u00e9es sensibles comme le nez, les pommettes, les cicatrices, les tatouages, ou encore les taches pigmentaires. Sa texture invisible, non grasse et r\u00e9sistante \u00e0 l\u2019eau, le rend indispensable pour toutes vos activit\u00e9s ext\u00e9rieures, en mer comme \u00e0 la montagne.<br \/>\nFormul\u00e9 sans parfum, sans conservateurs et sans parab\u00e8nes, le stick solaire min\u00e9ral URIAGE Bari\u00e9sun contient \u00e9galement des agents hydratants et protecteurs comme le beurre de karit\u00e9, l\u2019huile de ricin ou encore l\u2019ac\u00e9tate de tocoph\u00e9ryle (vitamine E), aux propri\u00e9t\u00e9s antioxydantes. Il s\u2019applique facilement, ne colle pas et ne laisse aucune trace blanche.<br \/>\nCompact, pratique et \u00e9cologique, ce stick vous accompagne partout, pour une protection solaire localis\u00e9e et optimale. Id\u00e9al pour les enfants comme pour les adultes, il r\u00e9pond aux besoins des peaux r\u00e9actives ou expos\u00e9es \u00e0 des conditions extr\u00eames.<br \/>\nConseils d\u2019utilisation<br \/>\nAppliquez le stick uniform\u00e9ment sur les zones sensibles ou localis\u00e9es du visage et du corps (nez, pommettes, oreilles, cicatrices, tatouages\u2026).<br \/>\nRenouvelez fr\u00e9quemment l\u2019application, surtout apr\u00e8s la baignade, le sport ou le frottement.<br \/>\n\u00c9vitez le contact avec les yeux.<br \/>\nNe pas exposer les b\u00e9b\u00e9s et jeunes enfants directement au soleil.<br \/>\nComposition<br \/>\nOctyldodecanol, Titanium Dioxide [nano], Synthetic Wax, Bis-Diglyceryl Polyacyladipate-2, Butylene Glycol Cocoate, Zinc Oxide [nano], Cera Alba, CI 77891, Hydrogenated Castor Oil, Dipentaerythrityl Tetrahydroxystearate\/Tetraisostearate, Stearic Acid, Alumina, Aqua, Mica, Ricinus Communis Seed Oil, Tocopheryl Acetate, Butyrospermum Parkii Butter, CI 77492, Triethoxycaprylylsilane, CI 77491, Ascorbyl Palmitate<\/p>\n","protected":false},"excerpt":{"rendered":"<p>Ce stick solaire min\u00e9ral est enrichi en dioxyde de titane [nano] et oxyde de zinc [nano], deux filtres 100 %<\/p>\n","protected":false},"featured_media":38381,"comment_status":"open","ping_status":"closed","template":"","meta":[],"product_brand":[130],"product_cat":[666],"product_tag":[],"class_list":{"0":"post-38354","1":"product","2":"type-product","3":"status-publish","4":"has-post-thumbnail","6":"product_brand-uriage","7":"product_cat-cremes-solaires","9":"first","10":"instock","11":"sale","12":"shipping-taxable","13":"purchasable","14":"product-type-simple"},"yoast_head":"<!-- This site is optimized with the Yoast SEO plugin v26.6 - https:\/\/yoast.com\/wordpress\/plugins\/seo\/ -->\r\n<title>URIAGE BARIESUN SPF50+ STICK SOLAIRE MINERAL 18 G - Paracherkaoui.ma<\/title>\r\n<meta name=\"robots\" content=\"index, follow, max-snippet:-1, max-image-preview:large, max-video-preview:-1\" \/>\r\n<link rel=\"canonical\" href=\"https:\/\/paracherkaoui.ma\/index.php\/produit\/uriage-bariesun-spf50-stick-solaire-mineral-18-g\/\" \/>\r\n<meta property=\"og:locale\" content=\"fr_FR\" \/>\r\n<meta property=\"og:type\" content=\"article\" \/>\r\n<meta property=\"og:title\" content=\"URIAGE BARIESUN SPF50+ STICK SOLAIRE MINERAL 18 G - Paracherkaoui.ma\" \/>\r\n<meta property=\"og:description\" content=\"Ce stick solaire min\u00e9ral est enrichi en dioxyde de titane [nano] et oxyde de zinc [nano], deux filtres 100 %\" \/>\r\n<meta property=\"og:url\" content=\"https:\/\/paracherkaoui.ma\/index.php\/produit\/uriage-bariesun-spf50-stick-solaire-mineral-18-g\/\" \/>\r\n<meta property=\"og:site_name\" content=\"Paracherkaoui.ma\" \/>\r\n<meta property=\"article:modified_time\" content=\"2025-12-12T18:00:00+00:00\" \/>\r\n<meta property=\"og:image\" content=\"https:\/\/paracherkaoui.ma\/wp-content\/uploads\/2025\/12\/uriage-uriage-bariesun-spf50-stick-solaire-mineral-18-g-cremes-solaires.jpg\" \/>\r\n\t<meta property=\"og:image:width\" content=\"700\" \/>\r\n\t<meta property=\"og:image:height\" content=\"700\" \/>\r\n\t<meta property=\"og:image:type\" content=\"image\/jpeg\" \/>\r\n<meta name=\"twitter:card\" content=\"summary_large_image\" \/>\r\n<meta name=\"twitter:label1\" content=\"Dur\u00e9e de lecture estim\u00e9e\" \/>\n\t<meta name=\"twitter:data1\" content=\"1 minute\" \/>\r\n<script type=\"application\/ld+json\" class=\"yoast-schema-graph\">{\"@context\":\"https:\/\/schema.org\",\"@graph\":[{\"@type\":\"WebPage\",\"@id\":\"https:\/\/paracherkaoui.ma\/index.php\/produit\/uriage-bariesun-spf50-stick-solaire-mineral-18-g\/\",\"url\":\"https:\/\/paracherkaoui.ma\/index.php\/produit\/uriage-bariesun-spf50-stick-solaire-mineral-18-g\/\",\"name\":\"URIAGE BARIESUN SPF50+ STICK SOLAIRE MINERAL 18 G - Paracherkaoui.ma\",\"isPartOf\":{\"@id\":\"https:\/\/paracherkaoui.ma\/#website\"},\"primaryImageOfPage\":{\"@id\":\"https:\/\/paracherkaoui.ma\/index.php\/produit\/uriage-bariesun-spf50-stick-solaire-mineral-18-g\/#primaryimage\"},\"image\":{\"@id\":\"https:\/\/paracherkaoui.ma\/index.php\/produit\/uriage-bariesun-spf50-stick-solaire-mineral-18-g\/#primaryimage\"},\"thumbnailUrl\":\"https:\/\/paracherkaoui.ma\/wp-content\/uploads\/2025\/12\/uriage-uriage-bariesun-spf50-stick-solaire-mineral-18-g-cremes-solaires.jpg\",\"datePublished\":\"2025-12-12T17:59:58+00:00\",\"dateModified\":\"2025-12-12T18:00:00+00:00\",\"breadcrumb\":{\"@id\":\"https:\/\/paracherkaoui.ma\/index.php\/produit\/uriage-bariesun-spf50-stick-solaire-mineral-18-g\/#breadcrumb\"},\"inLanguage\":\"fr-FR\",\"potentialAction\":[{\"@type\":\"ReadAction\",\"target\":[\"https:\/\/paracherkaoui.ma\/index.php\/produit\/uriage-bariesun-spf50-stick-solaire-mineral-18-g\/\"]}]},{\"@type\":\"ImageObject\",\"inLanguage\":\"fr-FR\",\"@id\":\"https:\/\/paracherkaoui.ma\/index.php\/produit\/uriage-bariesun-spf50-stick-solaire-mineral-18-g\/#primaryimage\",\"url\":\"https:\/\/paracherkaoui.ma\/wp-content\/uploads\/2025\/12\/uriage-uriage-bariesun-spf50-stick-solaire-mineral-18-g-cremes-solaires.jpg\",\"contentUrl\":\"https:\/\/paracherkaoui.ma\/wp-content\/uploads\/2025\/12\/uriage-uriage-bariesun-spf50-stick-solaire-mineral-18-g-cremes-solaires.jpg\",\"width\":700,\"height\":700},{\"@type\":\"BreadcrumbList\",\"@id\":\"https:\/\/paracherkaoui.ma\/index.php\/produit\/uriage-bariesun-spf50-stick-solaire-mineral-18-g\/#breadcrumb\",\"itemListElement\":[{\"@type\":\"ListItem\",\"position\":1,\"name\":\"Accueil\",\"item\":\"https:\/\/paracherkaoui.ma\/\"},{\"@type\":\"ListItem\",\"position\":2,\"name\":\"Boutique\",\"item\":\"https:\/\/paracherkaoui.ma\/index.php\/boutique\/\"},{\"@type\":\"ListItem\",\"position\":3,\"name\":\"URIAGE BARIESUN SPF50+ STICK SOLAIRE MINERAL 18 G\"}]},{\"@type\":\"WebSite\",\"@id\":\"https:\/\/paracherkaoui.ma\/#website\",\"url\":\"https:\/\/paracherkaoui.ma\/\",\"name\":\"Paracherkaoui.ma\",\"description\":\"Achetez en ligne sur Paracherkaoui.ma\",\"potentialAction\":[{\"@type\":\"SearchAction\",\"target\":{\"@type\":\"EntryPoint\",\"urlTemplate\":\"https:\/\/paracherkaoui.ma\/?s={search_term_string}\"},\"query-input\":{\"@type\":\"PropertyValueSpecification\",\"valueRequired\":true,\"valueName\":\"search_term_string\"}}],\"inLanguage\":\"fr-FR\"}]}<\/script>\r\n<!-- \/ Yoast SEO plugin. -->","yoast_head_json":{"title":"URIAGE BARIESUN SPF50+ STICK SOLAIRE MINERAL 18 G - Paracherkaoui.ma","robots":{"index":"index","follow":"follow","max-snippet":"max-snippet:-1","max-image-preview":"max-image-preview:large","max-video-preview":"max-video-preview:-1"},"canonical":"https:\/\/paracherkaoui.ma\/index.php\/produit\/uriage-bariesun-spf50-stick-solaire-mineral-18-g\/","og_locale":"fr_FR","og_type":"article","og_title":"URIAGE BARIESUN SPF50+ STICK SOLAIRE MINERAL 18 G - Paracherkaoui.ma","og_description":"Ce stick solaire min\u00e9ral est enrichi en dioxyde de titane [nano] et oxyde de zinc [nano], deux filtres 100 %","og_url":"https:\/\/paracherkaoui.ma\/index.php\/produit\/uriage-bariesun-spf50-stick-solaire-mineral-18-g\/","og_site_name":"Paracherkaoui.ma","article_modified_time":"2025-12-12T18:00:00+00:00","og_image":[{"width":700,"height":700,"url":"https:\/\/paracherkaoui.ma\/wp-content\/uploads\/2025\/12\/uriage-uriage-bariesun-spf50-stick-solaire-mineral-18-g-cremes-solaires.jpg","type":"image\/jpeg"}],"twitter_card":"summary_large_image","twitter_misc":{"Dur\u00e9e de lecture estim\u00e9e":"1 minute"},"schema":{"@context":"https:\/\/schema.org","@graph":[{"@type":"WebPage","@id":"https:\/\/paracherkaoui.ma\/index.php\/produit\/uriage-bariesun-spf50-stick-solaire-mineral-18-g\/","url":"https:\/\/paracherkaoui.ma\/index.php\/produit\/uriage-bariesun-spf50-stick-solaire-mineral-18-g\/","name":"URIAGE BARIESUN SPF50+ STICK SOLAIRE MINERAL 18 G - Paracherkaoui.ma","isPartOf":{"@id":"https:\/\/paracherkaoui.ma\/#website"},"primaryImageOfPage":{"@id":"https:\/\/paracherkaoui.ma\/index.php\/produit\/uriage-bariesun-spf50-stick-solaire-mineral-18-g\/#primaryimage"},"image":{"@id":"https:\/\/paracherkaoui.ma\/index.php\/produit\/uriage-bariesun-spf50-stick-solaire-mineral-18-g\/#primaryimage"},"thumbnailUrl":"https:\/\/paracherkaoui.ma\/wp-content\/uploads\/2025\/12\/uriage-uriage-bariesun-spf50-stick-solaire-mineral-18-g-cremes-solaires.jpg","datePublished":"2025-12-12T17:59:58+00:00","dateModified":"2025-12-12T18:00:00+00:00","breadcrumb":{"@id":"https:\/\/paracherkaoui.ma\/index.php\/produit\/uriage-bariesun-spf50-stick-solaire-mineral-18-g\/#breadcrumb"},"inLanguage":"fr-FR","potentialAction":[{"@type":"ReadAction","target":["https:\/\/paracherkaoui.ma\/index.php\/produit\/uriage-bariesun-spf50-stick-solaire-mineral-18-g\/"]}]},{"@type":"ImageObject","inLanguage":"fr-FR","@id":"https:\/\/paracherkaoui.ma\/index.php\/produit\/uriage-bariesun-spf50-stick-solaire-mineral-18-g\/#primaryimage","url":"https:\/\/paracherkaoui.ma\/wp-content\/uploads\/2025\/12\/uriage-uriage-bariesun-spf50-stick-solaire-mineral-18-g-cremes-solaires.jpg","contentUrl":"https:\/\/paracherkaoui.ma\/wp-content\/uploads\/2025\/12\/uriage-uriage-bariesun-spf50-stick-solaire-mineral-18-g-cremes-solaires.jpg","width":700,"height":700},{"@type":"BreadcrumbList","@id":"https:\/\/paracherkaoui.ma\/index.php\/produit\/uriage-bariesun-spf50-stick-solaire-mineral-18-g\/#breadcrumb","itemListElement":[{"@type":"ListItem","position":1,"name":"Accueil","item":"https:\/\/paracherkaoui.ma\/"},{"@type":"ListItem","position":2,"name":"Boutique","item":"https:\/\/paracherkaoui.ma\/index.php\/boutique\/"},{"@type":"ListItem","position":3,"name":"URIAGE BARIESUN SPF50+ STICK SOLAIRE MINERAL 18 G"}]},{"@type":"WebSite","@id":"https:\/\/paracherkaoui.ma\/#website","url":"https:\/\/paracherkaoui.ma\/","name":"Paracherkaoui.ma","description":"Achetez en ligne sur Paracherkaoui.ma","potentialAction":[{"@type":"SearchAction","target":{"@type":"EntryPoint","urlTemplate":"https:\/\/paracherkaoui.ma\/?s={search_term_string}"},"query-input":{"@type":"PropertyValueSpecification","valueRequired":true,"valueName":"search_term_string"}}],"inLanguage":"fr-FR"}]}},"_links":{"self":[{"href":"https:\/\/paracherkaoui.ma\/index.php\/wp-json\/wp\/v2\/product\/38354","targetHints":{"allow":["GET"]}}],"collection":[{"href":"https:\/\/paracherkaoui.ma\/index.php\/wp-json\/wp\/v2\/product"}],"about":[{"href":"https:\/\/paracherkaoui.ma\/index.php\/wp-json\/wp\/v2\/types\/product"}],"replies":[{"embeddable":true,"href":"https:\/\/paracherkaoui.ma\/index.php\/wp-json\/wp\/v2\/comments?post=38354"}],"version-history":[{"count":1,"href":"https:\/\/paracherkaoui.ma\/index.php\/wp-json\/wp\/v2\/product\/38354\/revisions"}],"predecessor-version":[{"id":38382,"href":"https:\/\/paracherkaoui.ma\/index.php\/wp-json\/wp\/v2\/product\/38354\/revisions\/38382"}],"wp:featuredmedia":[{"embeddable":true,"href":"https:\/\/paracherkaoui.ma\/index.php\/wp-json\/wp\/v2\/media\/38381"}],"wp:attachment":[{"href":"https:\/\/paracherkaoui.ma\/index.php\/wp-json\/wp\/v2\/media?parent=38354"}],"wp:term":[{"taxonomy":"product_brand","embeddable":true,"href":"https:\/\/paracherkaoui.ma\/index.php\/wp-json\/wp\/v2\/product_brand?post=38354"},{"taxonomy":"product_cat","embeddable":true,"href":"https:\/\/paracherkaoui.ma\/index.php\/wp-json\/wp\/v2\/product_cat?post=38354"},{"taxonomy":"product_tag","embeddable":true,"href":"https:\/\/paracherkaoui.ma\/index.php\/wp-json\/wp\/v2\/product_tag?post=38354"}],"curies":[{"name":"wp","href":"https:\/\/api.w.org\/{rel}","templated":true}]}}