{"id":38351,"date":"2025-12-12T18:59:57","date_gmt":"2025-12-12T17:59:57","guid":{"rendered":"https:\/\/test.ecbeaute.com\/?post_type=product&#038;p=38351"},"modified":"2025-12-12T19:00:00","modified_gmt":"2025-12-12T18:00:00","slug":"kaline-k-sun-pack-creme-hydratante-teinte-naturelle-claire-50-ml-cold-cream-k-aqua-50-ml-offerte","status":"publish","type":"product","link":"https:\/\/paracherkaoui.ma\/index.php\/produit\/kaline-k-sun-pack-creme-hydratante-teinte-naturelle-claire-50-ml-cold-cream-k-aqua-50-ml-offerte\/","title":{"rendered":"KALINE K SUN PACK CREME HYDRATANTE TEINTE NATURELLE CLAIRE 50 ML + COLD CREAM K AQUA 50 ML OFFERTE"},"content":{"rendered":"<p>La cr\u00e8me hydratante teint\u00e9e de Kaline K allie le confort d\u2019un soin quotidien \u00e0 la performance d\u2019une protection solaire efficace. Sa texture l\u00e9g\u00e8re et fondante offre une couleur naturelle et unifi\u00e9e qui sublime le teint tout en laissant la peau respirer. Formul\u00e9e avec des actifs hydratants, elle prot\u00e8ge contre les rayons UV, les agressions ext\u00e9rieures et les signes de fatigue cutan\u00e9e. Id\u00e9ale pour les peaux claires \u00e0 la recherche d\u2019un effet bonne mine subtil, sans brillance.<br \/>\nEn compl\u00e9ment, la Cold Cream K Aqua offerte est un soin hydratant intensif qui apaise, nourrit et prot\u00e8ge les peaux sensibles ou d\u00e9shydrat\u00e9es. Sa formule douce et riche convient parfaitement comme soin apr\u00e8s-soleil ou pour restaurer l\u2019\u00e9quilibre cutan\u00e9 en fin de journ\u00e9e.<br \/>\nCe duo expert est parfait pour prendre soin de votre peau tout en sublimant votre beaut\u00e9 naturelle au quotidien.<br \/>\nConseils d\u2019utilisation :<br \/>\nAppliquer la cr\u00e8me teint\u00e9e le matin sur peau propre, comme un soin de jour.<br \/>\nPeut \u00eatre utilis\u00e9e seule ou en base de maquillage.<br \/>\nEn fin de journ\u00e9e ou apr\u00e8s exposition au soleil, appliquer la Cold Cream pour r\u00e9conforter la peau.<\/p>\n","protected":false},"excerpt":{"rendered":"<p>La cr\u00e8me hydratante teint\u00e9e de Kaline K allie le confort d\u2019un soin quotidien \u00e0 la performance d\u2019une protection solaire efficace.<\/p>\n","protected":false},"featured_media":38375,"comment_status":"open","ping_status":"closed","template":"","meta":[],"product_brand":[431],"product_cat":[666],"product_tag":[],"class_list":{"0":"post-38351","1":"product","2":"type-product","3":"status-publish","4":"has-post-thumbnail","6":"product_brand-kaline","7":"product_cat-cremes-solaires","9":"first","10":"instock","11":"sale","12":"shipping-taxable","13":"purchasable","14":"product-type-simple"},"yoast_head":"<!-- This site is optimized with the Yoast SEO plugin v26.6 - https:\/\/yoast.com\/wordpress\/plugins\/seo\/ -->\r\n<title>KALINE K SUN PACK CREME HYDRATANTE TEINTE NATURELLE CLAIRE 50 ML + COLD CREAM K AQUA 50 ML OFFERTE - Paracherkaoui.ma<\/title>\r\n<meta name=\"robots\" content=\"index, follow, max-snippet:-1, max-image-preview:large, max-video-preview:-1\" \/>\r\n<link rel=\"canonical\" href=\"https:\/\/paracherkaoui.ma\/index.php\/produit\/kaline-k-sun-pack-creme-hydratante-teinte-naturelle-claire-50-ml-cold-cream-k-aqua-50-ml-offerte\/\" \/>\r\n<meta property=\"og:locale\" content=\"fr_FR\" \/>\r\n<meta property=\"og:type\" content=\"article\" \/>\r\n<meta property=\"og:title\" content=\"KALINE K SUN PACK CREME HYDRATANTE TEINTE NATURELLE CLAIRE 50 ML + COLD CREAM K AQUA 50 ML OFFERTE - Paracherkaoui.ma\" \/>\r\n<meta property=\"og:description\" content=\"La cr\u00e8me hydratante teint\u00e9e de Kaline K allie le confort d\u2019un soin quotidien \u00e0 la performance d\u2019une protection solaire efficace.\" \/>\r\n<meta property=\"og:url\" content=\"https:\/\/paracherkaoui.ma\/index.php\/produit\/kaline-k-sun-pack-creme-hydratante-teinte-naturelle-claire-50-ml-cold-cream-k-aqua-50-ml-offerte\/\" \/>\r\n<meta property=\"og:site_name\" content=\"Paracherkaoui.ma\" \/>\r\n<meta property=\"article:modified_time\" content=\"2025-12-12T18:00:00+00:00\" \/>\r\n<meta property=\"og:image\" content=\"https:\/\/paracherkaoui.ma\/wp-content\/uploads\/2025\/12\/kaline-k-sun-pack-creme-hydratante-teinte-naturelle-claire-50-ml-cold-cream-k-aqua-50-ml-offerte.jpg\" \/>\r\n\t<meta property=\"og:image:width\" content=\"700\" \/>\r\n\t<meta property=\"og:image:height\" content=\"700\" \/>\r\n\t<meta property=\"og:image:type\" content=\"image\/jpeg\" \/>\r\n<meta name=\"twitter:card\" content=\"summary_large_image\" \/>\r\n<meta name=\"twitter:label1\" content=\"Dur\u00e9e de lecture estim\u00e9e\" \/>\n\t<meta name=\"twitter:data1\" content=\"1 minute\" \/>\r\n<script type=\"application\/ld+json\" class=\"yoast-schema-graph\">{\"@context\":\"https:\/\/schema.org\",\"@graph\":[{\"@type\":\"WebPage\",\"@id\":\"https:\/\/paracherkaoui.ma\/index.php\/produit\/kaline-k-sun-pack-creme-hydratante-teinte-naturelle-claire-50-ml-cold-cream-k-aqua-50-ml-offerte\/\",\"url\":\"https:\/\/paracherkaoui.ma\/index.php\/produit\/kaline-k-sun-pack-creme-hydratante-teinte-naturelle-claire-50-ml-cold-cream-k-aqua-50-ml-offerte\/\",\"name\":\"KALINE K SUN PACK CREME HYDRATANTE TEINTE NATURELLE CLAIRE 50 ML + COLD CREAM K AQUA 50 ML OFFERTE - Paracherkaoui.ma\",\"isPartOf\":{\"@id\":\"https:\/\/paracherkaoui.ma\/#website\"},\"primaryImageOfPage\":{\"@id\":\"https:\/\/paracherkaoui.ma\/index.php\/produit\/kaline-k-sun-pack-creme-hydratante-teinte-naturelle-claire-50-ml-cold-cream-k-aqua-50-ml-offerte\/#primaryimage\"},\"image\":{\"@id\":\"https:\/\/paracherkaoui.ma\/index.php\/produit\/kaline-k-sun-pack-creme-hydratante-teinte-naturelle-claire-50-ml-cold-cream-k-aqua-50-ml-offerte\/#primaryimage\"},\"thumbnailUrl\":\"https:\/\/paracherkaoui.ma\/wp-content\/uploads\/2025\/12\/kaline-k-sun-pack-creme-hydratante-teinte-naturelle-claire-50-ml-cold-cream-k-aqua-50-ml-offerte.jpg\",\"datePublished\":\"2025-12-12T17:59:57+00:00\",\"dateModified\":\"2025-12-12T18:00:00+00:00\",\"breadcrumb\":{\"@id\":\"https:\/\/paracherkaoui.ma\/index.php\/produit\/kaline-k-sun-pack-creme-hydratante-teinte-naturelle-claire-50-ml-cold-cream-k-aqua-50-ml-offerte\/#breadcrumb\"},\"inLanguage\":\"fr-FR\",\"potentialAction\":[{\"@type\":\"ReadAction\",\"target\":[\"https:\/\/paracherkaoui.ma\/index.php\/produit\/kaline-k-sun-pack-creme-hydratante-teinte-naturelle-claire-50-ml-cold-cream-k-aqua-50-ml-offerte\/\"]}]},{\"@type\":\"ImageObject\",\"inLanguage\":\"fr-FR\",\"@id\":\"https:\/\/paracherkaoui.ma\/index.php\/produit\/kaline-k-sun-pack-creme-hydratante-teinte-naturelle-claire-50-ml-cold-cream-k-aqua-50-ml-offerte\/#primaryimage\",\"url\":\"https:\/\/paracherkaoui.ma\/wp-content\/uploads\/2025\/12\/kaline-k-sun-pack-creme-hydratante-teinte-naturelle-claire-50-ml-cold-cream-k-aqua-50-ml-offerte.jpg\",\"contentUrl\":\"https:\/\/paracherkaoui.ma\/wp-content\/uploads\/2025\/12\/kaline-k-sun-pack-creme-hydratante-teinte-naturelle-claire-50-ml-cold-cream-k-aqua-50-ml-offerte.jpg\",\"width\":700,\"height\":700},{\"@type\":\"BreadcrumbList\",\"@id\":\"https:\/\/paracherkaoui.ma\/index.php\/produit\/kaline-k-sun-pack-creme-hydratante-teinte-naturelle-claire-50-ml-cold-cream-k-aqua-50-ml-offerte\/#breadcrumb\",\"itemListElement\":[{\"@type\":\"ListItem\",\"position\":1,\"name\":\"Accueil\",\"item\":\"https:\/\/paracherkaoui.ma\/\"},{\"@type\":\"ListItem\",\"position\":2,\"name\":\"Boutique\",\"item\":\"https:\/\/paracherkaoui.ma\/index.php\/boutique\/\"},{\"@type\":\"ListItem\",\"position\":3,\"name\":\"KALINE K SUN PACK CREME HYDRATANTE TEINTE NATURELLE CLAIRE 50 ML + COLD CREAM K AQUA 50 ML OFFERTE\"}]},{\"@type\":\"WebSite\",\"@id\":\"https:\/\/paracherkaoui.ma\/#website\",\"url\":\"https:\/\/paracherkaoui.ma\/\",\"name\":\"Paracherkaoui.ma\",\"description\":\"Achetez en ligne sur Paracherkaoui.ma\",\"potentialAction\":[{\"@type\":\"SearchAction\",\"target\":{\"@type\":\"EntryPoint\",\"urlTemplate\":\"https:\/\/paracherkaoui.ma\/?s={search_term_string}\"},\"query-input\":{\"@type\":\"PropertyValueSpecification\",\"valueRequired\":true,\"valueName\":\"search_term_string\"}}],\"inLanguage\":\"fr-FR\"}]}<\/script>\r\n<!-- \/ Yoast SEO plugin. -->","yoast_head_json":{"title":"KALINE K SUN PACK CREME HYDRATANTE TEINTE NATURELLE CLAIRE 50 ML + COLD CREAM K AQUA 50 ML OFFERTE - Paracherkaoui.ma","robots":{"index":"index","follow":"follow","max-snippet":"max-snippet:-1","max-image-preview":"max-image-preview:large","max-video-preview":"max-video-preview:-1"},"canonical":"https:\/\/paracherkaoui.ma\/index.php\/produit\/kaline-k-sun-pack-creme-hydratante-teinte-naturelle-claire-50-ml-cold-cream-k-aqua-50-ml-offerte\/","og_locale":"fr_FR","og_type":"article","og_title":"KALINE K SUN PACK CREME HYDRATANTE TEINTE NATURELLE CLAIRE 50 ML + COLD CREAM K AQUA 50 ML OFFERTE - Paracherkaoui.ma","og_description":"La cr\u00e8me hydratante teint\u00e9e de Kaline K allie le confort d\u2019un soin quotidien \u00e0 la performance d\u2019une protection solaire efficace.","og_url":"https:\/\/paracherkaoui.ma\/index.php\/produit\/kaline-k-sun-pack-creme-hydratante-teinte-naturelle-claire-50-ml-cold-cream-k-aqua-50-ml-offerte\/","og_site_name":"Paracherkaoui.ma","article_modified_time":"2025-12-12T18:00:00+00:00","og_image":[{"width":700,"height":700,"url":"https:\/\/paracherkaoui.ma\/wp-content\/uploads\/2025\/12\/kaline-k-sun-pack-creme-hydratante-teinte-naturelle-claire-50-ml-cold-cream-k-aqua-50-ml-offerte.jpg","type":"image\/jpeg"}],"twitter_card":"summary_large_image","twitter_misc":{"Dur\u00e9e de lecture estim\u00e9e":"1 minute"},"schema":{"@context":"https:\/\/schema.org","@graph":[{"@type":"WebPage","@id":"https:\/\/paracherkaoui.ma\/index.php\/produit\/kaline-k-sun-pack-creme-hydratante-teinte-naturelle-claire-50-ml-cold-cream-k-aqua-50-ml-offerte\/","url":"https:\/\/paracherkaoui.ma\/index.php\/produit\/kaline-k-sun-pack-creme-hydratante-teinte-naturelle-claire-50-ml-cold-cream-k-aqua-50-ml-offerte\/","name":"KALINE K SUN PACK CREME HYDRATANTE TEINTE NATURELLE CLAIRE 50 ML + COLD CREAM K AQUA 50 ML OFFERTE - Paracherkaoui.ma","isPartOf":{"@id":"https:\/\/paracherkaoui.ma\/#website"},"primaryImageOfPage":{"@id":"https:\/\/paracherkaoui.ma\/index.php\/produit\/kaline-k-sun-pack-creme-hydratante-teinte-naturelle-claire-50-ml-cold-cream-k-aqua-50-ml-offerte\/#primaryimage"},"image":{"@id":"https:\/\/paracherkaoui.ma\/index.php\/produit\/kaline-k-sun-pack-creme-hydratante-teinte-naturelle-claire-50-ml-cold-cream-k-aqua-50-ml-offerte\/#primaryimage"},"thumbnailUrl":"https:\/\/paracherkaoui.ma\/wp-content\/uploads\/2025\/12\/kaline-k-sun-pack-creme-hydratante-teinte-naturelle-claire-50-ml-cold-cream-k-aqua-50-ml-offerte.jpg","datePublished":"2025-12-12T17:59:57+00:00","dateModified":"2025-12-12T18:00:00+00:00","breadcrumb":{"@id":"https:\/\/paracherkaoui.ma\/index.php\/produit\/kaline-k-sun-pack-creme-hydratante-teinte-naturelle-claire-50-ml-cold-cream-k-aqua-50-ml-offerte\/#breadcrumb"},"inLanguage":"fr-FR","potentialAction":[{"@type":"ReadAction","target":["https:\/\/paracherkaoui.ma\/index.php\/produit\/kaline-k-sun-pack-creme-hydratante-teinte-naturelle-claire-50-ml-cold-cream-k-aqua-50-ml-offerte\/"]}]},{"@type":"ImageObject","inLanguage":"fr-FR","@id":"https:\/\/paracherkaoui.ma\/index.php\/produit\/kaline-k-sun-pack-creme-hydratante-teinte-naturelle-claire-50-ml-cold-cream-k-aqua-50-ml-offerte\/#primaryimage","url":"https:\/\/paracherkaoui.ma\/wp-content\/uploads\/2025\/12\/kaline-k-sun-pack-creme-hydratante-teinte-naturelle-claire-50-ml-cold-cream-k-aqua-50-ml-offerte.jpg","contentUrl":"https:\/\/paracherkaoui.ma\/wp-content\/uploads\/2025\/12\/kaline-k-sun-pack-creme-hydratante-teinte-naturelle-claire-50-ml-cold-cream-k-aqua-50-ml-offerte.jpg","width":700,"height":700},{"@type":"BreadcrumbList","@id":"https:\/\/paracherkaoui.ma\/index.php\/produit\/kaline-k-sun-pack-creme-hydratante-teinte-naturelle-claire-50-ml-cold-cream-k-aqua-50-ml-offerte\/#breadcrumb","itemListElement":[{"@type":"ListItem","position":1,"name":"Accueil","item":"https:\/\/paracherkaoui.ma\/"},{"@type":"ListItem","position":2,"name":"Boutique","item":"https:\/\/paracherkaoui.ma\/index.php\/boutique\/"},{"@type":"ListItem","position":3,"name":"KALINE K SUN PACK CREME HYDRATANTE TEINTE NATURELLE CLAIRE 50 ML + COLD CREAM K AQUA 50 ML OFFERTE"}]},{"@type":"WebSite","@id":"https:\/\/paracherkaoui.ma\/#website","url":"https:\/\/paracherkaoui.ma\/","name":"Paracherkaoui.ma","description":"Achetez en ligne sur Paracherkaoui.ma","potentialAction":[{"@type":"SearchAction","target":{"@type":"EntryPoint","urlTemplate":"https:\/\/paracherkaoui.ma\/?s={search_term_string}"},"query-input":{"@type":"PropertyValueSpecification","valueRequired":true,"valueName":"search_term_string"}}],"inLanguage":"fr-FR"}]}},"_links":{"self":[{"href":"https:\/\/paracherkaoui.ma\/index.php\/wp-json\/wp\/v2\/product\/38351","targetHints":{"allow":["GET"]}}],"collection":[{"href":"https:\/\/paracherkaoui.ma\/index.php\/wp-json\/wp\/v2\/product"}],"about":[{"href":"https:\/\/paracherkaoui.ma\/index.php\/wp-json\/wp\/v2\/types\/product"}],"replies":[{"embeddable":true,"href":"https:\/\/paracherkaoui.ma\/index.php\/wp-json\/wp\/v2\/comments?post=38351"}],"version-history":[{"count":1,"href":"https:\/\/paracherkaoui.ma\/index.php\/wp-json\/wp\/v2\/product\/38351\/revisions"}],"predecessor-version":[{"id":38376,"href":"https:\/\/paracherkaoui.ma\/index.php\/wp-json\/wp\/v2\/product\/38351\/revisions\/38376"}],"wp:featuredmedia":[{"embeddable":true,"href":"https:\/\/paracherkaoui.ma\/index.php\/wp-json\/wp\/v2\/media\/38375"}],"wp:attachment":[{"href":"https:\/\/paracherkaoui.ma\/index.php\/wp-json\/wp\/v2\/media?parent=38351"}],"wp:term":[{"taxonomy":"product_brand","embeddable":true,"href":"https:\/\/paracherkaoui.ma\/index.php\/wp-json\/wp\/v2\/product_brand?post=38351"},{"taxonomy":"product_cat","embeddable":true,"href":"https:\/\/paracherkaoui.ma\/index.php\/wp-json\/wp\/v2\/product_cat?post=38351"},{"taxonomy":"product_tag","embeddable":true,"href":"https:\/\/paracherkaoui.ma\/index.php\/wp-json\/wp\/v2\/product_tag?post=38351"}],"curies":[{"name":"wp","href":"https:\/\/api.w.org\/{rel}","templated":true}]}}