{"id":38287,"date":"2025-12-12T18:59:49","date_gmt":"2025-12-12T17:59:49","guid":{"rendered":"https:\/\/test.ecbeaute.com\/?post_type=product&#038;p=38287"},"modified":"2025-12-12T18:59:56","modified_gmt":"2025-12-12T17:59:56","slug":"bioderma-photoderm-pediatrics-lait-spf-50-100ml","status":"publish","type":"product","link":"https:\/\/paracherkaoui.ma\/index.php\/produit\/bioderma-photoderm-pediatrics-lait-spf-50-100ml\/","title":{"rendered":"BIODERMA PHOTODERM PEDIATRICS LAIT SPF 50+ 100ML"},"content":{"rendered":"<p>Sp\u00e9cialement formul\u00e9 pour les enfants d\u00e8s le plus jeune \u00e2ge, ce soin solaire allie innovation dermatologique et respect de l\u2019environnement marin.<br \/>\nGr\u00e2ce \u00e0 la SUN BARRIER TECHNOLOGY, ce lait solaire associe filtres UV performants, vitamine E antioxydante et huile de noyau d\u2019abricot, riche en lipides biomim\u00e9tiques, pour offrir une double protection \u00e9cobiologique. Il agit non seulement en surface pour bloquer efficacement les UVA et UVB, mais aussi en profondeur pour renforcer la barri\u00e8re cutan\u00e9e et pr\u00e9venir les dommages cellulaires \u00e0 long terme.<br \/>\nSa formule minimaliste, compos\u00e9e de seulement 4 filtres s\u00fbrs et haute efficacit\u00e9, est parfaitement tol\u00e9r\u00e9e par la peau sensible des enfants. Test\u00e9 sous contr\u00f4le p\u00e9diatrique et dermatologique, il est hypoallerg\u00e9nique, non com\u00e9dog\u00e8ne et r\u00e9sistant \u00e0 l\u2019eau.<br \/>\nCe lait respecte aussi l\u2019\u00e9cosyst\u00e8me marin : sans toxicit\u00e9 pour les coraux, microalgues ou plancton, il est test\u00e9 sur eaux marines et douces, formule et produit fini inclus. C\u2019est un vrai gage de s\u00e9curit\u00e9 pour votre enfant et pour la plan\u00e8te.<br \/>\nConseils d\u2019utilisation :<br \/>\nAppliquer g\u00e9n\u00e9reusement sur peau s\u00e8che avant exposition.<br \/>\nRenouveler toutes les 2 heures, surtout apr\u00e8s la baignade ou transpiration.<br \/>\nUtiliser quotidiennement en cas d\u2019exposition prolong\u00e9e.<br \/>\nNe pas exposer les jeunes enfants aux heures les plus chaudes.<br \/>\nConvient au visage et au corps.<br \/>\nComposition :<br \/>\nAQUA\/WATER\/EAU, UTYL ADIPATE, DICAPRYLYL CARBONATE, C12-15 ALKYL, BENZOATE, DIETHYLHEXYL BUTAMIDO TRIAZONE, BIS-ETHYLHEXYLOXYPHENOL METHOXYPHENYL TRIAZINE, PROPANEDIOL, BUTYL, METHOXYDIBENZOYLMETHANE, ETHYLHEXYL TRIAZONE, POLYGLYCERYL-6 STEARATE, GLYCERIN, BRASSICA CAMPESTRIS\/ALEURITES FORDII OIL COPOLYMER<br \/>\nC20-22 ALKYL PHOSPHATE<\/p>\n","protected":false},"excerpt":{"rendered":"<p>Sp\u00e9cialement formul\u00e9 pour les enfants d\u00e8s le plus jeune \u00e2ge, ce soin solaire allie innovation dermatologique et respect de l\u2019environnement<\/p>\n","protected":false},"featured_media":38337,"comment_status":"open","ping_status":"closed","template":"","meta":[],"product_brand":[137],"product_cat":[666],"product_tag":[],"class_list":{"0":"post-38287","1":"product","2":"type-product","3":"status-publish","4":"has-post-thumbnail","6":"product_brand-bioderma","7":"product_cat-cremes-solaires","9":"first","10":"instock","11":"sale","12":"shipping-taxable","13":"purchasable","14":"product-type-simple"},"yoast_head":"<!-- This site is optimized with the Yoast SEO plugin v26.6 - https:\/\/yoast.com\/wordpress\/plugins\/seo\/ -->\r\n<title>BIODERMA PHOTODERM PEDIATRICS LAIT SPF 50+ 100ML - Paracherkaoui.ma<\/title>\r\n<meta name=\"robots\" content=\"index, follow, max-snippet:-1, max-image-preview:large, max-video-preview:-1\" \/>\r\n<link rel=\"canonical\" href=\"https:\/\/paracherkaoui.ma\/index.php\/produit\/bioderma-photoderm-pediatrics-lait-spf-50-100ml\/\" \/>\r\n<meta property=\"og:locale\" content=\"fr_FR\" \/>\r\n<meta property=\"og:type\" content=\"article\" \/>\r\n<meta property=\"og:title\" content=\"BIODERMA PHOTODERM PEDIATRICS LAIT SPF 50+ 100ML - Paracherkaoui.ma\" \/>\r\n<meta property=\"og:description\" content=\"Sp\u00e9cialement formul\u00e9 pour les enfants d\u00e8s le plus jeune \u00e2ge, ce soin solaire allie innovation dermatologique et respect de l\u2019environnement\" \/>\r\n<meta property=\"og:url\" content=\"https:\/\/paracherkaoui.ma\/index.php\/produit\/bioderma-photoderm-pediatrics-lait-spf-50-100ml\/\" \/>\r\n<meta property=\"og:site_name\" content=\"Paracherkaoui.ma\" \/>\r\n<meta property=\"article:modified_time\" content=\"2025-12-12T17:59:56+00:00\" \/>\r\n<meta property=\"og:image\" content=\"https:\/\/paracherkaoui.ma\/wp-content\/uploads\/2025\/12\/bioderma-photoderm-pediatrics-lait-spf-50-100ml.jpg\" \/>\r\n\t<meta property=\"og:image:width\" content=\"700\" \/>\r\n\t<meta property=\"og:image:height\" content=\"700\" \/>\r\n\t<meta property=\"og:image:type\" content=\"image\/jpeg\" \/>\r\n<meta name=\"twitter:card\" content=\"summary_large_image\" \/>\r\n<meta name=\"twitter:label1\" content=\"Dur\u00e9e de lecture estim\u00e9e\" \/>\n\t<meta name=\"twitter:data1\" content=\"1 minute\" \/>\r\n<script type=\"application\/ld+json\" class=\"yoast-schema-graph\">{\"@context\":\"https:\/\/schema.org\",\"@graph\":[{\"@type\":\"WebPage\",\"@id\":\"https:\/\/paracherkaoui.ma\/index.php\/produit\/bioderma-photoderm-pediatrics-lait-spf-50-100ml\/\",\"url\":\"https:\/\/paracherkaoui.ma\/index.php\/produit\/bioderma-photoderm-pediatrics-lait-spf-50-100ml\/\",\"name\":\"BIODERMA PHOTODERM PEDIATRICS LAIT SPF 50+ 100ML - Paracherkaoui.ma\",\"isPartOf\":{\"@id\":\"https:\/\/paracherkaoui.ma\/#website\"},\"primaryImageOfPage\":{\"@id\":\"https:\/\/paracherkaoui.ma\/index.php\/produit\/bioderma-photoderm-pediatrics-lait-spf-50-100ml\/#primaryimage\"},\"image\":{\"@id\":\"https:\/\/paracherkaoui.ma\/index.php\/produit\/bioderma-photoderm-pediatrics-lait-spf-50-100ml\/#primaryimage\"},\"thumbnailUrl\":\"https:\/\/paracherkaoui.ma\/wp-content\/uploads\/2025\/12\/bioderma-photoderm-pediatrics-lait-spf-50-100ml.jpg\",\"datePublished\":\"2025-12-12T17:59:49+00:00\",\"dateModified\":\"2025-12-12T17:59:56+00:00\",\"breadcrumb\":{\"@id\":\"https:\/\/paracherkaoui.ma\/index.php\/produit\/bioderma-photoderm-pediatrics-lait-spf-50-100ml\/#breadcrumb\"},\"inLanguage\":\"fr-FR\",\"potentialAction\":[{\"@type\":\"ReadAction\",\"target\":[\"https:\/\/paracherkaoui.ma\/index.php\/produit\/bioderma-photoderm-pediatrics-lait-spf-50-100ml\/\"]}]},{\"@type\":\"ImageObject\",\"inLanguage\":\"fr-FR\",\"@id\":\"https:\/\/paracherkaoui.ma\/index.php\/produit\/bioderma-photoderm-pediatrics-lait-spf-50-100ml\/#primaryimage\",\"url\":\"https:\/\/paracherkaoui.ma\/wp-content\/uploads\/2025\/12\/bioderma-photoderm-pediatrics-lait-spf-50-100ml.jpg\",\"contentUrl\":\"https:\/\/paracherkaoui.ma\/wp-content\/uploads\/2025\/12\/bioderma-photoderm-pediatrics-lait-spf-50-100ml.jpg\",\"width\":700,\"height\":700},{\"@type\":\"BreadcrumbList\",\"@id\":\"https:\/\/paracherkaoui.ma\/index.php\/produit\/bioderma-photoderm-pediatrics-lait-spf-50-100ml\/#breadcrumb\",\"itemListElement\":[{\"@type\":\"ListItem\",\"position\":1,\"name\":\"Accueil\",\"item\":\"https:\/\/paracherkaoui.ma\/\"},{\"@type\":\"ListItem\",\"position\":2,\"name\":\"Boutique\",\"item\":\"https:\/\/paracherkaoui.ma\/index.php\/boutique\/\"},{\"@type\":\"ListItem\",\"position\":3,\"name\":\"BIODERMA PHOTODERM PEDIATRICS LAIT SPF 50+ 100ML\"}]},{\"@type\":\"WebSite\",\"@id\":\"https:\/\/paracherkaoui.ma\/#website\",\"url\":\"https:\/\/paracherkaoui.ma\/\",\"name\":\"Paracherkaoui.ma\",\"description\":\"Achetez en ligne sur Paracherkaoui.ma\",\"potentialAction\":[{\"@type\":\"SearchAction\",\"target\":{\"@type\":\"EntryPoint\",\"urlTemplate\":\"https:\/\/paracherkaoui.ma\/?s={search_term_string}\"},\"query-input\":{\"@type\":\"PropertyValueSpecification\",\"valueRequired\":true,\"valueName\":\"search_term_string\"}}],\"inLanguage\":\"fr-FR\"}]}<\/script>\r\n<!-- \/ Yoast SEO plugin. -->","yoast_head_json":{"title":"BIODERMA PHOTODERM PEDIATRICS LAIT SPF 50+ 100ML - Paracherkaoui.ma","robots":{"index":"index","follow":"follow","max-snippet":"max-snippet:-1","max-image-preview":"max-image-preview:large","max-video-preview":"max-video-preview:-1"},"canonical":"https:\/\/paracherkaoui.ma\/index.php\/produit\/bioderma-photoderm-pediatrics-lait-spf-50-100ml\/","og_locale":"fr_FR","og_type":"article","og_title":"BIODERMA PHOTODERM PEDIATRICS LAIT SPF 50+ 100ML - Paracherkaoui.ma","og_description":"Sp\u00e9cialement formul\u00e9 pour les enfants d\u00e8s le plus jeune \u00e2ge, ce soin solaire allie innovation dermatologique et respect de l\u2019environnement","og_url":"https:\/\/paracherkaoui.ma\/index.php\/produit\/bioderma-photoderm-pediatrics-lait-spf-50-100ml\/","og_site_name":"Paracherkaoui.ma","article_modified_time":"2025-12-12T17:59:56+00:00","og_image":[{"width":700,"height":700,"url":"https:\/\/paracherkaoui.ma\/wp-content\/uploads\/2025\/12\/bioderma-photoderm-pediatrics-lait-spf-50-100ml.jpg","type":"image\/jpeg"}],"twitter_card":"summary_large_image","twitter_misc":{"Dur\u00e9e de lecture estim\u00e9e":"1 minute"},"schema":{"@context":"https:\/\/schema.org","@graph":[{"@type":"WebPage","@id":"https:\/\/paracherkaoui.ma\/index.php\/produit\/bioderma-photoderm-pediatrics-lait-spf-50-100ml\/","url":"https:\/\/paracherkaoui.ma\/index.php\/produit\/bioderma-photoderm-pediatrics-lait-spf-50-100ml\/","name":"BIODERMA PHOTODERM PEDIATRICS LAIT SPF 50+ 100ML - Paracherkaoui.ma","isPartOf":{"@id":"https:\/\/paracherkaoui.ma\/#website"},"primaryImageOfPage":{"@id":"https:\/\/paracherkaoui.ma\/index.php\/produit\/bioderma-photoderm-pediatrics-lait-spf-50-100ml\/#primaryimage"},"image":{"@id":"https:\/\/paracherkaoui.ma\/index.php\/produit\/bioderma-photoderm-pediatrics-lait-spf-50-100ml\/#primaryimage"},"thumbnailUrl":"https:\/\/paracherkaoui.ma\/wp-content\/uploads\/2025\/12\/bioderma-photoderm-pediatrics-lait-spf-50-100ml.jpg","datePublished":"2025-12-12T17:59:49+00:00","dateModified":"2025-12-12T17:59:56+00:00","breadcrumb":{"@id":"https:\/\/paracherkaoui.ma\/index.php\/produit\/bioderma-photoderm-pediatrics-lait-spf-50-100ml\/#breadcrumb"},"inLanguage":"fr-FR","potentialAction":[{"@type":"ReadAction","target":["https:\/\/paracherkaoui.ma\/index.php\/produit\/bioderma-photoderm-pediatrics-lait-spf-50-100ml\/"]}]},{"@type":"ImageObject","inLanguage":"fr-FR","@id":"https:\/\/paracherkaoui.ma\/index.php\/produit\/bioderma-photoderm-pediatrics-lait-spf-50-100ml\/#primaryimage","url":"https:\/\/paracherkaoui.ma\/wp-content\/uploads\/2025\/12\/bioderma-photoderm-pediatrics-lait-spf-50-100ml.jpg","contentUrl":"https:\/\/paracherkaoui.ma\/wp-content\/uploads\/2025\/12\/bioderma-photoderm-pediatrics-lait-spf-50-100ml.jpg","width":700,"height":700},{"@type":"BreadcrumbList","@id":"https:\/\/paracherkaoui.ma\/index.php\/produit\/bioderma-photoderm-pediatrics-lait-spf-50-100ml\/#breadcrumb","itemListElement":[{"@type":"ListItem","position":1,"name":"Accueil","item":"https:\/\/paracherkaoui.ma\/"},{"@type":"ListItem","position":2,"name":"Boutique","item":"https:\/\/paracherkaoui.ma\/index.php\/boutique\/"},{"@type":"ListItem","position":3,"name":"BIODERMA PHOTODERM PEDIATRICS LAIT SPF 50+ 100ML"}]},{"@type":"WebSite","@id":"https:\/\/paracherkaoui.ma\/#website","url":"https:\/\/paracherkaoui.ma\/","name":"Paracherkaoui.ma","description":"Achetez en ligne sur Paracherkaoui.ma","potentialAction":[{"@type":"SearchAction","target":{"@type":"EntryPoint","urlTemplate":"https:\/\/paracherkaoui.ma\/?s={search_term_string}"},"query-input":{"@type":"PropertyValueSpecification","valueRequired":true,"valueName":"search_term_string"}}],"inLanguage":"fr-FR"}]}},"_links":{"self":[{"href":"https:\/\/paracherkaoui.ma\/index.php\/wp-json\/wp\/v2\/product\/38287","targetHints":{"allow":["GET"]}}],"collection":[{"href":"https:\/\/paracherkaoui.ma\/index.php\/wp-json\/wp\/v2\/product"}],"about":[{"href":"https:\/\/paracherkaoui.ma\/index.php\/wp-json\/wp\/v2\/types\/product"}],"replies":[{"embeddable":true,"href":"https:\/\/paracherkaoui.ma\/index.php\/wp-json\/wp\/v2\/comments?post=38287"}],"version-history":[{"count":1,"href":"https:\/\/paracherkaoui.ma\/index.php\/wp-json\/wp\/v2\/product\/38287\/revisions"}],"predecessor-version":[{"id":38338,"href":"https:\/\/paracherkaoui.ma\/index.php\/wp-json\/wp\/v2\/product\/38287\/revisions\/38338"}],"wp:featuredmedia":[{"embeddable":true,"href":"https:\/\/paracherkaoui.ma\/index.php\/wp-json\/wp\/v2\/media\/38337"}],"wp:attachment":[{"href":"https:\/\/paracherkaoui.ma\/index.php\/wp-json\/wp\/v2\/media?parent=38287"}],"wp:term":[{"taxonomy":"product_brand","embeddable":true,"href":"https:\/\/paracherkaoui.ma\/index.php\/wp-json\/wp\/v2\/product_brand?post=38287"},{"taxonomy":"product_cat","embeddable":true,"href":"https:\/\/paracherkaoui.ma\/index.php\/wp-json\/wp\/v2\/product_cat?post=38287"},{"taxonomy":"product_tag","embeddable":true,"href":"https:\/\/paracherkaoui.ma\/index.php\/wp-json\/wp\/v2\/product_tag?post=38287"}],"curies":[{"name":"wp","href":"https:\/\/api.w.org\/{rel}","templated":true}]}}