{"id":38286,"date":"2025-12-12T18:59:49","date_gmt":"2025-12-12T17:59:49","guid":{"rendered":"https:\/\/test.ecbeaute.com\/?post_type=product&#038;p=38286"},"modified":"2025-12-12T18:59:55","modified_gmt":"2025-12-12T17:59:55","slug":"bioderma-photoderm-lait-ultra-spf50-100-ml","status":"publish","type":"product","link":"https:\/\/paracherkaoui.ma\/index.php\/produit\/bioderma-photoderm-lait-ultra-spf50-100-ml\/","title":{"rendered":"BIODERMA PHOTODERM LAIT ULTRA SPF50+ 100 ML"},"content":{"rendered":"<p>Ce soin solaire nouvelle g\u00e9n\u00e9ration est sp\u00e9cialement formul\u00e9 pour r\u00e9pondre aux besoins des peaux sensibles, fragilis\u00e9es, ou normales, qu\u2019il s\u2019agisse des b\u00e9b\u00e9s d\u00e8s 12 mois, des enfants, des adultes, ou encore des personnes sous traitements photosensibilisants.<br \/>\nSa technologie brevet\u00e9e SUN ACTIVE DEFENSE offre une protection renforc\u00e9e contre les UVA, responsables du vieillissement cutan\u00e9 et des dommages cellulaires. Enrichi en actifs antioxydants, ce lait prot\u00e8ge efficacement contre le stress oxydatif tout en maintenant une hydratation durable pendant 8 heures.<br \/>\nGr\u00e2ce \u00e0 sa texture fondante, l\u00e9g\u00e8re et non grasse, il s\u2019applique facilement sur le visage et le corps, p\u00e9n\u00e8tre rapidement sans laisser de film blanc ni sensation collante. Il est tr\u00e8s r\u00e9sistant \u00e0 l\u2019eau, \u00e0 la transpiration et au sable, ce qui en fait l\u2019alli\u00e9 id\u00e9al des journ\u00e9es en plein air, \u00e0 la plage ou \u00e0 la piscine. Que la peau soit s\u00e8che ou humide, le lait s\u2019applique avec la m\u00eame efficacit\u00e9.<br \/>\nSa formule ultra-douce garantit une excellente tol\u00e9rance cutan\u00e9e et oculaire, m\u00eame sur les peaux les plus sensibles, comme celles des b\u00e9b\u00e9s, femmes enceintes ou allaitantes. Engag\u00e9 pour la plan\u00e8te, ce soin est formul\u00e9 dans une d\u00e9marche Ocean Care, respectueuse de l\u2019environnement marin.<br \/>\nConseils d\u2019utilisation :<br \/>\nAppliquer g\u00e9n\u00e9reusement avant l\u2019exposition au soleil.<br \/>\nRenouveler toutes les 2 heures, et apr\u00e8s chaque baignade ou transpiration.<br \/>\nUtiliser sur peau s\u00e8che ou humide.<br \/>\nConvient d\u00e8s 12 mois, pour visage et corps.<br \/>\nBien masser jusqu\u2019\u00e0 absorption compl\u00e8te.<br \/>\n\u00c9viter le contact avec les yeux.<br \/>\nComposition :<br \/>\nAQUA\/WATER\/EAU, DIBUTYL ADIPATE, DICAPRYLYL CARBONATE, C12-15 ALKYL, BENZOATE, DIETHYLHEXYL BUTAMIDO TRIAZONE, BIS-ETHYLHEXYLOXYPHENOL, METHOXYPHENYL TRIAZINE, PROPANEDIOL, BUTYL, METHOXYDIBENZOYLMETHANE, ETHYLHEXYL TRIAZONE, POLYGLYCERYL-6, STEARATE, GLYCERIN, BRASSICA CAMPESTRIS\/ALEURITES FORDII OIL COPOLYMER<br \/>\nC20-22 ALKYL PHOSPHATE, 1,2-HEXANEDIOL, C20-22 ALCOHOLS, MICROCRYSTALLINE CELLULOSE<\/p>\n","protected":false},"excerpt":{"rendered":"<p>Ce soin solaire nouvelle g\u00e9n\u00e9ration est sp\u00e9cialement formul\u00e9 pour r\u00e9pondre aux besoins des peaux sensibles, fragilis\u00e9es, ou normales, qu\u2019il s\u2019agisse<\/p>\n","protected":false},"featured_media":38335,"comment_status":"open","ping_status":"closed","template":"","meta":[],"product_brand":[137],"product_cat":[666],"product_tag":[],"class_list":{"0":"post-38286","1":"product","2":"type-product","3":"status-publish","4":"has-post-thumbnail","6":"product_brand-bioderma","7":"product_cat-cremes-solaires","9":"first","10":"instock","11":"sale","12":"shipping-taxable","13":"purchasable","14":"product-type-simple"},"yoast_head":"<!-- This site is optimized with the Yoast SEO plugin v26.6 - https:\/\/yoast.com\/wordpress\/plugins\/seo\/ -->\r\n<title>BIODERMA PHOTODERM LAIT ULTRA SPF50+ 100 ML - Paracherkaoui.ma<\/title>\r\n<meta name=\"robots\" content=\"index, follow, max-snippet:-1, max-image-preview:large, max-video-preview:-1\" \/>\r\n<link rel=\"canonical\" href=\"https:\/\/paracherkaoui.ma\/index.php\/produit\/bioderma-photoderm-lait-ultra-spf50-100-ml\/\" \/>\r\n<meta property=\"og:locale\" content=\"fr_FR\" \/>\r\n<meta property=\"og:type\" content=\"article\" \/>\r\n<meta property=\"og:title\" content=\"BIODERMA PHOTODERM LAIT ULTRA SPF50+ 100 ML - Paracherkaoui.ma\" \/>\r\n<meta property=\"og:description\" content=\"Ce soin solaire nouvelle g\u00e9n\u00e9ration est sp\u00e9cialement formul\u00e9 pour r\u00e9pondre aux besoins des peaux sensibles, fragilis\u00e9es, ou normales, qu\u2019il s\u2019agisse\" \/>\r\n<meta property=\"og:url\" content=\"https:\/\/paracherkaoui.ma\/index.php\/produit\/bioderma-photoderm-lait-ultra-spf50-100-ml\/\" \/>\r\n<meta property=\"og:site_name\" content=\"Paracherkaoui.ma\" \/>\r\n<meta property=\"article:modified_time\" content=\"2025-12-12T17:59:55+00:00\" \/>\r\n<meta property=\"og:image\" content=\"https:\/\/paracherkaoui.ma\/wp-content\/uploads\/2025\/12\/bioderma-photoderm-lait-ultra-spf50-100-ml.jpg\" \/>\r\n\t<meta property=\"og:image:width\" content=\"700\" \/>\r\n\t<meta property=\"og:image:height\" content=\"700\" \/>\r\n\t<meta property=\"og:image:type\" content=\"image\/jpeg\" \/>\r\n<meta name=\"twitter:card\" content=\"summary_large_image\" \/>\r\n<meta name=\"twitter:label1\" content=\"Dur\u00e9e de lecture estim\u00e9e\" \/>\n\t<meta name=\"twitter:data1\" content=\"2 minutes\" \/>\r\n<script type=\"application\/ld+json\" class=\"yoast-schema-graph\">{\"@context\":\"https:\/\/schema.org\",\"@graph\":[{\"@type\":\"WebPage\",\"@id\":\"https:\/\/paracherkaoui.ma\/index.php\/produit\/bioderma-photoderm-lait-ultra-spf50-100-ml\/\",\"url\":\"https:\/\/paracherkaoui.ma\/index.php\/produit\/bioderma-photoderm-lait-ultra-spf50-100-ml\/\",\"name\":\"BIODERMA PHOTODERM LAIT ULTRA SPF50+ 100 ML - Paracherkaoui.ma\",\"isPartOf\":{\"@id\":\"https:\/\/paracherkaoui.ma\/#website\"},\"primaryImageOfPage\":{\"@id\":\"https:\/\/paracherkaoui.ma\/index.php\/produit\/bioderma-photoderm-lait-ultra-spf50-100-ml\/#primaryimage\"},\"image\":{\"@id\":\"https:\/\/paracherkaoui.ma\/index.php\/produit\/bioderma-photoderm-lait-ultra-spf50-100-ml\/#primaryimage\"},\"thumbnailUrl\":\"https:\/\/paracherkaoui.ma\/wp-content\/uploads\/2025\/12\/bioderma-photoderm-lait-ultra-spf50-100-ml.jpg\",\"datePublished\":\"2025-12-12T17:59:49+00:00\",\"dateModified\":\"2025-12-12T17:59:55+00:00\",\"breadcrumb\":{\"@id\":\"https:\/\/paracherkaoui.ma\/index.php\/produit\/bioderma-photoderm-lait-ultra-spf50-100-ml\/#breadcrumb\"},\"inLanguage\":\"fr-FR\",\"potentialAction\":[{\"@type\":\"ReadAction\",\"target\":[\"https:\/\/paracherkaoui.ma\/index.php\/produit\/bioderma-photoderm-lait-ultra-spf50-100-ml\/\"]}]},{\"@type\":\"ImageObject\",\"inLanguage\":\"fr-FR\",\"@id\":\"https:\/\/paracherkaoui.ma\/index.php\/produit\/bioderma-photoderm-lait-ultra-spf50-100-ml\/#primaryimage\",\"url\":\"https:\/\/paracherkaoui.ma\/wp-content\/uploads\/2025\/12\/bioderma-photoderm-lait-ultra-spf50-100-ml.jpg\",\"contentUrl\":\"https:\/\/paracherkaoui.ma\/wp-content\/uploads\/2025\/12\/bioderma-photoderm-lait-ultra-spf50-100-ml.jpg\",\"width\":700,\"height\":700},{\"@type\":\"BreadcrumbList\",\"@id\":\"https:\/\/paracherkaoui.ma\/index.php\/produit\/bioderma-photoderm-lait-ultra-spf50-100-ml\/#breadcrumb\",\"itemListElement\":[{\"@type\":\"ListItem\",\"position\":1,\"name\":\"Accueil\",\"item\":\"https:\/\/paracherkaoui.ma\/\"},{\"@type\":\"ListItem\",\"position\":2,\"name\":\"Boutique\",\"item\":\"https:\/\/paracherkaoui.ma\/index.php\/boutique\/\"},{\"@type\":\"ListItem\",\"position\":3,\"name\":\"BIODERMA PHOTODERM LAIT ULTRA SPF50+ 100 ML\"}]},{\"@type\":\"WebSite\",\"@id\":\"https:\/\/paracherkaoui.ma\/#website\",\"url\":\"https:\/\/paracherkaoui.ma\/\",\"name\":\"Paracherkaoui.ma\",\"description\":\"Achetez en ligne sur Paracherkaoui.ma\",\"potentialAction\":[{\"@type\":\"SearchAction\",\"target\":{\"@type\":\"EntryPoint\",\"urlTemplate\":\"https:\/\/paracherkaoui.ma\/?s={search_term_string}\"},\"query-input\":{\"@type\":\"PropertyValueSpecification\",\"valueRequired\":true,\"valueName\":\"search_term_string\"}}],\"inLanguage\":\"fr-FR\"}]}<\/script>\r\n<!-- \/ Yoast SEO plugin. -->","yoast_head_json":{"title":"BIODERMA PHOTODERM LAIT ULTRA SPF50+ 100 ML - Paracherkaoui.ma","robots":{"index":"index","follow":"follow","max-snippet":"max-snippet:-1","max-image-preview":"max-image-preview:large","max-video-preview":"max-video-preview:-1"},"canonical":"https:\/\/paracherkaoui.ma\/index.php\/produit\/bioderma-photoderm-lait-ultra-spf50-100-ml\/","og_locale":"fr_FR","og_type":"article","og_title":"BIODERMA PHOTODERM LAIT ULTRA SPF50+ 100 ML - Paracherkaoui.ma","og_description":"Ce soin solaire nouvelle g\u00e9n\u00e9ration est sp\u00e9cialement formul\u00e9 pour r\u00e9pondre aux besoins des peaux sensibles, fragilis\u00e9es, ou normales, qu\u2019il s\u2019agisse","og_url":"https:\/\/paracherkaoui.ma\/index.php\/produit\/bioderma-photoderm-lait-ultra-spf50-100-ml\/","og_site_name":"Paracherkaoui.ma","article_modified_time":"2025-12-12T17:59:55+00:00","og_image":[{"width":700,"height":700,"url":"https:\/\/paracherkaoui.ma\/wp-content\/uploads\/2025\/12\/bioderma-photoderm-lait-ultra-spf50-100-ml.jpg","type":"image\/jpeg"}],"twitter_card":"summary_large_image","twitter_misc":{"Dur\u00e9e de lecture estim\u00e9e":"2 minutes"},"schema":{"@context":"https:\/\/schema.org","@graph":[{"@type":"WebPage","@id":"https:\/\/paracherkaoui.ma\/index.php\/produit\/bioderma-photoderm-lait-ultra-spf50-100-ml\/","url":"https:\/\/paracherkaoui.ma\/index.php\/produit\/bioderma-photoderm-lait-ultra-spf50-100-ml\/","name":"BIODERMA PHOTODERM LAIT ULTRA SPF50+ 100 ML - Paracherkaoui.ma","isPartOf":{"@id":"https:\/\/paracherkaoui.ma\/#website"},"primaryImageOfPage":{"@id":"https:\/\/paracherkaoui.ma\/index.php\/produit\/bioderma-photoderm-lait-ultra-spf50-100-ml\/#primaryimage"},"image":{"@id":"https:\/\/paracherkaoui.ma\/index.php\/produit\/bioderma-photoderm-lait-ultra-spf50-100-ml\/#primaryimage"},"thumbnailUrl":"https:\/\/paracherkaoui.ma\/wp-content\/uploads\/2025\/12\/bioderma-photoderm-lait-ultra-spf50-100-ml.jpg","datePublished":"2025-12-12T17:59:49+00:00","dateModified":"2025-12-12T17:59:55+00:00","breadcrumb":{"@id":"https:\/\/paracherkaoui.ma\/index.php\/produit\/bioderma-photoderm-lait-ultra-spf50-100-ml\/#breadcrumb"},"inLanguage":"fr-FR","potentialAction":[{"@type":"ReadAction","target":["https:\/\/paracherkaoui.ma\/index.php\/produit\/bioderma-photoderm-lait-ultra-spf50-100-ml\/"]}]},{"@type":"ImageObject","inLanguage":"fr-FR","@id":"https:\/\/paracherkaoui.ma\/index.php\/produit\/bioderma-photoderm-lait-ultra-spf50-100-ml\/#primaryimage","url":"https:\/\/paracherkaoui.ma\/wp-content\/uploads\/2025\/12\/bioderma-photoderm-lait-ultra-spf50-100-ml.jpg","contentUrl":"https:\/\/paracherkaoui.ma\/wp-content\/uploads\/2025\/12\/bioderma-photoderm-lait-ultra-spf50-100-ml.jpg","width":700,"height":700},{"@type":"BreadcrumbList","@id":"https:\/\/paracherkaoui.ma\/index.php\/produit\/bioderma-photoderm-lait-ultra-spf50-100-ml\/#breadcrumb","itemListElement":[{"@type":"ListItem","position":1,"name":"Accueil","item":"https:\/\/paracherkaoui.ma\/"},{"@type":"ListItem","position":2,"name":"Boutique","item":"https:\/\/paracherkaoui.ma\/index.php\/boutique\/"},{"@type":"ListItem","position":3,"name":"BIODERMA PHOTODERM LAIT ULTRA SPF50+ 100 ML"}]},{"@type":"WebSite","@id":"https:\/\/paracherkaoui.ma\/#website","url":"https:\/\/paracherkaoui.ma\/","name":"Paracherkaoui.ma","description":"Achetez en ligne sur Paracherkaoui.ma","potentialAction":[{"@type":"SearchAction","target":{"@type":"EntryPoint","urlTemplate":"https:\/\/paracherkaoui.ma\/?s={search_term_string}"},"query-input":{"@type":"PropertyValueSpecification","valueRequired":true,"valueName":"search_term_string"}}],"inLanguage":"fr-FR"}]}},"_links":{"self":[{"href":"https:\/\/paracherkaoui.ma\/index.php\/wp-json\/wp\/v2\/product\/38286","targetHints":{"allow":["GET"]}}],"collection":[{"href":"https:\/\/paracherkaoui.ma\/index.php\/wp-json\/wp\/v2\/product"}],"about":[{"href":"https:\/\/paracherkaoui.ma\/index.php\/wp-json\/wp\/v2\/types\/product"}],"replies":[{"embeddable":true,"href":"https:\/\/paracherkaoui.ma\/index.php\/wp-json\/wp\/v2\/comments?post=38286"}],"version-history":[{"count":1,"href":"https:\/\/paracherkaoui.ma\/index.php\/wp-json\/wp\/v2\/product\/38286\/revisions"}],"predecessor-version":[{"id":38336,"href":"https:\/\/paracherkaoui.ma\/index.php\/wp-json\/wp\/v2\/product\/38286\/revisions\/38336"}],"wp:featuredmedia":[{"embeddable":true,"href":"https:\/\/paracherkaoui.ma\/index.php\/wp-json\/wp\/v2\/media\/38335"}],"wp:attachment":[{"href":"https:\/\/paracherkaoui.ma\/index.php\/wp-json\/wp\/v2\/media?parent=38286"}],"wp:term":[{"taxonomy":"product_brand","embeddable":true,"href":"https:\/\/paracherkaoui.ma\/index.php\/wp-json\/wp\/v2\/product_brand?post=38286"},{"taxonomy":"product_cat","embeddable":true,"href":"https:\/\/paracherkaoui.ma\/index.php\/wp-json\/wp\/v2\/product_cat?post=38286"},{"taxonomy":"product_tag","embeddable":true,"href":"https:\/\/paracherkaoui.ma\/index.php\/wp-json\/wp\/v2\/product_tag?post=38286"}],"curies":[{"name":"wp","href":"https:\/\/api.w.org\/{rel}","templated":true}]}}