{"id":38202,"date":"2025-12-12T18:59:39","date_gmt":"2025-12-12T17:59:39","guid":{"rendered":"https:\/\/test.ecbeaute.com\/?post_type=product&#038;p=38202"},"modified":"2025-12-12T18:59:46","modified_gmt":"2025-12-12T17:59:46","slug":"kaline-k-sun-pack-creme-hydratante-tinte-lumineuse-50-ml-et-cold-cream-k-aqua-50-ml-offerte","status":"publish","type":"product","link":"https:\/\/paracherkaoui.ma\/index.php\/produit\/kaline-k-sun-pack-creme-hydratante-tinte-lumineuse-50-ml-et-cold-cream-k-aqua-50-ml-offerte\/","title":{"rendered":"KALINE K SUN PACK CREME HYDRATANTE TINTE LUMINEUSE 50 ML ET COLD CREAM K AQUA 50 ML OFFERTE"},"content":{"rendered":"<p>La Cr\u00e8me Hydratante Teint\u00e9e Lumineuse SPF 50+ est votre alli\u00e9e quotidienne pour une peau radieuse et prot\u00e9g\u00e9e. Sa formule l\u00e9g\u00e8re et teint\u00e9e s&rsquo;adapte parfaitement \u00e0 votre teint, offrant une couvrance naturelle tout en prot\u00e9geant votre peau des rayons UV nocifs gr\u00e2ce \u00e0 son indice de protection \u00e9lev\u00e9. Enrichie en agents hydratants, elle assure une peau douce et \u00e9clatante sans effet gras. Id\u00e9ale pour une utilisation quotidienne, elle prot\u00e8ge votre peau des agressions ext\u00e9rieures tout en sublimant votre teint.<br \/>\nEn compl\u00e9ment, la Cold Cream K Aqua est offerte dans ce pack. Cette cr\u00e8me froide est un v\u00e9ritable bain d&rsquo;hydratation pour votre peau. Sa formule riche et apaisante p\u00e9n\u00e8tre en profondeur pour restaurer la barri\u00e8re naturelle de la peau, la laissant douce et revitalis\u00e9e. Parfaite pour une utilisation en soir\u00e9e, elle offre une hydratation intense et durable, id\u00e9ale pour les peaux assoiff\u00e9es.<br \/>\nConseils d&rsquo;utilisation<br \/>\nPour des r\u00e9sultats optimaux, appliquez la Cr\u00e8me Hydratante Teint\u00e9e Lumineuse SPF 50+ chaque matin sur une peau propre et s\u00e8che avant toute exposition au soleil. Renouvelez l&rsquo;application fr\u00e9quemment en cas d&rsquo;exposition prolong\u00e9e ou apr\u00e8s la baignade. Le soir, apr\u00e8s avoir nettoy\u00e9 votre visage, appliquez la Cold Cream K Aqua pour une hydratation nocturne intense.<\/p>\n","protected":false},"excerpt":{"rendered":"<p>La Cr\u00e8me Hydratante Teint\u00e9e Lumineuse SPF 50+ est votre alli\u00e9e quotidienne pour une peau radieuse et prot\u00e9g\u00e9e. Sa formule l\u00e9g\u00e8re<\/p>\n","protected":false},"featured_media":38258,"comment_status":"open","ping_status":"closed","template":"","meta":[],"product_brand":[431],"product_cat":[666],"product_tag":[],"class_list":{"0":"post-38202","1":"product","2":"type-product","3":"status-publish","4":"has-post-thumbnail","6":"product_brand-kaline","7":"product_cat-cremes-solaires","9":"first","10":"instock","11":"sale","12":"shipping-taxable","13":"purchasable","14":"product-type-simple"},"yoast_head":"<!-- This site is optimized with the Yoast SEO plugin v26.6 - https:\/\/yoast.com\/wordpress\/plugins\/seo\/ -->\r\n<title>KALINE K SUN PACK CREME HYDRATANTE TINTE LUMINEUSE 50 ML ET COLD CREAM K AQUA 50 ML OFFERTE - Paracherkaoui.ma<\/title>\r\n<meta name=\"robots\" content=\"index, follow, max-snippet:-1, max-image-preview:large, max-video-preview:-1\" \/>\r\n<link rel=\"canonical\" href=\"https:\/\/paracherkaoui.ma\/index.php\/produit\/kaline-k-sun-pack-creme-hydratante-tinte-lumineuse-50-ml-et-cold-cream-k-aqua-50-ml-offerte\/\" \/>\r\n<meta property=\"og:locale\" content=\"fr_FR\" \/>\r\n<meta property=\"og:type\" content=\"article\" \/>\r\n<meta property=\"og:title\" content=\"KALINE K SUN PACK CREME HYDRATANTE TINTE LUMINEUSE 50 ML ET COLD CREAM K AQUA 50 ML OFFERTE - Paracherkaoui.ma\" \/>\r\n<meta property=\"og:description\" content=\"La Cr\u00e8me Hydratante Teint\u00e9e Lumineuse SPF 50+ est votre alli\u00e9e quotidienne pour une peau radieuse et prot\u00e9g\u00e9e. Sa formule l\u00e9g\u00e8re\" \/>\r\n<meta property=\"og:url\" content=\"https:\/\/paracherkaoui.ma\/index.php\/produit\/kaline-k-sun-pack-creme-hydratante-tinte-lumineuse-50-ml-et-cold-cream-k-aqua-50-ml-offerte\/\" \/>\r\n<meta property=\"og:site_name\" content=\"Paracherkaoui.ma\" \/>\r\n<meta property=\"article:modified_time\" content=\"2025-12-12T17:59:46+00:00\" \/>\r\n<meta property=\"og:image\" content=\"https:\/\/paracherkaoui.ma\/wp-content\/uploads\/2025\/12\/kaline-kaline-k-sun-pack-creme-hydratante-tinte-lumineuse-50-ml-et-cold-cream-k-aqua-50-ml-offerte-cremes.jpg\" \/>\r\n\t<meta property=\"og:image:width\" content=\"700\" \/>\r\n\t<meta property=\"og:image:height\" content=\"700\" \/>\r\n\t<meta property=\"og:image:type\" content=\"image\/jpeg\" \/>\r\n<meta name=\"twitter:card\" content=\"summary_large_image\" \/>\r\n<meta name=\"twitter:label1\" content=\"Dur\u00e9e de lecture estim\u00e9e\" \/>\n\t<meta name=\"twitter:data1\" content=\"1 minute\" \/>\r\n<script type=\"application\/ld+json\" class=\"yoast-schema-graph\">{\"@context\":\"https:\/\/schema.org\",\"@graph\":[{\"@type\":\"WebPage\",\"@id\":\"https:\/\/paracherkaoui.ma\/index.php\/produit\/kaline-k-sun-pack-creme-hydratante-tinte-lumineuse-50-ml-et-cold-cream-k-aqua-50-ml-offerte\/\",\"url\":\"https:\/\/paracherkaoui.ma\/index.php\/produit\/kaline-k-sun-pack-creme-hydratante-tinte-lumineuse-50-ml-et-cold-cream-k-aqua-50-ml-offerte\/\",\"name\":\"KALINE K SUN PACK CREME HYDRATANTE TINTE LUMINEUSE 50 ML ET COLD CREAM K AQUA 50 ML OFFERTE - Paracherkaoui.ma\",\"isPartOf\":{\"@id\":\"https:\/\/paracherkaoui.ma\/#website\"},\"primaryImageOfPage\":{\"@id\":\"https:\/\/paracherkaoui.ma\/index.php\/produit\/kaline-k-sun-pack-creme-hydratante-tinte-lumineuse-50-ml-et-cold-cream-k-aqua-50-ml-offerte\/#primaryimage\"},\"image\":{\"@id\":\"https:\/\/paracherkaoui.ma\/index.php\/produit\/kaline-k-sun-pack-creme-hydratante-tinte-lumineuse-50-ml-et-cold-cream-k-aqua-50-ml-offerte\/#primaryimage\"},\"thumbnailUrl\":\"https:\/\/paracherkaoui.ma\/wp-content\/uploads\/2025\/12\/kaline-kaline-k-sun-pack-creme-hydratante-tinte-lumineuse-50-ml-et-cold-cream-k-aqua-50-ml-offerte-cremes.jpg\",\"datePublished\":\"2025-12-12T17:59:39+00:00\",\"dateModified\":\"2025-12-12T17:59:46+00:00\",\"breadcrumb\":{\"@id\":\"https:\/\/paracherkaoui.ma\/index.php\/produit\/kaline-k-sun-pack-creme-hydratante-tinte-lumineuse-50-ml-et-cold-cream-k-aqua-50-ml-offerte\/#breadcrumb\"},\"inLanguage\":\"fr-FR\",\"potentialAction\":[{\"@type\":\"ReadAction\",\"target\":[\"https:\/\/paracherkaoui.ma\/index.php\/produit\/kaline-k-sun-pack-creme-hydratante-tinte-lumineuse-50-ml-et-cold-cream-k-aqua-50-ml-offerte\/\"]}]},{\"@type\":\"ImageObject\",\"inLanguage\":\"fr-FR\",\"@id\":\"https:\/\/paracherkaoui.ma\/index.php\/produit\/kaline-k-sun-pack-creme-hydratante-tinte-lumineuse-50-ml-et-cold-cream-k-aqua-50-ml-offerte\/#primaryimage\",\"url\":\"https:\/\/paracherkaoui.ma\/wp-content\/uploads\/2025\/12\/kaline-kaline-k-sun-pack-creme-hydratante-tinte-lumineuse-50-ml-et-cold-cream-k-aqua-50-ml-offerte-cremes.jpg\",\"contentUrl\":\"https:\/\/paracherkaoui.ma\/wp-content\/uploads\/2025\/12\/kaline-kaline-k-sun-pack-creme-hydratante-tinte-lumineuse-50-ml-et-cold-cream-k-aqua-50-ml-offerte-cremes.jpg\",\"width\":700,\"height\":700},{\"@type\":\"BreadcrumbList\",\"@id\":\"https:\/\/paracherkaoui.ma\/index.php\/produit\/kaline-k-sun-pack-creme-hydratante-tinte-lumineuse-50-ml-et-cold-cream-k-aqua-50-ml-offerte\/#breadcrumb\",\"itemListElement\":[{\"@type\":\"ListItem\",\"position\":1,\"name\":\"Accueil\",\"item\":\"https:\/\/paracherkaoui.ma\/\"},{\"@type\":\"ListItem\",\"position\":2,\"name\":\"Boutique\",\"item\":\"https:\/\/paracherkaoui.ma\/index.php\/boutique\/\"},{\"@type\":\"ListItem\",\"position\":3,\"name\":\"KALINE K SUN PACK CREME HYDRATANTE TINTE LUMINEUSE 50 ML ET COLD CREAM K AQUA 50 ML OFFERTE\"}]},{\"@type\":\"WebSite\",\"@id\":\"https:\/\/paracherkaoui.ma\/#website\",\"url\":\"https:\/\/paracherkaoui.ma\/\",\"name\":\"Paracherkaoui.ma\",\"description\":\"Achetez en ligne sur Paracherkaoui.ma\",\"potentialAction\":[{\"@type\":\"SearchAction\",\"target\":{\"@type\":\"EntryPoint\",\"urlTemplate\":\"https:\/\/paracherkaoui.ma\/?s={search_term_string}\"},\"query-input\":{\"@type\":\"PropertyValueSpecification\",\"valueRequired\":true,\"valueName\":\"search_term_string\"}}],\"inLanguage\":\"fr-FR\"}]}<\/script>\r\n<!-- \/ Yoast SEO plugin. -->","yoast_head_json":{"title":"KALINE K SUN PACK CREME HYDRATANTE TINTE LUMINEUSE 50 ML ET COLD CREAM K AQUA 50 ML OFFERTE - Paracherkaoui.ma","robots":{"index":"index","follow":"follow","max-snippet":"max-snippet:-1","max-image-preview":"max-image-preview:large","max-video-preview":"max-video-preview:-1"},"canonical":"https:\/\/paracherkaoui.ma\/index.php\/produit\/kaline-k-sun-pack-creme-hydratante-tinte-lumineuse-50-ml-et-cold-cream-k-aqua-50-ml-offerte\/","og_locale":"fr_FR","og_type":"article","og_title":"KALINE K SUN PACK CREME HYDRATANTE TINTE LUMINEUSE 50 ML ET COLD CREAM K AQUA 50 ML OFFERTE - Paracherkaoui.ma","og_description":"La Cr\u00e8me Hydratante Teint\u00e9e Lumineuse SPF 50+ est votre alli\u00e9e quotidienne pour une peau radieuse et prot\u00e9g\u00e9e. Sa formule l\u00e9g\u00e8re","og_url":"https:\/\/paracherkaoui.ma\/index.php\/produit\/kaline-k-sun-pack-creme-hydratante-tinte-lumineuse-50-ml-et-cold-cream-k-aqua-50-ml-offerte\/","og_site_name":"Paracherkaoui.ma","article_modified_time":"2025-12-12T17:59:46+00:00","og_image":[{"width":700,"height":700,"url":"https:\/\/paracherkaoui.ma\/wp-content\/uploads\/2025\/12\/kaline-kaline-k-sun-pack-creme-hydratante-tinte-lumineuse-50-ml-et-cold-cream-k-aqua-50-ml-offerte-cremes.jpg","type":"image\/jpeg"}],"twitter_card":"summary_large_image","twitter_misc":{"Dur\u00e9e de lecture estim\u00e9e":"1 minute"},"schema":{"@context":"https:\/\/schema.org","@graph":[{"@type":"WebPage","@id":"https:\/\/paracherkaoui.ma\/index.php\/produit\/kaline-k-sun-pack-creme-hydratante-tinte-lumineuse-50-ml-et-cold-cream-k-aqua-50-ml-offerte\/","url":"https:\/\/paracherkaoui.ma\/index.php\/produit\/kaline-k-sun-pack-creme-hydratante-tinte-lumineuse-50-ml-et-cold-cream-k-aqua-50-ml-offerte\/","name":"KALINE K SUN PACK CREME HYDRATANTE TINTE LUMINEUSE 50 ML ET COLD CREAM K AQUA 50 ML OFFERTE - Paracherkaoui.ma","isPartOf":{"@id":"https:\/\/paracherkaoui.ma\/#website"},"primaryImageOfPage":{"@id":"https:\/\/paracherkaoui.ma\/index.php\/produit\/kaline-k-sun-pack-creme-hydratante-tinte-lumineuse-50-ml-et-cold-cream-k-aqua-50-ml-offerte\/#primaryimage"},"image":{"@id":"https:\/\/paracherkaoui.ma\/index.php\/produit\/kaline-k-sun-pack-creme-hydratante-tinte-lumineuse-50-ml-et-cold-cream-k-aqua-50-ml-offerte\/#primaryimage"},"thumbnailUrl":"https:\/\/paracherkaoui.ma\/wp-content\/uploads\/2025\/12\/kaline-kaline-k-sun-pack-creme-hydratante-tinte-lumineuse-50-ml-et-cold-cream-k-aqua-50-ml-offerte-cremes.jpg","datePublished":"2025-12-12T17:59:39+00:00","dateModified":"2025-12-12T17:59:46+00:00","breadcrumb":{"@id":"https:\/\/paracherkaoui.ma\/index.php\/produit\/kaline-k-sun-pack-creme-hydratante-tinte-lumineuse-50-ml-et-cold-cream-k-aqua-50-ml-offerte\/#breadcrumb"},"inLanguage":"fr-FR","potentialAction":[{"@type":"ReadAction","target":["https:\/\/paracherkaoui.ma\/index.php\/produit\/kaline-k-sun-pack-creme-hydratante-tinte-lumineuse-50-ml-et-cold-cream-k-aqua-50-ml-offerte\/"]}]},{"@type":"ImageObject","inLanguage":"fr-FR","@id":"https:\/\/paracherkaoui.ma\/index.php\/produit\/kaline-k-sun-pack-creme-hydratante-tinte-lumineuse-50-ml-et-cold-cream-k-aqua-50-ml-offerte\/#primaryimage","url":"https:\/\/paracherkaoui.ma\/wp-content\/uploads\/2025\/12\/kaline-kaline-k-sun-pack-creme-hydratante-tinte-lumineuse-50-ml-et-cold-cream-k-aqua-50-ml-offerte-cremes.jpg","contentUrl":"https:\/\/paracherkaoui.ma\/wp-content\/uploads\/2025\/12\/kaline-kaline-k-sun-pack-creme-hydratante-tinte-lumineuse-50-ml-et-cold-cream-k-aqua-50-ml-offerte-cremes.jpg","width":700,"height":700},{"@type":"BreadcrumbList","@id":"https:\/\/paracherkaoui.ma\/index.php\/produit\/kaline-k-sun-pack-creme-hydratante-tinte-lumineuse-50-ml-et-cold-cream-k-aqua-50-ml-offerte\/#breadcrumb","itemListElement":[{"@type":"ListItem","position":1,"name":"Accueil","item":"https:\/\/paracherkaoui.ma\/"},{"@type":"ListItem","position":2,"name":"Boutique","item":"https:\/\/paracherkaoui.ma\/index.php\/boutique\/"},{"@type":"ListItem","position":3,"name":"KALINE K SUN PACK CREME HYDRATANTE TINTE LUMINEUSE 50 ML ET COLD CREAM K AQUA 50 ML OFFERTE"}]},{"@type":"WebSite","@id":"https:\/\/paracherkaoui.ma\/#website","url":"https:\/\/paracherkaoui.ma\/","name":"Paracherkaoui.ma","description":"Achetez en ligne sur Paracherkaoui.ma","potentialAction":[{"@type":"SearchAction","target":{"@type":"EntryPoint","urlTemplate":"https:\/\/paracherkaoui.ma\/?s={search_term_string}"},"query-input":{"@type":"PropertyValueSpecification","valueRequired":true,"valueName":"search_term_string"}}],"inLanguage":"fr-FR"}]}},"_links":{"self":[{"href":"https:\/\/paracherkaoui.ma\/index.php\/wp-json\/wp\/v2\/product\/38202","targetHints":{"allow":["GET"]}}],"collection":[{"href":"https:\/\/paracherkaoui.ma\/index.php\/wp-json\/wp\/v2\/product"}],"about":[{"href":"https:\/\/paracherkaoui.ma\/index.php\/wp-json\/wp\/v2\/types\/product"}],"replies":[{"embeddable":true,"href":"https:\/\/paracherkaoui.ma\/index.php\/wp-json\/wp\/v2\/comments?post=38202"}],"version-history":[{"count":1,"href":"https:\/\/paracherkaoui.ma\/index.php\/wp-json\/wp\/v2\/product\/38202\/revisions"}],"predecessor-version":[{"id":38259,"href":"https:\/\/paracherkaoui.ma\/index.php\/wp-json\/wp\/v2\/product\/38202\/revisions\/38259"}],"wp:featuredmedia":[{"embeddable":true,"href":"https:\/\/paracherkaoui.ma\/index.php\/wp-json\/wp\/v2\/media\/38258"}],"wp:attachment":[{"href":"https:\/\/paracherkaoui.ma\/index.php\/wp-json\/wp\/v2\/media?parent=38202"}],"wp:term":[{"taxonomy":"product_brand","embeddable":true,"href":"https:\/\/paracherkaoui.ma\/index.php\/wp-json\/wp\/v2\/product_brand?post=38202"},{"taxonomy":"product_cat","embeddable":true,"href":"https:\/\/paracherkaoui.ma\/index.php\/wp-json\/wp\/v2\/product_cat?post=38202"},{"taxonomy":"product_tag","embeddable":true,"href":"https:\/\/paracherkaoui.ma\/index.php\/wp-json\/wp\/v2\/product_tag?post=38202"}],"curies":[{"name":"wp","href":"https:\/\/api.w.org\/{rel}","templated":true}]}}