{"id":38199,"date":"2025-12-12T18:59:39","date_gmt":"2025-12-12T17:59:39","guid":{"rendered":"https:\/\/test.ecbeaute.com\/?post_type=product&#038;p=38199"},"modified":"2025-12-12T18:59:46","modified_gmt":"2025-12-12T17:59:46","slug":"evawin-rosawin-ecran-solaire-invisible-spf-50-50-ml","status":"publish","type":"product","link":"https:\/\/paracherkaoui.ma\/index.php\/produit\/evawin-rosawin-ecran-solaire-invisible-spf-50-50-ml\/","title":{"rendered":"EVAWIN ROSAWIN ECRAN SOLAIRE INVISIBLE SPF 50+ 50 ML"},"content":{"rendered":"<p>ROSAWIN\u00ae Ecran Solaire Invisible SPF 50+ est une protection extr\u00eame \u00e0 large spectre contre les UVA I, UVA II et UVB. Une texture sp\u00e9cialement riche en Bisabolol, extrait de Calendula, et en huile essentielle d\u2019arbre \u00e0 th\u00e9, destin\u00e9 aux peaux sensibles pour une protection maximale contre les dommages cutan\u00e9s caus\u00e9s par l\u2019exposition prolong\u00e9e au soleil.<br \/>\nROSAWIN\u00ae Ecran Solaire s\u2019\u00e9tale facilement et adh\u00e8re parfaitement \u00e0 la peau pour un confort et une protection maximale.<br \/>\nROSAWIN\u00ae Ecran destin\u00e9 pour la rosac\u00e9e et la couperose, r\u00e9sistant \u00e0 l\u2019eau. Garantie une bonne hydratation sans fini gras.<br \/>\nSans paraben, sans parfum.<\/p>\n","protected":false},"excerpt":{"rendered":"<p>ROSAWIN\u00ae Ecran Solaire Invisible SPF 50+ est une protection extr\u00eame \u00e0 large spectre contre les UVA I, UVA II et<\/p>\n","protected":false},"featured_media":38253,"comment_status":"open","ping_status":"closed","template":"","meta":[],"product_brand":[309],"product_cat":[666],"product_tag":[],"class_list":{"0":"post-38199","1":"product","2":"type-product","3":"status-publish","4":"has-post-thumbnail","6":"product_brand-evawin-pharma","7":"product_cat-cremes-solaires","9":"first","10":"instock","11":"sale","12":"shipping-taxable","13":"purchasable","14":"product-type-simple"},"yoast_head":"<!-- This site is optimized with the Yoast SEO plugin v26.6 - https:\/\/yoast.com\/wordpress\/plugins\/seo\/ -->\r\n<title>EVAWIN ROSAWIN ECRAN SOLAIRE INVISIBLE SPF 50+ 50 ML - Paracherkaoui.ma<\/title>\r\n<meta name=\"robots\" content=\"index, follow, max-snippet:-1, max-image-preview:large, max-video-preview:-1\" \/>\r\n<link rel=\"canonical\" href=\"https:\/\/paracherkaoui.ma\/index.php\/produit\/evawin-rosawin-ecran-solaire-invisible-spf-50-50-ml\/\" \/>\r\n<meta property=\"og:locale\" content=\"fr_FR\" \/>\r\n<meta property=\"og:type\" content=\"article\" \/>\r\n<meta property=\"og:title\" content=\"EVAWIN ROSAWIN ECRAN SOLAIRE INVISIBLE SPF 50+ 50 ML - Paracherkaoui.ma\" \/>\r\n<meta property=\"og:description\" content=\"ROSAWIN\u00ae Ecran Solaire Invisible SPF 50+ est une protection extr\u00eame \u00e0 large spectre contre les UVA I, UVA II et\" \/>\r\n<meta property=\"og:url\" content=\"https:\/\/paracherkaoui.ma\/index.php\/produit\/evawin-rosawin-ecran-solaire-invisible-spf-50-50-ml\/\" \/>\r\n<meta property=\"og:site_name\" content=\"Paracherkaoui.ma\" \/>\r\n<meta property=\"article:modified_time\" content=\"2025-12-12T17:59:46+00:00\" \/>\r\n<meta property=\"og:image\" content=\"https:\/\/paracherkaoui.ma\/wp-content\/uploads\/2025\/12\/evawin-pharma-evawin-rosawin-ecran-solaire-invisible-spf-50-50-ml-cremes.jpg\" \/>\r\n\t<meta property=\"og:image:width\" content=\"700\" \/>\r\n\t<meta property=\"og:image:height\" content=\"700\" \/>\r\n\t<meta property=\"og:image:type\" content=\"image\/jpeg\" \/>\r\n<meta name=\"twitter:card\" content=\"summary_large_image\" \/>\r\n<meta name=\"twitter:label1\" content=\"Dur\u00e9e de lecture estim\u00e9e\" \/>\n\t<meta name=\"twitter:data1\" content=\"1 minute\" \/>\r\n<script type=\"application\/ld+json\" class=\"yoast-schema-graph\">{\"@context\":\"https:\/\/schema.org\",\"@graph\":[{\"@type\":\"WebPage\",\"@id\":\"https:\/\/paracherkaoui.ma\/index.php\/produit\/evawin-rosawin-ecran-solaire-invisible-spf-50-50-ml\/\",\"url\":\"https:\/\/paracherkaoui.ma\/index.php\/produit\/evawin-rosawin-ecran-solaire-invisible-spf-50-50-ml\/\",\"name\":\"EVAWIN ROSAWIN ECRAN SOLAIRE INVISIBLE SPF 50+ 50 ML - Paracherkaoui.ma\",\"isPartOf\":{\"@id\":\"https:\/\/paracherkaoui.ma\/#website\"},\"primaryImageOfPage\":{\"@id\":\"https:\/\/paracherkaoui.ma\/index.php\/produit\/evawin-rosawin-ecran-solaire-invisible-spf-50-50-ml\/#primaryimage\"},\"image\":{\"@id\":\"https:\/\/paracherkaoui.ma\/index.php\/produit\/evawin-rosawin-ecran-solaire-invisible-spf-50-50-ml\/#primaryimage\"},\"thumbnailUrl\":\"https:\/\/paracherkaoui.ma\/wp-content\/uploads\/2025\/12\/evawin-pharma-evawin-rosawin-ecran-solaire-invisible-spf-50-50-ml-cremes.jpg\",\"datePublished\":\"2025-12-12T17:59:39+00:00\",\"dateModified\":\"2025-12-12T17:59:46+00:00\",\"breadcrumb\":{\"@id\":\"https:\/\/paracherkaoui.ma\/index.php\/produit\/evawin-rosawin-ecran-solaire-invisible-spf-50-50-ml\/#breadcrumb\"},\"inLanguage\":\"fr-FR\",\"potentialAction\":[{\"@type\":\"ReadAction\",\"target\":[\"https:\/\/paracherkaoui.ma\/index.php\/produit\/evawin-rosawin-ecran-solaire-invisible-spf-50-50-ml\/\"]}]},{\"@type\":\"ImageObject\",\"inLanguage\":\"fr-FR\",\"@id\":\"https:\/\/paracherkaoui.ma\/index.php\/produit\/evawin-rosawin-ecran-solaire-invisible-spf-50-50-ml\/#primaryimage\",\"url\":\"https:\/\/paracherkaoui.ma\/wp-content\/uploads\/2025\/12\/evawin-pharma-evawin-rosawin-ecran-solaire-invisible-spf-50-50-ml-cremes.jpg\",\"contentUrl\":\"https:\/\/paracherkaoui.ma\/wp-content\/uploads\/2025\/12\/evawin-pharma-evawin-rosawin-ecran-solaire-invisible-spf-50-50-ml-cremes.jpg\",\"width\":700,\"height\":700},{\"@type\":\"BreadcrumbList\",\"@id\":\"https:\/\/paracherkaoui.ma\/index.php\/produit\/evawin-rosawin-ecran-solaire-invisible-spf-50-50-ml\/#breadcrumb\",\"itemListElement\":[{\"@type\":\"ListItem\",\"position\":1,\"name\":\"Accueil\",\"item\":\"https:\/\/paracherkaoui.ma\/\"},{\"@type\":\"ListItem\",\"position\":2,\"name\":\"Boutique\",\"item\":\"https:\/\/paracherkaoui.ma\/index.php\/boutique\/\"},{\"@type\":\"ListItem\",\"position\":3,\"name\":\"EVAWIN ROSAWIN ECRAN SOLAIRE INVISIBLE SPF 50+ 50 ML\"}]},{\"@type\":\"WebSite\",\"@id\":\"https:\/\/paracherkaoui.ma\/#website\",\"url\":\"https:\/\/paracherkaoui.ma\/\",\"name\":\"Paracherkaoui.ma\",\"description\":\"Achetez en ligne sur Paracherkaoui.ma\",\"potentialAction\":[{\"@type\":\"SearchAction\",\"target\":{\"@type\":\"EntryPoint\",\"urlTemplate\":\"https:\/\/paracherkaoui.ma\/?s={search_term_string}\"},\"query-input\":{\"@type\":\"PropertyValueSpecification\",\"valueRequired\":true,\"valueName\":\"search_term_string\"}}],\"inLanguage\":\"fr-FR\"}]}<\/script>\r\n<!-- \/ Yoast SEO plugin. -->","yoast_head_json":{"title":"EVAWIN ROSAWIN ECRAN SOLAIRE INVISIBLE SPF 50+ 50 ML - Paracherkaoui.ma","robots":{"index":"index","follow":"follow","max-snippet":"max-snippet:-1","max-image-preview":"max-image-preview:large","max-video-preview":"max-video-preview:-1"},"canonical":"https:\/\/paracherkaoui.ma\/index.php\/produit\/evawin-rosawin-ecran-solaire-invisible-spf-50-50-ml\/","og_locale":"fr_FR","og_type":"article","og_title":"EVAWIN ROSAWIN ECRAN SOLAIRE INVISIBLE SPF 50+ 50 ML - Paracherkaoui.ma","og_description":"ROSAWIN\u00ae Ecran Solaire Invisible SPF 50+ est une protection extr\u00eame \u00e0 large spectre contre les UVA I, UVA II et","og_url":"https:\/\/paracherkaoui.ma\/index.php\/produit\/evawin-rosawin-ecran-solaire-invisible-spf-50-50-ml\/","og_site_name":"Paracherkaoui.ma","article_modified_time":"2025-12-12T17:59:46+00:00","og_image":[{"width":700,"height":700,"url":"https:\/\/paracherkaoui.ma\/wp-content\/uploads\/2025\/12\/evawin-pharma-evawin-rosawin-ecran-solaire-invisible-spf-50-50-ml-cremes.jpg","type":"image\/jpeg"}],"twitter_card":"summary_large_image","twitter_misc":{"Dur\u00e9e de lecture estim\u00e9e":"1 minute"},"schema":{"@context":"https:\/\/schema.org","@graph":[{"@type":"WebPage","@id":"https:\/\/paracherkaoui.ma\/index.php\/produit\/evawin-rosawin-ecran-solaire-invisible-spf-50-50-ml\/","url":"https:\/\/paracherkaoui.ma\/index.php\/produit\/evawin-rosawin-ecran-solaire-invisible-spf-50-50-ml\/","name":"EVAWIN ROSAWIN ECRAN SOLAIRE INVISIBLE SPF 50+ 50 ML - Paracherkaoui.ma","isPartOf":{"@id":"https:\/\/paracherkaoui.ma\/#website"},"primaryImageOfPage":{"@id":"https:\/\/paracherkaoui.ma\/index.php\/produit\/evawin-rosawin-ecran-solaire-invisible-spf-50-50-ml\/#primaryimage"},"image":{"@id":"https:\/\/paracherkaoui.ma\/index.php\/produit\/evawin-rosawin-ecran-solaire-invisible-spf-50-50-ml\/#primaryimage"},"thumbnailUrl":"https:\/\/paracherkaoui.ma\/wp-content\/uploads\/2025\/12\/evawin-pharma-evawin-rosawin-ecran-solaire-invisible-spf-50-50-ml-cremes.jpg","datePublished":"2025-12-12T17:59:39+00:00","dateModified":"2025-12-12T17:59:46+00:00","breadcrumb":{"@id":"https:\/\/paracherkaoui.ma\/index.php\/produit\/evawin-rosawin-ecran-solaire-invisible-spf-50-50-ml\/#breadcrumb"},"inLanguage":"fr-FR","potentialAction":[{"@type":"ReadAction","target":["https:\/\/paracherkaoui.ma\/index.php\/produit\/evawin-rosawin-ecran-solaire-invisible-spf-50-50-ml\/"]}]},{"@type":"ImageObject","inLanguage":"fr-FR","@id":"https:\/\/paracherkaoui.ma\/index.php\/produit\/evawin-rosawin-ecran-solaire-invisible-spf-50-50-ml\/#primaryimage","url":"https:\/\/paracherkaoui.ma\/wp-content\/uploads\/2025\/12\/evawin-pharma-evawin-rosawin-ecran-solaire-invisible-spf-50-50-ml-cremes.jpg","contentUrl":"https:\/\/paracherkaoui.ma\/wp-content\/uploads\/2025\/12\/evawin-pharma-evawin-rosawin-ecran-solaire-invisible-spf-50-50-ml-cremes.jpg","width":700,"height":700},{"@type":"BreadcrumbList","@id":"https:\/\/paracherkaoui.ma\/index.php\/produit\/evawin-rosawin-ecran-solaire-invisible-spf-50-50-ml\/#breadcrumb","itemListElement":[{"@type":"ListItem","position":1,"name":"Accueil","item":"https:\/\/paracherkaoui.ma\/"},{"@type":"ListItem","position":2,"name":"Boutique","item":"https:\/\/paracherkaoui.ma\/index.php\/boutique\/"},{"@type":"ListItem","position":3,"name":"EVAWIN ROSAWIN ECRAN SOLAIRE INVISIBLE SPF 50+ 50 ML"}]},{"@type":"WebSite","@id":"https:\/\/paracherkaoui.ma\/#website","url":"https:\/\/paracherkaoui.ma\/","name":"Paracherkaoui.ma","description":"Achetez en ligne sur Paracherkaoui.ma","potentialAction":[{"@type":"SearchAction","target":{"@type":"EntryPoint","urlTemplate":"https:\/\/paracherkaoui.ma\/?s={search_term_string}"},"query-input":{"@type":"PropertyValueSpecification","valueRequired":true,"valueName":"search_term_string"}}],"inLanguage":"fr-FR"}]}},"_links":{"self":[{"href":"https:\/\/paracherkaoui.ma\/index.php\/wp-json\/wp\/v2\/product\/38199","targetHints":{"allow":["GET"]}}],"collection":[{"href":"https:\/\/paracherkaoui.ma\/index.php\/wp-json\/wp\/v2\/product"}],"about":[{"href":"https:\/\/paracherkaoui.ma\/index.php\/wp-json\/wp\/v2\/types\/product"}],"replies":[{"embeddable":true,"href":"https:\/\/paracherkaoui.ma\/index.php\/wp-json\/wp\/v2\/comments?post=38199"}],"version-history":[{"count":1,"href":"https:\/\/paracherkaoui.ma\/index.php\/wp-json\/wp\/v2\/product\/38199\/revisions"}],"predecessor-version":[{"id":38254,"href":"https:\/\/paracherkaoui.ma\/index.php\/wp-json\/wp\/v2\/product\/38199\/revisions\/38254"}],"wp:featuredmedia":[{"embeddable":true,"href":"https:\/\/paracherkaoui.ma\/index.php\/wp-json\/wp\/v2\/media\/38253"}],"wp:attachment":[{"href":"https:\/\/paracherkaoui.ma\/index.php\/wp-json\/wp\/v2\/media?parent=38199"}],"wp:term":[{"taxonomy":"product_brand","embeddable":true,"href":"https:\/\/paracherkaoui.ma\/index.php\/wp-json\/wp\/v2\/product_brand?post=38199"},{"taxonomy":"product_cat","embeddable":true,"href":"https:\/\/paracherkaoui.ma\/index.php\/wp-json\/wp\/v2\/product_cat?post=38199"},{"taxonomy":"product_tag","embeddable":true,"href":"https:\/\/paracherkaoui.ma\/index.php\/wp-json\/wp\/v2\/product_tag?post=38199"}],"curies":[{"name":"wp","href":"https:\/\/api.w.org\/{rel}","templated":true}]}}