{"id":38186,"date":"2025-12-12T18:59:39","date_gmt":"2025-12-12T17:59:39","guid":{"rendered":"https:\/\/test.ecbeaute.com\/?post_type=product&#038;p=38186"},"modified":"2025-12-12T18:59:42","modified_gmt":"2025-12-12T17:59:42","slug":"evawin-acnewin-ecran-solaire-spf-50-invisible-50-ml","status":"publish","type":"product","link":"https:\/\/paracherkaoui.ma\/index.php\/produit\/evawin-acnewin-ecran-solaire-spf-50-invisible-50-ml\/","title":{"rendered":"EVAWIN ACNEWIN ECRAN SOLAIRE SPF 50 INVISIBLE 50 ML"},"content":{"rendered":"<p>Offrez \u00e0 votre peau grasse \u00e0 tendance acn\u00e9ique une protection solaire optimale avec l&rsquo;\u00e9cran solaire invisible EVAWIN ACNEWIN SPF 50+. Sa formule avanc\u00e9e assure une protection extr\u00eame \u00e0 large spectre contre les UVA I, UVA II et UVB, vous prot\u00e9geant efficacement des dommages cutan\u00e9s caus\u00e9s par une exposition prolong\u00e9e au soleil. Enrichi en niacinamide, extrait de bardane et huile essentielle de lavande, ce\u00a0soin solaire unique cible les imperfections, r\u00e9gule l&rsquo;exc\u00e8s de s\u00e9bum et apaise la peau, tout en offrant une hydratation \u00e9quilibr\u00e9e sans fini gras. Sa texture fluide et invisible s&rsquo;\u00e9tale facilement et adh\u00e8re parfaitement \u00e0 la peau, vous garantissant un confort maximal tout au long de la journ\u00e9e. R\u00e9sistant \u00e0 l&rsquo;eau et sans parfum ni paraben, cet \u00e9cran solaire matifiant est le choix id\u00e9al pour une protection solaire efficace et agr\u00e9able pour les peaux sujettes aux imperfections<br \/>\nConseils d&rsquo;utilisation :<br \/>\nAppliquez g\u00e9n\u00e9reusement l&rsquo;\u00e9cran solaire sur une peau propre et s\u00e8che, 20 \u00e0 30 minutes avant l&rsquo;exposition au soleil.<br \/>\nR\u00e9appliquez fr\u00e9quemment, surtout apr\u00e8s avoir nag\u00e9, transpir\u00e9 ou vous \u00eatre essuy\u00e9.<br \/>\n\u00c9vitez le contact avec les yeux. En cas de contact, rincez abondamment \u00e0 l&rsquo;eau claire.<\/p>\n","protected":false},"excerpt":{"rendered":"<p>Offrez \u00e0 votre peau grasse \u00e0 tendance acn\u00e9ique une protection solaire optimale avec l&rsquo;\u00e9cran solaire invisible EVAWIN ACNEWIN SPF 50+.<\/p>\n","protected":false},"featured_media":38228,"comment_status":"open","ping_status":"closed","template":"","meta":[],"product_brand":[309],"product_cat":[666],"product_tag":[],"class_list":{"0":"post-38186","1":"product","2":"type-product","3":"status-publish","4":"has-post-thumbnail","6":"product_brand-evawin-pharma","7":"product_cat-cremes-solaires","9":"first","10":"instock","11":"sale","12":"shipping-taxable","13":"purchasable","14":"product-type-simple"},"yoast_head":"<!-- This site is optimized with the Yoast SEO plugin v26.6 - https:\/\/yoast.com\/wordpress\/plugins\/seo\/ -->\r\n<title>EVAWIN ACNEWIN ECRAN SOLAIRE SPF 50 INVISIBLE 50 ML - Paracherkaoui.ma<\/title>\r\n<meta name=\"robots\" content=\"index, follow, max-snippet:-1, max-image-preview:large, max-video-preview:-1\" \/>\r\n<link rel=\"canonical\" href=\"https:\/\/paracherkaoui.ma\/index.php\/produit\/evawin-acnewin-ecran-solaire-spf-50-invisible-50-ml\/\" \/>\r\n<meta property=\"og:locale\" content=\"fr_FR\" \/>\r\n<meta property=\"og:type\" content=\"article\" \/>\r\n<meta property=\"og:title\" content=\"EVAWIN ACNEWIN ECRAN SOLAIRE SPF 50 INVISIBLE 50 ML - Paracherkaoui.ma\" \/>\r\n<meta property=\"og:description\" content=\"Offrez \u00e0 votre peau grasse \u00e0 tendance acn\u00e9ique une protection solaire optimale avec l&rsquo;\u00e9cran solaire invisible EVAWIN ACNEWIN SPF 50+.\" \/>\r\n<meta property=\"og:url\" content=\"https:\/\/paracherkaoui.ma\/index.php\/produit\/evawin-acnewin-ecran-solaire-spf-50-invisible-50-ml\/\" \/>\r\n<meta property=\"og:site_name\" content=\"Paracherkaoui.ma\" \/>\r\n<meta property=\"article:modified_time\" content=\"2025-12-12T17:59:42+00:00\" \/>\r\n<meta property=\"og:image\" content=\"https:\/\/paracherkaoui.ma\/wp-content\/uploads\/2025\/12\/evawin-pharma-evawin-acnewin-ecran-solaire-spf-50-invisible-50-ml-cremes-solaires.jpg\" \/>\r\n\t<meta property=\"og:image:width\" content=\"700\" \/>\r\n\t<meta property=\"og:image:height\" content=\"700\" \/>\r\n\t<meta property=\"og:image:type\" content=\"image\/jpeg\" \/>\r\n<meta name=\"twitter:card\" content=\"summary_large_image\" \/>\r\n<meta name=\"twitter:label1\" content=\"Dur\u00e9e de lecture estim\u00e9e\" \/>\n\t<meta name=\"twitter:data1\" content=\"1 minute\" \/>\r\n<script type=\"application\/ld+json\" class=\"yoast-schema-graph\">{\"@context\":\"https:\/\/schema.org\",\"@graph\":[{\"@type\":\"WebPage\",\"@id\":\"https:\/\/paracherkaoui.ma\/index.php\/produit\/evawin-acnewin-ecran-solaire-spf-50-invisible-50-ml\/\",\"url\":\"https:\/\/paracherkaoui.ma\/index.php\/produit\/evawin-acnewin-ecran-solaire-spf-50-invisible-50-ml\/\",\"name\":\"EVAWIN ACNEWIN ECRAN SOLAIRE SPF 50 INVISIBLE 50 ML - Paracherkaoui.ma\",\"isPartOf\":{\"@id\":\"https:\/\/paracherkaoui.ma\/#website\"},\"primaryImageOfPage\":{\"@id\":\"https:\/\/paracherkaoui.ma\/index.php\/produit\/evawin-acnewin-ecran-solaire-spf-50-invisible-50-ml\/#primaryimage\"},\"image\":{\"@id\":\"https:\/\/paracherkaoui.ma\/index.php\/produit\/evawin-acnewin-ecran-solaire-spf-50-invisible-50-ml\/#primaryimage\"},\"thumbnailUrl\":\"https:\/\/paracherkaoui.ma\/wp-content\/uploads\/2025\/12\/evawin-pharma-evawin-acnewin-ecran-solaire-spf-50-invisible-50-ml-cremes-solaires.jpg\",\"datePublished\":\"2025-12-12T17:59:39+00:00\",\"dateModified\":\"2025-12-12T17:59:42+00:00\",\"breadcrumb\":{\"@id\":\"https:\/\/paracherkaoui.ma\/index.php\/produit\/evawin-acnewin-ecran-solaire-spf-50-invisible-50-ml\/#breadcrumb\"},\"inLanguage\":\"fr-FR\",\"potentialAction\":[{\"@type\":\"ReadAction\",\"target\":[\"https:\/\/paracherkaoui.ma\/index.php\/produit\/evawin-acnewin-ecran-solaire-spf-50-invisible-50-ml\/\"]}]},{\"@type\":\"ImageObject\",\"inLanguage\":\"fr-FR\",\"@id\":\"https:\/\/paracherkaoui.ma\/index.php\/produit\/evawin-acnewin-ecran-solaire-spf-50-invisible-50-ml\/#primaryimage\",\"url\":\"https:\/\/paracherkaoui.ma\/wp-content\/uploads\/2025\/12\/evawin-pharma-evawin-acnewin-ecran-solaire-spf-50-invisible-50-ml-cremes-solaires.jpg\",\"contentUrl\":\"https:\/\/paracherkaoui.ma\/wp-content\/uploads\/2025\/12\/evawin-pharma-evawin-acnewin-ecran-solaire-spf-50-invisible-50-ml-cremes-solaires.jpg\",\"width\":700,\"height\":700},{\"@type\":\"BreadcrumbList\",\"@id\":\"https:\/\/paracherkaoui.ma\/index.php\/produit\/evawin-acnewin-ecran-solaire-spf-50-invisible-50-ml\/#breadcrumb\",\"itemListElement\":[{\"@type\":\"ListItem\",\"position\":1,\"name\":\"Accueil\",\"item\":\"https:\/\/paracherkaoui.ma\/\"},{\"@type\":\"ListItem\",\"position\":2,\"name\":\"Boutique\",\"item\":\"https:\/\/paracherkaoui.ma\/index.php\/boutique\/\"},{\"@type\":\"ListItem\",\"position\":3,\"name\":\"EVAWIN ACNEWIN ECRAN SOLAIRE SPF 50 INVISIBLE 50 ML\"}]},{\"@type\":\"WebSite\",\"@id\":\"https:\/\/paracherkaoui.ma\/#website\",\"url\":\"https:\/\/paracherkaoui.ma\/\",\"name\":\"Paracherkaoui.ma\",\"description\":\"Achetez en ligne sur Paracherkaoui.ma\",\"potentialAction\":[{\"@type\":\"SearchAction\",\"target\":{\"@type\":\"EntryPoint\",\"urlTemplate\":\"https:\/\/paracherkaoui.ma\/?s={search_term_string}\"},\"query-input\":{\"@type\":\"PropertyValueSpecification\",\"valueRequired\":true,\"valueName\":\"search_term_string\"}}],\"inLanguage\":\"fr-FR\"}]}<\/script>\r\n<!-- \/ Yoast SEO plugin. -->","yoast_head_json":{"title":"EVAWIN ACNEWIN ECRAN SOLAIRE SPF 50 INVISIBLE 50 ML - Paracherkaoui.ma","robots":{"index":"index","follow":"follow","max-snippet":"max-snippet:-1","max-image-preview":"max-image-preview:large","max-video-preview":"max-video-preview:-1"},"canonical":"https:\/\/paracherkaoui.ma\/index.php\/produit\/evawin-acnewin-ecran-solaire-spf-50-invisible-50-ml\/","og_locale":"fr_FR","og_type":"article","og_title":"EVAWIN ACNEWIN ECRAN SOLAIRE SPF 50 INVISIBLE 50 ML - Paracherkaoui.ma","og_description":"Offrez \u00e0 votre peau grasse \u00e0 tendance acn\u00e9ique une protection solaire optimale avec l&rsquo;\u00e9cran solaire invisible EVAWIN ACNEWIN SPF 50+.","og_url":"https:\/\/paracherkaoui.ma\/index.php\/produit\/evawin-acnewin-ecran-solaire-spf-50-invisible-50-ml\/","og_site_name":"Paracherkaoui.ma","article_modified_time":"2025-12-12T17:59:42+00:00","og_image":[{"width":700,"height":700,"url":"https:\/\/paracherkaoui.ma\/wp-content\/uploads\/2025\/12\/evawin-pharma-evawin-acnewin-ecran-solaire-spf-50-invisible-50-ml-cremes-solaires.jpg","type":"image\/jpeg"}],"twitter_card":"summary_large_image","twitter_misc":{"Dur\u00e9e de lecture estim\u00e9e":"1 minute"},"schema":{"@context":"https:\/\/schema.org","@graph":[{"@type":"WebPage","@id":"https:\/\/paracherkaoui.ma\/index.php\/produit\/evawin-acnewin-ecran-solaire-spf-50-invisible-50-ml\/","url":"https:\/\/paracherkaoui.ma\/index.php\/produit\/evawin-acnewin-ecran-solaire-spf-50-invisible-50-ml\/","name":"EVAWIN ACNEWIN ECRAN SOLAIRE SPF 50 INVISIBLE 50 ML - Paracherkaoui.ma","isPartOf":{"@id":"https:\/\/paracherkaoui.ma\/#website"},"primaryImageOfPage":{"@id":"https:\/\/paracherkaoui.ma\/index.php\/produit\/evawin-acnewin-ecran-solaire-spf-50-invisible-50-ml\/#primaryimage"},"image":{"@id":"https:\/\/paracherkaoui.ma\/index.php\/produit\/evawin-acnewin-ecran-solaire-spf-50-invisible-50-ml\/#primaryimage"},"thumbnailUrl":"https:\/\/paracherkaoui.ma\/wp-content\/uploads\/2025\/12\/evawin-pharma-evawin-acnewin-ecran-solaire-spf-50-invisible-50-ml-cremes-solaires.jpg","datePublished":"2025-12-12T17:59:39+00:00","dateModified":"2025-12-12T17:59:42+00:00","breadcrumb":{"@id":"https:\/\/paracherkaoui.ma\/index.php\/produit\/evawin-acnewin-ecran-solaire-spf-50-invisible-50-ml\/#breadcrumb"},"inLanguage":"fr-FR","potentialAction":[{"@type":"ReadAction","target":["https:\/\/paracherkaoui.ma\/index.php\/produit\/evawin-acnewin-ecran-solaire-spf-50-invisible-50-ml\/"]}]},{"@type":"ImageObject","inLanguage":"fr-FR","@id":"https:\/\/paracherkaoui.ma\/index.php\/produit\/evawin-acnewin-ecran-solaire-spf-50-invisible-50-ml\/#primaryimage","url":"https:\/\/paracherkaoui.ma\/wp-content\/uploads\/2025\/12\/evawin-pharma-evawin-acnewin-ecran-solaire-spf-50-invisible-50-ml-cremes-solaires.jpg","contentUrl":"https:\/\/paracherkaoui.ma\/wp-content\/uploads\/2025\/12\/evawin-pharma-evawin-acnewin-ecran-solaire-spf-50-invisible-50-ml-cremes-solaires.jpg","width":700,"height":700},{"@type":"BreadcrumbList","@id":"https:\/\/paracherkaoui.ma\/index.php\/produit\/evawin-acnewin-ecran-solaire-spf-50-invisible-50-ml\/#breadcrumb","itemListElement":[{"@type":"ListItem","position":1,"name":"Accueil","item":"https:\/\/paracherkaoui.ma\/"},{"@type":"ListItem","position":2,"name":"Boutique","item":"https:\/\/paracherkaoui.ma\/index.php\/boutique\/"},{"@type":"ListItem","position":3,"name":"EVAWIN ACNEWIN ECRAN SOLAIRE SPF 50 INVISIBLE 50 ML"}]},{"@type":"WebSite","@id":"https:\/\/paracherkaoui.ma\/#website","url":"https:\/\/paracherkaoui.ma\/","name":"Paracherkaoui.ma","description":"Achetez en ligne sur Paracherkaoui.ma","potentialAction":[{"@type":"SearchAction","target":{"@type":"EntryPoint","urlTemplate":"https:\/\/paracherkaoui.ma\/?s={search_term_string}"},"query-input":{"@type":"PropertyValueSpecification","valueRequired":true,"valueName":"search_term_string"}}],"inLanguage":"fr-FR"}]}},"_links":{"self":[{"href":"https:\/\/paracherkaoui.ma\/index.php\/wp-json\/wp\/v2\/product\/38186","targetHints":{"allow":["GET"]}}],"collection":[{"href":"https:\/\/paracherkaoui.ma\/index.php\/wp-json\/wp\/v2\/product"}],"about":[{"href":"https:\/\/paracherkaoui.ma\/index.php\/wp-json\/wp\/v2\/types\/product"}],"replies":[{"embeddable":true,"href":"https:\/\/paracherkaoui.ma\/index.php\/wp-json\/wp\/v2\/comments?post=38186"}],"version-history":[{"count":1,"href":"https:\/\/paracherkaoui.ma\/index.php\/wp-json\/wp\/v2\/product\/38186\/revisions"}],"predecessor-version":[{"id":38229,"href":"https:\/\/paracherkaoui.ma\/index.php\/wp-json\/wp\/v2\/product\/38186\/revisions\/38229"}],"wp:featuredmedia":[{"embeddable":true,"href":"https:\/\/paracherkaoui.ma\/index.php\/wp-json\/wp\/v2\/media\/38228"}],"wp:attachment":[{"href":"https:\/\/paracherkaoui.ma\/index.php\/wp-json\/wp\/v2\/media?parent=38186"}],"wp:term":[{"taxonomy":"product_brand","embeddable":true,"href":"https:\/\/paracherkaoui.ma\/index.php\/wp-json\/wp\/v2\/product_brand?post=38186"},{"taxonomy":"product_cat","embeddable":true,"href":"https:\/\/paracherkaoui.ma\/index.php\/wp-json\/wp\/v2\/product_cat?post=38186"},{"taxonomy":"product_tag","embeddable":true,"href":"https:\/\/paracherkaoui.ma\/index.php\/wp-json\/wp\/v2\/product_tag?post=38186"}],"curies":[{"name":"wp","href":"https:\/\/api.w.org\/{rel}","templated":true}]}}