{"id":38119,"date":"2025-12-12T18:59:31","date_gmt":"2025-12-12T17:59:31","guid":{"rendered":"https:\/\/test.ecbeaute.com\/?post_type=product&#038;p=38119"},"modified":"2025-12-12T18:59:37","modified_gmt":"2025-12-12T17:59:37","slug":"depilia-creme-solaire-invisible-spf-50","status":"publish","type":"product","link":"https:\/\/paracherkaoui.ma\/index.php\/produit\/depilia-creme-solaire-invisible-spf-50\/","title":{"rendered":"DEPILIA CREME SOLAIRE INVISIBLE SPF 50+"},"content":{"rendered":"<p>Description:<br \/>\nDEPILIA Cr\u00e8me Solaire Invisible SPF 50+ est un vrai bouclier solaire. Une cr\u00e8me r\u00e9volutionnaire qui prot\u00e8ge efficacement contre les dommages cutan\u00e9s caus\u00e9s par l\u2019exposition prolong\u00e9e au soleil. Cette protection \u00e0 tr\u00e8s large spectre contre les rayons UVA I, UVA II et UVB est garantie par des ingr\u00e9dients photostables \u00e0 la pointe de la technologies\u00a0: Tinosorb S, Tinosorb M, Uvinul A. Cr\u00e8me invisible et r\u00e9sistante \u00e0 l\u2019eau. Garantie une hydratation intense.<br \/>\nConseils d&rsquo;utilisation:<br \/>\nAppliquer g\u00e9n\u00e9reusement et uniform\u00e9ment \u00a0avant chaque exposition. Renouveler l\u2019application apr\u00e8s chaque bain ou effort physique.<\/p>\n","protected":false},"excerpt":{"rendered":"<p>Description: DEPILIA Cr\u00e8me Solaire Invisible SPF 50+ est un vrai bouclier solaire. Une cr\u00e8me r\u00e9volutionnaire qui prot\u00e8ge efficacement contre les<\/p>\n","protected":false},"featured_media":38169,"comment_status":"open","ping_status":"closed","template":"","meta":[],"product_brand":[428],"product_cat":[666],"product_tag":[],"class_list":{"0":"post-38119","1":"product","2":"type-product","3":"status-publish","4":"has-post-thumbnail","6":"product_brand-depilia","7":"product_cat-cremes-solaires","9":"first","10":"instock","11":"sale","12":"shipping-taxable","13":"purchasable","14":"product-type-simple"},"yoast_head":"<!-- This site is optimized with the Yoast SEO plugin v26.6 - https:\/\/yoast.com\/wordpress\/plugins\/seo\/ -->\r\n<title>DEPILIA CREME SOLAIRE INVISIBLE SPF 50+ - Paracherkaoui.ma<\/title>\r\n<meta name=\"robots\" content=\"index, follow, max-snippet:-1, max-image-preview:large, max-video-preview:-1\" \/>\r\n<link rel=\"canonical\" href=\"https:\/\/paracherkaoui.ma\/index.php\/produit\/depilia-creme-solaire-invisible-spf-50\/\" \/>\r\n<meta property=\"og:locale\" content=\"fr_FR\" \/>\r\n<meta property=\"og:type\" content=\"article\" \/>\r\n<meta property=\"og:title\" content=\"DEPILIA CREME SOLAIRE INVISIBLE SPF 50+ - Paracherkaoui.ma\" \/>\r\n<meta property=\"og:description\" content=\"Description: DEPILIA Cr\u00e8me Solaire Invisible SPF 50+ est un vrai bouclier solaire. Une cr\u00e8me r\u00e9volutionnaire qui prot\u00e8ge efficacement contre les\" \/>\r\n<meta property=\"og:url\" content=\"https:\/\/paracherkaoui.ma\/index.php\/produit\/depilia-creme-solaire-invisible-spf-50\/\" \/>\r\n<meta property=\"og:site_name\" content=\"Paracherkaoui.ma\" \/>\r\n<meta property=\"article:modified_time\" content=\"2025-12-12T17:59:37+00:00\" \/>\r\n<meta property=\"og:image\" content=\"https:\/\/paracherkaoui.ma\/wp-content\/uploads\/2025\/12\/depilia-depilia-creme-solaire-invisible-spf-50-cremes-solaires.jpg\" \/>\r\n\t<meta property=\"og:image:width\" content=\"700\" \/>\r\n\t<meta property=\"og:image:height\" content=\"700\" \/>\r\n\t<meta property=\"og:image:type\" content=\"image\/jpeg\" \/>\r\n<meta name=\"twitter:card\" content=\"summary_large_image\" \/>\r\n<meta name=\"twitter:label1\" content=\"Dur\u00e9e de lecture estim\u00e9e\" \/>\n\t<meta name=\"twitter:data1\" content=\"1 minute\" \/>\r\n<script type=\"application\/ld+json\" class=\"yoast-schema-graph\">{\"@context\":\"https:\/\/schema.org\",\"@graph\":[{\"@type\":\"WebPage\",\"@id\":\"https:\/\/paracherkaoui.ma\/index.php\/produit\/depilia-creme-solaire-invisible-spf-50\/\",\"url\":\"https:\/\/paracherkaoui.ma\/index.php\/produit\/depilia-creme-solaire-invisible-spf-50\/\",\"name\":\"DEPILIA CREME SOLAIRE INVISIBLE SPF 50+ - Paracherkaoui.ma\",\"isPartOf\":{\"@id\":\"https:\/\/paracherkaoui.ma\/#website\"},\"primaryImageOfPage\":{\"@id\":\"https:\/\/paracherkaoui.ma\/index.php\/produit\/depilia-creme-solaire-invisible-spf-50\/#primaryimage\"},\"image\":{\"@id\":\"https:\/\/paracherkaoui.ma\/index.php\/produit\/depilia-creme-solaire-invisible-spf-50\/#primaryimage\"},\"thumbnailUrl\":\"https:\/\/paracherkaoui.ma\/wp-content\/uploads\/2025\/12\/depilia-depilia-creme-solaire-invisible-spf-50-cremes-solaires.jpg\",\"datePublished\":\"2025-12-12T17:59:31+00:00\",\"dateModified\":\"2025-12-12T17:59:37+00:00\",\"breadcrumb\":{\"@id\":\"https:\/\/paracherkaoui.ma\/index.php\/produit\/depilia-creme-solaire-invisible-spf-50\/#breadcrumb\"},\"inLanguage\":\"fr-FR\",\"potentialAction\":[{\"@type\":\"ReadAction\",\"target\":[\"https:\/\/paracherkaoui.ma\/index.php\/produit\/depilia-creme-solaire-invisible-spf-50\/\"]}]},{\"@type\":\"ImageObject\",\"inLanguage\":\"fr-FR\",\"@id\":\"https:\/\/paracherkaoui.ma\/index.php\/produit\/depilia-creme-solaire-invisible-spf-50\/#primaryimage\",\"url\":\"https:\/\/paracherkaoui.ma\/wp-content\/uploads\/2025\/12\/depilia-depilia-creme-solaire-invisible-spf-50-cremes-solaires.jpg\",\"contentUrl\":\"https:\/\/paracherkaoui.ma\/wp-content\/uploads\/2025\/12\/depilia-depilia-creme-solaire-invisible-spf-50-cremes-solaires.jpg\",\"width\":700,\"height\":700},{\"@type\":\"BreadcrumbList\",\"@id\":\"https:\/\/paracherkaoui.ma\/index.php\/produit\/depilia-creme-solaire-invisible-spf-50\/#breadcrumb\",\"itemListElement\":[{\"@type\":\"ListItem\",\"position\":1,\"name\":\"Accueil\",\"item\":\"https:\/\/paracherkaoui.ma\/\"},{\"@type\":\"ListItem\",\"position\":2,\"name\":\"Boutique\",\"item\":\"https:\/\/paracherkaoui.ma\/index.php\/boutique\/\"},{\"@type\":\"ListItem\",\"position\":3,\"name\":\"DEPILIA CREME SOLAIRE INVISIBLE SPF 50+\"}]},{\"@type\":\"WebSite\",\"@id\":\"https:\/\/paracherkaoui.ma\/#website\",\"url\":\"https:\/\/paracherkaoui.ma\/\",\"name\":\"Paracherkaoui.ma\",\"description\":\"Achetez en ligne sur Paracherkaoui.ma\",\"potentialAction\":[{\"@type\":\"SearchAction\",\"target\":{\"@type\":\"EntryPoint\",\"urlTemplate\":\"https:\/\/paracherkaoui.ma\/?s={search_term_string}\"},\"query-input\":{\"@type\":\"PropertyValueSpecification\",\"valueRequired\":true,\"valueName\":\"search_term_string\"}}],\"inLanguage\":\"fr-FR\"}]}<\/script>\r\n<!-- \/ Yoast SEO plugin. -->","yoast_head_json":{"title":"DEPILIA CREME SOLAIRE INVISIBLE SPF 50+ - Paracherkaoui.ma","robots":{"index":"index","follow":"follow","max-snippet":"max-snippet:-1","max-image-preview":"max-image-preview:large","max-video-preview":"max-video-preview:-1"},"canonical":"https:\/\/paracherkaoui.ma\/index.php\/produit\/depilia-creme-solaire-invisible-spf-50\/","og_locale":"fr_FR","og_type":"article","og_title":"DEPILIA CREME SOLAIRE INVISIBLE SPF 50+ - Paracherkaoui.ma","og_description":"Description: DEPILIA Cr\u00e8me Solaire Invisible SPF 50+ est un vrai bouclier solaire. Une cr\u00e8me r\u00e9volutionnaire qui prot\u00e8ge efficacement contre les","og_url":"https:\/\/paracherkaoui.ma\/index.php\/produit\/depilia-creme-solaire-invisible-spf-50\/","og_site_name":"Paracherkaoui.ma","article_modified_time":"2025-12-12T17:59:37+00:00","og_image":[{"width":700,"height":700,"url":"https:\/\/paracherkaoui.ma\/wp-content\/uploads\/2025\/12\/depilia-depilia-creme-solaire-invisible-spf-50-cremes-solaires.jpg","type":"image\/jpeg"}],"twitter_card":"summary_large_image","twitter_misc":{"Dur\u00e9e de lecture estim\u00e9e":"1 minute"},"schema":{"@context":"https:\/\/schema.org","@graph":[{"@type":"WebPage","@id":"https:\/\/paracherkaoui.ma\/index.php\/produit\/depilia-creme-solaire-invisible-spf-50\/","url":"https:\/\/paracherkaoui.ma\/index.php\/produit\/depilia-creme-solaire-invisible-spf-50\/","name":"DEPILIA CREME SOLAIRE INVISIBLE SPF 50+ - Paracherkaoui.ma","isPartOf":{"@id":"https:\/\/paracherkaoui.ma\/#website"},"primaryImageOfPage":{"@id":"https:\/\/paracherkaoui.ma\/index.php\/produit\/depilia-creme-solaire-invisible-spf-50\/#primaryimage"},"image":{"@id":"https:\/\/paracherkaoui.ma\/index.php\/produit\/depilia-creme-solaire-invisible-spf-50\/#primaryimage"},"thumbnailUrl":"https:\/\/paracherkaoui.ma\/wp-content\/uploads\/2025\/12\/depilia-depilia-creme-solaire-invisible-spf-50-cremes-solaires.jpg","datePublished":"2025-12-12T17:59:31+00:00","dateModified":"2025-12-12T17:59:37+00:00","breadcrumb":{"@id":"https:\/\/paracherkaoui.ma\/index.php\/produit\/depilia-creme-solaire-invisible-spf-50\/#breadcrumb"},"inLanguage":"fr-FR","potentialAction":[{"@type":"ReadAction","target":["https:\/\/paracherkaoui.ma\/index.php\/produit\/depilia-creme-solaire-invisible-spf-50\/"]}]},{"@type":"ImageObject","inLanguage":"fr-FR","@id":"https:\/\/paracherkaoui.ma\/index.php\/produit\/depilia-creme-solaire-invisible-spf-50\/#primaryimage","url":"https:\/\/paracherkaoui.ma\/wp-content\/uploads\/2025\/12\/depilia-depilia-creme-solaire-invisible-spf-50-cremes-solaires.jpg","contentUrl":"https:\/\/paracherkaoui.ma\/wp-content\/uploads\/2025\/12\/depilia-depilia-creme-solaire-invisible-spf-50-cremes-solaires.jpg","width":700,"height":700},{"@type":"BreadcrumbList","@id":"https:\/\/paracherkaoui.ma\/index.php\/produit\/depilia-creme-solaire-invisible-spf-50\/#breadcrumb","itemListElement":[{"@type":"ListItem","position":1,"name":"Accueil","item":"https:\/\/paracherkaoui.ma\/"},{"@type":"ListItem","position":2,"name":"Boutique","item":"https:\/\/paracherkaoui.ma\/index.php\/boutique\/"},{"@type":"ListItem","position":3,"name":"DEPILIA CREME SOLAIRE INVISIBLE SPF 50+"}]},{"@type":"WebSite","@id":"https:\/\/paracherkaoui.ma\/#website","url":"https:\/\/paracherkaoui.ma\/","name":"Paracherkaoui.ma","description":"Achetez en ligne sur Paracherkaoui.ma","potentialAction":[{"@type":"SearchAction","target":{"@type":"EntryPoint","urlTemplate":"https:\/\/paracherkaoui.ma\/?s={search_term_string}"},"query-input":{"@type":"PropertyValueSpecification","valueRequired":true,"valueName":"search_term_string"}}],"inLanguage":"fr-FR"}]}},"_links":{"self":[{"href":"https:\/\/paracherkaoui.ma\/index.php\/wp-json\/wp\/v2\/product\/38119","targetHints":{"allow":["GET"]}}],"collection":[{"href":"https:\/\/paracherkaoui.ma\/index.php\/wp-json\/wp\/v2\/product"}],"about":[{"href":"https:\/\/paracherkaoui.ma\/index.php\/wp-json\/wp\/v2\/types\/product"}],"replies":[{"embeddable":true,"href":"https:\/\/paracherkaoui.ma\/index.php\/wp-json\/wp\/v2\/comments?post=38119"}],"version-history":[{"count":1,"href":"https:\/\/paracherkaoui.ma\/index.php\/wp-json\/wp\/v2\/product\/38119\/revisions"}],"predecessor-version":[{"id":38170,"href":"https:\/\/paracherkaoui.ma\/index.php\/wp-json\/wp\/v2\/product\/38119\/revisions\/38170"}],"wp:featuredmedia":[{"embeddable":true,"href":"https:\/\/paracherkaoui.ma\/index.php\/wp-json\/wp\/v2\/media\/38169"}],"wp:attachment":[{"href":"https:\/\/paracherkaoui.ma\/index.php\/wp-json\/wp\/v2\/media?parent=38119"}],"wp:term":[{"taxonomy":"product_brand","embeddable":true,"href":"https:\/\/paracherkaoui.ma\/index.php\/wp-json\/wp\/v2\/product_brand?post=38119"},{"taxonomy":"product_cat","embeddable":true,"href":"https:\/\/paracherkaoui.ma\/index.php\/wp-json\/wp\/v2\/product_cat?post=38119"},{"taxonomy":"product_tag","embeddable":true,"href":"https:\/\/paracherkaoui.ma\/index.php\/wp-json\/wp\/v2\/product_tag?post=38119"}],"curies":[{"name":"wp","href":"https:\/\/api.w.org\/{rel}","templated":true}]}}