{"id":38027,"date":"2025-12-12T18:59:22","date_gmt":"2025-12-12T17:59:22","guid":{"rendered":"https:\/\/test.ecbeaute.com\/?post_type=product&#038;p=38027"},"modified":"2025-12-12T18:59:27","modified_gmt":"2025-12-12T17:59:27","slug":"ecladerm-sun-derm-ecran-solaire-invisible-spf-50-tous-types-de-peaux-50-ml","status":"publish","type":"product","link":"https:\/\/paracherkaoui.ma\/index.php\/produit\/ecladerm-sun-derm-ecran-solaire-invisible-spf-50-tous-types-de-peaux-50-ml\/","title":{"rendered":"ECLADERM SUN DERM ECRAN SOLAIRE INVISIBLE SPF 50+ TOUS TYPES DE PEAUX 50 ML"},"content":{"rendered":"<p>Ecladerm ecran Solaire Anti-Tach est une formule de soin de la peau sup\u00e9rieure, con\u00e7ue pour fournir une protection solaire in\u00e9gal\u00e9e tout en aidant \u00e0 att\u00e9nuer l&rsquo;apparence des taches et des imperfections cutan\u00e9es. Ce produit est votre rempart quotidien contre les dommages solaires nocifs et le vieillissement pr\u00e9matur\u00e9 de la peau.<br \/>\nIncorporant une technologie innovante de protection solaire, l&rsquo;ecladerm \u00c9cran Solaire Anti-Tach bloque les rayons UVA et UVB pour pr\u00e9venir les br\u00fblures solaires, les dommages cutan\u00e9s et m\u00eame le cancer de la peau. Il est en plus charg\u00e9 d&rsquo;ingr\u00e9dients anti-taches qui travaillent pour \u00e9claircir votre peau et r\u00e9duire la visibilit\u00e9 des taches brunes et autres signes de vieillissement.<br \/>\nLa texture l\u00e9g\u00e8re et non grasse de l&rsquo;ecladerm \u00c9cran Solaire Anti-Tach glisse facilement sur la peau, offrant une sensation de confort tout au long de la journ\u00e9e. Sa formule hypoallerg\u00e9nique et non com\u00e9dog\u00e8ne le rend s\u00fbr pour tous les types de peau, m\u00eame les plus sensibles.<br \/>\nConseils d&rsquo;utilisation:<br \/>\nAppliquer avant l&rsquo;exposition au soleil sur une peau propre<\/p>\n","protected":false},"excerpt":{"rendered":"<p>Ecladerm ecran Solaire Anti-Tach est une formule de soin de la peau sup\u00e9rieure, con\u00e7ue pour fournir une protection solaire in\u00e9gal\u00e9e<\/p>\n","protected":false},"featured_media":38079,"comment_status":"open","ping_status":"closed","template":"","meta":[],"product_brand":[392],"product_cat":[666],"product_tag":[],"class_list":{"0":"post-38027","1":"product","2":"type-product","3":"status-publish","4":"has-post-thumbnail","6":"product_brand-ecladerm","7":"product_cat-cremes-solaires","9":"first","10":"instock","11":"sale","12":"shipping-taxable","13":"purchasable","14":"product-type-simple"},"yoast_head":"<!-- This site is optimized with the Yoast SEO plugin v26.6 - https:\/\/yoast.com\/wordpress\/plugins\/seo\/ -->\r\n<title>ECLADERM SUN DERM ECRAN SOLAIRE INVISIBLE SPF 50+ TOUS TYPES DE PEAUX 50 ML - Paracherkaoui.ma<\/title>\r\n<meta name=\"robots\" content=\"index, follow, max-snippet:-1, max-image-preview:large, max-video-preview:-1\" \/>\r\n<link rel=\"canonical\" href=\"https:\/\/paracherkaoui.ma\/index.php\/produit\/ecladerm-sun-derm-ecran-solaire-invisible-spf-50-tous-types-de-peaux-50-ml\/\" \/>\r\n<meta property=\"og:locale\" content=\"fr_FR\" \/>\r\n<meta property=\"og:type\" content=\"article\" \/>\r\n<meta property=\"og:title\" content=\"ECLADERM SUN DERM ECRAN SOLAIRE INVISIBLE SPF 50+ TOUS TYPES DE PEAUX 50 ML - Paracherkaoui.ma\" \/>\r\n<meta property=\"og:description\" content=\"Ecladerm ecran Solaire Anti-Tach est une formule de soin de la peau sup\u00e9rieure, con\u00e7ue pour fournir une protection solaire in\u00e9gal\u00e9e\" \/>\r\n<meta property=\"og:url\" content=\"https:\/\/paracherkaoui.ma\/index.php\/produit\/ecladerm-sun-derm-ecran-solaire-invisible-spf-50-tous-types-de-peaux-50-ml\/\" \/>\r\n<meta property=\"og:site_name\" content=\"Paracherkaoui.ma\" \/>\r\n<meta property=\"article:modified_time\" content=\"2025-12-12T17:59:27+00:00\" \/>\r\n<meta property=\"og:image\" content=\"https:\/\/paracherkaoui.ma\/wp-content\/uploads\/2025\/12\/ecladerm-ecladerm-sun-derm-ecran-solaire-invisible-spf-50-tous-types-de-peaux-50-ml-cremes.jpg\" \/>\r\n\t<meta property=\"og:image:width\" content=\"700\" \/>\r\n\t<meta property=\"og:image:height\" content=\"700\" \/>\r\n\t<meta property=\"og:image:type\" content=\"image\/jpeg\" \/>\r\n<meta name=\"twitter:card\" content=\"summary_large_image\" \/>\r\n<meta name=\"twitter:label1\" content=\"Dur\u00e9e de lecture estim\u00e9e\" \/>\n\t<meta name=\"twitter:data1\" content=\"1 minute\" \/>\r\n<script type=\"application\/ld+json\" class=\"yoast-schema-graph\">{\"@context\":\"https:\/\/schema.org\",\"@graph\":[{\"@type\":\"WebPage\",\"@id\":\"https:\/\/paracherkaoui.ma\/index.php\/produit\/ecladerm-sun-derm-ecran-solaire-invisible-spf-50-tous-types-de-peaux-50-ml\/\",\"url\":\"https:\/\/paracherkaoui.ma\/index.php\/produit\/ecladerm-sun-derm-ecran-solaire-invisible-spf-50-tous-types-de-peaux-50-ml\/\",\"name\":\"ECLADERM SUN DERM ECRAN SOLAIRE INVISIBLE SPF 50+ TOUS TYPES DE PEAUX 50 ML - Paracherkaoui.ma\",\"isPartOf\":{\"@id\":\"https:\/\/paracherkaoui.ma\/#website\"},\"primaryImageOfPage\":{\"@id\":\"https:\/\/paracherkaoui.ma\/index.php\/produit\/ecladerm-sun-derm-ecran-solaire-invisible-spf-50-tous-types-de-peaux-50-ml\/#primaryimage\"},\"image\":{\"@id\":\"https:\/\/paracherkaoui.ma\/index.php\/produit\/ecladerm-sun-derm-ecran-solaire-invisible-spf-50-tous-types-de-peaux-50-ml\/#primaryimage\"},\"thumbnailUrl\":\"https:\/\/paracherkaoui.ma\/wp-content\/uploads\/2025\/12\/ecladerm-ecladerm-sun-derm-ecran-solaire-invisible-spf-50-tous-types-de-peaux-50-ml-cremes.jpg\",\"datePublished\":\"2025-12-12T17:59:22+00:00\",\"dateModified\":\"2025-12-12T17:59:27+00:00\",\"breadcrumb\":{\"@id\":\"https:\/\/paracherkaoui.ma\/index.php\/produit\/ecladerm-sun-derm-ecran-solaire-invisible-spf-50-tous-types-de-peaux-50-ml\/#breadcrumb\"},\"inLanguage\":\"fr-FR\",\"potentialAction\":[{\"@type\":\"ReadAction\",\"target\":[\"https:\/\/paracherkaoui.ma\/index.php\/produit\/ecladerm-sun-derm-ecran-solaire-invisible-spf-50-tous-types-de-peaux-50-ml\/\"]}]},{\"@type\":\"ImageObject\",\"inLanguage\":\"fr-FR\",\"@id\":\"https:\/\/paracherkaoui.ma\/index.php\/produit\/ecladerm-sun-derm-ecran-solaire-invisible-spf-50-tous-types-de-peaux-50-ml\/#primaryimage\",\"url\":\"https:\/\/paracherkaoui.ma\/wp-content\/uploads\/2025\/12\/ecladerm-ecladerm-sun-derm-ecran-solaire-invisible-spf-50-tous-types-de-peaux-50-ml-cremes.jpg\",\"contentUrl\":\"https:\/\/paracherkaoui.ma\/wp-content\/uploads\/2025\/12\/ecladerm-ecladerm-sun-derm-ecran-solaire-invisible-spf-50-tous-types-de-peaux-50-ml-cremes.jpg\",\"width\":700,\"height\":700},{\"@type\":\"BreadcrumbList\",\"@id\":\"https:\/\/paracherkaoui.ma\/index.php\/produit\/ecladerm-sun-derm-ecran-solaire-invisible-spf-50-tous-types-de-peaux-50-ml\/#breadcrumb\",\"itemListElement\":[{\"@type\":\"ListItem\",\"position\":1,\"name\":\"Accueil\",\"item\":\"https:\/\/paracherkaoui.ma\/\"},{\"@type\":\"ListItem\",\"position\":2,\"name\":\"Boutique\",\"item\":\"https:\/\/paracherkaoui.ma\/index.php\/boutique\/\"},{\"@type\":\"ListItem\",\"position\":3,\"name\":\"ECLADERM SUN DERM ECRAN SOLAIRE INVISIBLE SPF 50+ TOUS TYPES DE PEAUX 50 ML\"}]},{\"@type\":\"WebSite\",\"@id\":\"https:\/\/paracherkaoui.ma\/#website\",\"url\":\"https:\/\/paracherkaoui.ma\/\",\"name\":\"Paracherkaoui.ma\",\"description\":\"Achetez en ligne sur Paracherkaoui.ma\",\"potentialAction\":[{\"@type\":\"SearchAction\",\"target\":{\"@type\":\"EntryPoint\",\"urlTemplate\":\"https:\/\/paracherkaoui.ma\/?s={search_term_string}\"},\"query-input\":{\"@type\":\"PropertyValueSpecification\",\"valueRequired\":true,\"valueName\":\"search_term_string\"}}],\"inLanguage\":\"fr-FR\"}]}<\/script>\r\n<!-- \/ Yoast SEO plugin. -->","yoast_head_json":{"title":"ECLADERM SUN DERM ECRAN SOLAIRE INVISIBLE SPF 50+ TOUS TYPES DE PEAUX 50 ML - Paracherkaoui.ma","robots":{"index":"index","follow":"follow","max-snippet":"max-snippet:-1","max-image-preview":"max-image-preview:large","max-video-preview":"max-video-preview:-1"},"canonical":"https:\/\/paracherkaoui.ma\/index.php\/produit\/ecladerm-sun-derm-ecran-solaire-invisible-spf-50-tous-types-de-peaux-50-ml\/","og_locale":"fr_FR","og_type":"article","og_title":"ECLADERM SUN DERM ECRAN SOLAIRE INVISIBLE SPF 50+ TOUS TYPES DE PEAUX 50 ML - Paracherkaoui.ma","og_description":"Ecladerm ecran Solaire Anti-Tach est une formule de soin de la peau sup\u00e9rieure, con\u00e7ue pour fournir une protection solaire in\u00e9gal\u00e9e","og_url":"https:\/\/paracherkaoui.ma\/index.php\/produit\/ecladerm-sun-derm-ecran-solaire-invisible-spf-50-tous-types-de-peaux-50-ml\/","og_site_name":"Paracherkaoui.ma","article_modified_time":"2025-12-12T17:59:27+00:00","og_image":[{"width":700,"height":700,"url":"https:\/\/paracherkaoui.ma\/wp-content\/uploads\/2025\/12\/ecladerm-ecladerm-sun-derm-ecran-solaire-invisible-spf-50-tous-types-de-peaux-50-ml-cremes.jpg","type":"image\/jpeg"}],"twitter_card":"summary_large_image","twitter_misc":{"Dur\u00e9e de lecture estim\u00e9e":"1 minute"},"schema":{"@context":"https:\/\/schema.org","@graph":[{"@type":"WebPage","@id":"https:\/\/paracherkaoui.ma\/index.php\/produit\/ecladerm-sun-derm-ecran-solaire-invisible-spf-50-tous-types-de-peaux-50-ml\/","url":"https:\/\/paracherkaoui.ma\/index.php\/produit\/ecladerm-sun-derm-ecran-solaire-invisible-spf-50-tous-types-de-peaux-50-ml\/","name":"ECLADERM SUN DERM ECRAN SOLAIRE INVISIBLE SPF 50+ TOUS TYPES DE PEAUX 50 ML - Paracherkaoui.ma","isPartOf":{"@id":"https:\/\/paracherkaoui.ma\/#website"},"primaryImageOfPage":{"@id":"https:\/\/paracherkaoui.ma\/index.php\/produit\/ecladerm-sun-derm-ecran-solaire-invisible-spf-50-tous-types-de-peaux-50-ml\/#primaryimage"},"image":{"@id":"https:\/\/paracherkaoui.ma\/index.php\/produit\/ecladerm-sun-derm-ecran-solaire-invisible-spf-50-tous-types-de-peaux-50-ml\/#primaryimage"},"thumbnailUrl":"https:\/\/paracherkaoui.ma\/wp-content\/uploads\/2025\/12\/ecladerm-ecladerm-sun-derm-ecran-solaire-invisible-spf-50-tous-types-de-peaux-50-ml-cremes.jpg","datePublished":"2025-12-12T17:59:22+00:00","dateModified":"2025-12-12T17:59:27+00:00","breadcrumb":{"@id":"https:\/\/paracherkaoui.ma\/index.php\/produit\/ecladerm-sun-derm-ecran-solaire-invisible-spf-50-tous-types-de-peaux-50-ml\/#breadcrumb"},"inLanguage":"fr-FR","potentialAction":[{"@type":"ReadAction","target":["https:\/\/paracherkaoui.ma\/index.php\/produit\/ecladerm-sun-derm-ecran-solaire-invisible-spf-50-tous-types-de-peaux-50-ml\/"]}]},{"@type":"ImageObject","inLanguage":"fr-FR","@id":"https:\/\/paracherkaoui.ma\/index.php\/produit\/ecladerm-sun-derm-ecran-solaire-invisible-spf-50-tous-types-de-peaux-50-ml\/#primaryimage","url":"https:\/\/paracherkaoui.ma\/wp-content\/uploads\/2025\/12\/ecladerm-ecladerm-sun-derm-ecran-solaire-invisible-spf-50-tous-types-de-peaux-50-ml-cremes.jpg","contentUrl":"https:\/\/paracherkaoui.ma\/wp-content\/uploads\/2025\/12\/ecladerm-ecladerm-sun-derm-ecran-solaire-invisible-spf-50-tous-types-de-peaux-50-ml-cremes.jpg","width":700,"height":700},{"@type":"BreadcrumbList","@id":"https:\/\/paracherkaoui.ma\/index.php\/produit\/ecladerm-sun-derm-ecran-solaire-invisible-spf-50-tous-types-de-peaux-50-ml\/#breadcrumb","itemListElement":[{"@type":"ListItem","position":1,"name":"Accueil","item":"https:\/\/paracherkaoui.ma\/"},{"@type":"ListItem","position":2,"name":"Boutique","item":"https:\/\/paracherkaoui.ma\/index.php\/boutique\/"},{"@type":"ListItem","position":3,"name":"ECLADERM SUN DERM ECRAN SOLAIRE INVISIBLE SPF 50+ TOUS TYPES DE PEAUX 50 ML"}]},{"@type":"WebSite","@id":"https:\/\/paracherkaoui.ma\/#website","url":"https:\/\/paracherkaoui.ma\/","name":"Paracherkaoui.ma","description":"Achetez en ligne sur Paracherkaoui.ma","potentialAction":[{"@type":"SearchAction","target":{"@type":"EntryPoint","urlTemplate":"https:\/\/paracherkaoui.ma\/?s={search_term_string}"},"query-input":{"@type":"PropertyValueSpecification","valueRequired":true,"valueName":"search_term_string"}}],"inLanguage":"fr-FR"}]}},"_links":{"self":[{"href":"https:\/\/paracherkaoui.ma\/index.php\/wp-json\/wp\/v2\/product\/38027","targetHints":{"allow":["GET"]}}],"collection":[{"href":"https:\/\/paracherkaoui.ma\/index.php\/wp-json\/wp\/v2\/product"}],"about":[{"href":"https:\/\/paracherkaoui.ma\/index.php\/wp-json\/wp\/v2\/types\/product"}],"replies":[{"embeddable":true,"href":"https:\/\/paracherkaoui.ma\/index.php\/wp-json\/wp\/v2\/comments?post=38027"}],"version-history":[{"count":1,"href":"https:\/\/paracherkaoui.ma\/index.php\/wp-json\/wp\/v2\/product\/38027\/revisions"}],"predecessor-version":[{"id":38080,"href":"https:\/\/paracherkaoui.ma\/index.php\/wp-json\/wp\/v2\/product\/38027\/revisions\/38080"}],"wp:featuredmedia":[{"embeddable":true,"href":"https:\/\/paracherkaoui.ma\/index.php\/wp-json\/wp\/v2\/media\/38079"}],"wp:attachment":[{"href":"https:\/\/paracherkaoui.ma\/index.php\/wp-json\/wp\/v2\/media?parent=38027"}],"wp:term":[{"taxonomy":"product_brand","embeddable":true,"href":"https:\/\/paracherkaoui.ma\/index.php\/wp-json\/wp\/v2\/product_brand?post=38027"},{"taxonomy":"product_cat","embeddable":true,"href":"https:\/\/paracherkaoui.ma\/index.php\/wp-json\/wp\/v2\/product_cat?post=38027"},{"taxonomy":"product_tag","embeddable":true,"href":"https:\/\/paracherkaoui.ma\/index.php\/wp-json\/wp\/v2\/product_tag?post=38027"}],"curies":[{"name":"wp","href":"https:\/\/api.w.org\/{rel}","templated":true}]}}