{"id":38020,"date":"2025-12-12T18:59:22","date_gmt":"2025-12-12T17:59:22","guid":{"rendered":"https:\/\/test.ecbeaute.com\/?post_type=product&#038;p=38020"},"modified":"2025-12-12T18:59:26","modified_gmt":"2025-12-12T17:59:26","slug":"isispharma-neotone-radiance-spf-50-fluide-intensif-protecteur","status":"publish","type":"product","link":"https:\/\/paracherkaoui.ma\/index.php\/produit\/isispharma-neotone-radiance-spf-50-fluide-intensif-protecteur\/","title":{"rendered":"ISISPHARMA neotone radiance spf 50 Fluide intensif Protecteur"},"content":{"rendered":"<p>Description:<br \/>\nNEOTONE\u00ae Radiance SPF 50+ est un soin d\u00e9pigmentant et protecteur de jour. La fonction principale de ce produit n&rsquo;est pas la protection solaire.Il offre \u00e0 la fois une action contre tous les types de taches pigmentaires, gr\u00e2ce \u00e0 son complexe brevet\u00e9 DEPI-ACT\u00ae, ainsi qu&rsquo;une protection solaire compl\u00e8te. En effet, ses actifs sp\u00e9cifiques prot\u00e8gent la peau contre les rayons du soleil, la lumi\u00e8re bleue et la pollution, principaux responsables de l&rsquo;apparition des taches.En association avec NEOTONE\u00ae Serum, il assure une efficacit\u00e9 \u00e9quivalente \u00e0 la mol\u00e9cule m\u00e9dicale de r\u00e9f\u00e9rence pour une diminution significative des taches pigmentaires, tout en garantissant une tol\u00e9rance optimale.<\/p>\n","protected":false},"excerpt":{"rendered":"<p>Description: NEOTONE\u00ae Radiance SPF 50+ est un soin d\u00e9pigmentant et protecteur de jour. La fonction principale de ce produit n&rsquo;est<\/p>\n","protected":false},"featured_media":38066,"comment_status":"open","ping_status":"closed","template":"","meta":[],"product_brand":[321],"product_cat":[666],"product_tag":[],"class_list":{"0":"post-38020","1":"product","2":"type-product","3":"status-publish","4":"has-post-thumbnail","6":"product_brand-isispharma","7":"product_cat-cremes-solaires","9":"first","10":"instock","11":"sale","12":"shipping-taxable","13":"purchasable","14":"product-type-simple"},"yoast_head":"<!-- This site is optimized with the Yoast SEO plugin v26.6 - https:\/\/yoast.com\/wordpress\/plugins\/seo\/ -->\r\n<title>ISISPHARMA neotone radiance spf 50 Fluide intensif Protecteur - Paracherkaoui.ma<\/title>\r\n<meta name=\"robots\" content=\"index, follow, max-snippet:-1, max-image-preview:large, max-video-preview:-1\" \/>\r\n<link rel=\"canonical\" href=\"https:\/\/paracherkaoui.ma\/index.php\/produit\/isispharma-neotone-radiance-spf-50-fluide-intensif-protecteur\/\" \/>\r\n<meta property=\"og:locale\" content=\"fr_FR\" \/>\r\n<meta property=\"og:type\" content=\"article\" \/>\r\n<meta property=\"og:title\" content=\"ISISPHARMA neotone radiance spf 50 Fluide intensif Protecteur - Paracherkaoui.ma\" \/>\r\n<meta property=\"og:description\" content=\"Description: NEOTONE\u00ae Radiance SPF 50+ est un soin d\u00e9pigmentant et protecteur de jour. La fonction principale de ce produit n&rsquo;est\" \/>\r\n<meta property=\"og:url\" content=\"https:\/\/paracherkaoui.ma\/index.php\/produit\/isispharma-neotone-radiance-spf-50-fluide-intensif-protecteur\/\" \/>\r\n<meta property=\"og:site_name\" content=\"Paracherkaoui.ma\" \/>\r\n<meta property=\"article:modified_time\" content=\"2025-12-12T17:59:26+00:00\" \/>\r\n<meta property=\"og:image\" content=\"https:\/\/paracherkaoui.ma\/wp-content\/uploads\/2025\/12\/isispharma-neotone-radiance-spf-50-fluide-intensif-protecteur.jpg\" \/>\r\n\t<meta property=\"og:image:width\" content=\"700\" \/>\r\n\t<meta property=\"og:image:height\" content=\"700\" \/>\r\n\t<meta property=\"og:image:type\" content=\"image\/jpeg\" \/>\r\n<meta name=\"twitter:card\" content=\"summary_large_image\" \/>\r\n<meta name=\"twitter:label1\" content=\"Dur\u00e9e de lecture estim\u00e9e\" \/>\n\t<meta name=\"twitter:data1\" content=\"1 minute\" \/>\r\n<script type=\"application\/ld+json\" class=\"yoast-schema-graph\">{\"@context\":\"https:\/\/schema.org\",\"@graph\":[{\"@type\":\"WebPage\",\"@id\":\"https:\/\/paracherkaoui.ma\/index.php\/produit\/isispharma-neotone-radiance-spf-50-fluide-intensif-protecteur\/\",\"url\":\"https:\/\/paracherkaoui.ma\/index.php\/produit\/isispharma-neotone-radiance-spf-50-fluide-intensif-protecteur\/\",\"name\":\"ISISPHARMA neotone radiance spf 50 Fluide intensif Protecteur - Paracherkaoui.ma\",\"isPartOf\":{\"@id\":\"https:\/\/paracherkaoui.ma\/#website\"},\"primaryImageOfPage\":{\"@id\":\"https:\/\/paracherkaoui.ma\/index.php\/produit\/isispharma-neotone-radiance-spf-50-fluide-intensif-protecteur\/#primaryimage\"},\"image\":{\"@id\":\"https:\/\/paracherkaoui.ma\/index.php\/produit\/isispharma-neotone-radiance-spf-50-fluide-intensif-protecteur\/#primaryimage\"},\"thumbnailUrl\":\"https:\/\/paracherkaoui.ma\/wp-content\/uploads\/2025\/12\/isispharma-neotone-radiance-spf-50-fluide-intensif-protecteur.jpg\",\"datePublished\":\"2025-12-12T17:59:22+00:00\",\"dateModified\":\"2025-12-12T17:59:26+00:00\",\"breadcrumb\":{\"@id\":\"https:\/\/paracherkaoui.ma\/index.php\/produit\/isispharma-neotone-radiance-spf-50-fluide-intensif-protecteur\/#breadcrumb\"},\"inLanguage\":\"fr-FR\",\"potentialAction\":[{\"@type\":\"ReadAction\",\"target\":[\"https:\/\/paracherkaoui.ma\/index.php\/produit\/isispharma-neotone-radiance-spf-50-fluide-intensif-protecteur\/\"]}]},{\"@type\":\"ImageObject\",\"inLanguage\":\"fr-FR\",\"@id\":\"https:\/\/paracherkaoui.ma\/index.php\/produit\/isispharma-neotone-radiance-spf-50-fluide-intensif-protecteur\/#primaryimage\",\"url\":\"https:\/\/paracherkaoui.ma\/wp-content\/uploads\/2025\/12\/isispharma-neotone-radiance-spf-50-fluide-intensif-protecteur.jpg\",\"contentUrl\":\"https:\/\/paracherkaoui.ma\/wp-content\/uploads\/2025\/12\/isispharma-neotone-radiance-spf-50-fluide-intensif-protecteur.jpg\",\"width\":700,\"height\":700},{\"@type\":\"BreadcrumbList\",\"@id\":\"https:\/\/paracherkaoui.ma\/index.php\/produit\/isispharma-neotone-radiance-spf-50-fluide-intensif-protecteur\/#breadcrumb\",\"itemListElement\":[{\"@type\":\"ListItem\",\"position\":1,\"name\":\"Accueil\",\"item\":\"https:\/\/paracherkaoui.ma\/\"},{\"@type\":\"ListItem\",\"position\":2,\"name\":\"Boutique\",\"item\":\"https:\/\/paracherkaoui.ma\/index.php\/boutique\/\"},{\"@type\":\"ListItem\",\"position\":3,\"name\":\"ISISPHARMA neotone radiance spf 50 Fluide intensif Protecteur\"}]},{\"@type\":\"WebSite\",\"@id\":\"https:\/\/paracherkaoui.ma\/#website\",\"url\":\"https:\/\/paracherkaoui.ma\/\",\"name\":\"Paracherkaoui.ma\",\"description\":\"Achetez en ligne sur Paracherkaoui.ma\",\"potentialAction\":[{\"@type\":\"SearchAction\",\"target\":{\"@type\":\"EntryPoint\",\"urlTemplate\":\"https:\/\/paracherkaoui.ma\/?s={search_term_string}\"},\"query-input\":{\"@type\":\"PropertyValueSpecification\",\"valueRequired\":true,\"valueName\":\"search_term_string\"}}],\"inLanguage\":\"fr-FR\"}]}<\/script>\r\n<!-- \/ Yoast SEO plugin. -->","yoast_head_json":{"title":"ISISPHARMA neotone radiance spf 50 Fluide intensif Protecteur - Paracherkaoui.ma","robots":{"index":"index","follow":"follow","max-snippet":"max-snippet:-1","max-image-preview":"max-image-preview:large","max-video-preview":"max-video-preview:-1"},"canonical":"https:\/\/paracherkaoui.ma\/index.php\/produit\/isispharma-neotone-radiance-spf-50-fluide-intensif-protecteur\/","og_locale":"fr_FR","og_type":"article","og_title":"ISISPHARMA neotone radiance spf 50 Fluide intensif Protecteur - Paracherkaoui.ma","og_description":"Description: NEOTONE\u00ae Radiance SPF 50+ est un soin d\u00e9pigmentant et protecteur de jour. La fonction principale de ce produit n&rsquo;est","og_url":"https:\/\/paracherkaoui.ma\/index.php\/produit\/isispharma-neotone-radiance-spf-50-fluide-intensif-protecteur\/","og_site_name":"Paracherkaoui.ma","article_modified_time":"2025-12-12T17:59:26+00:00","og_image":[{"width":700,"height":700,"url":"https:\/\/paracherkaoui.ma\/wp-content\/uploads\/2025\/12\/isispharma-neotone-radiance-spf-50-fluide-intensif-protecteur.jpg","type":"image\/jpeg"}],"twitter_card":"summary_large_image","twitter_misc":{"Dur\u00e9e de lecture estim\u00e9e":"1 minute"},"schema":{"@context":"https:\/\/schema.org","@graph":[{"@type":"WebPage","@id":"https:\/\/paracherkaoui.ma\/index.php\/produit\/isispharma-neotone-radiance-spf-50-fluide-intensif-protecteur\/","url":"https:\/\/paracherkaoui.ma\/index.php\/produit\/isispharma-neotone-radiance-spf-50-fluide-intensif-protecteur\/","name":"ISISPHARMA neotone radiance spf 50 Fluide intensif Protecteur - Paracherkaoui.ma","isPartOf":{"@id":"https:\/\/paracherkaoui.ma\/#website"},"primaryImageOfPage":{"@id":"https:\/\/paracherkaoui.ma\/index.php\/produit\/isispharma-neotone-radiance-spf-50-fluide-intensif-protecteur\/#primaryimage"},"image":{"@id":"https:\/\/paracherkaoui.ma\/index.php\/produit\/isispharma-neotone-radiance-spf-50-fluide-intensif-protecteur\/#primaryimage"},"thumbnailUrl":"https:\/\/paracherkaoui.ma\/wp-content\/uploads\/2025\/12\/isispharma-neotone-radiance-spf-50-fluide-intensif-protecteur.jpg","datePublished":"2025-12-12T17:59:22+00:00","dateModified":"2025-12-12T17:59:26+00:00","breadcrumb":{"@id":"https:\/\/paracherkaoui.ma\/index.php\/produit\/isispharma-neotone-radiance-spf-50-fluide-intensif-protecteur\/#breadcrumb"},"inLanguage":"fr-FR","potentialAction":[{"@type":"ReadAction","target":["https:\/\/paracherkaoui.ma\/index.php\/produit\/isispharma-neotone-radiance-spf-50-fluide-intensif-protecteur\/"]}]},{"@type":"ImageObject","inLanguage":"fr-FR","@id":"https:\/\/paracherkaoui.ma\/index.php\/produit\/isispharma-neotone-radiance-spf-50-fluide-intensif-protecteur\/#primaryimage","url":"https:\/\/paracherkaoui.ma\/wp-content\/uploads\/2025\/12\/isispharma-neotone-radiance-spf-50-fluide-intensif-protecteur.jpg","contentUrl":"https:\/\/paracherkaoui.ma\/wp-content\/uploads\/2025\/12\/isispharma-neotone-radiance-spf-50-fluide-intensif-protecteur.jpg","width":700,"height":700},{"@type":"BreadcrumbList","@id":"https:\/\/paracherkaoui.ma\/index.php\/produit\/isispharma-neotone-radiance-spf-50-fluide-intensif-protecteur\/#breadcrumb","itemListElement":[{"@type":"ListItem","position":1,"name":"Accueil","item":"https:\/\/paracherkaoui.ma\/"},{"@type":"ListItem","position":2,"name":"Boutique","item":"https:\/\/paracherkaoui.ma\/index.php\/boutique\/"},{"@type":"ListItem","position":3,"name":"ISISPHARMA neotone radiance spf 50 Fluide intensif Protecteur"}]},{"@type":"WebSite","@id":"https:\/\/paracherkaoui.ma\/#website","url":"https:\/\/paracherkaoui.ma\/","name":"Paracherkaoui.ma","description":"Achetez en ligne sur Paracherkaoui.ma","potentialAction":[{"@type":"SearchAction","target":{"@type":"EntryPoint","urlTemplate":"https:\/\/paracherkaoui.ma\/?s={search_term_string}"},"query-input":{"@type":"PropertyValueSpecification","valueRequired":true,"valueName":"search_term_string"}}],"inLanguage":"fr-FR"}]}},"_links":{"self":[{"href":"https:\/\/paracherkaoui.ma\/index.php\/wp-json\/wp\/v2\/product\/38020","targetHints":{"allow":["GET"]}}],"collection":[{"href":"https:\/\/paracherkaoui.ma\/index.php\/wp-json\/wp\/v2\/product"}],"about":[{"href":"https:\/\/paracherkaoui.ma\/index.php\/wp-json\/wp\/v2\/types\/product"}],"replies":[{"embeddable":true,"href":"https:\/\/paracherkaoui.ma\/index.php\/wp-json\/wp\/v2\/comments?post=38020"}],"version-history":[{"count":1,"href":"https:\/\/paracherkaoui.ma\/index.php\/wp-json\/wp\/v2\/product\/38020\/revisions"}],"predecessor-version":[{"id":38067,"href":"https:\/\/paracherkaoui.ma\/index.php\/wp-json\/wp\/v2\/product\/38020\/revisions\/38067"}],"wp:featuredmedia":[{"embeddable":true,"href":"https:\/\/paracherkaoui.ma\/index.php\/wp-json\/wp\/v2\/media\/38066"}],"wp:attachment":[{"href":"https:\/\/paracherkaoui.ma\/index.php\/wp-json\/wp\/v2\/media?parent=38020"}],"wp:term":[{"taxonomy":"product_brand","embeddable":true,"href":"https:\/\/paracherkaoui.ma\/index.php\/wp-json\/wp\/v2\/product_brand?post=38020"},{"taxonomy":"product_cat","embeddable":true,"href":"https:\/\/paracherkaoui.ma\/index.php\/wp-json\/wp\/v2\/product_cat?post=38020"},{"taxonomy":"product_tag","embeddable":true,"href":"https:\/\/paracherkaoui.ma\/index.php\/wp-json\/wp\/v2\/product_tag?post=38020"}],"curies":[{"name":"wp","href":"https:\/\/api.w.org\/{rel}","templated":true}]}}