{"id":38018,"date":"2025-12-12T18:59:21","date_gmt":"2025-12-12T17:59:21","guid":{"rendered":"https:\/\/test.ecbeaute.com\/?post_type=product&#038;p=38018"},"modified":"2025-12-12T18:59:26","modified_gmt":"2025-12-12T17:59:26","slug":"depilia-fluide-solaire-spf-50-ecran-invisible-40-ml","status":"publish","type":"product","link":"https:\/\/paracherkaoui.ma\/index.php\/produit\/depilia-fluide-solaire-spf-50-ecran-invisible-40-ml\/","title":{"rendered":"DEPILIA FLUIDE SOLAIRE SPF 50+ ECRAN INVISIBLE 40 ML"},"content":{"rendered":"<p>Description<br \/>\nune protection extr\u00eame \u00e0 large sp\u00e9ctre contre les UVA I, UVA II et UVB. Un fluide \u00e0 fini non gras sp\u00e9cialement formul\u00e9 pour les peaux mixtes \u00e0 grasses pour une protection maximale contre les dommages cutan\u00e9s caus\u00e9s par l\u2019exposition prolong\u00e9e au soleil.<\/p>\n","protected":false},"excerpt":{"rendered":"<p>Description une protection extr\u00eame \u00e0 large sp\u00e9ctre contre les UVA I, UVA II et UVB. Un fluide \u00e0 fini non<\/p>\n","protected":false},"featured_media":38062,"comment_status":"open","ping_status":"closed","template":"","meta":[],"product_brand":[428],"product_cat":[666],"product_tag":[],"class_list":{"0":"post-38018","1":"product","2":"type-product","3":"status-publish","4":"has-post-thumbnail","6":"product_brand-depilia","7":"product_cat-cremes-solaires","9":"first","10":"instock","11":"sale","12":"shipping-taxable","13":"purchasable","14":"product-type-simple"},"yoast_head":"<!-- This site is optimized with the Yoast SEO plugin v26.6 - https:\/\/yoast.com\/wordpress\/plugins\/seo\/ -->\r\n<title>DEPILIA FLUIDE SOLAIRE SPF 50+ ECRAN INVISIBLE 40 ML - Paracherkaoui.ma<\/title>\r\n<meta name=\"robots\" content=\"index, follow, max-snippet:-1, max-image-preview:large, max-video-preview:-1\" \/>\r\n<link rel=\"canonical\" href=\"https:\/\/paracherkaoui.ma\/index.php\/produit\/depilia-fluide-solaire-spf-50-ecran-invisible-40-ml\/\" \/>\r\n<meta property=\"og:locale\" content=\"fr_FR\" \/>\r\n<meta property=\"og:type\" content=\"article\" \/>\r\n<meta property=\"og:title\" content=\"DEPILIA FLUIDE SOLAIRE SPF 50+ ECRAN INVISIBLE 40 ML - Paracherkaoui.ma\" \/>\r\n<meta property=\"og:description\" content=\"Description une protection extr\u00eame \u00e0 large sp\u00e9ctre contre les UVA I, UVA II et UVB. Un fluide \u00e0 fini non\" \/>\r\n<meta property=\"og:url\" content=\"https:\/\/paracherkaoui.ma\/index.php\/produit\/depilia-fluide-solaire-spf-50-ecran-invisible-40-ml\/\" \/>\r\n<meta property=\"og:site_name\" content=\"Paracherkaoui.ma\" \/>\r\n<meta property=\"article:modified_time\" content=\"2025-12-12T17:59:26+00:00\" \/>\r\n<meta property=\"og:image\" content=\"https:\/\/paracherkaoui.ma\/wp-content\/uploads\/2025\/12\/depilia-fluide-solaire-spf-50-ecran-invisible-40-ml.jpg\" \/>\r\n\t<meta property=\"og:image:width\" content=\"700\" \/>\r\n\t<meta property=\"og:image:height\" content=\"700\" \/>\r\n\t<meta property=\"og:image:type\" content=\"image\/jpeg\" \/>\r\n<meta name=\"twitter:card\" content=\"summary_large_image\" \/>\r\n<script type=\"application\/ld+json\" class=\"yoast-schema-graph\">{\"@context\":\"https:\/\/schema.org\",\"@graph\":[{\"@type\":\"WebPage\",\"@id\":\"https:\/\/paracherkaoui.ma\/index.php\/produit\/depilia-fluide-solaire-spf-50-ecran-invisible-40-ml\/\",\"url\":\"https:\/\/paracherkaoui.ma\/index.php\/produit\/depilia-fluide-solaire-spf-50-ecran-invisible-40-ml\/\",\"name\":\"DEPILIA FLUIDE SOLAIRE SPF 50+ ECRAN INVISIBLE 40 ML - Paracherkaoui.ma\",\"isPartOf\":{\"@id\":\"https:\/\/paracherkaoui.ma\/#website\"},\"primaryImageOfPage\":{\"@id\":\"https:\/\/paracherkaoui.ma\/index.php\/produit\/depilia-fluide-solaire-spf-50-ecran-invisible-40-ml\/#primaryimage\"},\"image\":{\"@id\":\"https:\/\/paracherkaoui.ma\/index.php\/produit\/depilia-fluide-solaire-spf-50-ecran-invisible-40-ml\/#primaryimage\"},\"thumbnailUrl\":\"https:\/\/paracherkaoui.ma\/wp-content\/uploads\/2025\/12\/depilia-fluide-solaire-spf-50-ecran-invisible-40-ml.jpg\",\"datePublished\":\"2025-12-12T17:59:21+00:00\",\"dateModified\":\"2025-12-12T17:59:26+00:00\",\"breadcrumb\":{\"@id\":\"https:\/\/paracherkaoui.ma\/index.php\/produit\/depilia-fluide-solaire-spf-50-ecran-invisible-40-ml\/#breadcrumb\"},\"inLanguage\":\"fr-FR\",\"potentialAction\":[{\"@type\":\"ReadAction\",\"target\":[\"https:\/\/paracherkaoui.ma\/index.php\/produit\/depilia-fluide-solaire-spf-50-ecran-invisible-40-ml\/\"]}]},{\"@type\":\"ImageObject\",\"inLanguage\":\"fr-FR\",\"@id\":\"https:\/\/paracherkaoui.ma\/index.php\/produit\/depilia-fluide-solaire-spf-50-ecran-invisible-40-ml\/#primaryimage\",\"url\":\"https:\/\/paracherkaoui.ma\/wp-content\/uploads\/2025\/12\/depilia-fluide-solaire-spf-50-ecran-invisible-40-ml.jpg\",\"contentUrl\":\"https:\/\/paracherkaoui.ma\/wp-content\/uploads\/2025\/12\/depilia-fluide-solaire-spf-50-ecran-invisible-40-ml.jpg\",\"width\":700,\"height\":700},{\"@type\":\"BreadcrumbList\",\"@id\":\"https:\/\/paracherkaoui.ma\/index.php\/produit\/depilia-fluide-solaire-spf-50-ecran-invisible-40-ml\/#breadcrumb\",\"itemListElement\":[{\"@type\":\"ListItem\",\"position\":1,\"name\":\"Accueil\",\"item\":\"https:\/\/paracherkaoui.ma\/\"},{\"@type\":\"ListItem\",\"position\":2,\"name\":\"Boutique\",\"item\":\"https:\/\/paracherkaoui.ma\/index.php\/boutique\/\"},{\"@type\":\"ListItem\",\"position\":3,\"name\":\"DEPILIA FLUIDE SOLAIRE SPF 50+ ECRAN INVISIBLE 40 ML\"}]},{\"@type\":\"WebSite\",\"@id\":\"https:\/\/paracherkaoui.ma\/#website\",\"url\":\"https:\/\/paracherkaoui.ma\/\",\"name\":\"Paracherkaoui.ma\",\"description\":\"Achetez en ligne sur Paracherkaoui.ma\",\"potentialAction\":[{\"@type\":\"SearchAction\",\"target\":{\"@type\":\"EntryPoint\",\"urlTemplate\":\"https:\/\/paracherkaoui.ma\/?s={search_term_string}\"},\"query-input\":{\"@type\":\"PropertyValueSpecification\",\"valueRequired\":true,\"valueName\":\"search_term_string\"}}],\"inLanguage\":\"fr-FR\"}]}<\/script>\r\n<!-- \/ Yoast SEO plugin. -->","yoast_head_json":{"title":"DEPILIA FLUIDE SOLAIRE SPF 50+ ECRAN INVISIBLE 40 ML - Paracherkaoui.ma","robots":{"index":"index","follow":"follow","max-snippet":"max-snippet:-1","max-image-preview":"max-image-preview:large","max-video-preview":"max-video-preview:-1"},"canonical":"https:\/\/paracherkaoui.ma\/index.php\/produit\/depilia-fluide-solaire-spf-50-ecran-invisible-40-ml\/","og_locale":"fr_FR","og_type":"article","og_title":"DEPILIA FLUIDE SOLAIRE SPF 50+ ECRAN INVISIBLE 40 ML - Paracherkaoui.ma","og_description":"Description une protection extr\u00eame \u00e0 large sp\u00e9ctre contre les UVA I, UVA II et UVB. Un fluide \u00e0 fini non","og_url":"https:\/\/paracherkaoui.ma\/index.php\/produit\/depilia-fluide-solaire-spf-50-ecran-invisible-40-ml\/","og_site_name":"Paracherkaoui.ma","article_modified_time":"2025-12-12T17:59:26+00:00","og_image":[{"width":700,"height":700,"url":"https:\/\/paracherkaoui.ma\/wp-content\/uploads\/2025\/12\/depilia-fluide-solaire-spf-50-ecran-invisible-40-ml.jpg","type":"image\/jpeg"}],"twitter_card":"summary_large_image","schema":{"@context":"https:\/\/schema.org","@graph":[{"@type":"WebPage","@id":"https:\/\/paracherkaoui.ma\/index.php\/produit\/depilia-fluide-solaire-spf-50-ecran-invisible-40-ml\/","url":"https:\/\/paracherkaoui.ma\/index.php\/produit\/depilia-fluide-solaire-spf-50-ecran-invisible-40-ml\/","name":"DEPILIA FLUIDE SOLAIRE SPF 50+ ECRAN INVISIBLE 40 ML - Paracherkaoui.ma","isPartOf":{"@id":"https:\/\/paracherkaoui.ma\/#website"},"primaryImageOfPage":{"@id":"https:\/\/paracherkaoui.ma\/index.php\/produit\/depilia-fluide-solaire-spf-50-ecran-invisible-40-ml\/#primaryimage"},"image":{"@id":"https:\/\/paracherkaoui.ma\/index.php\/produit\/depilia-fluide-solaire-spf-50-ecran-invisible-40-ml\/#primaryimage"},"thumbnailUrl":"https:\/\/paracherkaoui.ma\/wp-content\/uploads\/2025\/12\/depilia-fluide-solaire-spf-50-ecran-invisible-40-ml.jpg","datePublished":"2025-12-12T17:59:21+00:00","dateModified":"2025-12-12T17:59:26+00:00","breadcrumb":{"@id":"https:\/\/paracherkaoui.ma\/index.php\/produit\/depilia-fluide-solaire-spf-50-ecran-invisible-40-ml\/#breadcrumb"},"inLanguage":"fr-FR","potentialAction":[{"@type":"ReadAction","target":["https:\/\/paracherkaoui.ma\/index.php\/produit\/depilia-fluide-solaire-spf-50-ecran-invisible-40-ml\/"]}]},{"@type":"ImageObject","inLanguage":"fr-FR","@id":"https:\/\/paracherkaoui.ma\/index.php\/produit\/depilia-fluide-solaire-spf-50-ecran-invisible-40-ml\/#primaryimage","url":"https:\/\/paracherkaoui.ma\/wp-content\/uploads\/2025\/12\/depilia-fluide-solaire-spf-50-ecran-invisible-40-ml.jpg","contentUrl":"https:\/\/paracherkaoui.ma\/wp-content\/uploads\/2025\/12\/depilia-fluide-solaire-spf-50-ecran-invisible-40-ml.jpg","width":700,"height":700},{"@type":"BreadcrumbList","@id":"https:\/\/paracherkaoui.ma\/index.php\/produit\/depilia-fluide-solaire-spf-50-ecran-invisible-40-ml\/#breadcrumb","itemListElement":[{"@type":"ListItem","position":1,"name":"Accueil","item":"https:\/\/paracherkaoui.ma\/"},{"@type":"ListItem","position":2,"name":"Boutique","item":"https:\/\/paracherkaoui.ma\/index.php\/boutique\/"},{"@type":"ListItem","position":3,"name":"DEPILIA FLUIDE SOLAIRE SPF 50+ ECRAN INVISIBLE 40 ML"}]},{"@type":"WebSite","@id":"https:\/\/paracherkaoui.ma\/#website","url":"https:\/\/paracherkaoui.ma\/","name":"Paracherkaoui.ma","description":"Achetez en ligne sur Paracherkaoui.ma","potentialAction":[{"@type":"SearchAction","target":{"@type":"EntryPoint","urlTemplate":"https:\/\/paracherkaoui.ma\/?s={search_term_string}"},"query-input":{"@type":"PropertyValueSpecification","valueRequired":true,"valueName":"search_term_string"}}],"inLanguage":"fr-FR"}]}},"_links":{"self":[{"href":"https:\/\/paracherkaoui.ma\/index.php\/wp-json\/wp\/v2\/product\/38018","targetHints":{"allow":["GET"]}}],"collection":[{"href":"https:\/\/paracherkaoui.ma\/index.php\/wp-json\/wp\/v2\/product"}],"about":[{"href":"https:\/\/paracherkaoui.ma\/index.php\/wp-json\/wp\/v2\/types\/product"}],"replies":[{"embeddable":true,"href":"https:\/\/paracherkaoui.ma\/index.php\/wp-json\/wp\/v2\/comments?post=38018"}],"version-history":[{"count":1,"href":"https:\/\/paracherkaoui.ma\/index.php\/wp-json\/wp\/v2\/product\/38018\/revisions"}],"predecessor-version":[{"id":38063,"href":"https:\/\/paracherkaoui.ma\/index.php\/wp-json\/wp\/v2\/product\/38018\/revisions\/38063"}],"wp:featuredmedia":[{"embeddable":true,"href":"https:\/\/paracherkaoui.ma\/index.php\/wp-json\/wp\/v2\/media\/38062"}],"wp:attachment":[{"href":"https:\/\/paracherkaoui.ma\/index.php\/wp-json\/wp\/v2\/media?parent=38018"}],"wp:term":[{"taxonomy":"product_brand","embeddable":true,"href":"https:\/\/paracherkaoui.ma\/index.php\/wp-json\/wp\/v2\/product_brand?post=38018"},{"taxonomy":"product_cat","embeddable":true,"href":"https:\/\/paracherkaoui.ma\/index.php\/wp-json\/wp\/v2\/product_cat?post=38018"},{"taxonomy":"product_tag","embeddable":true,"href":"https:\/\/paracherkaoui.ma\/index.php\/wp-json\/wp\/v2\/product_tag?post=38018"}],"curies":[{"name":"wp","href":"https:\/\/api.w.org\/{rel}","templated":true}]}}