{"id":38014,"date":"2025-12-12T18:59:21","date_gmt":"2025-12-12T17:59:21","guid":{"rendered":"https:\/\/test.ecbeaute.com\/?post_type=product&#038;p=38014"},"modified":"2025-12-12T18:59:25","modified_gmt":"2025-12-12T17:59:25","slug":"biosolis-creme-visage-spf-30-50ml","status":"publish","type":"product","link":"https:\/\/paracherkaoui.ma\/index.php\/produit\/biosolis-creme-visage-spf-30-50ml\/","title":{"rendered":"BIOSOLIS CREME VISAGE SPF 30 50ML"},"content":{"rendered":"<p>Description:<br \/>\nCompos\u00e9e d&rsquo;ingr\u00e9dients min\u00e9raux &#038; naturels Prot\u00e8ge et nourrit la peau Sans nano-particules Convient \u00e0 tous les types de peau Protection solaire \u00e9lev\u00e9e Id\u00e9ale pour les peaux sensibles Ne contient pas d&rsquo;eau<br \/>\nConseils d&rsquo;utilisation :<br \/>\nAppliquer g\u00e9n\u00e9reusement sur le visage. Renouveler r\u00e9guli\u00e8rement. Les produits Biosolis sont r\u00e9sistants \u00e0 l\u2019eau. Il est n\u00e9anmoins conseill\u00e9 de renouveler l\u2019application apr\u00e8s une longue p\u00e9riode pass\u00e9e dans l\u2019eau. \u00c9vitez tout contact avec les yeux. Pour usage externe seulement. Tenir hors de port\u00e9e des jeunes enfants. Ne pas vaporiser directement sur les textiles. Bien agiter avant utilisation. Lire les instructions.<\/p>\n","protected":false},"excerpt":{"rendered":"<p>Description: Compos\u00e9e d&rsquo;ingr\u00e9dients min\u00e9raux &#038; naturels Prot\u00e8ge et nourrit la peau Sans nano-particules Convient \u00e0 tous les types de peau<\/p>\n","protected":false},"featured_media":38054,"comment_status":"open","ping_status":"closed","template":"","meta":[],"product_brand":[670],"product_cat":[666],"product_tag":[],"class_list":{"0":"post-38014","1":"product","2":"type-product","3":"status-publish","4":"has-post-thumbnail","6":"product_brand-biosolis","7":"product_cat-cremes-solaires","9":"first","10":"instock","11":"shipping-taxable","12":"purchasable","13":"product-type-simple"},"yoast_head":"<!-- This site is optimized with the Yoast SEO plugin v26.6 - https:\/\/yoast.com\/wordpress\/plugins\/seo\/ -->\r\n<title>BIOSOLIS CREME VISAGE SPF 30 50ML - Paracherkaoui.ma<\/title>\r\n<meta name=\"robots\" content=\"index, follow, max-snippet:-1, max-image-preview:large, max-video-preview:-1\" \/>\r\n<link rel=\"canonical\" href=\"https:\/\/paracherkaoui.ma\/index.php\/produit\/biosolis-creme-visage-spf-30-50ml\/\" \/>\r\n<meta property=\"og:locale\" content=\"fr_FR\" \/>\r\n<meta property=\"og:type\" content=\"article\" \/>\r\n<meta property=\"og:title\" content=\"BIOSOLIS CREME VISAGE SPF 30 50ML - Paracherkaoui.ma\" \/>\r\n<meta property=\"og:description\" content=\"Description: Compos\u00e9e d&rsquo;ingr\u00e9dients min\u00e9raux &#038; naturels Prot\u00e8ge et nourrit la peau Sans nano-particules Convient \u00e0 tous les types de peau\" \/>\r\n<meta property=\"og:url\" content=\"https:\/\/paracherkaoui.ma\/index.php\/produit\/biosolis-creme-visage-spf-30-50ml\/\" \/>\r\n<meta property=\"og:site_name\" content=\"Paracherkaoui.ma\" \/>\r\n<meta property=\"article:modified_time\" content=\"2025-12-12T17:59:25+00:00\" \/>\r\n<meta property=\"og:image\" content=\"https:\/\/paracherkaoui.ma\/wp-content\/uploads\/2025\/12\/biosolis-creme-visage-spf-30-50ml.jpg\" \/>\r\n\t<meta property=\"og:image:width\" content=\"700\" \/>\r\n\t<meta property=\"og:image:height\" content=\"700\" \/>\r\n\t<meta property=\"og:image:type\" content=\"image\/jpeg\" \/>\r\n<meta name=\"twitter:card\" content=\"summary_large_image\" \/>\r\n<meta name=\"twitter:label1\" content=\"Dur\u00e9e de lecture estim\u00e9e\" \/>\n\t<meta name=\"twitter:data1\" content=\"1 minute\" \/>\r\n<script type=\"application\/ld+json\" class=\"yoast-schema-graph\">{\"@context\":\"https:\/\/schema.org\",\"@graph\":[{\"@type\":\"WebPage\",\"@id\":\"https:\/\/paracherkaoui.ma\/index.php\/produit\/biosolis-creme-visage-spf-30-50ml\/\",\"url\":\"https:\/\/paracherkaoui.ma\/index.php\/produit\/biosolis-creme-visage-spf-30-50ml\/\",\"name\":\"BIOSOLIS CREME VISAGE SPF 30 50ML - Paracherkaoui.ma\",\"isPartOf\":{\"@id\":\"https:\/\/paracherkaoui.ma\/#website\"},\"primaryImageOfPage\":{\"@id\":\"https:\/\/paracherkaoui.ma\/index.php\/produit\/biosolis-creme-visage-spf-30-50ml\/#primaryimage\"},\"image\":{\"@id\":\"https:\/\/paracherkaoui.ma\/index.php\/produit\/biosolis-creme-visage-spf-30-50ml\/#primaryimage\"},\"thumbnailUrl\":\"https:\/\/paracherkaoui.ma\/wp-content\/uploads\/2025\/12\/biosolis-creme-visage-spf-30-50ml.jpg\",\"datePublished\":\"2025-12-12T17:59:21+00:00\",\"dateModified\":\"2025-12-12T17:59:25+00:00\",\"breadcrumb\":{\"@id\":\"https:\/\/paracherkaoui.ma\/index.php\/produit\/biosolis-creme-visage-spf-30-50ml\/#breadcrumb\"},\"inLanguage\":\"fr-FR\",\"potentialAction\":[{\"@type\":\"ReadAction\",\"target\":[\"https:\/\/paracherkaoui.ma\/index.php\/produit\/biosolis-creme-visage-spf-30-50ml\/\"]}]},{\"@type\":\"ImageObject\",\"inLanguage\":\"fr-FR\",\"@id\":\"https:\/\/paracherkaoui.ma\/index.php\/produit\/biosolis-creme-visage-spf-30-50ml\/#primaryimage\",\"url\":\"https:\/\/paracherkaoui.ma\/wp-content\/uploads\/2025\/12\/biosolis-creme-visage-spf-30-50ml.jpg\",\"contentUrl\":\"https:\/\/paracherkaoui.ma\/wp-content\/uploads\/2025\/12\/biosolis-creme-visage-spf-30-50ml.jpg\",\"width\":700,\"height\":700},{\"@type\":\"BreadcrumbList\",\"@id\":\"https:\/\/paracherkaoui.ma\/index.php\/produit\/biosolis-creme-visage-spf-30-50ml\/#breadcrumb\",\"itemListElement\":[{\"@type\":\"ListItem\",\"position\":1,\"name\":\"Accueil\",\"item\":\"https:\/\/paracherkaoui.ma\/\"},{\"@type\":\"ListItem\",\"position\":2,\"name\":\"Boutique\",\"item\":\"https:\/\/paracherkaoui.ma\/index.php\/boutique\/\"},{\"@type\":\"ListItem\",\"position\":3,\"name\":\"BIOSOLIS CREME VISAGE SPF 30 50ML\"}]},{\"@type\":\"WebSite\",\"@id\":\"https:\/\/paracherkaoui.ma\/#website\",\"url\":\"https:\/\/paracherkaoui.ma\/\",\"name\":\"Paracherkaoui.ma\",\"description\":\"Achetez en ligne sur Paracherkaoui.ma\",\"potentialAction\":[{\"@type\":\"SearchAction\",\"target\":{\"@type\":\"EntryPoint\",\"urlTemplate\":\"https:\/\/paracherkaoui.ma\/?s={search_term_string}\"},\"query-input\":{\"@type\":\"PropertyValueSpecification\",\"valueRequired\":true,\"valueName\":\"search_term_string\"}}],\"inLanguage\":\"fr-FR\"}]}<\/script>\r\n<!-- \/ Yoast SEO plugin. -->","yoast_head_json":{"title":"BIOSOLIS CREME VISAGE SPF 30 50ML - Paracherkaoui.ma","robots":{"index":"index","follow":"follow","max-snippet":"max-snippet:-1","max-image-preview":"max-image-preview:large","max-video-preview":"max-video-preview:-1"},"canonical":"https:\/\/paracherkaoui.ma\/index.php\/produit\/biosolis-creme-visage-spf-30-50ml\/","og_locale":"fr_FR","og_type":"article","og_title":"BIOSOLIS CREME VISAGE SPF 30 50ML - Paracherkaoui.ma","og_description":"Description: Compos\u00e9e d&rsquo;ingr\u00e9dients min\u00e9raux &#038; naturels Prot\u00e8ge et nourrit la peau Sans nano-particules Convient \u00e0 tous les types de peau","og_url":"https:\/\/paracherkaoui.ma\/index.php\/produit\/biosolis-creme-visage-spf-30-50ml\/","og_site_name":"Paracherkaoui.ma","article_modified_time":"2025-12-12T17:59:25+00:00","og_image":[{"width":700,"height":700,"url":"https:\/\/paracherkaoui.ma\/wp-content\/uploads\/2025\/12\/biosolis-creme-visage-spf-30-50ml.jpg","type":"image\/jpeg"}],"twitter_card":"summary_large_image","twitter_misc":{"Dur\u00e9e de lecture estim\u00e9e":"1 minute"},"schema":{"@context":"https:\/\/schema.org","@graph":[{"@type":"WebPage","@id":"https:\/\/paracherkaoui.ma\/index.php\/produit\/biosolis-creme-visage-spf-30-50ml\/","url":"https:\/\/paracherkaoui.ma\/index.php\/produit\/biosolis-creme-visage-spf-30-50ml\/","name":"BIOSOLIS CREME VISAGE SPF 30 50ML - Paracherkaoui.ma","isPartOf":{"@id":"https:\/\/paracherkaoui.ma\/#website"},"primaryImageOfPage":{"@id":"https:\/\/paracherkaoui.ma\/index.php\/produit\/biosolis-creme-visage-spf-30-50ml\/#primaryimage"},"image":{"@id":"https:\/\/paracherkaoui.ma\/index.php\/produit\/biosolis-creme-visage-spf-30-50ml\/#primaryimage"},"thumbnailUrl":"https:\/\/paracherkaoui.ma\/wp-content\/uploads\/2025\/12\/biosolis-creme-visage-spf-30-50ml.jpg","datePublished":"2025-12-12T17:59:21+00:00","dateModified":"2025-12-12T17:59:25+00:00","breadcrumb":{"@id":"https:\/\/paracherkaoui.ma\/index.php\/produit\/biosolis-creme-visage-spf-30-50ml\/#breadcrumb"},"inLanguage":"fr-FR","potentialAction":[{"@type":"ReadAction","target":["https:\/\/paracherkaoui.ma\/index.php\/produit\/biosolis-creme-visage-spf-30-50ml\/"]}]},{"@type":"ImageObject","inLanguage":"fr-FR","@id":"https:\/\/paracherkaoui.ma\/index.php\/produit\/biosolis-creme-visage-spf-30-50ml\/#primaryimage","url":"https:\/\/paracherkaoui.ma\/wp-content\/uploads\/2025\/12\/biosolis-creme-visage-spf-30-50ml.jpg","contentUrl":"https:\/\/paracherkaoui.ma\/wp-content\/uploads\/2025\/12\/biosolis-creme-visage-spf-30-50ml.jpg","width":700,"height":700},{"@type":"BreadcrumbList","@id":"https:\/\/paracherkaoui.ma\/index.php\/produit\/biosolis-creme-visage-spf-30-50ml\/#breadcrumb","itemListElement":[{"@type":"ListItem","position":1,"name":"Accueil","item":"https:\/\/paracherkaoui.ma\/"},{"@type":"ListItem","position":2,"name":"Boutique","item":"https:\/\/paracherkaoui.ma\/index.php\/boutique\/"},{"@type":"ListItem","position":3,"name":"BIOSOLIS CREME VISAGE SPF 30 50ML"}]},{"@type":"WebSite","@id":"https:\/\/paracherkaoui.ma\/#website","url":"https:\/\/paracherkaoui.ma\/","name":"Paracherkaoui.ma","description":"Achetez en ligne sur Paracherkaoui.ma","potentialAction":[{"@type":"SearchAction","target":{"@type":"EntryPoint","urlTemplate":"https:\/\/paracherkaoui.ma\/?s={search_term_string}"},"query-input":{"@type":"PropertyValueSpecification","valueRequired":true,"valueName":"search_term_string"}}],"inLanguage":"fr-FR"}]}},"_links":{"self":[{"href":"https:\/\/paracherkaoui.ma\/index.php\/wp-json\/wp\/v2\/product\/38014","targetHints":{"allow":["GET"]}}],"collection":[{"href":"https:\/\/paracherkaoui.ma\/index.php\/wp-json\/wp\/v2\/product"}],"about":[{"href":"https:\/\/paracherkaoui.ma\/index.php\/wp-json\/wp\/v2\/types\/product"}],"replies":[{"embeddable":true,"href":"https:\/\/paracherkaoui.ma\/index.php\/wp-json\/wp\/v2\/comments?post=38014"}],"version-history":[{"count":1,"href":"https:\/\/paracherkaoui.ma\/index.php\/wp-json\/wp\/v2\/product\/38014\/revisions"}],"predecessor-version":[{"id":38055,"href":"https:\/\/paracherkaoui.ma\/index.php\/wp-json\/wp\/v2\/product\/38014\/revisions\/38055"}],"wp:featuredmedia":[{"embeddable":true,"href":"https:\/\/paracherkaoui.ma\/index.php\/wp-json\/wp\/v2\/media\/38054"}],"wp:attachment":[{"href":"https:\/\/paracherkaoui.ma\/index.php\/wp-json\/wp\/v2\/media?parent=38014"}],"wp:term":[{"taxonomy":"product_brand","embeddable":true,"href":"https:\/\/paracherkaoui.ma\/index.php\/wp-json\/wp\/v2\/product_brand?post=38014"},{"taxonomy":"product_cat","embeddable":true,"href":"https:\/\/paracherkaoui.ma\/index.php\/wp-json\/wp\/v2\/product_cat?post=38014"},{"taxonomy":"product_tag","embeddable":true,"href":"https:\/\/paracherkaoui.ma\/index.php\/wp-json\/wp\/v2\/product_tag?post=38014"}],"curies":[{"name":"wp","href":"https:\/\/api.w.org\/{rel}","templated":true}]}}