{"id":38010,"date":"2025-12-12T18:59:21","date_gmt":"2025-12-12T17:59:21","guid":{"rendered":"https:\/\/test.ecbeaute.com\/?post_type=product&#038;p=38010"},"modified":"2025-12-12T18:59:24","modified_gmt":"2025-12-12T17:59:24","slug":"castalia-helioderm-fluide-spf-50-40-ml","status":"publish","type":"product","link":"https:\/\/paracherkaoui.ma\/index.php\/produit\/castalia-helioderm-fluide-spf-50-40-ml\/","title":{"rendered":"CASTALIA HELIODERM FLUIDE SPF 50+ 40 ML"},"content":{"rendered":"<p>Description:<br \/>\nCr\u00e8me solaire l\u00e9g\u00e8re pour le visage de tr\u00e8s haute protection. Enrichi en filtres photostables UVA\/UVB et Glucomannane (polysaccharide) qui prot\u00e8gent la peau des effets n\u00e9fastes des rayons UV. Contient aussi extrait de l\u2019algue rouge Porphyra Umbilicalis, qui permet \u00e0 la peau d\u2019\u00eatre prot\u00e9g\u00e9e contre le photovieillissement, et de la Vitamine E qui fournit une protection antioxydante. R\u00e9sistante \u00e0 l\u2019eau<br \/>\nConseils d&rsquo;utilisation:<br \/>\nAppliquer uniformem\u00e9nt 15-30 minutes avant l\u2019 exposition solaire. Renouvelez fr\u00e9quemment l\u2019application, surtout apr\u00e8s la baignade, apr\u00e8s s&rsquo;\u00eatre essuy\u00e9 ou apr\u00e8s une exposition prolong\u00e9e au soleil.<\/p>\n","protected":false},"excerpt":{"rendered":"<p>Description: Cr\u00e8me solaire l\u00e9g\u00e8re pour le visage de tr\u00e8s haute protection. Enrichi en filtres photostables UVA\/UVB et Glucomannane (polysaccharide) qui<\/p>\n","protected":false},"featured_media":38046,"comment_status":"open","ping_status":"closed","template":"","meta":[],"product_brand":[447],"product_cat":[666],"product_tag":[],"class_list":{"0":"post-38010","1":"product","2":"type-product","3":"status-publish","4":"has-post-thumbnail","6":"product_brand-castalia","7":"product_cat-cremes-solaires","9":"first","10":"instock","11":"sale","12":"shipping-taxable","13":"purchasable","14":"product-type-simple"},"yoast_head":"<!-- This site is optimized with the Yoast SEO plugin v26.6 - https:\/\/yoast.com\/wordpress\/plugins\/seo\/ -->\r\n<title>CASTALIA HELIODERM FLUIDE SPF 50+ 40 ML - Paracherkaoui.ma<\/title>\r\n<meta name=\"robots\" content=\"index, follow, max-snippet:-1, max-image-preview:large, max-video-preview:-1\" \/>\r\n<link rel=\"canonical\" href=\"https:\/\/paracherkaoui.ma\/index.php\/produit\/castalia-helioderm-fluide-spf-50-40-ml\/\" \/>\r\n<meta property=\"og:locale\" content=\"fr_FR\" \/>\r\n<meta property=\"og:type\" content=\"article\" \/>\r\n<meta property=\"og:title\" content=\"CASTALIA HELIODERM FLUIDE SPF 50+ 40 ML - Paracherkaoui.ma\" \/>\r\n<meta property=\"og:description\" content=\"Description: Cr\u00e8me solaire l\u00e9g\u00e8re pour le visage de tr\u00e8s haute protection. Enrichi en filtres photostables UVA\/UVB et Glucomannane (polysaccharide) qui\" \/>\r\n<meta property=\"og:url\" content=\"https:\/\/paracherkaoui.ma\/index.php\/produit\/castalia-helioderm-fluide-spf-50-40-ml\/\" \/>\r\n<meta property=\"og:site_name\" content=\"Paracherkaoui.ma\" \/>\r\n<meta property=\"article:modified_time\" content=\"2025-12-12T17:59:24+00:00\" \/>\r\n<meta property=\"og:image\" content=\"https:\/\/paracherkaoui.ma\/wp-content\/uploads\/2025\/12\/castalia-castalia-helioderm-fluide-spf-50-40-ml-cremes.jpg\" \/>\r\n\t<meta property=\"og:image:width\" content=\"700\" \/>\r\n\t<meta property=\"og:image:height\" content=\"700\" \/>\r\n\t<meta property=\"og:image:type\" content=\"image\/jpeg\" \/>\r\n<meta name=\"twitter:card\" content=\"summary_large_image\" \/>\r\n<meta name=\"twitter:label1\" content=\"Dur\u00e9e de lecture estim\u00e9e\" \/>\n\t<meta name=\"twitter:data1\" content=\"1 minute\" \/>\r\n<script type=\"application\/ld+json\" class=\"yoast-schema-graph\">{\"@context\":\"https:\/\/schema.org\",\"@graph\":[{\"@type\":\"WebPage\",\"@id\":\"https:\/\/paracherkaoui.ma\/index.php\/produit\/castalia-helioderm-fluide-spf-50-40-ml\/\",\"url\":\"https:\/\/paracherkaoui.ma\/index.php\/produit\/castalia-helioderm-fluide-spf-50-40-ml\/\",\"name\":\"CASTALIA HELIODERM FLUIDE SPF 50+ 40 ML - Paracherkaoui.ma\",\"isPartOf\":{\"@id\":\"https:\/\/paracherkaoui.ma\/#website\"},\"primaryImageOfPage\":{\"@id\":\"https:\/\/paracherkaoui.ma\/index.php\/produit\/castalia-helioderm-fluide-spf-50-40-ml\/#primaryimage\"},\"image\":{\"@id\":\"https:\/\/paracherkaoui.ma\/index.php\/produit\/castalia-helioderm-fluide-spf-50-40-ml\/#primaryimage\"},\"thumbnailUrl\":\"https:\/\/paracherkaoui.ma\/wp-content\/uploads\/2025\/12\/castalia-castalia-helioderm-fluide-spf-50-40-ml-cremes.jpg\",\"datePublished\":\"2025-12-12T17:59:21+00:00\",\"dateModified\":\"2025-12-12T17:59:24+00:00\",\"breadcrumb\":{\"@id\":\"https:\/\/paracherkaoui.ma\/index.php\/produit\/castalia-helioderm-fluide-spf-50-40-ml\/#breadcrumb\"},\"inLanguage\":\"fr-FR\",\"potentialAction\":[{\"@type\":\"ReadAction\",\"target\":[\"https:\/\/paracherkaoui.ma\/index.php\/produit\/castalia-helioderm-fluide-spf-50-40-ml\/\"]}]},{\"@type\":\"ImageObject\",\"inLanguage\":\"fr-FR\",\"@id\":\"https:\/\/paracherkaoui.ma\/index.php\/produit\/castalia-helioderm-fluide-spf-50-40-ml\/#primaryimage\",\"url\":\"https:\/\/paracherkaoui.ma\/wp-content\/uploads\/2025\/12\/castalia-castalia-helioderm-fluide-spf-50-40-ml-cremes.jpg\",\"contentUrl\":\"https:\/\/paracherkaoui.ma\/wp-content\/uploads\/2025\/12\/castalia-castalia-helioderm-fluide-spf-50-40-ml-cremes.jpg\",\"width\":700,\"height\":700},{\"@type\":\"BreadcrumbList\",\"@id\":\"https:\/\/paracherkaoui.ma\/index.php\/produit\/castalia-helioderm-fluide-spf-50-40-ml\/#breadcrumb\",\"itemListElement\":[{\"@type\":\"ListItem\",\"position\":1,\"name\":\"Accueil\",\"item\":\"https:\/\/paracherkaoui.ma\/\"},{\"@type\":\"ListItem\",\"position\":2,\"name\":\"Boutique\",\"item\":\"https:\/\/paracherkaoui.ma\/index.php\/boutique\/\"},{\"@type\":\"ListItem\",\"position\":3,\"name\":\"CASTALIA HELIODERM FLUIDE SPF 50+ 40 ML\"}]},{\"@type\":\"WebSite\",\"@id\":\"https:\/\/paracherkaoui.ma\/#website\",\"url\":\"https:\/\/paracherkaoui.ma\/\",\"name\":\"Paracherkaoui.ma\",\"description\":\"Achetez en ligne sur Paracherkaoui.ma\",\"potentialAction\":[{\"@type\":\"SearchAction\",\"target\":{\"@type\":\"EntryPoint\",\"urlTemplate\":\"https:\/\/paracherkaoui.ma\/?s={search_term_string}\"},\"query-input\":{\"@type\":\"PropertyValueSpecification\",\"valueRequired\":true,\"valueName\":\"search_term_string\"}}],\"inLanguage\":\"fr-FR\"}]}<\/script>\r\n<!-- \/ Yoast SEO plugin. -->","yoast_head_json":{"title":"CASTALIA HELIODERM FLUIDE SPF 50+ 40 ML - Paracherkaoui.ma","robots":{"index":"index","follow":"follow","max-snippet":"max-snippet:-1","max-image-preview":"max-image-preview:large","max-video-preview":"max-video-preview:-1"},"canonical":"https:\/\/paracherkaoui.ma\/index.php\/produit\/castalia-helioderm-fluide-spf-50-40-ml\/","og_locale":"fr_FR","og_type":"article","og_title":"CASTALIA HELIODERM FLUIDE SPF 50+ 40 ML - Paracherkaoui.ma","og_description":"Description: Cr\u00e8me solaire l\u00e9g\u00e8re pour le visage de tr\u00e8s haute protection. Enrichi en filtres photostables UVA\/UVB et Glucomannane (polysaccharide) qui","og_url":"https:\/\/paracherkaoui.ma\/index.php\/produit\/castalia-helioderm-fluide-spf-50-40-ml\/","og_site_name":"Paracherkaoui.ma","article_modified_time":"2025-12-12T17:59:24+00:00","og_image":[{"width":700,"height":700,"url":"https:\/\/paracherkaoui.ma\/wp-content\/uploads\/2025\/12\/castalia-castalia-helioderm-fluide-spf-50-40-ml-cremes.jpg","type":"image\/jpeg"}],"twitter_card":"summary_large_image","twitter_misc":{"Dur\u00e9e de lecture estim\u00e9e":"1 minute"},"schema":{"@context":"https:\/\/schema.org","@graph":[{"@type":"WebPage","@id":"https:\/\/paracherkaoui.ma\/index.php\/produit\/castalia-helioderm-fluide-spf-50-40-ml\/","url":"https:\/\/paracherkaoui.ma\/index.php\/produit\/castalia-helioderm-fluide-spf-50-40-ml\/","name":"CASTALIA HELIODERM FLUIDE SPF 50+ 40 ML - Paracherkaoui.ma","isPartOf":{"@id":"https:\/\/paracherkaoui.ma\/#website"},"primaryImageOfPage":{"@id":"https:\/\/paracherkaoui.ma\/index.php\/produit\/castalia-helioderm-fluide-spf-50-40-ml\/#primaryimage"},"image":{"@id":"https:\/\/paracherkaoui.ma\/index.php\/produit\/castalia-helioderm-fluide-spf-50-40-ml\/#primaryimage"},"thumbnailUrl":"https:\/\/paracherkaoui.ma\/wp-content\/uploads\/2025\/12\/castalia-castalia-helioderm-fluide-spf-50-40-ml-cremes.jpg","datePublished":"2025-12-12T17:59:21+00:00","dateModified":"2025-12-12T17:59:24+00:00","breadcrumb":{"@id":"https:\/\/paracherkaoui.ma\/index.php\/produit\/castalia-helioderm-fluide-spf-50-40-ml\/#breadcrumb"},"inLanguage":"fr-FR","potentialAction":[{"@type":"ReadAction","target":["https:\/\/paracherkaoui.ma\/index.php\/produit\/castalia-helioderm-fluide-spf-50-40-ml\/"]}]},{"@type":"ImageObject","inLanguage":"fr-FR","@id":"https:\/\/paracherkaoui.ma\/index.php\/produit\/castalia-helioderm-fluide-spf-50-40-ml\/#primaryimage","url":"https:\/\/paracherkaoui.ma\/wp-content\/uploads\/2025\/12\/castalia-castalia-helioderm-fluide-spf-50-40-ml-cremes.jpg","contentUrl":"https:\/\/paracherkaoui.ma\/wp-content\/uploads\/2025\/12\/castalia-castalia-helioderm-fluide-spf-50-40-ml-cremes.jpg","width":700,"height":700},{"@type":"BreadcrumbList","@id":"https:\/\/paracherkaoui.ma\/index.php\/produit\/castalia-helioderm-fluide-spf-50-40-ml\/#breadcrumb","itemListElement":[{"@type":"ListItem","position":1,"name":"Accueil","item":"https:\/\/paracherkaoui.ma\/"},{"@type":"ListItem","position":2,"name":"Boutique","item":"https:\/\/paracherkaoui.ma\/index.php\/boutique\/"},{"@type":"ListItem","position":3,"name":"CASTALIA HELIODERM FLUIDE SPF 50+ 40 ML"}]},{"@type":"WebSite","@id":"https:\/\/paracherkaoui.ma\/#website","url":"https:\/\/paracherkaoui.ma\/","name":"Paracherkaoui.ma","description":"Achetez en ligne sur Paracherkaoui.ma","potentialAction":[{"@type":"SearchAction","target":{"@type":"EntryPoint","urlTemplate":"https:\/\/paracherkaoui.ma\/?s={search_term_string}"},"query-input":{"@type":"PropertyValueSpecification","valueRequired":true,"valueName":"search_term_string"}}],"inLanguage":"fr-FR"}]}},"_links":{"self":[{"href":"https:\/\/paracherkaoui.ma\/index.php\/wp-json\/wp\/v2\/product\/38010","targetHints":{"allow":["GET"]}}],"collection":[{"href":"https:\/\/paracherkaoui.ma\/index.php\/wp-json\/wp\/v2\/product"}],"about":[{"href":"https:\/\/paracherkaoui.ma\/index.php\/wp-json\/wp\/v2\/types\/product"}],"replies":[{"embeddable":true,"href":"https:\/\/paracherkaoui.ma\/index.php\/wp-json\/wp\/v2\/comments?post=38010"}],"version-history":[{"count":1,"href":"https:\/\/paracherkaoui.ma\/index.php\/wp-json\/wp\/v2\/product\/38010\/revisions"}],"predecessor-version":[{"id":38047,"href":"https:\/\/paracherkaoui.ma\/index.php\/wp-json\/wp\/v2\/product\/38010\/revisions\/38047"}],"wp:featuredmedia":[{"embeddable":true,"href":"https:\/\/paracherkaoui.ma\/index.php\/wp-json\/wp\/v2\/media\/38046"}],"wp:attachment":[{"href":"https:\/\/paracherkaoui.ma\/index.php\/wp-json\/wp\/v2\/media?parent=38010"}],"wp:term":[{"taxonomy":"product_brand","embeddable":true,"href":"https:\/\/paracherkaoui.ma\/index.php\/wp-json\/wp\/v2\/product_brand?post=38010"},{"taxonomy":"product_cat","embeddable":true,"href":"https:\/\/paracherkaoui.ma\/index.php\/wp-json\/wp\/v2\/product_cat?post=38010"},{"taxonomy":"product_tag","embeddable":true,"href":"https:\/\/paracherkaoui.ma\/index.php\/wp-json\/wp\/v2\/product_tag?post=38010"}],"curies":[{"name":"wp","href":"https:\/\/api.w.org\/{rel}","templated":true}]}}