{"id":38006,"date":"2025-12-12T18:59:21","date_gmt":"2025-12-12T17:59:21","guid":{"rendered":"https:\/\/test.ecbeaute.com\/?post_type=product&#038;p=38006"},"modified":"2025-12-12T18:59:23","modified_gmt":"2025-12-12T17:59:23","slug":"lca-pharma-ecran-solaire-teinte-50","status":"publish","type":"product","link":"https:\/\/paracherkaoui.ma\/index.php\/produit\/lca-pharma-ecran-solaire-teinte-50\/","title":{"rendered":"LCA PHARMA ECRAN SOLAIRE TEINT\u00c9 50+"},"content":{"rendered":"<p>INDICATIONS :<br \/>\nL&rsquo;\u00e9cran solaire teint\u00e9 LCA Pharma offre une protection solaire particuli\u00e8rement adapt\u00e9e aux peaux fragiles et sensibles au soleil.<br \/>\nCONSEILS D&rsquo;UTILISATION :<br \/>\nAvant de s&rsquo;exposer au soleil, appliquer g\u00e9n\u00e9reusement et de mani\u00e8re homog\u00e8ne l&rsquo;\u00e9cran solaire pour bien couvrir la surface expos\u00e9e.<br \/>\nRenouveler r\u00e9guli\u00e8rement l&rsquo;application apr\u00e8s chaque bain, frottement ou active sportive. Ne pas exposer les b\u00e9b\u00e9s et les jeunes enfants au soleil. La surexposition au soleil est dangereuse pour la sant\u00e9.<\/p>\n","protected":false},"excerpt":{"rendered":"<p>INDICATIONS : L&rsquo;\u00e9cran solaire teint\u00e9 LCA Pharma offre une protection solaire particuli\u00e8rement adapt\u00e9e aux peaux fragiles et sensibles au soleil.<\/p>\n","protected":false},"featured_media":38038,"comment_status":"open","ping_status":"closed","template":"","meta":[],"product_brand":[397],"product_cat":[666],"product_tag":[],"class_list":{"0":"post-38006","1":"product","2":"type-product","3":"status-publish","4":"has-post-thumbnail","6":"product_brand-lca-pharma","7":"product_cat-cremes-solaires","9":"first","10":"instock","11":"sale","12":"shipping-taxable","13":"purchasable","14":"product-type-simple"},"yoast_head":"<!-- This site is optimized with the Yoast SEO plugin v26.6 - https:\/\/yoast.com\/wordpress\/plugins\/seo\/ -->\r\n<title>LCA PHARMA ECRAN SOLAIRE TEINT\u00c9 50+ - Paracherkaoui.ma<\/title>\r\n<meta name=\"robots\" content=\"index, follow, max-snippet:-1, max-image-preview:large, max-video-preview:-1\" \/>\r\n<link rel=\"canonical\" href=\"https:\/\/paracherkaoui.ma\/index.php\/produit\/lca-pharma-ecran-solaire-teinte-50\/\" \/>\r\n<meta property=\"og:locale\" content=\"fr_FR\" \/>\r\n<meta property=\"og:type\" content=\"article\" \/>\r\n<meta property=\"og:title\" content=\"LCA PHARMA ECRAN SOLAIRE TEINT\u00c9 50+ - Paracherkaoui.ma\" \/>\r\n<meta property=\"og:description\" content=\"INDICATIONS : L&rsquo;\u00e9cran solaire teint\u00e9 LCA Pharma offre une protection solaire particuli\u00e8rement adapt\u00e9e aux peaux fragiles et sensibles au soleil.\" \/>\r\n<meta property=\"og:url\" content=\"https:\/\/paracherkaoui.ma\/index.php\/produit\/lca-pharma-ecran-solaire-teinte-50\/\" \/>\r\n<meta property=\"og:site_name\" content=\"Paracherkaoui.ma\" \/>\r\n<meta property=\"article:modified_time\" content=\"2025-12-12T17:59:23+00:00\" \/>\r\n<meta property=\"og:image\" content=\"https:\/\/paracherkaoui.ma\/wp-content\/uploads\/2025\/12\/lca-pharma-lca-pharma-ecran-solaire-teinte-50-cremes.jpg\" \/>\r\n\t<meta property=\"og:image:width\" content=\"700\" \/>\r\n\t<meta property=\"og:image:height\" content=\"700\" \/>\r\n\t<meta property=\"og:image:type\" content=\"image\/jpeg\" \/>\r\n<meta name=\"twitter:card\" content=\"summary_large_image\" \/>\r\n<script type=\"application\/ld+json\" class=\"yoast-schema-graph\">{\"@context\":\"https:\/\/schema.org\",\"@graph\":[{\"@type\":\"WebPage\",\"@id\":\"https:\/\/paracherkaoui.ma\/index.php\/produit\/lca-pharma-ecran-solaire-teinte-50\/\",\"url\":\"https:\/\/paracherkaoui.ma\/index.php\/produit\/lca-pharma-ecran-solaire-teinte-50\/\",\"name\":\"LCA PHARMA ECRAN SOLAIRE TEINT\u00c9 50+ - Paracherkaoui.ma\",\"isPartOf\":{\"@id\":\"https:\/\/paracherkaoui.ma\/#website\"},\"primaryImageOfPage\":{\"@id\":\"https:\/\/paracherkaoui.ma\/index.php\/produit\/lca-pharma-ecran-solaire-teinte-50\/#primaryimage\"},\"image\":{\"@id\":\"https:\/\/paracherkaoui.ma\/index.php\/produit\/lca-pharma-ecran-solaire-teinte-50\/#primaryimage\"},\"thumbnailUrl\":\"https:\/\/paracherkaoui.ma\/wp-content\/uploads\/2025\/12\/lca-pharma-lca-pharma-ecran-solaire-teinte-50-cremes.jpg\",\"datePublished\":\"2025-12-12T17:59:21+00:00\",\"dateModified\":\"2025-12-12T17:59:23+00:00\",\"breadcrumb\":{\"@id\":\"https:\/\/paracherkaoui.ma\/index.php\/produit\/lca-pharma-ecran-solaire-teinte-50\/#breadcrumb\"},\"inLanguage\":\"fr-FR\",\"potentialAction\":[{\"@type\":\"ReadAction\",\"target\":[\"https:\/\/paracherkaoui.ma\/index.php\/produit\/lca-pharma-ecran-solaire-teinte-50\/\"]}]},{\"@type\":\"ImageObject\",\"inLanguage\":\"fr-FR\",\"@id\":\"https:\/\/paracherkaoui.ma\/index.php\/produit\/lca-pharma-ecran-solaire-teinte-50\/#primaryimage\",\"url\":\"https:\/\/paracherkaoui.ma\/wp-content\/uploads\/2025\/12\/lca-pharma-lca-pharma-ecran-solaire-teinte-50-cremes.jpg\",\"contentUrl\":\"https:\/\/paracherkaoui.ma\/wp-content\/uploads\/2025\/12\/lca-pharma-lca-pharma-ecran-solaire-teinte-50-cremes.jpg\",\"width\":700,\"height\":700},{\"@type\":\"BreadcrumbList\",\"@id\":\"https:\/\/paracherkaoui.ma\/index.php\/produit\/lca-pharma-ecran-solaire-teinte-50\/#breadcrumb\",\"itemListElement\":[{\"@type\":\"ListItem\",\"position\":1,\"name\":\"Accueil\",\"item\":\"https:\/\/paracherkaoui.ma\/\"},{\"@type\":\"ListItem\",\"position\":2,\"name\":\"Boutique\",\"item\":\"https:\/\/paracherkaoui.ma\/index.php\/boutique\/\"},{\"@type\":\"ListItem\",\"position\":3,\"name\":\"LCA PHARMA ECRAN SOLAIRE TEINT\u00c9 50+\"}]},{\"@type\":\"WebSite\",\"@id\":\"https:\/\/paracherkaoui.ma\/#website\",\"url\":\"https:\/\/paracherkaoui.ma\/\",\"name\":\"Paracherkaoui.ma\",\"description\":\"Achetez en ligne sur Paracherkaoui.ma\",\"potentialAction\":[{\"@type\":\"SearchAction\",\"target\":{\"@type\":\"EntryPoint\",\"urlTemplate\":\"https:\/\/paracherkaoui.ma\/?s={search_term_string}\"},\"query-input\":{\"@type\":\"PropertyValueSpecification\",\"valueRequired\":true,\"valueName\":\"search_term_string\"}}],\"inLanguage\":\"fr-FR\"}]}<\/script>\r\n<!-- \/ Yoast SEO plugin. -->","yoast_head_json":{"title":"LCA PHARMA ECRAN SOLAIRE TEINT\u00c9 50+ - Paracherkaoui.ma","robots":{"index":"index","follow":"follow","max-snippet":"max-snippet:-1","max-image-preview":"max-image-preview:large","max-video-preview":"max-video-preview:-1"},"canonical":"https:\/\/paracherkaoui.ma\/index.php\/produit\/lca-pharma-ecran-solaire-teinte-50\/","og_locale":"fr_FR","og_type":"article","og_title":"LCA PHARMA ECRAN SOLAIRE TEINT\u00c9 50+ - Paracherkaoui.ma","og_description":"INDICATIONS : L&rsquo;\u00e9cran solaire teint\u00e9 LCA Pharma offre une protection solaire particuli\u00e8rement adapt\u00e9e aux peaux fragiles et sensibles au soleil.","og_url":"https:\/\/paracherkaoui.ma\/index.php\/produit\/lca-pharma-ecran-solaire-teinte-50\/","og_site_name":"Paracherkaoui.ma","article_modified_time":"2025-12-12T17:59:23+00:00","og_image":[{"width":700,"height":700,"url":"https:\/\/paracherkaoui.ma\/wp-content\/uploads\/2025\/12\/lca-pharma-lca-pharma-ecran-solaire-teinte-50-cremes.jpg","type":"image\/jpeg"}],"twitter_card":"summary_large_image","schema":{"@context":"https:\/\/schema.org","@graph":[{"@type":"WebPage","@id":"https:\/\/paracherkaoui.ma\/index.php\/produit\/lca-pharma-ecran-solaire-teinte-50\/","url":"https:\/\/paracherkaoui.ma\/index.php\/produit\/lca-pharma-ecran-solaire-teinte-50\/","name":"LCA PHARMA ECRAN SOLAIRE TEINT\u00c9 50+ - Paracherkaoui.ma","isPartOf":{"@id":"https:\/\/paracherkaoui.ma\/#website"},"primaryImageOfPage":{"@id":"https:\/\/paracherkaoui.ma\/index.php\/produit\/lca-pharma-ecran-solaire-teinte-50\/#primaryimage"},"image":{"@id":"https:\/\/paracherkaoui.ma\/index.php\/produit\/lca-pharma-ecran-solaire-teinte-50\/#primaryimage"},"thumbnailUrl":"https:\/\/paracherkaoui.ma\/wp-content\/uploads\/2025\/12\/lca-pharma-lca-pharma-ecran-solaire-teinte-50-cremes.jpg","datePublished":"2025-12-12T17:59:21+00:00","dateModified":"2025-12-12T17:59:23+00:00","breadcrumb":{"@id":"https:\/\/paracherkaoui.ma\/index.php\/produit\/lca-pharma-ecran-solaire-teinte-50\/#breadcrumb"},"inLanguage":"fr-FR","potentialAction":[{"@type":"ReadAction","target":["https:\/\/paracherkaoui.ma\/index.php\/produit\/lca-pharma-ecran-solaire-teinte-50\/"]}]},{"@type":"ImageObject","inLanguage":"fr-FR","@id":"https:\/\/paracherkaoui.ma\/index.php\/produit\/lca-pharma-ecran-solaire-teinte-50\/#primaryimage","url":"https:\/\/paracherkaoui.ma\/wp-content\/uploads\/2025\/12\/lca-pharma-lca-pharma-ecran-solaire-teinte-50-cremes.jpg","contentUrl":"https:\/\/paracherkaoui.ma\/wp-content\/uploads\/2025\/12\/lca-pharma-lca-pharma-ecran-solaire-teinte-50-cremes.jpg","width":700,"height":700},{"@type":"BreadcrumbList","@id":"https:\/\/paracherkaoui.ma\/index.php\/produit\/lca-pharma-ecran-solaire-teinte-50\/#breadcrumb","itemListElement":[{"@type":"ListItem","position":1,"name":"Accueil","item":"https:\/\/paracherkaoui.ma\/"},{"@type":"ListItem","position":2,"name":"Boutique","item":"https:\/\/paracherkaoui.ma\/index.php\/boutique\/"},{"@type":"ListItem","position":3,"name":"LCA PHARMA ECRAN SOLAIRE TEINT\u00c9 50+"}]},{"@type":"WebSite","@id":"https:\/\/paracherkaoui.ma\/#website","url":"https:\/\/paracherkaoui.ma\/","name":"Paracherkaoui.ma","description":"Achetez en ligne sur Paracherkaoui.ma","potentialAction":[{"@type":"SearchAction","target":{"@type":"EntryPoint","urlTemplate":"https:\/\/paracherkaoui.ma\/?s={search_term_string}"},"query-input":{"@type":"PropertyValueSpecification","valueRequired":true,"valueName":"search_term_string"}}],"inLanguage":"fr-FR"}]}},"_links":{"self":[{"href":"https:\/\/paracherkaoui.ma\/index.php\/wp-json\/wp\/v2\/product\/38006","targetHints":{"allow":["GET"]}}],"collection":[{"href":"https:\/\/paracherkaoui.ma\/index.php\/wp-json\/wp\/v2\/product"}],"about":[{"href":"https:\/\/paracherkaoui.ma\/index.php\/wp-json\/wp\/v2\/types\/product"}],"replies":[{"embeddable":true,"href":"https:\/\/paracherkaoui.ma\/index.php\/wp-json\/wp\/v2\/comments?post=38006"}],"version-history":[{"count":1,"href":"https:\/\/paracherkaoui.ma\/index.php\/wp-json\/wp\/v2\/product\/38006\/revisions"}],"predecessor-version":[{"id":38039,"href":"https:\/\/paracherkaoui.ma\/index.php\/wp-json\/wp\/v2\/product\/38006\/revisions\/38039"}],"wp:featuredmedia":[{"embeddable":true,"href":"https:\/\/paracherkaoui.ma\/index.php\/wp-json\/wp\/v2\/media\/38038"}],"wp:attachment":[{"href":"https:\/\/paracherkaoui.ma\/index.php\/wp-json\/wp\/v2\/media?parent=38006"}],"wp:term":[{"taxonomy":"product_brand","embeddable":true,"href":"https:\/\/paracherkaoui.ma\/index.php\/wp-json\/wp\/v2\/product_brand?post=38006"},{"taxonomy":"product_cat","embeddable":true,"href":"https:\/\/paracherkaoui.ma\/index.php\/wp-json\/wp\/v2\/product_cat?post=38006"},{"taxonomy":"product_tag","embeddable":true,"href":"https:\/\/paracherkaoui.ma\/index.php\/wp-json\/wp\/v2\/product_tag?post=38006"}],"curies":[{"name":"wp","href":"https:\/\/api.w.org\/{rel}","templated":true}]}}