{"id":38005,"date":"2025-12-12T18:59:21","date_gmt":"2025-12-12T17:59:21","guid":{"rendered":"https:\/\/test.ecbeaute.com\/?post_type=product&#038;p=38005"},"modified":"2025-12-12T18:59:23","modified_gmt":"2025-12-12T17:59:23","slug":"esthederm-no-sun-50-ml","status":"publish","type":"product","link":"https:\/\/paracherkaoui.ma\/index.php\/produit\/esthederm-no-sun-50-ml\/","title":{"rendered":"ESTHEDERM NO SUN 50 ML"},"content":{"rendered":"<p>Tr\u00e8s haute protection solaire, longue dur\u00e9e.<br \/>\nRecommand\u00e9 en cas d\u2019exposition prolong\u00e9e dans des conditions d&rsquo;ensoleillement extr\u00eames, ou pour les peaux interdites de soleil : cicatrices, m\u00e9dication photosensibilisante (pilule, antibiotiques), post-traitements de m\u00e9decine esth\u00e9tique.<br \/>\n100% filtres min\u00e9raux, haute tol\u00e9rance, r\u00e9siste \u00e0 l\u2019eau et \u00e0 la transpiration.<br \/>\nTr\u00e8s haute protection solaire 100% min\u00e9rale, haute tol\u00e9rance, NO SUN pr\u00e9vient le photovieillissement, les dommages cellulaires et les risques de rougeur et d&rsquo;inflammation.<br \/>\nPr\u00e9vient le photo-vieillissement et les taches brunes : prot\u00e8ge l&rsquo;ADN, pr\u00e9vient les dommages cellulaires gr\u00e2ce \u00e0 la technologie brevet\u00e9e Global Cellular Protection.<br \/>\nINDICATIONS :<br \/>\nPeaux interdites de soleil.<br \/>\nPost-acte dermatologique ou esth\u00e9tique.<br \/>\nCicatrices ou ant\u00e9c\u00e9dents dermatologiques.<br \/>\nTraitement m\u00e9dicamenteux (pilule, antibiotiques).<br \/>\nUTILISATION:<br \/>\nAppliquer sur le visage et le d\u00e9collet\u00e9 20 minutes avant l\u2019exposition. Renouveler l\u2019application toutes les 2 heures.<\/p>\n","protected":false},"excerpt":{"rendered":"<p>Tr\u00e8s haute protection solaire, longue dur\u00e9e. Recommand\u00e9 en cas d\u2019exposition prolong\u00e9e dans des conditions d&rsquo;ensoleillement extr\u00eames, ou pour les peaux<\/p>\n","protected":false},"featured_media":38036,"comment_status":"open","ping_status":"closed","template":"","meta":[],"product_brand":[416],"product_cat":[666],"product_tag":[],"class_list":{"0":"post-38005","1":"product","2":"type-product","3":"status-publish","4":"has-post-thumbnail","6":"product_brand-esthederm","7":"product_cat-cremes-solaires","9":"first","10":"instock","11":"sale","12":"shipping-taxable","13":"purchasable","14":"product-type-simple"},"yoast_head":"<!-- This site is optimized with the Yoast SEO plugin v26.6 - https:\/\/yoast.com\/wordpress\/plugins\/seo\/ -->\r\n<title>ESTHEDERM NO SUN 50 ML - Paracherkaoui.ma<\/title>\r\n<meta name=\"robots\" content=\"index, follow, max-snippet:-1, max-image-preview:large, max-video-preview:-1\" \/>\r\n<link rel=\"canonical\" href=\"https:\/\/paracherkaoui.ma\/index.php\/produit\/esthederm-no-sun-50-ml\/\" \/>\r\n<meta property=\"og:locale\" content=\"fr_FR\" \/>\r\n<meta property=\"og:type\" content=\"article\" \/>\r\n<meta property=\"og:title\" content=\"ESTHEDERM NO SUN 50 ML - Paracherkaoui.ma\" \/>\r\n<meta property=\"og:description\" content=\"Tr\u00e8s haute protection solaire, longue dur\u00e9e. Recommand\u00e9 en cas d\u2019exposition prolong\u00e9e dans des conditions d&rsquo;ensoleillement extr\u00eames, ou pour les peaux\" \/>\r\n<meta property=\"og:url\" content=\"https:\/\/paracherkaoui.ma\/index.php\/produit\/esthederm-no-sun-50-ml\/\" \/>\r\n<meta property=\"og:site_name\" content=\"Paracherkaoui.ma\" \/>\r\n<meta property=\"article:modified_time\" content=\"2025-12-12T17:59:23+00:00\" \/>\r\n<meta property=\"og:image\" content=\"https:\/\/paracherkaoui.ma\/wp-content\/uploads\/2025\/12\/esthederm-no-sun-50-ml.jpg\" \/>\r\n\t<meta property=\"og:image:width\" content=\"700\" \/>\r\n\t<meta property=\"og:image:height\" content=\"700\" \/>\r\n\t<meta property=\"og:image:type\" content=\"image\/jpeg\" \/>\r\n<meta name=\"twitter:card\" content=\"summary_large_image\" \/>\r\n<meta name=\"twitter:label1\" content=\"Dur\u00e9e de lecture estim\u00e9e\" \/>\n\t<meta name=\"twitter:data1\" content=\"1 minute\" \/>\r\n<script type=\"application\/ld+json\" class=\"yoast-schema-graph\">{\"@context\":\"https:\/\/schema.org\",\"@graph\":[{\"@type\":\"WebPage\",\"@id\":\"https:\/\/paracherkaoui.ma\/index.php\/produit\/esthederm-no-sun-50-ml\/\",\"url\":\"https:\/\/paracherkaoui.ma\/index.php\/produit\/esthederm-no-sun-50-ml\/\",\"name\":\"ESTHEDERM NO SUN 50 ML - Paracherkaoui.ma\",\"isPartOf\":{\"@id\":\"https:\/\/paracherkaoui.ma\/#website\"},\"primaryImageOfPage\":{\"@id\":\"https:\/\/paracherkaoui.ma\/index.php\/produit\/esthederm-no-sun-50-ml\/#primaryimage\"},\"image\":{\"@id\":\"https:\/\/paracherkaoui.ma\/index.php\/produit\/esthederm-no-sun-50-ml\/#primaryimage\"},\"thumbnailUrl\":\"https:\/\/paracherkaoui.ma\/wp-content\/uploads\/2025\/12\/esthederm-no-sun-50-ml.jpg\",\"datePublished\":\"2025-12-12T17:59:21+00:00\",\"dateModified\":\"2025-12-12T17:59:23+00:00\",\"breadcrumb\":{\"@id\":\"https:\/\/paracherkaoui.ma\/index.php\/produit\/esthederm-no-sun-50-ml\/#breadcrumb\"},\"inLanguage\":\"fr-FR\",\"potentialAction\":[{\"@type\":\"ReadAction\",\"target\":[\"https:\/\/paracherkaoui.ma\/index.php\/produit\/esthederm-no-sun-50-ml\/\"]}]},{\"@type\":\"ImageObject\",\"inLanguage\":\"fr-FR\",\"@id\":\"https:\/\/paracherkaoui.ma\/index.php\/produit\/esthederm-no-sun-50-ml\/#primaryimage\",\"url\":\"https:\/\/paracherkaoui.ma\/wp-content\/uploads\/2025\/12\/esthederm-no-sun-50-ml.jpg\",\"contentUrl\":\"https:\/\/paracherkaoui.ma\/wp-content\/uploads\/2025\/12\/esthederm-no-sun-50-ml.jpg\",\"width\":700,\"height\":700},{\"@type\":\"BreadcrumbList\",\"@id\":\"https:\/\/paracherkaoui.ma\/index.php\/produit\/esthederm-no-sun-50-ml\/#breadcrumb\",\"itemListElement\":[{\"@type\":\"ListItem\",\"position\":1,\"name\":\"Accueil\",\"item\":\"https:\/\/paracherkaoui.ma\/\"},{\"@type\":\"ListItem\",\"position\":2,\"name\":\"Boutique\",\"item\":\"https:\/\/paracherkaoui.ma\/index.php\/boutique\/\"},{\"@type\":\"ListItem\",\"position\":3,\"name\":\"ESTHEDERM NO SUN 50 ML\"}]},{\"@type\":\"WebSite\",\"@id\":\"https:\/\/paracherkaoui.ma\/#website\",\"url\":\"https:\/\/paracherkaoui.ma\/\",\"name\":\"Paracherkaoui.ma\",\"description\":\"Achetez en ligne sur Paracherkaoui.ma\",\"potentialAction\":[{\"@type\":\"SearchAction\",\"target\":{\"@type\":\"EntryPoint\",\"urlTemplate\":\"https:\/\/paracherkaoui.ma\/?s={search_term_string}\"},\"query-input\":{\"@type\":\"PropertyValueSpecification\",\"valueRequired\":true,\"valueName\":\"search_term_string\"}}],\"inLanguage\":\"fr-FR\"}]}<\/script>\r\n<!-- \/ Yoast SEO plugin. -->","yoast_head_json":{"title":"ESTHEDERM NO SUN 50 ML - Paracherkaoui.ma","robots":{"index":"index","follow":"follow","max-snippet":"max-snippet:-1","max-image-preview":"max-image-preview:large","max-video-preview":"max-video-preview:-1"},"canonical":"https:\/\/paracherkaoui.ma\/index.php\/produit\/esthederm-no-sun-50-ml\/","og_locale":"fr_FR","og_type":"article","og_title":"ESTHEDERM NO SUN 50 ML - Paracherkaoui.ma","og_description":"Tr\u00e8s haute protection solaire, longue dur\u00e9e. Recommand\u00e9 en cas d\u2019exposition prolong\u00e9e dans des conditions d&rsquo;ensoleillement extr\u00eames, ou pour les peaux","og_url":"https:\/\/paracherkaoui.ma\/index.php\/produit\/esthederm-no-sun-50-ml\/","og_site_name":"Paracherkaoui.ma","article_modified_time":"2025-12-12T17:59:23+00:00","og_image":[{"width":700,"height":700,"url":"https:\/\/paracherkaoui.ma\/wp-content\/uploads\/2025\/12\/esthederm-no-sun-50-ml.jpg","type":"image\/jpeg"}],"twitter_card":"summary_large_image","twitter_misc":{"Dur\u00e9e de lecture estim\u00e9e":"1 minute"},"schema":{"@context":"https:\/\/schema.org","@graph":[{"@type":"WebPage","@id":"https:\/\/paracherkaoui.ma\/index.php\/produit\/esthederm-no-sun-50-ml\/","url":"https:\/\/paracherkaoui.ma\/index.php\/produit\/esthederm-no-sun-50-ml\/","name":"ESTHEDERM NO SUN 50 ML - Paracherkaoui.ma","isPartOf":{"@id":"https:\/\/paracherkaoui.ma\/#website"},"primaryImageOfPage":{"@id":"https:\/\/paracherkaoui.ma\/index.php\/produit\/esthederm-no-sun-50-ml\/#primaryimage"},"image":{"@id":"https:\/\/paracherkaoui.ma\/index.php\/produit\/esthederm-no-sun-50-ml\/#primaryimage"},"thumbnailUrl":"https:\/\/paracherkaoui.ma\/wp-content\/uploads\/2025\/12\/esthederm-no-sun-50-ml.jpg","datePublished":"2025-12-12T17:59:21+00:00","dateModified":"2025-12-12T17:59:23+00:00","breadcrumb":{"@id":"https:\/\/paracherkaoui.ma\/index.php\/produit\/esthederm-no-sun-50-ml\/#breadcrumb"},"inLanguage":"fr-FR","potentialAction":[{"@type":"ReadAction","target":["https:\/\/paracherkaoui.ma\/index.php\/produit\/esthederm-no-sun-50-ml\/"]}]},{"@type":"ImageObject","inLanguage":"fr-FR","@id":"https:\/\/paracherkaoui.ma\/index.php\/produit\/esthederm-no-sun-50-ml\/#primaryimage","url":"https:\/\/paracherkaoui.ma\/wp-content\/uploads\/2025\/12\/esthederm-no-sun-50-ml.jpg","contentUrl":"https:\/\/paracherkaoui.ma\/wp-content\/uploads\/2025\/12\/esthederm-no-sun-50-ml.jpg","width":700,"height":700},{"@type":"BreadcrumbList","@id":"https:\/\/paracherkaoui.ma\/index.php\/produit\/esthederm-no-sun-50-ml\/#breadcrumb","itemListElement":[{"@type":"ListItem","position":1,"name":"Accueil","item":"https:\/\/paracherkaoui.ma\/"},{"@type":"ListItem","position":2,"name":"Boutique","item":"https:\/\/paracherkaoui.ma\/index.php\/boutique\/"},{"@type":"ListItem","position":3,"name":"ESTHEDERM NO SUN 50 ML"}]},{"@type":"WebSite","@id":"https:\/\/paracherkaoui.ma\/#website","url":"https:\/\/paracherkaoui.ma\/","name":"Paracherkaoui.ma","description":"Achetez en ligne sur Paracherkaoui.ma","potentialAction":[{"@type":"SearchAction","target":{"@type":"EntryPoint","urlTemplate":"https:\/\/paracherkaoui.ma\/?s={search_term_string}"},"query-input":{"@type":"PropertyValueSpecification","valueRequired":true,"valueName":"search_term_string"}}],"inLanguage":"fr-FR"}]}},"_links":{"self":[{"href":"https:\/\/paracherkaoui.ma\/index.php\/wp-json\/wp\/v2\/product\/38005","targetHints":{"allow":["GET"]}}],"collection":[{"href":"https:\/\/paracherkaoui.ma\/index.php\/wp-json\/wp\/v2\/product"}],"about":[{"href":"https:\/\/paracherkaoui.ma\/index.php\/wp-json\/wp\/v2\/types\/product"}],"replies":[{"embeddable":true,"href":"https:\/\/paracherkaoui.ma\/index.php\/wp-json\/wp\/v2\/comments?post=38005"}],"version-history":[{"count":1,"href":"https:\/\/paracherkaoui.ma\/index.php\/wp-json\/wp\/v2\/product\/38005\/revisions"}],"predecessor-version":[{"id":38037,"href":"https:\/\/paracherkaoui.ma\/index.php\/wp-json\/wp\/v2\/product\/38005\/revisions\/38037"}],"wp:featuredmedia":[{"embeddable":true,"href":"https:\/\/paracherkaoui.ma\/index.php\/wp-json\/wp\/v2\/media\/38036"}],"wp:attachment":[{"href":"https:\/\/paracherkaoui.ma\/index.php\/wp-json\/wp\/v2\/media?parent=38005"}],"wp:term":[{"taxonomy":"product_brand","embeddable":true,"href":"https:\/\/paracherkaoui.ma\/index.php\/wp-json\/wp\/v2\/product_brand?post=38005"},{"taxonomy":"product_cat","embeddable":true,"href":"https:\/\/paracherkaoui.ma\/index.php\/wp-json\/wp\/v2\/product_cat?post=38005"},{"taxonomy":"product_tag","embeddable":true,"href":"https:\/\/paracherkaoui.ma\/index.php\/wp-json\/wp\/v2\/product_tag?post=38005"}],"curies":[{"name":"wp","href":"https:\/\/api.w.org\/{rel}","templated":true}]}}