{"id":37946,"date":"2025-12-12T18:59:11","date_gmt":"2025-12-12T17:59:11","guid":{"rendered":"https:\/\/test.ecbeaute.com\/?post_type=product&#038;p=37946"},"modified":"2025-12-12T18:59:19","modified_gmt":"2025-12-12T17:59:19","slug":"hyfac-sun-protection-solaire-invisible-spf50-40ml","status":"publish","type":"product","link":"https:\/\/paracherkaoui.ma\/index.php\/produit\/hyfac-sun-protection-solaire-invisible-spf50-40ml\/","title":{"rendered":"Hyfac Sun Protection Solaire Invisible SPF50+ 40ml"},"content":{"rendered":"<p>La protection solaire HYFAC SUN Invisible assure une tr\u00e8s haute protection contre les rayons UVB et UVA du soleil, Son complexe d&rsquo;actifs prot\u00e8ge des agressions ext\u00e9rieures (vent, stress, pollution), Les extraits de graines de Moringa sont reconnus pour augmenter la capacit\u00e9 des cellules de la peau \u00e0 se prot\u00e9ger et \u00e0 \u00e9liminer les polluants (action anti-pollution), Sa texture l\u00e9g\u00e8re et non grasse s&rsquo;\u00e9tale facilement, Ne laisse pas de traces blanches,\u00a0Toucher sec.<br \/>\nACTIFS PRINCIPAUX :<br \/>\nExtrait de Moringa Oleifera : Prot\u00e8ge les cellules de la peau,<br \/>\nLe Moringa Oleifera est une plante exotique aux propri\u00e9t\u00e9s protectrices efficaces contre la pollution (fum\u00e9e de cigarette, particules fines, m\u00e9taux lourds), Son mode d&rsquo;action fixe les particules et \u00e9vite ainsi leur p\u00e9n\u00e9tration dans l&rsquo;\u00e9piderme, L&rsquo;extrait de Moringa Oleifera prot\u00e8ge les cellules de la peau contre les agressions par les polluants et facilite l&rsquo;\u00e9limination de toutes les microparticules provenant de l&rsquo;environnement,<br \/>\nCONSEILS D&rsquo;UTILISATION :<br \/>\nAvant toute exposition au soleil, appliquer une quantit\u00e9 suffisante de produit pour couvrir la zone expos\u00e9e, Une quantit\u00e9 r\u00e9duite de produit diminue la protection solaire,<br \/>\nRenouveler fr\u00e9quemment l&rsquo;application surtout apr\u00e8s chaque bain, frottements ou transpiration,<br \/>\nSa texture l\u00e9g\u00e8re non grasse, ne colle pas et s&rsquo;\u00e9tale facilement,<\/p>\n","protected":false},"excerpt":{"rendered":"<p>La protection solaire HYFAC SUN Invisible assure une tr\u00e8s haute protection contre les rayons UVB et UVA du soleil, Son<\/p>\n","protected":false},"featured_media":37994,"comment_status":"open","ping_status":"closed","template":"","meta":[],"product_brand":[365],"product_cat":[666],"product_tag":[],"class_list":{"0":"post-37946","1":"product","2":"type-product","3":"status-publish","4":"has-post-thumbnail","6":"product_brand-hyfac","7":"product_cat-cremes-solaires","9":"first","10":"instock","11":"sale","12":"shipping-taxable","13":"purchasable","14":"product-type-simple"},"yoast_head":"<!-- This site is optimized with the Yoast SEO plugin v26.6 - https:\/\/yoast.com\/wordpress\/plugins\/seo\/ -->\r\n<title>Hyfac Sun Protection Solaire Invisible SPF50+ 40ml - Paracherkaoui.ma<\/title>\r\n<meta name=\"robots\" content=\"index, follow, max-snippet:-1, max-image-preview:large, max-video-preview:-1\" \/>\r\n<link rel=\"canonical\" href=\"https:\/\/paracherkaoui.ma\/index.php\/produit\/hyfac-sun-protection-solaire-invisible-spf50-40ml\/\" \/>\r\n<meta property=\"og:locale\" content=\"fr_FR\" \/>\r\n<meta property=\"og:type\" content=\"article\" \/>\r\n<meta property=\"og:title\" content=\"Hyfac Sun Protection Solaire Invisible SPF50+ 40ml - Paracherkaoui.ma\" \/>\r\n<meta property=\"og:description\" content=\"La protection solaire HYFAC SUN Invisible assure une tr\u00e8s haute protection contre les rayons UVB et UVA du soleil, Son\" \/>\r\n<meta property=\"og:url\" content=\"https:\/\/paracherkaoui.ma\/index.php\/produit\/hyfac-sun-protection-solaire-invisible-spf50-40ml\/\" \/>\r\n<meta property=\"og:site_name\" content=\"Paracherkaoui.ma\" \/>\r\n<meta property=\"article:modified_time\" content=\"2025-12-12T17:59:19+00:00\" \/>\r\n<meta property=\"og:image\" content=\"https:\/\/paracherkaoui.ma\/wp-content\/uploads\/2025\/12\/hyfac-hyfac-sun-protection-solaire-invisible-spf50-40ml-solaires.jpg\" \/>\r\n\t<meta property=\"og:image:width\" content=\"700\" \/>\r\n\t<meta property=\"og:image:height\" content=\"700\" \/>\r\n\t<meta property=\"og:image:type\" content=\"image\/jpeg\" \/>\r\n<meta name=\"twitter:card\" content=\"summary_large_image\" \/>\r\n<meta name=\"twitter:label1\" content=\"Dur\u00e9e de lecture estim\u00e9e\" \/>\n\t<meta name=\"twitter:data1\" content=\"1 minute\" \/>\r\n<script type=\"application\/ld+json\" class=\"yoast-schema-graph\">{\"@context\":\"https:\/\/schema.org\",\"@graph\":[{\"@type\":\"WebPage\",\"@id\":\"https:\/\/paracherkaoui.ma\/index.php\/produit\/hyfac-sun-protection-solaire-invisible-spf50-40ml\/\",\"url\":\"https:\/\/paracherkaoui.ma\/index.php\/produit\/hyfac-sun-protection-solaire-invisible-spf50-40ml\/\",\"name\":\"Hyfac Sun Protection Solaire Invisible SPF50+ 40ml - Paracherkaoui.ma\",\"isPartOf\":{\"@id\":\"https:\/\/paracherkaoui.ma\/#website\"},\"primaryImageOfPage\":{\"@id\":\"https:\/\/paracherkaoui.ma\/index.php\/produit\/hyfac-sun-protection-solaire-invisible-spf50-40ml\/#primaryimage\"},\"image\":{\"@id\":\"https:\/\/paracherkaoui.ma\/index.php\/produit\/hyfac-sun-protection-solaire-invisible-spf50-40ml\/#primaryimage\"},\"thumbnailUrl\":\"https:\/\/paracherkaoui.ma\/wp-content\/uploads\/2025\/12\/hyfac-hyfac-sun-protection-solaire-invisible-spf50-40ml-solaires.jpg\",\"datePublished\":\"2025-12-12T17:59:11+00:00\",\"dateModified\":\"2025-12-12T17:59:19+00:00\",\"breadcrumb\":{\"@id\":\"https:\/\/paracherkaoui.ma\/index.php\/produit\/hyfac-sun-protection-solaire-invisible-spf50-40ml\/#breadcrumb\"},\"inLanguage\":\"fr-FR\",\"potentialAction\":[{\"@type\":\"ReadAction\",\"target\":[\"https:\/\/paracherkaoui.ma\/index.php\/produit\/hyfac-sun-protection-solaire-invisible-spf50-40ml\/\"]}]},{\"@type\":\"ImageObject\",\"inLanguage\":\"fr-FR\",\"@id\":\"https:\/\/paracherkaoui.ma\/index.php\/produit\/hyfac-sun-protection-solaire-invisible-spf50-40ml\/#primaryimage\",\"url\":\"https:\/\/paracherkaoui.ma\/wp-content\/uploads\/2025\/12\/hyfac-hyfac-sun-protection-solaire-invisible-spf50-40ml-solaires.jpg\",\"contentUrl\":\"https:\/\/paracherkaoui.ma\/wp-content\/uploads\/2025\/12\/hyfac-hyfac-sun-protection-solaire-invisible-spf50-40ml-solaires.jpg\",\"width\":700,\"height\":700},{\"@type\":\"BreadcrumbList\",\"@id\":\"https:\/\/paracherkaoui.ma\/index.php\/produit\/hyfac-sun-protection-solaire-invisible-spf50-40ml\/#breadcrumb\",\"itemListElement\":[{\"@type\":\"ListItem\",\"position\":1,\"name\":\"Accueil\",\"item\":\"https:\/\/paracherkaoui.ma\/\"},{\"@type\":\"ListItem\",\"position\":2,\"name\":\"Boutique\",\"item\":\"https:\/\/paracherkaoui.ma\/index.php\/boutique\/\"},{\"@type\":\"ListItem\",\"position\":3,\"name\":\"Hyfac Sun Protection Solaire Invisible SPF50+ 40ml\"}]},{\"@type\":\"WebSite\",\"@id\":\"https:\/\/paracherkaoui.ma\/#website\",\"url\":\"https:\/\/paracherkaoui.ma\/\",\"name\":\"Paracherkaoui.ma\",\"description\":\"Achetez en ligne sur Paracherkaoui.ma\",\"potentialAction\":[{\"@type\":\"SearchAction\",\"target\":{\"@type\":\"EntryPoint\",\"urlTemplate\":\"https:\/\/paracherkaoui.ma\/?s={search_term_string}\"},\"query-input\":{\"@type\":\"PropertyValueSpecification\",\"valueRequired\":true,\"valueName\":\"search_term_string\"}}],\"inLanguage\":\"fr-FR\"}]}<\/script>\r\n<!-- \/ Yoast SEO plugin. -->","yoast_head_json":{"title":"Hyfac Sun Protection Solaire Invisible SPF50+ 40ml - Paracherkaoui.ma","robots":{"index":"index","follow":"follow","max-snippet":"max-snippet:-1","max-image-preview":"max-image-preview:large","max-video-preview":"max-video-preview:-1"},"canonical":"https:\/\/paracherkaoui.ma\/index.php\/produit\/hyfac-sun-protection-solaire-invisible-spf50-40ml\/","og_locale":"fr_FR","og_type":"article","og_title":"Hyfac Sun Protection Solaire Invisible SPF50+ 40ml - Paracherkaoui.ma","og_description":"La protection solaire HYFAC SUN Invisible assure une tr\u00e8s haute protection contre les rayons UVB et UVA du soleil, Son","og_url":"https:\/\/paracherkaoui.ma\/index.php\/produit\/hyfac-sun-protection-solaire-invisible-spf50-40ml\/","og_site_name":"Paracherkaoui.ma","article_modified_time":"2025-12-12T17:59:19+00:00","og_image":[{"width":700,"height":700,"url":"https:\/\/paracherkaoui.ma\/wp-content\/uploads\/2025\/12\/hyfac-hyfac-sun-protection-solaire-invisible-spf50-40ml-solaires.jpg","type":"image\/jpeg"}],"twitter_card":"summary_large_image","twitter_misc":{"Dur\u00e9e de lecture estim\u00e9e":"1 minute"},"schema":{"@context":"https:\/\/schema.org","@graph":[{"@type":"WebPage","@id":"https:\/\/paracherkaoui.ma\/index.php\/produit\/hyfac-sun-protection-solaire-invisible-spf50-40ml\/","url":"https:\/\/paracherkaoui.ma\/index.php\/produit\/hyfac-sun-protection-solaire-invisible-spf50-40ml\/","name":"Hyfac Sun Protection Solaire Invisible SPF50+ 40ml - Paracherkaoui.ma","isPartOf":{"@id":"https:\/\/paracherkaoui.ma\/#website"},"primaryImageOfPage":{"@id":"https:\/\/paracherkaoui.ma\/index.php\/produit\/hyfac-sun-protection-solaire-invisible-spf50-40ml\/#primaryimage"},"image":{"@id":"https:\/\/paracherkaoui.ma\/index.php\/produit\/hyfac-sun-protection-solaire-invisible-spf50-40ml\/#primaryimage"},"thumbnailUrl":"https:\/\/paracherkaoui.ma\/wp-content\/uploads\/2025\/12\/hyfac-hyfac-sun-protection-solaire-invisible-spf50-40ml-solaires.jpg","datePublished":"2025-12-12T17:59:11+00:00","dateModified":"2025-12-12T17:59:19+00:00","breadcrumb":{"@id":"https:\/\/paracherkaoui.ma\/index.php\/produit\/hyfac-sun-protection-solaire-invisible-spf50-40ml\/#breadcrumb"},"inLanguage":"fr-FR","potentialAction":[{"@type":"ReadAction","target":["https:\/\/paracherkaoui.ma\/index.php\/produit\/hyfac-sun-protection-solaire-invisible-spf50-40ml\/"]}]},{"@type":"ImageObject","inLanguage":"fr-FR","@id":"https:\/\/paracherkaoui.ma\/index.php\/produit\/hyfac-sun-protection-solaire-invisible-spf50-40ml\/#primaryimage","url":"https:\/\/paracherkaoui.ma\/wp-content\/uploads\/2025\/12\/hyfac-hyfac-sun-protection-solaire-invisible-spf50-40ml-solaires.jpg","contentUrl":"https:\/\/paracherkaoui.ma\/wp-content\/uploads\/2025\/12\/hyfac-hyfac-sun-protection-solaire-invisible-spf50-40ml-solaires.jpg","width":700,"height":700},{"@type":"BreadcrumbList","@id":"https:\/\/paracherkaoui.ma\/index.php\/produit\/hyfac-sun-protection-solaire-invisible-spf50-40ml\/#breadcrumb","itemListElement":[{"@type":"ListItem","position":1,"name":"Accueil","item":"https:\/\/paracherkaoui.ma\/"},{"@type":"ListItem","position":2,"name":"Boutique","item":"https:\/\/paracherkaoui.ma\/index.php\/boutique\/"},{"@type":"ListItem","position":3,"name":"Hyfac Sun Protection Solaire Invisible SPF50+ 40ml"}]},{"@type":"WebSite","@id":"https:\/\/paracherkaoui.ma\/#website","url":"https:\/\/paracherkaoui.ma\/","name":"Paracherkaoui.ma","description":"Achetez en ligne sur Paracherkaoui.ma","potentialAction":[{"@type":"SearchAction","target":{"@type":"EntryPoint","urlTemplate":"https:\/\/paracherkaoui.ma\/?s={search_term_string}"},"query-input":{"@type":"PropertyValueSpecification","valueRequired":true,"valueName":"search_term_string"}}],"inLanguage":"fr-FR"}]}},"_links":{"self":[{"href":"https:\/\/paracherkaoui.ma\/index.php\/wp-json\/wp\/v2\/product\/37946","targetHints":{"allow":["GET"]}}],"collection":[{"href":"https:\/\/paracherkaoui.ma\/index.php\/wp-json\/wp\/v2\/product"}],"about":[{"href":"https:\/\/paracherkaoui.ma\/index.php\/wp-json\/wp\/v2\/types\/product"}],"replies":[{"embeddable":true,"href":"https:\/\/paracherkaoui.ma\/index.php\/wp-json\/wp\/v2\/comments?post=37946"}],"version-history":[{"count":1,"href":"https:\/\/paracherkaoui.ma\/index.php\/wp-json\/wp\/v2\/product\/37946\/revisions"}],"predecessor-version":[{"id":37995,"href":"https:\/\/paracherkaoui.ma\/index.php\/wp-json\/wp\/v2\/product\/37946\/revisions\/37995"}],"wp:featuredmedia":[{"embeddable":true,"href":"https:\/\/paracherkaoui.ma\/index.php\/wp-json\/wp\/v2\/media\/37994"}],"wp:attachment":[{"href":"https:\/\/paracherkaoui.ma\/index.php\/wp-json\/wp\/v2\/media?parent=37946"}],"wp:term":[{"taxonomy":"product_brand","embeddable":true,"href":"https:\/\/paracherkaoui.ma\/index.php\/wp-json\/wp\/v2\/product_brand?post=37946"},{"taxonomy":"product_cat","embeddable":true,"href":"https:\/\/paracherkaoui.ma\/index.php\/wp-json\/wp\/v2\/product_cat?post=37946"},{"taxonomy":"product_tag","embeddable":true,"href":"https:\/\/paracherkaoui.ma\/index.php\/wp-json\/wp\/v2\/product_tag?post=37946"}],"curies":[{"name":"wp","href":"https:\/\/api.w.org\/{rel}","templated":true}]}}