{"id":37945,"date":"2025-12-12T18:59:11","date_gmt":"2025-12-12T17:59:11","guid":{"rendered":"https:\/\/test.ecbeaute.com\/?post_type=product&#038;p=37945"},"modified":"2025-12-12T18:59:19","modified_gmt":"2025-12-12T17:59:19","slug":"hd-cosmetics-efficiency-melan-txa-gel-creme-de-jour-spf-50","status":"publish","type":"product","link":"https:\/\/paracherkaoui.ma\/index.php\/produit\/hd-cosmetics-efficiency-melan-txa-gel-creme-de-jour-spf-50\/","title":{"rendered":"HD COSMETICS EFFICIENCY MELAN TXA GEL CREME DE JOUR SPF 50+"},"content":{"rendered":"<p>Gel-cr\u00e8me l\u00e9ger \u00e0 double action : il offre un soin d\u00e9pigmentant complet et une protection solaire contre les rayons UVA, UVB et IR. L&rsquo;association d&rsquo;actifs pr\u00e9sents dans sa formule aide \u00e0 pr\u00e9venir et att\u00e9nuer les taches et procure une action antioxydante, illuminatrice et matifiante. Il peut \u00eatre utilis\u00e9 tout au long de l&rsquo;ann\u00e9e. Indiqu\u00e9 pour tous les types de peau. Test\u00e9 dermatologiquement. Resistant \u00e0 l&rsquo;eau.<br \/>\nCONSEILS D&rsquo;UTILISATION:<br \/>\nAppliquer quotidiennement sur une peau propre et s\u00e8che, 30 minutes avant l&rsquo;exposition au soleil et apr\u00e8s l&rsquo;application du S\u00e9rum MELANTXA. R\u00e9p\u00e9tez fr\u00e9quemment l&rsquo;application du produit. Usage externe<\/p>\n","protected":false},"excerpt":{"rendered":"<p>Gel-cr\u00e8me l\u00e9ger \u00e0 double action : il offre un soin d\u00e9pigmentant complet et une protection solaire contre les rayons UVA,<\/p>\n","protected":false},"featured_media":37992,"comment_status":"open","ping_status":"closed","template":"","meta":[],"product_brand":[320],"product_cat":[666],"product_tag":[],"class_list":{"0":"post-37945","1":"product","2":"type-product","3":"status-publish","4":"has-post-thumbnail","6":"product_brand-hd-cosmetics-effeciency","7":"product_cat-cremes-solaires","9":"first","10":"instock","11":"sale","12":"shipping-taxable","13":"purchasable","14":"product-type-simple"},"yoast_head":"<!-- This site is optimized with the Yoast SEO plugin v26.6 - https:\/\/yoast.com\/wordpress\/plugins\/seo\/ -->\r\n<title>HD COSMETICS EFFICIENCY MELAN TXA GEL CREME DE JOUR SPF 50+ - Paracherkaoui.ma<\/title>\r\n<meta name=\"robots\" content=\"index, follow, max-snippet:-1, max-image-preview:large, max-video-preview:-1\" \/>\r\n<link rel=\"canonical\" href=\"https:\/\/paracherkaoui.ma\/index.php\/produit\/hd-cosmetics-efficiency-melan-txa-gel-creme-de-jour-spf-50\/\" \/>\r\n<meta property=\"og:locale\" content=\"fr_FR\" \/>\r\n<meta property=\"og:type\" content=\"article\" \/>\r\n<meta property=\"og:title\" content=\"HD COSMETICS EFFICIENCY MELAN TXA GEL CREME DE JOUR SPF 50+ - Paracherkaoui.ma\" \/>\r\n<meta property=\"og:description\" content=\"Gel-cr\u00e8me l\u00e9ger \u00e0 double action : il offre un soin d\u00e9pigmentant complet et une protection solaire contre les rayons UVA,\" \/>\r\n<meta property=\"og:url\" content=\"https:\/\/paracherkaoui.ma\/index.php\/produit\/hd-cosmetics-efficiency-melan-txa-gel-creme-de-jour-spf-50\/\" \/>\r\n<meta property=\"og:site_name\" content=\"Paracherkaoui.ma\" \/>\r\n<meta property=\"article:modified_time\" content=\"2025-12-12T17:59:19+00:00\" \/>\r\n<meta property=\"og:image\" content=\"https:\/\/paracherkaoui.ma\/wp-content\/uploads\/2025\/12\/hd-cosmetics-effeciency-hd-cosmetics-efficiency-melan-txa-gel-creme-de-jour-spf-50-cremes-solaires.jpg\" \/>\r\n\t<meta property=\"og:image:width\" content=\"700\" \/>\r\n\t<meta property=\"og:image:height\" content=\"700\" \/>\r\n\t<meta property=\"og:image:type\" content=\"image\/jpeg\" \/>\r\n<meta name=\"twitter:card\" content=\"summary_large_image\" \/>\r\n<meta name=\"twitter:label1\" content=\"Dur\u00e9e de lecture estim\u00e9e\" \/>\n\t<meta name=\"twitter:data1\" content=\"1 minute\" \/>\r\n<script type=\"application\/ld+json\" class=\"yoast-schema-graph\">{\"@context\":\"https:\/\/schema.org\",\"@graph\":[{\"@type\":\"WebPage\",\"@id\":\"https:\/\/paracherkaoui.ma\/index.php\/produit\/hd-cosmetics-efficiency-melan-txa-gel-creme-de-jour-spf-50\/\",\"url\":\"https:\/\/paracherkaoui.ma\/index.php\/produit\/hd-cosmetics-efficiency-melan-txa-gel-creme-de-jour-spf-50\/\",\"name\":\"HD COSMETICS EFFICIENCY MELAN TXA GEL CREME DE JOUR SPF 50+ - Paracherkaoui.ma\",\"isPartOf\":{\"@id\":\"https:\/\/paracherkaoui.ma\/#website\"},\"primaryImageOfPage\":{\"@id\":\"https:\/\/paracherkaoui.ma\/index.php\/produit\/hd-cosmetics-efficiency-melan-txa-gel-creme-de-jour-spf-50\/#primaryimage\"},\"image\":{\"@id\":\"https:\/\/paracherkaoui.ma\/index.php\/produit\/hd-cosmetics-efficiency-melan-txa-gel-creme-de-jour-spf-50\/#primaryimage\"},\"thumbnailUrl\":\"https:\/\/paracherkaoui.ma\/wp-content\/uploads\/2025\/12\/hd-cosmetics-effeciency-hd-cosmetics-efficiency-melan-txa-gel-creme-de-jour-spf-50-cremes-solaires.jpg\",\"datePublished\":\"2025-12-12T17:59:11+00:00\",\"dateModified\":\"2025-12-12T17:59:19+00:00\",\"breadcrumb\":{\"@id\":\"https:\/\/paracherkaoui.ma\/index.php\/produit\/hd-cosmetics-efficiency-melan-txa-gel-creme-de-jour-spf-50\/#breadcrumb\"},\"inLanguage\":\"fr-FR\",\"potentialAction\":[{\"@type\":\"ReadAction\",\"target\":[\"https:\/\/paracherkaoui.ma\/index.php\/produit\/hd-cosmetics-efficiency-melan-txa-gel-creme-de-jour-spf-50\/\"]}]},{\"@type\":\"ImageObject\",\"inLanguage\":\"fr-FR\",\"@id\":\"https:\/\/paracherkaoui.ma\/index.php\/produit\/hd-cosmetics-efficiency-melan-txa-gel-creme-de-jour-spf-50\/#primaryimage\",\"url\":\"https:\/\/paracherkaoui.ma\/wp-content\/uploads\/2025\/12\/hd-cosmetics-effeciency-hd-cosmetics-efficiency-melan-txa-gel-creme-de-jour-spf-50-cremes-solaires.jpg\",\"contentUrl\":\"https:\/\/paracherkaoui.ma\/wp-content\/uploads\/2025\/12\/hd-cosmetics-effeciency-hd-cosmetics-efficiency-melan-txa-gel-creme-de-jour-spf-50-cremes-solaires.jpg\",\"width\":700,\"height\":700},{\"@type\":\"BreadcrumbList\",\"@id\":\"https:\/\/paracherkaoui.ma\/index.php\/produit\/hd-cosmetics-efficiency-melan-txa-gel-creme-de-jour-spf-50\/#breadcrumb\",\"itemListElement\":[{\"@type\":\"ListItem\",\"position\":1,\"name\":\"Accueil\",\"item\":\"https:\/\/paracherkaoui.ma\/\"},{\"@type\":\"ListItem\",\"position\":2,\"name\":\"Boutique\",\"item\":\"https:\/\/paracherkaoui.ma\/index.php\/boutique\/\"},{\"@type\":\"ListItem\",\"position\":3,\"name\":\"HD COSMETICS EFFICIENCY MELAN TXA GEL CREME DE JOUR SPF 50+\"}]},{\"@type\":\"WebSite\",\"@id\":\"https:\/\/paracherkaoui.ma\/#website\",\"url\":\"https:\/\/paracherkaoui.ma\/\",\"name\":\"Paracherkaoui.ma\",\"description\":\"Achetez en ligne sur Paracherkaoui.ma\",\"potentialAction\":[{\"@type\":\"SearchAction\",\"target\":{\"@type\":\"EntryPoint\",\"urlTemplate\":\"https:\/\/paracherkaoui.ma\/?s={search_term_string}\"},\"query-input\":{\"@type\":\"PropertyValueSpecification\",\"valueRequired\":true,\"valueName\":\"search_term_string\"}}],\"inLanguage\":\"fr-FR\"}]}<\/script>\r\n<!-- \/ Yoast SEO plugin. -->","yoast_head_json":{"title":"HD COSMETICS EFFICIENCY MELAN TXA GEL CREME DE JOUR SPF 50+ - Paracherkaoui.ma","robots":{"index":"index","follow":"follow","max-snippet":"max-snippet:-1","max-image-preview":"max-image-preview:large","max-video-preview":"max-video-preview:-1"},"canonical":"https:\/\/paracherkaoui.ma\/index.php\/produit\/hd-cosmetics-efficiency-melan-txa-gel-creme-de-jour-spf-50\/","og_locale":"fr_FR","og_type":"article","og_title":"HD COSMETICS EFFICIENCY MELAN TXA GEL CREME DE JOUR SPF 50+ - Paracherkaoui.ma","og_description":"Gel-cr\u00e8me l\u00e9ger \u00e0 double action : il offre un soin d\u00e9pigmentant complet et une protection solaire contre les rayons UVA,","og_url":"https:\/\/paracherkaoui.ma\/index.php\/produit\/hd-cosmetics-efficiency-melan-txa-gel-creme-de-jour-spf-50\/","og_site_name":"Paracherkaoui.ma","article_modified_time":"2025-12-12T17:59:19+00:00","og_image":[{"width":700,"height":700,"url":"https:\/\/paracherkaoui.ma\/wp-content\/uploads\/2025\/12\/hd-cosmetics-effeciency-hd-cosmetics-efficiency-melan-txa-gel-creme-de-jour-spf-50-cremes-solaires.jpg","type":"image\/jpeg"}],"twitter_card":"summary_large_image","twitter_misc":{"Dur\u00e9e de lecture estim\u00e9e":"1 minute"},"schema":{"@context":"https:\/\/schema.org","@graph":[{"@type":"WebPage","@id":"https:\/\/paracherkaoui.ma\/index.php\/produit\/hd-cosmetics-efficiency-melan-txa-gel-creme-de-jour-spf-50\/","url":"https:\/\/paracherkaoui.ma\/index.php\/produit\/hd-cosmetics-efficiency-melan-txa-gel-creme-de-jour-spf-50\/","name":"HD COSMETICS EFFICIENCY MELAN TXA GEL CREME DE JOUR SPF 50+ - Paracherkaoui.ma","isPartOf":{"@id":"https:\/\/paracherkaoui.ma\/#website"},"primaryImageOfPage":{"@id":"https:\/\/paracherkaoui.ma\/index.php\/produit\/hd-cosmetics-efficiency-melan-txa-gel-creme-de-jour-spf-50\/#primaryimage"},"image":{"@id":"https:\/\/paracherkaoui.ma\/index.php\/produit\/hd-cosmetics-efficiency-melan-txa-gel-creme-de-jour-spf-50\/#primaryimage"},"thumbnailUrl":"https:\/\/paracherkaoui.ma\/wp-content\/uploads\/2025\/12\/hd-cosmetics-effeciency-hd-cosmetics-efficiency-melan-txa-gel-creme-de-jour-spf-50-cremes-solaires.jpg","datePublished":"2025-12-12T17:59:11+00:00","dateModified":"2025-12-12T17:59:19+00:00","breadcrumb":{"@id":"https:\/\/paracherkaoui.ma\/index.php\/produit\/hd-cosmetics-efficiency-melan-txa-gel-creme-de-jour-spf-50\/#breadcrumb"},"inLanguage":"fr-FR","potentialAction":[{"@type":"ReadAction","target":["https:\/\/paracherkaoui.ma\/index.php\/produit\/hd-cosmetics-efficiency-melan-txa-gel-creme-de-jour-spf-50\/"]}]},{"@type":"ImageObject","inLanguage":"fr-FR","@id":"https:\/\/paracherkaoui.ma\/index.php\/produit\/hd-cosmetics-efficiency-melan-txa-gel-creme-de-jour-spf-50\/#primaryimage","url":"https:\/\/paracherkaoui.ma\/wp-content\/uploads\/2025\/12\/hd-cosmetics-effeciency-hd-cosmetics-efficiency-melan-txa-gel-creme-de-jour-spf-50-cremes-solaires.jpg","contentUrl":"https:\/\/paracherkaoui.ma\/wp-content\/uploads\/2025\/12\/hd-cosmetics-effeciency-hd-cosmetics-efficiency-melan-txa-gel-creme-de-jour-spf-50-cremes-solaires.jpg","width":700,"height":700},{"@type":"BreadcrumbList","@id":"https:\/\/paracherkaoui.ma\/index.php\/produit\/hd-cosmetics-efficiency-melan-txa-gel-creme-de-jour-spf-50\/#breadcrumb","itemListElement":[{"@type":"ListItem","position":1,"name":"Accueil","item":"https:\/\/paracherkaoui.ma\/"},{"@type":"ListItem","position":2,"name":"Boutique","item":"https:\/\/paracherkaoui.ma\/index.php\/boutique\/"},{"@type":"ListItem","position":3,"name":"HD COSMETICS EFFICIENCY MELAN TXA GEL CREME DE JOUR SPF 50+"}]},{"@type":"WebSite","@id":"https:\/\/paracherkaoui.ma\/#website","url":"https:\/\/paracherkaoui.ma\/","name":"Paracherkaoui.ma","description":"Achetez en ligne sur Paracherkaoui.ma","potentialAction":[{"@type":"SearchAction","target":{"@type":"EntryPoint","urlTemplate":"https:\/\/paracherkaoui.ma\/?s={search_term_string}"},"query-input":{"@type":"PropertyValueSpecification","valueRequired":true,"valueName":"search_term_string"}}],"inLanguage":"fr-FR"}]}},"_links":{"self":[{"href":"https:\/\/paracherkaoui.ma\/index.php\/wp-json\/wp\/v2\/product\/37945","targetHints":{"allow":["GET"]}}],"collection":[{"href":"https:\/\/paracherkaoui.ma\/index.php\/wp-json\/wp\/v2\/product"}],"about":[{"href":"https:\/\/paracherkaoui.ma\/index.php\/wp-json\/wp\/v2\/types\/product"}],"replies":[{"embeddable":true,"href":"https:\/\/paracherkaoui.ma\/index.php\/wp-json\/wp\/v2\/comments?post=37945"}],"version-history":[{"count":1,"href":"https:\/\/paracherkaoui.ma\/index.php\/wp-json\/wp\/v2\/product\/37945\/revisions"}],"predecessor-version":[{"id":37993,"href":"https:\/\/paracherkaoui.ma\/index.php\/wp-json\/wp\/v2\/product\/37945\/revisions\/37993"}],"wp:featuredmedia":[{"embeddable":true,"href":"https:\/\/paracherkaoui.ma\/index.php\/wp-json\/wp\/v2\/media\/37992"}],"wp:attachment":[{"href":"https:\/\/paracherkaoui.ma\/index.php\/wp-json\/wp\/v2\/media?parent=37945"}],"wp:term":[{"taxonomy":"product_brand","embeddable":true,"href":"https:\/\/paracherkaoui.ma\/index.php\/wp-json\/wp\/v2\/product_brand?post=37945"},{"taxonomy":"product_cat","embeddable":true,"href":"https:\/\/paracherkaoui.ma\/index.php\/wp-json\/wp\/v2\/product_cat?post=37945"},{"taxonomy":"product_tag","embeddable":true,"href":"https:\/\/paracherkaoui.ma\/index.php\/wp-json\/wp\/v2\/product_tag?post=37945"}],"curies":[{"name":"wp","href":"https:\/\/api.w.org\/{rel}","templated":true}]}}